{"id":88837,"date":"2025-11-26T18:01:23","date_gmt":"2025-11-26T21:01:23","guid":{"rendered":"https:\/\/growbrands.net\/neworder\/?page_id=88837"},"modified":"2025-12-27T19:55:15","modified_gmt":"2025-12-27T22:55:15","slug":"republica-restaurant-almuerzo-y-cena-new","status":"publish","type":"page","link":"https:\/\/growbrands.net\/neworder\/republica-restaurant-almuerzo-y-cena-new\/","title":{"rendered":"Rep\u00fablica Restaurant &#8211; Almuerzo y Cena NEW"},"content":{"rendered":"<div class=\"vce-row-container\"><div class=\"vce-row vce-element--has-background vce-row--col-gap-30 vce-row-columns--top vce-row-content--top\" data-vce-full-width=\"true\" id=\"el-1f096c6d\" data-vce-do-apply=\"all el-1f096c6d\"><div class=\"vce-content-background-container\"><div class=\"vce-asset-parallax-container vce-visible-all-only\" data-vce-assets-parallax=\".vce-asset-parallax\" data-vce-assets-parallax-speed=\"200\" data-vce-assets-parallax-reverse=\"false\"><div class=\"vce-asset-parallax\" style=\"top: -200vh; bottom: -200vh; transform: translateY(13.1955vh);\"><\/div><\/div><\/div><div class=\"vce-row-content\" data-vce-element-content=\"true\" style=\"padding-left: 35.5556px; padding-right: 35.5556px;\"><div class=\"vce-col vce-col--md-auto vce-col--xs-1 vce-col--xs-last vce-col--xs-first vce-col--sm-last vce-col--sm-first vce-col--md-last vce-col--lg-last vce-col--xl-last vce-col--md-first vce-col--lg-first vce-col--xl-first\" id=\"el-999bc871\"><div class=\"vce-col-inner\" data-vce-do-apply=\"border margin background  el-999bc871\"><div class=\"vce-content-background-container\"><\/div><div class=\"vce-col-content\" data-vce-element-content=\"true\" data-vce-do-apply=\"padding el-999bc871\"><div class=\"vce-single-image-container vce-single-image--align-center\"><div class=\"vce vce-single-image-wrapper\" id=\"el-db0cfdd1\" data-vce-do-apply=\"all el-db0cfdd1\"><figure><div class=\"vce-single-image-inner vce-single-image--absolute vce-single-image--border-rounded\" style=\"padding-bottom: 36.3384%; width: 721px;\"><img class=\"vce-single-image\" width=\"721\" height=\"262\"src=\"https:\/\/growbrands.net\/neworder\/wp-content\/uploads\/2025\/12\/NTA-CTA-721x262.jpg\" srcset=\"https:\/\/growbrands.net\/neworder\/wp-content\/uploads\/2025\/12\/NTA-CTA-320x116.jpg 320w,https:\/\/growbrands.net\/neworder\/wp-content\/uploads\/2025\/12\/NTA-CTA-480x174.jpg 480w,https:\/\/growbrands.net\/neworder\/wp-content\/uploads\/2025\/12\/NTA-CTA-721x262.jpg 721w\" data-img-src=\"https:\/\/growbrands.net\/neworder\/wp-content\/uploads\/2024\/11\/NTA-CTA.jpg\" alt=\"\" title=\"NTA CTA\" \/><\/div><figcaption hidden=\"\"><\/figcaption><\/figure><\/div><\/div><div class=\"vce-row-container\"><div class=\"vce-row vce-row--col-gap-30 vce-row-columns--top vce-row-content--top\" id=\"el-7b023fd9\" data-vce-do-apply=\"all el-7b023fd9\"><div class=\"vce-content-background-container\"><div class=\"vce-asset-parallax-container vce-visible-all-only\" data-vce-assets-parallax=\".vce-asset-parallax\" data-vce-assets-parallax-speed=\"30\" data-vce-assets-parallax-reverse=\"false\"><div class=\"vce-asset-parallax\" style=\"top: -30vh; bottom: -30vh; transform: translateY(-29.6936vh);\"><\/div><\/div><\/div><div class=\"vce-row-content\" data-vce-element-content=\"true\"><div class=\"vce-col vce-col--md-auto vce-col--xs-1 vce-col--xs-last vce-col--xs-first vce-col--sm-last vce-col--sm-first vce-col--md-last vce-col--lg-last vce-col--xl-last vce-col--md-first vce-col--lg-first vce-col--xl-first\" id=\"el-1c6a0778\"><div class=\"vce-col-inner\" data-vce-do-apply=\"border margin background  el-1c6a0778\"><div class=\"vce-col-content\" data-vce-element-content=\"true\" data-vce-do-apply=\"padding el-1c6a0778\"><div class=\"vce-text-block\"><div class=\"vce-text-block-wrapper vce\" id=\"el-b1dc0216\" data-vce-do-apply=\"all el-b1dc0216\"><h1><span style=\"font-weight: bold; font-style: normal; font-family: 'arial black', sans-serif;\">ENTRADAS<\/span><\/h1><\/div><\/div><div class=\"vce-text-block\"><div class=\"vce-text-block-wrapper vce\" id=\"el-f527f075\" data-vce-do-apply=\"all el-f527f075\"><table style=\"width: 100.827%; height: 814px;\" width=\"100%\"><tbody><tr><td style=\"width: 51.2798%;\"><p style=\"line-height: 0.5;\"><span style=\"font-size: 14pt;\"><strong>Provoleta a la parrilla<\/strong><\/span><\/p><p>con cherry asados, r\u00facula fresca y reducci\u00f3n de aceto<\/p><\/td><td style=\"width: 9.74741%; text-align: right;\"><p><span style=\"font-family: arial, helvetica, sans-serif;\">$ 11.500<\/span><\/p><\/td><\/tr><tr><td style=\"width: 51.2798%;\"><p style=\"line-height: 0.5;\"><span style=\"font-size: 14pt;\"><strong>Salchicha parrillera y papines<\/strong><\/span><\/p><p>con emulsi\u00f3n de chimichurri, tomate, cebolla encurtida y escarolla<\/p><\/td><td style=\"width: 9.74741%; text-align: right;\"><p><span style=\"font-family: arial, helvetica, sans-serif;\">$ 11.500<\/span><\/p><\/td><\/tr><tr style=\"height: 165px;\"><td style=\"width: 51.2798%; height: 75px;\"><p style=\"line-height: 0.5;\"><span style=\"font-size: 14pt;\"><strong>Duo de Empanadas.<\/strong><\/span><\/p><p><span style=\"font-weight: 400;\">Empanadas, una norte\u00f1a con aj\u00ed de cachi y salsa yasgua, otra cordobesa con semillas de comino y salsa dulce picante de cha\u00f1ar<\/span><\/p><p><em>Opcional libre de gluten \/ Opcional Vegano.<\/em><\/p><\/td><td style=\"width: 9.74741%; text-align: right; height: 75px;\"><p><span style=\"font-family: arial, helvetica, sans-serif;\">$ 11.100<\/span><\/p><\/td><\/tr><\/tbody><\/table><\/div><\/div><div class=\"vce vce-separator-container vce-separator--align-center vce-separator--style-shadow\" id=\"el-2ce80394\" data-vce-do-apply=\"margin el-2ce80394\"><div class=\"vce-separator vce-separator--color-b-67-68-68 vce-separator--width-89 vce-separator--thickness-8\" data-vce-do-apply=\"border padding background  el-2ce80394\"><div class=\"vce-separator-shadow vce-separator-shadow-left\"><\/div><div class=\"vce-separator-shadow vce-separator-shadow-right\"><\/div><\/div><\/div><div class=\"vce-text-block\"><div class=\"vce-text-block-wrapper vce\" id=\"el-305ab7ce\" data-vce-do-apply=\"all el-305ab7ce\"><h1><span style=\"font-family: 'arial black', sans-serif;\">PRINCIPALES<\/span><\/h1><\/div><\/div><\/div><\/div><\/div><\/div><\/div><\/div><div class=\"vce-text-block\"><div class=\"vce-text-block-wrapper vce\" id=\"el-631cb638\" data-vce-do-apply=\"all el-631cb638\"><table class=\" alignleft\" style=\"width: 100.772%; height: 1846px;\" width=\"100%\"><tbody><tr style=\"height: 140px;\"><td style=\"width: 52.764%; height: 203px;\"><p><span style=\"font-size: 14pt;\"><strong><span class=\"selectable-text copyable-text xkrh14z\">Pac\u00fa con salsa de queso&nbsp;<\/span><\/strong><\/span><\/p><p>y vegetales asados.<\/p><p><span style=\"font-size: 10pt;\"><em>Libre de gluten&nbsp;<\/em><\/span><\/p><\/td><td style=\"width: 242.677%; text-align: right; height: 203px;\"><span style=\"font-family: arial, helvetica, sans-serif;\">$30.900<\/span><\/td><\/tr><tr><td style=\"width: 52.764%;\"><p><span style=\"font-size: 14pt;\"><strong><span class=\"selectable-text copyable-text xkrh14z\">Pechito de cerdo asado<\/span><\/strong><\/span><\/p><p>con chimichurri, remolachas y papas asadas&nbsp;<\/p><\/td><td style=\"width: 242.677%; text-align: right;\"><span style=\"font-family: arial, helvetica, sans-serif;\">$28.500<\/span><\/td><\/tr><tr style=\"height: 206px;\"><td style=\"width: 52.764%; height: 209px;\"><p><span style=\"font-size: 14pt;\"><strong>Arroz meloso con frutos de mar<\/strong><\/span><\/p><p>Arroz de grano grueso cocido en caldo de pescado, con frutos de mar.<\/p><p><span style=\"font-size: 10pt;\"><em>Libre de gluten&nbsp;<\/em><\/span><\/p><\/td><td style=\"width: 242.677%; text-align: right; height: 209px;\"><span style=\"font-family: arial, helvetica, sans-serif;\">$ 27.100<\/span><\/td><\/tr><tr><td style=\"width: 52.764%;\"><p><span style=\"font-size: 14pt;\"><strong>Pollo arrollado&nbsp;<\/strong><\/span><\/p><p>relleno de panceta,jam\u00f3n,queso y vegetales con ensaladilla de papas y mayonesa de apio,<\/p><\/td><td style=\"width: 242.677%; text-align: right;\"><p><span style=\"font-family: arial, helvetica, sans-serif; font-size: 12pt;\">$25.500<\/span><\/p><\/td><\/tr><tr style=\"height: 164px;\"><td style=\"width: 52.764%; height: 241px;\"><p><span style=\"font-size: 14pt;\"><strong>Malfattis de espinaca y ricota&nbsp;<\/strong><\/span><\/p><p>con estofado de ternera<\/p><p><span style=\"font-size: 10pt;\"><em>Opcional libre de gluten \/ vegetariano&nbsp;<\/em><\/span><\/p><\/td><td style=\"width: 242.677%; text-align: right; height: 241px;\"><p><span style=\"font-family: arial, helvetica, sans-serif; font-size: 12pt;\">&nbsp;<\/span><\/p><p><span style=\"font-family: arial, helvetica, sans-serif; font-size: 12pt;\">$22.900<\/span><\/p><\/td><\/tr><tr style=\"height: 210px;\"><td style=\"height: 325px; width: 52.764%;\"><p><span style=\"font-size: 18.6667px;\"><strong>Risotto de remolacha con queso gruyere&nbsp;<\/strong><\/span><\/p><p><span style=\"font-weight: 400;\">Arroz cremoso de remolacha con queso gruyere, lim\u00f3n y nueces.<\/span><\/p><p><span style=\"font-size: 10pt;\"><em>Libre de gluten \/ <\/em><em>Vegetariano&nbsp;<\/em><\/span><\/p><\/td><td style=\"height: 325px; width: 242.677%; text-align: right;\"><span style=\"font-family: arial, helvetica, sans-serif;\">$17.100<\/span><\/td><\/tr><tr style=\"height: 81px;\"><td style=\"width: 52.764%; height: 160px;\"><span style=\"font-size: 18.6667px;\"><strong>&nbsp;<\/strong><\/span><\/td><td style=\"width: 242.677%; text-align: right; height: 160px;\"><span style=\"font-family: arial, helvetica, sans-serif;\">&nbsp;<\/span><\/td><\/tr><tr style=\"height: 60px;\"><td style=\"width: 52.764%; height: 77px;\"><span style=\"font-size: 18.6667px;\"><strong>&nbsp;<\/strong><\/span><\/td><td style=\"width: 242.677%; text-align: right; height: 77px;\"><span style=\"font-family: arial, helvetica, sans-serif;\">&nbsp;<\/span><\/td><\/tr><\/tbody><\/table><\/div><\/div><div class=\"vce-row-container\"><div class=\"vce-row vce-row--col-gap-30 vce-row-columns--top vce-row-content--top\" id=\"el-722d0a34\" data-vce-do-apply=\"all el-722d0a34\"><div class=\"vce-content-background-container\"><\/div><div class=\"vce-row-content\" data-vce-element-content=\"true\"><div class=\"vce-col vce-col--md-auto vce-col--xs-1 vce-col--xs-last vce-col--xs-first vce-col--sm-last vce-col--sm-first vce-col--md-last vce-col--lg-last vce-col--xl-last vce-col--md-first vce-col--lg-first vce-col--xl-first\" id=\"el-405d45aa\"><div class=\"vce-col-inner\" data-vce-do-apply=\"border margin background  el-405d45aa\"><div class=\"vce-col-content\" data-vce-element-content=\"true\" data-vce-do-apply=\"padding el-405d45aa\"><\/div><\/div><\/div><\/div><\/div><\/div><\/div><\/div><\/div><\/div><\/div><\/div><div class=\"vce-row-container\"><div class=\"vce-row vce-element--has-background vce-row--col-gap-30 vce-row-columns--top vce-row-content--top\" data-vce-full-width=\"true\" id=\"el-d1c4e208\" data-vce-do-apply=\"all el-d1c4e208\"><div class=\"vce-content-background-container\"><div class=\"vce-asset-parallax-container vce-visible-all-only\" data-vce-assets-parallax=\".vce-asset-parallax\" data-vce-assets-parallax-speed=\"200\" data-vce-assets-parallax-reverse=\"false\"><div class=\"vce-asset-parallax\" style=\"top: -200vh; bottom: -200vh; transform: translateY(200vh);\"><\/div><\/div><\/div><div class=\"vce-row-content\" data-vce-element-content=\"true\" style=\"padding-left: 35.5556px; padding-right: 35.5556px;\"><div class=\"vce-col vce-col--md-auto vce-col--xs-1 vce-col--xs-last vce-col--xs-first vce-col--sm-last vce-col--sm-first vce-col--md-last vce-col--lg-last vce-col--xl-last vce-col--md-first vce-col--lg-first vce-col--xl-first\" id=\"el-5c21b59f\"><div class=\"vce-col-inner\" data-vce-do-apply=\"border margin background  el-5c21b59f\"><div class=\"vce-col-content\" data-vce-element-content=\"true\" data-vce-do-apply=\"padding el-5c21b59f\"><div class=\"vce-text-block\"><div class=\"vce-text-block-wrapper vce\" id=\"el-17f71fc0\" data-vce-do-apply=\"all el-17f71fc0\"><\/div><\/div><div class=\"vce vce-separator-container vce-separator--align-center vce-separator--style-shadow\" id=\"el-2df99948\" data-vce-do-apply=\"margin el-2df99948\"><div class=\"vce-separator vce-separator--color-b-10-10-11 vce-separator--width-100 vce-separator--thickness-7\" data-vce-do-apply=\"border padding background  el-2df99948\"><div class=\"vce-separator-shadow vce-separator-shadow-left\"><\/div><div class=\"vce-separator-shadow vce-separator-shadow-right\"><\/div><\/div><\/div><div class=\"vce-row-container\"><div class=\"vce-row vce-row--col-gap-30 vce-row-columns--top vce-row-content--top\" id=\"el-d3f64e64\" data-vce-do-apply=\"all el-d3f64e64\"><div class=\"vce-row-content\" data-vce-element-content=\"true\"><div class=\"vce-col vce-col--md-auto vce-col--xs-1 vce-col--xs-last vce-col--xs-first vce-col--sm-last vce-col--sm-first vce-col--md-last vce-col--lg-last vce-col--xl-last vce-col--md-first vce-col--lg-first vce-col--xl-first\" id=\"el-af17e61b\"><div class=\"vce-col-inner\" data-vce-do-apply=\"border margin background  el-af17e61b\"><div class=\"vce-content-background-container\"><\/div><div class=\"vce-col-content\" data-vce-element-content=\"true\" data-vce-do-apply=\"padding el-af17e61b\"><\/div><\/div><\/div><\/div><\/div><\/div><div class=\"vce-row-container\"><div class=\"vce-row vce-row--col-gap-30 vce-row-columns--top vce-row-content--top\" id=\"el-ddc9b75a\" data-vce-do-apply=\"all el-ddc9b75a\"><div class=\"vce-row-content\" data-vce-element-content=\"true\"><div class=\"vce-col vce-col--md-auto vce-col--xs-1 vce-col--xs-last vce-col--xs-first vce-col--sm-last vce-col--sm-first vce-col--md-last vce-col--lg-last vce-col--xl-last vce-col--md-first vce-col--lg-first vce-col--xl-first\" id=\"el-1b9aa1e0\"><div class=\"vce-col-inner\" data-vce-do-apply=\"border margin background  el-1b9aa1e0\"><div class=\"vce-col-content\" data-vce-element-content=\"true\" data-vce-do-apply=\"padding el-1b9aa1e0\"><div class=\"vce-text-block\"><div class=\"vce-text-block-wrapper vce\" id=\"el-3d3f0e94\" data-vce-do-apply=\"all el-3d3f0e94\"><h2><span style=\"font-family: 'arial black', sans-serif; font-size: 24pt;\">&nbsp;POSTRES<\/span><\/h2><\/div><\/div><\/div><\/div><\/div><\/div><\/div><\/div><div class=\"vce-text-block\"><div class=\"vce-text-block-wrapper vce\" id=\"el-94802ea9\" data-vce-do-apply=\"all el-94802ea9\"><table class=\" alignleft\" style=\"width: 99.9891%; height: 954px;\"><tbody><tr style=\"height: 98px;\"><td style=\"width: 54.0049%; height: 201px;\"><p><span style=\"font-size: 14pt;\"><strong><span class=\"selectable-text copyable-text xkrh14z\">Flan de dulce de leche&nbsp;<\/span><\/strong><\/span><\/p><p>con crema neutra y nueces.<\/p><\/td><td style=\"width: 243.361%; text-align: right; height: 201px;\"><p><span style=\"font-family: arial, helvetica, sans-serif;\">$8.000<\/span><\/p><\/td><\/tr><tr style=\"height: 182px;\"><td style=\"width: 54.0049%; height: 182px;\"><p><span style=\"font-size: 14pt;\"><strong>Crema de duraznos&nbsp;<\/strong><\/span><\/p><p>con frutillas,ar\u00e1ndanos y helado de chocolate.<\/p><\/td><td style=\"width: 243.361%; text-align: right; height: 182px;\"><p><span style=\"font-family: arial, helvetica, sans-serif;\">$6.900<\/span><\/p><\/td><\/tr><tr style=\"height: 83px;\"><td style=\"width: 54.0049%; height: 176px;\"><p><span style=\"font-size: 14pt;\"><strong>Crumble de manzana y pera<\/strong><\/span><\/p><p>con crema de canela.<\/p><p><em>Opcional<\/em> <em>Libre de gluten&nbsp;<\/em><\/p><\/td><td style=\"width: 243.361%; text-align: right; height: 176px;\"><p><span style=\"font-family: arial, helvetica, sans-serif;\">$ 6.900<\/span><\/p><\/td><\/tr><\/tbody><\/table><\/div><\/div><div class=\"vce-text-block\"><div class=\"vce-text-block-wrapper vce\" id=\"el-0063a88f\" data-vce-do-apply=\"all el-0063a88f\"><p>&nbsp;<\/p><table class=\" alignleft\" style=\"width: 99.9891%; height: 10px;\"><tbody><tr style=\"height: 174px;\"><td style=\"width: 54.0049%; height: 10px;\"><p>&nbsp;<\/p><\/td><td style=\"width: 243.361%; height: 10px; text-align: right;\">&nbsp;<\/td><\/tr><\/tbody><\/table><p>&nbsp;<\/p><\/div><\/div><div class=\"vce-row-container\"><div class=\"vce-row vce-row--col-gap-30 vce-row-columns--top vce-row-content--top\" id=\"el-b0d774fd\" data-vce-do-apply=\"all el-b0d774fd\"><div class=\"vce-content-background-container\"><\/div><div class=\"vce-row-content\" data-vce-element-content=\"true\"><div class=\"vce-col vce-col--md-auto vce-col--xs-1 vce-col--xs-last vce-col--xs-first vce-col--sm-last vce-col--sm-first vce-col--md-last vce-col--lg-last vce-col--xl-last vce-col--md-first vce-col--lg-first vce-col--xl-first\" id=\"el-7534aa74\"><div class=\"vce-col-inner\" data-vce-do-apply=\"border margin background  el-7534aa74\"><div class=\"vce-col-content\" data-vce-element-content=\"true\" data-vce-do-apply=\"padding el-7534aa74\"><div class=\"vce vce-separator-container vce-separator--align-center vce-separator--style-shadow\" id=\"el-dc6f7155\" data-vce-do-apply=\"margin el-dc6f7155\"><div class=\"vce-separator vce-separator--color-bfc0c1 vce-separator--width-60 vce-separator--thickness-8\" data-vce-do-apply=\"border padding background  el-dc6f7155\"><div class=\"vce-separator-shadow vce-separator-shadow-left\"><\/div><div class=\"vce-separator-shadow vce-separator-shadow-right\"><\/div><\/div><\/div><\/div><\/div><\/div><\/div><\/div><\/div><div class=\"vce-row-container\"><div class=\"vce-row vce-row--col-gap-30 vce-row-columns--top vce-row-content--top\" id=\"el-61d346bb\" data-vce-do-apply=\"all el-61d346bb\"><div class=\"vce-content-background-container\"><\/div><div class=\"vce-row-content\" data-vce-element-content=\"true\"><div class=\"vce-col vce-col--md-auto vce-col--xs-1 vce-col--xs-last vce-col--xs-first vce-col--sm-last vce-col--sm-first vce-col--md-last vce-col--lg-last vce-col--xl-last vce-col--md-first vce-col--lg-first vce-col--xl-first\" id=\"el-d3fd9dd1\"><div class=\"vce-col-inner\" data-vce-do-apply=\"border margin background  el-d3fd9dd1\"><div class=\"vce-col-content\" data-vce-element-content=\"true\" data-vce-do-apply=\"padding el-d3fd9dd1\"><div class=\"vce-row-container\"><div class=\"vce-row vce-row--col-gap-30 vce-row-columns--top vce-row-content--top\" id=\"el-5dcfb933\" data-vce-do-apply=\"all el-5dcfb933\"><div class=\"vce-content-background-container\"><\/div><div class=\"vce-row-content\" data-vce-element-content=\"true\"><div class=\"vce-col vce-col--md-auto vce-col--xs-1 vce-col--xs-last vce-col--xs-first vce-col--sm-last vce-col--sm-first vce-col--md-last vce-col--lg-last vce-col--xl-last vce-col--md-first vce-col--lg-first vce-col--xl-first\" id=\"el-991948f2\"><div class=\"vce-col-inner\" data-vce-do-apply=\"border margin background  el-991948f2\"><div class=\"vce-content-background-container\"><\/div><div class=\"vce-col-content\" data-vce-element-content=\"true\" data-vce-do-apply=\"padding el-991948f2\"><div class=\"vce-text-block\"><div class=\"vce-text-block-wrapper vce\" id=\"el-69afbb0a\" data-vce-do-apply=\"all el-69afbb0a\"><p style=\"text-align: center;\"><span style=\"font-size: 18pt;\"><strong>MEN\u00da INFANTIL<\/strong><\/span><\/p><\/div><\/div><div class=\"vce-row-container\"><div class=\"vce-row vce-row--col-gap-30 vce-row-columns--top vce-row-content--top\" id=\"el-e44d445b\" data-vce-do-apply=\"all el-e44d445b\"><div class=\"vce-content-background-container\"><\/div><div class=\"vce-row-content\" data-vce-element-content=\"true\"><div class=\"vce-col vce-col--xs-auto vce-col--all-last vce-col--all-first\" id=\"el-903c4d61\"><div class=\"vce-col-inner\" data-vce-do-apply=\"border margin background  el-903c4d61\"><div class=\"vce-content-background-container\"><\/div><div class=\"vce-col-content\" data-vce-element-content=\"true\" data-vce-do-apply=\"padding el-903c4d61\"><div class=\"vce-text-block\"><div class=\"vce-text-block-wrapper vce\" id=\"el-dbb8acd2\" data-vce-do-apply=\"all el-dbb8acd2\"><p style=\"text-align: center;\">&nbsp;<\/p>\n<p style=\"text-align: center;\"><strong>Milanesa de ternera con papas<\/strong><\/p>\n<p style=\"text-align: center; line-height: 1.75;\"><strong>Flan de dulce de leche<\/strong><\/p>\n<p style=\"text-align: center; line-height: 1.75;\"><strong>Bebida l\u00ednea Coca-cola<\/strong><\/p>\n<p style=\"text-align: center; line-height: 1.75;\"><span class=\"precio\"><strong>$ 16.900&nbsp;<\/strong><\/span><\/p><\/div><\/div><\/div><\/div><\/div><\/div><\/div><\/div><\/div><\/div><\/div><\/div><\/div><\/div><\/div><\/div><\/div><\/div><\/div><\/div><\/div><\/div><\/div><\/div><\/div><\/div><div class=\"vce-row-container\"><div class=\"vce-row vce-element--has-background vce-row--col-gap-30 vce-row-columns--top vce-row-content--top\" id=\"el-b56bc1fd\" data-vce-do-apply=\"all el-b56bc1fd\"><div class=\"vce-content-background-container\"><div class=\"vce-asset-parallax-container vce-visible-all-only\" data-vce-assets-parallax=\".vce-asset-parallax\" data-vce-assets-parallax-speed=\"200\" data-vce-assets-parallax-reverse=\"false\"><div class=\"vce-asset-parallax\" style=\"top: -200vh; bottom: -200vh; transform: translateY(200vh);\"><\/div><\/div><\/div><div class=\"vce-row-content\" data-vce-element-content=\"true\"><div class=\"vce-col vce-col--md-auto vce-col--xs-1 vce-col--xs-last vce-col--xs-first vce-col--sm-last vce-col--sm-first vce-col--md-last vce-col--lg-last vce-col--xl-last vce-col--md-first vce-col--lg-first vce-col--xl-first\" id=\"el-4f0ee328\"><div class=\"vce-col-inner\" data-vce-do-apply=\"border margin background  el-4f0ee328\"><div class=\"vce-col-content\" data-vce-element-content=\"true\" data-vce-do-apply=\"padding el-4f0ee328\"><div class=\"vce-single-image-container vce-single-image--align-center\"><div class=\"vce vce-single-image-wrapper\" id=\"el-4ebbdccd\" data-vce-do-apply=\"all el-4ebbdccd\"><figure><a href=\"https:\/\/growbrands.net\/neworder\/republica\/\" title=\"\" class=\"vce-single-image-inner vce-single-image--absolute\" style=\"padding-bottom: 37.8947%; width: 95px;\"><img class=\"vce-single-image\" width=\"95\" height=\"36\"src=\"https:\/\/growbrands.net\/neworder\/wp-content\/uploads\/2025\/12\/republica.volver-95x36.png\" srcset=\"https:\/\/growbrands.net\/neworder\/wp-content\/uploads\/2025\/12\/republica.volver-95x36.png 95w\" data-img-src=\"https:\/\/growbrands.net\/neworder\/wp-content\/uploads\/2021\/01\/republica.volver.png\" alt=\"\" title=\"republica.volver\" \/><\/a><figcaption hidden=\"\"><\/figcaption><\/figure><\/div><\/div><\/div><\/div><\/div><\/div><\/div><\/div>\n","protected":false},"excerpt":{"rendered":"<p>ENTRADASProvoleta a la parrillacon cherry asados, r\u00facula fresca y reducci\u00f3n de aceto$ 11.500Salchicha parrillera y papinescon emulsi\u00f3n de chimichurri, tomate, cebolla encurtida y escarolla$ 11.500Duo de Empanadas.Empanadas, una norte\u00f1a con aj\u00ed de cachi y salsa yasgua, otra cordobesa con semillas de comino y salsa dulce &hellip; <\/p>\n","protected":false},"author":35,"featured_media":0,"parent":0,"menu_order":0,"comment_status":"closed","ping_status":"closed","template":"","meta":{"_monsterinsights_skip_tracking":false,"_monsterinsights_sitenote_active":false,"_monsterinsights_sitenote_note":"","_monsterinsights_sitenote_category":0,"footnotes":""},"coauthors":[64],"class_list":["post-88837","page","type-page","status-publish","hentry"],"_links":{"self":[{"href":"https:\/\/growbrands.net\/neworder\/wp-json\/wp\/v2\/pages\/88837","targetHints":{"allow":["GET"]}}],"collection":[{"href":"https:\/\/growbrands.net\/neworder\/wp-json\/wp\/v2\/pages"}],"about":[{"href":"https:\/\/growbrands.net\/neworder\/wp-json\/wp\/v2\/types\/page"}],"author":[{"embeddable":true,"href":"https:\/\/growbrands.net\/neworder\/wp-json\/wp\/v2\/users\/35"}],"replies":[{"embeddable":true,"href":"https:\/\/growbrands.net\/neworder\/wp-json\/wp\/v2\/comments?post=88837"}],"version-history":[{"count":111,"href":"https:\/\/growbrands.net\/neworder\/wp-json\/wp\/v2\/pages\/88837\/revisions"}],"predecessor-version":[{"id":89391,"href":"https:\/\/growbrands.net\/neworder\/wp-json\/wp\/v2\/pages\/88837\/revisions\/89391"}],"wp:attachment":[{"href":"https:\/\/growbrands.net\/neworder\/wp-json\/wp\/v2\/media?parent=88837"}],"wp:term":[{"taxonomy":"author","embeddable":true,"href":"https:\/\/growbrands.net\/neworder\/wp-json\/wp\/v2\/coauthors?post=88837"}],"curies":[{"name":"wp","href":"https:\/\/api.w.org\/{rel}","templated":true}]}}