{"id":85590,"date":"2025-06-14T13:26:42","date_gmt":"2025-06-14T16:26:42","guid":{"rendered":"https:\/\/growbrands.net\/neworder\/?page_id=85590"},"modified":"2026-03-12T10:40:17","modified_gmt":"2026-03-12T13:40:17","slug":"pueblo-nativo-bebidas-con-costo","status":"publish","type":"page","link":"https:\/\/growbrands.net\/neworder\/pueblo-nativo-bebidas-con-costo\/","title":{"rendered":"Pueblo Nativo &#8211; Bebidas con costo"},"content":{"rendered":"<div class=\"vce-row-container\"><div class=\"vce-row vce-element--has-background vce-row--col-gap-30 vce-row-columns--top vce-row-content--top\" id=\"el-7e54f482\" data-vce-do-apply=\"all el-7e54f482\"><div class=\"vce-content-background-container\"><\/div><div class=\"vce-row-content\" data-vce-element-content=\"true\"><div class=\"vce-col vce-col--md-auto vce-col--xs-1 vce-col--xs-last vce-col--xs-first vce-col--sm-last vce-col--sm-first vce-col--md-last vce-col--lg-last vce-col--xl-last vce-col--md-first vce-col--lg-first vce-col--xl-first\" id=\"el-9cde0be9\"><div class=\"vce-col-inner\" data-vce-do-apply=\"border margin background  el-9cde0be9\"><div class=\"vce-col-content\" data-vce-element-content=\"true\" data-vce-do-apply=\"padding el-9cde0be9\"><div class=\"vce-row-container\"><div class=\"vce-row vce-row--col-gap-30 vce-row-columns--top vce-row-content--top\" id=\"el-3c4732fa\" data-vce-do-apply=\"all el-3c4732fa\"><div class=\"vce-row-content\" data-vce-element-content=\"true\"><div class=\"vce-col vce-col--md-auto vce-col--xs-1 vce-col--xs-last vce-col--xs-first vce-col--sm-last vce-col--sm-first vce-col--md-last vce-col--lg-last vce-col--xl-last vce-col--md-first vce-col--lg-first vce-col--xl-first\" id=\"el-c352bbe5\"><div class=\"vce-col-inner\" data-vce-do-apply=\"border margin background  el-c352bbe5\"><div class=\"vce-col-content\" data-vce-element-content=\"true\" data-vce-do-apply=\"padding el-c352bbe5\"><div class=\"vce-single-image-container vce-single-image--align-center\"><div class=\"vce vce-single-image-wrapper\" id=\"el-7e0868ab\" data-vce-do-apply=\"all el-7e0868ab\"><figure><div class=\"vce-single-image-inner vce-single-image--absolute\" style=\"padding-bottom: 27.7344%; width: 1024px;\"><img class=\"vce-single-image\" width=\"1024\" height=\"284\"src=\"https:\/\/growbrands.net\/neworder\/wp-content\/uploads\/2026\/02\/banner-bebidas-costo-adicional-1024x284.png\" srcset=\"https:\/\/growbrands.net\/neworder\/wp-content\/uploads\/2026\/02\/banner-bebidas-costo-adicional-320x89.png 320w,https:\/\/growbrands.net\/neworder\/wp-content\/uploads\/2026\/02\/banner-bebidas-costo-adicional-480x133.png 480w,https:\/\/growbrands.net\/neworder\/wp-content\/uploads\/2026\/02\/banner-bebidas-costo-adicional-800x222.png 800w,https:\/\/growbrands.net\/neworder\/wp-content\/uploads\/2026\/02\/banner-bebidas-costo-adicional-1024x284.png 1024w\" data-img-src=\"https:\/\/growbrands.net\/neworder\/wp-content\/uploads\/2026\/01\/banner-bebidas-costo-adicional.png\" alt=\"\" title=\"banner-bebidas-costo-adicional\" \/><\/div><figcaption hidden=\"\"><\/figcaption><\/figure><\/div><\/div><\/div><\/div><\/div><\/div><\/div><\/div><div class=\"vce-row-container\"><div class=\"vce-row vce-row--col-gap-30 vce-row-columns--top vce-row-content--top\" id=\"el-bf3c20c6\" data-vce-do-apply=\"all el-bf3c20c6\"><div class=\"vce-row-content\" data-vce-element-content=\"true\"><div class=\"vce-col vce-col--md-auto vce-col--xs-1 vce-col--xs-last vce-col--xs-first vce-col--sm-last vce-col--sm-first vce-col--md-last vce-col--lg-last vce-col--xl-last vce-col--md-first vce-col--lg-first vce-col--xl-first\" id=\"el-cd86c2b7\"><div class=\"vce-col-inner\" data-vce-do-apply=\"border margin background  el-cd86c2b7\"><div class=\"vce-col-content\" data-vce-element-content=\"true\" data-vce-do-apply=\"padding el-cd86c2b7\"><div class=\"vce-text-block\"><div class=\"vce-text-block-wrapper vce\" id=\"el-b18ff806\" data-vce-do-apply=\"all el-b18ff806\"><p style=\"text-align: center;\"><span style=\"font-size: 18pt; color: #6e5b49;\"><strong>C\u00f3cteles Cl\u00e1sicos<\/strong><\/span><\/p>\n<p style=\"text-align: center;\"><span style=\"color: #6e5b49;\"><span style=\"font-size: 21.3333px;\"><strong>Negroni Perfetto<\/strong> (Antica F\u00f3rmula 30%, Gin Spirito Blu 30% y Bitter rojo 30%<em>)<\/em> $35.000<\/span><\/span><\/p>\n<p style=\"text-align: center;\"><span style=\"color: #6e5b49;\"><span style=\"font-size: 21.3333px;\"><strong>Borghetti<\/strong> (2 onzas<em>)<\/em> $8.000<\/span><\/span><\/p>\n<p style=\"text-align: center;\"><span style=\"color: #6e5b49;\"><span style=\"font-size: 21.3333px;\"><strong>Strega Limoncello<\/strong> (2 onzas<em>)<\/em> $8.000<\/span><\/span><\/p>\n<p style=\"text-align: center;\"><span style=\"color: #6e5b49;\"><span style=\"font-size: 21.3333px;\"><strong>Grappa Candolini<\/strong>&nbsp;(2 onzas<em>)<\/em> $12.000<\/span><\/span><\/p>\n<p style=\"text-align: center;\"><span style=\"color: #6e5b49;\"><span style=\"font-size: 21.3333px;\"><strong>G<\/strong><\/span><\/span><span style=\"color: #6e5b49;\"><span style=\"font-size: 21.3333px;\"><strong>ancia Batido<\/strong> <em>(Gancia - Lim\u00f3n - Az\u00facar)<\/em> $8.000<\/span><\/span><\/p>\n<p style=\"text-align: center;\"><span style=\"color: #6e5b49;\"><span style=\"font-size: 21.3333px;\"><strong>Caipirinha&nbsp;<\/strong><em>(Cachaca - Lima - Az\u00facar)&nbsp;<\/em>$10.<\/span><\/span><span style=\"color: #6e5b49;\"><span style=\"font-size: 21.3333px;\">000<\/span><\/span><\/p>\n<p style=\"text-align: center;\"><span style=\"color: #6e5b49;\"><span style=\"font-size: 21.3333px;\"><strong>Mojito Cubano<\/strong><em>&nbsp;<\/em>$10.000<\/span><\/span><\/p>\n<p style=\"text-align: center;\"><span style=\"color: #6e5b49;\"><span style=\"font-size: 21.3333px;\"><strong>Campari Orange<\/strong><em>&nbsp;<\/em>$8.000<\/span><\/span><\/p>\n<p style=\"text-align: center;\"><span style=\"color: #6e5b49;\"><span style=\"font-size: 21.3333px;\"><strong>Cuba libre&nbsp;<\/strong><em>(ron con gaseosa de cola) <\/em>$10.000<\/span><\/span><\/p>\n<p style=\"text-align: center;\"><span style=\"color: #6e5b49;\"><span style=\"font-size: 21.3333px;\"><strong>Fashioned <\/strong><em>(Bourbon - Bitter Angostura - Az\u00facar - Cerezas al Maraschino) <\/em>$12.000<\/span><\/span><\/p>\n<p style=\"text-align: center;\"><span style=\"color: #6e5b49;\"><span style=\"font-size: 21.3333px;\"><strong>Dry Martini <\/strong><em>(Gin - Vermouth Seco - Aceituna) <\/em>$8.000<\/span><\/span><\/p>\n<p style=\"text-align: center;\"><span style=\"color: #6e5b49;\"><span style=\"font-size: 21.3333px;\"><strong>Manhattan <\/strong><em>(Whisky - Vermouth Rosso - Bitter Angostura) $15.000<\/em><\/span><\/span><\/p>\n<p style=\"text-align: center;\"><span style=\"color: #6e5b49; font-size: 16pt;\"><br><span style=\"font-size: 18pt;\"><strong>Gin<\/strong><\/span><\/span><\/p>\n<h2 style=\"text-align: center;\"><span style=\"color: #6e5b49; font-weight: 400; font-style: normal;\"><span style=\"font-size: 21.3333px;\"><strong>Beefeater<\/strong> $10.000<\/span><\/span><\/h2>\n<h2 style=\"text-align: center;\"><span style=\"color: #6e5b49; font-weight: 400; font-style: normal;\"><span style=\"font-size: 21.3333px;\"><strong>Tanqueray<\/strong> $10.000<\/span><\/span><\/h2>\n<h2 style=\"text-align: center;\"><span style=\"color: #6e5b49; font-weight: 400; font-style: normal;\"><span style=\"font-size: 21.3333px;\"><strong>Bulldog<\/strong> $10.000<\/span><\/span><\/h2>\n<p style=\"text-align: center;\"><span style=\"color: #6e5b49;\"><span style=\"font-size: 16pt;\"><strong>Hendrick's<\/strong> <\/span><span style=\"font-size: 16pt;\">$18.000&nbsp;<\/span><\/span><\/p>\n<p>&nbsp;<\/p>\n<p style=\"text-align: center;\"><span style=\"color: #6e5b49; font-size: 16pt;\"><span style=\"font-size: 18pt;\"><strong>Whiskys y otros<\/strong><\/span><\/span><\/p>\n<h2 style=\"text-align: center;\"><span style=\"color: #6e5b49; font-weight: 400; font-style: normal;\"><span style=\"font-size: 21.3333px;\"><strong>Jhonnie Walker Blue Label<\/strong> $50.000<\/span><\/span><\/h2>\n<h2 style=\"text-align: center;\"><span style=\"color: #6e5b49; font-weight: 400; font-style: normal;\"><span style=\"font-size: 21.3333px;\"><strong>Glendfidich<\/strong> $25.000<\/span><\/span><\/h2>\n<h2 style=\"text-align: center;\"><strong><span style=\"color: #6e5b49; font-style: normal;\"><span style=\"font-size: 21.3333px;\">Jhonnie Walker Green Label<\/span><\/span><\/strong><\/h2>\n<h2 style=\"text-align: center;\"><span style=\"color: #6e5b49; font-weight: 400; font-style: normal;\"><span style=\"font-size: 21.3333px;\">$30.000<\/span><\/span><\/h2>\n<h2 style=\"text-align: center;\"><strong><span style=\"color: #6e5b49; font-style: normal;\"><span style=\"font-size: 21.3333px;\">Jhonnie Walker Black Label<\/span><\/span><\/strong><\/h2>\n<p style=\"text-align: center;\"><span style=\"color: #6e5b49;\"><span style=\"font-size: 21.3333px;\"> $20.000<\/span><\/span><\/p>\n<h2 style=\"text-align: center;\"><span style=\"color: #6e5b49; font-weight: 400; font-style: normal;\"><span style=\"font-size: 21.3333px;\"><strong>Jack Daniel's<\/strong> $12.000<\/span><\/span><\/h2>\n<h2 style=\"text-align: center;\"><span style=\"color: #6e5b49; font-weight: 400; font-style: normal;\"><span style=\"font-size: 21.3333px;\"><strong>Johnnie Walker Red Label<\/strong> $12.000<\/span><\/span><\/h2>\n<h2 style=\"text-align: center;\"><span style=\"color: #6e5b49; font-weight: 400; font-style: normal;\"><span style=\"font-size: 21.3333px;\"><strong>Glen Moray<\/strong> $15.000<\/span><\/span><\/h2>\n<h2 style=\"text-align: center;\"><span style=\"color: #6e5b49; font-weight: 400; font-style: normal;\"><span style=\"font-size: 21.3333px;\"><strong>Famous Grouse<\/strong> $12.000<\/span><\/span><\/h2>\n<p style=\"text-align: center;\"><span style=\"color: #6e5b49;\"><em><span style=\"font-size: 14pt;\">Se requiere reserva previa en nuestros espacios gastron\u00f3micos. Llame al interno 9804 o en la recepci\u00f3n de The Old Green Bar<\/span><\/em><\/span><\/p><\/div><\/div><div class=\"vce-button--style-outline-container vce-button--style-outline-container--align-center\"><span class=\"vce-button--style-outline-wrapper vce\" id=\"el-2fd2ed1c\" data-vce-do-apply=\"margin el-2fd2ed1c\"><a class=\"vce-button--style-outline-animated vce-button--style-outline--border-round vce-button--style-outline--size-medium vce-button--style-outline-animated--color-b-142-125-108--fff--3d3d3d vce-button--style-outline-animated--border-color-b-110-91-73--3d3d3d vce-button--style-outline-animated--background-color-b-142-125-108\" href=\"https:\/\/growbrands.net\/neworder\/pueblo-nativo-gastronomia\/\" title=\"\" data-vce-do-apply=\"padding border background  el-2fd2ed1c\"><span class=\"vce-button--style-outline-text\">VOLVER<\/span><\/a><\/span><\/div><\/div><\/div><\/div><\/div><\/div><\/div><div class=\"vce-row-container\"><div class=\"vce-row vce-row--col-gap-30 vce-row-columns--top vce-row-content--top\" id=\"el-1d44ad38\" data-vce-do-apply=\"all el-1d44ad38\"><div class=\"vce-row-content\" data-vce-element-content=\"true\"><div class=\"vce-col vce-col--md-auto vce-col--xs-1 vce-col--xs-last vce-col--xs-first vce-col--sm-last vce-col--sm-first vce-col--md-last vce-col--lg-last vce-col--xl-last vce-col--md-first vce-col--lg-first vce-col--xl-first\" id=\"el-bbc028dc\"><div class=\"vce-col-inner\" data-vce-do-apply=\"border margin background  el-bbc028dc\"><div class=\"vce-col-content\" data-vce-element-content=\"true\" data-vce-do-apply=\"padding el-bbc028dc\"><div class=\"vce-single-image-container vce-single-image--align-center\"><div class=\"vce vce-single-image-wrapper\" id=\"el-91b91935\" data-vce-do-apply=\"all el-91b91935\"><figure><div class=\"vce-single-image-inner vce-single-image--absolute\" style=\"padding-bottom: 52.6316%; width: 190px;\"><img class=\"vce-single-image\" width=\"190\" height=\"100\"src=\"https:\/\/growbrands.net\/neworder\/wp-content\/uploads\/2026\/02\/IMAGOTIPO-PUEBLO-NATIVO-BEIGE-190x100.png\" srcset=\"https:\/\/growbrands.net\/neworder\/wp-content\/uploads\/2026\/02\/IMAGOTIPO-PUEBLO-NATIVO-BEIGE-190x100.png 190w\" data-img-src=\"https:\/\/growbrands.net\/neworder\/wp-content\/uploads\/2026\/01\/IMAGOTIPO-PUEBLO-NATIVO-BEIGE.png\" alt=\"\" title=\"IMAGOTIPO-PUEBLO-NATIVO-BEIGE\" \/><\/div><figcaption hidden=\"\"><\/figcaption><\/figure><\/div><\/div><\/div><\/div><\/div><\/div><\/div><\/div><\/div><\/div><\/div><\/div><\/div><\/div>\n","protected":false},"excerpt":{"rendered":"<p>C\u00f3cteles Cl\u00e1sicos Negroni Perfetto (Antica F\u00f3rmula 30%, Gin Spirito Blu 30% y Bitter rojo 30%) $35.000 Borghetti (2 onzas) $8.000 Strega Limoncello (2 onzas) $8.000 Grappa Candolini&nbsp;(2 onzas) $12.000 Gancia Batido (Gancia &#8211; Lim\u00f3n &#8211; Az\u00facar) $8.000 Caipirinha&nbsp;(Cachaca &#8211; Lima &#8211; Az\u00facar)&nbsp;$10.000 Mojito Cubano&nbsp;$10.000 Campari &hellip; <\/p>\n","protected":false},"author":34,"featured_media":0,"parent":0,"menu_order":0,"comment_status":"closed","ping_status":"closed","template":"","meta":{"_monsterinsights_skip_tracking":false,"_monsterinsights_sitenote_active":false,"_monsterinsights_sitenote_note":"","_monsterinsights_sitenote_category":0,"footnotes":""},"coauthors":[77,133],"class_list":["post-85590","page","type-page","status-publish","hentry"],"_links":{"self":[{"href":"https:\/\/growbrands.net\/neworder\/wp-json\/wp\/v2\/pages\/85590","targetHints":{"allow":["GET"]}}],"collection":[{"href":"https:\/\/growbrands.net\/neworder\/wp-json\/wp\/v2\/pages"}],"about":[{"href":"https:\/\/growbrands.net\/neworder\/wp-json\/wp\/v2\/types\/page"}],"author":[{"embeddable":true,"href":"https:\/\/growbrands.net\/neworder\/wp-json\/wp\/v2\/users\/34"}],"replies":[{"embeddable":true,"href":"https:\/\/growbrands.net\/neworder\/wp-json\/wp\/v2\/comments?post=85590"}],"version-history":[{"count":11,"href":"https:\/\/growbrands.net\/neworder\/wp-json\/wp\/v2\/pages\/85590\/revisions"}],"predecessor-version":[{"id":90131,"href":"https:\/\/growbrands.net\/neworder\/wp-json\/wp\/v2\/pages\/85590\/revisions\/90131"}],"wp:attachment":[{"href":"https:\/\/growbrands.net\/neworder\/wp-json\/wp\/v2\/media?parent=85590"}],"wp:term":[{"taxonomy":"author","embeddable":true,"href":"https:\/\/growbrands.net\/neworder\/wp-json\/wp\/v2\/coauthors?post=85590"}],"curies":[{"name":"wp","href":"https:\/\/api.w.org\/{rel}","templated":true}]}}