{"id":85566,"date":"2025-06-14T12:57:05","date_gmt":"2025-06-14T15:57:05","guid":{"rendered":"https:\/\/growbrands.net\/neworder\/?page_id=85566"},"modified":"2026-03-23T17:46:21","modified_gmt":"2026-03-23T20:46:21","slug":"pueblo-nativo-old-green-bar","status":"publish","type":"page","link":"https:\/\/growbrands.net\/neworder\/pueblo-nativo-old-green-bar\/","title":{"rendered":"Pueblo Nativo &#8211; The Old Green Bar"},"content":{"rendered":"<div class=\"vce-row-container\"><div class=\"vce-row vce-element--has-background vce-row--col-gap-30 vce-row-columns--top vce-row-content--top\" id=\"el-7e54f482\" data-vce-do-apply=\"all el-7e54f482\"><div class=\"vce-content-background-container\"><\/div><div class=\"vce-row-content\" data-vce-element-content=\"true\"><div class=\"vce-col vce-col--md-auto vce-col--xs-1 vce-col--xs-last vce-col--xs-first vce-col--sm-last vce-col--sm-first vce-col--md-last vce-col--lg-last vce-col--xl-last vce-col--md-first vce-col--lg-first vce-col--xl-first\" id=\"el-9cde0be9\"><div class=\"vce-col-inner\" data-vce-do-apply=\"border margin background  el-9cde0be9\"><div class=\"vce-col-content\" data-vce-element-content=\"true\" data-vce-do-apply=\"padding el-9cde0be9\"><div class=\"vce-row-container\"><div class=\"vce-row vce-row--col-gap-30 vce-row-columns--top vce-row-content--top\" id=\"el-3c4732fa\" data-vce-do-apply=\"all el-3c4732fa\"><div class=\"vce-row-content\" data-vce-element-content=\"true\"><div class=\"vce-col vce-col--md-auto vce-col--xs-1 vce-col--xs-last vce-col--xs-first vce-col--sm-last vce-col--sm-first vce-col--md-last vce-col--lg-last vce-col--xl-last vce-col--md-first vce-col--lg-first vce-col--xl-first\" id=\"el-c352bbe5\"><div class=\"vce-col-inner\" data-vce-do-apply=\"border margin background  el-c352bbe5\"><div class=\"vce-col-content\" data-vce-element-content=\"true\" data-vce-do-apply=\"padding el-c352bbe5\"><div class=\"vce-single-image-container vce-single-image--align-center\"><div class=\"vce vce-single-image-wrapper\" id=\"el-7e0868ab\" data-vce-do-apply=\"all el-7e0868ab\"><figure><div class=\"vce-single-image-inner vce-single-image--absolute\" style=\"padding-bottom: 27.7344%; width: 1024px;\"><img class=\"vce-single-image\" width=\"1024\" height=\"284\"src=\"https:\/\/growbrands.net\/neworder\/wp-content\/uploads\/2026\/03\/banner-old-green-bar-1024x284.png\" srcset=\"https:\/\/growbrands.net\/neworder\/wp-content\/uploads\/2026\/03\/banner-old-green-bar-320x89.png 320w,https:\/\/growbrands.net\/neworder\/wp-content\/uploads\/2026\/03\/banner-old-green-bar-480x133.png 480w,https:\/\/growbrands.net\/neworder\/wp-content\/uploads\/2026\/03\/banner-old-green-bar-800x222.png 800w,https:\/\/growbrands.net\/neworder\/wp-content\/uploads\/2026\/03\/banner-old-green-bar-1024x284.png 1024w\" data-img-src=\"https:\/\/growbrands.net\/neworder\/wp-content\/uploads\/2026\/01\/banner-old-green-bar.png\" alt=\"\" title=\"banner-old-green-bar\" \/><\/div><figcaption hidden=\"\"><\/figcaption><\/figure><\/div><\/div><\/div><\/div><\/div><\/div><\/div><\/div><div class=\"vce-row-container\"><div class=\"vce-row vce-row--col-gap-30 vce-row-columns--top vce-row-content--top\" id=\"el-94ca596e\" data-vce-do-apply=\"all el-94ca596e\"><div class=\"vce-row-content\" data-vce-element-content=\"true\"><div class=\"vce-col vce-col--md-auto vce-col--xs-1 vce-col--xs-last vce-col--xs-first vce-col--sm-last vce-col--sm-first vce-col--md-last vce-col--lg-last vce-col--xl-last vce-col--md-first vce-col--lg-first vce-col--xl-first\" id=\"el-4b47a344\"><div class=\"vce-col-inner\" data-vce-do-apply=\"border margin background  el-4b47a344\"><div class=\"vce-col-content\" data-vce-element-content=\"true\" data-vce-do-apply=\"padding el-4b47a344\"><div class=\"vce-single-image-container vce-single-image--align-center\"><div class=\"vce vce-single-image-wrapper\" id=\"el-be09fbdb\" data-vce-do-apply=\"all el-be09fbdb\"><figure><div class=\"vce-single-image-inner vce-single-image--absolute\" style=\"padding-bottom: 48.8281%; width: 1024px;\"><img class=\"vce-single-image\" width=\"1024\" height=\"500\"src=\"https:\/\/growbrands.net\/neworder\/wp-content\/uploads\/2026\/03\/IMG_4548-scaled-1024x500.jpg\" srcset=\"https:\/\/growbrands.net\/neworder\/wp-content\/uploads\/2026\/03\/IMG_4548-scaled-320x156.jpg 320w,https:\/\/growbrands.net\/neworder\/wp-content\/uploads\/2026\/03\/IMG_4548-scaled-480x234.jpg 480w,https:\/\/growbrands.net\/neworder\/wp-content\/uploads\/2026\/03\/IMG_4548-scaled-800x391.jpg 800w,https:\/\/growbrands.net\/neworder\/wp-content\/uploads\/2026\/03\/IMG_4548-scaled-1024x500.jpg 1024w\" data-img-src=\"https:\/\/growbrands.net\/neworder\/wp-content\/uploads\/2025\/08\/IMG_4548-scaled.jpg\" alt=\"\" title=\"IMG_4548\" \/><\/div><figcaption hidden=\"\"><\/figcaption><\/figure><\/div><\/div><\/div><\/div><\/div><\/div><\/div><\/div><div class=\"vce-row-container\"><div class=\"vce-row vce-row--col-gap-30 vce-row-columns--top vce-row-content--top\" id=\"el-bf3c20c6\" data-vce-do-apply=\"all el-bf3c20c6\"><div class=\"vce-row-content\" data-vce-element-content=\"true\"><div class=\"vce-col vce-col--md-auto vce-col--xs-1 vce-col--xs-last vce-col--xs-first vce-col--sm-last vce-col--sm-first vce-col--md-last vce-col--lg-last vce-col--xl-last vce-col--md-first vce-col--lg-first vce-col--xl-first\" id=\"el-cd86c2b7\"><div class=\"vce-col-inner\" data-vce-do-apply=\"border margin background  el-cd86c2b7\"><div class=\"vce-col-content\" data-vce-element-content=\"true\" data-vce-do-apply=\"padding el-cd86c2b7\"><div class=\"vce-text-block\"><div class=\"vce-text-block-wrapper vce\" id=\"el-b18ff806\" data-vce-do-apply=\"all el-b18ff806\"><p style=\"text-align: center;\"><span style=\"color: #0e3d21;\">&nbsp;<span style=\"font-size: 18.6667px;\">Nuestro bar ofrece una variada carta de c\u00f3cteles, t\u00e9s y pasteler\u00eda en un entorno desconstracturado. C\u00f3cteles y Mocktails de autor.<\/span><\/span><\/p>\n<p style=\"text-align: center;\"><span style=\"font-size: 18pt; color: #0e3d21;\"><strong>BEBIDAS SIN ALCOHOL<\/strong><\/span><\/p>\n<p style=\"text-align: center;\"><span style=\"color: #0e3d21; font-size: 14pt;\">Limonada<br>Pomelada<br>Gaseosas cola<br>Aguas saborizadas<br>Agua sin gas \/ con gas<br>Licuado con leche<br>Licuado con agua<br>Jugo de Naranja<\/span><\/p>\n<p style=\"text-align: center;\"><span style=\"color: #0e3d21; font-size: 14pt;\"><span style=\"font-size: 18pt;\"><strong>CAFETER\u00cdA e INFUSIONES<\/strong><\/span><\/span><\/p>\n<p style=\"text-align: center;\"><span style=\"color: #0e3d21; font-size: 14pt;\"><strong>Caf\u00e9 Expresso:<\/strong> <em>Caf\u00e9 corto e intenso<\/em><\/span><\/p>\n<p style=\"text-align: center;\"><span style=\"color: #0e3d21;\"><strong>Caf\u00e9 Expreso:<\/strong> <em>Doble<\/em> <em>dosis de expreso para un sabor m\u00e1s fuerte<\/em><\/span><\/p>\n<p style=\"text-align: center;\"><span style=\"color: #0e3d21;\"><strong><span style=\"font-size: 14pt;\">Caf\u00e9 Cortado: <\/span><\/strong><span style=\"font-size: 14pt;\"><em>Expresso con un toque de leche caliente<\/em><\/span><\/span><\/p>\n<p style=\"text-align: center;\"><span style=\"color: #0e3d21;\"><strong><span style=\"font-size: 14pt;\">Macchiato:&nbsp;<\/span><\/strong><span style=\"font-size: 14pt;\"><em>Expresso con una peque\u00f1a cantidad de leche texturizada<\/em><\/span><\/span><\/p>\n<p style=\"text-align: center;\"><span style=\"color: #0e3d21;\"><strong><span style=\"font-size: 14pt;\">Caf\u00e9 con leche: <\/span><\/strong><span style=\"font-size: 14pt;\"><em>Expresso con una parte de leche caliente<\/em><\/span><\/span><\/p>\n<p style=\"text-align: center;\"><span style=\"color: #0e3d21;\"><strong><span style=\"font-size: 14pt;\">Latte: <\/span><\/strong><span style=\"font-size: 14pt;\"><em>Expresso con gran parte de leche caliente y una capa fina de espuma<\/em><\/span><\/span><\/p>\n<p style=\"text-align: center;\"><span style=\"color: #0e3d21;\"><strong><span style=\"font-size: 14pt;\">Latte Macchiato: <\/span><\/strong><span style=\"font-size: 14pt;\"><em>Leche vaporizada con un shot de expresso<\/em><\/span><\/span><\/p>\n<p style=\"text-align: center;\"><span style=\"color: #0e3d21; font-size: 14pt;\"><strong>Caf\u00e9 americano: <\/strong><em>Expreso diluido con agua caliente<\/em><\/span><\/p>\n<p style=\"text-align: center;\"><span style=\"color: #0e3d21;\"><strong><span style=\"font-size: 14pt;\">Chocolate caliente: <\/span><\/strong><span style=\"font-size: 14pt;\"><em>Leche caliente con cacao<\/em><\/span><\/span><\/p>\n<p style=\"text-align: center;\"><span style=\"color: #0e3d21; font-size: 14pt;\"><span style=\"font-size: 18pt;\"><strong>BLENDS EXCLUSIVOS SUGERIDOS<br><\/strong><br><\/span><\/span><\/p>\n<p style=\"text-align: center;\"><span style=\"color: #0e3d21; font-size: 14pt;\">PUEBLO NATIVO <br>Cedr\u00f3n, manzanilla, lavanda, melina, peperina, romero y tomillo.<\/span><\/p>\n<p style=\"text-align: center;\"><span style=\"color: #0e3d21; font-size: 14pt;\"><span style=\"font-size: 18pt;\"><strong>CARTA DE T\u00c9<br><\/strong><\/span><\/span><\/p>\n<p style=\"text-align: center;\"><span style=\"color: #0e3d21; font-size: 14pt;\"><strong>PATAGONIA SOUL - CONSCIENCIA<\/strong> <br>T\u00e9 rojo con frutilla, frambuesa, ar\u00e1ndano, rosa mosqueta y lavanda.<\/span><\/p>\n<p style=\"text-align: center;\"><span style=\"color: #0e3d21; font-size: 14pt;\"><strong>HAPPY BERRY - ALEGR\u00cdA<\/strong> <br>T\u00e9 Rojo, frutilla, frambuesa, grosella y cereza.<\/span><\/p>\n<p style=\"text-align: center;\"><span style=\"color: #0e3d21; font-size: 14pt;\"><strong>VENUS - AMOR<\/strong> <br>T\u00e9 rojo, uva, frutilla, chaucha de vainilla, maracuy\u00e1 y p\u00e9talos de rosas.<\/span><\/p>\n<p style=\"text-align: center;\"><span style=\"color: #0e3d21; font-size: 14pt;\"><strong>EARL GRAY TOUCH\u00c9 - PERSEVERANCIA<\/strong> <br>T\u00e9 negro con aceite esencial de bergamota y p\u00e9talos de rosa.<\/span><\/p>\n<p style=\"text-align: center;\"><span style=\"color: #0e3d21; font-size: 14pt;\"><strong>ROOIBOS CALMA T\u00c9 (sin te\u00edna)<\/strong> <br>Mezcla de rooibos, manzana verde con hierbas y flores serranas.<\/span><\/p>\n<p style=\"text-align: center;\"><span style=\"color: #0e3d21; font-size: 14pt;\"><strong>FLOWER MINT - ESPERANZA<\/strong> <br>T\u00e9 verde, menta, pimpollos de jazm\u00edn y p\u00e9talos de rosa.<\/span><\/p>\n<p style=\"text-align: center;\"><span style=\"color: #0e3d21; font-size: 14pt;\"><strong>SUNRISE - VOLUNTAD<\/strong> <br>T\u00e9 verde, naranja, menta, pimpollo de jazm\u00edn y p\u00e9talos de rosa.<\/span><\/p>\n<p style=\"text-align: center;\"><span style=\"font-size: 18pt; color: #0e3d21;\"><strong><br>SNACKS DULCES Y SALADOS<\/strong><\/span><\/p>\n<p style=\"text-align: center;\"><span style=\"color: #0e3d21; font-size: 14pt;\">S\u00e1ndwich tostado de jam\u00f3n y queso. <\/span><\/p>\n<p style=\"text-align: center;\"><span style=\"color: #0e3d21; font-size: 14pt;\">S\u00e1ndwich de pollo desmechado, r\u00facula, pesto de tomates y mostaza.<\/span><\/p>\n<p style=\"text-align: center;\"><span style=\"color: #0e3d21; font-size: 14pt;\">Hamburguesa casera, lechuga, tomate, queso fundido y papas fritas. <\/span><\/p>\n<p style=\"text-align: center;\"><span style=\"color: #0e3d21;\"><span style=\"font-size: 18.6667px;\">Medialunas. <\/span><\/span><\/p>\n<p style=\"text-align: center;\"><span style=\"color: #0e3d21;\"><span style=\"font-size: 18.6667px;\">Criollitos. <\/span><\/span><\/p>\n<p style=\"text-align: center;\"><span style=\"color: #0e3d21;\"><span style=\"font-size: 18.6667px;\">Porci\u00f3n de bud\u00edn.<\/span><\/span><\/p>\n<h1 style=\"text-align: center;\"><strong><span style=\"color: #0e3d21; font-style: normal;\"><span style=\"font-size: 18.6667px;\">BRITISH TAPAS SELECTION<\/span><\/span><\/strong><\/h1>\n<p><strong><span style=\"color: #0e3d21; font-style: normal;\"><span style=\"font-size: 18.6667px;\">&nbsp; &nbsp; &nbsp; &nbsp; &nbsp; &nbsp; &nbsp; &nbsp; &nbsp; &nbsp; &nbsp; &nbsp; &nbsp; &nbsp; &nbsp; &nbsp; &nbsp; &nbsp; &nbsp; &nbsp; &nbsp; &nbsp; &nbsp; &nbsp; &nbsp; &nbsp; &nbsp; &nbsp; &nbsp; &nbsp; &nbsp; &nbsp; &nbsp; &nbsp; &nbsp; &nbsp; &nbsp; &nbsp; &nbsp; &nbsp; &nbsp; &nbsp; &nbsp; &nbsp; &nbsp; &nbsp; &nbsp; &nbsp; &nbsp; &nbsp; &nbsp; &nbsp; &nbsp; &nbsp; &nbsp; &nbsp; &nbsp; Horarios: 21:00 a 23:00 H.&nbsp;<\/span><\/span><\/strong><\/p>\n<p style=\"text-align: center;\"><strong><span style=\"color: #0e3d21;\"><span style=\"font-size: 18.6667px;\"> Smoked Trucha &amp; Beagle<\/span><\/span><\/strong><\/p>\n<p style=\"text-align: center;\"><span style=\"color: #0e3d21;\"><span style=\"font-size: 18.6667px;\"> Trucha ahumada, beagle, manteca salada, crema \u00e1cida . <\/span><\/span><\/p>\n<p style=\"text-align: center;\"><strong><span style=\"color: #0e3d21;\"><span style=\"font-size: 18.6667px;\">Mini Yorkshire Pudding con Roast Beef&nbsp;<\/span><\/span><\/strong><\/p>\n<p style=\"text-align: center;\"><span style=\"color: #0e3d21;\"><span style=\"font-size: 18.6667px;\">Roast beef, jugo de cocci\u00f3n ligero y brotes frescos.<\/span><\/span><\/p>\n<p style=\"text-align: center;\"><strong><span style=\"color: #0e3d21;\"><span style=\"font-size: 18.6667px;\"> Fish &amp; Chips Bites<\/span><\/span><\/strong><\/p>\n<p style=\"text-align: center;\"><span style=\"color: #0e3d21;\"><span style=\"font-size: 18.6667px;\"> Bocados de pescado blanco rebozado con papas fritas y salsa t\u00e1rtara. <\/span><\/span><\/p>\n<p style=\"text-align: center;\"><strong><span style=\"color: #0e3d21;\"><span style=\"font-size: 18.6667px;\">Coronation Chicken Sandwich<\/span><\/span><\/strong><\/p>\n<p style=\"text-align: center;\"><span style=\"color: #0e3d21;\"><span style=\"font-size: 18.6667px;\"> Mini s\u00e1ndwich de pollo al curry suave, almendras y pasas.<\/span><\/span><\/p>\n<p style=\"text-align: center;\"><strong><span style=\"color: #0e3d21;\"><span style=\"font-size: 18.6667px;\">Vegetarian British Bites Mushrooms on Toast<\/span><\/span><\/strong><\/p>\n<p style=\"text-align: center;\"><span style=\"color: #0e3d21;\"><span style=\"font-size: 18.6667px;\"> Hongos salteados con tomillo sobre pan tostado.<\/span><\/span><\/p>\n<p style=\"text-align: center;\"><strong><span style=\"color: #0e3d21;\"><span style=\"font-size: 18.6667px;\"> Mini Tartaleta de puerro y cheddar ingles <\/span><\/span><\/strong><\/p>\n<p style=\"text-align: center;\"><span style=\"color: #0e3d21;\"><span style=\"font-size: 18.6667px;\">Masa crocante con puerro confitado y cheddar ingles gratinado. <\/span><\/span><\/p>\n<p style=\"text-align: center;\"><strong><span style=\"color: #0e3d21;\"><span style=\"font-size: 18.6667px;\">Croquetas de papa y cheddar ingles <\/span><\/span><\/strong><\/p>\n<p style=\"text-align: center;\"><span style=\"color: #0e3d21;\"><span style=\"font-size: 18.6667px;\">Con mayonesa suave de mostaza.<\/span><\/span><\/p>\n<p style=\"text-align: center;\"><em><strong><span style=\"color: #0e3d21;\"><span style=\"font-size: 18.6667px;\"> Bebidas sugeridas Tom Collins Gin &amp; Tonic o Cerveza<\/span><\/span><\/strong><\/em><\/p>\n<p style=\"text-align: center;\"><em><strong>&nbsp;<\/strong><\/em><span style=\"color: #0e3d21;\"><em><span style=\"font-size: 14pt;\">No se requiere reserva previa.<\/span><\/em><\/span><\/p><\/div><\/div><div class=\"vce-button--style-outline-container vce-button--style-outline-container--align-center\"><span class=\"vce-button--style-outline-wrapper vce\" id=\"el-2fd2ed1c\" data-vce-do-apply=\"margin el-2fd2ed1c\"><a class=\"vce-button--style-outline-animated vce-button--style-outline--border-round vce-button--style-outline--size-medium vce-button--style-outline-animated--color-b-110-91-73--b-110-91-73--3d3d3d vce-button--style-outline-animated--border-color-b-110-91-73--3d3d3d vce-button--style-outline-animated--background-color-b-255-255-255\" href=\"https:\/\/growbrands.net\/neworder\/pueblo-nativo-gastronomia\/\" title=\"\" data-vce-do-apply=\"padding border background  el-2fd2ed1c\"><span class=\"vce-button--style-outline-text\">VOLVER<\/span><\/a><\/span><\/div><\/div><\/div><\/div><\/div><\/div><\/div><div class=\"vce-row-container\"><div class=\"vce-row vce-row--col-gap-30 vce-row-columns--top vce-row-content--top\" id=\"el-1d44ad38\" data-vce-do-apply=\"all el-1d44ad38\"><div class=\"vce-row-content\" data-vce-element-content=\"true\"><div class=\"vce-col vce-col--md-auto vce-col--xs-1 vce-col--xs-last vce-col--xs-first vce-col--sm-last vce-col--sm-first vce-col--md-last vce-col--lg-last vce-col--xl-last vce-col--md-first vce-col--lg-first vce-col--xl-first\" id=\"el-bbc028dc\"><div class=\"vce-col-inner\" data-vce-do-apply=\"border margin background  el-bbc028dc\"><div class=\"vce-col-content\" data-vce-element-content=\"true\" data-vce-do-apply=\"padding el-bbc028dc\"><div class=\"vce-single-image-container vce-single-image--align-center\"><div class=\"vce vce-single-image-wrapper\" id=\"el-91b91935\" data-vce-do-apply=\"all el-91b91935\"><figure><div class=\"vce-single-image-inner vce-single-image--absolute\" style=\"padding-bottom: 52.6316%; width: 190px;\"><img class=\"vce-single-image\" width=\"190\" height=\"100\"src=\"https:\/\/growbrands.net\/neworder\/wp-content\/uploads\/2026\/03\/IMAGOTIPO-PUEBLO-NATIVO-BEIGE-190x100.png\" srcset=\"https:\/\/growbrands.net\/neworder\/wp-content\/uploads\/2026\/03\/IMAGOTIPO-PUEBLO-NATIVO-BEIGE-190x100.png 190w\" data-img-src=\"https:\/\/growbrands.net\/neworder\/wp-content\/uploads\/2026\/01\/IMAGOTIPO-PUEBLO-NATIVO-BEIGE.png\" alt=\"\" title=\"IMAGOTIPO-PUEBLO-NATIVO-BEIGE\" \/><\/div><figcaption hidden=\"\"><\/figcaption><\/figure><\/div><\/div><\/div><\/div><\/div><\/div><\/div><\/div><\/div><\/div><\/div><\/div><\/div><\/div>\n","protected":false},"excerpt":{"rendered":"<p>&nbsp;Nuestro bar ofrece una variada carta de c\u00f3cteles, t\u00e9s y pasteler\u00eda en un entorno desconstracturado. C\u00f3cteles y Mocktails de autor. BEBIDAS SIN ALCOHOL LimonadaPomeladaGaseosas colaAguas saborizadasAgua sin gas \/ con gasLicuado con lecheLicuado con aguaJugo de Naranja CAFETER\u00cdA e INFUSIONES Caf\u00e9 Expresso: Caf\u00e9 corto e &hellip; <\/p>\n","protected":false},"author":34,"featured_media":0,"parent":0,"menu_order":0,"comment_status":"closed","ping_status":"closed","template":"","meta":{"_monsterinsights_skip_tracking":false,"_monsterinsights_sitenote_active":false,"_monsterinsights_sitenote_note":"","_monsterinsights_sitenote_category":0,"footnotes":""},"coauthors":[77,133],"class_list":["post-85566","page","type-page","status-publish","hentry"],"_links":{"self":[{"href":"https:\/\/growbrands.net\/neworder\/wp-json\/wp\/v2\/pages\/85566","targetHints":{"allow":["GET"]}}],"collection":[{"href":"https:\/\/growbrands.net\/neworder\/wp-json\/wp\/v2\/pages"}],"about":[{"href":"https:\/\/growbrands.net\/neworder\/wp-json\/wp\/v2\/types\/page"}],"author":[{"embeddable":true,"href":"https:\/\/growbrands.net\/neworder\/wp-json\/wp\/v2\/users\/34"}],"replies":[{"embeddable":true,"href":"https:\/\/growbrands.net\/neworder\/wp-json\/wp\/v2\/comments?post=85566"}],"version-history":[{"count":19,"href":"https:\/\/growbrands.net\/neworder\/wp-json\/wp\/v2\/pages\/85566\/revisions"}],"predecessor-version":[{"id":90703,"href":"https:\/\/growbrands.net\/neworder\/wp-json\/wp\/v2\/pages\/85566\/revisions\/90703"}],"wp:attachment":[{"href":"https:\/\/growbrands.net\/neworder\/wp-json\/wp\/v2\/media?parent=85566"}],"wp:term":[{"taxonomy":"author","embeddable":true,"href":"https:\/\/growbrands.net\/neworder\/wp-json\/wp\/v2\/coauthors?post=85566"}],"curies":[{"name":"wp","href":"https:\/\/api.w.org\/{rel}","templated":true}]}}