{"id":85561,"date":"2025-06-14T12:47:16","date_gmt":"2025-06-14T15:47:16","guid":{"rendered":"https:\/\/growbrands.net\/neworder\/?page_id=85561"},"modified":"2026-03-12T10:39:28","modified_gmt":"2026-03-12T13:39:28","slug":"pueblo-nativo-paquete-de-bebidas","status":"publish","type":"page","link":"https:\/\/growbrands.net\/neworder\/pueblo-nativo-paquete-de-bebidas\/","title":{"rendered":"Pueblo Nativo &#8211; Paquete de bebidas"},"content":{"rendered":"<div class=\"vce-row-container\"><div class=\"vce-row vce-element--has-background vce-row--col-gap-30 vce-row-columns--top vce-row-content--top\" id=\"el-7e54f482\" data-vce-do-apply=\"all el-7e54f482\"><div class=\"vce-content-background-container\"><\/div><div class=\"vce-row-content\" data-vce-element-content=\"true\"><div class=\"vce-col vce-col--md-auto vce-col--xs-1 vce-col--xs-last vce-col--xs-first vce-col--sm-last vce-col--sm-first vce-col--md-last vce-col--lg-last vce-col--xl-last vce-col--md-first vce-col--lg-first vce-col--xl-first\" id=\"el-9cde0be9\"><div class=\"vce-col-inner\" data-vce-do-apply=\"border margin background  el-9cde0be9\"><div class=\"vce-col-content\" data-vce-element-content=\"true\" data-vce-do-apply=\"padding el-9cde0be9\"><div class=\"vce-row-container\"><div class=\"vce-row vce-row--col-gap-30 vce-row-columns--top vce-row-content--top\" id=\"el-3c4732fa\" data-vce-do-apply=\"all el-3c4732fa\"><div class=\"vce-row-content\" data-vce-element-content=\"true\"><div class=\"vce-col vce-col--md-auto vce-col--xs-1 vce-col--xs-last vce-col--xs-first vce-col--sm-last vce-col--sm-first vce-col--md-last vce-col--lg-last vce-col--xl-last vce-col--md-first vce-col--lg-first vce-col--xl-first\" id=\"el-c352bbe5\"><div class=\"vce-col-inner\" data-vce-do-apply=\"border margin background  el-c352bbe5\"><div class=\"vce-col-content\" data-vce-element-content=\"true\" data-vce-do-apply=\"padding el-c352bbe5\"><div class=\"vce-single-image-container vce-single-image--align-center\"><div class=\"vce vce-single-image-wrapper\" id=\"el-7e0868ab\" data-vce-do-apply=\"all el-7e0868ab\"><figure><div class=\"vce-single-image-inner vce-single-image--absolute\" style=\"padding-bottom: 27.7344%; width: 1024px;\"><img class=\"vce-single-image\" width=\"1024\" height=\"284\"src=\"https:\/\/growbrands.net\/neworder\/wp-content\/uploads\/2026\/02\/banner-bebidas-incluidas-1024x284.png\" srcset=\"https:\/\/growbrands.net\/neworder\/wp-content\/uploads\/2026\/02\/banner-bebidas-incluidas-320x89.png 320w,https:\/\/growbrands.net\/neworder\/wp-content\/uploads\/2026\/02\/banner-bebidas-incluidas-480x133.png 480w,https:\/\/growbrands.net\/neworder\/wp-content\/uploads\/2026\/02\/banner-bebidas-incluidas-800x222.png 800w,https:\/\/growbrands.net\/neworder\/wp-content\/uploads\/2026\/02\/banner-bebidas-incluidas-1024x284.png 1024w\" data-img-src=\"https:\/\/growbrands.net\/neworder\/wp-content\/uploads\/2026\/01\/banner-bebidas-incluidas.png\" alt=\"\" title=\"banner-bebidas-incluidas\" \/><\/div><figcaption hidden=\"\"><\/figcaption><\/figure><\/div><\/div><\/div><\/div><\/div><\/div><\/div><\/div><div class=\"vce-row-container\"><div class=\"vce-row vce-row--col-gap-30 vce-row-columns--top vce-row-content--top\" id=\"el-bf3c20c6\" data-vce-do-apply=\"all el-bf3c20c6\"><div class=\"vce-row-content\" data-vce-element-content=\"true\"><div class=\"vce-col vce-col--md-auto vce-col--xs-1 vce-col--xs-last vce-col--xs-first vce-col--sm-last vce-col--sm-first vce-col--md-last vce-col--lg-last vce-col--xl-last vce-col--md-first vce-col--lg-first vce-col--xl-first\" id=\"el-cd86c2b7\"><div class=\"vce-col-inner\" data-vce-do-apply=\"border margin background  el-cd86c2b7\"><div class=\"vce-col-content\" data-vce-element-content=\"true\" data-vce-do-apply=\"padding el-cd86c2b7\"><div class=\"vce-text-block\"><div class=\"vce-text-block-wrapper vce\" id=\"el-b18ff806\" data-vce-do-apply=\"all el-b18ff806\"><p style=\"text-align: center;\"><span style=\"color: #6e5b49;\"><strong><span style=\"font-size: 16pt;\">C\u00f3cteles<\/span><\/strong><\/span><\/p>\n<p style=\"text-align: center;\"><span style=\"color: #6e5b49;\"><strong><span style=\"font-size: 16pt;\">Fernet y Vermouth<br><\/span><\/strong><span style=\"font-size: 21.3333px;\">Branca &amp; Cola (Fernet Branca y Gaseosa de Cola)<br>Mint Tonic (Fernet Branca Menta y Gaseosa T\u00f3nica)<br>Pun e mes Tonic (Punt e mes y Gaseosa T\u00f3nica)<br>Bianco Tonic (Carpano Bianco y Gaseosa T\u00f3nica)<br>Carpano Orange (Carpano Rosso, soda y rodaja de naranja)<\/span><\/span><\/p>\n<p style=\"text-align: center;\"><span style=\"color: #6e5b49;\"><strong><span style=\"font-size: 16pt;\">Destilados y licores<br><\/span><\/strong><span style=\"font-size: 21.3333px;\">Gin Blu Tonica (Gin Spirito Blu, Gasesosa T\u00f3nica y piel de lim\u00f3n)<br>Sernova Caipi (Sernova Caribbean blend 60%, alm\u00edbar 30%, 10% jugo de lim\u00f3n y rodaja de lima\/lim\u00f3n<\/span><\/span><\/p>\n<p style=\"text-align: center;\"><span style=\"color: #6e5b49;\"><strong><span style=\"font-size: 16pt;\"><br>Cervezas<br><\/span><\/strong><span style=\"font-size: 16pt;\">Quilmes (consultar variedades)<br><\/span><span style=\"font-size: 16pt;\">Patagonia (consultar variedades)<br><\/span><span style=\"font-size: 16pt;\">Stella Artois<br><\/span><\/span><\/p>\n<p style=\"text-align: center;\"><span style=\"color: #6e5b49;\"><span style=\"font-size: 16pt;\">Variedad de gaseosas, aguas saborizadas, limonadas, jugos y licuados<\/span>&nbsp;<\/span><\/p>\n<p style=\"text-align: center;\"><span style=\"color: #6e5b49;\"><em><span style=\"font-size: 14pt;\">Se requiere reserva previa en nuestros espacios gastron\u00f3micos. Llame al interno 9804 o en la recepci\u00f3n de The Old Green Bar<\/span><\/em><\/span><\/p><\/div><\/div><\/div><\/div><\/div><\/div><\/div><\/div><div class=\"vce-single-image-container vce-single-image--align-center\"><div class=\"vce vce-single-image-wrapper\" id=\"el-91b91935\" data-vce-do-apply=\"all el-91b91935\"><figure><div class=\"vce-single-image-inner vce-single-image--absolute\" style=\"padding-bottom: 52.6316%; width: 190px;\"><img class=\"vce-single-image\" width=\"190\" height=\"100\"src=\"https:\/\/growbrands.net\/neworder\/wp-content\/uploads\/2026\/02\/IMAGOTIPO-PUEBLO-NATIVO-BEIGE-190x100.png\" srcset=\"https:\/\/growbrands.net\/neworder\/wp-content\/uploads\/2026\/02\/IMAGOTIPO-PUEBLO-NATIVO-BEIGE-190x100.png 190w\" data-img-src=\"https:\/\/growbrands.net\/neworder\/wp-content\/uploads\/2026\/01\/IMAGOTIPO-PUEBLO-NATIVO-BEIGE.png\" alt=\"\" title=\"IMAGOTIPO-PUEBLO-NATIVO-BEIGE\" \/><\/div><figcaption hidden=\"\"><\/figcaption><\/figure><\/div><\/div><\/div><\/div><\/div><\/div><\/div><\/div><div class=\"vce-row-container\"><div class=\"vce-row vce-row--col-gap-30 vce-row-columns--top vce-row-content--top\" id=\"el-c4aaf8ec\" data-vce-do-apply=\"all el-c4aaf8ec\"><div class=\"vce-row-content\" data-vce-element-content=\"true\"><div class=\"vce-col vce-col--md-33-34p vce-col--xs-1 vce-col--xs-last vce-col--xs-first vce-col--sm-last vce-col--sm-first vce-col--md-last vce-col--lg-last vce-col--xl-last vce-col--md-first vce-col--lg-first vce-col--xl-first\" id=\"el-e5d58b31\"><div class=\"vce-col-inner\" data-vce-do-apply=\"border margin background  el-e5d58b31\"><div class=\"vce-col-content\" data-vce-element-content=\"true\" data-vce-do-apply=\"padding el-e5d58b31\"><\/div><\/div><\/div><\/div><\/div><\/div><div class=\"vce-row-container\"><div class=\"vce-row vce-row--col-gap-30 vce-row-columns--top vce-row-content--top\" id=\"el-d75fca67\" data-vce-do-apply=\"all el-d75fca67\"><div class=\"vce-row-content\" data-vce-element-content=\"true\"><div class=\"vce-col vce-col--md-auto vce-col--xs-1 vce-col--xs-last vce-col--xs-first vce-col--sm-last vce-col--sm-first vce-col--md-last vce-col--lg-last vce-col--xl-last vce-col--md-first vce-col--lg-first vce-col--xl-first\" id=\"el-ce5389e3\"><div class=\"vce-col-inner\" data-vce-do-apply=\"border margin background  el-ce5389e3\"><div class=\"vce-col-content\" data-vce-element-content=\"true\" data-vce-do-apply=\"padding el-ce5389e3\"><div class=\"vce-button--style-basic-container vce-button--style-basic-container--align-center\"><span class=\"vce-button--style-basic-wrapper vce\" id=\"el-2d4cd7c3\" data-vce-do-apply=\"margin el-2d4cd7c3\"><a class=\"vce-button--style-basic vce-button--style-basic--border-round vce-button--style-basic--size-medium vce-button--style-basic--color-b-110-91-73--b-255-255-255\" href=\"https:\/\/growbrands.net\/neworder\/pueblo-nativo-gastronomia\/\" title=\"\" data-vce-do-apply=\"padding border background  el-2d4cd7c3\">Volver<\/a><\/span><\/div><\/div><\/div><\/div><\/div><\/div><\/div>\n","protected":false},"excerpt":{"rendered":"<p>C\u00f3cteles Fernet y VermouthBranca &amp; Cola (Fernet Branca y Gaseosa de Cola)Mint Tonic (Fernet Branca Menta y Gaseosa T\u00f3nica)Pun e mes Tonic (Punt e mes y Gaseosa T\u00f3nica)Bianco Tonic (Carpano Bianco y Gaseosa T\u00f3nica)Carpano Orange (Carpano Rosso, soda y rodaja de naranja) Destilados y licoresGin &hellip; <\/p>\n","protected":false},"author":34,"featured_media":0,"parent":0,"menu_order":0,"comment_status":"closed","ping_status":"closed","template":"","meta":{"_monsterinsights_skip_tracking":false,"_monsterinsights_sitenote_active":false,"_monsterinsights_sitenote_note":"","_monsterinsights_sitenote_category":0,"footnotes":""},"coauthors":[77,133],"class_list":["post-85561","page","type-page","status-publish","hentry"],"_links":{"self":[{"href":"https:\/\/growbrands.net\/neworder\/wp-json\/wp\/v2\/pages\/85561","targetHints":{"allow":["GET"]}}],"collection":[{"href":"https:\/\/growbrands.net\/neworder\/wp-json\/wp\/v2\/pages"}],"about":[{"href":"https:\/\/growbrands.net\/neworder\/wp-json\/wp\/v2\/types\/page"}],"author":[{"embeddable":true,"href":"https:\/\/growbrands.net\/neworder\/wp-json\/wp\/v2\/users\/34"}],"replies":[{"embeddable":true,"href":"https:\/\/growbrands.net\/neworder\/wp-json\/wp\/v2\/comments?post=85561"}],"version-history":[{"count":14,"href":"https:\/\/growbrands.net\/neworder\/wp-json\/wp\/v2\/pages\/85561\/revisions"}],"predecessor-version":[{"id":90079,"href":"https:\/\/growbrands.net\/neworder\/wp-json\/wp\/v2\/pages\/85561\/revisions\/90079"}],"wp:attachment":[{"href":"https:\/\/growbrands.net\/neworder\/wp-json\/wp\/v2\/media?parent=85561"}],"wp:term":[{"taxonomy":"author","embeddable":true,"href":"https:\/\/growbrands.net\/neworder\/wp-json\/wp\/v2\/coauthors?post=85561"}],"curies":[{"name":"wp","href":"https:\/\/api.w.org\/{rel}","templated":true}]}}