{"id":85556,"date":"2025-06-14T12:31:39","date_gmt":"2025-06-14T15:31:39","guid":{"rendered":"https:\/\/growbrands.net\/neworder\/?page_id=85556"},"modified":"2026-03-12T10:35:39","modified_gmt":"2026-03-12T13:35:39","slug":"pueblo-nativo-ventanal-al-mundo","status":"publish","type":"page","link":"https:\/\/growbrands.net\/neworder\/pueblo-nativo-ventanal-al-mundo\/","title":{"rendered":"Pueblo Nativo &#8211; Ventanal al mundo"},"content":{"rendered":"<div class=\"vce-row-container\"><div class=\"vce-row vce-element--has-background vce-row--col-gap-30 vce-row-columns--top vce-row-content--top\" id=\"el-7e54f482\" data-vce-do-apply=\"all el-7e54f482\"><div class=\"vce-content-background-container\"><\/div><div class=\"vce-row-content\" data-vce-element-content=\"true\"><div class=\"vce-col vce-col--md-auto vce-col--xs-1 vce-col--xs-last vce-col--xs-first vce-col--sm-last vce-col--sm-first vce-col--md-last vce-col--lg-last vce-col--xl-last vce-col--md-first vce-col--lg-first vce-col--xl-first\" id=\"el-9cde0be9\"><div class=\"vce-col-inner\" data-vce-do-apply=\"border margin background  el-9cde0be9\"><div class=\"vce-col-content\" data-vce-element-content=\"true\" data-vce-do-apply=\"padding el-9cde0be9\"><div class=\"vce-row-container\"><div class=\"vce-row vce-row--col-gap-30 vce-row-columns--top vce-row-content--top\" id=\"el-3c4732fa\" data-vce-do-apply=\"all el-3c4732fa\"><div class=\"vce-row-content\" data-vce-element-content=\"true\"><div class=\"vce-col vce-col--md-auto vce-col--xs-1 vce-col--xs-last vce-col--xs-first vce-col--sm-last vce-col--sm-first vce-col--md-last vce-col--lg-last vce-col--xl-last vce-col--md-first vce-col--lg-first vce-col--xl-first\" id=\"el-c352bbe5\"><div class=\"vce-col-inner\" data-vce-do-apply=\"border margin background  el-c352bbe5\"><div class=\"vce-col-content\" data-vce-element-content=\"true\" data-vce-do-apply=\"padding el-c352bbe5\"><div class=\"vce-single-image-container vce-single-image--align-center\"><div class=\"vce vce-single-image-wrapper\" id=\"el-7e0868ab\" data-vce-do-apply=\"all el-7e0868ab\"><figure><div class=\"vce-single-image-inner vce-single-image--absolute\" style=\"padding-bottom: 27.7344%; width: 1024px;\"><img class=\"vce-single-image\" width=\"1024\" height=\"284\"src=\"https:\/\/growbrands.net\/neworder\/wp-content\/uploads\/2026\/01\/banner-ventanal-al-mundo-1024x284.png\" srcset=\"https:\/\/growbrands.net\/neworder\/wp-content\/uploads\/2026\/01\/banner-ventanal-al-mundo-320x89.png 320w,https:\/\/growbrands.net\/neworder\/wp-content\/uploads\/2026\/01\/banner-ventanal-al-mundo-480x133.png 480w,https:\/\/growbrands.net\/neworder\/wp-content\/uploads\/2026\/01\/banner-ventanal-al-mundo-800x222.png 800w,https:\/\/growbrands.net\/neworder\/wp-content\/uploads\/2026\/01\/banner-ventanal-al-mundo-1024x284.png 1024w\" data-img-src=\"https:\/\/growbrands.net\/neworder\/wp-content\/uploads\/2026\/01\/banner-ventanal-al-mundo.png\" alt=\"\" title=\"banner-ventanal-al-mundo\" \/><\/div><figcaption hidden=\"\"><\/figcaption><\/figure><\/div><\/div><\/div><\/div><\/div><\/div><\/div><\/div><div class=\"vce-single-image-container vce-single-image--align-center\"><div class=\"vce vce-single-image-wrapper\" id=\"el-3d3f17cf\" data-vce-do-apply=\"all el-3d3f17cf\"><figure><div class=\"vce-single-image-inner vce-single-image--absolute\" style=\"padding-bottom: 41.6667%; width: 2400px;\"><img class=\"vce-single-image\" width=\"2400\" height=\"1000\"src=\"https:\/\/growbrands.net\/neworder\/wp-content\/uploads\/2026\/01\/DSC3461-e1755877929853-2400x1000.jpg\" srcset=\"https:\/\/growbrands.net\/neworder\/wp-content\/uploads\/2026\/01\/DSC3461-e1755877929853-320x133.jpg 320w,https:\/\/growbrands.net\/neworder\/wp-content\/uploads\/2026\/01\/DSC3461-e1755877929853-480x200.jpg 480w,https:\/\/growbrands.net\/neworder\/wp-content\/uploads\/2026\/01\/DSC3461-e1755877929853-800x333.jpg 800w,https:\/\/growbrands.net\/neworder\/wp-content\/uploads\/2026\/01\/DSC3461-e1755877929853-2400x1000.jpg 2400w\" data-img-src=\"https:\/\/growbrands.net\/neworder\/wp-content\/uploads\/2025\/08\/DSC3461-e1755877929853.jpg\" alt=\"\" title=\"_DSC3461\" \/><\/div><figcaption hidden=\"\"><\/figcaption><\/figure><\/div><\/div><div class=\"vce-row-container\"><div class=\"vce-row vce-row--col-gap-30 vce-row-columns--top vce-row-content--top\" id=\"el-bf3c20c6\" data-vce-do-apply=\"all el-bf3c20c6\"><div class=\"vce-row-content\" data-vce-element-content=\"true\"><div class=\"vce-col vce-col--md-auto vce-col--xs-1 vce-col--xs-last vce-col--xs-first vce-col--sm-last vce-col--sm-first vce-col--md-last vce-col--lg-last vce-col--xl-last vce-col--md-first vce-col--lg-first vce-col--xl-first\" id=\"el-cd86c2b7\"><div class=\"vce-col-inner\" data-vce-do-apply=\"border margin background  el-cd86c2b7\"><div class=\"vce-col-content\" data-vce-element-content=\"true\" data-vce-do-apply=\"padding el-cd86c2b7\"><div class=\"vce-text-block\"><div class=\"vce-text-block-wrapper vce\" id=\"el-b18ff806\" data-vce-do-apply=\"all el-b18ff806\"><p style=\"text-align: center;\"><span style=\"font-size: 24px; color: #6e5b49;\"><strong>Buffet de entradas fr\u00edas<br><span style=\"font-weight: 400; font-style: normal; font-size: 14pt;\">Selecci\u00f3n de quesos<br>Selecci\u00f3n de embutidos<br>Olivas negras<br>Olivas verdes<br>Nuestros encurtidos<br>Sadinas (con variantes diarias)<br>Tostadas saborizadas con variedad de dips (con variantes diarias)<br>Variedad de panes<br>Tomates cherries<br>Hojas verdes<br>Albahaca<br>R\u00facula&nbsp;<br>Zanahoria<br>Huevo<br>Remolachas asadas<br>Arroz Yaman\u00ed<br>Legumbres<br>At\u00fan<br>Ensalada Tabule<br>Ensalada de penne rigati, tomate, albahaca y queso<br>Ensalada de peras, queso azul y nueces<\/span><\/strong><\/span><\/p><p style=\"text-align: center;\"><span style=\"font-size: 24px; color: #6e5b49;\"><strong style=\"font-size: 24px;\">Buffet de entradas fr\u00edas<\/strong><br><span style=\"font-weight: 400; font-style: normal; font-size: 14pt;\">Papas bravas<br><\/span><span style=\"font-size: 18.6667px;\">Pisto Manchego<br>Cazuela del d\u00eda (t\u00edpicas del mundo)<br>Pasta con salsa del d\u00eda (con variantes diarias)<br>Empanadas criollas o de espinaca<br>Croquetas<br>Dressings<br>Ketchup \/ Mostaza \/ Mayonesa<br>Oliva \/ Aceto<br>Dressing del d\u00eda (con variantes diarias)<\/span><\/span><\/p><p style=\"text-align: center;\"><span style=\"font-size: 24px; color: #6e5b49;\"><strong>Grille a la minute<\/strong><br><span style=\"font-weight: 400; font-style: normal; font-size: 14pt;\">Bondiola&nbsp;<br>Pesca del d\u00eda<br>Pollo deshuesado<\/span><\/span><\/p><p style=\"text-align: center;\"><span style=\"font-size: 24px; color: #6e5b49;\"><strong>Corner Kids<\/strong><br><span style=\"font-weight: 400; font-style: normal; font-size: 14pt;\">Pasta con sala mixta<br>Papas fritas o pur\u00e9<br>Nuggets&nbsp;<br>Milanesas<\/span><\/span><\/p><p style=\"text-align: center;\"><span style=\"font-size: 24px; color: #6e5b49;\"><strong>Postres<\/strong><br><span style=\"font-weight: 400; font-style: normal; font-size: 14pt;\">Ensalada de fruta<br>Helado<br>Chocotorta<br>Frutas frescas<br>Flan<br>Frutas con crema (con variantes diarias)<br>Chesse cake (con variantes diarias)<\/span><\/span><\/p><\/div><\/div><div class=\"vce-button--style-basic-container vce-button--style-basic-container--align-center\"><span class=\"vce-button--style-basic-wrapper vce\" id=\"el-356f6840\" data-vce-do-apply=\"margin el-356f6840\"><a class=\"vce-button--style-basic vce-button--style-basic--border-round vce-button--style-basic--size-medium vce-button--style-basic--color-b-110-91-73--fff\" href=\"https:\/\/growbrands.net\/neworder\/pueblo-nativo-gastronomia\/\" title=\"Volver\" data-vce-do-apply=\"padding border background  el-356f6840\">Volver<\/a><\/span><\/div><\/div><\/div><\/div><\/div><\/div><\/div><div class=\"vce-row-container\"><div class=\"vce-row vce-row--col-gap-30 vce-row-columns--top vce-row-content--top\" id=\"el-1d44ad38\" data-vce-do-apply=\"all el-1d44ad38\"><div class=\"vce-row-content\" data-vce-element-content=\"true\"><div class=\"vce-col vce-col--md-auto vce-col--xs-1 vce-col--xs-last vce-col--xs-first vce-col--sm-last vce-col--sm-first vce-col--md-last vce-col--lg-last vce-col--xl-last vce-col--md-first vce-col--lg-first vce-col--xl-first\" id=\"el-bbc028dc\"><div class=\"vce-col-inner\" data-vce-do-apply=\"border margin background  el-bbc028dc\"><div class=\"vce-col-content\" data-vce-element-content=\"true\" data-vce-do-apply=\"padding el-bbc028dc\"><div class=\"vce-single-image-container vce-single-image--align-center\"><div class=\"vce vce-single-image-wrapper\" id=\"el-6b7245e8\" data-vce-do-apply=\"all el-6b7245e8\"><figure><a href=\"https:\/\/growbrands.net\/neworder\/pueblo-nativo-gastronomia\/\" title=\"\" target=\"_blank\" class=\"vce-single-image-inner vce-single-image--absolute\" style=\"padding-bottom: 52.6316%; width: 190px;\" rel=\"noopener\"><img class=\"vce-single-image\" width=\"190\" height=\"100\"src=\"https:\/\/growbrands.net\/neworder\/wp-content\/uploads\/2026\/01\/IMAGOTIPO-PUEBLO-NATIVO-BEIGE-190x100.png\" srcset=\"https:\/\/growbrands.net\/neworder\/wp-content\/uploads\/2026\/01\/IMAGOTIPO-PUEBLO-NATIVO-BEIGE-190x100.png 190w\" data-img-src=\"https:\/\/growbrands.net\/neworder\/wp-content\/uploads\/2026\/01\/IMAGOTIPO-PUEBLO-NATIVO-BEIGE.png\" alt=\"\" title=\"IMAGOTIPO-PUEBLO-NATIVO-BEIGE\" \/><\/a><figcaption hidden=\"\"><\/figcaption><\/figure><\/div><\/div><\/div><\/div><\/div><\/div><\/div><\/div><\/div><\/div><\/div><\/div><\/div><\/div>\n","protected":false},"excerpt":{"rendered":"<p>Buffet de entradas fr\u00edasSelecci\u00f3n de quesosSelecci\u00f3n de embutidosOlivas negrasOlivas verdesNuestros encurtidosSadinas (con variantes diarias)Tostadas saborizadas con variedad de dips (con variantes diarias)Variedad de panesTomates cherriesHojas verdesAlbahacaR\u00facula&nbsp;ZanahoriaHuevoRemolachas asadasArroz Yaman\u00edLegumbresAt\u00fanEnsalada TabuleEnsalada de penne rigati, tomate, albahaca y quesoEnsalada de peras, queso azul y nuecesBuffet de entradas fr\u00edasPapas &hellip; <\/p>\n","protected":false},"author":34,"featured_media":0,"parent":0,"menu_order":0,"comment_status":"closed","ping_status":"closed","template":"","meta":{"_monsterinsights_skip_tracking":false,"_monsterinsights_sitenote_active":false,"_monsterinsights_sitenote_note":"","_monsterinsights_sitenote_category":0,"footnotes":""},"coauthors":[77,133],"class_list":["post-85556","page","type-page","status-publish","hentry"],"_links":{"self":[{"href":"https:\/\/growbrands.net\/neworder\/wp-json\/wp\/v2\/pages\/85556","targetHints":{"allow":["GET"]}}],"collection":[{"href":"https:\/\/growbrands.net\/neworder\/wp-json\/wp\/v2\/pages"}],"about":[{"href":"https:\/\/growbrands.net\/neworder\/wp-json\/wp\/v2\/types\/page"}],"author":[{"embeddable":true,"href":"https:\/\/growbrands.net\/neworder\/wp-json\/wp\/v2\/users\/34"}],"replies":[{"embeddable":true,"href":"https:\/\/growbrands.net\/neworder\/wp-json\/wp\/v2\/comments?post=85556"}],"version-history":[{"count":15,"href":"https:\/\/growbrands.net\/neworder\/wp-json\/wp\/v2\/pages\/85556\/revisions"}],"predecessor-version":[{"id":89675,"href":"https:\/\/growbrands.net\/neworder\/wp-json\/wp\/v2\/pages\/85556\/revisions\/89675"}],"wp:attachment":[{"href":"https:\/\/growbrands.net\/neworder\/wp-json\/wp\/v2\/media?parent=85556"}],"wp:term":[{"taxonomy":"author","embeddable":true,"href":"https:\/\/growbrands.net\/neworder\/wp-json\/wp\/v2\/coauthors?post=85556"}],"curies":[{"name":"wp","href":"https:\/\/api.w.org\/{rel}","templated":true}]}}