{"id":85538,"date":"2025-06-13T20:49:05","date_gmt":"2025-06-13T23:49:05","guid":{"rendered":"https:\/\/growbrands.net\/neworder\/?page_id=85538"},"modified":"2026-03-18T12:41:20","modified_gmt":"2026-03-18T15:41:20","slug":"pueblo-nativo-bistro-europeo","status":"publish","type":"page","link":"https:\/\/growbrands.net\/neworder\/pueblo-nativo-bistro-europeo\/","title":{"rendered":"Pueblo Nativo &#8211; Bistr\u00f3 Europeo"},"content":{"rendered":"<div class=\"vce-row-container\"><div class=\"vce-row vce-row--has-col-background vce-element--has-background vce-row--col-gap-30 vce-row-columns--top vce-row-content--top\" id=\"el-7e54f482\" data-vce-do-apply=\"all el-7e54f482\"><div class=\"vce-content-background-container\"><\/div><div class=\"vce-row-content\" data-vce-element-content=\"true\"><div class=\"vce-col vce-element--has-background vce-col--md-auto vce-col--xs-1 vce-col--xs-last vce-col--xs-first vce-col--sm-last vce-col--sm-first vce-col--md-last vce-col--lg-last vce-col--xl-last vce-col--md-first vce-col--lg-first vce-col--xl-first\" id=\"el-9cde0be9\"><div class=\"vce-col-inner\" data-vce-do-apply=\"border margin background  el-9cde0be9\"><div class=\"vce-content-background-container\"><\/div><div class=\"vce-col-content\" data-vce-element-content=\"true\" data-vce-do-apply=\"padding el-9cde0be9\"><div class=\"vce-single-image-container vce-single-image--align-center\"><div class=\"vce vce-single-image-wrapper\" id=\"el-9aff4e0c\" data-vce-do-apply=\"all el-9aff4e0c\"><figure><div class=\"vce-single-image-inner vce-single-image--absolute\" style=\"padding-bottom: 27.7344%; width: 1024px;\"><img class=\"vce-single-image\" width=\"1024\" height=\"284\"src=\"https:\/\/growbrands.net\/neworder\/wp-content\/uploads\/2026\/03\/banner-bistro-europeo-1024x284.png\" srcset=\"https:\/\/growbrands.net\/neworder\/wp-content\/uploads\/2026\/03\/banner-bistro-europeo-320x89.png 320w,https:\/\/growbrands.net\/neworder\/wp-content\/uploads\/2026\/03\/banner-bistro-europeo-480x133.png 480w,https:\/\/growbrands.net\/neworder\/wp-content\/uploads\/2026\/03\/banner-bistro-europeo-800x222.png 800w,https:\/\/growbrands.net\/neworder\/wp-content\/uploads\/2026\/03\/banner-bistro-europeo-1024x284.png 1024w\" data-img-src=\"https:\/\/growbrands.net\/neworder\/wp-content\/uploads\/2026\/01\/banner-bistro-europeo.png\" alt=\"\" title=\"banner-bistro-europeo\" \/><\/div><figcaption hidden=\"\"><\/figcaption><\/figure><\/div><\/div><div class=\"vce-row-container\"><div class=\"vce-row vce-row--col-gap-30 vce-row-columns--top vce-row-content--top\" id=\"el-3c4732fa\" data-vce-do-apply=\"all el-3c4732fa\"><div class=\"vce-row-content\" data-vce-element-content=\"true\"><div class=\"vce-col vce-col--md-auto vce-col--xs-1 vce-col--xs-last vce-col--xs-first vce-col--sm-last vce-col--sm-first vce-col--md-last vce-col--lg-last vce-col--xl-last vce-col--md-first vce-col--lg-first vce-col--xl-first\" id=\"el-c352bbe5\"><div class=\"vce-col-inner\" data-vce-do-apply=\"border margin background  el-c352bbe5\"><div class=\"vce-col-content\" data-vce-element-content=\"true\" data-vce-do-apply=\"padding el-c352bbe5\"><div class=\"vce-single-image-container vce-single-image--align-center\"><div class=\"vce vce-single-image-wrapper\" id=\"el-7e0868ab\" data-vce-do-apply=\"all el-7e0868ab\"><figure><div class=\"vce-single-image-inner vce-single-image--absolute\" style=\"padding-bottom: 41.986%; width: 3001px;\"><img class=\"vce-single-image\" width=\"3001\" height=\"1260\"src=\"https:\/\/growbrands.net\/neworder\/wp-content\/uploads\/2026\/03\/baner-bistro-europa-triptico-3001x1260.png\" srcset=\"https:\/\/growbrands.net\/neworder\/wp-content\/uploads\/2026\/03\/baner-bistro-europa-triptico-320x134.png 320w,https:\/\/growbrands.net\/neworder\/wp-content\/uploads\/2026\/03\/baner-bistro-europa-triptico-480x202.png 480w,https:\/\/growbrands.net\/neworder\/wp-content\/uploads\/2026\/03\/baner-bistro-europa-triptico-800x336.png 800w,https:\/\/growbrands.net\/neworder\/wp-content\/uploads\/2026\/03\/baner-bistro-europa-triptico-3001x1260.png 3001w\" data-img-src=\"https:\/\/growbrands.net\/neworder\/wp-content\/uploads\/2026\/01\/baner-bistro-europa-triptico.png\" alt=\"\" title=\"baner-bistro-europa-triptico\" \/><\/div><figcaption hidden=\"\"><\/figcaption><\/figure><\/div><\/div><\/div><\/div><\/div><\/div><\/div><\/div><div class=\"vce-text-block\"><div class=\"vce-text-block-wrapper vce\" id=\"el-c8a08689\" data-vce-do-apply=\"all el-c8a08689\"><p style=\"text-align: center;\"><span style=\"color: #6e5b49;\"><span style=\"font-size: 14pt;\">Bistr\u00f3 Europeo ofrece un viaje por las capitales del sabor internacional. Cada noche tem\u00e1tica es una inmersi\u00f3n en la esencia de Espa\u00f1a, Italia o Francia.&nbsp;<\/span><br><\/span><\/p><p style=\"text-align: center;\"><span style=\"color: #6e5b49; font-size: 18.6667px; text-align: center;\"><strong>Dress code:<\/strong> Elegante. <\/span><\/p><p style=\"text-align: center;\"><span style=\"color: #6e5b49;\"><strong style=\"font-size: 18.6667px;\">Horarios:<\/strong><span style=\"font-size: 18.6667px;\"> 21:00 a 23:00 H.<\/span><\/span><\/p><\/div><\/div><div class=\"vce-row-container\"><div class=\"vce-row vce-row--col-gap-30 vce-row-columns--top vce-row-content--top\" id=\"el-684c7220\" data-vce-do-apply=\"all el-684c7220\"><div class=\"vce-row-content\" data-vce-element-content=\"true\"><div class=\"vce-col vce-col--md-auto vce-col--xs-1 vce-col--xs-last vce-col--xs-first vce-col--sm-last vce-col--sm-first vce-col--md-last vce-col--lg-last vce-col--xl-last vce-col--md-first vce-col--lg-first vce-col--xl-first\" id=\"el-82d4b4fc\"><div class=\"vce-col-inner\" data-vce-do-apply=\"border margin background  el-82d4b4fc\"><div class=\"vce-col-content\" data-vce-element-content=\"true\" data-vce-do-apply=\"padding el-82d4b4fc\"><div class=\"vce-single-image-container vce-single-image--align-center\"><div class=\"vce vce-single-image-wrapper\" id=\"el-dc34d183\" data-vce-do-apply=\"all el-dc34d183\"><figure><div class=\"vce-single-image-inner vce-single-image--absolute\" style=\"padding-bottom: 27.7344%; width: 1024px;\"><img class=\"vce-single-image\" width=\"1024\" height=\"284\"src=\"https:\/\/growbrands.net\/neworder\/wp-content\/uploads\/2026\/03\/banner-bistro-italia-1-1024x284.png\" srcset=\"https:\/\/growbrands.net\/neworder\/wp-content\/uploads\/2026\/03\/banner-bistro-italia-1-320x89.png 320w,https:\/\/growbrands.net\/neworder\/wp-content\/uploads\/2026\/03\/banner-bistro-italia-1-480x133.png 480w,https:\/\/growbrands.net\/neworder\/wp-content\/uploads\/2026\/03\/banner-bistro-italia-1-800x222.png 800w,https:\/\/growbrands.net\/neworder\/wp-content\/uploads\/2026\/03\/banner-bistro-italia-1-1024x284.png 1024w\" data-img-src=\"https:\/\/growbrands.net\/neworder\/wp-content\/uploads\/2026\/01\/banner-bistro-italia-1.png\" alt=\"\" title=\"banner-bistro-italia-1\" \/><\/div><figcaption hidden=\"\"><\/figcaption><\/figure><\/div><\/div><\/div><\/div><\/div><\/div><\/div><\/div><div class=\"vce-row-container\"><div class=\"vce-row vce-row--col-gap-30 vce-row-columns--top vce-row-content--top\" id=\"el-bf3c20c6\" data-vce-do-apply=\"all el-bf3c20c6\"><div class=\"vce-row-content\" data-vce-element-content=\"true\"><div class=\"vce-col vce-col--md-auto vce-col--xs-1 vce-col--xs-last vce-col--xs-first vce-col--sm-last vce-col--sm-first vce-col--md-last vce-col--lg-last vce-col--xl-last vce-col--md-first vce-col--lg-first vce-col--xl-first\" id=\"el-cd86c2b7\"><div class=\"vce-col-inner\" data-vce-do-apply=\"border margin background  el-cd86c2b7\"><div class=\"vce-col-content\" data-vce-element-content=\"true\" data-vce-do-apply=\"padding el-cd86c2b7\"><div class=\"vce-text-block\"><div class=\"vce-text-block-wrapper vce\" id=\"el-b18ff806\" data-vce-do-apply=\"all el-b18ff806\"><h2 style=\"text-align: center;\">&nbsp;<\/h2><h2 style=\"text-align: center;\"><span style=\"color: #6e5b49;\">Entradas<br><strong><span style=\"font-size: 18.6667px; text-align: center;\"><span style=\"font-weight: 400; font-style: normal;\"><span style=\"font-weight: bold;\">Antipasti + Vermut Carpano Rosso<\/span><br><\/span><\/span><\/strong><span style=\"font-weight: 400; font-style: normal;\"><span style=\"font-size: 18.6667px; text-align: center;\">Bocconcino, albahaca y cherry<\/span><\/span><\/span><\/h2><h2 style=\"text-align: center;\"><span style=\"color: #6e5b49;\">Primer plato<br><span style=\"font-weight: 400; font-style: normal;\"><span style=\"font-size: 18.6667px;\">Berenjena alla Parmegiana<br><\/span><span style=\"font-size: 14pt;\">Ensalada Emiliana (jam\u00f3n crudo, queso parmesano y hojas de r\u00facula)<\/span><\/span><\/span><\/h2><h2 style=\"text-align: center;\"><span style=\"color: #6e5b49;\">Segundo plato<br><span style=\"font-size: 14pt; font-weight: 400; font-style: normal;\">Pasta seca italiana con pesto Genov\u00e9s&nbsp;<br>Pizza Margherita<\/span><\/span><\/h2><h2 style=\"text-align: center;\"><span style=\"color: #6e5b49;\">Pre postre&nbsp;<br><span style=\"font-weight: 400; font-style: normal;\"><span style=\"font-size: 18.6667px;\">Tarta de ricotta &amp; nuestro lemoncello<\/span><\/span><\/span><\/h2><h2 style=\"text-align: center;\"><span style=\"color: #6e5b49;\">Postre<br><span style=\"font-weight: 400; font-style: normal;\"><span style=\"font-size: 18.6667px;\">Tiramis\u00fa Borgetti<br><\/span><span style=\"font-size: 18.6667px;\">Afogato<\/span><\/span><\/span><\/h2><p style=\"text-align: center;\"><span style=\"color: #6e5b49;\"><span style=\"font-size: 14pt;\">&nbsp;<\/span><em><span style=\"font-size: 14pt;\">Se requiere reserva previa en nuestros espacios gastron\u00f3micos. <br>Llame al interno 9804 o en la recepci\u00f3n de The Old Green Bar<\/span><\/em><\/span><\/p><\/div><\/div><\/div><\/div><\/div><\/div><\/div><\/div><div class=\"vce-row-container\"><div class=\"vce-row vce-row--col-gap-30 vce-row-columns--top vce-row-content--top\" id=\"el-8004c6d8\" data-vce-do-apply=\"all el-8004c6d8\"><div class=\"vce-row-content\" data-vce-element-content=\"true\"><div class=\"vce-col vce-col--md-auto vce-col--xs-1 vce-col--xs-last vce-col--xs-first vce-col--sm-last vce-col--sm-first vce-col--md-last vce-col--lg-last vce-col--xl-last vce-col--md-first vce-col--lg-first vce-col--xl-first\" id=\"el-267d382c\"><div class=\"vce-col-inner\" data-vce-do-apply=\"border margin background  el-267d382c\"><div class=\"vce-col-content\" data-vce-element-content=\"true\" data-vce-do-apply=\"padding el-267d382c\"><div class=\"vce-single-image-container vce-single-image--align-center\"><div class=\"vce vce-single-image-wrapper\" id=\"el-88932365\" data-vce-do-apply=\"all el-88932365\"><figure><div class=\"vce-single-image-inner vce-single-image--absolute\" style=\"padding-bottom: 27.7344%; width: 1024px;\"><img class=\"vce-single-image\" width=\"1024\" height=\"284\"src=\"https:\/\/growbrands.net\/neworder\/wp-content\/uploads\/2026\/03\/banner-bistro-espana-1024x284.png\" srcset=\"https:\/\/growbrands.net\/neworder\/wp-content\/uploads\/2026\/03\/banner-bistro-espana-320x89.png 320w,https:\/\/growbrands.net\/neworder\/wp-content\/uploads\/2026\/03\/banner-bistro-espana-480x133.png 480w,https:\/\/growbrands.net\/neworder\/wp-content\/uploads\/2026\/03\/banner-bistro-espana-800x222.png 800w,https:\/\/growbrands.net\/neworder\/wp-content\/uploads\/2026\/03\/banner-bistro-espana-1024x284.png 1024w\" data-img-src=\"https:\/\/growbrands.net\/neworder\/wp-content\/uploads\/2026\/01\/banner-bistro-espana.png\" alt=\"\" title=\"banner-bistro-espa\u00f1a\" \/><\/div><figcaption hidden=\"\"><\/figcaption><\/figure><\/div><\/div><\/div><\/div><\/div><\/div><\/div><\/div><div class=\"vce-row-container\"><div class=\"vce-row vce-row--col-gap-30 vce-row-columns--top vce-row-content--top\" id=\"el-cb1b7f64\" data-vce-do-apply=\"all el-cb1b7f64\"><div class=\"vce-row-content\" data-vce-element-content=\"true\"><div class=\"vce-col vce-col--md-auto vce-col--xs-1 vce-col--xs-last vce-col--xs-first vce-col--sm-last vce-col--sm-first vce-col--md-last vce-col--lg-last vce-col--xl-last vce-col--md-first vce-col--lg-first vce-col--xl-first\" id=\"el-a237175b\"><div class=\"vce-col-inner\" data-vce-do-apply=\"border margin background  el-a237175b\"><div class=\"vce-col-content\" data-vce-element-content=\"true\" data-vce-do-apply=\"padding el-a237175b\"><div class=\"vce-text-block\"><div class=\"vce-text-block-wrapper vce\" id=\"el-175906a7\" data-vce-do-apply=\"all el-175906a7\"><h2 style=\"text-align: center;\">&nbsp;<\/h2><h2 style=\"text-align: center;\"><span style=\"color: #6e5b49;\">Tapeo Aperitivo<br><span style=\"font-weight: 400; font-style: normal;\"><span style=\"font-size: 18.6667px;\">Olivas rellenas y fritas + Queso rallado Manchego Ca\u00f1a<\/span><\/span><\/span><\/h2><h2 style=\"text-align: center;\"><span style=\"color: #6e5b49;\">Entradas<br><span style=\"font-weight: 400; font-style: normal; font-size: 14pt;\">Bruschetta de tomate, ajo y j<\/span><span style=\"font-weight: 400; font-style: normal; font-size: 14pt;\">am\u00f3n crudo<br>Gambas al ajillo<\/span><\/span><\/h2><h2 style=\"text-align: center;\"><span style=\"color: #6e5b49;\">Plato principal<br><span style=\"font-weight: 400; font-style: normal; font-size: 14pt;\">Arroz con mariscos (Estilo paella)<br>Tortilla Espa\u00f1ola (Cantimpalo, perejil y cebolla) y alioli<\/span><\/span><\/h2><h2 style=\"text-align: center;\"><span style=\"color: #6e5b49;\">Pre postre<br><span style=\"font-size: 14pt; font-weight: 400; font-style: normal;\">Tarta Santiago<\/span><\/span><\/h2><h2 style=\"text-align: center;\"><span style=\"color: #6e5b49;\">Postre<br><span style=\"font-size: 14pt; font-weight: 400; font-style: normal;\">Tarta Vasca con dulce de frutas de carozo<br>Crema catalana<\/span><\/span><\/h2><p style=\"text-align: center;\"><span style=\"color: #6e5b49;\"><em><span style=\"font-size: 14pt;\">Se requiere reserva previa en nuestros espacios gastron\u00f3micos. <br>Llame al interno 9804 o en la recepci\u00f3n de The Old Green Bar<\/span><\/em><\/span><\/p><\/div><\/div><\/div><\/div><\/div><\/div><\/div><\/div><div class=\"vce-row-container\"><div class=\"vce-row vce-row--col-gap-30 vce-row-columns--top vce-row-content--top\" id=\"el-52059168\" data-vce-do-apply=\"all el-52059168\"><div class=\"vce-row-content\" data-vce-element-content=\"true\"><div class=\"vce-col vce-col--md-auto vce-col--xs-1 vce-col--xs-last vce-col--xs-first vce-col--sm-last vce-col--sm-first vce-col--md-last vce-col--lg-last vce-col--xl-last vce-col--md-first vce-col--lg-first vce-col--xl-first\" id=\"el-f21cc35a\"><div class=\"vce-col-inner\" data-vce-do-apply=\"border margin background  el-f21cc35a\"><div class=\"vce-col-content\" data-vce-element-content=\"true\" data-vce-do-apply=\"padding el-f21cc35a\"><div class=\"vce-single-image-container vce-single-image--align-center\"><div class=\"vce vce-single-image-wrapper\" id=\"el-7a691bad\" data-vce-do-apply=\"all el-7a691bad\"><figure><div class=\"vce-single-image-inner vce-single-image--absolute\" style=\"padding-bottom: 27.7344%; width: 1024px;\"><img class=\"vce-single-image\" width=\"1024\" height=\"284\"src=\"https:\/\/growbrands.net\/neworder\/wp-content\/uploads\/2026\/03\/banner-bistro-francia-1-1024x284.png\" srcset=\"https:\/\/growbrands.net\/neworder\/wp-content\/uploads\/2026\/03\/banner-bistro-francia-1-320x89.png 320w,https:\/\/growbrands.net\/neworder\/wp-content\/uploads\/2026\/03\/banner-bistro-francia-1-480x133.png 480w,https:\/\/growbrands.net\/neworder\/wp-content\/uploads\/2026\/03\/banner-bistro-francia-1-800x222.png 800w,https:\/\/growbrands.net\/neworder\/wp-content\/uploads\/2026\/03\/banner-bistro-francia-1-1024x284.png 1024w\" data-img-src=\"https:\/\/growbrands.net\/neworder\/wp-content\/uploads\/2026\/01\/banner-bistro-francia-1.png\" alt=\"\" title=\"banner-bistro-francia-1\" \/><\/div><figcaption hidden=\"\"><\/figcaption><\/figure><\/div><\/div><\/div><\/div><\/div><\/div><\/div><\/div><div class=\"vce-row-container\"><div class=\"vce-row vce-row--col-gap-30 vce-row-columns--top vce-row-content--top\" id=\"el-6dd925dc\" data-vce-do-apply=\"all el-6dd925dc\"><div class=\"vce-row-content\" data-vce-element-content=\"true\"><div class=\"vce-col vce-col--md-auto vce-col--xs-1 vce-col--xs-last vce-col--xs-first vce-col--sm-last vce-col--sm-first vce-col--md-last vce-col--lg-last vce-col--xl-last vce-col--md-first vce-col--lg-first vce-col--xl-first\" id=\"el-a888b3b7\"><div class=\"vce-col-inner\" data-vce-do-apply=\"border margin background  el-a888b3b7\"><div class=\"vce-col-content\" data-vce-element-content=\"true\" data-vce-do-apply=\"padding el-a888b3b7\"><div class=\"vce-text-block\"><div class=\"vce-text-block-wrapper vce\" id=\"el-ea5f2607\" data-vce-do-apply=\"all el-ea5f2607\"><h2 style=\"text-align: center;\">&nbsp;<\/h2><h2 style=\"text-align: center;\"><span style=\"color: #6e5b49;\"><span style=\"font-size: 24px;\">Amuse-bouche + Kir Royal<br><span style=\"font-weight: 400; font-style: normal; font-size: 14pt;\">Pat\u00e9 de poulet<\/span><\/span><\/span><\/h2><h2 style=\"text-align: center;\"><span style=\"color: #6e5b49;\">Entr\u00e9e<br><span style=\"font-size: 14pt;\"><span style=\"font-weight: 400; font-style: normal;\">Quiche Lorraine<br>Ratatouille<br><\/span><br><\/span>Plat principal<\/span><\/h2><p style=\"text-align: center;\"><span style=\"color: #6e5b49;\"><span style=\"font-size: 14pt;\"><span style=\"font-size: 14pt;\">Boeuf bourguignon (cazuela de res, vegetales y vino tinto)<br><\/span><\/span><span style=\"font-size: 14pt;\"><span style=\"font-size: 18.6667px;\">Fricassee de poulet (Fricas\u00e9 de pollo)<\/span><br><\/span><\/span><\/p><h2 style=\"text-align: center;\"><span style=\"color: #6e5b49;\"><span style=\"font-size: 24px;\">Pr\u00e9-dessert<\/span><\/span><\/h2><p style=\"text-align: center;\"><span style=\"color: #6e5b49;\"><span style=\"font-size: 18.6667px;\">Quesos (Az\u00fal y Brie) &amp; Vino Fortificado<\/span><\/span><\/p><h2 style=\"text-align: center;\"><span style=\"color: #6e5b49;\">Dessert<\/span><\/h2><p style=\"text-align: center;\"><span style=\"color: #6e5b49;\"><span style=\"font-size: 18.6667px;\">Eclair relleno de crema de avellanas y frutos rojos<br>Creme Brul\u00e9e&nbsp;<\/span><\/span><\/p><p style=\"text-align: center;\"><span style=\"color: #6e5b49;\"><span style=\"font-size: 14pt;\">&nbsp;<\/span><em><span style=\"font-size: 14pt;\">Se requiere reserva previa en nuestros espacios gastron\u00f3micos. <br>Llame al interno 9804 o en la recepci\u00f3n de The Old Green Bar<\/span><\/em><\/span><\/p><\/div><\/div><\/div><\/div><\/div><\/div><\/div><\/div><div class=\"vce-row-container\"><div class=\"vce-row vce-row--col-gap-30 vce-row-columns--top vce-row-content--top\" id=\"el-1d44ad38\" data-vce-do-apply=\"all el-1d44ad38\"><div class=\"vce-row-content\" data-vce-element-content=\"true\"><div class=\"vce-col vce-col--md-auto vce-col--xs-1 vce-col--xs-last vce-col--xs-first vce-col--sm-last vce-col--sm-first vce-col--md-last vce-col--lg-last vce-col--xl-last vce-col--md-first vce-col--lg-first vce-col--xl-first\" id=\"el-bbc028dc\"><div class=\"vce-col-inner\" data-vce-do-apply=\"border margin background  el-bbc028dc\"><div class=\"vce-col-content\" data-vce-element-content=\"true\" data-vce-do-apply=\"padding el-bbc028dc\"><div class=\"vce-single-image-container vce-single-image--align-center\"><div class=\"vce vce-single-image-wrapper\" id=\"el-91b91935\" data-vce-do-apply=\"all el-91b91935\"><figure><a href=\"https:\/\/growbrands.net\/neworder\/pueblo-nativo-gastronomia\/\" title=\"\" target=\"_blank\" class=\"vce-single-image-inner vce-single-image--absolute\" style=\"padding-bottom: 55%; width: 200px;\"><img class=\"vce-single-image\" width=\"200\" height=\"110\"src=\"https:\/\/growbrands.net\/neworder\/wp-content\/uploads\/2026\/03\/IMAGOTIPO-PUEBLO-NATIVO-BEIGE-200x110.png\" srcset=\"https:\/\/growbrands.net\/neworder\/wp-content\/uploads\/2026\/03\/IMAGOTIPO-PUEBLO-NATIVO-BEIGE-200x110.png 200w\" data-img-src=\"https:\/\/growbrands.net\/neworder\/wp-content\/uploads\/2026\/01\/IMAGOTIPO-PUEBLO-NATIVO-BEIGE.png\" alt=\"\" title=\"IMAGOTIPO-PUEBLO-NATIVO-BEIGE\" \/><\/a><figcaption hidden=\"\"><\/figcaption><\/figure><\/div><\/div><\/div><\/div><\/div><\/div><\/div><\/div><\/div><\/div><\/div><\/div><\/div><\/div>\n","protected":false},"excerpt":{"rendered":"<p>Bistr\u00f3 Europeo ofrece un viaje por las capitales del sabor internacional. Cada noche tem\u00e1tica es una inmersi\u00f3n en la esencia de Espa\u00f1a, Italia o Francia.&nbsp;Dress code: Elegante. Horarios: 21:00 a 23:00 H.&nbsp;EntradasAntipasti + Vermut Carpano RossoBocconcino, albahaca y cherryPrimer platoBerenjena alla ParmegianaEnsalada Emiliana (jam\u00f3n crudo, &hellip; <\/p>\n","protected":false},"author":34,"featured_media":0,"parent":0,"menu_order":0,"comment_status":"closed","ping_status":"closed","template":"","meta":{"_monsterinsights_skip_tracking":false,"_monsterinsights_sitenote_active":false,"_monsterinsights_sitenote_note":"","_monsterinsights_sitenote_category":0,"footnotes":""},"coauthors":[77,133],"class_list":["post-85538","page","type-page","status-publish","hentry"],"_links":{"self":[{"href":"https:\/\/growbrands.net\/neworder\/wp-json\/wp\/v2\/pages\/85538","targetHints":{"allow":["GET"]}}],"collection":[{"href":"https:\/\/growbrands.net\/neworder\/wp-json\/wp\/v2\/pages"}],"about":[{"href":"https:\/\/growbrands.net\/neworder\/wp-json\/wp\/v2\/types\/page"}],"author":[{"embeddable":true,"href":"https:\/\/growbrands.net\/neworder\/wp-json\/wp\/v2\/users\/34"}],"replies":[{"embeddable":true,"href":"https:\/\/growbrands.net\/neworder\/wp-json\/wp\/v2\/comments?post=85538"}],"version-history":[{"count":55,"href":"https:\/\/growbrands.net\/neworder\/wp-json\/wp\/v2\/pages\/85538\/revisions"}],"predecessor-version":[{"id":90606,"href":"https:\/\/growbrands.net\/neworder\/wp-json\/wp\/v2\/pages\/85538\/revisions\/90606"}],"wp:attachment":[{"href":"https:\/\/growbrands.net\/neworder\/wp-json\/wp\/v2\/media?parent=85538"}],"wp:term":[{"taxonomy":"author","embeddable":true,"href":"https:\/\/growbrands.net\/neworder\/wp-json\/wp\/v2\/coauthors?post=85538"}],"curies":[{"name":"wp","href":"https:\/\/api.w.org\/{rel}","templated":true}]}}