{"id":84688,"date":"2025-04-28T18:01:55","date_gmt":"2025-04-28T21:01:55","guid":{"rendered":"https:\/\/growbrands.net\/neworder\/?page_id=84688"},"modified":"2026-02-25T14:37:42","modified_gmt":"2026-02-25T17:37:42","slug":"silvestre-cocteleria","status":"publish","type":"page","link":"https:\/\/growbrands.net\/neworder\/silvestre-cocteleria\/","title":{"rendered":"Silvestre &#8211; Cocteler\u00eda"},"content":{"rendered":"<div class=\"vce-row-container\"><div class=\"vce-row vce-element--has-background vce-row--col-gap-30 vce-row-columns--top vce-row-content--top\" id=\"el-1f096c6d\" data-vce-do-apply=\"all el-1f096c6d\"><div class=\"vce-content-background-container\"><div class=\"vce-asset-parallax-container vce-visible-all-only\" data-vce-assets-parallax=\".vce-asset-parallax\" data-vce-assets-parallax-speed=\"40\" data-vce-assets-parallax-reverse=\"false\"><div class=\"vce-asset-parallax\" style=\"top: -40vh; bottom: -40vh; transform: translateY(11.4715vh);\"><div class=\"vce-asset-background-simple-container vce-visible-all-only vce-asset-background-simple--style-full-width vce-asset-background-simple--position-center-top\"><div class=\"vce-asset-background-simple\"><div class=\"vce-asset-background-simple-item\" style=\"background-image: url('https:\/\/growbrands.net\/neworder\/wp-content\/uploads\/2025\/04\/CARTA-SVTRE-11-scaled.jpg');\"><\/div><\/div><\/div><\/div><\/div><\/div><div class=\"vce-row-content\" data-vce-element-content=\"true\"><div class=\"vce-col vce-col--md-auto vce-col--xs-1 vce-col--xs-last vce-col--xs-first vce-col--sm-last vce-col--sm-first vce-col--md-last vce-col--lg-last vce-col--xl-last vce-col--md-first vce-col--lg-first vce-col--xl-first\" id=\"el-999bc871\"><div class=\"vce-col-inner\" data-vce-do-apply=\"border margin background  el-999bc871\"><div class=\"vce-col-content\" data-vce-element-content=\"true\" data-vce-do-apply=\"padding el-999bc871\"><div class=\"vce-single-image-container vce-single-image--align-center\"><div class=\"vce vce-single-image-wrapper\" id=\"el-9ddb1731\" data-vce-do-apply=\"all el-9ddb1731\"><figure><div class=\"vce-single-image-inner vce-single-image--absolute vce-single-image--border-rounded\" style=\"padding-bottom: 36.6667%; width: 300px;\"><img class=\"vce-single-image\" width=\"300\" height=\"110\"src=\"https:\/\/growbrands.net\/neworder\/wp-content\/uploads\/2026\/02\/silvestre.logo_.bn_.ch_-e1745704127667-300x110.png\" srcset=\"https:\/\/growbrands.net\/neworder\/wp-content\/uploads\/2026\/02\/silvestre.logo_.bn_.ch_-e1745704127667-300x110.png 300w\" data-img-src=\"https:\/\/growbrands.net\/neworder\/wp-content\/uploads\/2025\/04\/silvestre.logo_.bn_.ch_-e1745704127667.png\" alt=\"\" title=\"silvestre.logo.bn.ch\" \/><\/div><figcaption hidden=\"\"><\/figcaption><\/figure><\/div><\/div><div class=\"vce-row-container\"><div class=\"vce-row vce-row--col-gap-30 vce-row-columns--top vce-row-content--top\" id=\"el-bbd98eac\" data-vce-do-apply=\"all el-bbd98eac\"><div class=\"vce-content-background-container\"><\/div><div class=\"vce-row-content\" data-vce-element-content=\"true\"><div class=\"vce-col vce-col--md-auto vce-col--xs-1 vce-col--xs-last vce-col--xs-first vce-col--sm-last vce-col--sm-first vce-col--md-last vce-col--lg-last vce-col--xl-last vce-col--md-first vce-col--lg-first vce-col--xl-first\" id=\"el-6e39d68a\"><div class=\"vce-col-inner\" data-vce-do-apply=\"border margin background  el-6e39d68a\"><div class=\"vce-col-content\" data-vce-element-content=\"true\" data-vce-do-apply=\"padding el-6e39d68a\"><div class=\"vce-text-block\"><div class=\"vce-text-block-wrapper vce\" id=\"el-c348088c\" data-vce-do-apply=\"all el-c348088c\"><p><span style=\"color: #c5ba9f;\"><strong>Horarios:<\/strong><\/span><br><span style=\"color: #ffcc99;\">Lunes a Mi\u00e9rcoles | 8:00am a 00:00am<\/span><br><span style=\"color: #c5ba9f;\">Jueves a S\u00e1bados | 8:00am a 2:00am<br><span style=\"color: #ffcc99;\">Domingos | 9:30am a 10:00pm<\/span><br><\/span><\/p><\/div><\/div><\/div><\/div><\/div><\/div><\/div><\/div><div class=\"vce-row-container\"><div class=\"vce-row vce-row--col-gap-30 vce-row-columns--top vce-row-content--top\" id=\"el-2c19023e\" data-vce-do-apply=\"all el-2c19023e\"><div class=\"vce-content-background-container\"><\/div><div class=\"vce-row-content\" data-vce-element-content=\"true\"><div class=\"vce-col vce-col--md-auto vce-col--xs-1 vce-col--xs-last vce-col--xs-first vce-col--sm-last vce-col--sm-first vce-col--md-last vce-col--lg-last vce-col--xl-last vce-col--md-first vce-col--lg-first vce-col--xl-first\" id=\"el-28b0a544\"><div class=\"vce-col-inner\" data-vce-do-apply=\"border margin background  el-28b0a544\"><div class=\"vce-col-content\" data-vce-element-content=\"true\" data-vce-do-apply=\"padding el-28b0a544\"><div class=\"vce-text-block\"><div class=\"vce-text-block-wrapper vce\" id=\"el-9b895008\" data-vce-do-apply=\"all el-9b895008\"><p style=\"text-align: center;\"><span style=\"color: #c5ba9f; font-size: 24pt;\"><strong><span style=\"font-family: 'Archivo Narrow';\">COCTELER\u00cdA<\/span><\/strong><\/span><\/p><\/div><\/div><div class=\"vce-text-block\"><div class=\"vce-text-block-wrapper vce\" id=\"el-a8e6b748\" data-vce-do-apply=\"all el-a8e6b748\"><table style=\"width: 100%; height: 272px;\" width=\"100%\">\n<tbody>\n<tr style=\"height: 32px;\">\n<td style=\"height: 32px; width: 78.4483%;\" width=\"323\"><span style=\"color: #c5ba9f;\"><strong><span style=\"font-size: 16pt; font-family: 'Archivo Narrow';\">CL\u00c1SICOS<\/span><\/strong><\/span><\/td>\n<td style=\"height: 32px; width: 19.5402%;\" width=\"75\">&nbsp;<\/td>\n<\/tr>\n<tr style=\"height: 24px;\">\n<td style=\"width: 78.4483%; height: 24px;\"><span style=\"color: #c5ba9f;\">NEGRONI<br>Gin, vermouth y campari<\/span><\/td>\n<td style=\"text-align: right; width: 19.5402%; height: 24px;\"><span style=\"color: #c5ba9f;\">$ 9.900<\/span><\/td>\n<\/tr>\n<tr style=\"height: 23px;\">\n<td style=\"width: 78.4483%; height: 24px;\"><span style=\"color: #c5ba9f;\">AMERICANO<br>Vermouth, campari y soda<\/span><\/td>\n<td style=\"text-align: right; width: 19.5402%; height: 24px;\"><span style=\"color: #c5ba9f;\">$ 9.900<\/span><\/td>\n<\/tr>\n<tr style=\"height: 48px;\">\n<td style=\"width: 78.4483%; height: 48px;\"><span style=\"color: #c5ba9f;\">GIN TONIC HEREDERO DRY&nbsp;<br><\/span><span style=\"color: #c5ba9f; font-size: 12pt;\">&nbsp;C\u00e1scara de lim\u00f3n o pepino o frutos rojos<\/span><\/td>\n<td style=\"text-align: right; width: 19.5402%; height: 48px;\"><span style=\"color: #c5ba9f;\">$ 8.000<\/span><\/td>\n<\/tr>\n<tr>\n<td style=\"width: 78.4483%;\"><span style=\"color: #c5ba9f;\">GIN TONIC HEREDERO TANGERINE<br>Albahaca<\/span><\/td>\n<td style=\"text-align: right; width: 19.5402%;\"><span style=\"color: #c5ba9f;\">$8.000<\/span><\/td>\n<\/tr>\n<tr>\n<td style=\"width: 78.4483%;\"><span style=\"color: #c5ba9f;\">GIN TONIC HEREDERO PINK<br>Pomelo y menta<\/span><\/td>\n<td style=\"text-align: right; width: 19.5402%;\"><span style=\"color: #c5ba9f;\">$8.000<\/span><\/td>\n<\/tr>\n<tr style=\"height: 24px;\">\n<td style=\"width: 78.4483%; height: 24px;\"><span style=\"color: #c5ba9f;\">GIN TONIC BULLDOG<br>Bulldog, t\u00f3nica y c\u00e1scara de lim\u00f3n<\/span><\/td>\n<td style=\"text-align: right; width: 19.5402%; height: 24px;\"><span style=\"color: #c5ba9f;\">$12.000<\/span><\/td>\n<\/tr>\n<tr style=\"height: 23px;\">\n<td style=\"width: 78.4483%; height: 24px;\"><span style=\"color: #c5ba9f;\">OLD FASHIONED<br>Whisky, bitter y az\u00facar<\/span><\/td>\n<td style=\"text-align: right; width: 19.5402%; height: 24px;\"><span style=\"color: #c5ba9f;\">$ 12.000<\/span><\/td>\n<\/tr>\n<tr style=\"height: 23px;\">\n<td style=\"width: 78.4483%; height: 24px;\"><span style=\"color: #c5ba9f;\">CAIPIRINIHIA<br>Cacha\u00e7a, lima y az\u00facar<br><\/span><\/td>\n<td style=\"text-align: right; width: 19.5402%; height: 24px;\"><span style=\"color: #c5ba9f;\">$ 9.900<\/span><\/td>\n<\/tr>\n<tr style=\"height: 24px;\">\n<td style=\"width: 78.4483%; height: 24px;\"><span style=\"color: #c5ba9f;\">CAIPIRINIHIA MALIBU<br>Malib\u00fa, lima y az\u00facar&nbsp;<br><\/span><\/td>\n<td style=\"text-align: right; width: 19.5402%; height: 24px;\"><span style=\"color: #c5ba9f;\">$9.900<\/span><\/td>\n<\/tr>\n<tr style=\"height: 23px;\">\n<td style=\"width: 78.4483%; height: 24px;\"><span style=\"color: #c5ba9f;\">CAIPIROSHKA<br>Vodka, lima y az\u00facar<\/span><\/td>\n<td style=\"text-align: right; width: 19.5402%; height: 24px;\"><span style=\"color: #c5ba9f;\">$ 9.900<\/span><\/td>\n<\/tr>\n<tr style=\"height: 23px;\">\n<td style=\"width: 78.4483%; height: 24px;\"><span style=\"color: #c5ba9f;\">MOJITO<br>Ron, lima, az\u00facar, menta y soda<\/span><\/td>\n<td style=\"text-align: right; width: 19.5402%; height: 24px;\"><span style=\"color: #c5ba9f;\">$ 9.900<\/span><\/td>\n<\/tr>\n<tr>\n<td style=\"width: 78.4483%;\"><span style=\"color: #c5ba9f;\">MOJITO ESPUMOSO<br>Ron, champagne, lim\u00f3n, az\u00facar y menta<\/span><\/td>\n<td style=\"text-align: right; width: 19.5402%;\"><span style=\"color: #c5ba9f;\">$ 9.900<\/span><\/td>\n<\/tr>\n<tr>\n<td style=\"width: 78.4483%;\"><span style=\"color: #c5ba9f;\">MOJITO MALIBU<br>Malib\u00fa, lima y az\u00facar&nbsp;<br><\/span><\/td>\n<td style=\"text-align: right; width: 19.5402%;\"><span style=\"color: #c5ba9f;\">$ 9.900<\/span><\/td>\n<\/tr>\n<\/tbody>\n<\/table><\/div><\/div><\/div><\/div><\/div><\/div><\/div><\/div><div class=\"vce-row-container\"><div class=\"vce-row vce-row--col-gap-30 vce-row-columns--top vce-row-content--top\" id=\"el-9353113b\" data-vce-do-apply=\"all el-9353113b\"><div class=\"vce-content-background-container\"><\/div><div class=\"vce-row-content\" data-vce-element-content=\"true\"><div class=\"vce-col vce-col--md-auto vce-col--xs-1 vce-col--xs-last vce-col--xs-first vce-col--sm-last vce-col--sm-first vce-col--md-last vce-col--lg-last vce-col--xl-last vce-col--md-first vce-col--lg-first vce-col--xl-first\" id=\"el-5d9cd3f0\"><div class=\"vce-col-inner\" data-vce-do-apply=\"border margin background  el-5d9cd3f0\"><div class=\"vce-col-content\" data-vce-element-content=\"true\" data-vce-do-apply=\"padding el-5d9cd3f0\"><div class=\"vce-text-block\"><div class=\"vce-text-block-wrapper vce\" id=\"el-195b6278\" data-vce-do-apply=\"all el-195b6278\"><table style=\"width: 100%; height: 152px;\" width=\"100%\">\n<tbody>\n<tr style=\"height: 32px;\">\n<td style=\"height: 32px;\" width=\"323\"><span style=\"color: #c5ba9f;\"><strong><span style=\"font-size: 16pt; font-family: 'Archivo Narrow';\">ESPECIALES<\/span><\/strong><\/span><\/td>\n<td style=\"height: 32px;\" width=\"75\">&nbsp;<\/td>\n<\/tr>\n<tr style=\"height: 24px;\">\n<td style=\"height: 24px;\"><span style=\"color: #c5ba9f;\">WHISKEY SOUR<br>Whiskey, lim\u00f3n y alm\u00edbar<\/span><\/td>\n<td style=\"text-align: right; height: 24px;\"><span style=\"color: #c5ba9f;\">$ 12.000<\/span><\/td>\n<\/tr>\n<tr style=\"height: 23px;\">\n<td style=\"height: 24px;\"><span style=\"color: #c5ba9f;\">GIN BASIL SMASH<br>Gin, lim\u00f3n, alm\u00edbar y albahaca<\/span><\/td>\n<td style=\"text-align: right; height: 24px;\"><span style=\"color: #c5ba9f;\">$ 9.900<\/span><\/td>\n<\/tr>\n<tr style=\"height: 24px;\">\n<td style=\"height: 24px;\"><span style=\"color: #c5ba9f;\">MOSCU MULE<br>Vodka, jugo de lim\u00f3n y ginger ale<\/span><\/td>\n<td style=\"text-align: right; height: 24px;\"><span style=\"color: #c5ba9f;\">$ 12.000<\/span><\/td>\n<\/tr>\n<tr style=\"height: 24px;\">\n<td style=\"height: 24px;\"><span style=\"color: #c5ba9f;\">HUGO SPRITZ<br>Licor de sauco, lim\u00f3n, champagne y soda<\/span><\/td>\n<td style=\"text-align: right; height: 24px;\"><span style=\"color: #c5ba9f;\">$ 9.900<\/span><\/td>\n<\/tr>\n<tr>\n<td><span style=\"color: #c5ba9f;\">CYNAR SPRITZ<br>Cynar, champagne, naranja y soda<\/span><\/td>\n<td style=\"text-align: right;\"><span style=\"color: #c5ba9f;\">$9.900<\/span><\/td>\n<\/tr>\n<tr style=\"height: 24px;\">\n<td style=\"height: 24px;\"><span style=\"color: #c5ba9f;\">CYNAR JULEP<br>Cynar, menta, alm\u00edbar y jugo de pomelo<\/span><\/td>\n<td style=\"text-align: right; height: 24px;\"><span style=\"color: #c5ba9f;\">$ 9.900<\/span><\/td>\n<\/tr>\n<tr>\n<td><span style=\"color: #c5ba9f;\">MOJITO ESPUMOSO<br>Ron, champange, menta, y az\u00facar<\/span><\/td>\n<td style=\"text-align: right;\"><span style=\"color: #c5ba9f;\">$9.900<\/span><\/td>\n<\/tr>\n<tr>\n<td><span style=\"color: #c5ba9f;\">MARTINI ESPRESSO<br>Vodka, caf\u00e9 de especialidad, alm\u00edbar y licor de caf\u00e9<\/span><\/td>\n<td style=\"text-align: right;\"><span style=\"color: #c5ba9f;\">$9.900<\/span><\/td>\n<\/tr>\n<\/tbody>\n<\/table><\/div><\/div><\/div><\/div><\/div><\/div><\/div><\/div><div class=\"vce-row-container\"><div class=\"vce-row vce-row--col-gap-30 vce-row-columns--top vce-row-content--top\" id=\"el-a5422a5c\" data-vce-do-apply=\"all el-a5422a5c\"><div class=\"vce-content-background-container\"><\/div><div class=\"vce-row-content\" data-vce-element-content=\"true\"><div class=\"vce-col vce-col--md-auto vce-col--xs-1 vce-col--xs-last vce-col--xs-first vce-col--sm-last vce-col--sm-first vce-col--md-last vce-col--lg-last vce-col--xl-last vce-col--md-first vce-col--lg-first vce-col--xl-first\" id=\"el-80a79f44\"><div class=\"vce-col-inner\" data-vce-do-apply=\"border margin background  el-80a79f44\"><div class=\"vce-col-content\" data-vce-element-content=\"true\" data-vce-do-apply=\"padding el-80a79f44\"><div class=\"vce-text-block\"><div class=\"vce-text-block-wrapper vce\" id=\"el-63dbdf39\" data-vce-do-apply=\"all el-63dbdf39\"><table style=\"width: 100%; height: 407px;\" width=\"100%\">\n<tbody>\n<tr style=\"height: 32px;\">\n<td style=\"height: 32px; width: 78.148%;\" width=\"323\"><span style=\"color: #c5ba9f;\"><strong><span style=\"font-size: 16pt; font-family: 'Archivo Narrow';\">DE BODEG\u00d3N<\/span><\/strong><\/span><\/td>\n<td style=\"height: 32px; width: 19.8405%;\" width=\"75\">&nbsp;<\/td>\n<\/tr>\n<tr style=\"height: 72px;\">\n<td style=\"width: 78.148%; height: 72px;\"><span style=\"color: #c5ba9f;\">PUENTE AMARILLO 1 litro<br>Sauvignon blanc, aperol y reducci\u00f3n de miel.<\/span><\/td>\n<td style=\"text-align: right; width: 19.8405%; height: 72px;\"><span style=\"color: #c5ba9f;\">$15.000<\/span><\/td>\n<\/tr>\n<tr style=\"height: 48px;\">\n<td style=\"width: 78.148%; height: 48px;\"><span style=\"color: #c5ba9f;\">TINTURA SILVESTRE 1 litro<br>Malbec, frutos rojos y pomelo.<\/span><\/td>\n<td style=\"text-align: right; width: 19.8405%; height: 48px;\"><span style=\"color: #c5ba9f;\">$15.000<\/span><\/td>\n<\/tr>\n<tr style=\"height: 26px;\">\n<td style=\"width: 78.148%; height: 26px;\">\n<p><span style=\"color: #c5ba9f;\">FLAMENCA SILVESTRE 1 litro<br>Rose, champagne, jugo de sand\u00eda y alm\u00edbar.<\/span><\/p>\n<\/td>\n<td style=\"text-align: right; width: 19.8405%; height: 26px;\"><span style=\"color: #c5ba9f;\">$15.000<\/span><\/td>\n<\/tr>\n<tr style=\"height: 24px;\">\n<td style=\"width: 78.148%; height: 24px;\"><span style=\"color: #c5ba9f;\">APEROL SPRITZ<\/span><\/td>\n<td style=\"text-align: right; width: 19.8405%; height: 24px;\"><span style=\"color: #c5ba9f;\">$8.000<\/span><\/td>\n<\/tr>\n<tr style=\"height: 24px;\">\n<td style=\"width: 78.148%; height: 24px;\"><span style=\"color: #c5ba9f;\">CAMPARI SPRITZ<\/span><\/td>\n<td style=\"text-align: right; width: 19.8405%; height: 24px;\"><span style=\"color: #c5ba9f;\">$8.000<\/span><\/td>\n<\/tr>\n<tr style=\"height: 23px;\">\n<td style=\"width: 78.148%; height: 24px;\"><span style=\"color: #c5ba9f;\">FERNET BRANCA CON COCA<\/span><\/td>\n<td style=\"text-align: right; width: 19.8405%; height: 24px;\"><span style=\"color: #c5ba9f;\">$ 8.000<\/span><\/td>\n<\/tr>\n<tr style=\"height: 24px;\">\n<td style=\"width: 78.148%; height: 24px;\"><span style=\"color: #c5ba9f;\">FERNET BRANCAMENTA T\u00d3NIC&nbsp;<\/span><\/td>\n<td style=\"text-align: right; width: 19.8405%; height: 24px;\"><span style=\"color: #c5ba9f;\">$ 8.000<\/span><\/td>\n<\/tr>\n<tr style=\"height: 23px;\">\n<td style=\"width: 78.148%; height: 48px;\"><span style=\"color: #c5ba9f;\">VERMOUTH CARPANO ORIGINALE | BIANCO<\/span><\/td>\n<td style=\"text-align: right; width: 19.8405%; height: 48px;\"><span style=\"color: #c5ba9f;\">$ 8.000<\/span><\/td>\n<\/tr>\n<tr style=\"height: 24px;\">\n<td style=\"width: 78.148%; height: 24px;\"><span style=\"color: #c5ba9f;\">VERMOUTH GIOVANNONI&nbsp;<\/span><\/td>\n<td style=\"text-align: right; width: 19.8405%; height: 24px;\"><span style=\"color: #c5ba9f;\">$9.900<\/span><\/td>\n<\/tr>\n<tr style=\"height: 23px;\">\n<td style=\"width: 78.148%; height: 24px;\"><span style=\"color: #c5ba9f;\">VERMOUTH LUNFA BIANCO | ROSSO<\/span><\/td>\n<td style=\"text-align: right; width: 19.8405%; height: 24px;\"><span style=\"color: #c5ba9f;\">$ 9.900<\/span><\/td>\n<\/tr>\n<tr style=\"height: 24px;\">\n<td style=\"width: 78.148%; height: 24px;\"><span style=\"color: #c5ba9f;\">ABSOLUT T\u00d3NIC<\/span><\/td>\n<td style=\"text-align: right; width: 19.8405%; height: 24px;\"><span style=\"color: #c5ba9f;\">$9.900<\/span><\/td>\n<\/tr>\n<tr style=\"height: 24px;\">\n<td style=\"width: 78.148%; height: 13px;\"><span style=\"color: #c5ba9f;\">SERNOVA T\u00d3NIC<\/span><\/td>\n<td style=\"text-align: right; width: 19.8405%; height: 13px;\"><span style=\"color: #c5ba9f;\">$8.000<\/span><\/td>\n<\/tr>\n<\/tbody>\n<\/table><\/div><\/div><\/div><\/div><\/div><\/div><\/div><\/div><div class=\"vce-button--style-outline-container vce-button--style-outline-container--align-center\"><span class=\"vce-button--style-outline-wrapper vce vce-button--style-outline-wrapper--stretched\" id=\"el-cda34e8a\" data-vce-do-apply=\"margin el-cda34e8a\"><a class=\"vce-button--style-outline-animated vce-button--style-outline--border-round vce-button--style-outline--size-medium vce-button--style-outline-animated--color-b-197-186-159--fff--3d3d3d vce-button--style-outline-animated--border-color-b-197-186-159--3d3d3d vce-button--style-outline-animated--background-color-b-47-47-47\" href=\"https:\/\/growbrands.net\/neworder\/silvestre\/\" title=\"\" data-vce-do-apply=\"padding border background  el-cda34e8a\"><span class=\"vce-button--style-outline-text\">VOLVER<\/span><\/a><\/span><\/div><\/div><\/div><\/div><\/div><\/div><\/div><div class=\"vce-row-container\"><div class=\"vce-row vce-row--col-gap-30 vce-row-columns--top vce-row-content--top\" id=\"el-034f0b1b\" data-vce-do-apply=\"all el-034f0b1b\"><div class=\"vce-row-content\" data-vce-element-content=\"true\"><div class=\"vce-col vce-col--md-auto vce-col--xs-1 vce-col--xs-last vce-col--xs-first vce-col--sm-last vce-col--sm-first vce-col--md-last vce-col--lg-last vce-col--xl-last vce-col--md-first vce-col--lg-first vce-col--xl-first\" id=\"el-79c96dd8\"><div class=\"vce-col-inner\" data-vce-do-apply=\"border margin background  el-79c96dd8\"><div class=\"vce-col-content\" data-vce-element-content=\"true\" data-vce-do-apply=\"padding el-79c96dd8\"><div class=\"vce-widgets-container\"><div class=\"vce vce-widgets-wrapper\" id=\"el-45f7dd9e\" data-vce-do-apply=\"all el-45f7dd9e\"><div class=\"textwidget custom-html-widget\"><div style=\"text-align; background-color:#000;\">\n<p style=\"text-align: center;\"><a href=\"http:\/\/www.neworder.menu\" target=\"_blank\" style=\"text-decoration:none;\"><span style=\"color:#ffffff;\">New Order: QR Digital Menu <br By Grow Brands<\/span><\/a><\/p>\n\t<\/div><\/div><\/div><\/div><\/div><\/div><\/div><\/div><\/div><\/div>\n","protected":false},"excerpt":{"rendered":"<p>Horarios:Lunes a Mi\u00e9rcoles | 8:00am a 00:00amJueves a S\u00e1bados | 8:00am a 2:00amDomingos | 9:30am a 10:00pmCOCTELER\u00cdA CL\u00c1SICOS &nbsp; NEGRONIGin, vermouth y campari $ 9.900 AMERICANOVermouth, campari y soda $ 9.900 GIN TONIC HEREDERO DRY&nbsp;&nbsp;C\u00e1scara de lim\u00f3n o pepino o frutos rojos $ 8.000 GIN &hellip; <\/p>\n","protected":false},"author":12,"featured_media":0,"parent":0,"menu_order":0,"comment_status":"closed","ping_status":"closed","template":"","meta":{"_monsterinsights_skip_tracking":false,"_monsterinsights_sitenote_active":false,"_monsterinsights_sitenote_note":"","_monsterinsights_sitenote_category":0,"footnotes":""},"coauthors":[71,129],"class_list":["post-84688","page","type-page","status-publish","hentry"],"_links":{"self":[{"href":"https:\/\/growbrands.net\/neworder\/wp-json\/wp\/v2\/pages\/84688","targetHints":{"allow":["GET"]}}],"collection":[{"href":"https:\/\/growbrands.net\/neworder\/wp-json\/wp\/v2\/pages"}],"about":[{"href":"https:\/\/growbrands.net\/neworder\/wp-json\/wp\/v2\/types\/page"}],"author":[{"embeddable":true,"href":"https:\/\/growbrands.net\/neworder\/wp-json\/wp\/v2\/users\/12"}],"replies":[{"embeddable":true,"href":"https:\/\/growbrands.net\/neworder\/wp-json\/wp\/v2\/comments?post=84688"}],"version-history":[{"count":54,"href":"https:\/\/growbrands.net\/neworder\/wp-json\/wp\/v2\/pages\/84688\/revisions"}],"predecessor-version":[{"id":90318,"href":"https:\/\/growbrands.net\/neworder\/wp-json\/wp\/v2\/pages\/84688\/revisions\/90318"}],"wp:attachment":[{"href":"https:\/\/growbrands.net\/neworder\/wp-json\/wp\/v2\/media?parent=84688"}],"wp:term":[{"taxonomy":"author","embeddable":true,"href":"https:\/\/growbrands.net\/neworder\/wp-json\/wp\/v2\/coauthors?post=84688"}],"curies":[{"name":"wp","href":"https:\/\/api.w.org\/{rel}","templated":true}]}}