{"id":84146,"date":"2025-04-07T02:01:51","date_gmt":"2025-04-07T05:01:51","guid":{"rendered":"https:\/\/growbrands.net\/neworder\/?page_id=84146"},"modified":"2026-04-02T14:08:30","modified_gmt":"2026-04-02T17:08:30","slug":"el-ruedo-sandwiches","status":"publish","type":"page","link":"https:\/\/growbrands.net\/neworder\/el-ruedo-sandwiches\/","title":{"rendered":"El Ruedo &#8211; Sandwiches"},"content":{"rendered":"<div class=\"vce-row-container\"><div class=\"vce-row vce-element--has-background vce-row--col-gap-30 vce-row-columns--top vce-row-content--top\" id=\"el-1f096c6d\" data-vce-do-apply=\"all el-1f096c6d\"><div class=\"vce-content-background-container\"><div class=\"vce-asset-parallax-container vce-visible-all-only\" data-vce-assets-parallax=\".vce-asset-parallax\" data-vce-assets-parallax-speed=\"40\" data-vce-assets-parallax-reverse=\"false\"><div class=\"vce-asset-parallax\" style=\"top: -40vh; bottom: -40vh; transform: translateY(12.8665vh);\"><\/div><\/div><\/div><div class=\"vce-row-content\" data-vce-element-content=\"true\"><div class=\"vce-col vce-col--md-auto vce-col--xs-1 vce-col--xs-last vce-col--xs-first vce-col--sm-last vce-col--sm-first vce-col--md-last vce-col--lg-last vce-col--xl-last vce-col--md-first vce-col--lg-first vce-col--xl-first\" id=\"el-999bc871\"><div class=\"vce-col-inner\" data-vce-do-apply=\"border margin background  el-999bc871\"><div class=\"vce-col-content\" data-vce-element-content=\"true\" data-vce-do-apply=\"padding el-999bc871\"><div class=\"vce-single-image-container vce-single-image--align-center\"><div class=\"vce vce-single-image-wrapper\" id=\"el-9ddb1731\" data-vce-do-apply=\"all el-9ddb1731\"><figure><div class=\"vce-single-image-inner vce-single-image--absolute\" style=\"padding-bottom: 55.6667%; width: 300px;\"><img class=\"vce-single-image\" width=\"300\" height=\"167\"src=\"https:\/\/growbrands.net\/neworder\/wp-content\/uploads\/2026\/04\/logo.el_.ruedo_-300x167.jpg\" srcset=\"https:\/\/growbrands.net\/neworder\/wp-content\/uploads\/2026\/04\/logo.el_.ruedo_-300x167.jpg 300w\" data-img-src=\"https:\/\/growbrands.net\/neworder\/wp-content\/uploads\/2025\/04\/logo.el_.ruedo_.jpg\" alt=\"\" title=\"logo.el.ruedo\" \/><\/div><figcaption hidden=\"\"><\/figcaption><\/figure><\/div><\/div><div class=\"vce-row-container\"><div class=\"vce-row vce-row--col-gap-30 vce-row-columns--top vce-row-content--top\" id=\"el-bbd98eac\" data-vce-do-apply=\"all el-bbd98eac\"><div class=\"vce-content-background-container\"><\/div><div class=\"vce-row-content\" data-vce-element-content=\"true\"><div class=\"vce-col vce-col--md-auto vce-col--xs-1 vce-col--xs-last vce-col--xs-first vce-col--sm-last vce-col--sm-first vce-col--md-last vce-col--lg-last vce-col--xl-last vce-col--md-first vce-col--lg-first vce-col--xl-first\" id=\"el-6e39d68a\"><div class=\"vce-col-inner\" data-vce-do-apply=\"border margin background  el-6e39d68a\"><div class=\"vce-col-content\" data-vce-element-content=\"true\" data-vce-do-apply=\"padding el-6e39d68a\"><div class=\"vce-text-block\"><div class=\"vce-text-block-wrapper vce\" id=\"el-c348088c\" data-vce-do-apply=\"all el-c348088c\"><p>Horarios:<br>Lunes a s\u00e1bado de 07 a 01:30&nbsp;<br>Domingos y feriados de 08 a 01:30<br>Delivery ( Rappi \/ Pedidos Ya ) 12:00 pm a 01:00 am<\/p><\/div><\/div><\/div><\/div><\/div><\/div><\/div><\/div><div class=\"vce-row-container\"><div class=\"vce-row vce-row--col-gap-30 vce-row-columns--top vce-row-content--top\" id=\"el-2c19023e\" data-vce-do-apply=\"all el-2c19023e\"><div class=\"vce-content-background-container\"><\/div><div class=\"vce-row-content\" data-vce-element-content=\"true\"><div class=\"vce-col vce-col--md-auto vce-col--xs-1 vce-col--xs-last vce-col--xs-first vce-col--sm-last vce-col--sm-first vce-col--md-last vce-col--lg-last vce-col--xl-last vce-col--md-first vce-col--lg-first vce-col--xl-first\" id=\"el-28b0a544\"><div class=\"vce-col-inner\" data-vce-do-apply=\"border margin background  el-28b0a544\"><div class=\"vce-col-content\" data-vce-element-content=\"true\" data-vce-do-apply=\"padding el-28b0a544\"><div class=\"vce-text-block\"><div class=\"vce-text-block-wrapper vce\" id=\"el-9b895008\" data-vce-do-apply=\"all el-9b895008\"><table style=\"width: 100%; height: 709px;\" width=\"100%\">\n<tbody>\n<tr style=\"height: 31px;\">\n<td style=\"width: 76.7204%; height: 31px;\" width=\"323\"><strong><span style=\"font-size: 16pt; font-family: 'Archivo Narrow';\"><span data-sheets-value=\"{&quot;1&quot;:2,&quot;2&quot;:&quot;Ensaladas&quot;}\" data-sheets-userformat=\"{&quot;2&quot;:14849,&quot;3&quot;:{&quot;1&quot;:0},&quot;12&quot;:0,&quot;14&quot;:{&quot;1&quot;:2,&quot;2&quot;:3355443},&quot;15&quot;:&quot;Arial, sans-serif&quot;,&quot;16&quot;:12}\">SANDWICHES<br>Variedades de pan: baguette, \u00e1rabe, miga negro, pebete (incluye papas copet\u00edn)<br><\/span><\/span><\/strong><\/td>\n<td style=\"width: 20.8627%; height: 31px; text-align: right;\" width=\"75\">&nbsp;<\/td>\n<\/tr>\n<tr>\n<td style=\"width: 76.7204%;\">TRADICIONAL<br>Jam\u00f3n cocido y queso<\/td>\n<td style=\"width: 20.8627%; text-align: right;\">$9,500<\/td>\n<\/tr>\n<tr>\n<td style=\"width: 76.7204%;\">SERRANO<br>Jam\u00f3n crudo, queso, r\u00facula, tomate<\/td>\n<td style=\"width: 20.8627%; text-align: right;\">$12,900<\/td>\n<\/tr>\n<tr>\n<td style=\"width: 76.7204%;\">EL RUEDO<br>Ternera, queso, lechuga, aceitunas, tomate, huevo y morr\u00f3n<\/td>\n<td style=\"width: 20.8627%; text-align: right;\">$14,300<\/td>\n<\/tr>\n<tr>\n<td style=\"width: 76.7204%;\">Jam\u00f3n cocido, queso y tomate<\/td>\n<td style=\"width: 20.8627%; text-align: right;\">$10,200<\/td>\n<\/tr>\n<tr>\n<td style=\"width: 76.7204%;\">Jam\u00f3n crudo y queso<\/td>\n<td style=\"width: 20.8627%; text-align: right;\">$10,600<\/td>\n<\/tr>\n<tr>\n<td style=\"width: 76.7204%;\">Jam\u00f3n crudo, queso y tomate<\/td>\n<td style=\"width: 20.8627%; text-align: right;\">$11,400<\/td>\n<\/tr>\n<tr>\n<td style=\"width: 76.7204%;\">Ternera y queso<\/td>\n<td style=\"width: 20.8627%; text-align: right;\">$10,600<\/td>\n<\/tr>\n<tr>\n<td style=\"width: 76.7204%;\">Ternera, queso y tomate<\/td>\n<td style=\"width: 20.8627%; text-align: right;\">$11,400<\/td>\n<\/tr>\n<tr>\n<td style=\"width: 76.7204%;\">Primavera (jam\u00f3n cocido, queso, tomate, lechuga, aceitunas y huevo)<\/td>\n<td style=\"width: 20.8627%; text-align: right;\">$12,700<\/td>\n<\/tr>\n<tr>\n<td style=\"width: 76.7204%;\">&nbsp;<\/td>\n<td style=\"width: 20.8627%; text-align: right;\">&nbsp;<\/td>\n<\/tr>\n<tr>\n<td style=\"width: 76.7204%;\"><strong>CARLITOS<\/strong><\/td>\n<td style=\"width: 20.8627%; text-align: right;\">&nbsp;<\/td>\n<\/tr>\n<tr>\n<td style=\"width: 76.7204%;\">CARLITOS EL RUEDO<br>Jam\u00f3n cocido, queso. tomate, morr\u00f3n, aceitunas, huevo duro y papas copet\u00edn<\/td>\n<td style=\"width: 20.8627%; text-align: right;\">$11,300<\/td>\n<\/tr>\n<tr>\n<td style=\"width: 76.7204%;\">Carlitos de jam\u00f3n cocido y queso<\/td>\n<td style=\"width: 20.8627%; text-align: right;\">$8,300<\/td>\n<\/tr>\n<tr>\n<td style=\"width: 76.7204%;\">Carlitos de jam\u00f3n cocido y queso con papas copet\u00edn<\/td>\n<td style=\"width: 20.8627%; text-align: right;\">$9,200<\/td>\n<\/tr>\n<tr>\n<td style=\"width: 76.7204%;\">Carlitos de jam\u00f3n cocido, queso y tomate<\/td>\n<td style=\"width: 20.8627%; text-align: right;\">$10,800<\/td>\n<\/tr>\n<tr>\n<td style=\"width: 76.7204%;\">Carlitos de jam\u00f3n cocido, queso y morr\u00f3n<\/td>\n<td style=\"width: 20.8627%; text-align: right;\">$11,000<\/td>\n<\/tr>\n<tr>\n<td style=\"width: 76.7204%;\">&nbsp;<\/td>\n<td style=\"width: 20.8627%; text-align: right;\">&nbsp;<\/td>\n<\/tr>\n<tr>\n<td style=\"width: 76.7204%;\"><strong>PANCHOS<\/strong><\/td>\n<td style=\"width: 20.8627%; text-align: right;\">&nbsp;<\/td>\n<\/tr>\n<tr>\n<td style=\"width: 76.7204%;\">Pancho simple<\/td>\n<td style=\"width: 20.8627%; text-align: right;\">$7,200<\/td>\n<\/tr>\n<tr>\n<td style=\"width: 76.7204%;\">Pancho doble con papas copet\u00edn<\/td>\n<td style=\"width: 20.8627%; text-align: right;\">$9,500<\/td>\n<\/tr>\n<tr>\n<td style=\"width: 76.7204%;\">Tortuguita<\/td>\n<td style=\"width: 20.8627%; text-align: right;\">$10,600<\/td>\n<\/tr>\n<tr>\n<td style=\"width: 76.7204%;\">Pancho con jam\u00f3n y queso<\/td>\n<td style=\"width: 20.8627%; text-align: right;\">$9,500<\/td>\n<\/tr>\n<tr>\n<td style=\"width: 76.7204%;\">&nbsp;<\/td>\n<td style=\"width: 20.8627%; text-align: right;\">&nbsp;<\/td>\n<\/tr>\n<tr>\n<td style=\"width: 76.7204%;\"><strong>SIMPLES<\/strong><\/td>\n<td style=\"width: 20.8627%; text-align: right;\">&nbsp;<\/td>\n<\/tr>\n<tr>\n<td style=\"width: 76.7204%;\">Simple jam\u00f3n cocido<\/td>\n<td style=\"width: 20.8627%; text-align: right;\">$4,400<\/td>\n<\/tr>\n<tr>\n<td style=\"width: 76.7204%;\">Simple queso<\/td>\n<td style=\"width: 20.8627%; text-align: right;\">$4,400<\/td>\n<\/tr>\n<tr>\n<td style=\"width: 76.7204%;\">Simple ternera<\/td>\n<td style=\"width: 20.8627%; text-align: right;\">$5,000<\/td>\n<\/tr>\n<tr>\n<td style=\"width: 76.7204%;\">Simple jamon crudo<\/td>\n<td style=\"width: 20.8627%; text-align: right;\">$5,000<\/td>\n<\/tr>\n<tr>\n<td style=\"width: 76.7204%;\">&nbsp;<\/td>\n<td style=\"width: 20.8627%; text-align: right;\">&nbsp;<\/td>\n<\/tr>\n<tr>\n<td style=\"width: 76.7204%;\"><strong>TRIPLES<\/strong> <br>(pan de miga blanco)<\/td>\n<td style=\"width: 20.8627%; text-align: right;\">&nbsp;<\/td>\n<\/tr>\n<tr>\n<td style=\"width: 76.7204%;\">Triple jam\u00f3n cocido y queso<\/td>\n<td style=\"width: 20.8627%; text-align: right;\">$6,700<\/td>\n<\/tr>\n<tr>\n<td style=\"width: 76.7204%;\">Triple jam\u00f3n cocido, queso y verduras<\/td>\n<td style=\"width: 20.8627%; text-align: right;\">$7,200<\/td>\n<\/tr>\n<tr>\n<td style=\"width: 76.7204%;\">Triple jam\u00f3n crudo y queso<\/td>\n<td style=\"width: 20.8627%; text-align: right;\">$7,200<\/td>\n<\/tr>\n<tr>\n<td style=\"width: 76.7204%;\">Triple jam\u00f3n crudo, queso y tomate<\/td>\n<td style=\"width: 20.8627%; text-align: right;\">$8,200<\/td>\n<\/tr>\n<tr>\n<td style=\"width: 76.7204%;\">Triple ternera y queso<\/td>\n<td style=\"width: 20.8627%; text-align: right;\">$7,200<\/td>\n<\/tr>\n<tr>\n<td style=\"width: 76.7204%;\">Triple ternera , queso y verduras<\/td>\n<td style=\"width: 20.8627%; text-align: right;\">$8,200<\/td>\n<\/tr>\n<\/tbody>\n<\/table><\/div><\/div><\/div><\/div><\/div><\/div><\/div><\/div><div class=\"vce-button--style-outline-container vce-button--style-outline-container--align-center\"><span class=\"vce-button--style-outline-wrapper vce vce-button--style-outline-wrapper--stretched\" id=\"el-cda34e8a\" data-vce-do-apply=\"margin el-cda34e8a\"><a class=\"vce-button--style-outline-animated vce-button--style-outline--border-round vce-button--style-outline--size-medium vce-button--style-outline-animated--color-b-47-47-47--fff--3d3d3d vce-button--style-outline-animated--border-color-b-62-61-61--3d3d3d vce-button--style-outline-animated--background-color-b-47-47-47\" href=\"https:\/\/growbrands.net\/neworder\/el-ruedo-inicio\/\" title=\"\" data-vce-do-apply=\"padding border background  el-cda34e8a\"><span class=\"vce-button--style-outline-text\">VOLVER<\/span><\/a><\/span><\/div><\/div><\/div><\/div><\/div><\/div><\/div><div class=\"vce-row-container\"><div class=\"vce-row vce-row--col-gap-30 vce-row-columns--top vce-row-content--top\" id=\"el-034f0b1b\" data-vce-do-apply=\"all el-034f0b1b\"><div class=\"vce-row-content\" data-vce-element-content=\"true\"><div class=\"vce-col vce-col--md-auto vce-col--xs-1 vce-col--xs-last vce-col--xs-first vce-col--sm-last vce-col--sm-first vce-col--md-last vce-col--lg-last vce-col--xl-last vce-col--md-first vce-col--lg-first vce-col--xl-first\" id=\"el-79c96dd8\"><div class=\"vce-col-inner\" data-vce-do-apply=\"border margin background  el-79c96dd8\"><div class=\"vce-col-content\" data-vce-element-content=\"true\" data-vce-do-apply=\"padding el-79c96dd8\"><div class=\"vce-widgets-container\"><div class=\"vce vce-widgets-wrapper\" id=\"el-45f7dd9e\" data-vce-do-apply=\"all el-45f7dd9e\"><div class=\"textwidget custom-html-widget\"><div style=\"text-align; background-color:#000;\">\n<p style=\"text-align: center;\"><a href=\"http:\/\/www.neworder.menu\" target=\"_blank\" style=\"text-decoration:none;\"><span style=\"color:#ffffff;\">New Order: QR Digital Menu <br By Grow Brands<\/span><\/a><\/p>\n\t<\/div><\/div><\/div><\/div><\/div><\/div><\/div><\/div><\/div><\/div>\n","protected":false},"excerpt":{"rendered":"<p>Horarios:Lunes a s\u00e1bado de 07 a 01:30&nbsp;Domingos y feriados de 08 a 01:30Delivery ( Rappi \/ Pedidos Ya ) 12:00 pm a 01:00 am SANDWICHESVariedades de pan: baguette, \u00e1rabe, miga negro, pebete (incluye papas copet\u00edn) &nbsp; TRADICIONALJam\u00f3n cocido y queso $9,500 SERRANOJam\u00f3n crudo, queso, r\u00facula, &hellip; <\/p>\n","protected":false},"author":12,"featured_media":0,"parent":0,"menu_order":0,"comment_status":"closed","ping_status":"closed","template":"","meta":{"_monsterinsights_skip_tracking":false,"_monsterinsights_sitenote_active":false,"_monsterinsights_sitenote_note":"","_monsterinsights_sitenote_category":0,"footnotes":""},"coauthors":[71,128],"class_list":["post-84146","page","type-page","status-publish","hentry"],"_links":{"self":[{"href":"https:\/\/growbrands.net\/neworder\/wp-json\/wp\/v2\/pages\/84146","targetHints":{"allow":["GET"]}}],"collection":[{"href":"https:\/\/growbrands.net\/neworder\/wp-json\/wp\/v2\/pages"}],"about":[{"href":"https:\/\/growbrands.net\/neworder\/wp-json\/wp\/v2\/types\/page"}],"author":[{"embeddable":true,"href":"https:\/\/growbrands.net\/neworder\/wp-json\/wp\/v2\/users\/12"}],"replies":[{"embeddable":true,"href":"https:\/\/growbrands.net\/neworder\/wp-json\/wp\/v2\/comments?post=84146"}],"version-history":[{"count":13,"href":"https:\/\/growbrands.net\/neworder\/wp-json\/wp\/v2\/pages\/84146\/revisions"}],"predecessor-version":[{"id":90791,"href":"https:\/\/growbrands.net\/neworder\/wp-json\/wp\/v2\/pages\/84146\/revisions\/90791"}],"wp:attachment":[{"href":"https:\/\/growbrands.net\/neworder\/wp-json\/wp\/v2\/media?parent=84146"}],"wp:term":[{"taxonomy":"author","embeddable":true,"href":"https:\/\/growbrands.net\/neworder\/wp-json\/wp\/v2\/coauthors?post=84146"}],"curies":[{"name":"wp","href":"https:\/\/api.w.org\/{rel}","templated":true}]}}