{"id":80749,"date":"2024-11-11T15:31:45","date_gmt":"2024-11-11T18:31:45","guid":{"rendered":"https:\/\/growbrands.net\/neworder\/?page_id=80749"},"modified":"2025-03-03T17:25:24","modified_gmt":"2025-03-03T20:25:24","slug":"la-chocolateria-alvear-tragos","status":"publish","type":"page","link":"https:\/\/growbrands.net\/neworder\/la-chocolateria-alvear-tragos\/","title":{"rendered":"La Chocolateria &#8211; Alvear &#8211; Tragos"},"content":{"rendered":"<div class=\"vce-row-container\"><div class=\"vce-row vce-row--col-gap-30 vce-row-columns--top vce-row-content--top\" data-vce-full-width=\"true\" id=\"el-1f096c6d\" data-vce-do-apply=\"all el-1f096c6d\"><div class=\"vce-content-background-container\"><\/div><div class=\"vce-row-content\" data-vce-element-content=\"true\" style=\"padding-left: 31.5px; padding-right: 31.5px;\"><div class=\"vce-col vce-col--md-auto vce-col--xs-1 vce-col--xs-last vce-col--xs-first vce-col--sm-last vce-col--sm-first vce-col--md-last vce-col--lg-last vce-col--xl-last vce-col--md-first vce-col--lg-first vce-col--xl-first\" id=\"el-999bc871\"><div class=\"vce-col-inner\" data-vce-do-apply=\"border margin background  el-999bc871\"><div class=\"vce-content-background-container\"><\/div><div class=\"vce-col-content\" data-vce-element-content=\"true\" data-vce-do-apply=\"padding el-999bc871\"><div class=\"vce-row-container\"><div class=\"vce-row vce-row--has-col-background vce-row--col-gap-30 vce-row-columns--top vce-row-content--top\" id=\"el-a91e6f6b\" data-vce-do-apply=\"all el-a91e6f6b\"><div class=\"vce-content-background-container\"><\/div><div class=\"vce-row-content\" data-vce-element-content=\"true\"><div class=\"vce-col vce-element--has-background vce-col--md-auto vce-col--xs-1 vce-col--xs-last vce-col--xs-first vce-col--sm-last vce-col--sm-first vce-col--md-last vce-col--lg-last vce-col--xl-last vce-col--md-first vce-col--lg-first vce-col--xl-first\" id=\"el-c96512a2\"><div class=\"vce-col-inner\" data-vce-do-apply=\"border margin background  el-c96512a2\"><div class=\"vce-content-background-container\"><div class=\"vce-asset-background-simple-container vce-visible-all-only vce-asset-background-simple--style-contain vce-asset-background-simple--position-center-center\"><div class=\"vce-asset-background-simple\"><div class=\"vce-asset-background-simple-item\" style=\"background-image: url('https:\/\/growbrands.net\/neworder\/wp-content\/uploads\/2024\/11\/chocolateria-tit.tragos.png');\"><\/div><\/div><\/div><\/div><div class=\"vce-col-content\" data-vce-element-content=\"true\" data-vce-do-apply=\"padding el-c96512a2\"><\/div><\/div><\/div><\/div><\/div><\/div><div class=\"vce-row-container\"><div class=\"vce-row vce-element--has-background vce-row--col-gap-30 vce-row-columns--top vce-row-content--top\" id=\"el-430d0f6a\" data-vce-do-apply=\"all el-430d0f6a\"><div class=\"vce-content-background-container\"><div class=\"vce-asset-parallax-container vce-visible-all-only\" data-vce-assets-parallax=\".vce-asset-parallax\" data-vce-assets-parallax-speed=\"40\" data-vce-assets-parallax-reverse=\"false\"><div class=\"vce-asset-parallax\" style=\"top: -40vh; bottom: -40vh; transform: translateY(11.5842vh);\"><\/div><\/div><\/div><div class=\"vce-row-content\" data-vce-element-content=\"true\"><div class=\"vce-col vce-col--md-auto vce-col--xs-1 vce-col--xs-last vce-col--xs-first vce-col--sm-last vce-col--sm-first vce-col--md-last vce-col--lg-last vce-col--xl-last vce-col--md-first vce-col--lg-first vce-col--xl-first\" id=\"el-a4dcb592\"><div class=\"vce-col-inner\" data-vce-do-apply=\"border margin background  el-a4dcb592\"><div class=\"vce-content-background-container\"><\/div><div class=\"vce-col-content\" data-vce-element-content=\"true\" data-vce-do-apply=\"padding el-a4dcb592\"><div class=\"vce-row-container\"><div class=\"vce-row vce-element--has-background vce-row--col-gap-30 vce-row-columns--top vce-row-content--top\" id=\"el-20995092\" data-vce-do-apply=\"all el-20995092\"><div class=\"vce-content-background-container\"><\/div><div class=\"vce-row-content\" data-vce-element-content=\"true\"><div class=\"vce-col vce-col--md-auto vce-col--xs-1 vce-col--xs-last vce-col--xs-first vce-col--sm-last vce-col--sm-first vce-col--md-last vce-col--lg-last vce-col--xl-last vce-col--md-first vce-col--lg-first vce-col--xl-first\" id=\"el-d5eedda8\"><div class=\"vce-col-inner\" data-vce-do-apply=\"border margin background  el-d5eedda8\"><div class=\"vce-col-content\" data-vce-element-content=\"true\" data-vce-do-apply=\"padding el-d5eedda8\"><div class=\"vce-text-block\"><div class=\"vce-text-block-wrapper vce\" id=\"el-53a0a772\" data-vce-do-apply=\"all el-53a0a772\"><h1 style=\"line-height: 1;\"><strong><span style=\"font-size: 24pt;\"><span style=\"font-family: Lato;\">CL\u00c1SICOS<\/span><\/span><\/strong><\/h1><\/div><\/div><div class=\"vce-text-block\"><div class=\"vce-text-block-wrapper vce\" id=\"el-0d456a3e\" data-vce-do-apply=\"all el-0d456a3e\"><table width=\"100%\">\n<tbody>\n<tr>\n<td width=\"332\"><strong>FERNET BRANCA Y COLA<\/strong><\/td>\n<td style=\"text-align: right;\" width=\"131\">$3200<\/td>\n<\/tr>\n<tr>\n<td width=\"332\"><strong>BRANCA MENTA&nbsp;<\/strong><br>Branca menta, jugo de lim\u00f3n y alm\u00edbar.<\/td>\n<td style=\"text-align: right;\">$3200<\/td>\n<\/tr>\n<tr>\n<td width=\"332\"><strong>CARPANO ORANGE<\/strong><br>Carpano Rosso y soda y rodajas de naranja.<\/td>\n<td style=\"text-align: right;\">&nbsp;$3000<\/td>\n<\/tr>\n<tr>\n<td><strong>CARPANO CUP<br><\/strong>Carpano rosso, Gin Blu y gaseosa de lim\u00f3n.<\/td>\n<td style=\"text-align: right;\">$3000<\/td>\n<\/tr>\n<tr>\n<td><strong>VERMUT<\/strong><br>Carpano Rosso con gaseosa de pomelo.<\/td>\n<td style=\"text-align: right;\">$3000<\/td>\n<\/tr>\n<tr>\n<td width=\"332\"><strong>BLU GIN TONIC<br><\/strong>Gin Spirito&nbsp;Blu y agua t\u00f3nica.<\/td>\n<td style=\"text-align: right;\">$ 3600<\/td>\n<\/tr>\n<tr>\n<td><strong>GIN DE FRUTOS ROJOS<br><\/strong>Gin Blu, agua t\u00f3nica y&nbsp; frutos rojos.<\/td>\n<td style=\"text-align: right;\">$3600<\/td>\n<\/tr>\n<tr>\n<td><strong>NEGRONI<br><\/strong>Carpano Rosso,&nbsp; Campari y Gin Spirito Blu.<\/td>\n<td style=\"text-align: right;\">$ 4500<\/td>\n<\/tr>\n<tr>\n<td><strong>CAIPIROSKA<br><\/strong>Vodka Sernova, lim\u00f3n y alm\u00edbar.<\/td>\n<td style=\"text-align: right;\">$3500<\/td>\n<\/tr>\n<tr>\n<td><strong>TOM COLLINS<\/strong><br>Jugo de lim\u00f3n, Blu gin, soda y alm\u00edbar<\/td>\n<td style=\"text-align: right;\">$3200<\/td>\n<\/tr>\n<tr>\n<td><strong>MOJITO CL\u00c1SICO<\/strong><br>Ron, jugo de lim\u00f3n, menta y agua con gas.<\/td>\n<td style=\"text-align: right;\">$ 3000<\/td>\n<\/tr>\n<tr>\n<td><strong>MOJITO DE FRUTOS ROJOS<\/strong><br>Ron Havana Club, pulpa de fruta, alm\u00edbar y agua con gas.<\/td>\n<td style=\"text-align: right;\">$ 3000<\/td>\n<\/tr>\n<tr>\n<td><strong>MOJITO DE MARACUY\u00c1<\/strong><br>Ron Havana Club, pulpa de fruta, alm\u00edbar y agua con gas.<\/td>\n<td style=\"text-align: right;\">$3000<\/td>\n<\/tr>\n<tr>\n<td>\n<p><strong>CUBA LIBRE<\/strong><br>Ron Havana Club, coca cola y lim\u00f3n.<\/p>\n<p><strong>COPA DE VINO MALBEC<\/strong><\/p>\n<p><strong>BOTELLA 750ML TORRONT\u00c9S DULCE (Bodega Perdices)<\/strong><\/p>\n<\/td>\n<td style=\"text-align: right;\">\n<p>$3900<\/p>\n<p>$3000<\/p>\n<p>$9500<\/p>\n<\/td>\n<\/tr>\n<\/tbody>\n<\/table><\/div><\/div><\/div><\/div><\/div><\/div><\/div><\/div><div class=\"vce-row-container\"><div class=\"vce-row vce-element--has-background vce-row--col-gap-30 vce-row-columns--top vce-row-content--top\" id=\"el-82452437\" data-vce-do-apply=\"all el-82452437\"><div class=\"vce-content-background-container\"><\/div><div class=\"vce-row-content\" data-vce-element-content=\"true\"><div class=\"vce-col vce-col--md-auto vce-col--xs-1 vce-col--xs-last vce-col--xs-first vce-col--sm-last vce-col--sm-first vce-col--md-last vce-col--lg-last vce-col--xl-last vce-col--md-first vce-col--lg-first vce-col--xl-first\" id=\"el-b394dd54\"><div class=\"vce-col-inner\" data-vce-do-apply=\"border margin background  el-b394dd54\"><div class=\"vce-content-background-container\"><\/div><div class=\"vce-col-content\" data-vce-element-content=\"true\" data-vce-do-apply=\"padding el-b394dd54\"><div class=\"vce-text-block\"><div class=\"vce-text-block-wrapper vce\" id=\"el-de2289a1\" data-vce-do-apply=\"all el-de2289a1\"><h1 style=\"line-height: 1;\"><span style=\"font-size: 24pt; color: #ffffff;\"><span style=\"font-family: Lato;\">CERVEZAS<\/span><\/span><\/h1><\/div><\/div><div class=\"vce-text-block\"><div class=\"vce-text-block-wrapper vce\" id=\"el-e4314a09\" data-vce-do-apply=\"all el-e4314a09\"><table width=\"100%\">\n<tbody>\n<tr>\n<td width=\"374\">&nbsp;<strong>PATAGONIA 730ml<\/strong><\/td>\n<td style=\"text-align: right;\" width=\"131\">\n<p>$5500<\/p>\n<\/td>\n<\/tr>\n<tr>\n<td>\n<p><strong>PATAGONIA 473 ml<\/strong><\/p>\n<\/td>\n<td style=\"text-align: right;\">$3800<\/td>\n<\/tr>\n<tr>\n<td>\n<p><strong>ANDES 473 ml<\/strong><\/p>\n<\/td>\n<td style=\"text-align: right;\">$3500<\/td>\n<\/tr>\n<tr>\n<td>\n<p><strong>IMPERIAL 473 ml<\/strong><\/p>\n<\/td>\n<td style=\"text-align: right;\">$2900<\/td>\n<\/tr>\n<\/tbody>\n<\/table>\n<p>&nbsp;<\/p><\/div><\/div><\/div><\/div><\/div><\/div><\/div><\/div><div class=\"vce-row-container\"><div class=\"vce-row vce-element--has-background vce-row--col-gap-30 vce-row-columns--top vce-row-content--top\" id=\"el-1517db59\" data-vce-do-apply=\"all el-1517db59\"><div class=\"vce-content-background-container\"><\/div><div class=\"vce-row-content\" data-vce-element-content=\"true\"><div class=\"vce-col vce-col--md-auto vce-col--xs-1 vce-col--xs-last vce-col--xs-first vce-col--sm-last vce-col--sm-first vce-col--md-last vce-col--lg-last vce-col--xl-last vce-col--md-first vce-col--lg-first vce-col--xl-first\" id=\"el-13bd00e4\"><div class=\"vce-col-inner\" data-vce-do-apply=\"border margin background  el-13bd00e4\"><div class=\"vce-col-content\" data-vce-element-content=\"true\" data-vce-do-apply=\"padding el-13bd00e4\"><div class=\"vce-text-block\"><div class=\"vce-text-block-wrapper vce\" id=\"el-b636a817\" data-vce-do-apply=\"all el-b636a817\"><h1 style=\"line-height: 1;\"><span style=\"font-size: 24pt; color: #ffffff;\"><span style=\"font-family: Lato;\">BEBIDAS SIN ALCOHOL<\/span><\/span><\/h1><\/div><\/div><div class=\"vce-text-block\"><div class=\"vce-text-block-wrapper vce\" id=\"el-bfa83d39\" data-vce-do-apply=\"all el-bfa83d39\"><table style=\"width: 100%; height: 304px;\" width=\"100%\">\n<tbody>\n<tr style=\"height: 47px;\">\n<td style=\"height: 47px;\" width=\"332\">GASEOSAS: COCA \/ COCA ZERO\/ SPRITE<\/td>\n<td style=\"text-align: right; height: 47px;\" width=\"131\">$ 2700<\/td>\n<\/tr>\n<tr style=\"height: 23px;\">\n<td style=\"height: 23px;\" width=\"332\">AGUA SABORIZADA<\/td>\n<td style=\"text-align: right; height: 23px;\">$ 2500<\/td>\n<\/tr>\n<tr style=\"height: 23px;\">\n<td style=\"height: 23px;\" width=\"332\">AGUA CON GAS\/SIN GAS<\/td>\n<td style=\"text-align: right; height: 23px;\">$ 2300<\/td>\n<\/tr>\n<tr style=\"height: 47px;\">\n<td style=\"height: 47px;\" width=\"332\">JUGO DE NARANJA EXPRIMIDO<\/td>\n<td style=\"text-align: right; height: 47px;\">$ 4100<\/td>\n<\/tr>\n<tr style=\"height: 47px;\">\n<td style=\"height: 47px;\">LIMONADA CON MENTA Y JENGIBRE<\/td>\n<td style=\"text-align: right; height: 47px;\">$ 3900<\/td>\n<\/tr>\n<tr style=\"height: 23px;\">\n<td style=\"height: 23px;\">PINK LIMONADE<\/td>\n<td style=\"text-align: right; height: 23px;\">$ 3900<\/td>\n<\/tr>\n<tr style=\"height: 71px;\">\n<td style=\"height: 71px;\">LICUADOS<br>Banana\/durazno\/ frutilla\/multifruta.<\/td>\n<td style=\"text-align: right; height: 71px;\">$ 4500<\/td>\n<\/tr>\n<\/tbody>\n<\/table><\/div><\/div><\/div><\/div><\/div><\/div><\/div><\/div><div class=\"vce-row-container\"><div class=\"vce-row vce-row--col-gap-30 vce-row-columns--top vce-row-content--top\" id=\"el-13d82fe9\" data-vce-do-apply=\"all el-13d82fe9\"><div class=\"vce-row-content\" data-vce-element-content=\"true\"><div class=\"vce-col vce-col--md-auto vce-col--xs-1 vce-col--xs-last vce-col--xs-first vce-col--sm-last vce-col--sm-first vce-col--md-last vce-col--lg-last vce-col--xl-last vce-col--md-first vce-col--lg-first vce-col--xl-first\" id=\"el-235405a6\"><div class=\"vce-col-inner\" data-vce-do-apply=\"border margin background  el-235405a6\"><div class=\"vce-content-background-container\"><\/div><div class=\"vce-col-content\" data-vce-element-content=\"true\" data-vce-do-apply=\"padding el-235405a6\"><div class=\"vce-button--style-outline-container vce-button--style-outline-container--align-center\"><span class=\"vce-button--style-outline-wrapper vce\" id=\"el-9b6a315a\" data-vce-do-apply=\"margin el-9b6a315a\"><a class=\"vce-button--style-outline vce-button--style-outline--border-round vce-button--style-outline--size-medium vce-button--style-outline--color-b-33-33-33--fff--3d3d3d vce-button--style-outline--border-color-b-232-218-185--3d3d3d vce-button--style-outline--background-color-b-232-218-185\" href=\"https:\/\/growbrands.net\/neworder\/la-chocolateria-alvear-inicio\/\" title=\"\" data-vce-do-apply=\"padding border background  el-9b6a315a\"><span class=\"vce-button--style-outline-text\">VOLVER<\/span><\/a><\/span><\/div><\/div><\/div><\/div><\/div><\/div><\/div><\/div><\/div><\/div><\/div><\/div><\/div><\/div><\/div><\/div><\/div><\/div><\/div><div class=\"vce-row-container\"><div class=\"vce-row vce-row--col-gap-30 vce-row-columns--top vce-row-content--top\" id=\"el-034f0b1b\" data-vce-do-apply=\"all el-034f0b1b\"><div class=\"vce-row-content\" data-vce-element-content=\"true\"><div class=\"vce-col vce-col--md-auto vce-col--xs-1 vce-col--xs-last vce-col--xs-first vce-col--sm-last vce-col--sm-first vce-col--md-last vce-col--lg-last vce-col--xl-last vce-col--md-first vce-col--lg-first vce-col--xl-first\" id=\"el-79c96dd8\"><div class=\"vce-col-inner\" data-vce-do-apply=\"border margin background  el-79c96dd8\"><div class=\"vce-col-content\" data-vce-element-content=\"true\" data-vce-do-apply=\"padding el-79c96dd8\"><div class=\"vce-widgets-container\"><div class=\"vce vce-widgets-wrapper\" id=\"el-45f7dd9e\" data-vce-do-apply=\"all el-45f7dd9e\"><div class=\"textwidget custom-html-widget\"><div style=\"text-align; background-color:#000;\">\n<p style=\"text-align: center;\"><a href=\"http:\/\/www.neworder.menu\" target=\"_blank\" style=\"text-decoration:none;\"><span style=\"color:#ffffff;\">New Order: QR Digital Menu <br By Grow Brands<\/span><\/a><\/p>\n\t<\/div><\/div><\/div><\/div><\/div><\/div><\/div><\/div><\/div><\/div>\n","protected":false},"excerpt":{"rendered":"<p>CL\u00c1SICOS FERNET BRANCA Y COLA $3200 BRANCA MENTA&nbsp;Branca menta, jugo de lim\u00f3n y alm\u00edbar. $3200 CARPANO ORANGECarpano Rosso y soda y rodajas de naranja. &nbsp;$3000 CARPANO CUPCarpano rosso, Gin Blu y gaseosa de lim\u00f3n. $3000 VERMUTCarpano Rosso con gaseosa de pomelo. $3000 BLU GIN TONICGin &hellip; <\/p>\n","protected":false},"author":51,"featured_media":0,"parent":0,"menu_order":0,"comment_status":"closed","ping_status":"closed","template":"","meta":{"_monsterinsights_skip_tracking":false,"_monsterinsights_sitenote_active":false,"_monsterinsights_sitenote_note":"","_monsterinsights_sitenote_category":0,"footnotes":""},"coauthors":[103,104],"class_list":["post-80749","page","type-page","status-publish","hentry"],"_links":{"self":[{"href":"https:\/\/growbrands.net\/neworder\/wp-json\/wp\/v2\/pages\/80749","targetHints":{"allow":["GET"]}}],"collection":[{"href":"https:\/\/growbrands.net\/neworder\/wp-json\/wp\/v2\/pages"}],"about":[{"href":"https:\/\/growbrands.net\/neworder\/wp-json\/wp\/v2\/types\/page"}],"author":[{"embeddable":true,"href":"https:\/\/growbrands.net\/neworder\/wp-json\/wp\/v2\/users\/51"}],"replies":[{"embeddable":true,"href":"https:\/\/growbrands.net\/neworder\/wp-json\/wp\/v2\/comments?post=80749"}],"version-history":[{"count":19,"href":"https:\/\/growbrands.net\/neworder\/wp-json\/wp\/v2\/pages\/80749\/revisions"}],"predecessor-version":[{"id":83242,"href":"https:\/\/growbrands.net\/neworder\/wp-json\/wp\/v2\/pages\/80749\/revisions\/83242"}],"wp:attachment":[{"href":"https:\/\/growbrands.net\/neworder\/wp-json\/wp\/v2\/media?parent=80749"}],"wp:term":[{"taxonomy":"author","embeddable":true,"href":"https:\/\/growbrands.net\/neworder\/wp-json\/wp\/v2\/coauthors?post=80749"}],"curies":[{"name":"wp","href":"https:\/\/api.w.org\/{rel}","templated":true}]}}