{"id":76714,"date":"2024-07-04T18:09:23","date_gmt":"2024-07-04T21:09:23","guid":{"rendered":"https:\/\/growbrands.net\/neworder\/?page_id=76714"},"modified":"2025-12-26T18:27:10","modified_gmt":"2025-12-26T21:27:10","slug":"republica-restaurant-bebidas-new","status":"publish","type":"page","link":"https:\/\/growbrands.net\/neworder\/republica-restaurant-bebidas-new\/","title":{"rendered":"Rep\u00fablica Restaurant &#8211; Bebidas &#038; Cafeter\u00eda NEW"},"content":{"rendered":"<div class=\"vce-row-container\"><div class=\"vce-row vce-element--has-background vce-row--col-gap-30 vce-row-columns--top vce-row-content--top\" id=\"el-1f096c6d\" data-vce-do-apply=\"all el-1f096c6d\"><div class=\"vce-content-background-container\"><div class=\"vce-asset-parallax-container vce-visible-all-only\" data-vce-assets-parallax=\".vce-asset-parallax\" data-vce-assets-parallax-speed=\"200\" data-vce-assets-parallax-reverse=\"false\"><div class=\"vce-asset-parallax\" style=\"top: -200vh; bottom: -200vh; transform: translateY(90.7706vh);\"><\/div><\/div><\/div><div class=\"vce-row-content\" data-vce-element-content=\"true\"><div class=\"vce-col vce-col--md-auto vce-col--xs-1 vce-col--xs-last vce-col--xs-first vce-col--sm-last vce-col--sm-first vce-col--md-last vce-col--lg-last vce-col--xl-last vce-col--md-first vce-col--lg-first vce-col--xl-first\" id=\"el-999bc871\"><div class=\"vce-col-inner\" data-vce-do-apply=\"border margin background  el-999bc871\"><div class=\"vce-col-content\" data-vce-element-content=\"true\" data-vce-do-apply=\"padding el-999bc871\"><div class=\"vce-single-image-container vce-single-image--align-center\"><div class=\"vce vce-single-image-wrapper\" id=\"el-db0cfdd1\" data-vce-do-apply=\"all el-db0cfdd1\"><figure><div class=\"vce-single-image-inner vce-single-image--absolute vce-single-image--border-rounded\" style=\"padding-bottom: 36.25%; width: 720px;\"><img class=\"vce-single-image\" width=\"720\" height=\"261\"src=\"https:\/\/growbrands.net\/neworder\/wp-content\/uploads\/2025\/12\/BEBIDAS-720x261.png\" srcset=\"https:\/\/growbrands.net\/neworder\/wp-content\/uploads\/2025\/12\/BEBIDAS-320x116.png 320w,https:\/\/growbrands.net\/neworder\/wp-content\/uploads\/2025\/12\/BEBIDAS-480x174.png 480w,https:\/\/growbrands.net\/neworder\/wp-content\/uploads\/2025\/12\/BEBIDAS-720x261.png 720w\" data-img-src=\"https:\/\/growbrands.net\/neworder\/wp-content\/uploads\/2022\/06\/BEBIDAS.png\" alt=\"\" title=\"BEBIDAS\" \/><\/div><figcaption hidden=\"\"><\/figcaption><\/figure><\/div><\/div><div class=\"vce-row-container\"><div class=\"vce-row vce-row--col-gap-30 vce-row-columns--top vce-row-content--top\" id=\"el-7b023fd9\" data-vce-do-apply=\"all el-7b023fd9\"><div class=\"vce-content-background-container\"><div class=\"vce-asset-parallax-container vce-visible-all-only\" data-vce-assets-parallax=\".vce-asset-parallax\" data-vce-assets-parallax-speed=\"30\" data-vce-assets-parallax-reverse=\"false\"><div class=\"vce-asset-parallax\" style=\"top: -30vh; bottom: -30vh; transform: translateY(17.6057vh);\"><\/div><\/div><\/div><div class=\"vce-row-content\" data-vce-element-content=\"true\"><div class=\"vce-col vce-col--md-auto vce-col--xs-1 vce-col--xs-last vce-col--xs-first vce-col--sm-last vce-col--sm-first vce-col--md-last vce-col--lg-last vce-col--xl-last vce-col--md-first vce-col--lg-first vce-col--xl-first\" id=\"el-1c6a0778\"><div class=\"vce-col-inner\" data-vce-do-apply=\"border margin background  el-1c6a0778\"><div class=\"vce-col-content\" data-vce-element-content=\"true\" data-vce-do-apply=\"padding el-1c6a0778\"><div class=\"vce-row-container\"><div class=\"vce-row vce-row--col-gap-30 vce-row-columns--top vce-row-content--top\" id=\"el-74108797\" data-vce-do-apply=\"all el-74108797\"><div class=\"vce-row-content\" data-vce-element-content=\"true\"><div class=\"vce-col vce-col--md-auto vce-col--xs-1 vce-col--xs-last vce-col--xs-first vce-col--sm-last vce-col--sm-first vce-col--md-last vce-col--lg-last vce-col--xl-last vce-col--md-first vce-col--lg-first vce-col--xl-first\" id=\"el-739d933e\"><div class=\"vce-col-inner\" data-vce-do-apply=\"border margin background  el-739d933e\"><div class=\"vce-col-content\" data-vce-element-content=\"true\" data-vce-do-apply=\"padding el-739d933e\"><div class=\"vce-row-container\"><div class=\"vce-row vce-row--col-gap-30 vce-row-columns--top vce-row-content--top\" id=\"el-064d18aa\" data-vce-do-apply=\"all el-064d18aa\"><div class=\"vce-content-background-container\"><\/div><div class=\"vce-row-content\" data-vce-element-content=\"true\"><div class=\"vce-col vce-col--md-auto vce-col--xs-1 vce-col--xs-last vce-col--xs-first vce-col--sm-last vce-col--sm-first vce-col--md-last vce-col--lg-last vce-col--xl-last vce-col--md-first vce-col--lg-first vce-col--xl-first\" id=\"el-933752af\"><div class=\"vce-col-inner\" data-vce-do-apply=\"border margin background  el-933752af\"><div class=\"vce-content-background-container\"><\/div><div class=\"vce-col-content\" data-vce-element-content=\"true\" data-vce-do-apply=\"padding el-933752af\"><div class=\"vce-text-block\"><div class=\"vce-text-block-wrapper vce\" id=\"el-f527f075\" data-vce-do-apply=\"all el-f527f075\"><table style=\"width: 93.281%; height: 611px;\" border=\"0\" width=\"100%\"><tbody><tr><td style=\"width: 63.4551%;\">Anaranjada 1 litro.&nbsp;<\/td><td style=\"text-align: right; width: 51.5362%;\"><p>$ 9.100<\/p><\/td><\/tr><tr style=\"height: 56px;\"><td style=\"width: 63.4551%; height: 56px;\">Chopp Stella Artois 500cc<\/td><td style=\"text-align: right; width: 51.5362%; height: 56px;\"><p>$ 8.900<\/p><\/td><\/tr><tr style=\"height: 56px;\"><td style=\"width: 63.4551%; height: 56px;\">Chopp Stella Artois 330cc<\/td><td style=\"text-align: right; width: 51.5362%; height: 56px;\"><p>$ 7.500<\/p><\/td><\/tr><tr style=\"height: 56px;\"><td style=\"width: 63.4551%; height: 62px;\">T\u00e9 helado y mix de c\u00edtricos de Litro<\/td><td style=\"text-align: right; width: 51.5362%; height: 62px;\"><p>$ 7.500<\/p><\/td><\/tr><tr style=\"height: 34px;\"><td style=\"height: 64px; width: 63.4551%;\">Copa de Vino<\/td><td style=\"text-align: right; height: 64px; width: 51.5362%;\">$ 5.500<\/td><\/tr><tr style=\"height: 48px;\"><td style=\"height: 64px; width: 63.4551%;\">Gaseosa l\u00ednea Coca-Cola 350 cc<\/td><td style=\"text-align: right; height: 64px; width: 51.5362%;\" valign=\"top\">$ 3.800<\/td><\/tr><tr style=\"height: 56px;\"><td style=\"width: 63.4551%; height: 52px;\"><p>Agua con gas <strong><em><a href=\"..\/wp-content\/uploads\/2025\/05\/WhatsApp-Image-2025-05-02-at-2.50.25-PM.jpeg\"><img class=\"alignnone wp-image-84786\" src=\"..\/wp-content\/uploads\/2025\/05\/WhatsApp-Image-2025-05-02-at-2.50.25-PM-300x300.jpeg\" alt=\"\" width=\"39\" height=\"39\"><\/a><\/em><\/strong><strong><em>+Soda<\/em><\/strong><\/p><\/td><td style=\"text-align: right; width: 51.5362%; height: 52px;\">&nbsp;$3.500<\/td><\/tr><tr style=\"height: 42px;\"><td style=\"height: 48px; width: 63.4551%;\"><p>&nbsp;Agua sin gas&nbsp;<a href=\"..\/wp-content\/uploads\/2025\/05\/WhatsApp-Image-2025-05-02-at-2.50.25-PM.jpeg\"><img class=\"alignnone wp-image-84786\" src=\"..\/wp-content\/uploads\/2025\/05\/WhatsApp-Image-2025-05-02-at-2.50.25-PM-300x300.jpeg\" alt=\"\" width=\"39\" height=\"39\"><\/a><strong><em>+Soda<\/em><\/strong><\/p><\/td><td style=\"text-align: right; height: 48px; width: 51.5362%;\">$ 3.500<\/td><\/tr><\/tbody><\/table><\/div><\/div><div class=\"vce-row-container\"><div class=\"vce-row vce-row--col-gap-30 vce-row-columns--top vce-row-content--top\" id=\"el-e5ebbdb3\" data-vce-do-apply=\"all el-e5ebbdb3\"><div class=\"vce-row-content\" data-vce-element-content=\"true\"><div class=\"vce-col vce-col--md-auto vce-col--xs-1 vce-col--xs-last vce-col--xs-first vce-col--sm-last vce-col--sm-first vce-col--md-last vce-col--lg-last vce-col--xl-last vce-col--md-first vce-col--lg-first vce-col--xl-first\" id=\"el-c6533805\"><div class=\"vce-col-inner\" data-vce-do-apply=\"border margin background  el-c6533805\"><div class=\"vce-col-content\" data-vce-element-content=\"true\" data-vce-do-apply=\"padding el-c6533805\"><div class=\"vce-single-image-container vce-single-image--align-center\"><div class=\"vce vce-single-image-wrapper\" id=\"el-0229a38e\" data-vce-do-apply=\"all el-0229a38e\"><figure><div class=\"vce-single-image-inner vce-single-image--absolute vce-single-image--border-rounded\" style=\"padding-bottom: 36.25%; width: 720px;\"><img class=\"vce-single-image\" width=\"720\" height=\"261\"src=\"https:\/\/growbrands.net\/neworder\/wp-content\/uploads\/2025\/12\/CAFE-720x261.png\" srcset=\"https:\/\/growbrands.net\/neworder\/wp-content\/uploads\/2025\/12\/CAFE-320x116.png 320w,https:\/\/growbrands.net\/neworder\/wp-content\/uploads\/2025\/12\/CAFE-480x174.png 480w,https:\/\/growbrands.net\/neworder\/wp-content\/uploads\/2025\/12\/CAFE-720x261.png 720w\" data-img-src=\"https:\/\/growbrands.net\/neworder\/wp-content\/uploads\/2022\/06\/CAFE.png\" alt=\"\" title=\"CAFE\" \/><\/div><figcaption hidden=\"\"><\/figcaption><\/figure><\/div><\/div><\/div><\/div><\/div><\/div><\/div><\/div><\/div><\/div><\/div><\/div><\/div><\/div><div class=\"vce-row-container\"><div class=\"vce-row vce-row--col-gap-30 vce-row-columns--top vce-row-content--top\" id=\"el-b8a3e840\" data-vce-do-apply=\"all el-b8a3e840\"><div class=\"vce-content-background-container\"><\/div><div class=\"vce-row-content\" data-vce-element-content=\"true\"><div class=\"vce-col vce-col--md-auto vce-col--xs-1 vce-col--xs-last vce-col--xs-first vce-col--sm-last vce-col--sm-first vce-col--md-last vce-col--lg-last vce-col--xl-last vce-col--md-first vce-col--lg-first vce-col--xl-first\" id=\"el-72d0c4af\"><div class=\"vce-col-inner\" data-vce-do-apply=\"border margin background  el-72d0c4af\"><div class=\"vce-content-background-container\"><\/div><div class=\"vce-col-content\" data-vce-element-content=\"true\" data-vce-do-apply=\"padding el-72d0c4af\"><div class=\"vce-row-container\"><div class=\"vce-row vce-row--col-gap-30 vce-row-columns--top vce-row-content--top\" id=\"el-0a7b3f88\" data-vce-do-apply=\"all el-0a7b3f88\"><div class=\"vce-row-content\" data-vce-element-content=\"true\"><div class=\"vce-col vce-col--md-auto vce-col--xs-1 vce-col--xs-last vce-col--xs-first vce-col--sm-last vce-col--sm-first vce-col--md-last vce-col--lg-last vce-col--xl-last vce-col--md-first vce-col--lg-first vce-col--xl-first\" id=\"el-5a81923f\"><div class=\"vce-col-inner\" data-vce-do-apply=\"border margin background  el-5a81923f\"><div class=\"vce-content-background-container\"><\/div><div class=\"vce-col-content\" data-vce-element-content=\"true\" data-vce-do-apply=\"padding el-5a81923f\"><div class=\"vce-row-container\"><div class=\"vce-row vce-row--col-gap-30 vce-row-columns--top vce-row-content--bottom\" id=\"el-f4b8ed7b\" data-vce-do-apply=\"all el-f4b8ed7b\"><div class=\"vce-row-content\" data-vce-element-content=\"true\"><div class=\"vce-col vce-col--xs-100p vce-col--xs-visible vce-col--xs-last vce-col--xs-first vce-col--sm-100p vce-col--sm-visible vce-col--sm-last vce-col--sm-first vce-col--md-auto vce-col--md-visible vce-col--md-last vce-col--md-first vce-col--lg-auto vce-col--lg-visible vce-col--lg-last vce-col--lg-first vce-col--xl-auto vce-col--xl-visible vce-col--xl-last vce-col--xl-first\" id=\"el-82396c73\"><div class=\"vce-col-inner\" data-vce-do-apply=\"border margin background  el-82396c73\"><div class=\"vce-col-content\" data-vce-element-content=\"true\" data-vce-do-apply=\"padding el-82396c73\"><div class=\"vce-single-image-container vce-single-image--align-center\" data-photoswipe-gallery=\"cf85c9b1\"><div class=\"vce vce-single-image-wrapper\" data-photoswipe-item=\"photoswipe-cf85c9b1\" id=\"el-cf85c9b1\" data-vce-do-apply=\"all el-cf85c9b1\" data-vce-animate=\"vce-o-animate--bounceIn\"><figure><a href=\"https:\/\/growbrands.net\/neworder\/wp-content\/uploads\/2025\/06\/WhatsApp-Image-2025-06-05-at-11.36.37-AM.jpeg\" data-photoswipe-image=\"cf85c9b1\" data-photoswipe-index=\"0\" class=\"vce-single-image-inner vce-single-image--absolute vce-single-image--border-rounded\" data-pswp-uid=\"1\" style=\"padding-bottom: 50%; width: 200px;\"><img class=\"vce-single-image\" width=\"200\" height=\"100\"src=\"https:\/\/growbrands.net\/neworder\/wp-content\/uploads\/2025\/12\/WhatsApp-Image-2025-06-05-at-11.36.37-AM-200x100.jpeg\" srcset=\"https:\/\/growbrands.net\/neworder\/wp-content\/uploads\/2025\/12\/WhatsApp-Image-2025-06-05-at-11.36.37-AM-200x100.jpeg 200w\" data-img-src=\"https:\/\/growbrands.net\/neworder\/wp-content\/uploads\/2025\/06\/WhatsApp-Image-2025-06-05-at-11.36.37-AM.jpeg\" alt=\"\" title=\"WhatsApp Image 2025-06-05 at 11.36.37 AM\" \/><\/a><figcaption hidden=\"\"><\/figcaption><\/figure><\/div><\/div><\/div><\/div><\/div><\/div><\/div><\/div><div class=\"vce-text-block\"><div class=\"vce-text-block-wrapper vce\" id=\"el-289e815b\" data-vce-do-apply=\"all el-289e815b\"><table style=\"height: 664px; width: 102.046%;\" border=\"0\" width=\"1067\" cellpadding=\"3\"><tbody><tr><td style=\"width: 7.52207%;\"><img class=\"alignnone size-full wp-image-38195\" src=\"..\/wp-content\/uploads\/2021\/06\/republica.taza_.03.png\" alt=\"\" width=\"42\" height=\"51\"><\/td><td style=\"width: 72.5446%;\">Caf\u00e9 doble<\/td><td style=\"text-align: right; width: 3.06129%;\">&nbsp;<\/td><td style=\"width: 73.2194%; text-align: center;\"><span style=\"text-align: right;\">$ 3.900<\/span><\/td><\/tr><tr><td style=\"width: 7.52207%;\" valign=\"top\"><img class=\"alignnone size-full wp-image-38195\" src=\"..\/wp-content\/uploads\/2021\/06\/republica.taza_.03.png\" alt=\"\" width=\"42\" height=\"51\"><\/td><td style=\"width: 72.5446%;\">Latte<\/td><td style=\"text-align: right; width: 3.06129%;\">&nbsp;<\/td><td style=\"width: 73.2194%; text-align: center;\"><span style=\"text-align: right;\">$ 3.900<\/span><\/td><\/tr><tr><td style=\"width: 7.52207%;\" valign=\"top\"><img class=\"size-full wp-image-38195 aligncenter\" style=\"float: left;\" src=\"..\/wp-content\/uploads\/2021\/06\/republica.taza_.03.png\" alt=\"\" width=\"42\" height=\"51\"><\/td><td style=\"width: 72.5446%;\">Cappuccino<\/td><td style=\"text-align: right; width: 3.06129%;\">&nbsp;<\/td><td style=\"width: 73.2194%; text-align: center;\"><span style=\"text-align: right;\">$ 3.900<\/span><\/td><\/tr><tr><td style=\"width: 7.52207%;\" valign=\"top\"><img class=\"alignnone size-full wp-image-38194\" src=\"..\/wp-content\/uploads\/2021\/06\/republica.taza_.02.png\" alt=\"\" width=\"42\" height=\"51\"><\/td><td style=\"width: 72.5446%;\">Caf\u00e9 con leche fr\u00edo<\/td><td style=\"text-align: right; width: 3.06129%;\">&nbsp;<\/td><td style=\"width: 73.2194%; text-align: center;\"><span style=\"text-align: right;\">$ 3.900<\/span><\/td><\/tr><tr><td style=\"width: 7.52207%;\" valign=\"top\"><img class=\"alignnone size-full wp-image-38193\" src=\"..\/wp-content\/uploads\/2021\/06\/republica.taza_.01.png\" alt=\"\" width=\"42\" height=\"51\"><\/td><td style=\"width: 72.5446%;\">Caf\u00e9 largo<\/td><td style=\"text-align: right; width: 3.06129%;\">&nbsp;<\/td><td style=\"width: 73.2194%; text-align: center;\"><span style=\"text-align: right;\">$ 3.900<\/span><\/td><\/tr><tr><td style=\"width: 7.52207%;\" valign=\"top\"><img class=\"alignnone size-full wp-image-38193\" src=\"..\/wp-content\/uploads\/2021\/06\/republica.taza_.01.png\" alt=\"\" width=\"42\" height=\"51\"><\/td><td style=\"width: 72.5446%;\">Caf\u00e9 en jarro con crema<\/td><td style=\"text-align: right; width: 3.06129%;\">&nbsp;<\/td><td style=\"width: 73.2194%; text-align: center;\"><span style=\"text-align: right;\">$ 3.900<\/span><\/td><\/tr><tr><td style=\"width: 7.52207%;\" valign=\"top\"><img class=\"alignnone size-full wp-image-38195\" src=\"..\/wp-content\/uploads\/2021\/06\/republica.taza_.03.png\" alt=\"\" width=\"42\" height=\"51\"><\/td><td style=\"width: 72.5446%;\">T\u00e9&nbsp;<\/td><td style=\"text-align: right; width: 3.06129%;\">&nbsp;<\/td><td style=\"width: 73.2194%; text-align: center;\">$ 3.100<\/td><\/tr><tr><td style=\"width: 7.52207%;\" valign=\"top\"><img class=\"alignnone size-full wp-image-38196\" src=\"..\/wp-content\/uploads\/2021\/06\/republica.taza_.04.png\" alt=\"\" width=\"42\" height=\"51\"><\/td><td style=\"width: 72.5446%;\">Caf\u00e9 expresso<\/td><td style=\"text-align: right; width: 3.06129%;\">&nbsp;<\/td><td style=\"width: 73.2194%; text-align: center;\">$ 3.100<\/td><\/tr><tr><td style=\"width: 7.52207%;\" valign=\"top\"><img class=\"alignnone size-full wp-image-38196\" src=\"..\/wp-content\/uploads\/2021\/06\/republica.taza_.04.png\" alt=\"\" width=\"42\" height=\"51\"><\/td><td style=\"width: 72.5446%;\">Caf\u00e9 ristretto<\/td><td style=\"text-align: right; width: 3.06129%;\">&nbsp;<\/td><td style=\"width: 73.2194%; text-align: center;\">$ 3.100<\/td><\/tr><tr><td style=\"width: 7.52207%; text-align: center;\"><h4 class=\"\" style=\"box-sizing: border-box; margin-right: 0px; margin-bottom: 4px; margin-left: 0px; padding: 0px; font-weight: 400; line-height: 1.2; font-size: 17px; color: #555555; text-align: left;\"><img style=\"box-sizing: border-box; border-style: none; height: 34px; margin: 0px; padding: 0px; vertical-align: middle;\" title=\"Veggie\" src=\"https:\/\/www.monline.com.ar\/listas\/img\/vegetariano-bros.png\" width=\"34\" border=\"0\"><\/h4><\/td><td style=\"width: 72.5446%;\"><em><strong>Opcional leche vegetal&nbsp;<\/strong><\/em><\/td><td style=\"text-align: right; width: 3.06129%;\">&nbsp;<\/td><td style=\"width: 73.2194%; text-align: center;\"><strong><em>$ 1000<\/em><\/strong><\/td><\/tr><\/tbody><\/table><\/div><\/div><\/div><\/div><\/div><\/div><\/div><\/div><\/div><\/div><\/div><\/div><\/div><\/div><\/div><\/div><\/div><\/div><\/div><\/div><\/div><\/div><\/div><\/div><\/div><\/div><div class=\"vce-row-container\"><div class=\"vce-row vce-row--col-gap-30 vce-row-columns--top vce-row-content--top\" id=\"el-4bb81bfe\" data-vce-do-apply=\"all el-4bb81bfe\"><div class=\"vce-row-content\" data-vce-element-content=\"true\"><div class=\"vce-col vce-col--md-auto vce-col--xs-1 vce-col--xs-last vce-col--xs-first vce-col--sm-last vce-col--sm-first vce-col--md-last vce-col--lg-last vce-col--xl-last vce-col--md-first vce-col--lg-first vce-col--xl-first\" id=\"el-78642ea0\"><div class=\"vce-col-inner\" data-vce-do-apply=\"border margin background  el-78642ea0\"><div class=\"vce-col-content\" data-vce-element-content=\"true\" data-vce-do-apply=\"padding el-78642ea0\"><div class=\"vce-single-image-container vce-single-image--align-center\"><div class=\"vce vce-single-image-wrapper\" id=\"el-bb91ca58\" data-vce-do-apply=\"all el-bb91ca58\"><figure><a href=\"https:\/\/growbrands.net\/neworder\/republica\/\" title=\"\" class=\"vce-single-image-inner vce-single-image--absolute\" style=\"padding-bottom: 37.8947%; width: 95px;\"><img class=\"vce-single-image\" width=\"95\" height=\"36\"src=\"https:\/\/growbrands.net\/neworder\/wp-content\/uploads\/2025\/12\/republica.volver-95x36.png\" srcset=\"https:\/\/growbrands.net\/neworder\/wp-content\/uploads\/2025\/12\/republica.volver-95x36.png 95w\" data-img-src=\"https:\/\/growbrands.net\/neworder\/wp-content\/uploads\/2021\/01\/republica.volver.png\" alt=\"\" title=\"republica.volver\" \/><\/a><figcaption hidden=\"\"><\/figcaption><\/figure><\/div><\/div><\/div><\/div><\/div><\/div><\/div><\/div><\/div><\/div><\/div><\/div><\/div><\/div><div class=\"vce-row-container\"><div class=\"vce-row vce-row--col-gap-30 vce-row-columns--top vce-row-content--top\" id=\"el-034f0b1b\" data-vce-do-apply=\"all el-034f0b1b\"><div class=\"vce-row-content\" data-vce-element-content=\"true\"><div class=\"vce-col vce-col--md-auto vce-col--xs-1 vce-col--xs-last vce-col--xs-first vce-col--sm-last vce-col--sm-first vce-col--md-last vce-col--lg-last vce-col--xl-last vce-col--md-first vce-col--lg-first vce-col--xl-first\" id=\"el-79c96dd8\"><div class=\"vce-col-inner\" data-vce-do-apply=\"border margin background  el-79c96dd8\"><div class=\"vce-col-content\" data-vce-element-content=\"true\" data-vce-do-apply=\"padding el-79c96dd8\"><div class=\"vce-widgets-container\"><div class=\"vce vce-widgets-wrapper\" id=\"el-45f7dd9e\" data-vce-do-apply=\"all el-45f7dd9e\"><div class=\"textwidget custom-html-widget\"><div style=\"text-align; background-color:#000;\">\n<p style=\"text-align: center;\"><a href=\"http:\/\/www.neworder.menu\" target=\"_blank\" style=\"text-decoration:none;\"><span style=\"color:#ffffff;\">New Order: QR Digital Menu <br By Grow Brands<\/span><\/a><\/p>\n\t<\/div><\/div><\/div><\/div><\/div><\/div><\/div><\/div><\/div><\/div>\n","protected":false},"excerpt":{"rendered":"<p>Anaranjada 1 litro.&nbsp;$ 9.100Chopp Stella Artois 500cc$ 8.900Chopp Stella Artois 330cc$ 7.500T\u00e9 helado y mix de c\u00edtricos de Litro$ 7.500Copa de Vino$ 5.500Gaseosa l\u00ednea Coca-Cola 350 cc$ 3.800Agua con gas +Soda&nbsp;$3.500&nbsp;Agua sin gas&nbsp;+Soda$ 3.500Caf\u00e9 doble&nbsp;$ 3.900Latte&nbsp;$ 3.900Cappuccino&nbsp;$ 3.900Caf\u00e9 con leche fr\u00edo&nbsp;$ 3.900Caf\u00e9 largo&nbsp;$ 3.900Caf\u00e9 en &hellip; <\/p>\n","protected":false},"author":35,"featured_media":0,"parent":0,"menu_order":0,"comment_status":"closed","ping_status":"closed","template":"","meta":{"_monsterinsights_skip_tracking":false,"_monsterinsights_sitenote_active":false,"_monsterinsights_sitenote_note":"","_monsterinsights_sitenote_category":0,"footnotes":""},"coauthors":[64],"class_list":["post-76714","page","type-page","status-publish","hentry"],"_links":{"self":[{"href":"https:\/\/growbrands.net\/neworder\/wp-json\/wp\/v2\/pages\/76714","targetHints":{"allow":["GET"]}}],"collection":[{"href":"https:\/\/growbrands.net\/neworder\/wp-json\/wp\/v2\/pages"}],"about":[{"href":"https:\/\/growbrands.net\/neworder\/wp-json\/wp\/v2\/types\/page"}],"author":[{"embeddable":true,"href":"https:\/\/growbrands.net\/neworder\/wp-json\/wp\/v2\/users\/35"}],"replies":[{"embeddable":true,"href":"https:\/\/growbrands.net\/neworder\/wp-json\/wp\/v2\/comments?post=76714"}],"version-history":[{"count":91,"href":"https:\/\/growbrands.net\/neworder\/wp-json\/wp\/v2\/pages\/76714\/revisions"}],"predecessor-version":[{"id":89370,"href":"https:\/\/growbrands.net\/neworder\/wp-json\/wp\/v2\/pages\/76714\/revisions\/89370"}],"wp:attachment":[{"href":"https:\/\/growbrands.net\/neworder\/wp-json\/wp\/v2\/media?parent=76714"}],"wp:term":[{"taxonomy":"author","embeddable":true,"href":"https:\/\/growbrands.net\/neworder\/wp-json\/wp\/v2\/coauthors?post=76714"}],"curies":[{"name":"wp","href":"https:\/\/api.w.org\/{rel}","templated":true}]}}