{"id":76712,"date":"2024-07-04T18:08:47","date_gmt":"2024-07-04T21:08:47","guid":{"rendered":"https:\/\/growbrands.net\/neworder\/?page_id=76712"},"modified":"2025-12-19T22:05:06","modified_gmt":"2025-12-20T01:05:06","slug":"republica-restaurant-aperitivos-y-cocteles-new","status":"publish","type":"page","link":"https:\/\/growbrands.net\/neworder\/republica-restaurant-aperitivos-y-cocteles-new\/","title":{"rendered":"Rep\u00fablica Restaurant &#8211; Aperitivos y c\u00f2cteles NEW"},"content":{"rendered":"<div class=\"vce-row-container\"><div class=\"vce-row vce-element--has-background vce-row--col-gap-30 vce-row-columns--top vce-row-content--top\" id=\"el-1f096c6d\" data-vce-do-apply=\"all el-1f096c6d\"><div class=\"vce-content-background-container\"><div class=\"vce-asset-parallax-container vce-visible-all-only\" data-vce-assets-parallax=\".vce-asset-parallax\" data-vce-assets-parallax-speed=\"200\" data-vce-assets-parallax-reverse=\"false\"><div class=\"vce-asset-parallax\" style=\"top: -200vh; bottom: -200vh; transform: translateY(53.8832vh);\"><\/div><\/div><\/div><div class=\"vce-row-content\" data-vce-element-content=\"true\"><div class=\"vce-col vce-col--md-auto vce-col--xs-1 vce-col--xs-last vce-col--xs-first vce-col--sm-last vce-col--sm-first vce-col--md-last vce-col--lg-last vce-col--xl-last vce-col--md-first vce-col--lg-first vce-col--xl-first\" id=\"el-999bc871\"><div class=\"vce-col-inner\" data-vce-do-apply=\"border margin background  el-999bc871\"><div class=\"vce-col-content\" data-vce-element-content=\"true\" data-vce-do-apply=\"padding el-999bc871\"><div class=\"vce-single-image-container vce-single-image--align-center\"><div class=\"vce vce-single-image-wrapper\" id=\"el-db0cfdd1\" data-vce-do-apply=\"all el-db0cfdd1\"><figure><div class=\"vce-single-image-inner vce-single-image--absolute vce-single-image--border-rounded\" style=\"padding-bottom: 36.25%; width: 720px;\"><img class=\"vce-single-image\" width=\"720\" height=\"261\"src=\"https:\/\/growbrands.net\/neworder\/wp-content\/uploads\/2025\/12\/APERIT-720x261.png\" srcset=\"https:\/\/growbrands.net\/neworder\/wp-content\/uploads\/2025\/12\/APERIT-320x116.png 320w,https:\/\/growbrands.net\/neworder\/wp-content\/uploads\/2025\/12\/APERIT-480x174.png 480w,https:\/\/growbrands.net\/neworder\/wp-content\/uploads\/2025\/12\/APERIT-720x261.png 720w\" data-img-src=\"https:\/\/growbrands.net\/neworder\/wp-content\/uploads\/2022\/06\/APERIT.png\" alt=\"\" title=\"APERIT\" \/><\/div><figcaption hidden=\"\"><\/figcaption><\/figure><\/div><\/div><div class=\"vce-row-container\"><div class=\"vce-row vce-row--col-gap-30 vce-row-columns--top vce-row-content--top\" id=\"el-7b023fd9\" data-vce-do-apply=\"all el-7b023fd9\"><div class=\"vce-content-background-container\"><div class=\"vce-asset-parallax-container vce-visible-all-only\" data-vce-assets-parallax=\".vce-asset-parallax\" data-vce-assets-parallax-speed=\"30\" data-vce-assets-parallax-reverse=\"false\"><div class=\"vce-asset-parallax\" style=\"top: -30vh; bottom: -30vh; transform: translateY(-0.873786vh);\"><\/div><\/div><\/div><div class=\"vce-row-content\" data-vce-element-content=\"true\"><div class=\"vce-col vce-col--md-auto vce-col--xs-1 vce-col--xs-last vce-col--xs-first vce-col--sm-last vce-col--sm-first vce-col--md-last vce-col--lg-last vce-col--xl-last vce-col--md-first vce-col--lg-first vce-col--xl-first\" id=\"el-1c6a0778\"><div class=\"vce-col-inner\" data-vce-do-apply=\"border margin background  el-1c6a0778\"><div class=\"vce-col-content\" data-vce-element-content=\"true\" data-vce-do-apply=\"padding el-1c6a0778\"><\/div><\/div><\/div><\/div><\/div><\/div><div class=\"vce-row-container\"><div class=\"vce-row vce-row--col-gap-30 vce-row-columns--top vce-row-content--top\" id=\"el-c63b5eee\" data-vce-do-apply=\"all el-c63b5eee\"><div class=\"vce-content-background-container\"><div class=\"vce-asset-parallax-container vce-visible-all-only\" data-vce-assets-parallax=\".vce-asset-parallax\" data-vce-assets-parallax-speed=\"30\" data-vce-assets-parallax-reverse=\"false\"><div class=\"vce-asset-parallax\" style=\"top: -30vh; bottom: -30vh; transform: translateY(17.617vh);\"><\/div><\/div><\/div><div class=\"vce-row-content\" data-vce-element-content=\"true\"><div class=\"vce-col vce-col--md-auto vce-col--xs-1 vce-col--xs-last vce-col--xs-first vce-col--sm-last vce-col--sm-first vce-col--md-last vce-col--lg-last vce-col--xl-last vce-col--md-first vce-col--lg-first vce-col--xl-first\" id=\"el-66fbf932\"><div class=\"vce-col-inner\" data-vce-do-apply=\"border margin background  el-66fbf932\"><div class=\"vce-col-content\" data-vce-element-content=\"true\" data-vce-do-apply=\"padding el-66fbf932\"><div class=\"vce-row-container\"><div class=\"vce-row vce-row--col-gap-30 vce-row-columns--top vce-row-content--top\" id=\"el-14d6a68e\" data-vce-do-apply=\"all el-14d6a68e\"><div class=\"vce-row-content\" data-vce-element-content=\"true\"><div class=\"vce-col vce-col--md-auto vce-col--xs-1 vce-col--xs-last vce-col--xs-first vce-col--sm-last vce-col--sm-first vce-col--md-last vce-col--lg-last vce-col--xl-last vce-col--md-first vce-col--lg-first vce-col--xl-first\" id=\"el-5267b09a\"><div class=\"vce-col-inner\" data-vce-do-apply=\"border margin background  el-5267b09a\"><div class=\"vce-col-content\" data-vce-element-content=\"true\" data-vce-do-apply=\"padding el-5267b09a\"><div class=\"vce-row-container\"><div class=\"vce-row vce-row--col-gap-30 vce-row-columns--top vce-row-content--top\" id=\"el-962245eb\" data-vce-do-apply=\"all el-962245eb\"><div class=\"vce-content-background-container\"><\/div><div class=\"vce-row-content\" data-vce-element-content=\"true\"><div class=\"vce-col vce-col--md-auto vce-col--xs-1 vce-col--xs-last vce-col--xs-first vce-col--sm-last vce-col--sm-first vce-col--md-last vce-col--lg-last vce-col--xl-last vce-col--md-first vce-col--lg-first vce-col--xl-first\" id=\"el-f4f9d452\"><div class=\"vce-col-inner\" data-vce-do-apply=\"border margin background  el-f4f9d452\"><div class=\"vce-content-background-container\"><\/div><div class=\"vce-col-content\" data-vce-element-content=\"true\" data-vce-do-apply=\"padding el-f4f9d452\"><div class=\"vce-row-container\"><div class=\"vce-row vce-row--col-gap-30 vce-row-columns--top vce-row-content--top\" id=\"el-32fb6894\" data-vce-do-apply=\"all el-32fb6894\"><div class=\"vce-row-content\" data-vce-element-content=\"true\"><div class=\"vce-col vce-col--md-auto vce-col--xs-1 vce-col--xs-last vce-col--xs-first vce-col--sm-last vce-col--sm-first vce-col--md-last vce-col--lg-last vce-col--xl-last vce-col--md-first vce-col--lg-first vce-col--xl-first\" id=\"el-c74207f3\"><div class=\"vce-col-inner\" data-vce-do-apply=\"border margin background  el-c74207f3\"><div class=\"vce-col-content\" data-vce-element-content=\"true\" data-vce-do-apply=\"padding el-c74207f3\"><div class=\"vce-text-block\"><div class=\"vce-text-block-wrapper vce\" id=\"el-edfdb630\" data-vce-do-apply=\"all el-edfdb630\"><h1 style=\"text-align: center;\"><span style=\"font-weight: bold; font-style: normal; font-family: 'arial black', sans-serif;\">APERITIVOS<\/span><\/h1><\/div><\/div><div class=\"vce-text-block\"><div class=\"vce-text-block-wrapper vce\" id=\"el-a145856f\" data-vce-do-apply=\"all el-a145856f\"><table style=\"width: 100%; height: 615px;\" border=\"0\" width=\"100%\"><tbody><tr style=\"height: 33px;\"><td style=\"height: 33px; width: 787px;\"><strong>CUBA LIBRE <\/strong>Ron Havana a\u00f1ejo especial \/ Coca-Cola \/ Lim\u00f3n<\/td><td style=\"text-align: right; height: 33px; width: 335px;\">$ 8.200<\/td><\/tr><tr style=\"height: 33px;\"><td style=\"height: 33px; width: 787px;\"><strong>GIN T\u00d3NIC <\/strong>Gin Pr\u00edncipe de los Ap\u00f3stoles \/ T\u00f3nica \/Lim\u00f3n<\/td><td style=\"text-align: right; height: 33px; width: 335px;\">$ 7.400<\/td><\/tr><tr style=\"height: 48px;\"><td style=\"width: 787px; height: 48px;\"><strong>FERNET BRANCA<\/strong><br>con una Coca Cola<strong><br><\/strong><\/td><td style=\"text-align: right; width: 335px; height: 48px;\">$ 7.600<\/td><\/tr><tr style=\"height: 96px;\"><td style=\"width: 787px; height: 96px;\"><strong>NEGRONI<\/strong><br>Campari, Ginebra, Vermut Rojo y rodaja<br>de Naranja<strong><br><\/strong><\/td><td style=\"text-align: right; width: 335px; height: 96px;\">$ 7.500<\/td><\/tr><tr style=\"height: 65px;\"><td style=\"height: 39px; width: 787px;\"><strong>CAIPIROSKA<\/strong><br>Vodka Sernova \/ Limon \/Almibar<\/td><td style=\"text-align: right; height: 39px; width: 335px;\">$ 7.200<\/td><\/tr><tr style=\"height: 48px;\"><td style=\"width: 787px; height: 48px;\"><strong>AMERICANO<\/strong><br>Campari \/ Cinzano y soda<strong><br><\/strong><\/td><td style=\"text-align: right; width: 335px; height: 48px;\">$ 6.800<\/td><\/tr><tr style=\"height: 30px;\"><td style=\"width: 787px; height: 30px;\"><strong>CINZANO, SODA Y LIM\u00d3N<\/strong><\/td><td style=\"text-align: right; width: 335px; height: 30px;\">$ 6.800<\/td><\/tr><tr style=\"height: 97px;\"><td style=\"height: 55px; width: 787px;\"><strong>CYNAR JULEP<\/strong><\/td><td style=\"text-align: right; height: 55px; width: 335px;\">$ 6.800<\/td><\/tr><tr style=\"height: 56px;\"><td style=\"height: 44px; width: 787px;\"><strong>CAMPARI ORANGE <\/strong>Bitter rosso \/ Jugo de naranja<\/td><td style=\"text-align: right; height: 44px; width: 335px;\">$ 6.800<\/td><\/tr><tr style=\"height: 21px;\"><td style=\"height: 10px; width: 787px;\"><strong>CAMPARI TONIC Bitter rosso \/ <\/strong>Agua t\u00f3nica<\/td><td style=\"text-align: right; height: 10px; width: 335px;\">$ 6.800<\/td><\/tr><\/tbody><\/table><\/div><\/div><\/div><\/div><\/div><\/div><\/div><\/div><\/div><\/div><\/div><\/div><\/div><\/div><\/div><\/div><\/div><\/div><\/div><\/div><\/div><\/div><\/div><\/div><\/div><\/div><div class=\"vce-row-container\"><div class=\"vce-row vce-row--col-gap-30 vce-row-columns--top vce-row-content--top\" id=\"el-4bb81bfe\" data-vce-do-apply=\"all el-4bb81bfe\"><div class=\"vce-row-content\" data-vce-element-content=\"true\"><div class=\"vce-col vce-col--md-auto vce-col--xs-1 vce-col--xs-last vce-col--xs-first vce-col--sm-last vce-col--sm-first vce-col--md-last vce-col--lg-last vce-col--xl-last vce-col--md-first vce-col--lg-first vce-col--xl-first\" id=\"el-78642ea0\"><div class=\"vce-col-inner\" data-vce-do-apply=\"border margin background  el-78642ea0\"><div class=\"vce-col-content\" data-vce-element-content=\"true\" data-vce-do-apply=\"padding el-78642ea0\"><div class=\"vce-single-image-container vce-single-image--align-center\"><div class=\"vce vce-single-image-wrapper\" id=\"el-bb91ca58\" data-vce-do-apply=\"all el-bb91ca58\"><figure><a href=\"https:\/\/growbrands.net\/neworder\/republica\/\" title=\"\" class=\"vce-single-image-inner vce-single-image--absolute\" style=\"padding-bottom: 37.8947%; width: 95px;\"><img class=\"vce-single-image\" width=\"95\" height=\"36\"src=\"https:\/\/growbrands.net\/neworder\/wp-content\/uploads\/2025\/12\/republica.volver-95x36.png\" srcset=\"https:\/\/growbrands.net\/neworder\/wp-content\/uploads\/2025\/12\/republica.volver-95x36.png 95w\" data-img-src=\"https:\/\/growbrands.net\/neworder\/wp-content\/uploads\/2021\/01\/republica.volver.png\" alt=\"\" title=\"republica.volver\" \/><\/a><figcaption hidden=\"\"><\/figcaption><\/figure><\/div><\/div><\/div><\/div><\/div><\/div><\/div><\/div><\/div><\/div><\/div><\/div><\/div><\/div><div class=\"vce-row-container\"><div class=\"vce-row vce-row--col-gap-30 vce-row-columns--top vce-row-content--top\" id=\"el-034f0b1b\" data-vce-do-apply=\"all el-034f0b1b\"><div class=\"vce-row-content\" data-vce-element-content=\"true\"><div class=\"vce-col vce-col--md-auto vce-col--xs-1 vce-col--xs-last vce-col--xs-first vce-col--sm-last vce-col--sm-first vce-col--md-last vce-col--lg-last vce-col--xl-last vce-col--md-first vce-col--lg-first vce-col--xl-first\" id=\"el-79c96dd8\"><div class=\"vce-col-inner\" data-vce-do-apply=\"border margin background  el-79c96dd8\"><div class=\"vce-col-content\" data-vce-element-content=\"true\" data-vce-do-apply=\"padding el-79c96dd8\"><div class=\"vce-widgets-container\"><div class=\"vce vce-widgets-wrapper\" id=\"el-45f7dd9e\" data-vce-do-apply=\"all el-45f7dd9e\"><div class=\"textwidget custom-html-widget\"><div style=\"text-align; background-color:#000;\">\n<p style=\"text-align: center;\"><a href=\"http:\/\/www.neworder.menu\" target=\"_blank\" style=\"text-decoration:none;\"><span style=\"color:#ffffff;\">New Order: QR Digital Menu <br By Grow Brands<\/span><\/a><\/p>\n\t<\/div><\/div><\/div><\/div><\/div><\/div><\/div><\/div><\/div><\/div>\n","protected":false},"excerpt":{"rendered":"<p>APERITIVOSCUBA LIBRE Ron Havana a\u00f1ejo especial \/ Coca-Cola \/ Lim\u00f3n$ 8.200GIN T\u00d3NIC Gin Pr\u00edncipe de los Ap\u00f3stoles \/ T\u00f3nica \/Lim\u00f3n$ 7.400FERNET BRANCAcon una Coca Cola$ 7.600NEGRONICampari, Ginebra, Vermut Rojo y rodajade Naranja$ 7.500CAIPIROSKAVodka Sernova \/ Limon \/Almibar$ 7.200AMERICANOCampari \/ Cinzano y soda$ 6.800CINZANO, SODA Y &hellip; <\/p>\n","protected":false},"author":35,"featured_media":0,"parent":0,"menu_order":0,"comment_status":"closed","ping_status":"closed","template":"","meta":{"_monsterinsights_skip_tracking":false,"_monsterinsights_sitenote_active":false,"_monsterinsights_sitenote_note":"","_monsterinsights_sitenote_category":0,"footnotes":""},"coauthors":[64],"class_list":["post-76712","page","type-page","status-publish","hentry"],"_links":{"self":[{"href":"https:\/\/growbrands.net\/neworder\/wp-json\/wp\/v2\/pages\/76712","targetHints":{"allow":["GET"]}}],"collection":[{"href":"https:\/\/growbrands.net\/neworder\/wp-json\/wp\/v2\/pages"}],"about":[{"href":"https:\/\/growbrands.net\/neworder\/wp-json\/wp\/v2\/types\/page"}],"author":[{"embeddable":true,"href":"https:\/\/growbrands.net\/neworder\/wp-json\/wp\/v2\/users\/35"}],"replies":[{"embeddable":true,"href":"https:\/\/growbrands.net\/neworder\/wp-json\/wp\/v2\/comments?post=76712"}],"version-history":[{"count":62,"href":"https:\/\/growbrands.net\/neworder\/wp-json\/wp\/v2\/pages\/76712\/revisions"}],"predecessor-version":[{"id":89259,"href":"https:\/\/growbrands.net\/neworder\/wp-json\/wp\/v2\/pages\/76712\/revisions\/89259"}],"wp:attachment":[{"href":"https:\/\/growbrands.net\/neworder\/wp-json\/wp\/v2\/media?parent=76712"}],"wp:term":[{"taxonomy":"author","embeddable":true,"href":"https:\/\/growbrands.net\/neworder\/wp-json\/wp\/v2\/coauthors?post=76712"}],"curies":[{"name":"wp","href":"https:\/\/api.w.org\/{rel}","templated":true}]}}