{"id":75510,"date":"2024-05-16T16:52:30","date_gmt":"2024-05-16T19:52:30","guid":{"rendered":"https:\/\/growbrands.net\/neworder\/?page_id=75510"},"modified":"2026-03-11T10:14:15","modified_gmt":"2026-03-11T13:14:15","slug":"emilia-manantiales-desayunos-meriendas","status":"publish","type":"page","link":"https:\/\/growbrands.net\/neworder\/emilia-manantiales-desayunos-meriendas\/","title":{"rendered":"La Emilia &#8211; Manantiales &#8211; Desayunos y meriendas"},"content":{"rendered":"<div class=\"vce-row-container\"><div class=\"vce-row vce-element--has-background vce-row--col-gap-30 vce-row-columns--top vce-row-content--top\" id=\"el-1f096c6d\" data-vce-do-apply=\"all el-1f096c6d\"><div class=\"vce-content-background-container\"><div class=\"vce-asset-parallax-container vce-visible-all-only\" data-vce-assets-parallax=\".vce-asset-parallax\" data-vce-assets-parallax-speed=\"40\" data-vce-assets-parallax-reverse=\"false\"><div class=\"vce-asset-parallax\" style=\"top: -40vh; bottom: -40vh; transform: translateY(15.4146vh);\"><\/div><\/div><\/div><div class=\"vce-row-content\" data-vce-element-content=\"true\"><div class=\"vce-col vce-col--md-auto vce-col--xs-1 vce-col--xs-last vce-col--xs-first vce-col--sm-last vce-col--sm-first vce-col--md-last vce-col--lg-last vce-col--xl-last vce-col--md-first vce-col--lg-first vce-col--xl-first\" id=\"el-999bc871\"><div class=\"vce-col-inner\" data-vce-do-apply=\"border margin background  el-999bc871\"><div class=\"vce-col-content\" data-vce-element-content=\"true\" data-vce-do-apply=\"padding el-999bc871\"><div class=\"vce-single-image-container vce-single-image--align-center\"><div class=\"vce vce-single-image-wrapper\" id=\"el-9ddb1731\" data-vce-do-apply=\"all el-9ddb1731\"><figure><div class=\"vce-single-image-inner vce-single-image--absolute\" style=\"padding-bottom: 33.8867%; width: 1024px;\"><img class=\"vce-single-image\" width=\"1024\" height=\"347\"src=\"https:\/\/growbrands.net\/neworder\/wp-content\/uploads\/2026\/03\/logo.la_.emilia.manantiales.blanco-1024x347.jpg\" srcset=\"https:\/\/growbrands.net\/neworder\/wp-content\/uploads\/2026\/03\/logo.la_.emilia.manantiales.blanco-320x108.jpg 320w,https:\/\/growbrands.net\/neworder\/wp-content\/uploads\/2026\/03\/logo.la_.emilia.manantiales.blanco-480x163.jpg 480w,https:\/\/growbrands.net\/neworder\/wp-content\/uploads\/2026\/03\/logo.la_.emilia.manantiales.blanco-800x271.jpg 800w,https:\/\/growbrands.net\/neworder\/wp-content\/uploads\/2026\/03\/logo.la_.emilia.manantiales.blanco-1024x347.jpg 1024w\" data-img-src=\"https:\/\/growbrands.net\/neworder\/wp-content\/uploads\/2023\/12\/logo.la_.emilia.manantiales.blanco.jpg\" alt=\"\" title=\"logo.la.emilia.manantiales.blanco\" \/><\/div><figcaption hidden=\"\"><\/figcaption><\/figure><\/div><\/div><div class=\"vce-row-container\"><div class=\"vce-row vce-row--col-gap-30 vce-row-columns--top vce-row-content--top\" id=\"el-5792a9c0\" data-vce-do-apply=\"all el-5792a9c0\"><div class=\"vce-content-background-container\"><\/div><div class=\"vce-row-content\" data-vce-element-content=\"true\"><div class=\"vce-col vce-col--md-auto vce-col--xs-1 vce-col--xs-last vce-col--xs-first vce-col--sm-last vce-col--sm-first vce-col--md-last vce-col--lg-last vce-col--xl-last vce-col--md-first vce-col--lg-first vce-col--xl-first\" id=\"el-60063654\"><div class=\"vce-col-inner\" data-vce-do-apply=\"border margin background  el-60063654\"><div class=\"vce-col-content\" data-vce-element-content=\"true\" data-vce-do-apply=\"padding el-60063654\"><div class=\"vce-text-block\"><div class=\"vce-text-block-wrapper vce\" id=\"el-e60b6a5a\" data-vce-do-apply=\"all el-e60b6a5a\"><p><span style=\"font-family: Arimo; font-size: 16pt;\"><strong>DESAYUNOS Y MERIENDAS<br><\/strong><\/span><b>&nbsp;(Horario: 09:00 hs a 23:30 hs)<\/b><\/p><table style=\"width: 100%; height: 960px;\" width=\"100%\"><tbody><tr style=\"height: 96px;\"><td style=\"width: 72.6727%; height: 96px;\" width=\"243\">TRADICIONAL&nbsp;<br>(Caf\u00e9 o infusi\u00f3n con dos criollos o dos medialunas)<\/td><td style=\"text-align: right; width: 24.9249%; height: 96px;\" width=\"80\"><p><span style=\"text-decoration: line-through;\">$6.500<\/span><\/p><p>$5.000<\/p><\/td><\/tr><tr style=\"height: 120px;\"><td style=\"width: 72.6727%; height: 120px;\">COMPLETO<br>(Caf\u00e9 o infusi\u00f3n con dos medialunas o dos criollos, mermelada casera. queso crema o manteca y jugo de naranja)<\/td><td style=\"text-align: right; width: 24.9249%; height: 120px;\">$8.500<\/td><\/tr><tr style=\"height: 96px;\"><td style=\"width: 72.6727%; height: 96px;\">CAMPESTRE<br>(Caf\u00e9 o infusi\u00f3n, pan tostado, mermelada casera. queso crema o manteca y jugo de naranja)<\/td><td style=\"text-align: right; width: 24.9249%; height: 96px;\">$8.000<\/td><\/tr><tr style=\"height: 24px;\"><td style=\"width: 72.6727%; height: 24px;\">JUGO DE NARANJA<\/td><td style=\"text-align: right; width: 24.9249%; height: 24px;\">$6.500<\/td><\/tr><tr style=\"height: 48px;\"><td style=\"width: 72.6727%; height: 48px;\">LICUADO&nbsp;<br>(Con agua o con leche)<\/td><td style=\"text-align: right; width: 24.9249%; height: 48px;\">$7.000<\/td><\/tr><tr style=\"height: 72px;\"><td style=\"width: 72.6727%; height: 72px;\">HUEVOS REVUELTOS<br>(Con tomates cherrys y pan tostado)<\/td><td style=\"text-align: right; width: 24.9249%; height: 72px;\">$6.500<\/td><\/tr><tr style=\"height: 72px;\"><td style=\"width: 72.6727%; height: 72px;\">OMELETTE<br>(Huevos con jam\u00f3n cocido, queso y pan tostado)<\/td><td style=\"text-align: right; width: 24.9249%; height: 72px;\">$7.500<\/td><\/tr><tr style=\"height: 48px;\"><td style=\"width: 72.6727%; height: 48px;\">MAFALDA<br>(Medialuna con jam\u00f3n y queso)<\/td><td style=\"text-align: right; width: 24.9249%; height: 48px;\">$5.500<\/td><\/tr><tr style=\"height: 72px;\"><td style=\"width: 72.6727%; height: 72px;\">TOSTADO DE JAMON Y QUESO<br>(Pan de campo con manteca, jam\u00f3n y queso)<\/td><td style=\"text-align: right; width: 24.9249%; height: 72px;\">$8.500<\/td><\/tr><tr style=\"height: 72px;\"><td style=\"width: 72.6727%; height: 72px;\">AVOCADO TOAST<br>(Pan tostado, palta, tomate, huevo)<\/td><td style=\"text-align: right; width: 24.9249%; height: 72px;\">$7.500<\/td><\/tr><tr style=\"height: 72px;\"><td style=\"width: 72.6727%; height: 72px;\">TOSTADA MEDITERRANEA<br>(Pan tostado, queso crema, tomate, r\u00facula, jam\u00f3n crudo)<\/td><td style=\"text-align: right; width: 24.9249%; height: 72px;\">$7.700<\/td><\/tr><tr style=\"height: 24px;\"><td style=\"width: 72.6727%; height: 24px;\">PAN TOSTADO<\/td><td style=\"text-align: right; width: 24.9249%; height: 24px;\">$2.500<\/td><\/tr><tr style=\"height: 24px;\"><td style=\"width: 72.6727%; height: 24px;\">CRIOLLITO<\/td><td style=\"text-align: right; width: 24.9249%; height: 24px;\">$2.500<\/td><\/tr><tr style=\"height: 24px;\"><td style=\"width: 72.6727%; height: 24px;\">MEDIALUNA<\/td><td style=\"text-align: right; width: 24.9249%; height: 24px;\">$2.500<\/td><\/tr><tr style=\"height: 24px;\"><td style=\"width: 72.6727%; height: 24px;\">CAFE CHICO<\/td><td style=\"text-align: right; width: 24.9249%; height: 24px;\">$2.900<\/td><\/tr><tr style=\"height: 24px;\"><td style=\"width: 72.6727%; height: 24px;\">CAFE JARRITO<\/td><td style=\"text-align: right; width: 24.9249%; height: 24px;\">$3.000<\/td><\/tr><tr style=\"height: 24px;\"><td style=\"width: 72.6727%; height: 24px;\">CAFE DOBLE<\/td><td style=\"text-align: right; width: 24.9249%; height: 24px;\">$3.600<\/td><\/tr><tr style=\"height: 24px;\"><td style=\"width: 72.6727%; height: 24px;\">TE<\/td><td style=\"text-align: right; width: 24.9249%; height: 24px;\">$3.000<\/td><\/tr><\/tbody><\/table><\/div><\/div><\/div><\/div><\/div><\/div><\/div><\/div><div class=\"vce-button--style-outline-container vce-button--style-outline-container--align-center\"><span class=\"vce-button--style-outline-wrapper vce vce-button--style-outline-wrapper--stretched\" id=\"el-cda34e8a\" data-vce-do-apply=\"margin el-cda34e8a\"><a class=\"vce-button--style-outline-animated vce-button--style-outline--border-round vce-button--style-outline--size-medium vce-button--style-outline-animated--color-b-47-47-47--fff--3d3d3d vce-button--style-outline-animated--border-color-b-62-61-61--3d3d3d vce-button--style-outline-animated--background-color-b-47-47-47\" href=\"https:\/\/growbrands.net\/neworder\/emilia-manantiales-inicio\/\" title=\"\" data-vce-do-apply=\"padding border background  el-cda34e8a\"><span class=\"vce-button--style-outline-text\">VOLVER<\/span><\/a><\/span><\/div><\/div><\/div><\/div><\/div><\/div><\/div><div class=\"vce-row-container\"><div class=\"vce-row vce-row--col-gap-30 vce-row-columns--top vce-row-content--top\" id=\"el-034f0b1b\" data-vce-do-apply=\"all el-034f0b1b\"><div class=\"vce-row-content\" data-vce-element-content=\"true\"><div class=\"vce-col vce-col--md-auto vce-col--xs-1 vce-col--xs-last vce-col--xs-first vce-col--sm-last vce-col--sm-first vce-col--md-last vce-col--lg-last vce-col--xl-last vce-col--md-first vce-col--lg-first vce-col--xl-first\" id=\"el-79c96dd8\"><div class=\"vce-col-inner\" data-vce-do-apply=\"border margin background  el-79c96dd8\"><div class=\"vce-col-content\" data-vce-element-content=\"true\" data-vce-do-apply=\"padding el-79c96dd8\"><div class=\"vce-widgets-container\"><div class=\"vce vce-widgets-wrapper\" id=\"el-45f7dd9e\" data-vce-do-apply=\"all el-45f7dd9e\"><div class=\"textwidget custom-html-widget\"><div style=\"text-align; background-color:#000;\">\n<p style=\"text-align: center;\"><a href=\"http:\/\/www.neworder.menu\" target=\"_blank\" style=\"text-decoration:none;\"><span style=\"color:#ffffff;\">New Order: QR Digital Menu <br By Grow Brands<\/span><\/a><\/p>\n\t<\/div><\/div><\/div><\/div><\/div><\/div><\/div><\/div><\/div><\/div>\n","protected":false},"excerpt":{"rendered":"<p>DESAYUNOS Y MERIENDAS&nbsp;(Horario: 09:00 hs a 23:30 hs)TRADICIONAL&nbsp;(Caf\u00e9 o infusi\u00f3n con dos criollos o dos medialunas)$6.500$5.000COMPLETO(Caf\u00e9 o infusi\u00f3n con dos medialunas o dos criollos, mermelada casera. queso crema o manteca y jugo de naranja)$8.500CAMPESTRE(Caf\u00e9 o infusi\u00f3n, pan tostado, mermelada casera. queso crema o manteca y &hellip; <\/p>\n","protected":false},"author":50,"featured_media":0,"parent":0,"menu_order":0,"comment_status":"closed","ping_status":"closed","template":"","meta":{"_monsterinsights_skip_tracking":false,"_monsterinsights_sitenote_active":false,"_monsterinsights_sitenote_note":"","_monsterinsights_sitenote_category":0,"footnotes":""},"coauthors":[102,104,117],"class_list":["post-75510","page","type-page","status-publish","hentry"],"_links":{"self":[{"href":"https:\/\/growbrands.net\/neworder\/wp-json\/wp\/v2\/pages\/75510","targetHints":{"allow":["GET"]}}],"collection":[{"href":"https:\/\/growbrands.net\/neworder\/wp-json\/wp\/v2\/pages"}],"about":[{"href":"https:\/\/growbrands.net\/neworder\/wp-json\/wp\/v2\/types\/page"}],"author":[{"embeddable":true,"href":"https:\/\/growbrands.net\/neworder\/wp-json\/wp\/v2\/users\/50"}],"replies":[{"embeddable":true,"href":"https:\/\/growbrands.net\/neworder\/wp-json\/wp\/v2\/comments?post=75510"}],"version-history":[{"count":65,"href":"https:\/\/growbrands.net\/neworder\/wp-json\/wp\/v2\/pages\/75510\/revisions"}],"predecessor-version":[{"id":90485,"href":"https:\/\/growbrands.net\/neworder\/wp-json\/wp\/v2\/pages\/75510\/revisions\/90485"}],"wp:attachment":[{"href":"https:\/\/growbrands.net\/neworder\/wp-json\/wp\/v2\/media?parent=75510"}],"wp:term":[{"taxonomy":"author","embeddable":true,"href":"https:\/\/growbrands.net\/neworder\/wp-json\/wp\/v2\/coauthors?post=75510"}],"curies":[{"name":"wp","href":"https:\/\/api.w.org\/{rel}","templated":true}]}}