{"id":72727,"date":"2024-02-20T18:27:30","date_gmt":"2024-02-20T21:27:30","guid":{"rendered":"https:\/\/growbrands.net\/neworder\/?page_id=72727"},"modified":"2025-04-20T13:50:02","modified_gmt":"2025-04-20T16:50:02","slug":"la-chocolateria-alvear-cafeteria","status":"publish","type":"page","link":"https:\/\/growbrands.net\/neworder\/la-chocolateria-alvear-cafeteria\/","title":{"rendered":"La Chocolateria &#8211; Alvear &#8211; Cafeter\u00eda"},"content":{"rendered":"<div class=\"vce-row-container\"><div class=\"vce-row vce-row--col-gap-30 vce-row-columns--top vce-row-content--top\" data-vce-full-width=\"true\" id=\"el-1f096c6d\" data-vce-do-apply=\"all el-1f096c6d\"><div class=\"vce-content-background-container\"><\/div><div class=\"vce-row-content\" data-vce-element-content=\"true\" style=\"padding-left: 45.6px; padding-right: 45.6001px;\"><div class=\"vce-col vce-col--md-auto vce-col--xs-1 vce-col--xs-last vce-col--xs-first vce-col--sm-last vce-col--sm-first vce-col--md-last vce-col--lg-last vce-col--xl-last vce-col--md-first vce-col--lg-first vce-col--xl-first\" id=\"el-999bc871\"><div class=\"vce-col-inner\" data-vce-do-apply=\"border margin background  el-999bc871\"><div class=\"vce-content-background-container\"><\/div><div class=\"vce-col-content\" data-vce-element-content=\"true\" data-vce-do-apply=\"padding el-999bc871\"><div class=\"vce-row-container\"><div class=\"vce-row vce-row--has-col-background vce-row--col-gap-30 vce-row-columns--top vce-row-content--top\" id=\"el-a91e6f6b\" data-vce-do-apply=\"all el-a91e6f6b\"><div class=\"vce-content-background-container\"><\/div><div class=\"vce-row-content\" data-vce-element-content=\"true\"><div class=\"vce-col vce-element--has-background vce-col--md-auto vce-col--xs-1 vce-col--xs-last vce-col--xs-first vce-col--sm-last vce-col--sm-first vce-col--md-last vce-col--lg-last vce-col--xl-last vce-col--md-first vce-col--lg-first vce-col--xl-first\" id=\"el-c96512a2\"><div class=\"vce-col-inner\" data-vce-do-apply=\"border margin background  el-c96512a2\"><div class=\"vce-content-background-container\"><div class=\"vce-asset-background-simple-container vce-visible-all-only vce-asset-background-simple--style-contain vce-asset-background-simple--position-center-center\"><div class=\"vce-asset-background-simple\"><div class=\"vce-asset-background-simple-item\" style=\"background-image: url('https:\/\/growbrands.net\/neworder\/wp-content\/uploads\/2022\/08\/lachocolateria-cafeteriaportada.png');\"><\/div><\/div><\/div><\/div><div class=\"vce-col-content\" data-vce-element-content=\"true\" data-vce-do-apply=\"padding el-c96512a2\"><\/div><\/div><\/div><\/div><\/div><\/div><div class=\"vce-row-container\"><div class=\"vce-row vce-element--has-background vce-row--col-gap-30 vce-row-columns--top vce-row-content--top\" id=\"el-430d0f6a\" data-vce-do-apply=\"all el-430d0f6a\"><div class=\"vce-content-background-container\"><div class=\"vce-asset-parallax-container vce-visible-all-only\" data-vce-assets-parallax=\".vce-asset-parallax\" data-vce-assets-parallax-speed=\"40\" data-vce-assets-parallax-reverse=\"false\"><div class=\"vce-asset-parallax\" style=\"top: -40vh; bottom: -40vh; transform: translateY(0.395412vh);\"><\/div><\/div><\/div><div class=\"vce-row-content\" data-vce-element-content=\"true\"><div class=\"vce-col vce-col--md-auto vce-col--xs-1 vce-col--xs-last vce-col--xs-first vce-col--sm-last vce-col--sm-first vce-col--md-last vce-col--lg-last vce-col--xl-last vce-col--md-first vce-col--lg-first vce-col--xl-first\" id=\"el-a4dcb592\"><div class=\"vce-col-inner\" data-vce-do-apply=\"border margin background  el-a4dcb592\"><div class=\"vce-content-background-container\"><\/div><div class=\"vce-col-content\" data-vce-element-content=\"true\" data-vce-do-apply=\"padding el-a4dcb592\"><div class=\"vce-row-container\"><div class=\"vce-row vce-element--has-background vce-row--col-gap-30 vce-row-columns--top vce-row-content--top\" id=\"el-20995092\" data-vce-do-apply=\"all el-20995092\"><div class=\"vce-content-background-container\"><\/div><div class=\"vce-row-content\" data-vce-element-content=\"true\"><div class=\"vce-col vce-col--md-auto vce-col--xs-1 vce-col--xs-last vce-col--xs-first vce-col--sm-last vce-col--sm-first vce-col--md-last vce-col--lg-last vce-col--xl-last vce-col--md-first vce-col--lg-first vce-col--xl-first\" id=\"el-d5eedda8\"><div class=\"vce-col-inner\" data-vce-do-apply=\"border margin background  el-d5eedda8\"><div class=\"vce-col-content\" data-vce-element-content=\"true\" data-vce-do-apply=\"padding el-d5eedda8\"><div class=\"vce-text-block\"><div class=\"vce-text-block-wrapper vce\" id=\"el-53a0a772\" data-vce-do-apply=\"all el-53a0a772\"><h1 style=\"line-height: 1;\"><strong><span style=\"font-size: 24pt;\"><span style=\"font-family: Lato;\">CL\u00c1SICOS<\/span><\/span><\/strong><\/h1><\/div><\/div><div class=\"vce-text-block\"><div class=\"vce-text-block-wrapper vce\" id=\"el-0d456a3e\" data-vce-do-apply=\"all el-0d456a3e\"><table style=\"width: 100%; height: 316px;\" width=\"100%\">\n<tbody>\n<tr style=\"height: 56px;\">\n<td style=\"height: 56px;\" width=\"332\"><strong>AMERICANO&nbsp;<\/strong><br>Espresso doble<\/td>\n<td style=\"text-align: right; height: 56px;\" width=\"131\">\n<p>$3100<\/p>\n<\/td>\n<\/tr>\n<tr style=\"height: 24px;\">\n<td style=\"height: 24px;\" width=\"332\"><strong>JARRITO<\/strong><\/td>\n<td style=\"text-align: right; height: 24px;\">$3000<\/td>\n<\/tr>\n<tr style=\"height: 48px;\">\n<td style=\"height: 48px;\" width=\"332\"><strong>CORTADO \/CON LECHE \/ L\u00c1GRIMA<\/strong><\/td>\n<td style=\"text-align: right; height: 48px;\">$ 3100<\/td>\n<\/tr>\n<tr style=\"height: 48px;\">\n<td style=\"height: 48px;\" width=\"332\"><strong>LATTE&nbsp; XL<\/strong><br>Espresso y leche<\/td>\n<td style=\"text-align: right; height: 48px;\">$ 3900<\/td>\n<\/tr>\n<tr style=\"height: 72px;\">\n<td style=\"height: 72px;\"><strong>FLAT WHITE<\/strong><br>Caf\u00e9 inteso y una delgada capa de leche texturizada.<\/td>\n<td style=\"text-align: right; height: 72px;\">$ 3900<\/td>\n<\/tr>\n<tr style=\"height: 44px;\">\n<td style=\"height: 44px;\">\n<p><span style=\"font-family: 'Bad Script';\"><strong>Cura T\u00e9 Alma:&nbsp;<\/strong><\/span><\/p>\n<p><span style=\"font-family: 'Bad Script';\"><strong>T\u00e9 Negro.<\/strong><\/span><\/p>\n<p><span style=\"font-family: 'Bad Script';\"><strong>Blends:<\/strong><\/span><\/p>\n<p><span style=\"font-family: 'Bad Script';\"><strong>Hot Chocolate&nbsp;<\/strong><\/span><span style=\"font-family: Bad Script;\"><strong>\u00b7 <\/strong><\/span><strong style=\"font-family: 'Bad Script';\">Placer ( T\u00e9 negro, chocolate y almendras).<\/strong><\/p>\n<p><span style=\"font-family: 'Bad Script';\"><strong>Calma Te&nbsp;<\/strong><\/span><span style=\"font-family: Bad Script;\"><strong>\u00b7 <\/strong><\/span><strong style=\"font-family: 'Bad Script';\">Serenidad (T\u00e9 verde, lavanda, manzanilla, melisa, cedr\u00f3n, tilo, menta, c\u00e1lendula y p\u00e9talos de rosas).<\/strong><\/p>\n<p><span style=\"font-family: 'Bad Script';\"><strong>M\u00e1xima <\/strong><\/span><span style=\"font-family: Bad Script;\"><strong>\u00b7<\/strong><\/span><strong style=\"font-family: 'Bad Script';\">&nbsp;Nobleza ( T\u00e9 rojo,&nbsp; naranja chip, jengibre, enebro, pimpollos de jazm\u00edn y p\u00e9talos de rosa).<\/strong><\/p>\n<p><span style=\"font-family: 'Bad Script';\"><strong>Encuentro de Almas&nbsp;<\/strong><\/span><span style=\"font-family: Bad Script;\"><strong>\u00b7 <\/strong><\/span><strong style=\"font-family: 'Bad Script';\">Inspiraci\u00f3n ( T\u00e9 rojo,higo, frutilla, manzana e hibiscus).<\/strong><\/p>\n<p>&nbsp;<\/p>\n<\/td>\n<td style=\"text-align: right; height: 44px;\">$3200&nbsp;<\/td>\n<\/tr>\n<tr style=\"height: 24px;\">\n<td style=\"height: 24px;\"><strong>T\u00c9 en Saquito<\/strong><\/td>\n<td style=\"text-align: right; height: 24px;\">$ 3100<\/td>\n<\/tr>\n<tr>\n<td><strong>&nbsp;T\u00e9 con leche<\/strong><\/td>\n<td style=\"text-align: right;\">$3500&nbsp;<\/td>\n<\/tr>\n<\/tbody>\n<\/table><\/div><\/div><\/div><\/div><\/div><\/div><\/div><\/div><div class=\"vce-row-container\"><div class=\"vce-row vce-element--has-background vce-row--col-gap-30 vce-row-columns--top vce-row-content--top\" id=\"el-82452437\" data-vce-do-apply=\"all el-82452437\"><div class=\"vce-content-background-container\"><\/div><div class=\"vce-row-content\" data-vce-element-content=\"true\"><div class=\"vce-col vce-col--md-auto vce-col--xs-1 vce-col--xs-last vce-col--xs-first vce-col--sm-last vce-col--sm-first vce-col--md-last vce-col--lg-last vce-col--xl-last vce-col--md-first vce-col--lg-first vce-col--xl-first\" id=\"el-b394dd54\"><div class=\"vce-col-inner\" data-vce-do-apply=\"border margin background  el-b394dd54\"><div class=\"vce-content-background-container\"><\/div><div class=\"vce-col-content\" data-vce-element-content=\"true\" data-vce-do-apply=\"padding el-b394dd54\"><div class=\"vce-text-block\"><div class=\"vce-text-block-wrapper vce\" id=\"el-de2289a1\" data-vce-do-apply=\"all el-de2289a1\"><h1 style=\"line-height: 1;\"><span style=\"font-size: 24pt; color: #ffffff;\"><span style=\"font-family: Lato;\">ESPECIALES<\/span><\/span><\/h1><\/div><\/div><div class=\"vce-text-block\"><div class=\"vce-text-block-wrapper vce\" id=\"el-e4314a09\" data-vce-do-apply=\"all el-e4314a09\"><table width=\"100%\">\n<tbody>\n<tr>\n<td><strong>NUTELLATTE EN TAZ\u00d3N<\/strong><br>Nutella, leche texturizada, caf\u00e9 y cacao.<\/td>\n<td style=\"text-align: right;\">$4800<\/td>\n<\/tr>\n<tr>\n<td><strong>&nbsp;CHOCOLATE CALIENTE<\/strong><\/td>\n<td style=\"text-align: right;\">$4600&nbsp;<\/td>\n<\/tr>\n<tr>\n<td><strong>&nbsp;CHOCOLATE CALIENTE CON CREMA CHANTILLY<\/strong><\/td>\n<td style=\"text-align: right;\">$4800&nbsp;<\/td>\n<\/tr>\n<tr>\n<td><strong>&nbsp;MOKA<\/strong><br>Espresso, leche texturizada,&nbsp; chocolate en barra y polvo de cacao.<\/td>\n<td style=\"text-align: right;\">$4600&nbsp;<\/td>\n<\/tr>\n<tr>\n<td><strong>SUBMARINO<\/strong><br>Leche, chocolate en barra y syrup de chocolate<\/td>\n<td style=\"text-align: right;\">$4200<\/td>\n<\/tr>\n<tr>\n<td><strong>CAPUCHINO&nbsp; BARBIE \/ CAPUCHINO CL\u00c1SICO<\/strong><br>Leche rosa texturizada, caf\u00e9 expresso y cacao en polvo.<\/td>\n<td style=\"text-align: right;\">$4200<\/td>\n<\/tr>\n<tr>\n<td><strong>CAF\u00c9 CARAMEL&nbsp; &nbsp;<\/strong><br>Caf\u00e9 espresso, leche texturixada y salsa de caramelo.<\/td>\n<td style=\"text-align: right;\">$4600<\/td>\n<\/tr>\n<tr>\n<td><strong>LATTE VEGAN&nbsp;&nbsp;<\/strong><br>Caf\u00e9 con leche de almendras.<\/td>\n<td style=\"text-align: right;\">$4500<\/td>\n<\/tr>\n<tr>\n<td><span style=\"font-size: 18pt;\"><strong>CAFETER\u00cdA FR\u00cdA<\/strong><\/span><\/td>\n<td style=\"text-align: right;\">&nbsp;<\/td>\n<\/tr>\n<tr>\n<td><strong>TIRAMIS\u00da LATTE<br><\/strong>Espresso, leche texturizada, licor de caf\u00e9 Borghetti, hielo, crema batida de caf\u00e9 y cacao.<\/td>\n<td style=\"text-align: right;\">$4600&nbsp;<\/td>\n<\/tr>\n<tr>\n<td><strong>ICED TEA TROPICAL<\/strong><br>T\u00e9 de Durazno y Mango, zumo de limon y hielo.<\/td>\n<td style=\"text-align: right;\">$3800<\/td>\n<\/tr>\n<tr>\n<td><strong>ICED LATTE<br><\/strong>Espresso con leche, hielo, endulzado con almibar.<\/td>\n<td style=\"text-align: right;\">$4200<\/td>\n<\/tr>\n<tr>\n<td><strong>FRAPPUCCINO MOKA<br><\/strong>Espresso, dulce de leche, leche, hielo y salsa de chocolate.<\/td>\n<td style=\"text-align: right;\">$4800<\/td>\n<\/tr>\n<tr>\n<td width=\"374\"><strong>ICED CARAMEL MACCHIATO&nbsp; &nbsp;<\/strong><br>Caramelo, caf\u00e9 espresso, leche texturizada y hielo.<\/td>\n<td style=\"text-align: right;\">$4600<\/td>\n<\/tr>\n<\/tbody>\n<\/table>\n<p>&nbsp;<\/p><\/div><\/div><\/div><\/div><\/div><\/div><\/div><\/div><div class=\"vce-row-container\"><div class=\"vce-row vce-element--has-background vce-row--col-gap-30 vce-row-columns--top vce-row-content--top\" id=\"el-1517db59\" data-vce-do-apply=\"all el-1517db59\"><div class=\"vce-content-background-container\"><\/div><div class=\"vce-row-content\" data-vce-element-content=\"true\"><div class=\"vce-col vce-col--md-auto vce-col--xs-1 vce-col--xs-last vce-col--xs-first vce-col--sm-last vce-col--sm-first vce-col--md-last vce-col--lg-last vce-col--xl-last vce-col--md-first vce-col--lg-first vce-col--xl-first\" id=\"el-13bd00e4\"><div class=\"vce-col-inner\" data-vce-do-apply=\"border margin background  el-13bd00e4\"><div class=\"vce-col-content\" data-vce-element-content=\"true\" data-vce-do-apply=\"padding el-13bd00e4\"><div class=\"vce-text-block\"><div class=\"vce-text-block-wrapper vce\" id=\"el-b636a817\" data-vce-do-apply=\"all el-b636a817\"><h1 style=\"line-height: 1;\"><span style=\"font-size: 24pt; color: #ffffff;\"><span style=\"font-family: Lato;\">BEBIDAS<\/span><\/span><\/h1><\/div><\/div><div class=\"vce-text-block\"><div class=\"vce-text-block-wrapper vce\" id=\"el-bfa83d39\" data-vce-do-apply=\"all el-bfa83d39\"><table style=\"width: 100%; height: 304px;\" width=\"100%\">\n<tbody>\n<tr style=\"height: 47px;\">\n<td style=\"height: 47px;\" width=\"332\">GASEOSAS: COCA \/ COCA ZERO\/ SPRITE\/FANTA<\/td>\n<td style=\"text-align: right; height: 47px;\" width=\"131\">$ 2700<\/td>\n<\/tr>\n<tr style=\"height: 23px;\">\n<td style=\"height: 23px;\" width=\"332\">AGUA SABORIZADA<\/td>\n<td style=\"text-align: right; height: 23px;\">$ 2500<\/td>\n<\/tr>\n<tr style=\"height: 23px;\">\n<td style=\"height: 23px;\" width=\"332\">AGUA CON GAS\/SIN GAS<\/td>\n<td style=\"text-align: right; height: 23px;\">$ 2300<\/td>\n<\/tr>\n<tr style=\"height: 47px;\">\n<td style=\"height: 47px;\" width=\"332\">JUGO DE NARANJA EXPRIMIDO<\/td>\n<td style=\"text-align: right; height: 47px;\">$ 4100<\/td>\n<\/tr>\n<tr style=\"height: 47px;\">\n<td style=\"height: 47px;\">LIMONADA CON MENTA Y JENGIBRE<\/td>\n<td style=\"text-align: right; height: 47px;\">$ 3900<\/td>\n<\/tr>\n<tr style=\"height: 23px;\">\n<td style=\"height: 23px;\">PINK LIMONADE<\/td>\n<td style=\"text-align: right; height: 23px;\">$ 3900<\/td>\n<\/tr>\n<tr style=\"height: 71px;\">\n<td style=\"height: 71px;\">LICUADOS<br>Banana\/durazno\/ frutilla\/multifruta.<\/td>\n<td style=\"text-align: right; height: 71px;\">$ 4500<\/td>\n<\/tr>\n<\/tbody>\n<\/table><\/div><\/div><\/div><\/div><\/div><\/div><\/div><\/div><div class=\"vce-row-container\"><div class=\"vce-row vce-row--col-gap-30 vce-row-columns--top vce-row-content--top\" id=\"el-13d82fe9\" data-vce-do-apply=\"all el-13d82fe9\"><div class=\"vce-row-content\" data-vce-element-content=\"true\"><div class=\"vce-col vce-col--md-auto vce-col--xs-1 vce-col--xs-last vce-col--xs-first vce-col--sm-last vce-col--sm-first vce-col--md-last vce-col--lg-last vce-col--xl-last vce-col--md-first vce-col--lg-first vce-col--xl-first\" id=\"el-235405a6\"><div class=\"vce-col-inner\" data-vce-do-apply=\"border margin background  el-235405a6\"><div class=\"vce-content-background-container\"><\/div><div class=\"vce-col-content\" data-vce-element-content=\"true\" data-vce-do-apply=\"padding el-235405a6\"><div class=\"vce-button--style-outline-container vce-button--style-outline-container--align-center\"><span class=\"vce-button--style-outline-wrapper vce\" id=\"el-9b6a315a\" data-vce-do-apply=\"margin el-9b6a315a\"><a class=\"vce-button--style-outline vce-button--style-outline--border-round vce-button--style-outline--size-medium vce-button--style-outline--color-b-33-33-33--fff--3d3d3d vce-button--style-outline--border-color-b-232-218-185--3d3d3d vce-button--style-outline--background-color-b-232-218-185\" href=\"https:\/\/growbrands.net\/neworder\/la-chocolateria-alvear-inicio\/\" title=\"\" data-vce-do-apply=\"padding border background  el-9b6a315a\"><span class=\"vce-button--style-outline-text\">VOLVER<\/span><\/a><\/span><\/div><\/div><\/div><\/div><\/div><\/div><\/div><\/div><\/div><\/div><\/div><\/div><\/div><\/div><\/div><\/div><\/div><\/div><\/div><div class=\"vce-row-container\"><div class=\"vce-row vce-row--col-gap-30 vce-row-columns--top vce-row-content--top\" id=\"el-034f0b1b\" data-vce-do-apply=\"all el-034f0b1b\"><div class=\"vce-row-content\" data-vce-element-content=\"true\"><div class=\"vce-col vce-col--md-auto vce-col--xs-1 vce-col--xs-last vce-col--xs-first vce-col--sm-last vce-col--sm-first vce-col--md-last vce-col--lg-last vce-col--xl-last vce-col--md-first vce-col--lg-first vce-col--xl-first\" id=\"el-79c96dd8\"><div class=\"vce-col-inner\" data-vce-do-apply=\"border margin background  el-79c96dd8\"><div class=\"vce-col-content\" data-vce-element-content=\"true\" data-vce-do-apply=\"padding el-79c96dd8\"><div class=\"vce-widgets-container\"><div class=\"vce vce-widgets-wrapper\" id=\"el-45f7dd9e\" data-vce-do-apply=\"all el-45f7dd9e\"><div class=\"textwidget custom-html-widget\"><div style=\"text-align; background-color:#000;\">\n<p style=\"text-align: center;\"><a href=\"http:\/\/www.neworder.menu\" target=\"_blank\" style=\"text-decoration:none;\"><span style=\"color:#ffffff;\">New Order: QR Digital Menu <br By Grow Brands<\/span><\/a><\/p>\n\t<\/div><\/div><\/div><\/div><\/div><\/div><\/div><\/div><\/div><\/div>\n","protected":false},"excerpt":{"rendered":"<p>CL\u00c1SICOS AMERICANO&nbsp;Espresso doble $3100 JARRITO $3000 CORTADO \/CON LECHE \/ L\u00c1GRIMA $ 3100 LATTE&nbsp; XLEspresso y leche $ 3900 FLAT WHITECaf\u00e9 inteso y una delgada capa de leche texturizada. $ 3900 Cura T\u00e9 Alma:&nbsp; T\u00e9 Negro. Blends: Hot Chocolate&nbsp;\u00b7 Placer ( T\u00e9 negro, chocolate y &hellip; <\/p>\n","protected":false},"author":51,"featured_media":0,"parent":0,"menu_order":0,"comment_status":"closed","ping_status":"closed","template":"","meta":{"_monsterinsights_skip_tracking":false,"_monsterinsights_sitenote_active":false,"_monsterinsights_sitenote_note":"","_monsterinsights_sitenote_category":0,"footnotes":""},"coauthors":[103,104],"class_list":["post-72727","page","type-page","status-publish","hentry"],"_links":{"self":[{"href":"https:\/\/growbrands.net\/neworder\/wp-json\/wp\/v2\/pages\/72727","targetHints":{"allow":["GET"]}}],"collection":[{"href":"https:\/\/growbrands.net\/neworder\/wp-json\/wp\/v2\/pages"}],"about":[{"href":"https:\/\/growbrands.net\/neworder\/wp-json\/wp\/v2\/types\/page"}],"author":[{"embeddable":true,"href":"https:\/\/growbrands.net\/neworder\/wp-json\/wp\/v2\/users\/51"}],"replies":[{"embeddable":true,"href":"https:\/\/growbrands.net\/neworder\/wp-json\/wp\/v2\/comments?post=72727"}],"version-history":[{"count":66,"href":"https:\/\/growbrands.net\/neworder\/wp-json\/wp\/v2\/pages\/72727\/revisions"}],"predecessor-version":[{"id":84469,"href":"https:\/\/growbrands.net\/neworder\/wp-json\/wp\/v2\/pages\/72727\/revisions\/84469"}],"wp:attachment":[{"href":"https:\/\/growbrands.net\/neworder\/wp-json\/wp\/v2\/media?parent=72727"}],"wp:term":[{"taxonomy":"author","embeddable":true,"href":"https:\/\/growbrands.net\/neworder\/wp-json\/wp\/v2\/coauthors?post=72727"}],"curies":[{"name":"wp","href":"https:\/\/api.w.org\/{rel}","templated":true}]}}