{"id":70060,"date":"2023-12-16T13:32:36","date_gmt":"2023-12-16T16:32:36","guid":{"rendered":"https:\/\/growbrands.net\/neworder\/?page_id=70060"},"modified":"2026-01-26T11:15:06","modified_gmt":"2026-01-26T14:15:06","slug":"emilia-manantiales-bebidas","status":"publish","type":"page","link":"https:\/\/growbrands.net\/neworder\/emilia-manantiales-bebidas\/","title":{"rendered":"La Emilia &#8211; Manantiales &#8211; Bebidas"},"content":{"rendered":"<div class=\"vce-row-container\"><div class=\"vce-row vce-element--has-background vce-row--col-gap-30 vce-row-columns--top vce-row-content--top\" id=\"el-1f096c6d\" data-vce-do-apply=\"all el-1f096c6d\"><div class=\"vce-content-background-container\"><div class=\"vce-asset-parallax-container vce-visible-all-only\" data-vce-assets-parallax=\".vce-asset-parallax\" data-vce-assets-parallax-speed=\"40\" data-vce-assets-parallax-reverse=\"false\"><div class=\"vce-asset-parallax\" style=\"top: -40vh; bottom: -40vh; transform: translateY(-15.6527vh);\"><\/div><\/div><\/div><div class=\"vce-row-content\" data-vce-element-content=\"true\"><div class=\"vce-col vce-col--md-auto vce-col--xs-1 vce-col--xs-last vce-col--xs-first vce-col--sm-last vce-col--sm-first vce-col--md-last vce-col--lg-last vce-col--xl-last vce-col--md-first vce-col--lg-first vce-col--xl-first\" id=\"el-999bc871\"><div class=\"vce-col-inner\" data-vce-do-apply=\"border margin background  el-999bc871\"><div class=\"vce-col-content\" data-vce-element-content=\"true\" data-vce-do-apply=\"padding el-999bc871\"><div class=\"vce-single-image-container vce-single-image--align-center\"><div class=\"vce vce-single-image-wrapper\" id=\"el-9ddb1731\" data-vce-do-apply=\"all el-9ddb1731\"><figure><div class=\"vce-single-image-inner vce-single-image--absolute\" style=\"padding-bottom: 33.8867%; width: 1024px;\"><img class=\"vce-single-image\" width=\"1024\" height=\"347\"src=\"https:\/\/growbrands.net\/neworder\/wp-content\/uploads\/2026\/01\/logo.la_.emilia.manantiales.blanco-1024x347.jpg\" srcset=\"https:\/\/growbrands.net\/neworder\/wp-content\/uploads\/2026\/01\/logo.la_.emilia.manantiales.blanco-320x108.jpg 320w,https:\/\/growbrands.net\/neworder\/wp-content\/uploads\/2026\/01\/logo.la_.emilia.manantiales.blanco-480x163.jpg 480w,https:\/\/growbrands.net\/neworder\/wp-content\/uploads\/2026\/01\/logo.la_.emilia.manantiales.blanco-800x271.jpg 800w,https:\/\/growbrands.net\/neworder\/wp-content\/uploads\/2026\/01\/logo.la_.emilia.manantiales.blanco-1024x347.jpg 1024w\" data-img-src=\"https:\/\/growbrands.net\/neworder\/wp-content\/uploads\/2023\/12\/logo.la_.emilia.manantiales.blanco.jpg\" alt=\"\" title=\"logo.la.emilia.manantiales.blanco\" \/><\/div><figcaption hidden=\"\"><\/figcaption><\/figure><\/div><\/div><div class=\"vce-row-container\"><div class=\"vce-row vce-row--col-gap-30 vce-row-columns--top vce-row-content--top\" id=\"el-bbd98eac\" data-vce-do-apply=\"all el-bbd98eac\"><div class=\"vce-content-background-container\"><\/div><div class=\"vce-row-content\" data-vce-element-content=\"true\"><div class=\"vce-col vce-col--md-auto vce-col--xs-1 vce-col--xs-last vce-col--xs-first vce-col--sm-last vce-col--sm-first vce-col--md-last vce-col--lg-last vce-col--xl-last vce-col--md-first vce-col--lg-first vce-col--xl-first\" id=\"el-6e39d68a\"><div class=\"vce-col-inner\" data-vce-do-apply=\"border margin background  el-6e39d68a\"><div class=\"vce-col-content\" data-vce-element-content=\"true\" data-vce-do-apply=\"padding el-6e39d68a\"><div class=\"vce-text-block\"><div class=\"vce-text-block-wrapper vce\" id=\"el-c348088c\" data-vce-do-apply=\"all el-c348088c\"><p>Horarios:<br><br><\/p><\/div><\/div><\/div><\/div><\/div><\/div><\/div><\/div><div class=\"vce-row-container\"><div class=\"vce-row vce-row--col-gap-30 vce-row-columns--top vce-row-content--top\" id=\"el-2c19023e\" data-vce-do-apply=\"all el-2c19023e\"><div class=\"vce-content-background-container\"><\/div><div class=\"vce-row-content\" data-vce-element-content=\"true\"><div class=\"vce-col vce-col--md-auto vce-col--xs-1 vce-col--xs-last vce-col--xs-first vce-col--sm-last vce-col--sm-first vce-col--md-last vce-col--lg-last vce-col--xl-last vce-col--md-first vce-col--lg-first vce-col--xl-first\" id=\"el-28b0a544\"><div class=\"vce-col-inner\" data-vce-do-apply=\"border margin background  el-28b0a544\"><div class=\"vce-col-content\" data-vce-element-content=\"true\" data-vce-do-apply=\"padding el-28b0a544\"><div class=\"vce-text-block\"><div class=\"vce-text-block-wrapper vce\" id=\"el-9b895008\" data-vce-do-apply=\"all el-9b895008\"><table style=\"width: 100%; height: 127px;\" width=\"100%\"><tbody><tr style=\"height: 31px;\"><td style=\"width: 76.7204%; height: 31px;\" width=\"323\"><strong><span style=\"font-size: 16pt; font-family: 'Archivo Narrow';\"><span data-sheets-value=\"{&quot;1&quot;:2,&quot;2&quot;:&quot;Ensaladas&quot;}\" data-sheets-userformat=\"{&quot;2&quot;:14849,&quot;3&quot;:{&quot;1&quot;:0},&quot;12&quot;:0,&quot;14&quot;:{&quot;1&quot;:2,&quot;2&quot;:3355443},&quot;15&quot;:&quot;Arial, sans-serif&quot;,&quot;16&quot;:12}\">BEBIDAS<br><\/span><\/span><\/strong><\/td><td style=\"text-align: right; width: 20.8627%; height: 31px;\" width=\"75\">&nbsp;<\/td><\/tr><tr style=\"height: 24px;\"><td style=\"width: 76.7204%; height: 24px;\" width=\"243\">Gaseosas<\/td><td style=\"width: 20.8627%; text-align: right; height: 24px;\" width=\"80\">$ 4.600<\/td><\/tr><tr style=\"height: 24px;\"><td style=\"width: 76.7204%; height: 24px;\">Aguas Saborizadas<\/td><td style=\"width: 20.8627%; text-align: right; height: 24px;\">$ 4.600<\/td><\/tr><tr style=\"height: 24px;\"><td style=\"width: 76.7204%; height: 24px;\">Agua Con O Sin Gas<\/td><td style=\"width: 20.8627%; text-align: right; height: 24px;\">$ 4.600<\/td><\/tr><tr style=\"height: 24px;\"><td style=\"width: 76.7204%; height: 24px;\">Jarra De Limonada<\/td><td style=\"width: 20.8627%; text-align: right; height: 24px;\">$ 10.000<\/td><\/tr><\/tbody><\/table><\/div><\/div><\/div><\/div><\/div><\/div><\/div><\/div><div class=\"vce-row-container\"><div class=\"vce-row vce-row--col-gap-30 vce-row-columns--top vce-row-content--top\" id=\"el-409cd945\" data-vce-do-apply=\"all el-409cd945\"><div class=\"vce-content-background-container\"><\/div><div class=\"vce-row-content\" data-vce-element-content=\"true\"><div class=\"vce-col vce-col--md-auto vce-col--xs-1 vce-col--xs-last vce-col--xs-first vce-col--sm-last vce-col--sm-first vce-col--md-last vce-col--lg-last vce-col--xl-last vce-col--md-first vce-col--lg-first vce-col--xl-first\" id=\"el-1d3e1bea\"><div class=\"vce-col-inner\" data-vce-do-apply=\"border margin background  el-1d3e1bea\"><div class=\"vce-col-content\" data-vce-element-content=\"true\" data-vce-do-apply=\"padding el-1d3e1bea\"><div class=\"vce-text-block\"><div class=\"vce-text-block-wrapper vce\" id=\"el-eb7d9fe8\" data-vce-do-apply=\"all el-eb7d9fe8\"><table style=\"width: 100%; height: 100px;\" width=\"100%\"><tbody><tr style=\"height: 31px;\"><td style=\"height: 31px;\" width=\"323\"><strong><span style=\"font-size: 16pt; font-family: 'Archivo Narrow';\"><span data-sheets-value=\"{&quot;1&quot;:2,&quot;2&quot;:&quot;Ensaladas&quot;}\" data-sheets-userformat=\"{&quot;2&quot;:14849,&quot;3&quot;:{&quot;1&quot;:0},&quot;12&quot;:0,&quot;14&quot;:{&quot;1&quot;:2,&quot;2&quot;:3355443},&quot;15&quot;:&quot;Arial, sans-serif&quot;,&quot;16&quot;:12}\">INFUSIONES<\/span><\/span><\/strong><\/td><td style=\"height: 31px;\" width=\"75\">&nbsp;<\/td><\/tr><tr style=\"height: 23px;\"><td style=\"height: 23px;\" width=\"243\">T\u00e9<\/td><td style=\"text-align: right; height: 23px;\" width=\"80\">$ 3.500<\/td><\/tr><tr style=\"height: 23px;\"><td style=\"height: 23px;\">Caf\u00e9 Doble<\/td><td style=\"text-align: right; height: 23px;\">$ 4.000<\/td><\/tr><tr style=\"height: 23px;\"><td style=\"height: 23px;\">Caf\u00e9 en Jarrito<\/td><td style=\"text-align: right; height: 23px;\">$ 3.500<\/td><\/tr><tr><td>Caf\u00e9 Chico<\/td><td style=\"text-align: right;\">$ 3.100<\/td><\/tr><\/tbody><\/table><\/div><\/div><\/div><\/div><\/div><\/div><\/div><\/div><div class=\"vce-row-container\"><div class=\"vce-row vce-row--col-gap-30 vce-row-columns--top vce-row-content--top\" id=\"el-d9bec121\" data-vce-do-apply=\"all el-d9bec121\"><div class=\"vce-content-background-container\"><\/div><div class=\"vce-row-content\" data-vce-element-content=\"true\"><div class=\"vce-col vce-col--md-auto vce-col--xs-1 vce-col--xs-last vce-col--xs-first vce-col--sm-last vce-col--sm-first vce-col--md-last vce-col--lg-last vce-col--xl-last vce-col--md-first vce-col--lg-first vce-col--xl-first\" id=\"el-435d317a\"><div class=\"vce-col-inner\" data-vce-do-apply=\"border margin background  el-435d317a\"><div class=\"vce-col-content\" data-vce-element-content=\"true\" data-vce-do-apply=\"padding el-435d317a\"><div class=\"vce-text-block\"><div class=\"vce-text-block-wrapper vce\" id=\"el-47082ced\" data-vce-do-apply=\"all el-47082ced\"><table style=\"width: 100%;\" width=\"100%\"><tbody><tr style=\"height: 31px;\"><td style=\"width: 76.7204%; height: 31px;\" width=\"323\"><strong><span style=\"font-size: 16pt; font-family: 'Archivo Narrow';\"><span data-sheets-value=\"{&quot;1&quot;:2,&quot;2&quot;:&quot;Ensaladas&quot;}\" data-sheets-userformat=\"{&quot;2&quot;:14849,&quot;3&quot;:{&quot;1&quot;:0},&quot;12&quot;:0,&quot;14&quot;:{&quot;1&quot;:2,&quot;2&quot;:3355443},&quot;15&quot;:&quot;Arial, sans-serif&quot;,&quot;16&quot;:12}\">CERVEZAS<br><\/span><\/span><\/strong><\/td><td style=\"text-align: right; width: 20.8627%; height: 31px;\" width=\"75\">&nbsp;<\/td><\/tr><tr><td style=\"width: 76.7204%;\" width=\"243\">Stella Artois 975 CC<\/td><td style=\"width: 20.8627%; text-align: right;\" width=\"80\">$ 11.000<\/td><\/tr><tr><td style=\"width: 76.7204%;\">Stella Lata 473 CC<\/td><td style=\"width: 20.8627%; text-align: right;\">$ 7.300<\/td><\/tr><tr><td style=\"width: 76.7204%;\">Corona 330 CC<\/td><td style=\"width: 20.8627%; text-align: right;\">$ 6.900<\/td><\/tr><tr><td style=\"width: 76.7204%;\">Stella 330CC<\/td><td style=\"width: 20.8627%; text-align: right;\">$ 6.900<\/td><\/tr><\/tbody><\/table><\/div><\/div><\/div><\/div><\/div><\/div><\/div><\/div><div class=\"vce-button--style-outline-container vce-button--style-outline-container--align-center\"><span class=\"vce-button--style-outline-wrapper vce vce-button--style-outline-wrapper--stretched\" id=\"el-cda34e8a\" data-vce-do-apply=\"margin el-cda34e8a\"><a class=\"vce-button--style-outline-animated vce-button--style-outline--border-round vce-button--style-outline--size-medium vce-button--style-outline-animated--color-b-47-47-47--fff--3d3d3d vce-button--style-outline-animated--border-color-b-62-61-61--3d3d3d vce-button--style-outline-animated--background-color-b-47-47-47\" href=\"https:\/\/growbrands.net\/neworder\/emilia-manantiales-inicio\/\" title=\"\" data-vce-do-apply=\"padding border background  el-cda34e8a\"><span class=\"vce-button--style-outline-text\">VOLVER<\/span><\/a><\/span><\/div><\/div><\/div><\/div><\/div><\/div><\/div><div class=\"vce-row-container\"><div class=\"vce-row vce-row--col-gap-30 vce-row-columns--top vce-row-content--top\" id=\"el-034f0b1b\" data-vce-do-apply=\"all el-034f0b1b\"><div class=\"vce-row-content\" data-vce-element-content=\"true\"><div class=\"vce-col vce-col--md-auto vce-col--xs-1 vce-col--xs-last vce-col--xs-first vce-col--sm-last vce-col--sm-first vce-col--md-last vce-col--lg-last vce-col--xl-last vce-col--md-first vce-col--lg-first vce-col--xl-first\" id=\"el-79c96dd8\"><div class=\"vce-col-inner\" data-vce-do-apply=\"border margin background  el-79c96dd8\"><div class=\"vce-col-content\" data-vce-element-content=\"true\" data-vce-do-apply=\"padding el-79c96dd8\"><div class=\"vce-widgets-container\"><div class=\"vce vce-widgets-wrapper\" id=\"el-45f7dd9e\" data-vce-do-apply=\"all el-45f7dd9e\"><div class=\"textwidget custom-html-widget\"><div style=\"text-align; background-color:#000;\">\n<p style=\"text-align: center;\"><a href=\"http:\/\/www.neworder.menu\" target=\"_blank\" style=\"text-decoration:none;\"><span style=\"color:#ffffff;\">New Order: QR Digital Menu <br By Grow Brands<\/span><\/a><\/p>\n\t<\/div><\/div><\/div><\/div><\/div><\/div><\/div><\/div><\/div><\/div>\n","protected":false},"excerpt":{"rendered":"<p>Horarios:BEBIDAS&nbsp;Gaseosas$ 4.600Aguas Saborizadas$ 4.600Agua Con O Sin Gas$ 4.600Jarra De Limonada$ 10.000INFUSIONES&nbsp;T\u00e9$ 3.500Caf\u00e9 Doble$ 4.000Caf\u00e9 en Jarrito$ 3.500Caf\u00e9 Chico$ 3.100CERVEZAS&nbsp;Stella Artois 975 CC$ 11.000Stella Lata 473 CC$ 7.300Corona 330 CC$ 6.900Stella 330CC$ 6.900VOLVER<\/p>\n","protected":false},"author":50,"featured_media":0,"parent":0,"menu_order":0,"comment_status":"closed","ping_status":"closed","template":"","meta":{"_monsterinsights_skip_tracking":false,"_monsterinsights_sitenote_active":false,"_monsterinsights_sitenote_note":"","_monsterinsights_sitenote_category":0,"footnotes":""},"coauthors":[102,104,117],"class_list":["post-70060","page","type-page","status-publish","hentry"],"_links":{"self":[{"href":"https:\/\/growbrands.net\/neworder\/wp-json\/wp\/v2\/pages\/70060","targetHints":{"allow":["GET"]}}],"collection":[{"href":"https:\/\/growbrands.net\/neworder\/wp-json\/wp\/v2\/pages"}],"about":[{"href":"https:\/\/growbrands.net\/neworder\/wp-json\/wp\/v2\/types\/page"}],"author":[{"embeddable":true,"href":"https:\/\/growbrands.net\/neworder\/wp-json\/wp\/v2\/users\/50"}],"replies":[{"embeddable":true,"href":"https:\/\/growbrands.net\/neworder\/wp-json\/wp\/v2\/comments?post=70060"}],"version-history":[{"count":53,"href":"https:\/\/growbrands.net\/neworder\/wp-json\/wp\/v2\/pages\/70060\/revisions"}],"predecessor-version":[{"id":89824,"href":"https:\/\/growbrands.net\/neworder\/wp-json\/wp\/v2\/pages\/70060\/revisions\/89824"}],"wp:attachment":[{"href":"https:\/\/growbrands.net\/neworder\/wp-json\/wp\/v2\/media?parent=70060"}],"wp:term":[{"taxonomy":"author","embeddable":true,"href":"https:\/\/growbrands.net\/neworder\/wp-json\/wp\/v2\/coauthors?post=70060"}],"curies":[{"name":"wp","href":"https:\/\/api.w.org\/{rel}","templated":true}]}}