{"id":69697,"date":"2023-12-14T10:27:46","date_gmt":"2023-12-14T13:27:46","guid":{"rendered":"https:\/\/growbrands.net\/neworder\/?page_id=69697"},"modified":"2026-03-25T09:53:15","modified_gmt":"2026-03-25T12:53:15","slug":"luis-maria-pasteleria","status":"publish","type":"page","link":"https:\/\/growbrands.net\/neworder\/luis-maria-pasteleria\/","title":{"rendered":"Luis Maria &#038; Cia  &#8211; Pasteleria"},"content":{"rendered":"<div class=\"vce-row-container\"><div class=\"vce-row vce-row--col-gap-30 vce-row-columns--top vce-row-content--top\" id=\"el-1f096c6d\" data-vce-do-apply=\"all el-1f096c6d\"><div class=\"vce-content-background-container\"><div class=\"vce-asset-parallax-container vce-visible-all-only\" data-vce-assets-parallax=\".vce-asset-parallax\" data-vce-assets-parallax-speed=\"40\" data-vce-assets-parallax-reverse=\"false\"><div class=\"vce-asset-parallax\" style=\"top: -40vh; bottom: -40vh; transform: translateY(10.6945vh);\"><\/div><\/div><\/div><div class=\"vce-row-content\" data-vce-element-content=\"true\"><div class=\"vce-col vce-col--md-auto vce-col--xs-1 vce-col--xs-last vce-col--xs-first vce-col--sm-last vce-col--sm-first vce-col--md-last vce-col--lg-last vce-col--xl-last vce-col--md-first vce-col--lg-first vce-col--xl-first\" id=\"el-999bc871\"><div class=\"vce-col-inner\" data-vce-do-apply=\"border margin background  el-999bc871\"><div class=\"vce-col-content\" data-vce-element-content=\"true\" data-vce-do-apply=\"padding el-999bc871\"><div class=\"vce-single-image-container vce-single-image--align-center\"><div class=\"vce vce-single-image-wrapper\" id=\"el-9ddb1731\" data-vce-do-apply=\"all el-9ddb1731\"><figure><div class=\"vce-single-image-inner vce-single-image--absolute\" style=\"padding-bottom: 67.5758%; width: 330px;\"><img class=\"vce-single-image\" width=\"330\" height=\"223\"src=\"https:\/\/growbrands.net\/neworder\/wp-content\/uploads\/2026\/03\/logo.luis_.maria_.negro_-330x223.png\" srcset=\"https:\/\/growbrands.net\/neworder\/wp-content\/uploads\/2026\/03\/logo.luis_.maria_.negro_-320x216.png 320w,https:\/\/growbrands.net\/neworder\/wp-content\/uploads\/2026\/03\/logo.luis_.maria_.negro_-330x223.png 330w\" data-img-src=\"https:\/\/growbrands.net\/neworder\/wp-content\/uploads\/2023\/12\/logo.luis_.maria_.negro_.png\" alt=\"\" title=\"logo.luis.maria.negro\" \/><\/div><figcaption hidden=\"\"><\/figcaption><\/figure><\/div><\/div><div class=\"vce-row-container\"><div class=\"vce-row vce-row--col-gap-30 vce-row-columns--top vce-row-content--top\" id=\"el-bbd98eac\" data-vce-do-apply=\"all el-bbd98eac\"><div class=\"vce-content-background-container\"><\/div><div class=\"vce-row-content\" data-vce-element-content=\"true\"><div class=\"vce-col vce-col--md-auto vce-col--xs-1 vce-col--xs-last vce-col--xs-first vce-col--sm-last vce-col--sm-first vce-col--md-last vce-col--lg-last vce-col--xl-last vce-col--md-first vce-col--lg-first vce-col--xl-first\" id=\"el-6e39d68a\"><div class=\"vce-col-inner\" data-vce-do-apply=\"border margin background  el-6e39d68a\"><div class=\"vce-col-content\" data-vce-element-content=\"true\" data-vce-do-apply=\"padding el-6e39d68a\"><div class=\"vce-text-block\"><div class=\"vce-text-block-wrapper vce\" id=\"el-c348088c\" data-vce-do-apply=\"all el-c348088c\"><p>Consultar nuestros&nbsp;&nbsp;descuentos en efectivo<\/p><\/div><\/div><\/div><\/div><\/div><\/div><\/div><\/div><div class=\"vce-row-container\"><div class=\"vce-row vce-row--col-gap-30 vce-row-columns--top vce-row-content--top\" id=\"el-5792a9c0\" data-vce-do-apply=\"all el-5792a9c0\"><div class=\"vce-content-background-container\"><\/div><div class=\"vce-row-content\" data-vce-element-content=\"true\"><div class=\"vce-col vce-col--md-auto vce-col--xs-1 vce-col--xs-last vce-col--xs-first vce-col--sm-last vce-col--sm-first vce-col--md-last vce-col--lg-last vce-col--xl-last vce-col--md-first vce-col--lg-first vce-col--xl-first\" id=\"el-60063654\"><div class=\"vce-col-inner\" data-vce-do-apply=\"border margin background  el-60063654\"><div class=\"vce-col-content\" data-vce-element-content=\"true\" data-vce-do-apply=\"padding el-60063654\"><div class=\"vce-text-block\"><div class=\"vce-text-block-wrapper vce\" id=\"el-342aee61\" data-vce-do-apply=\"all el-342aee61\"><table style=\"width: 100%; height: 449px;\" width=\"100%\"><tbody><tr style=\"height: 32px;\"><td style=\"text-align: center; height: 32px;\" colspan=\"2\"><strong><span style=\"font-size: 16pt; font-family: 'Archivo Narrow';\"><span data-sheets-value=\"{&quot;1&quot;:2,&quot;2&quot;:&quot;Ensaladas&quot;}\" data-sheets-userformat=\"{&quot;2&quot;:14849,&quot;3&quot;:{&quot;1&quot;:0},&quot;12&quot;:0,&quot;14&quot;:{&quot;1&quot;:2,&quot;2&quot;:3355443},&quot;15&quot;:&quot;Arial, sans-serif&quot;,&quot;16&quot;:12}\">MUY DULCES<\/span><\/span><\/strong><\/td><\/tr><tr style=\"height: 72px;\"><td style=\"height: 72px;\" width=\"323\"><strong>MEDIALUNAS CASERAS<\/strong><br>DULCES&nbsp;<\/td><td style=\"text-align: right; height: 72px;\" width=\"75\">$ 1320<\/td><\/tr><tr style=\"height: 24px;\"><td style=\"height: 24px;\"><strong>PALMERITAS MINI<\/strong><\/td><td style=\"text-align: right; height: 24px;\">$ 2800<\/td><\/tr><tr style=\"height: 24px;\"><td style=\"height: 24px;\"><strong>PALMERITAS MAX<\/strong><\/td><td style=\"text-align: right; height: 24px;\">$ 6700<\/td><\/tr><tr style=\"height: 48px;\"><td style=\"height: 48px;\"><strong>GALLETAS DE AVENA BA\u00d1ADAS X4<\/strong><\/td><td style=\"text-align: right; height: 48px;\">$ 5390<\/td><\/tr><tr style=\"height: 24px;\"><td style=\"height: 24px;\"><strong>GALLETA DE AVENA X4<\/strong><\/td><td style=\"text-align: right; height: 24px;\">$3850<\/td><\/tr><tr style=\"height: 72px;\"><td style=\"height: 72px;\"><strong>BROWNIE SUIZO<\/strong><br>CON DULCE DE LECHE Y MERENGUE ITALIANO<\/td><td style=\"text-align: right; height: 72px;\">$ 9240<\/td><\/tr><tr style=\"height: 24px;\"><td style=\"height: 24px;\"><strong>BROWNIE CON NUEZ&nbsp;<\/strong><\/td><td style=\"text-align: right; height: 24px;\">$ 9460<\/td><\/tr><tr style=\"height: 44px;\"><td style=\"height: 44px;\"><strong>ROLL DE CANELA<\/strong><\/td><td style=\"text-align: right; height: 44px;\">$ 2750<\/td><\/tr><tr><td><strong>CROISSANT<\/strong><\/td><td style=\"text-align: right;\">$3300<\/td><\/tr><\/tbody><\/table><\/div><\/div><div class=\"vce-text-block\"><div class=\"vce-text-block-wrapper vce\" id=\"el-29bb6062\" data-vce-do-apply=\"all el-29bb6062\"><table width=\"100%\">\n<tbody>\n<tr>\n<td style=\"text-align: center;\" colspan=\"2\"><strong><span style=\"font-size: 16pt; font-family: 'Archivo Narrow';\"><span data-sheets-value=\"{&quot;1&quot;:2,&quot;2&quot;:&quot;Ensaladas&quot;}\" data-sheets-userformat=\"{&quot;2&quot;:14849,&quot;3&quot;:{&quot;1&quot;:0},&quot;12&quot;:0,&quot;14&quot;:{&quot;1&quot;:2,&quot;2&quot;:3355443},&quot;15&quot;:&quot;Arial, sans-serif&quot;,&quot;16&quot;:12}\">ANTOJITOS<\/span><\/span><\/strong><\/td>\n<\/tr>\n<tr>\n<td width=\"323\">CHOCOTORTA, MARIA BONITA, OREO, CHEESE CAKE LIM\u00d3N, CHEESE CAKE DE FRUTOS ROJOS, TIRAMIS\u00da.<\/td>\n<td style=\"text-align: right;\" width=\"75\">$6160<\/td>\n<\/tr>\n<\/tbody>\n<\/table>\n<p>&nbsp;<\/p><\/div><\/div><div class=\"vce-text-block\"><div class=\"vce-text-block-wrapper vce\" id=\"el-55d2a6ca\" data-vce-do-apply=\"all el-55d2a6ca\"><table width=\"100%\">\n<tbody>\n<tr>\n<td style=\"text-align: center;\" colspan=\"2\"><strong><span style=\"font-size: 16pt; font-family: 'Archivo Narrow';\"><span data-sheets-value=\"{&quot;1&quot;:2,&quot;2&quot;:&quot;Ensaladas&quot;}\" data-sheets-userformat=\"{&quot;2&quot;:14849,&quot;3&quot;:{&quot;1&quot;:0},&quot;12&quot;:0,&quot;14&quot;:{&quot;1&quot;:2,&quot;2&quot;:3355443},&quot;15&quot;:&quot;Arial, sans-serif&quot;,&quot;16&quot;:12}\">FRASCOS<\/span><\/span><\/strong><\/td>\n<\/tr>\n<tr>\n<td width=\"323\">\n<p>CHOCOTORTA, OREO, CHEESE CAKE LIM\u00d3N, CHEESE CAKE DE FRUTOS ROJOS, TIRAMIS\u00da.<\/p>\n<\/td>\n<td style=\"text-align: right;\" width=\"75\">$10500<\/td>\n<\/tr>\n<\/tbody>\n<\/table><\/div><\/div><div class=\"vce-text-block\"><div class=\"vce-text-block-wrapper vce\" id=\"el-49c55679\" data-vce-do-apply=\"all el-49c55679\"><table style=\"width: 100.324%;\" width=\"100%\"><tbody><tr><td style=\"text-align: center;\" colspan=\"2\"><strong><span style=\"font-size: 16pt; font-family: 'Archivo Narrow';\"><span data-sheets-value=\"{&quot;1&quot;:2,&quot;2&quot;:&quot;Ensaladas&quot;}\" data-sheets-userformat=\"{&quot;2&quot;:14849,&quot;3&quot;:{&quot;1&quot;:0},&quot;12&quot;:0,&quot;14&quot;:{&quot;1&quot;:2,&quot;2&quot;:3355443},&quot;15&quot;:&quot;Arial, sans-serif&quot;,&quot;16&quot;:12}\">TARTAS 1 PORCIONES<\/span><\/span><\/strong><\/td><\/tr><tr><td width=\"323\">LEMON PIE<\/td><td style=\"text-align: right;\" width=\"75\">$ 10890<\/td><\/tr><tr><td>MINI FRUTILLAS&nbsp;<\/td><td style=\"text-align: right;\">$ 11660<\/td><\/tr><tr><td>MINI MANZANA<\/td><td style=\"text-align: right;\">$ 11440<\/td><\/tr><tr><td>MINI MOUSSE DE CHOCOLATE<\/td><td style=\"text-align: right;\">$ 11330<\/td><\/tr><tr><td>MINI BANDIERA<\/td><td style=\"text-align: right;\">$ 15400<\/td><\/tr><\/tbody><\/table><\/div><\/div><div class=\"vce-text-block\"><div class=\"vce-text-block-wrapper vce\" id=\"el-e180d1d5\" data-vce-do-apply=\"all el-e180d1d5\"><table style=\"width: 100%; height: 415px;\" width=\"100%\">\n<tbody>\n<tr style=\"height: 31px;\">\n<td style=\"text-align: center; height: 31px;\" colspan=\"2\"><strong><span style=\"font-size: 16pt; font-family: 'Archivo Narrow';\"><span data-sheets-value=\"{&quot;1&quot;:2,&quot;2&quot;:&quot;Ensaladas&quot;}\" data-sheets-userformat=\"{&quot;2&quot;:14849,&quot;3&quot;:{&quot;1&quot;:0},&quot;12&quot;:0,&quot;14&quot;:{&quot;1&quot;:2,&quot;2&quot;:3355443},&quot;15&quot;:&quot;Arial, sans-serif&quot;,&quot;16&quot;:12}\">MINI TORTAS<\/span><\/span><\/strong><\/td>\n<\/tr>\n<tr style=\"height: 48px;\">\n<td style=\"height: 48px;\" width=\"323\"><strong>CHEESE CAKE COCIDO CON FRUTOS ROJOS<\/strong><\/td>\n<td style=\"text-align: right; height: 48px;\" width=\"75\">$13750<\/td>\n<\/tr>\n<tr style=\"height: 24px;\">\n<td style=\"height: 24px;\"><strong>MINI LMP&nbsp;<\/strong><\/td>\n<td style=\"text-align: right; height: 24px;\">$22000<\/td>\n<\/tr>\n<tr style=\"height: 96px;\">\n<td style=\"height: 96px;\"><strong>LOLA<\/strong><br>BROWNIE, CREMA BATIDA, DULCE DE LECHE Y FRUTOS ROJOS<\/td>\n<td style=\"text-align: right; height: 96px;\">$15400<\/td>\n<\/tr>\n<tr style=\"height: 72px;\">\n<td style=\"height: 72px;\"><strong>DR\u00c1CULA<\/strong><br>BIZCOCHUELO DE VAINILLA, CREMA BATIDA Y FRUTILLAS<\/td>\n<td style=\"text-align: right; height: 72px;\">$19800<\/td>\n<\/tr>\n<tr style=\"height: 48px;\">\n<td style=\"height: 48px;\"><strong>750 HOJAS<\/strong><br>HOJALDRE Y DULCE DE LECHE<\/td>\n<td style=\"text-align: right; height: 48px;\">$16500<\/td>\n<\/tr>\n<tr style=\"height: 72px;\">\n<td style=\"height: 72px;\"><strong>ROGEL<\/strong><br>MASA CROCANTE CON DULCE DE LECHE Y MERENGUE<\/td>\n<td style=\"text-align: right; height: 72px;\">$13200<\/td>\n<\/tr>\n<tr style=\"height: 24px;\">\n<td style=\"height: 24px;\">\n<p><strong>MINI PECADORA<\/strong><\/p>\n<p>BIZCOCHUELO DE CHOCOLATE Y MOUSSE DE CHOCOLATE<\/p>\n<\/td>\n<td style=\"text-align: right; height: 24px;\">$16720<\/td>\n<\/tr>\n<\/tbody>\n<\/table><\/div><\/div><div class=\"vce-text-block\"><div class=\"vce-text-block-wrapper vce\" id=\"el-261d0fed\" data-vce-do-apply=\"all el-261d0fed\"><table width=\"100%\">\n<tbody>\n<tr>\n<td style=\"text-align: center;\" colspan=\"2\"><strong><span style=\"font-size: 16pt; font-family: 'Archivo Narrow';\"><span data-sheets-value=\"{&quot;1&quot;:2,&quot;2&quot;:&quot;Ensaladas&quot;}\" data-sheets-userformat=\"{&quot;2&quot;:14849,&quot;3&quot;:{&quot;1&quot;:0},&quot;12&quot;:0,&quot;14&quot;:{&quot;1&quot;:2,&quot;2&quot;:3355443},&quot;15&quot;:&quot;Arial, sans-serif&quot;,&quot;16&quot;:12}\">TORTAS<\/span><\/span><\/strong><\/td>\n<\/tr>\n<tr>\n<td><strong>MIL HOJAS<\/strong><\/td>\n<td style=\"text-align: right;\">$42500<\/td>\n<\/tr>\n<tr>\n<td><strong>CHOCOTORTA<\/strong><br>CL\u00c1SICA TORTA ARGENTINA DE CHOCOLINAS Y MOUSSE DE DULCE DE LECHE<\/td>\n<td style=\"text-align: right;\">$39710<\/td>\n<\/tr>\n<tr>\n<td>\n<p><strong>IMPERIAL PORTUGUES<\/strong><br>BIZCOCHUELO DE VAINILLA Y CHOCOLATE, MERENGUE, CREMA BATIDA, DULCE DE LECHE Y MOUSSE DE CHOCOLATE<\/p>\n<\/td>\n<td style=\"text-align: right;\">$42900<\/td>\n<\/tr>\n<tr>\n<td>\n<p><strong>JULIA MORA<\/strong><br>BIZCOCHUELO DE CHOCOLATE, CREMA BATIDA, MOUSSE DE CHOCOLATE, FRUTOS ROJOS Y MORAS<\/p>\n<\/td>\n<td style=\"text-align: right;\">$49800<\/td>\n<\/tr>\n<tr>\n<td><strong>LMP<\/strong><br>BIZCOCHUELO DE CHOCOLATE, MOUSSE DE CHOCOLATE, DULCE DE LECHE Y MARROC<\/td>\n<td style=\"text-align: right;\">$66000<\/td>\n<\/tr>\n<tr>\n<td><strong>MELANIE<\/strong><br>BROWNIE, MOUSSE DE CHOCOLATE, FRUTOS ROJOS Y MERENGUE<\/td>\n<td style=\"text-align: right;\">$47630<\/td>\n<\/tr>\n<tr>\n<td><strong>MERENGADA<\/strong><br>BIZCOCHUELO DE VAINILLA, DULCE DE LECHE Y MERENGUE SECO<\/td>\n<td style=\"text-align: right;\">$45100<\/td>\n<\/tr>\n<tr>\n<td><strong>CHEESE CAKE<\/strong><br>&nbsp;FRUTOS ROJOS<\/td>\n<td style=\"text-align: right;\">$36850<\/td>\n<\/tr>\n<tr>\n<td><strong>TIRAMIS\u00da<\/strong><br>TORTA CL\u00c1SICA ITALIANA<\/td>\n<td style=\"text-align: right;\">$43340<\/td>\n<\/tr>\n<tr>\n<td><strong>TORTA CHAJ\u00c1 DE CUMPLEA\u00d1OS<\/strong><br>BIZCOCHUELO DE VAINILLA, DULCE DE LECHE, MERENGUE SUIZO Y DURAZNO.<\/td>\n<td style=\"text-align: right;\">$35200<\/td>\n<\/tr>\n<tr>\n<td><strong>NO-SE<\/strong><br>BIZCOCHUELO DE CHOCOLATE, DULCE DE LECHE Y MERENGUE<\/td>\n<td style=\"text-align: right;\">$45100<\/td>\n<\/tr>\n<tr>\n<td><strong>PECADORA<\/strong><br>BIZCOCHUELO DE CHOCOLATE Y MOUSSE DE CHOCOLATE<\/td>\n<td style=\"text-align: right;\">$62810<\/td>\n<\/tr>\n<tr>\n<td><strong>ROGEL<\/strong><\/td>\n<td style=\"text-align: right;\">$35170<\/td>\n<\/tr>\n<tr>\n<td><strong>SELVA NEGRA<\/strong><br>BIZCOCHUELO DE CHOCOLATE, CREMA BATIDA Y CEREZAS<\/td>\n<td style=\"text-align: right;\">$43230<\/td>\n<\/tr>\n<tr>\n<td><strong>CHEESE COCIDO<\/strong><\/td>\n<td style=\"text-align: right;\">$34980<\/td>\n<\/tr>\n<\/tbody>\n<\/table><\/div><\/div><div class=\"vce-text-block\"><div class=\"vce-text-block-wrapper vce\" id=\"el-2e182c85\" data-vce-do-apply=\"all el-2e182c85\"><hr><table width=\"100%\"><tbody><tr><td style=\"text-align: center;\" colspan=\"2\"><strong><span style=\"font-size: 16pt; font-family: 'Archivo Narrow';\"><span data-sheets-value=\"{&quot;1&quot;:2,&quot;2&quot;:&quot;Ensaladas&quot;}\" data-sheets-userformat=\"{&quot;2&quot;:14849,&quot;3&quot;:{&quot;1&quot;:0},&quot;12&quot;:0,&quot;14&quot;:{&quot;1&quot;:2,&quot;2&quot;:3355443},&quot;15&quot;:&quot;Arial, sans-serif&quot;,&quot;16&quot;:12}\">TARTAS MEDIANAS<\/span><\/span><\/strong><\/td><\/tr><tr><td width=\"323\">LEMON PIE<\/td><td style=\"text-align: right;\" width=\"75\">$31900<\/td><\/tr><tr><td>FRUTILLAS<\/td><td style=\"text-align: right;\">$38500<\/td><\/tr><tr><td>MANZANA<\/td><td style=\"text-align: right;\">$ 35750<\/td><\/tr><tr><td>MOUSSE DE CHOCOLATE&nbsp;<\/td><td style=\"text-align: right;\">$ 35200<\/td><\/tr><tr><td>BANDIERA<\/td><td style=\"text-align: right;\">$ 41800<\/td><\/tr><\/tbody><\/table><\/div><\/div><div class=\"vce-text-block\"><div class=\"vce-text-block-wrapper vce\" id=\"el-0f67fba6\" data-vce-do-apply=\"all el-0f67fba6\"><table width=\"100%\"><tbody><tr><td style=\"text-align: center;\" colspan=\"2\"><strong><span style=\"font-size: 16pt; font-family: 'Archivo Narrow';\"><span data-sheets-value=\"{&quot;1&quot;:2,&quot;2&quot;:&quot;Ensaladas&quot;}\" data-sheets-userformat=\"{&quot;2&quot;:14849,&quot;3&quot;:{&quot;1&quot;:0},&quot;12&quot;:0,&quot;14&quot;:{&quot;1&quot;:2,&quot;2&quot;:3355443},&quot;15&quot;:&quot;Arial, sans-serif&quot;,&quot;16&quot;:12}\">TORTAS HELADAS<\/span><\/span><\/strong><\/td><\/tr><tr><td width=\"323\"><strong>OREO<br><\/strong>CAPAS DE HELADO DE OREO Y CREMA, CORAZ\u00d3N DE DULCE DE LECHE, HELADO SOPAGO, DECORADA CON DULCE DE LECHE, OREOS TROZADAS Y ENTERAS.<\/td><td style=\"text-align: right;\" width=\"75\"><p>$47630<\/p><\/td><\/tr><tr><td><strong>EL LUNES EMPIEZO<br><\/strong>BASE DE BIZCOCHO, HELADO DE CHOCOLATE BLANCO, HELADO DESPU\u00c9S DE TE DIGO, DECORADA CON BA\u00d1O DE CHOCOLATE MARMOLADO Y CROCANTES BA\u00d1ADOS EN CHOCOLATE.<\/td><td style=\"text-align: right;\">$47630<\/td><\/tr><tr><td><strong>SOLO F (SOLO FRUTAS)<br><\/strong>SUAVE CREMA, HELADO DE DURAZNO ASADO Y CREMA DE COCO, DECORADA CON HILOS DE CHOCOLATE AMARGO Y DURAZNOS.<\/td><td style=\"text-align: right;\">$47630<\/td><\/tr><tr><td><strong>MARACUY\u00c1<br><\/strong>CREMA DE CHOCOLATE BLANCO, HELADO DE CHOCOLATE, CORAZ\u00d3N DE LECHE CONDENSADA, HELADO DE CREMA DE MARACUY\u00c1, DECORADA CON UNA CAPA DE CREMA SUAVE Y COPOS DE CREMA.<\/td><td style=\"text-align: right;\">$47630<\/td><\/tr><tr><td><strong>CHOCOLATE Y FRAMBUESA<br><\/strong>HELADO DE JAMAICA, CHOCOLATE FRALUIS, HELADO DE CHOCOLATE BLANCO Y MOUSSE DE CHOCOLATE.<\/td><td style=\"text-align: right;\">$47630<\/td><\/tr><\/tbody><\/table><\/div><\/div><div class=\"vce-text-block\"><div class=\"vce-text-block-wrapper vce\" id=\"el-a3b8b09f\" data-vce-do-apply=\"all el-a3b8b09f\"><\/div><\/div><div class=\"vce-text-block\"><div class=\"vce-text-block-wrapper vce\" id=\"el-480bd22d\" data-vce-do-apply=\"all el-480bd22d\"><table style=\"width: 100%;\" width=\"100%\"><tbody><tr><td style=\"text-align: center; width: 97.5976%;\" colspan=\"2\"><strong><span style=\"font-size: 16pt; font-family: 'Archivo Narrow';\"><span data-sheets-value=\"{&quot;1&quot;:2,&quot;2&quot;:&quot;Ensaladas&quot;}\" data-sheets-userformat=\"{&quot;2&quot;:14849,&quot;3&quot;:{&quot;1&quot;:0},&quot;12&quot;:0,&quot;14&quot;:{&quot;1&quot;:2,&quot;2&quot;:3355443},&quot;15&quot;:&quot;Arial, sans-serif&quot;,&quot;16&quot;:12}\">ALFAJORES<\/span><\/span><\/strong><\/td><\/tr><tr><td style=\"width: 76.5766%;\"><strong>CHOCOLATE CL\u00c1SICO<\/strong><\/td><td style=\"text-align: right; width: 21.021%;\"><p>$2900<\/p><\/td><\/tr><tr><td style=\"width: 76.5766%;\" width=\"323\"><strong>LIM\u00d3N CON MERENGUE<br><\/strong>MASA SABLEE DE LIM\u00d3N, RELLENO DE LIM\u00d3N Y DISCO DE MERENGUE<\/td><td style=\"text-align: right; width: 21.021%;\" width=\"75\">$2900<\/td><\/tr><tr><td style=\"width: 76.5766%;\"><strong>CHOCOLATE CON AVELLANAS Y MERENGUE<\/strong><br>CON DULCE DE LECHE<\/td><td style=\"text-align: right; width: 21.021%;\">$3900<\/td><\/tr><tr><td style=\"width: 76.5766%;\"><strong>COOKIE<\/strong><br>MASA DE COOKIES, CON DULCE DE LECHE Y BA\u00d1OS DE CHOCOLATE CON LECHE Y BLANCO<\/td><td style=\"text-align: right; width: 21.021%;\">$3300<\/td><\/tr><tr><td style=\"width: 76.5766%;\"><strong>ALMENDRAS<\/strong><br>HARINA DE ALMENDRAS, RELLENO DE DULCE DE LECHE Y CROCANTES<\/td><td style=\"text-align: right; width: 21.021%;\">$3700<\/td><\/tr><tr><td style=\"width: 76.5766%;\"><strong>MINI ALMENDRAS X1&nbsp;<\/strong><\/td><td style=\"text-align: right; width: 21.021%;\">$1370<\/td><\/tr><tr><td style=\"width: 76.5766%;\"><p>&nbsp;<strong>MINI X5<\/strong><\/p><p>&nbsp;MAICENA<\/p><\/td><td style=\"text-align: right; width: 21.021%;\">$5000<\/td><\/tr><tr><td style=\"width: 76.5766%;\"><p><strong>MINI X1<\/strong><\/p><p>MAICENA&nbsp;<\/p><\/td><td style=\"text-align: right; width: 21.021%;\">$1050<\/td><\/tr><tr><td style=\"width: 76.5766%;\"><p><strong>MINI X1<\/strong><\/p><p>&nbsp;CORDOB\u00c9S DE MEMBRILLO&nbsp;<\/p><\/td><td style=\"text-align: right; width: 21.021%;\">$930<\/td><\/tr><tr><td style=\"width: 76.5766%;\"><p><strong>MINI X1<\/strong><\/p><p>&nbsp;CORDOB\u00c9S DE DDL<\/p><\/td><td style=\"text-align: right; width: 21.021%;\">$990<\/td><\/tr><tr><td style=\"width: 76.5766%;\"><strong>MINI X5<\/strong><br>&nbsp;CORDOB\u00c9S DE MEMBRILLO&nbsp;<\/td><td style=\"text-align: right; width: 21.021%;\">$4250<\/td><\/tr><tr><td style=\"width: 76.5766%;\"><strong>MINI X5<\/strong><br>&nbsp;CORDOB\u00c9S DE DDL&nbsp;<\/td><td style=\"text-align: right; width: 21.021%;\">$4550<\/td><\/tr><\/tbody><\/table><\/div><\/div><\/div><\/div><\/div><\/div><\/div><\/div><div class=\"vce-button--style-outline-container vce-button--style-outline-container--align-center\"><span class=\"vce-button--style-outline-wrapper vce vce-button--style-outline-wrapper--stretched\" id=\"el-44ff2830\" data-vce-do-apply=\"margin el-44ff2830\"><a class=\"vce-button--style-outline-animated vce-button--style-outline--border-round vce-button--style-outline--size-medium vce-button--style-outline-animated--color-b-47-47-47--fff--3d3d3d vce-button--style-outline-animated--border-color-b-62-61-61--3d3d3d vce-button--style-outline-animated--background-color-b-47-47-47\" href=\"javascript: window.history.back();\" title=\"\" data-vce-do-apply=\"padding border background  el-44ff2830\"><span class=\"vce-button--style-outline-text\">VOLVER<\/span><\/a><\/span><\/div><\/div><\/div><\/div><\/div><\/div><\/div><div class=\"vce-row-container\"><div class=\"vce-row vce-row--col-gap-30 vce-row-columns--top vce-row-content--top\" id=\"el-034f0b1b\" data-vce-do-apply=\"all el-034f0b1b\"><div class=\"vce-row-content\" data-vce-element-content=\"true\"><div class=\"vce-col vce-col--md-auto vce-col--xs-1 vce-col--xs-last vce-col--xs-first vce-col--sm-last vce-col--sm-first vce-col--md-last vce-col--lg-last vce-col--xl-last vce-col--md-first vce-col--lg-first vce-col--xl-first\" id=\"el-79c96dd8\"><div class=\"vce-col-inner\" data-vce-do-apply=\"border margin background  el-79c96dd8\"><div class=\"vce-col-content\" data-vce-element-content=\"true\" data-vce-do-apply=\"padding el-79c96dd8\"><div class=\"vce-widgets-container\"><div class=\"vce vce-widgets-wrapper\" id=\"el-45f7dd9e\" data-vce-do-apply=\"all el-45f7dd9e\"><div class=\"textwidget custom-html-widget\"><div style=\"text-align; background-color:#000;\">\n<p style=\"text-align: center;\"><a href=\"http:\/\/www.neworder.menu\" target=\"_blank\" style=\"text-decoration:none;\"><span style=\"color:#ffffff;\">New Order: QR Digital Menu <br By Grow Brands<\/span><\/a><\/p>\n\t<\/div><\/div><\/div><\/div><\/div><\/div><\/div><\/div><\/div><\/div>\n","protected":false},"excerpt":{"rendered":"<p>Consultar nuestros&nbsp;&nbsp;descuentos en efectivoMUY DULCESMEDIALUNAS CASERASDULCES&nbsp;$ 1320PALMERITAS MINI$ 2800PALMERITAS MAX$ 6700GALLETAS DE AVENA BA\u00d1ADAS X4$ 5390GALLETA DE AVENA X4$3850BROWNIE SUIZOCON DULCE DE LECHE Y MERENGUE ITALIANO$ 9240BROWNIE CON NUEZ&nbsp;$ 9460ROLL DE CANELA$ 2750CROISSANT$3300 ANTOJITOS CHOCOTORTA, MARIA BONITA, OREO, CHEESE CAKE LIM\u00d3N, CHEESE CAKE DE FRUTOS &hellip; <\/p>\n","protected":false},"author":52,"featured_media":0,"parent":0,"menu_order":0,"comment_status":"closed","ping_status":"closed","template":"","meta":{"_monsterinsights_skip_tracking":false,"_monsterinsights_sitenote_active":false,"_monsterinsights_sitenote_note":"","_monsterinsights_sitenote_category":0,"footnotes":""},"coauthors":[104,119],"class_list":["post-69697","page","type-page","status-publish","hentry"],"_links":{"self":[{"href":"https:\/\/growbrands.net\/neworder\/wp-json\/wp\/v2\/pages\/69697","targetHints":{"allow":["GET"]}}],"collection":[{"href":"https:\/\/growbrands.net\/neworder\/wp-json\/wp\/v2\/pages"}],"about":[{"href":"https:\/\/growbrands.net\/neworder\/wp-json\/wp\/v2\/types\/page"}],"author":[{"embeddable":true,"href":"https:\/\/growbrands.net\/neworder\/wp-json\/wp\/v2\/users\/52"}],"replies":[{"embeddable":true,"href":"https:\/\/growbrands.net\/neworder\/wp-json\/wp\/v2\/comments?post=69697"}],"version-history":[{"count":222,"href":"https:\/\/growbrands.net\/neworder\/wp-json\/wp\/v2\/pages\/69697\/revisions"}],"predecessor-version":[{"id":90719,"href":"https:\/\/growbrands.net\/neworder\/wp-json\/wp\/v2\/pages\/69697\/revisions\/90719"}],"wp:attachment":[{"href":"https:\/\/growbrands.net\/neworder\/wp-json\/wp\/v2\/media?parent=69697"}],"wp:term":[{"taxonomy":"author","embeddable":true,"href":"https:\/\/growbrands.net\/neworder\/wp-json\/wp\/v2\/coauthors?post=69697"}],"curies":[{"name":"wp","href":"https:\/\/api.w.org\/{rel}","templated":true}]}}