{"id":68279,"date":"2023-11-14T21:22:31","date_gmt":"2023-11-15T00:22:31","guid":{"rendered":"https:\/\/growbrands.net\/neworder\/?page_id=68279"},"modified":"2026-02-14T00:43:57","modified_gmt":"2026-02-14T03:43:57","slug":"emilia-richieri-postres","status":"publish","type":"page","link":"https:\/\/growbrands.net\/neworder\/emilia-richieri-postres\/","title":{"rendered":"La Emilia &#8211; Richieri &#8211; Los postres"},"content":{"rendered":"<div class=\"vce-row-container\"><div class=\"vce-row vce-element--has-background vce-row--col-gap-30 vce-row-columns--top vce-row-content--top\" id=\"el-1f096c6d\" data-vce-do-apply=\"all el-1f096c6d\"><div class=\"vce-content-background-container\"><div class=\"vce-asset-parallax-container vce-visible-all-only\" data-vce-assets-parallax=\".vce-asset-parallax\" data-vce-assets-parallax-speed=\"40\" data-vce-assets-parallax-reverse=\"false\"><div class=\"vce-asset-parallax\" style=\"top: -40vh; bottom: -40vh; transform: translateY(4.56204vh);\"><\/div><\/div><\/div><div class=\"vce-row-content\" data-vce-element-content=\"true\"><div class=\"vce-col vce-col--md-auto vce-col--xs-1 vce-col--xs-last vce-col--xs-first vce-col--sm-last vce-col--sm-first vce-col--md-last vce-col--lg-last vce-col--xl-last vce-col--md-first vce-col--lg-first vce-col--xl-first\" id=\"el-999bc871\"><div class=\"vce-col-inner\" data-vce-do-apply=\"border margin background  el-999bc871\"><div class=\"vce-col-content\" data-vce-element-content=\"true\" data-vce-do-apply=\"padding el-999bc871\"><div class=\"vce-single-image-container vce-single-image--align-center\"><div class=\"vce vce-single-image-wrapper\" id=\"el-9ddb1731\" data-vce-do-apply=\"all el-9ddb1731\"><figure><div class=\"vce-single-image-inner vce-single-image--absolute\" style=\"padding-bottom: 34.1797%; width: 1024px;\"><img class=\"vce-single-image\" width=\"1024\" height=\"350\"src=\"https:\/\/growbrands.net\/neworder\/wp-content\/uploads\/2026\/02\/logo-nuevo-fondo-blanco-e1714843438391-1024x350.png\" srcset=\"https:\/\/growbrands.net\/neworder\/wp-content\/uploads\/2026\/02\/logo-nuevo-fondo-blanco-e1714843438391-320x109.png 320w,https:\/\/growbrands.net\/neworder\/wp-content\/uploads\/2026\/02\/logo-nuevo-fondo-blanco-e1714843438391-480x164.png 480w,https:\/\/growbrands.net\/neworder\/wp-content\/uploads\/2026\/02\/logo-nuevo-fondo-blanco-e1714843438391-800x273.png 800w,https:\/\/growbrands.net\/neworder\/wp-content\/uploads\/2026\/02\/logo-nuevo-fondo-blanco-e1714843438391-1024x350.png 1024w\" data-img-src=\"https:\/\/growbrands.net\/neworder\/wp-content\/uploads\/2024\/04\/logo-nuevo-fondo-blanco-e1714843438391.png\" alt=\"\" title=\"logo nuevo fondo blanco\" \/><\/div><figcaption hidden=\"\"><\/figcaption><\/figure><\/div><\/div><div class=\"vce-row-container\"><div class=\"vce-row vce-row--col-gap-30 vce-row-columns--top vce-row-content--top\" id=\"el-bbd98eac\" data-vce-do-apply=\"all el-bbd98eac\"><div class=\"vce-content-background-container\"><\/div><div class=\"vce-row-content\" data-vce-element-content=\"true\"><div class=\"vce-col vce-col--md-auto vce-col--xs-1 vce-col--xs-last vce-col--xs-first vce-col--sm-last vce-col--sm-first vce-col--md-last vce-col--lg-last vce-col--xl-last vce-col--md-first vce-col--lg-first vce-col--xl-first\" id=\"el-6e39d68a\"><div class=\"vce-col-inner\" data-vce-do-apply=\"border margin background  el-6e39d68a\"><div class=\"vce-col-content\" data-vce-element-content=\"true\" data-vce-do-apply=\"padding el-6e39d68a\"><div class=\"vce-text-block\"><div class=\"vce-text-block-wrapper vce\" id=\"el-c348088c\" data-vce-do-apply=\"all el-c348088c\"><p>Horarios:<br><strong>Lunes a S\u00e1bado<\/strong>&nbsp;de 12:30 hs. a 15:30 hs. y 20:30 hs. a 00:00hs<br><strong>Domingo<\/strong>&nbsp;de&nbsp; 12:30 hs. a 15:00 hs.<\/p><\/div><\/div><\/div><\/div><\/div><\/div><\/div><\/div><div class=\"vce-row-container\"><div class=\"vce-row vce-row--col-gap-30 vce-row-columns--top vce-row-content--top\" id=\"el-2c19023e\" data-vce-do-apply=\"all el-2c19023e\"><div class=\"vce-content-background-container\"><\/div><div class=\"vce-row-content\" data-vce-element-content=\"true\"><div class=\"vce-col vce-col--md-auto vce-col--xs-1 vce-col--xs-last vce-col--xs-first vce-col--sm-last vce-col--sm-first vce-col--md-last vce-col--lg-last vce-col--xl-last vce-col--md-first vce-col--lg-first vce-col--xl-first\" id=\"el-28b0a544\"><div class=\"vce-col-inner\" data-vce-do-apply=\"border margin background  el-28b0a544\"><div class=\"vce-col-content\" data-vce-element-content=\"true\" data-vce-do-apply=\"padding el-28b0a544\"><div class=\"vce-text-block\"><div class=\"vce-text-block-wrapper vce\" id=\"el-9b895008\" data-vce-do-apply=\"all el-9b895008\"><table style=\"width: 100.6%; height: 445px;\" width=\"100%\"><tbody><tr style=\"height: 31px;\"><td style=\"width: 76.7204%; height: 31px;\" width=\"323\"><strong><span style=\"font-size: 16pt; font-family: 'Archivo Narrow';\"><span data-sheets-value=\"{&quot;1&quot;:2,&quot;2&quot;:&quot;Ensaladas&quot;}\" data-sheets-userformat=\"{&quot;2&quot;:14849,&quot;3&quot;:{&quot;1&quot;:0},&quot;12&quot;:0,&quot;14&quot;:{&quot;1&quot;:2,&quot;2&quot;:3355443},&quot;15&quot;:&quot;Arial, sans-serif&quot;,&quot;16&quot;:12}\">LOS POSTRES<br><\/span><\/span><\/strong><\/td><td style=\"text-align: right; width: 21.4733%; height: 31px;\" width=\"75\">&nbsp;<\/td><\/tr><tr style=\"height: 28px;\"><td style=\"width: 76.7204%; height: 28px;\"><span style=\"font-size: 14pt;\"><strong><span style=\"font-family: 'Archivo Narrow';\">CLASICOS<\/span><\/strong><\/span><\/td><td style=\"text-align: right; width: 21.4733%; height: 28px;\">&nbsp;<\/td><\/tr><tr style=\"height: 24px;\"><td style=\"width: 76.7204%; height: 24px;\" width=\"243\">Tiramis\u00fa<\/td><td style=\"width: 21.4733%; text-align: right; height: 24px;\" width=\"80\">$ 10.700<\/td><\/tr><tr style=\"height: 24px;\"><td style=\"width: 76.7204%; height: 24px;\">Flan<\/td><td style=\"width: 21.4733%; text-align: right; height: 24px;\">$ 8.200<\/td><\/tr><tr style=\"height: 24px;\"><td style=\"width: 76.7204%; height: 24px;\">Ensalada De Frutas<\/td><td style=\"width: 21.4733%; text-align: right; height: 24px;\">$ 8.700<\/td><\/tr><tr style=\"height: 72px;\"><td style=\"width: 76.7204%; height: 72px;\">Macedonia<br>Ensalada de frutas acompa\u00f1ada con una bocha de helado.<\/td><td style=\"width: 21.4733%; text-align: right; height: 72px;\">$ 11.000<\/td><\/tr><tr style=\"height: 72px;\"><td style=\"width: 76.7204%; height: 72px;\">Helado<br>Un gusto a elecci\u00f3n.<\/td><td style=\"width: 21.4733%; text-align: right; height: 72px;\">$ 7.700<\/td><\/tr><tr style=\"height: 48px;\"><td style=\"width: 76.7204%; height: 48px;\">Panqueque<br>(con dulce de leche, helado de crema y salsa toffee)<\/td><td style=\"width: 21.4733%; text-align: right; height: 48px;\">$ 9.100<\/td><\/tr><tr style=\"height: 24px;\"><td style=\"width: 76.7204%; height: 24px;\">Vigilante<\/td><td style=\"width: 21.4733%; text-align: right; height: 24px;\">$ 7.900<\/td><\/tr><tr style=\"height: 24px;\"><td style=\"width: 76.7204%; height: 24px;\">Affogato<\/td><td style=\"width: 21.4733%; text-align: right; height: 24px;\">$10.300<\/td><\/tr><tr style=\"height: 28px;\"><td style=\"width: 76.7204%; height: 28px;\"><span style=\"font-size: 14pt;\"><strong><span style=\"font-family: 'Archivo Narrow';\">DE TEMPORADA<\/span><\/strong><\/span><\/td><td style=\"width: 21.4733%; text-align: right; height: 28px;\">&nbsp;<\/td><\/tr><tr style=\"height: 72px;\"><td style=\"width: 76.7204%; height: 10px;\"><p>Mousse de uvas y chardonnay<\/p><\/td><td style=\"text-align: right; width: 21.4733%; height: 10px;\">$ 10.000<\/td><\/tr><tr style=\"height: 15px;\"><td style=\"height: 15px; width: 76.7204%;\">Mel\u00f3n Infusionado<br>(mel\u00f3n, vainilla, lima y an\u00eds)<\/td><td style=\"height: 15px; text-align: right; width: 21.4733%;\">$ 13.200<\/td><\/tr><tr style=\"height: 10px;\"><td style=\"height: 11px; width: 76.7204%;\">Mousse de chocolate<br>(chocolate, aove y sal marina)<\/td><td style=\"height: 11px; text-align: right; width: 21.4733%;\">$10.100<\/td><\/tr><tr style=\"height: 10px;\"><td style=\"height: 10px; width: 76.7204%;\">Panna cotta de coco<\/td><td style=\"height: 10px; text-align: right; width: 21.4733%;\">$10.700<\/td><\/tr><\/tbody><\/table><p style=\"text-align: right;\">&nbsp;<\/p><\/div><\/div><\/div><\/div><\/div><\/div><\/div><\/div><div class=\"vce-button--style-outline-container vce-button--style-outline-container--align-center\"><span class=\"vce-button--style-outline-wrapper vce vce-button--style-outline-wrapper--stretched\" id=\"el-cda34e8a\" data-vce-do-apply=\"margin el-cda34e8a\"><a class=\"vce-button--style-outline-animated vce-button--style-outline--border-round vce-button--style-outline--size-medium vce-button--style-outline-animated--color-b-47-47-47--fff--3d3d3d vce-button--style-outline-animated--border-color-b-62-61-61--3d3d3d vce-button--style-outline-animated--background-color-b-47-47-47\" href=\"https:\/\/growbrands.net\/neworder\/emilia-richieri-inicio\/\" title=\"\" data-vce-do-apply=\"padding border background  el-cda34e8a\"><span class=\"vce-button--style-outline-text\">VOLVER<\/span><\/a><\/span><\/div><\/div><\/div><\/div><\/div><\/div><\/div><div class=\"vce-row-container\"><div class=\"vce-row vce-row--col-gap-30 vce-row-columns--top vce-row-content--top\" id=\"el-034f0b1b\" data-vce-do-apply=\"all el-034f0b1b\"><div class=\"vce-row-content\" data-vce-element-content=\"true\"><div class=\"vce-col vce-col--md-auto vce-col--xs-1 vce-col--xs-last vce-col--xs-first vce-col--sm-last vce-col--sm-first vce-col--md-last vce-col--lg-last vce-col--xl-last vce-col--md-first vce-col--lg-first vce-col--xl-first\" id=\"el-79c96dd8\"><div class=\"vce-col-inner\" data-vce-do-apply=\"border margin background  el-79c96dd8\"><div class=\"vce-col-content\" data-vce-element-content=\"true\" data-vce-do-apply=\"padding el-79c96dd8\"><div class=\"vce-widgets-container\"><div class=\"vce vce-widgets-wrapper\" id=\"el-45f7dd9e\" data-vce-do-apply=\"all el-45f7dd9e\"><div class=\"textwidget custom-html-widget\"><div style=\"text-align; background-color:#000;\">\n<p style=\"text-align: center;\"><a href=\"http:\/\/www.neworder.menu\" target=\"_blank\" style=\"text-decoration:none;\"><span style=\"color:#ffffff;\">New Order: QR Digital Menu <br By Grow Brands<\/span><\/a><\/p>\n\t<\/div><\/div><\/div><\/div><\/div><\/div><\/div><\/div><\/div><\/div>\n","protected":false},"excerpt":{"rendered":"<p>Horarios:Lunes a S\u00e1bado&nbsp;de 12:30 hs. a 15:30 hs. y 20:30 hs. a 00:00hsDomingo&nbsp;de&nbsp; 12:30 hs. a 15:00 hs.LOS POSTRES&nbsp;CLASICOS&nbsp;Tiramis\u00fa$ 10.700Flan$ 8.200Ensalada De Frutas$ 8.700MacedoniaEnsalada de frutas acompa\u00f1ada con una bocha de helado.$ 11.000HeladoUn gusto a elecci\u00f3n.$ 7.700Panqueque(con dulce de leche, helado de crema y salsa &hellip; <\/p>\n","protected":false},"author":50,"featured_media":0,"parent":0,"menu_order":0,"comment_status":"closed","ping_status":"closed","template":"","meta":{"_monsterinsights_skip_tracking":false,"_monsterinsights_sitenote_active":false,"_monsterinsights_sitenote_note":"","_monsterinsights_sitenote_category":0,"footnotes":""},"coauthors":[102,104,117],"class_list":["post-68279","page","type-page","status-publish","hentry"],"_links":{"self":[{"href":"https:\/\/growbrands.net\/neworder\/wp-json\/wp\/v2\/pages\/68279","targetHints":{"allow":["GET"]}}],"collection":[{"href":"https:\/\/growbrands.net\/neworder\/wp-json\/wp\/v2\/pages"}],"about":[{"href":"https:\/\/growbrands.net\/neworder\/wp-json\/wp\/v2\/types\/page"}],"author":[{"embeddable":true,"href":"https:\/\/growbrands.net\/neworder\/wp-json\/wp\/v2\/users\/50"}],"replies":[{"embeddable":true,"href":"https:\/\/growbrands.net\/neworder\/wp-json\/wp\/v2\/comments?post=68279"}],"version-history":[{"count":63,"href":"https:\/\/growbrands.net\/neworder\/wp-json\/wp\/v2\/pages\/68279\/revisions"}],"predecessor-version":[{"id":90157,"href":"https:\/\/growbrands.net\/neworder\/wp-json\/wp\/v2\/pages\/68279\/revisions\/90157"}],"wp:attachment":[{"href":"https:\/\/growbrands.net\/neworder\/wp-json\/wp\/v2\/media?parent=68279"}],"wp:term":[{"taxonomy":"author","embeddable":true,"href":"https:\/\/growbrands.net\/neworder\/wp-json\/wp\/v2\/coauthors?post=68279"}],"curies":[{"name":"wp","href":"https:\/\/api.w.org\/{rel}","templated":true}]}}