{"id":63774,"date":"2023-06-16T13:48:10","date_gmt":"2023-06-16T16:48:10","guid":{"rendered":"https:\/\/growbrands.net\/neworder\/?page_id=63774"},"modified":"2025-12-23T15:06:09","modified_gmt":"2025-12-23T18:06:09","slug":"hotel-portal-del-lago-bar-tablas-y-picadas","status":"publish","type":"page","link":"https:\/\/growbrands.net\/neworder\/hotel-portal-del-lago-bar-tablas-y-picadas\/","title":{"rendered":"Hotel Portal del Lago &#8211; Bar: Tablas y picadas"},"content":{"rendered":"<div class=\"vce-row-container\"><div class=\"vce-row vce-element--has-background vce-row--col-gap-30 vce-row-columns--top vce-row-content--top\" id=\"el-90c61df9\" data-vce-do-apply=\"all el-90c61df9\"><div class=\"vce-content-background-container\"><div class=\"vce-asset-parallax-container vce-visible-all-only\" data-vce-assets-parallax=\".vce-asset-parallax\" data-vce-assets-parallax-speed=\"40\" data-vce-assets-parallax-reverse=\"false\"><div class=\"vce-asset-parallax\" style=\"top: -40vh; bottom: -40vh; transform: translateY(-27.958vh);\"><\/div><\/div><\/div><div class=\"vce-row-content\" data-vce-element-content=\"true\"><div class=\"vce-col vce-col--md-auto vce-col--xs-1 vce-col--xs-last vce-col--xs-first vce-col--sm-last vce-col--sm-first vce-col--md-last vce-col--lg-last vce-col--xl-last vce-col--md-first vce-col--lg-first vce-col--xl-first\" id=\"el-d5629a1f\"><div class=\"vce-col-inner\" data-vce-do-apply=\"border margin background  el-d5629a1f\"><div class=\"vce-col-content\" data-vce-element-content=\"true\" data-vce-do-apply=\"padding el-d5629a1f\"><div class=\"vce-row-container\"><div class=\"vce-row vce-row--col-gap-30 vce-row-columns--top vce-row-content--top\" id=\"el-e870bdc6\" data-vce-do-apply=\"all el-e870bdc6\"><div class=\"vce-content-background-container\"><\/div><div class=\"vce-row-content\" data-vce-element-content=\"true\"><div class=\"vce-col vce-col--md-auto vce-col--xs-1 vce-col--xs-last vce-col--xs-first vce-col--sm-last vce-col--sm-first vce-col--md-last vce-col--lg-last vce-col--xl-last vce-col--md-first vce-col--lg-first vce-col--xl-first\" id=\"el-d59d282d\"><div class=\"vce-col-inner\" data-vce-do-apply=\"border margin background  el-d59d282d\"><div class=\"vce-col-content\" data-vce-element-content=\"true\" data-vce-do-apply=\"padding el-d59d282d\"><div class=\"vce-single-image-container vce-single-image--align-center\"><div class=\"vce vce-single-image-wrapper\" id=\"el-065656dd\" data-vce-do-apply=\"all el-065656dd\"><figure><div class=\"vce-single-image-inner vce-single-image--absolute\" style=\"padding-bottom: 37.037%; width: 162px;\"><img class=\"vce-single-image\" width=\"162\" height=\"60\"src=\"https:\/\/growbrands.net\/neworder\/wp-content\/uploads\/2025\/12\/logo_portal_lago-162x60.png\" srcset=\"https:\/\/growbrands.net\/neworder\/wp-content\/uploads\/2025\/12\/logo_portal_lago-162x60.png 162w\" data-img-src=\"https:\/\/growbrands.net\/neworder\/wp-content\/uploads\/2023\/06\/logo_portal_lago.png\" alt=\"\" title=\"logo_portal_lago\" \/><\/div><figcaption hidden=\"\"><\/figcaption><\/figure><\/div><\/div><div class=\"vce-single-image-container vce-single-image--align-center\"><div class=\"vce vce-single-image-wrapper\" id=\"el-281d1d3f\" data-vce-do-apply=\"all el-281d1d3f\"><figure><div class=\"vce-single-image-inner vce-single-image--absolute\" style=\"padding-bottom: 42.3333%; width: 300px;\"><img class=\"vce-single-image\" width=\"300\" height=\"127\"src=\"https:\/\/growbrands.net\/neworder\/wp-content\/uploads\/2025\/12\/pdl.titulo.bar_-300x127.jpg\" srcset=\"https:\/\/growbrands.net\/neworder\/wp-content\/uploads\/2025\/12\/pdl.titulo.bar_-300x127.jpg 300w\" data-img-src=\"https:\/\/growbrands.net\/neworder\/wp-content\/uploads\/2023\/06\/pdl.titulo.bar_.jpg\" alt=\"\" title=\"pdl.titulo.bar\" \/><\/div><figcaption hidden=\"\"><\/figcaption><\/figure><\/div><\/div><\/div><\/div><\/div><\/div><\/div><\/div><div class=\"vce-row-container\"><div class=\"vce-row vce-element--has-background vce-row--col-gap-30 vce-row-columns--top vce-row-content--top\" id=\"el-543acc9a\" data-vce-do-apply=\"all el-543acc9a\"><div class=\"vce-content-background-container\"><div class=\"vce-asset-parallax-container vce-visible-all-only\" data-vce-assets-parallax=\".vce-asset-parallax\" data-vce-assets-parallax-fade=\"true\" data-vce-assets-parallax-speed=\"30\" data-vce-assets-parallax-reverse=\"false\"><div class=\"vce-asset-parallax\" style=\"top: -30vh; bottom: -30vh; transform: translateY(30vh);\"><div class=\"vce-asset-background-simple-container vce-visible-all-only vce-asset-background-simple--style-no-repeat vce-asset-background-simple--position-center-center\"><div class=\"vce-asset-background-simple\"><div class=\"vce-asset-background-simple-item\" style=\"background-image: url('https:\/\/growbrands.net\/neworder\/wp-content\/uploads\/2023\/06\/pdl.back_.ensaladas.png');\"><\/div><\/div><\/div><\/div><\/div><\/div><div class=\"vce-row-content\" data-vce-element-content=\"true\" style=\"\"><div class=\"vce-col vce-col--md-auto vce-col--xs-1 vce-col--xs-last vce-col--xs-first vce-col--sm-last vce-col--sm-first vce-col--md-last vce-col--lg-last vce-col--xl-last vce-col--md-first vce-col--lg-first vce-col--xl-first\" id=\"el-42badbf9\"><div class=\"vce-col-inner\" data-vce-do-apply=\"border margin background  el-42badbf9\"><div class=\"vce-col-content\" data-vce-element-content=\"true\" data-vce-do-apply=\"padding el-42badbf9\"><div class=\"vce-text-block\"><div class=\"vce-text-block-wrapper vce\" id=\"el-5cd82293\" data-vce-do-apply=\"all el-5cd82293\"><h2 style=\"text-align: center;\"><span style=\"font-family: 'Abril Fatface'; font-size: 24pt; background-color: #d5e2bf;\">TABLAS<\/span><\/h2>\n<p class=\"MsoNormal\" style=\"text-align: center;\" align=\"center\"><span style=\"font-size: 20.0pt; line-height: 107%; font-family: 'MV Boli';\">Nuestras tablas para compartir<\/span><\/p>\n<p class=\"MsoNormal\" style=\"text-align: center;\" align=\"center\"><strong><span style=\"font-size: 12.0pt; line-height: 107%; font-family: 'MV Boli';\">Tablas de rebozados <\/span><\/strong><\/p>\n<p class=\"MsoNormal\" style=\"text-align: center;\" align=\"center\"><span style=\"font-size: 12.0pt; line-height: 107%; font-family: 'MV Boli';\">(Rebozados de berenjenas, pollo, entrecote, rabas, bastones de queso, aros de cebolla, dips de salsas y papas fritas)<\/span><\/p>\n<p class=\"MsoNormal\" style=\"text-align: center;\" align=\"center\"><span style=\"font-size: 12.0pt; line-height: 107%; font-family: 'MV Boli';\">$30.000.-<\/span><\/p>\n<p class=\"MsoNormal\" style=\"text-align: center;\" align=\"center\"><strong><span style=\"font-size: 12.0pt; line-height: 107%; font-family: 'MV Boli';\">Tabla mediterr\u00e1nea<\/span><\/strong><\/p>\n<p class=\"MsoNormal\" style=\"text-align: center;\" align=\"center\"><span style=\"font-size: 12.0pt; line-height: 107%; font-family: 'MV Boli';\">(Jam\u00f3n crudo, queso pategras, queso azul, olivas negras condimentadas, salamin, jam\u00f3n cocido<br>y dips a base de oliva y albahaca)<\/span><\/p>\n<p class=\"MsoNormal\" style=\"text-align: center;\" align=\"center\"><span style=\"font-size: 12.0pt; line-height: 107%; font-family: 'MV Boli';\">$36.000.-<\/span><\/p>\n<p class=\"MsoNormal\" style=\"text-align: center;\" align=\"center\"><span style=\"font-size: 12.0pt; line-height: 107%; font-family: 'MV Boli';\">&nbsp;<\/span><\/p>\n<p class=\"MsoNormal\" style=\"text-align: center;\" align=\"center\"><strong><span style=\"font-size: 12.0pt; line-height: 107%; font-family: 'MV Boli';\">Tabla campestre<\/span><\/strong><\/p>\n<p class=\"MsoNormal\" style=\"text-align: center;\" align=\"center\"><span style=\"font-size: 12.0pt; line-height: 107%; font-family: 'MV Boli';\">(Salamin, bondiola, mortadela, queso tybo saborizado, nueces, aceitunas, verduras asadas, dips de aderezo y papas fritas)<\/span><\/p>\n<p class=\"MsoNormal\" style=\"text-align: center;\" align=\"center\"><span style=\"font-size: 12.0pt; line-height: 107%; font-family: 'MV Boli';\">$30.000.-<\/span><\/p>\n<p class=\"MsoNormal\" style=\"text-align: center;\" align=\"center\"><strong><span style=\"font-size: 12.0pt; line-height: 107%; font-family: 'MV Boli';\">Tabla veggie<\/span><\/strong><\/p>\n<p class=\"MsoNormal\" style=\"text-align: center;\" align=\"center\"><span style=\"font-size: 12.0pt; line-height: 107%; font-family: 'MV Boli';\">(Queso tybo saborizados, tomates asados, berenjena rebozada, olivas negras, frutos secos,cubos de calabaza asada, queso fantina<\/span><\/p>\n<p class=\"MsoNormal\" style=\"text-align: center;\" align=\"center\"><span style=\"font-size: 12.0pt; line-height: 107%; font-family: 'MV Boli';\">y dips de aderezo)<\/span><\/p>\n<p style=\"text-align: center;\">&nbsp;<\/p>\n<p class=\"MsoNormal\" style=\"text-align: center;\" align=\"center\"><span style=\"font-family: 'MV Boli'; font-weight: bold; font-style: normal;\">$25.000.-<\/span><\/p>\n<p style=\"text-align: center;\">&nbsp;<\/p>\n<p style=\"text-align: center;\">&nbsp;<\/p>\n<p style=\"text-align: center;\">&nbsp;<\/p>\n<p style=\"text-align: center;\">&nbsp;<\/p>\n<p style=\"text-align: center;\">&nbsp;<\/p>\n<p style=\"text-align: center;\">&nbsp;<\/p>\n<p style=\"text-align: center;\">&nbsp;<\/p>\n<p style=\"text-align: center;\">&nbsp;<\/p>\n<p style=\"text-align: center;\">&nbsp;<\/p><\/div><\/div><\/div><\/div><\/div><\/div><\/div><\/div><div class=\"vce-row-container\"><div class=\"vce-row vce-element--has-background vce-row--col-gap-30 vce-row-columns--top vce-row-content--top\" id=\"el-f0da4b61\" data-vce-do-apply=\"all el-f0da4b61\"><div class=\"vce-content-background-container\"><div class=\"vce-asset-parallax-container vce-visible-all-only\" data-vce-assets-parallax=\".vce-asset-parallax\" data-vce-assets-parallax-fade=\"true\" data-vce-assets-parallax-speed=\"30\" data-vce-assets-parallax-reverse=\"false\"><div class=\"vce-asset-parallax\" style=\"top: -30vh; bottom: -30vh; transform: translateY(-27.7936vh);\"><div class=\"vce-asset-background-simple-container vce-visible-all-only vce-asset-background-simple--style-no-repeat vce-asset-background-simple--position-center-center\"><div class=\"vce-asset-background-simple\"><div class=\"vce-asset-background-simple-item\" style=\"background-image: url('https:\/\/growbrands.net\/neworder\/wp-content\/uploads\/2023\/06\/pdl.back_.ensaladas.png');\"><\/div><\/div><\/div><\/div><\/div><\/div><div class=\"vce-row-content\" data-vce-element-content=\"true\" style=\"opacity: 0.14947;\"><div class=\"vce-col vce-col--md-auto vce-col--xs-1 vce-col--xs-last vce-col--xs-first vce-col--sm-last vce-col--sm-first vce-col--md-last vce-col--lg-last vce-col--xl-last vce-col--md-first vce-col--lg-first vce-col--xl-first\" id=\"el-d3c07df7\"><div class=\"vce-col-inner\" data-vce-do-apply=\"border margin background  el-d3c07df7\"><div class=\"vce-col-content\" data-vce-element-content=\"true\" data-vce-do-apply=\"padding el-d3c07df7\"><div class=\"vce-text-block\"><div class=\"vce-text-block-wrapper vce\" id=\"el-a1697461\" data-vce-do-apply=\"all el-a1697461\"><h2 style=\"text-align: center;\">&nbsp;<\/h2>\n<h2 style=\"text-align: center;\"><span style=\"font-family: 'Abril Fatface'; font-size: 24pt; background-color: #d5e2bf;\">SANDWICHES<\/span><\/h2>\n<h2 style=\"text-align: center;\"><span style=\"font-family: 'Abril Fatface'; font-size: 24pt; background-color: #d5e2bf;\">FRIOS Y CALIENTES<\/span><\/h2>\n<p>&nbsp;<\/p>\n<p style=\"text-align: center;\">&nbsp;<strong><span style=\"font-size: 12.0pt; line-height: 107%; font-family: 'MV Boli';\">Tradicional tostado<\/span><\/strong><\/p>\n<p class=\"MsoNormal\" style=\"text-align: center;\" align=\"center\"><span style=\"font-size: 12.0pt; line-height: 107%; font-family: 'MV Boli';\">(Pan de miga o \u00e1rabe, jam\u00f3n cocido, queso tybo y mayonesa)<br>Acompa\u00f1ado de papas rejilla <\/span><\/p>\n<p class=\"MsoNormal\" style=\"text-align: center;\" align=\"center\"><span style=\"font-size: 12.0pt; line-height: 107%; font-family: 'MV Boli';\">$11.000.-<\/span><\/p>\n<p class=\"MsoNormal\" style=\"text-align: center;\" align=\"center\"><strong><span style=\"font-size: 12.0pt; line-height: 107%; font-family: 'MV Boli';\">Tostado con tomate y huevo <\/span><\/strong><\/p>\n<p class=\"MsoNormal\" style=\"text-align: center;\" align=\"center\"><span style=\"font-size: 12.0pt; line-height: 107%; font-family: 'MV Boli';\">(Tradicional tostado de jam\u00f3n cocido y queso tybo, tomate y huevo)<br>Acompa\u00f1ado de papas rejilla <\/span><\/p>\n<p class=\"MsoNormal\" style=\"text-align: center;\" align=\"center\"><span style=\"font-size: 12.0pt; line-height: 107%; font-family: 'MV Boli';\">$12.000.-<\/span><\/p>\n<p class=\"MsoNormal\" style=\"text-align: center;\" align=\"center\"><span style=\"font-size: 12.0pt; line-height: 107%; font-family: 'MV Boli';\">&nbsp;<\/span><\/p>\n<p class=\"MsoNormal\" style=\"text-align: center;\" align=\"center\"><strong><span style=\"font-size: 12.0pt; line-height: 107%; font-family: 'MV Boli';\">Baguette vegetariana <\/span><\/strong><\/p>\n<p class=\"MsoNormal\" style=\"text-align: center;\" align=\"center\"><span style=\"font-size: 12.0pt; line-height: 107%; font-family: 'MV Boli';\">(Pan baguette, berenjenas asadas, cheesecream, rucula, tomates confitados, morrones asados y olivas negras)<br>Acompa\u00f1ado de papas rejilla <\/span><\/p>\n<p class=\"MsoNormal\" style=\"text-align: center;\" align=\"center\"><span style=\"font-size: 12.0pt; line-height: 107%; font-family: 'MV Boli';\">$13.000.-<\/span><\/p>\n<p class=\"MsoNormal\" style=\"text-align: center;\" align=\"center\"><span style=\"font-size: 12.0pt; line-height: 107%; font-family: 'MV Boli';\">&nbsp;<\/span><\/p>\n<p class=\"MsoNormal\" style=\"text-align: center;\" align=\"center\"><strong><span style=\"font-size: 12.0pt; line-height: 107%; font-family: 'MV Boli';\">S\u00e1ndwich de mollejas<\/span><\/strong><\/p>\n<p class=\"MsoNormal\" style=\"text-align: center;\" align=\"center\"><span style=\"font-size: 12.0pt; line-height: 107%; font-family: 'MV Boli';\">(Pan estilo \u00e1rabe, mollejas asadas, cebolla morada caramelizada, tomate, r\u00facula, queso tybo, puerro asado, chimichurri, <\/span><\/p>\n<p class=\"MsoNormal\" style=\"text-align: center;\" align=\"center\"><span style=\"font-size: 12.0pt; line-height: 107%; font-family: 'MV Boli';\">acompa\u00f1ado de papas fritas)<\/span><\/p>\n<p class=\"MsoNormal\" style=\"text-align: center;\" align=\"center\"><span style=\"font-size: 12.0pt; line-height: 107%; font-family: 'MV Boli';\">$23.000.-<\/span><\/p>\n<p class=\"MsoNormal\" style=\"text-align: center;\" align=\"center\"><strong><span style=\"font-size: 12.0pt; line-height: 107%; font-family: 'MV Boli';\">Ciabatta de jam\u00f3n crudo <\/span><\/strong><\/p>\n<p class=\"MsoNormal\" style=\"text-align: center;\" align=\"center\"><span style=\"font-size: 12.0pt; line-height: 107%; font-family: 'MV Boli';\">(Pan Ciabatta, jam\u00f3n crudo, queso fontina, r\u00facula y aderezo a base de aceite de oliva y ajo)<br>Acompa\u00f1ado de papas rejilla<\/span><\/p>\n<p class=\"MsoNormal\" style=\"text-align: center;\" align=\"center\"><span style=\"font-size: 12.0pt; line-height: 107%; font-family: 'MV Boli';\">$18.500.-<\/span><\/p>\n<p class=\"MsoNormal\" style=\"text-align: center;\" align=\"center\"><strong><span style=\"font-size: 12.0pt; line-height: 107%; font-family: 'MV Boli';\">&nbsp;<\/span><\/strong><\/p>\n<p class=\"MsoNormal\" style=\"text-align: center;\" align=\"center\"><strong><span style=\"font-size: 12.0pt; line-height: 107%; font-family: 'MV Boli';\">Ternerita Umba<\/span><\/strong><\/p>\n<p class=\"MsoNormal\" style=\"text-align: center;\" align=\"center\"><span style=\"font-size: 12.0pt; line-height: 107%; font-family: 'MV Boli';\">(Pan estilo \u00e1rabe, bife de ternera, queso tybo, jam\u00f3n cocido, huevo, lechuga, tomate y aderezo, <br>Acompa\u00f1ado de papas fritas)<\/span><\/p>\n<p class=\"MsoNormal\" style=\"text-align: center;\" align=\"center\"><span style=\"font-size: 12.0pt; line-height: 107%; font-family: 'MV Boli';\">$19.000.-<\/span><\/p>\n<p class=\"MsoNormal\" style=\"text-align: center;\" align=\"center\"><span style=\"font-size: 12.0pt; line-height: 107%; font-family: 'MV Boli';\">&nbsp;<\/span><span style=\"font-family: 'MV Boli'; font-size: 12pt;\">&nbsp;<\/span><\/p>\n<p class=\"MsoNormal\" style=\"text-align: center;\" align=\"center\"><strong><span style=\"font-size: 12.0pt; line-height: 107%; font-family: 'MV Boli';\">Hamburguesa Umba<\/span><\/strong><\/p>\n<p class=\"MsoNormal\" style=\"text-align: center;\" align=\"center\"><span style=\"font-size: 12.0pt; line-height: 107%; font-family: 'MV Boli';\">(Pan de elaboraci\u00f3n propia, medall\u00f3n de carne, queso tybo, jam\u00f3n cocido, lechuga, tomate, aderezo de la casa, <br>Acompa\u00f1ado de papas fritas)<\/span><\/p>\n<p class=\"MsoNormal\" style=\"text-align: center;\" align=\"center\"><span style=\"font-size: 12.0pt; line-height: 107%; font-family: 'MV Boli';\">$17.000.-<\/span><\/p>\n<p class=\"MsoNormal\" style=\"text-align: center;\" align=\"center\"><span style=\"font-size: 12.0pt; line-height: 107%; font-family: 'MV Boli';\">&nbsp;<\/span><\/p>\n<p class=\"MsoNormal\" style=\"text-align: center;\" align=\"center\"><strong><span style=\"font-size: 12.0pt; line-height: 107%; font-family: 'MV Boli';\">Sandwich de focaccia<\/span><\/strong><\/p>\n<p class=\"MsoNormal\" style=\"text-align: center;\" align=\"center\"><span style=\"font-size: 12.0pt; line-height: 107%; font-family: 'MV Boli';\">Focaccia, lechuga y tomates confitados <\/span><\/p>\n<p class=\"MsoNormal\" style=\"text-align: center;\" align=\"center\"><span style=\"font-size: 12.0pt; line-height: 107%; font-family: 'MV Boli';\">Acompa\u00f1ado de papas fritas)<\/span><\/p>\n<p class=\"MsoNormal\" style=\"text-align: center;\" align=\"center\"><strong><span style=\"font-size: 12.0pt; line-height: 107%; font-family: 'MV Boli';\">Variedad de relleno : <br><\/span><\/strong><span style=\"font-size: 12.0pt; line-height: 107%; font-family: 'MV Boli';\">* Mortadela y queso tybo <br>* Salamin y queso gruyere<br>* Lomo ahumado y queso fontina <\/span><\/p>\n<p class=\"MsoNormal\" style=\"text-align: center;\" align=\"center\"><span style=\"font-size: 12.0pt; line-height: 107%; font-family: 'MV Boli';\">$17.500.-<\/span><\/p>\n<p style=\"text-align: center;\">&nbsp;<\/p>\n<p style=\"text-align: center;\">&nbsp;<\/p>\n<p style=\"text-align: center;\">&nbsp;<\/p>\n<p style=\"text-align: center;\">&nbsp;<\/p>\n<p style=\"text-align: center;\">&nbsp;<\/p>\n<p style=\"text-align: center;\">&nbsp;<\/p>\n<p style=\"text-align: center;\">&nbsp;<\/p>\n<p style=\"text-align: center;\">&nbsp;<\/p>\n<p style=\"text-align: center;\">&nbsp;<\/p>\n<p style=\"text-align: center;\">&nbsp;<\/p>\n<p style=\"text-align: center;\">&nbsp;<\/p>\n<p style=\"text-align: center;\">&nbsp;<\/p>\n<p style=\"text-align: center;\">&nbsp;<\/p>\n<p style=\"text-align: center;\">&nbsp;<\/p>\n<p style=\"text-align: center;\">&nbsp;<\/p>\n<p style=\"text-align: center;\">&nbsp;<\/p>\n<p style=\"text-align: center;\">&nbsp;<\/p><\/div><\/div><\/div><\/div><\/div><\/div><\/div><\/div><div class=\"vce-row-container\"><div class=\"vce-row vce-element--has-background vce-row--col-gap-30 vce-row-columns--top vce-row-content--top\" id=\"el-47717d4b\" data-vce-do-apply=\"all el-47717d4b\"><div class=\"vce-content-background-container\"><div class=\"vce-asset-parallax-container vce-visible-all-only\" data-vce-assets-parallax=\".vce-asset-parallax\" data-vce-assets-parallax-fade=\"true\" data-vce-assets-parallax-speed=\"30\" data-vce-assets-parallax-reverse=\"false\"><div class=\"vce-asset-parallax\" style=\"top: -30vh; bottom: -30vh; transform: translateY(0.0626543vh);\"><div class=\"vce-asset-background-simple-container vce-visible-all-only vce-asset-background-simple--style-no-repeat vce-asset-background-simple--position-center-center\"><div class=\"vce-asset-background-simple\"><div class=\"vce-asset-background-simple-item\" style=\"background-image: url('https:\/\/growbrands.net\/neworder\/wp-content\/uploads\/2023\/06\/pdl.back_.ensaladas.png');\"><\/div><\/div><\/div><\/div><\/div><\/div><div class=\"vce-row-content\" data-vce-element-content=\"true\" style=\"\"><div class=\"vce-col vce-col--md-auto vce-col--xs-1 vce-col--xs-last vce-col--xs-first vce-col--sm-last vce-col--sm-first vce-col--md-last vce-col--lg-last vce-col--xl-last vce-col--md-first vce-col--lg-first vce-col--xl-first\" id=\"el-c12e1464\"><div class=\"vce-col-inner\" data-vce-do-apply=\"border margin background  el-c12e1464\"><div class=\"vce-col-content\" data-vce-element-content=\"true\" data-vce-do-apply=\"padding el-c12e1464\"><div class=\"vce-text-block\"><div class=\"vce-text-block-wrapper vce\" id=\"el-ce6e0c91\" data-vce-do-apply=\"all el-ce6e0c91\"><h2 style=\"text-align: center;\"><span style=\"font-family: Abril Fatface;\"><span style=\"font-size: 32px; background-color: #d5e2bf;\">WRAPS&nbsp;<br><br><\/span><\/span><\/h2>\n<p class=\"MsoNormal\" style=\"text-align: center;\" align=\"center\"><strong><span lang=\"EN-US\" style=\"font-size: 12.0pt; line-height: 107%; font-family: 'MV Boli'; mso-ansi-language: EN-US;\">Wraps de pollo<\/span><\/strong><\/p>\n<p class=\"MsoNormal\" style=\"text-align: center;\" align=\"center\"><span style=\"font-size: 12.0pt; line-height: 107%; font-family: 'MV Boli';\">(Tortilla, pollo asado, jam\u00f3n cocido, cebolla caramelizada,muzzarella, aderezo, acompa\u00f1ado de papas rejillas)<br>$19.500.-<\/span><\/p>\n<p class=\"MsoNormal\" style=\"text-align: center;\" align=\"center\"><strong><span style=\"font-size: 12.0pt; line-height: 107%; font-family: 'MV Boli';\">Wraps de carne<\/span><\/strong><\/p>\n<p class=\"MsoNormal\" style=\"text-align: center;\" align=\"center\"><span style=\"font-size: 12.0pt; line-height: 107%; font-family: 'MV Boli';\">(Tortilla, lechuga, tomate, ternera, pimientos y cebolla asados, muzzarella, acompa\u00f1ada de papas rejillas)<\/span><\/p>\n<p class=\"MsoNormal\" style=\"text-align: center;\" align=\"center\"><span style=\"font-size: 12.0pt; line-height: 107%; font-family: 'MV Boli';\">$22.500.-<\/span><\/p>\n<p class=\"MsoNormal\" style=\"text-align: center;\" align=\"center\"><strong><span style=\"font-size: 12.0pt; line-height: 107%; font-family: 'MV Boli';\">Wraps veggie<\/span><\/strong><\/p>\n<p class=\"MsoNormal\" style=\"text-align: center;\" align=\"center\"><span style=\"font-size: 12.0pt; line-height: 107%; font-family: 'MV Boli';\">(Tortilla, lechuga, tomates asados, huevo duro, queso tybo, cebolla caramelizada, aderezo, acompa\u00f1ada de papas rejillas)<\/span><\/p>\n<p>&nbsp;<\/p>\n<p class=\"MsoNormal\" style=\"text-align: center;\" align=\"center\"><span style=\"font-family: 'MV Boli';\">$17.500.-<\/span><\/p>\n<p>&nbsp;<\/p>\n<p style=\"text-align: center;\">&nbsp;<\/p>\n<p style=\"text-align: center;\">&nbsp;<\/p><\/div><\/div><\/div><\/div><\/div><\/div><\/div><\/div><div class=\"vce-button--style-outline-container vce-button--style-outline-container--align-center\"><span class=\"vce-button--style-outline-wrapper vce\" id=\"el-cd8cd9c0\" data-vce-do-apply=\"margin el-cd8cd9c0\"><a class=\"vce-button--style-outline-animated vce-button--style-outline--border-rounded vce-button--style-outline--size-medium vce-button--style-outline-animated--color-b-156-23-22--fff--3d3d3d vce-button--style-outline-animated--border-color-b-156-23-22--3d3d3d vce-button--style-outline-animated--background-color-3d3d3d\" href=\"https:\/\/growbrands.net\/neworder\/hotel-portal-del-lago-menu-bar\/\" title=\"\" data-vce-do-apply=\"padding border background  el-cd8cd9c0\"><span class=\"vce-button--style-outline-text\">VOLVER<\/span><\/a><\/span><\/div><\/div><\/div><\/div><\/div><\/div><\/div><div class=\"vce-row-container\"><div class=\"vce-row vce-row--col-gap-30 vce-row-columns--top vce-row-content--top\" id=\"el-034f0b1b\" data-vce-do-apply=\"all el-034f0b1b\"><div class=\"vce-row-content\" data-vce-element-content=\"true\"><div class=\"vce-col vce-col--md-auto vce-col--xs-1 vce-col--xs-last vce-col--xs-first vce-col--sm-last vce-col--sm-first vce-col--md-last vce-col--lg-last vce-col--xl-last vce-col--md-first vce-col--lg-first vce-col--xl-first\" id=\"el-79c96dd8\"><div class=\"vce-col-inner\" data-vce-do-apply=\"border margin background  el-79c96dd8\"><div class=\"vce-col-content\" data-vce-element-content=\"true\" data-vce-do-apply=\"padding el-79c96dd8\"><div class=\"vce-widgets-container\"><div class=\"vce vce-widgets-wrapper\" id=\"el-45f7dd9e\" data-vce-do-apply=\"all el-45f7dd9e\"><div class=\"textwidget custom-html-widget\"><div style=\"text-align; background-color:#000;\">\n<p style=\"text-align: center;\"><a href=\"http:\/\/www.neworder.menu\" target=\"_blank\" style=\"text-decoration:none;\"><span style=\"color:#ffffff;\">New Order: QR Digital Menu <br By Grow Brands<\/span><\/a><\/p>\n\t<\/div><\/div><\/div><\/div><\/div><\/div><\/div><\/div><\/div><\/div>\n","protected":false},"excerpt":{"rendered":"<p>TABLAS Nuestras tablas para compartir Tablas de rebozados (Rebozados de berenjenas, pollo, entrecote, rabas, bastones de queso, aros de cebolla, dips de salsas y papas fritas) $30.000.- Tabla mediterr\u00e1nea (Jam\u00f3n crudo, queso pategras, queso azul, olivas negras condimentadas, salamin, jam\u00f3n cocidoy dips a base de &hellip; <\/p>\n","protected":false},"author":12,"featured_media":0,"parent":0,"menu_order":0,"comment_status":"closed","ping_status":"closed","template":"","meta":{"_monsterinsights_skip_tracking":false,"_monsterinsights_sitenote_active":false,"_monsterinsights_sitenote_note":"","_monsterinsights_sitenote_category":0,"footnotes":""},"coauthors":[71,110],"class_list":["post-63774","page","type-page","status-publish","hentry"],"_links":{"self":[{"href":"https:\/\/growbrands.net\/neworder\/wp-json\/wp\/v2\/pages\/63774","targetHints":{"allow":["GET"]}}],"collection":[{"href":"https:\/\/growbrands.net\/neworder\/wp-json\/wp\/v2\/pages"}],"about":[{"href":"https:\/\/growbrands.net\/neworder\/wp-json\/wp\/v2\/types\/page"}],"author":[{"embeddable":true,"href":"https:\/\/growbrands.net\/neworder\/wp-json\/wp\/v2\/users\/12"}],"replies":[{"embeddable":true,"href":"https:\/\/growbrands.net\/neworder\/wp-json\/wp\/v2\/comments?post=63774"}],"version-history":[{"count":57,"href":"https:\/\/growbrands.net\/neworder\/wp-json\/wp\/v2\/pages\/63774\/revisions"}],"predecessor-version":[{"id":89316,"href":"https:\/\/growbrands.net\/neworder\/wp-json\/wp\/v2\/pages\/63774\/revisions\/89316"}],"wp:attachment":[{"href":"https:\/\/growbrands.net\/neworder\/wp-json\/wp\/v2\/media?parent=63774"}],"wp:term":[{"taxonomy":"author","embeddable":true,"href":"https:\/\/growbrands.net\/neworder\/wp-json\/wp\/v2\/coauthors?post=63774"}],"curies":[{"name":"wp","href":"https:\/\/api.w.org\/{rel}","templated":true}]}}