{"id":63719,"date":"2023-06-15T12:50:23","date_gmt":"2023-06-15T15:50:23","guid":{"rendered":"https:\/\/growbrands.net\/neworder\/?page_id=63719"},"modified":"2026-02-02T09:36:38","modified_gmt":"2026-02-02T12:36:38","slug":"hotel-portal-del-lago-restaurante-sugerencia-del-dia","status":"publish","type":"page","link":"https:\/\/growbrands.net\/neworder\/hotel-portal-del-lago-restaurante-sugerencia-del-dia\/","title":{"rendered":"Hotel Portal del Lago &#8211; Restaurante: Sugerencia del dia"},"content":{"rendered":"<div class=\"vce-row-container\" id=\"Sugerencia del d\u00eda \"><div class=\"vce-row vce-element--has-background vce-row--col-gap-30 vce-row-columns--top vce-row-content--top\" id=\"el-7344b87a\" data-vce-do-apply=\"all el-7344b87a\"><div class=\"vce-content-background-container\"><div class=\"vce-asset-parallax-container vce-visible-all-only\" data-vce-assets-parallax=\".vce-asset-parallax\" data-vce-assets-parallax-speed=\"40\" data-vce-assets-parallax-reverse=\"false\"><div class=\"vce-asset-parallax\" style=\"top: -40vh; bottom: -40vh; transform: translateY(-1.30691vh);\"><\/div><\/div><\/div><div class=\"vce-row-content\" data-vce-element-content=\"true\"><div class=\"vce-col vce-col--md-auto vce-col--xs-1 vce-col--xs-last vce-col--xs-first vce-col--sm-last vce-col--sm-first vce-col--md-last vce-col--lg-last vce-col--xl-last vce-col--md-first vce-col--lg-first vce-col--xl-first\" id=\"el-d6103bbe\"><div class=\"vce-col-inner\" data-vce-do-apply=\"border margin background  el-d6103bbe\"><div class=\"vce-col-content\" data-vce-element-content=\"true\" data-vce-do-apply=\"padding el-d6103bbe\"><div class=\"vce-row-container\"><div class=\"vce-row vce-row--col-gap-30 vce-row-columns--top vce-row-content--top\" id=\"el-95149127\" data-vce-do-apply=\"all el-95149127\"><div class=\"vce-content-background-container\"><\/div><div class=\"vce-row-content\" data-vce-element-content=\"true\"><div class=\"vce-col vce-col--md-auto vce-col--xs-1 vce-col--xs-last vce-col--xs-first vce-col--sm-last vce-col--sm-first vce-col--md-last vce-col--lg-last vce-col--xl-last vce-col--md-first vce-col--lg-first vce-col--xl-first\" id=\"el-3fe5134b\"><div class=\"vce-col-inner\" data-vce-do-apply=\"border margin background  el-3fe5134b\"><div class=\"vce-col-content\" data-vce-element-content=\"true\" data-vce-do-apply=\"padding el-3fe5134b\"><div class=\"vce-single-image-container vce-single-image--align-center\"><div class=\"vce vce-single-image-wrapper\" id=\"el-d87921b6\" data-vce-do-apply=\"all el-d87921b6\"><figure><div class=\"vce-single-image-inner vce-single-image--absolute\" style=\"padding-bottom: 37.037%; width: 162px;\"><img class=\"vce-single-image\" width=\"162\" height=\"60\"src=\"https:\/\/growbrands.net\/neworder\/wp-content\/uploads\/2026\/02\/logo_portal_lago-162x60.png\" srcset=\"https:\/\/growbrands.net\/neworder\/wp-content\/uploads\/2026\/02\/logo_portal_lago-162x60.png 162w\" data-img-src=\"https:\/\/growbrands.net\/neworder\/wp-content\/uploads\/2023\/06\/logo_portal_lago.png\" alt=\"\" title=\"logo_portal_lago\" \/><\/div><figcaption hidden=\"\"><\/figcaption><\/figure><\/div><\/div><div class=\"vce-single-image-container vce-single-image--align-center\"><div class=\"vce vce-single-image-wrapper\" id=\"el-e4e4a149\" data-vce-do-apply=\"all el-e4e4a149\"><figure><div class=\"vce-single-image-inner vce-single-image--absolute\" style=\"padding-bottom: 92.6667%; width: 300px;\"><img class=\"vce-single-image\" width=\"300\" height=\"278\"src=\"https:\/\/growbrands.net\/neworder\/wp-content\/uploads\/2026\/02\/pdl.titulo.restaurante-300x278.jpg\" srcset=\"https:\/\/growbrands.net\/neworder\/wp-content\/uploads\/2026\/02\/pdl.titulo.restaurante-300x278.jpg 300w\" data-img-src=\"https:\/\/growbrands.net\/neworder\/wp-content\/uploads\/2023\/06\/pdl.titulo.restaurante.jpg\" alt=\"\" title=\"pdl.titulo.restaurante\" \/><\/div><figcaption hidden=\"\"><\/figcaption><\/figure><\/div><\/div><\/div><\/div><\/div><\/div><\/div><\/div><div class=\"vce-row-container\"><div class=\"vce-row vce-element--has-background vce-row--col-gap-30 vce-row-columns--top vce-row-content--top\" id=\"el-6c8ebe24\" data-vce-do-apply=\"all el-6c8ebe24\"><div class=\"vce-content-background-container\"><div class=\"vce-asset-parallax-container vce-visible-all-only\" data-vce-assets-parallax=\".vce-asset-parallax\" data-vce-assets-parallax-fade=\"true\" data-vce-assets-parallax-reverse=\"false\"><div class=\"vce-asset-parallax\" style=\"top: -30vh; bottom: -30vh; transform: translateY(4.58128vh);\"><\/div><\/div><\/div><div class=\"vce-row-content\" data-vce-element-content=\"true\" style=\"\"><div class=\"vce-col vce-col--md-auto vce-col--xs-1 vce-col--xs-last vce-col--xs-first vce-col--sm-last vce-col--sm-first vce-col--md-last vce-col--lg-last vce-col--xl-last vce-col--md-first vce-col--lg-first vce-col--xl-first\" id=\"el-1950cf07\"><div class=\"vce-col-inner\" data-vce-do-apply=\"border margin background  el-1950cf07\"><div class=\"vce-col-content\" data-vce-element-content=\"true\" data-vce-do-apply=\"padding el-1950cf07\"><div class=\"vce-text-block\"><div class=\"vce-text-block-wrapper vce\" id=\"el-a260fa78\" data-vce-do-apply=\"all el-a260fa78\"><p><span style=\"font-family: 'Abril Fatface'; font-size: 24pt;\">&nbsp; &nbsp; &nbsp; &nbsp; <em>Sugerencia del d\u00eda&nbsp;<\/em><\/span><\/p>\n<p><span style=\"font-family: 'Abril Fatface'; font-size: 24pt;\">&nbsp; &nbsp;Costillar de pac\u00fa con papas espa\u00f1olas<\/span><\/p>\n<p><span style=\"font-family: 'Abril Fatface'; font-size: 24pt;\">&nbsp; &nbsp;para 2 personas<\/span><\/p>\n<p><span style=\"font-family: 'Mrs Sheppards'; font-size: 18pt;\">&nbsp; &nbsp; &nbsp; &nbsp; &nbsp; &nbsp; &nbsp; &nbsp; &nbsp; &nbsp;$38.000<\/span><span style=\"font-family: 'Mrs Sheppards'; font-size: 18pt;\">.-&nbsp;<\/span><\/p><\/div><\/div><\/div><\/div><\/div><\/div><\/div><\/div><div class=\"vce-single-image-container vce-single-image--align-left\"><div class=\"vce vce-single-image-wrapper\" id=\"el-0a55a686\" data-vce-do-apply=\"all el-0a55a686\"><figure><div class=\"vce-single-image-inner vce-single-image--absolute\"><img class=\"vce-single-image\" width=\"0\" height=\"0\"src=\"\" data-img-src=\"\"  alt=\"\" title=\"\" \/><\/div><figcaption hidden=\"\"><\/figcaption><\/figure><\/div><\/div><div class=\"vce-button--style-outline-container vce-button--style-outline-container--align-center\"><span class=\"vce-button--style-outline-wrapper vce\" id=\"el-be1a22f2\" data-vce-do-apply=\"margin el-be1a22f2\"><a class=\"vce-button--style-outline-animated vce-button--style-outline--border-rounded vce-button--style-outline--size-medium vce-button--style-outline-animated--color-b-156-23-22--fff--3d3d3d vce-button--style-outline-animated--border-color-b-156-23-22--3d3d3d vce-button--style-outline-animated--background-color-3d3d3d\" href=\"https:\/\/growbrands.net\/neworder\/hotel-portal-del-lago-menu-restaurante\/\" title=\"\" data-vce-do-apply=\"padding border background  el-be1a22f2\"><span class=\"vce-button--style-outline-text\">VOLVER<\/span><\/a><\/span><\/div><div class=\"vce-single-image-container vce-single-image--align-left\"><div class=\"vce vce-single-image-wrapper\" id=\"el-0e23883c\" data-vce-do-apply=\"all el-0e23883c\"><figure><div class=\"vce-single-image-inner vce-single-image--absolute\"><img class=\"vce-single-image\" width=\"0\" height=\"0\"src=\"\" data-img-src=\"\"  alt=\"\" title=\"\" \/><\/div><figcaption hidden=\"\"><\/figcaption><\/figure><\/div><\/div><\/div><\/div><\/div><\/div><\/div><\/div><div class=\"vce-row-container\"><div class=\"vce-row vce-row--col-gap-30 vce-row-columns--top vce-row-content--top\" id=\"el-034f0b1b\" data-vce-do-apply=\"all el-034f0b1b\"><div class=\"vce-row-content\" data-vce-element-content=\"true\"><div class=\"vce-col vce-col--md-auto vce-col--xs-1 vce-col--xs-last vce-col--xs-first vce-col--sm-last vce-col--sm-first vce-col--md-last vce-col--lg-last vce-col--xl-last vce-col--md-first vce-col--lg-first vce-col--xl-first\" id=\"el-79c96dd8\"><div class=\"vce-col-inner\" data-vce-do-apply=\"border margin background  el-79c96dd8\"><div class=\"vce-col-content\" data-vce-element-content=\"true\" data-vce-do-apply=\"padding el-79c96dd8\"><div class=\"vce-widgets-container\"><div class=\"vce vce-widgets-wrapper\" id=\"el-45f7dd9e\" data-vce-do-apply=\"all el-45f7dd9e\"><div class=\"textwidget custom-html-widget\"><div style=\"text-align; background-color:#000;\">\n<p style=\"text-align: center;\"><a href=\"http:\/\/www.neworder.menu\" target=\"_blank\" style=\"text-decoration:none;\"><span style=\"color:#ffffff;\">New Order: QR Digital Menu <br By Grow Brands<\/span><\/a><\/p>\n\t<\/div><\/div><\/div><\/div><\/div><\/div><\/div><\/div><\/div><\/div>\n","protected":false},"excerpt":{"rendered":"<p>&nbsp; &nbsp; &nbsp; &nbsp; Sugerencia del d\u00eda&nbsp; &nbsp; &nbsp;Costillar de pac\u00fa con papas espa\u00f1olas &nbsp; &nbsp;para 2 personas &nbsp; &nbsp; &nbsp; &nbsp; &nbsp; &nbsp; &nbsp; &nbsp; &nbsp; &nbsp;$38.000.-&nbsp;VOLVER<\/p>\n","protected":false},"author":12,"featured_media":0,"parent":0,"menu_order":0,"comment_status":"closed","ping_status":"closed","template":"","meta":{"_monsterinsights_skip_tracking":false,"_monsterinsights_sitenote_active":false,"_monsterinsights_sitenote_note":"","_monsterinsights_sitenote_category":0,"footnotes":""},"coauthors":[71,110],"class_list":["post-63719","page","type-page","status-publish","hentry"],"_links":{"self":[{"href":"https:\/\/growbrands.net\/neworder\/wp-json\/wp\/v2\/pages\/63719","targetHints":{"allow":["GET"]}}],"collection":[{"href":"https:\/\/growbrands.net\/neworder\/wp-json\/wp\/v2\/pages"}],"about":[{"href":"https:\/\/growbrands.net\/neworder\/wp-json\/wp\/v2\/types\/page"}],"author":[{"embeddable":true,"href":"https:\/\/growbrands.net\/neworder\/wp-json\/wp\/v2\/users\/12"}],"replies":[{"embeddable":true,"href":"https:\/\/growbrands.net\/neworder\/wp-json\/wp\/v2\/comments?post=63719"}],"version-history":[{"count":102,"href":"https:\/\/growbrands.net\/neworder\/wp-json\/wp\/v2\/pages\/63719\/revisions"}],"predecessor-version":[{"id":89925,"href":"https:\/\/growbrands.net\/neworder\/wp-json\/wp\/v2\/pages\/63719\/revisions\/89925"}],"wp:attachment":[{"href":"https:\/\/growbrands.net\/neworder\/wp-json\/wp\/v2\/media?parent=63719"}],"wp:term":[{"taxonomy":"author","embeddable":true,"href":"https:\/\/growbrands.net\/neworder\/wp-json\/wp\/v2\/coauthors?post=63719"}],"curies":[{"name":"wp","href":"https:\/\/api.w.org\/{rel}","templated":true}]}}