{"id":63269,"date":"2023-06-03T18:56:11","date_gmt":"2023-06-03T21:56:11","guid":{"rendered":"https:\/\/growbrands.net\/neworder\/?page_id=63269"},"modified":"2026-03-06T11:24:44","modified_gmt":"2026-03-06T14:24:44","slug":"hotel-portal-del-lago-hotel-spa","status":"publish","type":"page","link":"https:\/\/growbrands.net\/neworder\/hotel-portal-del-lago-hotel-spa\/","title":{"rendered":"Hotel Portal del Lago &#8211; Hotel Spa"},"content":{"rendered":"<div class=\"vce-row-container\"><div class=\"vce-row vce-element--has-background vce-row--col-gap-30 vce-row-columns--top vce-row-content--top\" id=\"el-90c61df9\" data-vce-do-apply=\"all el-90c61df9\"><div class=\"vce-content-background-container\"><div class=\"vce-asset-parallax-container vce-visible-all-only\" data-vce-assets-parallax=\".vce-asset-parallax\" data-vce-assets-parallax-speed=\"40\" data-vce-assets-parallax-reverse=\"false\"><div class=\"vce-asset-parallax\" style=\"top: -40vh; bottom: -40vh; transform: translateY(15.3671vh);\"><\/div><\/div><\/div><div class=\"vce-row-content\" data-vce-element-content=\"true\"><div class=\"vce-col vce-col--md-auto vce-col--xs-1 vce-col--xs-last vce-col--xs-first vce-col--sm-last vce-col--sm-first vce-col--md-last vce-col--lg-last vce-col--xl-last vce-col--md-first vce-col--lg-first vce-col--xl-first\" id=\"el-d5629a1f\"><div class=\"vce-col-inner\" data-vce-do-apply=\"border margin background  el-d5629a1f\"><div class=\"vce-col-content\" data-vce-element-content=\"true\" data-vce-do-apply=\"padding el-d5629a1f\"><div class=\"vce-row-container\"><div class=\"vce-row vce-row--col-gap-30 vce-row-columns--top vce-row-content--top\" id=\"el-e870bdc6\" data-vce-do-apply=\"all el-e870bdc6\"><div class=\"vce-content-background-container\"><\/div><div class=\"vce-row-content\" data-vce-element-content=\"true\"><div class=\"vce-col vce-col--md-auto vce-col--xs-1 vce-col--xs-last vce-col--xs-first vce-col--sm-last vce-col--sm-first vce-col--md-last vce-col--lg-last vce-col--xl-last vce-col--md-first vce-col--lg-first vce-col--xl-first\" id=\"el-d59d282d\"><div class=\"vce-col-inner\" data-vce-do-apply=\"border margin background  el-d59d282d\"><div class=\"vce-col-content\" data-vce-element-content=\"true\" data-vce-do-apply=\"padding el-d59d282d\"><div class=\"vce-single-image-container vce-single-image--align-center\"><div class=\"vce vce-single-image-wrapper\" id=\"el-065656dd\" data-vce-do-apply=\"all el-065656dd\"><figure><div class=\"vce-single-image-inner vce-single-image--absolute\" style=\"padding-bottom: 37.037%; width: 162px;\"><img class=\"vce-single-image\" width=\"162\" height=\"60\"src=\"https:\/\/growbrands.net\/neworder\/wp-content\/uploads\/2026\/03\/logo_portal_lago-162x60.png\" srcset=\"https:\/\/growbrands.net\/neworder\/wp-content\/uploads\/2026\/03\/logo_portal_lago-162x60.png 162w\" data-img-src=\"https:\/\/growbrands.net\/neworder\/wp-content\/uploads\/2023\/06\/logo_portal_lago.png\" alt=\"\" title=\"logo_portal_lago\" \/><\/div><figcaption hidden=\"\"><\/figcaption><\/figure><\/div><\/div><div class=\"vce-single-image-container vce-single-image--align-center\"><div class=\"vce vce-single-image-wrapper\" id=\"el-f57001ca\" data-vce-do-apply=\"all el-f57001ca\"><figure><div class=\"vce-single-image-inner vce-single-image--absolute\" style=\"padding-bottom: 78.8423%; width: 1002px;\"><img class=\"vce-single-image\" src=\"https:\/\/growbrands.net\/neworder\/wp-content\/uploads\/2023\/06\/pdl.imagen.spa_.jpg\" data-img-src=\"https:\/\/growbrands.net\/neworder\/wp-content\/uploads\/2023\/06\/pdl.imagen.spa_.jpg\" alt=\"\" title=\"pdl.imagen.spa\"><\/div><figcaption hidden=\"\"><\/figcaption><\/figure><\/div><\/div><\/div><\/div><\/div><\/div><\/div><\/div><div class=\"vce-row-container\"><div class=\"vce-row vce-row--col-gap-30 vce-row-columns--top vce-row-content--top\" id=\"el-237e5b2f\" data-vce-do-apply=\"all el-237e5b2f\"><div class=\"vce-content-background-container\"><div class=\"vce-asset-parallax-container vce-visible-all-only\" data-vce-assets-parallax=\".vce-asset-parallax\" data-vce-assets-parallax-fade=\"true\" data-vce-assets-parallax-reverse=\"false\"><div class=\"vce-asset-parallax\" style=\"top: -30vh; bottom: -30vh; transform: translateY(19.6034vh);\"><\/div><\/div><\/div><div class=\"vce-row-content\" data-vce-element-content=\"true\" style=\"\"><div class=\"vce-col vce-col--md-auto vce-col--xs-1 vce-col--xs-last vce-col--xs-first vce-col--sm-last vce-col--sm-first vce-col--md-last vce-col--lg-last vce-col--xl-last vce-col--md-first vce-col--lg-first vce-col--xl-first\" id=\"el-e4152210\"><div class=\"vce-col-inner\" data-vce-do-apply=\"border margin background  el-e4152210\"><div class=\"vce-col-content\" data-vce-element-content=\"true\" data-vce-do-apply=\"padding el-e4152210\"><div class=\"vce-text-block\"><div class=\"vce-text-block-wrapper vce\" id=\"el-23e33ab9\" data-vce-do-apply=\"all el-23e33ab9\"><p style=\"text-align: center;\"><strong><span style=\"color: #800000; font-size: 16pt;\">NUESTRO SPA TE INVITA A RELAJARTE CON UNA VISTA INCRE\u00cdBLE. <\/span><\/strong><\/p><\/div><\/div><div class=\"vce-text-block\"><div class=\"vce-text-block-wrapper vce\" id=\"el-29a12023\" data-vce-do-apply=\"all el-29a12023\"><p style=\"text-align: center;\"><span style=\"font-size: 14pt;\">Este espacio \u00fanico cuenta con:<\/span><\/p>\n<p style=\"text-align: center;\"><span style=\"font-size: 14pt;\"><strong>CIRCUITO H\u00cdDRICO:<\/strong> <br>Con hidrojets que realizan un masaje suave <\/span><span style=\"font-size: 14pt;\">especialmente en la zona lumbar con inyectores centrales de oxigenaci\u00f3n,<\/span><br><span style=\"font-size: 14pt;\">tumbonas y cuellos de cisnes, es un espacio l\u00fadico para que disfrute de un relax <\/span><span style=\"font-size: 14pt;\">sensacional. Completamente vidriado permite el paso de la luz natural y vista <\/span><span style=\"font-size: 14pt;\">privilegiada al lago<\/span><\/p>\n<p style=\"text-align: center;\"><span style=\"font-size: 14pt;\"><strong>SAUNA SECO:<\/strong> <br>Un tratamiento de calor seco, su temperatura es de 80\u00ba <\/span><span style=\"font-size: 14pt;\">aproximadamente. Estimulante, revitalizante, excelente para eliminar tensiones y <\/span><span style=\"font-size: 14pt;\">lograr una relajaci\u00f3n muscular.<\/span><\/p>\n<p style=\"text-align: center;\"><span style=\"font-size: 14pt;\"><strong>CABINAS PARA MASAJES:<\/strong> <br>diversos y completos masajes <\/span><span style=\"font-size: 14pt;\">corporales, tratamientos faciales y corporales que te ayudar\u00e1n a conseguir tu <\/span><span style=\"font-size: 14pt;\">bienestar.<\/span><\/p><\/div><\/div><div class=\"vce-text-block\"><div class=\"vce-text-block-wrapper vce\" id=\"el-668606ac\" data-vce-do-apply=\"all el-668606ac\"><h2 style=\"text-align: center;\"><span style=\"font-family: 'Abril Fatface'; font-size: 24pt; background-color: #f7d3ca;\">PROGRAMA RELAX SUNSET<\/span><\/h2>\n<p style=\"text-align: center;\"><span style=\"font-size: 14pt;\">Disfrut\u00e1 de una tarde maravillosa, disfrut\u00e1 de tu momento con una vista al lago \u00fanica.<\/span><br><span style=\"font-size: 14pt;\">Tomate una tarde para conseguir el equilibrio perfecto entre tu interior y tu exterior.<\/span><\/p>\n<p style=\"text-align: center;\"><strong><span style=\"font-size: 14pt;\">NUESTRO PROGRAMA TE OFRECE:<\/span><\/strong><br><span style=\"font-size: 14pt;\">\u2022 Acceso al SPA: Circuito h\u00eddrico, y Sauna seco,<\/span><br><span style=\"font-size: 14pt;\">Zona de relajaci\u00f3n con vista a la costanera<\/span><br><span style=\"font-size: 14pt;\">\u2022 30 minutos de Masajes a elecci\u00f3n *<\/span><br><span style=\"font-size: 14pt;\">Duraci\u00f3n: 1:30hrs<\/span><br><span style=\"font-size: 14pt;\">\u2022 Merienda Campestre en nuestra terraza o confiter\u00eda con vista al lago<\/span><\/p>\n<p style=\"text-align: center;\"><span style=\"font-size: 18.6667px;\">Opci\u00f3n 1: Infusi\u00f3n a elecci\u00f3n, tostadas de pan de campo, jam\u00f3n cocido, dips de queso crema, mermelada y dulce de leche, huevo revuelto y jugo de naranja exprimido.<\/span><\/p>\n<p style=\"text-align: center;\"><span style=\"font-size: 18.6667px;\">Opci\u00f3n 2: Porci\u00f3n de torta a elecci\u00f3n m\u00e1s infusi\u00f3n.<\/span><\/p>\n<p style=\"text-align: center;\"><span style=\"font-size: 14pt;\"><span style=\"font-size: 18.6667px;\"><span style=\"font-size: 18.6667px;\">Opci\u00f3n 3: Smoothie con 1 tostado de jam\u00f3n y queso.&nbsp;<\/span><br><\/span><span style=\"font-size: 14pt;\">* Men\u00fa apto para celiacos, vegetarianos y veganos debe consultar y avisar antes de realizar la reserva ( sin excepci\u00f3n)<\/span><br><strong style=\"font-size: 14pt;\">TARIFA POR PERSONA: $ 82.000.-<\/strong><\/span><br><span style=\"font-size: 14pt;\"><br>*opciones de masajes: descontracturante espalda y cervical, descontracturante piernas<\/span><br><span style=\"font-size: 14pt;\">cansadas, relajante cervical y espalda.<\/span><\/p><\/div><\/div><div class=\"vce-text-block\"><div class=\"vce-text-block-wrapper vce\" id=\"el-ba3c9057\" data-vce-do-apply=\"all el-ba3c9057\"><h2 style=\"text-align: center;\"><span style=\"font-family: 'Abril Fatface'; font-size: 24pt; background-color: #f7d3ca;\">PROGRAMA BIENESTAR<\/span><\/h2>\n<p style=\"text-align: center;\"><span style=\"font-size: 14pt;\">Una experiencia \u00fanica con vista al lago, disfrutando de cada momento, de cada detalle.<\/span><br><span style=\"font-size: 14pt;\">Una combinaci\u00f3n perfecta para recuperar tus energ\u00edas, para lograr una armon\u00eda entre<\/span><br><span style=\"font-size: 14pt;\">cuerpo y mente.<\/span><\/p>\n<p style=\"text-align: center;\"><span style=\"font-size: 14pt;\"><strong>NUESTRO PROGRAMA TE OFRECE:<\/strong><\/span><br><span style=\"font-size: 14pt;\">\u2022 Acceso al SPA: Circuito h\u00eddrico y Sauna seco,<\/span><br><span style=\"font-size: 14pt;\">Zona de relajaci\u00f3n con vista a la costanera<\/span><br><span style=\"font-size: 14pt;\">\u2022 45 minutos de Masajes a elecci\u00f3n*<\/span><br><span style=\"font-size: 14pt;\">Duraci\u00f3n: 1:45hrs<\/span><br><span style=\"font-size: 14pt;\">\u2022 Almuerzo saludable<\/span><br><span style=\"font-size: 14pt;\">Diferentes tipos de ensaladas o variedad de tartas a elecci\u00f3n entre :<br><br>* Ensalada Cesar : Mix de hojas verdes, hebras de queso parmesano, croutones, pollo asado y aderezo cesar.<br><br>* Ensalada Mediterranea: Hojas verdes, berenjena rebozada, aceitunas negras, tomate, queso gruyere, <br>pollo rebozado, aros de cebolla y aderezo de albahaca y oliva<br><br>* Ensalada Mixta : Mix de hojas verdes, tomate, cebolla, huevo ,zanahoria ( elegir 3 ingredientes)<br><br>* Tarta de verduras : Verduras asadas, muzzarella y salsa blanca&nbsp;<br>* Tarta de choclo y cebolla caramelizada&nbsp;<br><br>Todas las opciones acompa\u00f1adas de 1 bebida sin alcohol y ensalada de frutas de estaci\u00f3n<br><br><\/span><\/p>\n<p style=\"text-align: center;\"><strong><span style=\"font-size: 14pt;\">TARIFA POR PERSONA: $ 116.000.-<br><br><\/span><\/strong><span style=\"font-size: 18.6667px;\">* Men\u00fa apto para celiacos, vegetarianos y veganos debe consultar y avisar antes de realizar la reserva ( sin excepci\u00f3n)<\/span><br><span style=\"font-size: 14pt;\"><br>*opciones de masajes: descontracturante o relajante cuerpo entero, limpieza y masajes<\/span><br><span style=\"font-size: 14pt;\">en brazos, cuello y rostro.<\/span><\/p><\/div><\/div><div class=\"vce-text-block\"><div class=\"vce-text-block-wrapper vce\" id=\"el-8f1f43ec\" data-vce-do-apply=\"all el-8f1f43ec\"><h2 style=\"text-align: center;\"><span style=\"font-family: 'Abril Fatface'; font-size: 24pt; background-color: #f7d3ca;\">PROGRAMA SPA PAREJAS<\/span><\/h2>\n<p style=\"text-align: center;\"><span style=\"font-size: 14pt;\">Disfrut\u00e1 de un momento \u00fanico con tu pareja con una vista al lago incre\u00edble. Un<br>tiempo para compartir y relajarse. Un tiempo s\u00f3lo para dos.<br><\/span><\/p>\n<p style=\"text-align: center;\"><span style=\"font-size: 14pt;\"><strong>NUESTRO PROGRAMA TE OFRECE:<\/strong><br>\u2022 Acceso al SPA: Circuito h\u00eddrico y Sauna seco,<br>Zona de relajaci\u00f3n con vista a la costanera<br>\u2022 30 minutos de Masajes a elecci\u00f3n<br>Duraci\u00f3n: 1:30hrs<br>\u2022 Picada para dos en nuestra terraza o confiter\u00eda con vista al lago<br>(Tabla Campestre o vegetariana para dos m\u00e1s cerveza o agua saborizada.1 por<br>persona)<br><\/span><\/p>\n<p style=\"text-align: center;\"><span style=\"font-size: 18.6667px;\">-Tabla campestre: Salam\u00edn, bondiola, mortadela, queso tybo saborizado, nueces, aceitunas, verduras asadas, dips de aderezo y papas fritas.<\/span><\/p>\n<p style=\"text-align: center;\"><span style=\"font-size: 18.6667px;\">-Tabla veggie: cubos de quesos saborizados, tomates asados, palta, aceitunas, frutos secos, cubos de calabaza asada, queso azul y dips de aderezo.<\/span><\/p>\n<p style=\"text-align: center;\"><span style=\"font-size: 18.6667px;\">-Papas con cheddar y bacon.<\/span><\/p>\n<p style=\"text-align: center;\">&nbsp;<\/p>\n<p style=\"text-align: center;\"><span style=\"font-size: 18.6667px;\">-Pizza especial con morr\u00f3n y huevo para 2 personas.<\/span><\/p>\n<p style=\"text-align: center;\"><span style=\"font-size: 14pt;\"><strong>TARIFA POR DOS: $162<\/strong><\/span><span style=\"font-size: 14pt;\"><strong>.000.-<\/strong><br><\/span><\/p>\n<p style=\"text-align: center;\"><span style=\"font-size: 14pt;\">*opciones de masajes: descontracturante espalda y cervical, descontracturante<br>piernas cansadas, relajante cervical.<\/span><\/p><\/div><\/div><div class=\"vce-text-block\"><div class=\"vce-text-block-wrapper vce\" id=\"el-91d313a4\" data-vce-do-apply=\"all el-91d313a4\"><h2 style=\"text-align: center;\"><span style=\"font-family: 'Abril Fatface'; font-size: 24pt; background-color: #f7d3ca;\">ACCESO AL SPA&nbsp;<\/span><\/h2>\n<p style=\"text-align: center;\"><span style=\"font-size: 14pt;\">Disfrut\u00e1 de un momento \u00fanico con una vista al lago incre\u00edble. Un<br>tiempo para compartir y relajarse.&nbsp;<br><\/span><\/p>\n<p style=\"text-align: center;\"><span style=\"font-size: 14pt;\"><strong>NUESTRO PROGRAMA TE OFRECE:<\/strong><br>\u2022 Acceso al SPA: <\/span><\/p>\n<p style=\"text-align: center;\"><span style=\"font-size: 14pt;\">Circuito h\u00eddrico<\/span><\/p>\n<p style=\"text-align: center;\"><span style=\"font-size: 14pt;\">Sauna seco <\/span><\/p>\n<p style=\"text-align: center;\"><span style=\"font-size: 14pt;\">Sauna h\u00famedo<br>Zona de relajaci\u00f3n con vista a la costanera<\/span><\/p>\n<p style=\"text-align: center;\"><span style=\"font-size: 14pt;\">Duraci\u00f3n: 1:00hrs<br><\/span><span style=\"font-size: 14pt;\"><strong>PRECIO POR PERSONA PARA HUESPEDES : $ 30.000.-&nbsp;<\/strong><\/span><\/p>\n<p style=\"text-align: center;\"><span style=\"font-size: 14pt;\">*opciones de masajes: descontracturante espalda y cervical, descontracturante<br>piernas cansadas, relajante cervical.<\/span><\/p>\n<p style=\"text-align: center;\"><span style=\"font-size: 14pt;\">MASAJE 30 MIN : $ 33.800-&nbsp;<\/span><\/p>\n<p style=\"text-align: center;\"><span style=\"font-size: 14pt;\">MASAJE 45 MIN : $40.900.-&nbsp;&nbsp;<\/span><\/p><\/div><\/div><div class=\"vce-text-block\"><div class=\"vce-text-block-wrapper vce\" id=\"el-9eb4bf05\" data-vce-do-apply=\"all el-9eb4bf05\"><hr>\n<p style=\"text-align: center;\"><span style=\"font-size: 12pt;\"><br><strong>Horarios SPA:<\/strong><br><\/span><span class=\"selectable-text copyable-text\" style=\"font-family: 'Default Font'; font-size: 14pt;\">&nbsp;Lunes, jueves, viernes, s\u00e1bados y domingos de 10 a 20hs.<\/span><\/p>\n<p style=\"text-align: center;\"><span class=\"selectable-text copyable-text\" style=\"font-family: 'Default Font'; font-size: 14pt;\">Martes y mi\u00e9rcoles de 10 a 18hs.<\/span><\/p>\n<p style=\"text-align: center;\"><span style=\"font-family: 'Default Font'; font-size: 14pt;\"><strong>&nbsp;<\/strong><\/span><span style=\"font-size: 12pt;\">Este servicio requiere reserva previa.<\/span><span style=\"font-size: 12pt;\"><br>Consultar horarios y disponibilidad via email a: <a href=\"mailto:reservas@portaldelago.com\" target=\"_blank\" rel=\"noopener\">reservas@portaldelago.com<\/a><br>o al: 03541 424931, o por WhatsApp: 351 7373161<br>Los cupos son limitados.<\/span><\/p><\/div><\/div><\/div><\/div><\/div><\/div><\/div><\/div><div class=\"vce-button--style-outline-container vce-button--style-outline-container--align-center\"><span class=\"vce-button--style-outline-wrapper vce\" id=\"el-1ed6e631\" data-vce-do-apply=\"margin el-1ed6e631\"><a class=\"vce-button--style-outline-animated vce-button--style-outline--border-rounded vce-button--style-outline--size-medium vce-button--style-outline-animated--color-b-156-23-22--fff--3d3d3d vce-button--style-outline-animated--border-color-b-156-23-22--3d3d3d vce-button--style-outline-animated--background-color-3d3d3d\" href=\"https:\/\/growbrands.net\/neworder\/hotel-portal-del-lago\/\" title=\"\" data-vce-do-apply=\"padding border background  el-1ed6e631\"><span class=\"vce-button--style-outline-text\">VOLVER<\/span><\/a><\/span><\/div><\/div><\/div><\/div><\/div><\/div><\/div><div class=\"vce-row-container\"><div class=\"vce-row vce-row--col-gap-30 vce-row-columns--top vce-row-content--top\" id=\"el-034f0b1b\" data-vce-do-apply=\"all el-034f0b1b\"><div class=\"vce-row-content\" data-vce-element-content=\"true\"><div class=\"vce-col vce-col--md-auto vce-col--xs-1 vce-col--xs-last vce-col--xs-first vce-col--sm-last vce-col--sm-first vce-col--md-last vce-col--lg-last vce-col--xl-last vce-col--md-first vce-col--lg-first vce-col--xl-first\" id=\"el-79c96dd8\"><div class=\"vce-col-inner\" data-vce-do-apply=\"border margin background  el-79c96dd8\"><div class=\"vce-col-content\" data-vce-element-content=\"true\" data-vce-do-apply=\"padding el-79c96dd8\"><div class=\"vce-widgets-container\"><div class=\"vce vce-widgets-wrapper\" id=\"el-45f7dd9e\" data-vce-do-apply=\"all el-45f7dd9e\"><div class=\"textwidget custom-html-widget\"><div style=\"text-align; background-color:#000;\">\n<p style=\"text-align: center;\"><a href=\"http:\/\/www.neworder.menu\" target=\"_blank\" style=\"text-decoration:none;\"><span style=\"color:#ffffff;\">New Order: QR Digital Menu <br By Grow Brands<\/span><\/a><\/p>\n\t<\/div><\/div><\/div><\/div><\/div><\/div><\/div><\/div><\/div><\/div>\n","protected":false},"excerpt":{"rendered":"<p>NUESTRO SPA TE INVITA A RELAJARTE CON UNA VISTA INCRE\u00cdBLE. Este espacio \u00fanico cuenta con: CIRCUITO H\u00cdDRICO: Con hidrojets que realizan un masaje suave especialmente en la zona lumbar con inyectores centrales de oxigenaci\u00f3n,tumbonas y cuellos de cisnes, es un espacio l\u00fadico para que disfrute &hellip; <\/p>\n","protected":false},"author":12,"featured_media":0,"parent":0,"menu_order":0,"comment_status":"closed","ping_status":"closed","template":"","meta":{"_monsterinsights_skip_tracking":false,"_monsterinsights_sitenote_active":false,"_monsterinsights_sitenote_note":"","_monsterinsights_sitenote_category":0,"footnotes":""},"coauthors":[71,110],"class_list":["post-63269","page","type-page","status-publish","hentry"],"_links":{"self":[{"href":"https:\/\/growbrands.net\/neworder\/wp-json\/wp\/v2\/pages\/63269","targetHints":{"allow":["GET"]}}],"collection":[{"href":"https:\/\/growbrands.net\/neworder\/wp-json\/wp\/v2\/pages"}],"about":[{"href":"https:\/\/growbrands.net\/neworder\/wp-json\/wp\/v2\/types\/page"}],"author":[{"embeddable":true,"href":"https:\/\/growbrands.net\/neworder\/wp-json\/wp\/v2\/users\/12"}],"replies":[{"embeddable":true,"href":"https:\/\/growbrands.net\/neworder\/wp-json\/wp\/v2\/comments?post=63269"}],"version-history":[{"count":34,"href":"https:\/\/growbrands.net\/neworder\/wp-json\/wp\/v2\/pages\/63269\/revisions"}],"predecessor-version":[{"id":90455,"href":"https:\/\/growbrands.net\/neworder\/wp-json\/wp\/v2\/pages\/63269\/revisions\/90455"}],"wp:attachment":[{"href":"https:\/\/growbrands.net\/neworder\/wp-json\/wp\/v2\/media?parent=63269"}],"wp:term":[{"taxonomy":"author","embeddable":true,"href":"https:\/\/growbrands.net\/neworder\/wp-json\/wp\/v2\/coauthors?post=63269"}],"curies":[{"name":"wp","href":"https:\/\/api.w.org\/{rel}","templated":true}]}}