{"id":63187,"date":"2023-06-03T16:56:32","date_gmt":"2023-06-03T19:56:32","guid":{"rendered":"https:\/\/growbrands.net\/neworder\/?page_id=63187"},"modified":"2025-12-23T15:12:59","modified_gmt":"2025-12-23T18:12:59","slug":"hotel-portal-del-lago-restaurante-entradas","status":"publish","type":"page","link":"https:\/\/growbrands.net\/neworder\/hotel-portal-del-lago-restaurante-entradas\/","title":{"rendered":"Hotel Portal del Lago &#8211; Restaurante: Entradas"},"content":{"rendered":"<div class=\"vce-row-container\"><div class=\"vce-row vce-element--has-background vce-row--col-gap-30 vce-row-columns--top vce-row-content--top\" id=\"el-90c61df9\" data-vce-do-apply=\"all el-90c61df9\"><div class=\"vce-content-background-container\"><div class=\"vce-asset-parallax-container vce-visible-all-only\" data-vce-assets-parallax=\".vce-asset-parallax\" data-vce-assets-parallax-speed=\"40\" data-vce-assets-parallax-reverse=\"false\"><div class=\"vce-asset-parallax\" style=\"top: -40vh; bottom: -40vh; transform: translateY(-5.0814vh);\"><\/div><\/div><\/div><div class=\"vce-row-content\" data-vce-element-content=\"true\"><div class=\"vce-col vce-col--md-auto vce-col--xs-1 vce-col--xs-last vce-col--xs-first vce-col--sm-last vce-col--sm-first vce-col--md-last vce-col--lg-last vce-col--xl-last vce-col--md-first vce-col--lg-first vce-col--xl-first\" id=\"el-d5629a1f\"><div class=\"vce-col-inner\" data-vce-do-apply=\"border margin background  el-d5629a1f\"><div class=\"vce-col-content\" data-vce-element-content=\"true\" data-vce-do-apply=\"padding el-d5629a1f\"><div class=\"vce-row-container\"><div class=\"vce-row vce-row--col-gap-30 vce-row-columns--top vce-row-content--top\" id=\"el-e870bdc6\" data-vce-do-apply=\"all el-e870bdc6\"><div class=\"vce-content-background-container\"><\/div><div class=\"vce-row-content\" data-vce-element-content=\"true\"><div class=\"vce-col vce-col--md-auto vce-col--xs-1 vce-col--xs-last vce-col--xs-first vce-col--sm-last vce-col--sm-first vce-col--md-last vce-col--lg-last vce-col--xl-last vce-col--md-first vce-col--lg-first vce-col--xl-first\" id=\"el-d59d282d\"><div class=\"vce-col-inner\" data-vce-do-apply=\"border margin background  el-d59d282d\"><div class=\"vce-col-content\" data-vce-element-content=\"true\" data-vce-do-apply=\"padding el-d59d282d\"><div class=\"vce-single-image-container vce-single-image--align-center\"><div class=\"vce vce-single-image-wrapper\" id=\"el-065656dd\" data-vce-do-apply=\"all el-065656dd\"><figure><div class=\"vce-single-image-inner vce-single-image--absolute\" style=\"padding-bottom: 37.037%; width: 162px;\"><img class=\"vce-single-image\" width=\"162\" height=\"60\"src=\"https:\/\/growbrands.net\/neworder\/wp-content\/uploads\/2025\/12\/logo_portal_lago-162x60.png\" srcset=\"https:\/\/growbrands.net\/neworder\/wp-content\/uploads\/2025\/12\/logo_portal_lago-162x60.png 162w\" data-img-src=\"https:\/\/growbrands.net\/neworder\/wp-content\/uploads\/2023\/06\/logo_portal_lago.png\" alt=\"\" title=\"logo_portal_lago\" \/><\/div><figcaption hidden=\"\"><\/figcaption><\/figure><\/div><\/div><div class=\"vce-single-image-container vce-single-image--align-center\"><div class=\"vce vce-single-image-wrapper\" id=\"el-281d1d3f\" data-vce-do-apply=\"all el-281d1d3f\"><figure><div class=\"vce-single-image-inner vce-single-image--absolute\" style=\"padding-bottom: 92.6667%; width: 300px;\"><img class=\"vce-single-image\" width=\"300\" height=\"278\"src=\"https:\/\/growbrands.net\/neworder\/wp-content\/uploads\/2025\/12\/pdl.titulo.restaurante-300x278.jpg\" srcset=\"https:\/\/growbrands.net\/neworder\/wp-content\/uploads\/2025\/12\/pdl.titulo.restaurante-300x278.jpg 300w\" data-img-src=\"https:\/\/growbrands.net\/neworder\/wp-content\/uploads\/2023\/06\/pdl.titulo.restaurante.jpg\" alt=\"\" title=\"pdl.titulo.restaurante\" \/><\/div><figcaption hidden=\"\"><\/figcaption><\/figure><\/div><\/div><\/div><\/div><\/div><\/div><\/div><\/div><div class=\"vce-row-container\"><div class=\"vce-row vce-element--has-background vce-row--col-gap-30 vce-row-columns--top vce-row-content--top\" id=\"el-237e5b2f\" data-vce-do-apply=\"all el-237e5b2f\"><div class=\"vce-content-background-container\"><div class=\"vce-asset-parallax-container vce-visible-all-only\" data-vce-assets-parallax=\".vce-asset-parallax\" data-vce-assets-parallax-fade=\"true\" data-vce-assets-parallax-reverse=\"false\"><div class=\"vce-asset-parallax\" style=\"top: -30vh; bottom: -30vh; transform: translateY(-1.01376vh);\"><div class=\"vce-asset-background-simple-container vce-visible-all-only vce-asset-background-simple--style-no-repeat vce-asset-background-simple--position-center-center\"><div class=\"vce-asset-background-simple\"><div class=\"vce-asset-background-simple-item\" style=\"background-image: url('https:\/\/growbrands.net\/neworder\/wp-content\/uploads\/2023\/06\/pdl.back_.entrada.png');\"><\/div><\/div><\/div><\/div><\/div><\/div><div class=\"vce-row-content\" data-vce-element-content=\"true\" style=\"\"><div class=\"vce-col vce-col--md-auto vce-col--xs-1 vce-col--xs-last vce-col--xs-first vce-col--sm-last vce-col--sm-first vce-col--md-last vce-col--lg-last vce-col--xl-last vce-col--md-first vce-col--lg-first vce-col--xl-first\" id=\"el-e4152210\"><div class=\"vce-col-inner\" data-vce-do-apply=\"border margin background  el-e4152210\"><div class=\"vce-col-content\" data-vce-element-content=\"true\" data-vce-do-apply=\"padding el-e4152210\"><div class=\"vce-text-block\"><div class=\"vce-text-block-wrapper vce\" id=\"el-23e33ab9\" data-vce-do-apply=\"all el-23e33ab9\"><h2 style=\"text-align: center;\"><span style=\"font-family: 'Abril Fatface'; font-size: 24pt; background-color: #f7d3ca;\">ENTRADAS<\/span><\/h2>\n<p style=\"text-align: center;\">&nbsp;<\/p>\n<p class=\"MsoNormal\" style=\"text-align: center;\" align=\"center\">&nbsp;<\/p>\n<p class=\"MsoNormal\" style=\"text-align: center;\" align=\"center\"><strong><span style=\"font-size: 12.0pt; line-height: 107%; font-family: 'MV Boli';\">Cazuela de provolone<\/span><\/strong><\/p>\n<p class=\"MsoNormal\" style=\"text-align: center; tab-stops: 342.0pt center 691.1pt;\" align=\"center\"><span style=\"font-size: 12.0pt; line-height: 107%; font-family: 'MV Boli';\">(Cazuela de queso provolone gratinado, tomate cherry confitado, y pesto de albahaca)<\/span><\/p>\n<p class=\"MsoNormal\" style=\"text-align: center;\" align=\"center\"><span style=\"font-size: 12.0pt; line-height: 107%; font-family: 'MV Boli';\">$17.000.- &nbsp;<\/span><\/p>\n<p class=\"MsoNormal\" style=\"text-align: center;\" align=\"center\"><strong><span style=\"font-size: 12.0pt; line-height: 107%; font-family: 'MV Boli';\">Rabas<\/span><\/strong><\/p>\n<p class=\"MsoNormal\" style=\"text-align: center;\" align=\"center\"><span style=\"font-size: 12.0pt; line-height: 107%; font-family: 'MV Boli';\">(Aros de calamar rebozados, dips de salsa de ajo y albahaca,<br>&nbsp;&nbsp;acompa\u00f1ada de papas fritas)<br>$23.000.- <br><strong><br>Aros de calamar al ajillo<\/strong><\/span><\/p>\n<p class=\"MsoNormal\" style=\"text-align: center;\" align=\"center\"><span style=\"font-size: 12.0pt; line-height: 107%; font-family: 'MV Boli';\">(Calamar, oliva, lim\u00f3n, pimienta y aj\u00ed salteados <br>acompa\u00f1ados de papas rejilla)<br>$19.500.- <\/span><\/p>\n<p class=\"MsoNormal\" style=\"text-align: center;\" align=\"center\"><span style=\"font-size: 12.0pt; line-height: 107%; font-family: 'MV Boli';\">&nbsp;<\/span><\/p>\n<p class=\"MsoNormal\" style=\"text-align: center;\" align=\"center\"><strong><span style=\"font-size: 12.0pt; line-height: 107%; font-family: 'MV Boli';\">Empanadas<br><\/span><\/strong><span style=\"font-size: 12.0pt; line-height: 107%; font-family: 'MV Boli';\">(Fritas o al horno)<br><\/span><span style=\"font-size: 12.0pt; line-height: 107%; font-family: 'MV Boli';\">Criollas<br><\/span><span style=\"font-size: 12.0pt; line-height: 107%; font-family: 'MV Boli';\">Jam\u00f3n y queso<br><\/span><span style=\"font-size: 12.0pt; line-height: 107%; font-family: 'MV Boli';\">Verduras asadas<br><\/span><span style=\"font-size: 12.0pt; line-height: 107%; font-family: 'MV Boli';\">Pescado<\/span><\/p>\n<p class=\"MsoNormal\" style=\"text-align: center;\" align=\"center\"><span style=\"font-size: 12.0pt; line-height: 107%; font-family: 'MV Boli';\">$3.000.-<\/span><\/p>\n<p class=\"MsoNormal\" style=\"text-align: center;\" align=\"center\"><strong><span style=\"font-size: 12.0pt; line-height: 107%; font-family: 'MV Boli';\">&nbsp;<\/span><\/strong><\/p>\n<p class=\"MsoNormal\" style=\"text-align: center;\" align=\"center\"><strong><span style=\"font-size: 12.0pt; line-height: 107%; font-family: 'MV Boli';\">Tortilla de papa <br><\/span><\/strong><span style=\"font-size: 12.0pt; line-height: 107%; font-family: 'MV Boli';\"><strong>(Tortilla a base de papas, huevos y cebolla acompa\u00f1ada de jam\u00f3n crudo y r\u00facula)<\/strong><\/span><\/p>\n<p class=\"MsoNormal\" style=\"text-align: center;\" align=\"center\"><span style=\"font-size: 12.0pt; line-height: 107%; font-family: 'MV Boli';\">$16.500.-<\/span><\/p>\n<p class=\"MsoNormal\" style=\"text-align: center;\" align=\"center\"><strong><span style=\"font-size: 12.0pt; line-height: 107%; font-family: 'MV Boli';\">Papas fritas con queso ch\u00e9ddar y bac\u00f3n<br><\/span><\/strong><span style=\"font-size: 12.0pt; line-height: 107%; font-family: 'MV Boli';\">(Porci\u00f3n de papas bast\u00f3n cubiertas de queso cheddar y panceta fr\u00eda)<\/span><\/p>\n<p class=\"MsoNormal\" style=\"text-align: center;\" align=\"center\"><span style=\"font-size: 12.0pt; line-height: 107%; font-family: 'MV Boli';\">$12.000.-<\/span><\/p><\/div><\/div><\/div><\/div><\/div><\/div><\/div><\/div><div class=\"vce-row-container\"><div class=\"vce-row vce-element--has-background vce-row--col-gap-30 vce-row-columns--top vce-row-content--top\" id=\"el-76882e23\" data-vce-do-apply=\"all el-76882e23\"><div class=\"vce-content-background-container\"><div class=\"vce-asset-parallax-container vce-visible-all-only\" data-vce-assets-parallax=\".vce-asset-parallax\" data-vce-assets-parallax-fade=\"true\" data-vce-assets-parallax-speed=\"30\" data-vce-assets-parallax-reverse=\"false\"><div class=\"vce-asset-parallax\" style=\"top: -30vh; bottom: -30vh; transform: translateY(28.4361vh);\"><div class=\"vce-asset-background-simple-container vce-visible-all-only vce-asset-background-simple--style-no-repeat vce-asset-background-simple--position-center-center\"><div class=\"vce-asset-background-simple\"><div class=\"vce-asset-background-simple-item\" style=\"background-image: url('https:\/\/growbrands.net\/neworder\/wp-content\/uploads\/2023\/06\/pdl.back_.ensaladas.png');\"><\/div><\/div><\/div><\/div><\/div><\/div><div class=\"vce-row-content\" data-vce-element-content=\"true\" style=\"\"><div class=\"vce-col vce-col--md-auto vce-col--xs-1 vce-col--xs-last vce-col--xs-first vce-col--sm-last vce-col--sm-first vce-col--md-last vce-col--lg-last vce-col--xl-last vce-col--md-first vce-col--lg-first vce-col--xl-first\" id=\"el-127e606d\"><div class=\"vce-col-inner\" data-vce-do-apply=\"border margin background  el-127e606d\"><div class=\"vce-col-content\" data-vce-element-content=\"true\" data-vce-do-apply=\"padding el-127e606d\"><div class=\"vce-text-block\"><div class=\"vce-text-block-wrapper vce\" id=\"el-b7ed488c\" data-vce-do-apply=\"all el-b7ed488c\"><h2 style=\"text-align: center;\"><span style=\"font-family: 'Abril Fatface'; font-size: 24pt; background-color: #d5e2bf;\">CONSOME Y SOPAS CREMAS&nbsp;<\/span><\/h2>\n<p class=\"MsoNormal\" style=\"text-align: center;\" align=\"center\"><span style=\"font-family: 'MV Boli';\">(Todas acompa\u00f1adas de croutones)<\/span><\/p>\n<p class=\"MsoListParagraph\" style=\"text-align: center; text-indent: -18.0pt; mso-list: l0 level1 lfo1;\" align=\"center\"><!-- [if !supportLists]--><span lang=\"EN-US\" style=\"font-size: 12.0pt; line-height: 107%; font-family: Symbol; mso-fareast-font-family: Symbol; mso-bidi-font-family: Symbol; mso-ansi-language: EN-US;\">\u00b7<span style=\"font-variant-numeric: normal; font-variant-east-asian: normal; font-variant-alternates: normal; font-size-adjust: none; font-kerning: auto; font-optical-sizing: auto; font-feature-settings: normal; font-variation-settings: normal; font-variant-position: normal; font-variant-emoji: normal; font-stretch: normal; font-size: 7pt; line-height: normal; font-family: 'Times New Roman';\">&nbsp;&nbsp;&nbsp;&nbsp;&nbsp;&nbsp;&nbsp;&nbsp; <\/span><\/span><!--[endif]--><span lang=\"EN-US\" style=\"font-size: 12.0pt; line-height: 107%; font-family: 'MV Boli'; mso-ansi-language: EN-US;\">Zapallo y nuez moscada <br>* Choclo <br>* Arvejas y jam\u00f3n<\/span><\/p>\n<p class=\"MsoListParagraph\" style=\"text-align: center; text-indent: -18.0pt; mso-list: l0 level1 lfo1;\" align=\"center\"><span lang=\"EN-US\" style=\"font-size: 12.0pt; line-height: 107%; font-family: 'MV Boli'; mso-ansi-language: EN-US;\">Sopa tradicional de avena ( caldo de verduras y avena)<\/span><\/p>\n<p class=\"MsoNormal\" style=\"text-align: center;\" align=\"center\"><span lang=\"EN-US\" style=\"font-size: 12.0pt; line-height: 107%; font-family: 'MV Boli'; mso-ansi-language: EN-US;\">$11.500.-<\/span><\/p>\n<p class=\"MsoNormal\" style=\"text-align: center;\" align=\"center\"><span lang=\"EN-US\" style=\"font-size: 12.0pt; line-height: 107%; font-family: 'MV Boli'; mso-ansi-language: EN-US;\">Sopa de verduras con fideos municiones<\/span><\/p>\n<p class=\"MsoNormal\" style=\"text-align: center;\" align=\"center\"><span style=\"font-family: 'MV Boli'; font-size: 16px;\">$12.000.-<\/span><\/p>\n<p style=\"text-align: center;\">&nbsp;&nbsp;<\/p><\/div><\/div><\/div><\/div><\/div><\/div><\/div><\/div><div class=\"vce-button--style-outline-container vce-button--style-outline-container--align-center\"><span class=\"vce-button--style-outline-wrapper vce\" id=\"el-cd8cd9c0\" data-vce-do-apply=\"margin el-cd8cd9c0\"><a class=\"vce-button--style-outline-animated vce-button--style-outline--border-rounded vce-button--style-outline--size-medium vce-button--style-outline-animated--color-b-156-23-22--fff--3d3d3d vce-button--style-outline-animated--border-color-b-156-23-22--3d3d3d vce-button--style-outline-animated--background-color-3d3d3d\" href=\"https:\/\/growbrands.net\/neworder\/hotel-portal-del-lago-menu-restaurante\/\" title=\"\" data-vce-do-apply=\"padding border background  el-cd8cd9c0\"><span class=\"vce-button--style-outline-text\">VOLVER<\/span><\/a><\/span><\/div><\/div><\/div><\/div><\/div><\/div><\/div><div class=\"vce-row-container\"><div class=\"vce-row vce-row--col-gap-30 vce-row-columns--top vce-row-content--top\" id=\"el-034f0b1b\" data-vce-do-apply=\"all el-034f0b1b\"><div class=\"vce-row-content\" data-vce-element-content=\"true\"><div class=\"vce-col vce-col--md-auto vce-col--xs-1 vce-col--xs-last vce-col--xs-first vce-col--sm-last vce-col--sm-first vce-col--md-last vce-col--lg-last vce-col--xl-last vce-col--md-first vce-col--lg-first vce-col--xl-first\" id=\"el-79c96dd8\"><div class=\"vce-col-inner\" data-vce-do-apply=\"border margin background  el-79c96dd8\"><div class=\"vce-col-content\" data-vce-element-content=\"true\" data-vce-do-apply=\"padding el-79c96dd8\"><div class=\"vce-widgets-container\"><div class=\"vce vce-widgets-wrapper\" id=\"el-45f7dd9e\" data-vce-do-apply=\"all el-45f7dd9e\"><div class=\"textwidget custom-html-widget\"><div style=\"text-align; background-color:#000;\">\n<p style=\"text-align: center;\"><a href=\"http:\/\/www.neworder.menu\" target=\"_blank\" style=\"text-decoration:none;\"><span style=\"color:#ffffff;\">New Order: QR Digital Menu <br By Grow Brands<\/span><\/a><\/p>\n\t<\/div><\/div><\/div><\/div><\/div><\/div><\/div><\/div><\/div><\/div>\n","protected":false},"excerpt":{"rendered":"<p>ENTRADAS &nbsp; &nbsp; Cazuela de provolone (Cazuela de queso provolone gratinado, tomate cherry confitado, y pesto de albahaca) $17.000.- &nbsp; Rabas (Aros de calamar rebozados, dips de salsa de ajo y albahaca,&nbsp;&nbsp;acompa\u00f1ada de papas fritas)$23.000.- Aros de calamar al ajillo (Calamar, oliva, lim\u00f3n, pimienta y &hellip; <\/p>\n","protected":false},"author":12,"featured_media":0,"parent":0,"menu_order":0,"comment_status":"closed","ping_status":"closed","template":"","meta":{"_monsterinsights_skip_tracking":false,"_monsterinsights_sitenote_active":false,"_monsterinsights_sitenote_note":"","_monsterinsights_sitenote_category":0,"footnotes":""},"coauthors":[71,110],"class_list":["post-63187","page","type-page","status-publish","hentry"],"_links":{"self":[{"href":"https:\/\/growbrands.net\/neworder\/wp-json\/wp\/v2\/pages\/63187","targetHints":{"allow":["GET"]}}],"collection":[{"href":"https:\/\/growbrands.net\/neworder\/wp-json\/wp\/v2\/pages"}],"about":[{"href":"https:\/\/growbrands.net\/neworder\/wp-json\/wp\/v2\/types\/page"}],"author":[{"embeddable":true,"href":"https:\/\/growbrands.net\/neworder\/wp-json\/wp\/v2\/users\/12"}],"replies":[{"embeddable":true,"href":"https:\/\/growbrands.net\/neworder\/wp-json\/wp\/v2\/comments?post=63187"}],"version-history":[{"count":64,"href":"https:\/\/growbrands.net\/neworder\/wp-json\/wp\/v2\/pages\/63187\/revisions"}],"predecessor-version":[{"id":89318,"href":"https:\/\/growbrands.net\/neworder\/wp-json\/wp\/v2\/pages\/63187\/revisions\/89318"}],"wp:attachment":[{"href":"https:\/\/growbrands.net\/neworder\/wp-json\/wp\/v2\/media?parent=63187"}],"wp:term":[{"taxonomy":"author","embeddable":true,"href":"https:\/\/growbrands.net\/neworder\/wp-json\/wp\/v2\/coauthors?post=63187"}],"curies":[{"name":"wp","href":"https:\/\/api.w.org\/{rel}","templated":true}]}}