{"id":55921,"date":"2022-09-01T22:57:52","date_gmt":"2022-09-02T01:57:52","guid":{"rendered":"https:\/\/growbrands.net\/neworder\/?page_id=55921"},"modified":"2025-08-02T13:02:03","modified_gmt":"2025-08-02T16:02:03","slug":"la-chocolateria-25-de-mayo-pasteleria","status":"publish","type":"page","link":"https:\/\/growbrands.net\/neworder\/la-chocolateria-25-de-mayo-pasteleria\/","title":{"rendered":"La Chocolateria &#8211; 25 de Mayo &#8211; Pasteleria"},"content":{"rendered":"<div class=\"vce-row-container\"><div class=\"vce-row vce-row--col-gap-30 vce-row-columns--top vce-row-content--top\" data-vce-full-width=\"true\" id=\"el-1f096c6d\" data-vce-do-apply=\"all el-1f096c6d\"><div class=\"vce-content-background-container\"><\/div><div class=\"vce-row-content\" data-vce-element-content=\"true\" style=\"padding-left: 590.625px; padding-right: 590.625px;\"><div class=\"vce-col vce-col--md-auto vce-col--xs-1 vce-col--xs-last vce-col--xs-first vce-col--sm-last vce-col--sm-first vce-col--md-last vce-col--lg-last vce-col--xl-last vce-col--md-first vce-col--lg-first vce-col--xl-first\" id=\"el-999bc871\"><div class=\"vce-col-inner\" data-vce-do-apply=\"border margin background  el-999bc871\"><div class=\"vce-content-background-container\"><\/div><div class=\"vce-col-content\" data-vce-element-content=\"true\" data-vce-do-apply=\"padding el-999bc871\"><div class=\"vce-row-container\"><div class=\"vce-row vce-row--has-col-background vce-row--col-gap-30 vce-row-columns--top vce-row-content--top\" id=\"el-a91e6f6b\" data-vce-do-apply=\"all el-a91e6f6b\"><div class=\"vce-content-background-container\"><\/div><div class=\"vce-row-content\" data-vce-element-content=\"true\"><div class=\"vce-col vce-element--has-background vce-col--md-auto vce-col--xs-1 vce-col--xs-last vce-col--xs-first vce-col--sm-last vce-col--sm-first vce-col--md-last vce-col--lg-last vce-col--xl-last vce-col--md-first vce-col--lg-first vce-col--xl-first\" id=\"el-c96512a2\"><div class=\"vce-col-inner\" data-vce-do-apply=\"border margin background  el-c96512a2\"><div class=\"vce-content-background-container\"><div class=\"vce-asset-background-simple-container vce-visible-all-only vce-asset-background-simple--style-contain vce-asset-background-simple--position-center-center\"><div class=\"vce-asset-background-simple\"><div class=\"vce-asset-background-simple-item\" style=\"background-image: url('https:\/\/growbrands.net\/neworder\/wp-content\/uploads\/2025\/02\/chocolateria-tit.pasteleria.png');\"><\/div><\/div><\/div><\/div><div class=\"vce-col-content\" data-vce-element-content=\"true\" data-vce-do-apply=\"padding el-c96512a2\"><div class=\"vce-text-block\"><div class=\"vce-text-block-wrapper vce\" id=\"el-e7fa0d3e\" data-vce-do-apply=\"all el-e7fa0d3e\"><\/div><\/div><\/div><\/div><\/div><\/div><\/div><\/div><div class=\"vce-row-container\"><div class=\"vce-row vce-element--has-background vce-row--col-gap-30 vce-row-columns--top vce-row-content--top\" id=\"el-430d0f6a\" data-vce-do-apply=\"all el-430d0f6a\"><div class=\"vce-content-background-container\"><div class=\"vce-asset-parallax-container vce-visible-all-only\" data-vce-assets-parallax=\".vce-asset-parallax\" data-vce-assets-parallax-speed=\"40\" data-vce-assets-parallax-reverse=\"false\"><div class=\"vce-asset-parallax\" style=\"top: -40vh; bottom: -40vh; transform: translateY(-3.41174vh);\"><\/div><\/div><\/div><div class=\"vce-row-content\" data-vce-element-content=\"true\"><div class=\"vce-col vce-col--md-auto vce-col--xs-1 vce-col--xs-last vce-col--xs-first vce-col--sm-last vce-col--sm-first vce-col--md-last vce-col--lg-last vce-col--xl-last vce-col--md-first vce-col--lg-first vce-col--xl-first\" id=\"el-a4dcb592\"><div class=\"vce-col-inner\" data-vce-do-apply=\"border margin background  el-a4dcb592\"><div class=\"vce-content-background-container\"><\/div><div class=\"vce-col-content\" data-vce-element-content=\"true\" data-vce-do-apply=\"padding el-a4dcb592\"><div class=\"vce-row-container\"><div class=\"vce-row vce-element--has-background vce-row--col-gap-30 vce-row-columns--top vce-row-content--top\" id=\"el-1517db59\" data-vce-do-apply=\"all el-1517db59\"><div class=\"vce-content-background-container\"><\/div><div class=\"vce-row-content\" data-vce-element-content=\"true\"><div class=\"vce-col vce-col--md-auto vce-col--xs-1 vce-col--xs-last vce-col--xs-first vce-col--sm-last vce-col--sm-first vce-col--md-last vce-col--lg-last vce-col--xl-last vce-col--md-first vce-col--lg-first vce-col--xl-first\" id=\"el-91f9c168\"><div class=\"vce-col-inner\" data-vce-do-apply=\"border margin background  el-91f9c168\"><div class=\"vce-content-background-container\"><\/div><div class=\"vce-col-content\" data-vce-element-content=\"true\" data-vce-do-apply=\"padding el-91f9c168\"><div class=\"vce-text-block\"><div class=\"vce-text-block-wrapper vce\" id=\"el-a4cf55ad\" data-vce-do-apply=\"all el-a4cf55ad\"><h2 style=\"text-align: center;\"><span style=\"color: #ffffff; font-size: 24pt;\">TORTAS<\/span><\/h2><\/div><\/div><div class=\"vce-text-block\"><div class=\"vce-text-block-wrapper vce\" id=\"el-a2d369dd\" data-vce-do-apply=\"all el-a2d369dd\"><table width=\"100%\">\n<tbody>\n<tr>\n<td style=\"width: 66.3921%;\" width=\"332\"><strong>TORTAS POR PORCI\u00d3N<br><\/strong>(Pregunt\u00e1 por nuestro stock disponible)<\/td>\n<td style=\"width: 14.8769%;\">\n<p style=\"text-align: right;\"><strong>$9800<\/strong><\/p>\n<\/td>\n<\/tr>\n<tr>\n<td style=\"width: 66.3921%;\"><strong>CHOCO OREO<br><\/strong>Nuestra propia versi\u00f3n de la cl\u00e1sica chocotorta rellena con capas de oreos y chocolinas.<\/td>\n<td style=\"width: 14.8769%;\"><strong>&nbsp;<\/strong><\/td>\n<\/tr>\n<tr>\n<td style=\"width: 66.3921%;\"><strong>TRES LECHES<br><\/strong>Bizcochuelo de vainilla humedecido en tres variedades de leche; leche evaporada, leche condensada y crema de leche, con un toque de ron para dar aroma,&nbsp; rellena con dulce de leche y cubierta de crema chantilly.<\/td>\n<td style=\"width: 14.8769%;\"><strong>&nbsp;<\/strong><\/td>\n<\/tr>\n<tr>\n<td style=\"width: 66.3921%;\"><strong>CARROT CAKE<br><\/strong>Bizcochuelo dulce de zanahor\u00edas, especiado con canela y nueces, relleno de frosting de creamcheese.<\/td>\n<td style=\"width: 14.8769%;\"><strong>&nbsp;<\/strong><\/td>\n<\/tr>\n<tr>\n<td style=\"width: 66.3921%;\"><strong>CURD DE LIM\u00d3N Y FRUTOS ROJOS<br><\/strong>Bizcochuelo h\u00famedo de lim\u00f3n, relleno de curd de lim\u00f3n, crema de frutos rojos y chocolate blanco, cubierta de frosting de creamcheese.<\/td>\n<td style=\"width: 14.8769%;\"><strong>&nbsp;<\/strong><\/td>\n<\/tr>\n<tr>\n<td style=\"width: 66.3921%;\"><strong>RED VELVET<br><\/strong>Bizcochuelo h\u00famedo de chocolate de textura suave y aterciopelada de color rojo, relleno y cubierto con frosting de creamcheese y un toque de lim\u00f3n.<\/td>\n<td style=\"width: 14.8769%;\"><strong>&nbsp;<\/strong><\/td>\n<\/tr>\n<tr>\n<td style=\"width: 66.3921%;\"><strong>&nbsp;<\/strong><strong>MATILDA<\/strong>\n<p>Bizcochuelo h\u00famedo de chocolate, con doble relleno de chocolate y cubertura de crema de chocolate.<\/p>\n<\/td>\n<td style=\"width: 14.8769%;\"><strong>&nbsp;<\/strong><\/td>\n<\/tr>\n<tr>\n<td style=\"width: 66.3921%;\">\n<p><strong>TIRAMIS\u00da CHEESECAKE (Nueva)<\/strong><\/p>\n<p>Una fusi\u00f3n so\u00f1ada: cremoso cheesecake de tiramis\u00fa horneado, cubierto de ganache de chocolate y frosting de queso con un toque de cacao espolvoreado.<\/p>\n<\/td>\n<td style=\"width: 14.8769%;\"><strong>&nbsp;<\/strong><\/td>\n<\/tr>\n<\/tbody>\n<\/table><\/div><\/div><\/div><\/div><\/div><\/div><\/div><\/div><div class=\"vce-row-container\"><div class=\"vce-row vce-row--col-gap-30 vce-row-columns--top vce-row-content--top\" id=\"el-f2c46d93\" data-vce-do-apply=\"all el-f2c46d93\"><div class=\"vce-row-content\" data-vce-element-content=\"true\"><div class=\"vce-col vce-col--md-auto vce-col--xs-1 vce-col--xs-last vce-col--xs-first vce-col--sm-last vce-col--sm-first vce-col--md-last vce-col--lg-last vce-col--xl-last vce-col--md-first vce-col--lg-first vce-col--xl-first\" id=\"el-4c3aeb1b\"><div class=\"vce-col-inner\" data-vce-do-apply=\"border margin background  el-4c3aeb1b\"><div class=\"vce-content-background-container\"><\/div><div class=\"vce-col-content\" data-vce-element-content=\"true\" data-vce-do-apply=\"padding el-4c3aeb1b\"><div class=\"vce-text-block\"><div class=\"vce-text-block-wrapper vce\" id=\"el-b636a817\" data-vce-do-apply=\"all el-b636a817\"><h1 style=\"line-height: 1;\"><span style=\"font-size: 24pt; color: #ffcc99;\"><span style=\"font-family: Lato;\">NEW YORK STYLE COOKIES<\/span><\/span><\/h1><\/div><\/div><div class=\"vce-text-block\"><div class=\"vce-text-block-wrapper vce\" id=\"el-bfa83d39\" data-vce-do-apply=\"all el-bfa83d39\"><table width=\"100%\">\n<tbody>\n<tr>\n<td style=\"width: 450.344px;\"><strong>CHOCOLATE CHIPS COOKIE&nbsp;<br><\/strong>Galleta de vainilla con chispas de chocolate y extra de chispas de chocolate.<\/td>\n<td style=\"text-align: right; width: 41.6562px;\">$4100<\/td>\n<\/tr>\n<tr>\n<td style=\"width: 450.344px;\"><strong>RED VELVET COOKIE&nbsp;<br><\/strong>Con trozos de chocolate blanco.<\/td>\n<td style=\"text-align: right; width: 41.6562px;\">$4100<\/td>\n<\/tr>\n<tr>\n<td style=\"width: 450.344px;\"><strong>&nbsp;<\/strong><strong>COOKIE BROWNIE&nbsp;<\/strong><\/td>\n<td style=\"text-align: right; width: 41.6562px;\">$4100&nbsp;<\/td>\n<\/tr>\n<tr>\n<td style=\"width: 450.344px;\">\n<p><strong>COOKIE BROWNIE NUTELLA<br><\/strong>Con chocolate semi amargo, nueces ba\u00f1ada de Nutella.<\/p>\n<\/td>\n<td style=\"text-align: right; width: 41.6562px;\">\n<p>$4100<\/p>\n<\/td>\n<\/tr>\n<tr>\n<td style=\"width: 450.344px;\">\n<p><strong>COOKIE BOMB&nbsp;<\/strong><\/p>\n<p>Cookie de chips de chocolate servida tibia, con helado y salsa de chocolate.&nbsp;<\/p>\n<\/td>\n<td style=\"text-align: right; width: 41.6562px;\">\n<p>$7200&nbsp;<\/p>\n<\/td>\n<\/tr>\n<\/tbody>\n<\/table><\/div><\/div><\/div><\/div><\/div><\/div><\/div><\/div><\/div><\/div><\/div><\/div><\/div><\/div><\/div><\/div><\/div><\/div><\/div><\/div><div class=\"vce-row-container\"><div class=\"vce-row vce-row--col-gap-30 vce-row-columns--top vce-row-content--top\" data-vce-full-width=\"true\" id=\"el-daf423fe\" data-vce-do-apply=\"all el-daf423fe\"><div class=\"vce-content-background-container\"><\/div><div class=\"vce-row-content\" data-vce-element-content=\"true\" style=\"padding-left: 590.625px; padding-right: 590.625px;\"><div class=\"vce-col vce-col--md-auto vce-col--xs-1 vce-col--xs-last vce-col--xs-first vce-col--sm-last vce-col--sm-first vce-col--md-last vce-col--lg-last vce-col--xl-last vce-col--md-first vce-col--lg-first vce-col--xl-first\" id=\"el-395cb5fb\"><div class=\"vce-col-inner\" data-vce-do-apply=\"border margin background  el-395cb5fb\"><div class=\"vce-content-background-container\"><\/div><div class=\"vce-col-content\" data-vce-element-content=\"true\" data-vce-do-apply=\"padding el-395cb5fb\"><div class=\"vce-row-container\"><div class=\"vce-row vce-element--has-background vce-row--col-gap-30 vce-row-columns--top vce-row-content--top\" id=\"el-ca99519a\" data-vce-do-apply=\"all el-ca99519a\"><div class=\"vce-content-background-container\"><div class=\"vce-asset-parallax-container vce-visible-all-only\" data-vce-assets-parallax=\".vce-asset-parallax\" data-vce-assets-parallax-speed=\"40\" data-vce-assets-parallax-reverse=\"false\"><div class=\"vce-asset-parallax\" style=\"top: -40vh; bottom: -40vh; transform: translateY(28.2285vh);\"><\/div><\/div><\/div><div class=\"vce-row-content\" data-vce-element-content=\"true\"><div class=\"vce-col vce-col--md-auto vce-col--xs-1 vce-col--xs-last vce-col--xs-first vce-col--sm-last vce-col--sm-first vce-col--md-last vce-col--lg-last vce-col--xl-last vce-col--md-first vce-col--lg-first vce-col--xl-first\" id=\"el-3fe00282\"><div class=\"vce-col-inner\" data-vce-do-apply=\"border margin background  el-3fe00282\"><div class=\"vce-content-background-container\"><\/div><div class=\"vce-col-content\" data-vce-element-content=\"true\" data-vce-do-apply=\"padding el-3fe00282\"><div class=\"vce-row-container\"><div class=\"vce-row vce-element--has-background vce-row--col-gap-30 vce-row-columns--top vce-row-content--top\" id=\"el-4c7cf51e\" data-vce-do-apply=\"all el-4c7cf51e\"><div class=\"vce-content-background-container\"><\/div><div class=\"vce-row-content\" data-vce-element-content=\"true\"><div class=\"vce-col vce-col--md-auto vce-col--xs-1 vce-col--xs-last vce-col--xs-first vce-col--sm-last vce-col--sm-first vce-col--md-last vce-col--lg-last vce-col--xl-last vce-col--md-first vce-col--lg-first vce-col--xl-first\" id=\"el-52b87022\"><div class=\"vce-col-inner\" data-vce-do-apply=\"border margin background  el-52b87022\"><div class=\"vce-content-background-container\"><\/div><div class=\"vce-col-content\" data-vce-element-content=\"true\" data-vce-do-apply=\"padding el-52b87022\"><\/div><\/div><\/div><\/div><\/div><\/div><div class=\"vce-row-container\"><div class=\"vce-row vce-element--has-background vce-row--col-gap-30 vce-row-columns--top vce-row-content--top\" id=\"el-ede162c3\" data-vce-do-apply=\"all el-ede162c3\"><div class=\"vce-content-background-container\"><\/div><div class=\"vce-row-content\" data-vce-element-content=\"true\"><div class=\"vce-col vce-col--md-auto vce-col--xs-1 vce-col--xs-last vce-col--xs-first vce-col--sm-last vce-col--sm-first vce-col--md-last vce-col--lg-last vce-col--xl-last vce-col--md-first vce-col--lg-first vce-col--xl-first\" id=\"el-d6194f95\"><div class=\"vce-col-inner\" data-vce-do-apply=\"border margin background  el-d6194f95\"><div class=\"vce-content-background-container\"><\/div><div class=\"vce-col-content\" data-vce-element-content=\"true\" data-vce-do-apply=\"padding el-d6194f95\"><div class=\"vce-text-block\"><div class=\"vce-text-block-wrapper vce\" id=\"el-5ae455c7\" data-vce-do-apply=\"all el-5ae455c7\"><h2 style=\"text-align: left;\"><span style=\"color: #ffffff; font-size: 24pt;\">MOSTRADOR<\/span><\/h2><\/div><\/div><div class=\"vce-text-block\"><div class=\"vce-text-block-wrapper vce\" id=\"el-c9e7282c\" data-vce-do-apply=\"all el-c9e7282c\"><table style=\"height: 307px; width: 98.3404%;\" width=\"1053\">\n<tbody>\n<tr style=\"height: 10px;\">\n<td style=\"height: 10px; width: 88.8569%;\">&nbsp;<\/td>\n<td style=\"text-align: right; height: 10px; width: 106.983%;\">&nbsp;<\/td>\n<\/tr>\n<tr style=\"height: 27px;\">\n<td style=\"height: 27px; width: 88.8569%;\">DANESAS&nbsp; (Rellena de crema pastelera cocida y frutas de estaci\u00f3n)<\/td>\n<td style=\"text-align: right; height: 27px; width: 106.983%;\">$5100&nbsp;<\/td>\n<\/tr>\n<tr>\n<td style=\"width: 88.8569%;\">&nbsp;CROISSANT DE NUTELLA<\/td>\n<td style=\"text-align: right; width: 106.983%;\">$5700&nbsp;<\/td>\n<\/tr>\n<tr style=\"height: 27px;\">\n<td style=\"height: 27px; width: 88.8569%;\">CROISSANT DULCE DE LECHE<\/td>\n<td style=\"text-align: right; height: 27px; width: 106.983%;\">$5200<\/td>\n<\/tr>\n<tr style=\"height: 27px;\">\n<td style=\"height: 27px; width: 88.8569%;\">&nbsp;CROISSANT DE ALMENDRAS (Relleno de Frangipane de almendras y almendras fileteadas tostadas)<\/td>\n<td style=\"text-align: right; height: 27px; width: 106.983%;\">$5500&nbsp;<\/td>\n<\/tr>\n<tr style=\"height: 27px;\">\n<td style=\"height: 27px; width: 88.8569%;\">DONAS OREO\/NUTELLA\/KIT KAT&nbsp; (PREGUNTAR SABORES DISPONIBLES)<\/td>\n<td style=\"text-align: right; height: 27px; width: 106.983%;\">$3900&nbsp;<\/td>\n<\/tr>\n<tr style=\"height: 27px;\">\n<td style=\"height: 27px; width: 88.8569%;\">SCON DE QUESO<\/td>\n<td style=\"text-align: right; height: 27px; width: 106.983%;\">$3600<\/td>\n<\/tr>\n<tr style=\"height: 27px;\">\n<td style=\"height: 27px; width: 88.8569%;\">MEDIALUNA<\/td>\n<td style=\"text-align: right; height: 27px; width: 106.983%;\">$1200<\/td>\n<\/tr>\n<tr style=\"height: 27px;\">\n<td style=\"height: 27px; width: 88.8569%;\">ALFAJOR SIN TACC<\/td>\n<td style=\"text-align: right; height: 27px; width: 106.983%;\">$4500<\/td>\n<\/tr>\n<tr style=\"height: 27px;\">\n<td style=\"height: 27px; width: 88.8569%;\">ALFAJOR MAICENA&nbsp; XL<\/td>\n<td style=\"text-align: right; height: 27px; width: 106.983%;\">$4300<\/td>\n<\/tr>\n<tr>\n<td style=\"width: 88.8569%;\">&nbsp;ALFAJOR BA\u00d1ADO EN CHOCOLATE<\/td>\n<td style=\"text-align: right; width: 106.983%;\">$4600&nbsp;<\/td>\n<\/tr>\n<tr style=\"height: 27px;\">\n<td style=\"height: 27px; width: 88.8569%;\">ALFAJOR NUEZ Y DULCE DE LECHE&nbsp; XL<\/td>\n<td style=\"text-align: right; height: 27px; width: 106.983%;\">$4600<\/td>\n<\/tr>\n<tr style=\"height: 27px;\">\n<td style=\"height: 27px; width: 88.8569%;\">&nbsp;ROLL (CINNAMON ROLL) con cobertura de frosting de queso crema.<\/td>\n<td style=\"text-align: right; height: 27px; width: 106.983%;\">$4300&nbsp;<\/td>\n<\/tr>\n<tr style=\"height: 27px;\">\n<td style=\"height: 27px; width: 88.8569%;\">&nbsp;ROLL (CINNAMON ROLL)&nbsp; &nbsp;SABOR OREO\/&nbsp; &nbsp; DULCE DE LECHE\/&nbsp; &nbsp;CHOCOLATE.<\/td>\n<td style=\"text-align: right; height: 27px; width: 106.983%;\">$4600&nbsp;<\/td>\n<\/tr>\n<\/tbody>\n<\/table><\/div><\/div><\/div><\/div><\/div><\/div><\/div><\/div><div class=\"vce-row-container\"><div class=\"vce-row vce-row--col-gap-30 vce-row-columns--top vce-row-content--top\" id=\"el-6801f741\" data-vce-do-apply=\"all el-6801f741\"><div class=\"vce-row-content\" data-vce-element-content=\"true\"><div class=\"vce-col vce-col--md-auto vce-col--xs-1 vce-col--xs-last vce-col--xs-first vce-col--sm-last vce-col--sm-first vce-col--md-last vce-col--lg-last vce-col--xl-last vce-col--md-first vce-col--lg-first vce-col--xl-first\" id=\"el-1e3441c9\"><div class=\"vce-col-inner\" data-vce-do-apply=\"border margin background  el-1e3441c9\"><div class=\"vce-content-background-container\"><\/div><div class=\"vce-col-content\" data-vce-element-content=\"true\" data-vce-do-apply=\"padding el-1e3441c9\"><div class=\"vce-button--style-outline-container vce-button--style-outline-container--align-center\"><span class=\"vce-button--style-outline-wrapper vce\" id=\"el-bee3dc6a\" data-vce-do-apply=\"margin el-bee3dc6a\"><a class=\"vce-button--style-outline vce-button--style-outline--border-round vce-button--style-outline--size-medium vce-button--style-outline--color-b-33-33-33--fff--3d3d3d vce-button--style-outline--border-color-b-232-218-185--3d3d3d vce-button--style-outline--background-color-b-232-218-185\" href=\"https:\/\/growbrands.net\/neworder\/la-chocolateria-25-de-mayo-inicio\/\" title=\"\" data-vce-do-apply=\"padding border background  el-bee3dc6a\"><span class=\"vce-button--style-outline-text\">VOLVER<\/span><\/a><\/span><\/div><\/div><\/div><\/div><\/div><\/div><\/div><\/div><\/div><\/div><\/div><\/div><\/div><\/div><\/div><\/div><\/div><\/div><\/div><div class=\"vce-row-container\"><div class=\"vce-row vce-row--col-gap-30 vce-row-columns--top vce-row-content--top\" id=\"el-034f0b1b\" data-vce-do-apply=\"all el-034f0b1b\"><div class=\"vce-row-content\" data-vce-element-content=\"true\"><div class=\"vce-col vce-col--md-auto vce-col--xs-1 vce-col--xs-last vce-col--xs-first vce-col--sm-last vce-col--sm-first vce-col--md-last vce-col--lg-last vce-col--xl-last vce-col--md-first vce-col--lg-first vce-col--xl-first\" id=\"el-79c96dd8\"><div class=\"vce-col-inner\" data-vce-do-apply=\"border margin background  el-79c96dd8\"><div class=\"vce-col-content\" data-vce-element-content=\"true\" data-vce-do-apply=\"padding el-79c96dd8\"><div class=\"vce-widgets-container\"><div class=\"vce vce-widgets-wrapper\" id=\"el-45f7dd9e\" data-vce-do-apply=\"all el-45f7dd9e\"><div class=\"textwidget custom-html-widget\"><div style=\"text-align; background-color:#000;\">\n<p style=\"text-align: center;\"><a href=\"http:\/\/www.neworder.menu\" target=\"_blank\" style=\"text-decoration:none;\"><span style=\"color:#ffffff;\">New Order: QR Digital Menu <br By Grow Brands<\/span><\/a><\/p>\n\t<\/div><\/div><\/div><\/div><\/div><\/div><\/div><\/div><\/div><\/div>\n","protected":false},"excerpt":{"rendered":"<p>TORTAS TORTAS POR PORCI\u00d3N(Pregunt\u00e1 por nuestro stock disponible) $9800 CHOCO OREONuestra propia versi\u00f3n de la cl\u00e1sica chocotorta rellena con capas de oreos y chocolinas. &nbsp; TRES LECHESBizcochuelo de vainilla humedecido en tres variedades de leche; leche evaporada, leche condensada y crema de leche, con un &hellip; <\/p>\n","protected":false},"author":51,"featured_media":0,"parent":0,"menu_order":0,"comment_status":"closed","ping_status":"closed","template":"","meta":{"_monsterinsights_skip_tracking":false,"_monsterinsights_sitenote_active":false,"_monsterinsights_sitenote_note":"","_monsterinsights_sitenote_category":0,"footnotes":""},"coauthors":[103,104],"class_list":["post-55921","page","type-page","status-publish","hentry"],"_links":{"self":[{"href":"https:\/\/growbrands.net\/neworder\/wp-json\/wp\/v2\/pages\/55921","targetHints":{"allow":["GET"]}}],"collection":[{"href":"https:\/\/growbrands.net\/neworder\/wp-json\/wp\/v2\/pages"}],"about":[{"href":"https:\/\/growbrands.net\/neworder\/wp-json\/wp\/v2\/types\/page"}],"author":[{"embeddable":true,"href":"https:\/\/growbrands.net\/neworder\/wp-json\/wp\/v2\/users\/51"}],"replies":[{"embeddable":true,"href":"https:\/\/growbrands.net\/neworder\/wp-json\/wp\/v2\/comments?post=55921"}],"version-history":[{"count":210,"href":"https:\/\/growbrands.net\/neworder\/wp-json\/wp\/v2\/pages\/55921\/revisions"}],"predecessor-version":[{"id":86709,"href":"https:\/\/growbrands.net\/neworder\/wp-json\/wp\/v2\/pages\/55921\/revisions\/86709"}],"wp:attachment":[{"href":"https:\/\/growbrands.net\/neworder\/wp-json\/wp\/v2\/media?parent=55921"}],"wp:term":[{"taxonomy":"author","embeddable":true,"href":"https:\/\/growbrands.net\/neworder\/wp-json\/wp\/v2\/coauthors?post=55921"}],"curies":[{"name":"wp","href":"https:\/\/api.w.org\/{rel}","templated":true}]}}