{"id":55909,"date":"2022-09-01T22:29:58","date_gmt":"2022-09-02T01:29:58","guid":{"rendered":"https:\/\/growbrands.net\/neworder\/?page_id=55909"},"modified":"2025-07-27T13:51:40","modified_gmt":"2025-07-27T16:51:40","slug":"la-chocolateria-25-de-mayo-desayunos-y-meriendas","status":"publish","type":"page","link":"https:\/\/growbrands.net\/neworder\/la-chocolateria-25-de-mayo-desayunos-y-meriendas\/","title":{"rendered":"La Chocolateria &#8211; 25 de Mayo &#8211; Desayunos y Meriendas"},"content":{"rendered":"<div class=\"vce-row-container\"><div class=\"vce-row vce-row--col-gap-30 vce-row-columns--top vce-row-content--top\" data-vce-full-width=\"true\" id=\"el-1f096c6d\" data-vce-do-apply=\"all el-1f096c6d\"><div class=\"vce-content-background-container\"><\/div><div class=\"vce-row-content\" data-vce-element-content=\"true\" style=\"padding-left: 590.625px; padding-right: 590.625px;\"><div class=\"vce-col vce-col--md-auto vce-col--xs-1 vce-col--xs-last vce-col--xs-first vce-col--sm-last vce-col--sm-first vce-col--md-last vce-col--lg-last vce-col--xl-last vce-col--md-first vce-col--lg-first vce-col--xl-first\" id=\"el-999bc871\"><div class=\"vce-col-inner\" data-vce-do-apply=\"border margin background  el-999bc871\"><div class=\"vce-content-background-container\"><\/div><div class=\"vce-col-content\" data-vce-element-content=\"true\" data-vce-do-apply=\"padding el-999bc871\"><div class=\"vce-row-container\"><div class=\"vce-row vce-row--has-col-background vce-row--col-gap-30 vce-row-columns--top vce-row-content--top\" id=\"el-a91e6f6b\" data-vce-do-apply=\"all el-a91e6f6b\"><div class=\"vce-content-background-container\"><\/div><div class=\"vce-row-content\" data-vce-element-content=\"true\"><div class=\"vce-col vce-element--has-background vce-col--md-auto vce-col--xs-1 vce-col--xs-last vce-col--xs-first vce-col--sm-last vce-col--sm-first vce-col--md-last vce-col--lg-last vce-col--xl-last vce-col--md-first vce-col--lg-first vce-col--xl-first\" id=\"el-c96512a2\"><div class=\"vce-col-inner\" data-vce-do-apply=\"border margin background  el-c96512a2\"><div class=\"vce-content-background-container\"><div class=\"vce-asset-background-simple-container vce-visible-all-only vce-asset-background-simple--style-contain vce-asset-background-simple--position-center-center\"><div class=\"vce-asset-background-simple\"><div class=\"vce-asset-background-simple-item\" style=\"background-image: url('https:\/\/growbrands.net\/neworder\/wp-content\/uploads\/2022\/09\/lachocolateria-desayunosportada.png');\"><\/div><\/div><\/div><\/div><div class=\"vce-col-content\" data-vce-element-content=\"true\" data-vce-do-apply=\"padding el-c96512a2\"><\/div><\/div><\/div><\/div><\/div><\/div><div class=\"vce-row-container\"><div class=\"vce-row vce-element--has-background vce-row--col-gap-30 vce-row-columns--top vce-row-content--top\" id=\"el-430d0f6a\" data-vce-do-apply=\"all el-430d0f6a\"><div class=\"vce-content-background-container\"><div class=\"vce-asset-parallax-container vce-visible-all-only\" data-vce-assets-parallax=\".vce-asset-parallax\" data-vce-assets-parallax-speed=\"40\" data-vce-assets-parallax-reverse=\"false\"><div class=\"vce-asset-parallax\" style=\"top: -40vh; bottom: -40vh; transform: translateY(4.59922vh);\"><\/div><\/div><\/div><div class=\"vce-row-content\" data-vce-element-content=\"true\"><div class=\"vce-col vce-col--md-auto vce-col--xs-1 vce-col--xs-last vce-col--xs-first vce-col--sm-last vce-col--sm-first vce-col--md-last vce-col--lg-last vce-col--xl-last vce-col--md-first vce-col--lg-first vce-col--xl-first\" id=\"el-a4dcb592\"><div class=\"vce-col-inner\" data-vce-do-apply=\"border margin background  el-a4dcb592\"><div class=\"vce-content-background-container\"><\/div><div class=\"vce-col-content\" data-vce-element-content=\"true\" data-vce-do-apply=\"padding el-a4dcb592\"><div class=\"vce-row-container\"><div class=\"vce-row vce-element--has-background vce-row--col-gap-30 vce-row-columns--top vce-row-content--top\" id=\"el-82452437\" data-vce-do-apply=\"all el-82452437\"><div class=\"vce-content-background-container\"><\/div><div class=\"vce-row-content\" data-vce-element-content=\"true\"><div class=\"vce-col vce-col--md-auto vce-col--xs-1 vce-col--xs-last vce-col--xs-first vce-col--sm-last vce-col--sm-first vce-col--md-last vce-col--lg-last vce-col--xl-last vce-col--md-first vce-col--lg-first vce-col--xl-first\" id=\"el-b394dd54\"><div class=\"vce-col-inner\" data-vce-do-apply=\"border margin background  el-b394dd54\"><div class=\"vce-content-background-container\"><\/div><div class=\"vce-col-content\" data-vce-element-content=\"true\" data-vce-do-apply=\"padding el-b394dd54\"><div class=\"vce-text-block\"><div class=\"vce-text-block-wrapper vce\" id=\"el-de2289a1\" data-vce-do-apply=\"all el-de2289a1\"><h1 style=\"line-height: 1;\"><span style=\"font-size: 24pt; color: #ffffff;\"><span style=\"font-family: Lato;\">DESAYUNOS Y MERIENDAS<br><span style=\"color: #000000; font-size: 12pt; font-weight: 400; font-style: normal;\">Incluye Infusi\u00f3n (T\u00e9, caf\u00e9, caf\u00e9 con leche, cortado.)<\/span><br><\/span><\/span><\/h1><\/div><\/div><div class=\"vce-text-block\"><div class=\"vce-text-block-wrapper vce\" id=\"el-e4314a09\" data-vce-do-apply=\"all el-e4314a09\"><table style=\"width: 100%;\" width=\"100%\">\n<tbody>\n<tr>\n<td style=\"width: 78.3133%;\">\n<p><strong>EPIC BREAKFAST&nbsp; (BIEN COMPLETO)<\/strong><\/p>\n<p>Tostadas de pan de campo (opcional integral), huevos revueltos,&nbsp; jamon y queso, queso crema.&nbsp; Frutas de estaci\u00f3n. Jugo de naranja exprimido chico.<\/p>\n<\/td>\n<td style=\"text-align: right; width: 22.8916%;\">$13900&nbsp;<\/td>\n<\/tr>\n<tr>\n<td style=\"width: 78.3133%;\" width=\"332\"><strong>DESAYUNO FIT<\/strong><br>Tostadas de pan de campo (opcional integral), huevos revueltos, tomates cherrys salteados, palta y queso crema.<\/td>\n<td style=\"text-align: right; width: 22.8916%;\">$ 12900<\/td>\n<\/tr>\n<tr>\n<td style=\"width: 78.3133%;\" width=\"332\">\n<p><strong>TOSTADAS&nbsp;<\/strong><br>2 tostadas con 2 dips a elecci\u00f3n. Queso crema. mermelada, manteca o dulce de leche. 1 jugo peque\u00f1o de naranja.<\/p>\n<p><strong>ADICIONAL:&nbsp;<\/strong><\/p>\n<p><strong>Huevos revueltos.............&nbsp; &nbsp; &nbsp; &nbsp; &nbsp; &nbsp; &nbsp; &nbsp; &nbsp; $3200<\/strong><\/p>\n<p><strong>Panceta....................&nbsp; &nbsp; &nbsp;$3200<\/strong><\/p>\n<\/td>\n<td style=\"text-align: right; width: 22.8916%;\">$ 7900<\/td>\n<\/tr>\n<\/tbody>\n<\/table><\/div><\/div><\/div><\/div><\/div><\/div><\/div><\/div><div class=\"vce-row-container\"><div class=\"vce-row vce-element--has-background vce-row--col-gap-30 vce-row-columns--top vce-row-content--top\" id=\"el-1517db59\" data-vce-do-apply=\"all el-1517db59\"><div class=\"vce-content-background-container\"><\/div><div class=\"vce-row-content\" data-vce-element-content=\"true\"><div class=\"vce-col vce-col--md-auto vce-col--xs-1 vce-col--xs-last vce-col--xs-first vce-col--sm-last vce-col--sm-first vce-col--md-last vce-col--lg-last vce-col--xl-last vce-col--md-first vce-col--lg-first vce-col--xl-first\" id=\"el-974e4494\"><div class=\"vce-col-inner\" data-vce-do-apply=\"border margin background  el-974e4494\"><div class=\"vce-content-background-container\"><\/div><div class=\"vce-col-content\" data-vce-element-content=\"true\" data-vce-do-apply=\"padding el-974e4494\"><div class=\"vce-text-block\"><div class=\"vce-text-block-wrapper vce\" id=\"el-b636a817\" data-vce-do-apply=\"all el-b636a817\"><h1 style=\"line-height: 1;\"><span style=\"font-size: 24pt; color: #ffffff;\"><span style=\"font-family: Lato;\">PARA TAPEAR O BRUNCHEAR<\/span><\/span><\/h1><\/div><\/div><div class=\"vce-text-block\"><div class=\"vce-text-block-wrapper vce\" id=\"el-bfa83d39\" data-vce-do-apply=\"all el-bfa83d39\"><table width=\"100%\">\n<tbody>\n<tr>\n<td width=\"332\"><strong>AVOCADO CROAST<br><\/strong>Le dimos una vuelta irresistible al cl\u00e1sico avocado. Croissant de masa madre tostado, con pur\u00e9 de palta, huevo escalfado y una lluvia de queso sardo. (se puede sustituir por huevo revuelto).<\/td>\n<td style=\"text-align: right;\" width=\"131\">$10200<\/td>\n<\/tr>\n<tr>\n<td><strong>BAGUETTE DE JAM\u00d3N CRUDO<br><\/strong>Baguette relleno de r\u00facula, queso crema, tomates confitados y jam\u00f3n crudo.<\/td>\n<td style=\"text-align: right;\">$11900<\/td>\n<\/tr>\n<tr>\n<td width=\"332\"><strong>TOSTADO LA CHOCOLATER\u00cdA<br><\/strong>Pan de campo tostado con manteca, relleno con&nbsp; jam\u00f3n y queso. Acompan\u0303ado de papas.<\/td>\n<td style=\"text-align: right;\">$ 9200<\/td>\n<\/tr>\n<tr>\n<td width=\"332\"><strong>&nbsp;CROQUE MADAME<br><\/strong>Sandwich relleno de queso tybo y jam\u00f3n cocido, gratinado con salsa bechamel y coronado con huevo a la plancha.<\/td>\n<td style=\"text-align: right;\">$ 10200<\/td>\n<\/tr>\n<tr>\n<td><strong>CROISSANT JAM\u00d3N Y QUESO<br><\/strong>Croissant de pura manteca, relleno de queso tybo y jam\u00f3n cocido. Acompa\u00f1ado de papas cu\u00f1a.<\/td>\n<td style=\"text-align: right;\">$9200<\/td>\n<\/tr>\n<\/tbody>\n<\/table><\/div><\/div><\/div><\/div><\/div><\/div><\/div><\/div><div class=\"vce-row-container\"><div class=\"vce-row vce-element--has-background vce-row--col-gap-30 vce-row-columns--top vce-row-content--top\" id=\"el-1bcb6f83\" data-vce-do-apply=\"all el-1bcb6f83\"><div class=\"vce-content-background-container\"><\/div><div class=\"vce-row-content\" data-vce-element-content=\"true\"><div class=\"vce-col vce-col--md-auto vce-col--xs-1 vce-col--xs-last vce-col--xs-first vce-col--sm-last vce-col--sm-first vce-col--md-last vce-col--lg-last vce-col--xl-last vce-col--md-first vce-col--lg-first vce-col--xl-first\" id=\"el-c0a839e4\"><div class=\"vce-col-inner\" data-vce-do-apply=\"border margin background  el-c0a839e4\"><div class=\"vce-content-background-container\"><\/div><div class=\"vce-col-content\" data-vce-element-content=\"true\" data-vce-do-apply=\"padding el-c0a839e4\"><div class=\"vce-text-block\"><div class=\"vce-text-block-wrapper vce\" id=\"el-79b44578\" data-vce-do-apply=\"all el-79b44578\"><h1 style=\"line-height: 1;\"><span style=\"font-size: 24pt; color: #ffffff;\"><span style=\"font-family: Lato;\">HECHO CON AMOR<br><\/span><\/span><\/h1><\/div><\/div><div class=\"vce-text-block\"><div class=\"vce-text-block-wrapper vce\" id=\"el-a2d369dd\" data-vce-do-apply=\"all el-a2d369dd\"><table style=\"width: 94.8048%;\" width=\"100%\">\n<tbody>\n<tr>\n<td width=\"332\">\n<p style=\"text-align: left;\"><strong>&nbsp;<\/strong><strong>COOKIE BOMB&nbsp;<\/strong><\/p>\n<p>Cookie de chips de chocolate servida tibia, con helado y salsa de chocolate.<\/p>\n<\/td>\n<td style=\"text-align: right;\" width=\"131\">\n<p>$7200<\/p>\n<\/td>\n<\/tr>\n<tr>\n<td>\n<p style=\"text-align: left;\"><strong>&nbsp;<\/strong><strong>PANCAKE BITES<\/strong><\/p>\n<p>Mini pancakes con frutas. Se acompa\u00f1a con: Miel\/ mermelada de frutos rojos\/ salsa de chocolate. (Elegir salsa de su preferencia)<\/p>\n<\/td>\n<td style=\"text-align: right;\">\n<p>$8900&nbsp;<\/p>\n<\/td>\n<\/tr>\n<tr>\n<td width=\"332\">\n<p><strong>TEQUE\u00d1OS VENEZOLANOS<br><\/strong>Bastones de queso envueltos en masa y fritos. Acompa\u00f1ados por un dip de berenjena ahumada para untar.&nbsp; 5 Unidades.&nbsp; &nbsp;<\/p>\n<\/td>\n<td style=\"text-align: right;\">$9200<\/td>\n<\/tr>\n<tr>\n<td width=\"332\">\n<p><strong>BOWL DEL AMOR<br><\/strong>Bowl de yogurt acompa\u00f1ado de&nbsp; frutas de estaci\u00f3n y granola.&nbsp; &nbsp;<\/p>\n<\/td>\n<td style=\"text-align: right;\">$8900<\/td>\n<\/tr>\n<\/tbody>\n<\/table><\/div><\/div><\/div><\/div><\/div><\/div><\/div><\/div><div class=\"vce-row-container\"><div class=\"vce-row vce-element--has-background vce-row--col-gap-30 vce-row-columns--top vce-row-content--top\" id=\"el-0003084f\" data-vce-do-apply=\"all el-0003084f\"><div class=\"vce-content-background-container\"><\/div><div class=\"vce-row-content\" data-vce-element-content=\"true\"><div class=\"vce-col vce-col--md-auto vce-col--xs-1 vce-col--xs-last vce-col--xs-first vce-col--sm-last vce-col--sm-first vce-col--md-last vce-col--lg-last vce-col--xl-last vce-col--md-first vce-col--lg-first vce-col--xl-first\" id=\"el-5cdb4dad\"><div class=\"vce-col-inner\" data-vce-do-apply=\"border margin background  el-5cdb4dad\"><div class=\"vce-content-background-container\"><\/div><div class=\"vce-col-content\" data-vce-element-content=\"true\" data-vce-do-apply=\"padding el-5cdb4dad\"><div class=\"vce-text-block\"><div class=\"vce-text-block-wrapper vce\" id=\"el-c0925bf4\" data-vce-do-apply=\"all el-c0925bf4\"><table width=\"100%\">\n<tbody>\n<tr>\n<td width=\"332\">\n<h1 style=\"line-height: 1;\"><span style=\"font-size: 24pt;\"><span style=\"font-family: Lato;\">BRUNCH PARA COMPARTIR<\/span><\/span><\/h1>\n<\/td>\n<td style=\"text-align: right;\" width=\"131\">&nbsp;<\/td>\n<\/tr>\n<tr>\n<td>\n<p style=\"font-family: Georgia, 'Times New Roman', 'Bitstream Charter', Times, serif; font-size: 16px; font-weight: 400;\"><strong>&nbsp;Pr\u00edncipe Carlos (para dos)&nbsp;<br><\/strong>Esta torre de 3 pisos incluye: 1&nbsp; Sandwich pan de campo relleno de jam\u00f3n y queso. 1 Avocado Toast: Tost\u00f3n de queso crema, palta, mix de semillas. 1 Porci\u00f3n de torta a elecci\u00f3n. Incluye 2 infusiones calientes (caf\u00e9, con leche, t\u00e9),&nbsp; o 2 limonadas de menta y jengibre.<\/p>\n<\/td>\n<td style=\"text-align: right;\">\n<p>$29.800<\/p>\n<\/td>\n<\/tr>\n<\/tbody>\n<\/table><\/div><\/div><\/div><\/div><\/div><\/div><\/div><\/div><div class=\"vce-row-container\"><div class=\"vce-row vce-element--has-background vce-row--col-gap-30 vce-row-columns--top vce-row-content--top\" id=\"el-761b8b12\" data-vce-do-apply=\"all el-761b8b12\"><div class=\"vce-content-background-container\"><\/div><div class=\"vce-row-content\" data-vce-element-content=\"true\"><div class=\"vce-col vce-col--md-auto vce-col--xs-1 vce-col--xs-last vce-col--xs-first vce-col--sm-last vce-col--sm-first vce-col--md-last vce-col--lg-last vce-col--xl-last vce-col--md-first vce-col--lg-first vce-col--xl-first\" id=\"el-83c48d88\"><div class=\"vce-col-inner\" data-vce-do-apply=\"border margin background  el-83c48d88\"><div class=\"vce-content-background-container\"><\/div><div class=\"vce-col-content\" data-vce-element-content=\"true\" data-vce-do-apply=\"padding el-83c48d88\"><div class=\"vce-text-block\"><div class=\"vce-text-block-wrapper vce\" id=\"el-d3335a1b\" data-vce-do-apply=\"all el-d3335a1b\"><h1 style=\"line-height: 1;\"><span style=\"font-size: 24pt; color: #ffffff;\"><span style=\"font-family: Lato;\">ADICIONALES<br><\/span><\/span><\/h1><\/div><\/div><div class=\"vce-text-block\"><div class=\"vce-text-block-wrapper vce\" id=\"el-88a0e2fd\" data-vce-do-apply=\"all el-88a0e2fd\"><table style=\"width: 100%; height: 192px;\" width=\"100%\">\n<tbody>\n<tr>\n<td>&nbsp;CROISSANT MASA MADRE<\/td>\n<td style=\"text-align: right;\">$3600&nbsp;<\/td>\n<\/tr>\n<tr style=\"height: 24px;\">\n<td style=\"height: 24px;\" width=\"332\">2 TOSTADAS<\/td>\n<td style=\"text-align: right; height: 24px;\" width=\"131\">$ 3500<\/td>\n<\/tr>\n<tr style=\"height: 24px;\">\n<td style=\"height: 24px;\" width=\"332\">HUEVOS REVUELTOS<\/td>\n<td style=\"text-align: right; height: 24px;\">$ 3200<\/td>\n<\/tr>\n<tr style=\"height: 24px;\">\n<td style=\"height: 24px;\" width=\"332\">CHEESECREAM\/MERMELADA<\/td>\n<td style=\"text-align: right; height: 24px;\">$ 2900<\/td>\n<\/tr>\n<tr style=\"height: 24px;\">\n<td style=\"height: 24px;\" width=\"332\">QUESO DAMBO (3 fetas)<\/td>\n<td style=\"text-align: right; height: 24px;\">$ 3500<\/td>\n<\/tr>\n<tr style=\"height: 24px;\">\n<td style=\"height: 24px;\">JAM\u00d3N COCIDO (3 fetas)<\/td>\n<td style=\"text-align: right; height: 24px;\">$ 3500<\/td>\n<\/tr>\n<tr>\n<td>&nbsp;SCON RELLENO DE JAM\u00d3N Y QUESO<\/td>\n<td style=\"text-align: right;\">$5300&nbsp;<\/td>\n<\/tr>\n<tr style=\"height: 24px;\">\n<td style=\"height: 24px;\">MAFALDA<\/td>\n<td style=\"text-align: right; height: 24px;\">$ 3500<\/td>\n<\/tr>\n<tr style=\"height: 24px;\">\n<td style=\"height: 24px;\">MEDIALUNA<\/td>\n<td style=\"text-align: right; height: 24px;\">$ 1200<\/td>\n<\/tr>\n<tr style=\"height: 24px;\">\n<td style=\"height: 24px;\">DIP PALTA<\/td>\n<td style=\"text-align: right; height: 24px;\">$2500<\/td>\n<\/tr>\n<\/tbody>\n<\/table><\/div><\/div><\/div><\/div><\/div><\/div><\/div><\/div><div class=\"vce-row-container\"><div class=\"vce-row vce-row--col-gap-30 vce-row-columns--top vce-row-content--top\" id=\"el-f2c46d93\" data-vce-do-apply=\"all el-f2c46d93\"><div class=\"vce-row-content\" data-vce-element-content=\"true\"><div class=\"vce-col vce-col--md-auto vce-col--xs-1 vce-col--xs-last vce-col--xs-first vce-col--sm-last vce-col--sm-first vce-col--md-last vce-col--lg-last vce-col--xl-last vce-col--md-first vce-col--lg-first vce-col--xl-first\" id=\"el-4c3aeb1b\"><div class=\"vce-col-inner\" data-vce-do-apply=\"border margin background  el-4c3aeb1b\"><div class=\"vce-content-background-container\"><\/div><div class=\"vce-col-content\" data-vce-element-content=\"true\" data-vce-do-apply=\"padding el-4c3aeb1b\"><div class=\"vce-button--style-outline-container vce-button--style-outline-container--align-center\"><span class=\"vce-button--style-outline-wrapper vce\" id=\"el-e6b50a6c\" data-vce-do-apply=\"margin el-e6b50a6c\"><a class=\"vce-button--style-outline vce-button--style-outline--border-round vce-button--style-outline--size-medium vce-button--style-outline--color-b-33-33-33--fff--3d3d3d vce-button--style-outline--border-color-b-232-218-185--3d3d3d vce-button--style-outline--background-color-b-232-218-185\" href=\"https:\/\/growbrands.net\/neworder\/la-chocolateria-25-de-mayo-inicio\/\" title=\"\" data-vce-do-apply=\"padding border background  el-e6b50a6c\"><span class=\"vce-button--style-outline-text\">VOLVER<\/span><\/a><\/span><\/div><\/div><\/div><\/div><\/div><\/div><\/div><\/div><\/div><\/div><\/div><\/div><\/div><\/div><\/div><\/div><\/div><\/div><\/div><div class=\"vce-row-container\"><div class=\"vce-row vce-row--col-gap-30 vce-row-columns--top vce-row-content--top\" id=\"el-034f0b1b\" data-vce-do-apply=\"all el-034f0b1b\"><div class=\"vce-row-content\" data-vce-element-content=\"true\"><div class=\"vce-col vce-col--md-auto vce-col--xs-1 vce-col--xs-last vce-col--xs-first vce-col--sm-last vce-col--sm-first vce-col--md-last vce-col--lg-last vce-col--xl-last vce-col--md-first vce-col--lg-first vce-col--xl-first\" id=\"el-79c96dd8\"><div class=\"vce-col-inner\" data-vce-do-apply=\"border margin background  el-79c96dd8\"><div class=\"vce-col-content\" data-vce-element-content=\"true\" data-vce-do-apply=\"padding el-79c96dd8\"><div class=\"vce-widgets-container\"><div class=\"vce vce-widgets-wrapper\" id=\"el-45f7dd9e\" data-vce-do-apply=\"all el-45f7dd9e\"><div class=\"textwidget custom-html-widget\"><div style=\"text-align; background-color:#000;\">\n<p style=\"text-align: center;\"><a href=\"http:\/\/www.neworder.menu\" target=\"_blank\" style=\"text-decoration:none;\"><span style=\"color:#ffffff;\">New Order: QR Digital Menu <br By Grow Brands<\/span><\/a><\/p>\n\t<\/div><\/div><\/div><\/div><\/div><\/div><\/div><\/div><\/div><\/div>\n","protected":false},"excerpt":{"rendered":"<p>DESAYUNOS Y MERIENDASIncluye Infusi\u00f3n (T\u00e9, caf\u00e9, caf\u00e9 con leche, cortado.) EPIC BREAKFAST&nbsp; (BIEN COMPLETO) Tostadas de pan de campo (opcional integral), huevos revueltos,&nbsp; jamon y queso, queso crema.&nbsp; Frutas de estaci\u00f3n. Jugo de naranja exprimido chico. $13900&nbsp; DESAYUNO FITTostadas de pan de campo (opcional integral), &hellip; <\/p>\n","protected":false},"author":51,"featured_media":0,"parent":0,"menu_order":0,"comment_status":"closed","ping_status":"closed","template":"","meta":{"_monsterinsights_skip_tracking":false,"_monsterinsights_sitenote_active":false,"_monsterinsights_sitenote_note":"","_monsterinsights_sitenote_category":0,"footnotes":""},"coauthors":[103,104],"class_list":["post-55909","page","type-page","status-publish","hentry"],"_links":{"self":[{"href":"https:\/\/growbrands.net\/neworder\/wp-json\/wp\/v2\/pages\/55909","targetHints":{"allow":["GET"]}}],"collection":[{"href":"https:\/\/growbrands.net\/neworder\/wp-json\/wp\/v2\/pages"}],"about":[{"href":"https:\/\/growbrands.net\/neworder\/wp-json\/wp\/v2\/types\/page"}],"author":[{"embeddable":true,"href":"https:\/\/growbrands.net\/neworder\/wp-json\/wp\/v2\/users\/51"}],"replies":[{"embeddable":true,"href":"https:\/\/growbrands.net\/neworder\/wp-json\/wp\/v2\/comments?post=55909"}],"version-history":[{"count":241,"href":"https:\/\/growbrands.net\/neworder\/wp-json\/wp\/v2\/pages\/55909\/revisions"}],"predecessor-version":[{"id":86586,"href":"https:\/\/growbrands.net\/neworder\/wp-json\/wp\/v2\/pages\/55909\/revisions\/86586"}],"wp:attachment":[{"href":"https:\/\/growbrands.net\/neworder\/wp-json\/wp\/v2\/media?parent=55909"}],"wp:term":[{"taxonomy":"author","embeddable":true,"href":"https:\/\/growbrands.net\/neworder\/wp-json\/wp\/v2\/coauthors?post=55909"}],"curies":[{"name":"wp","href":"https:\/\/api.w.org\/{rel}","templated":true}]}}