{"id":55836,"date":"2022-08-31T22:03:05","date_gmt":"2022-09-01T01:03:05","guid":{"rendered":"https:\/\/growbrands.net\/neworder\/?page_id=55836"},"modified":"2025-04-20T13:50:09","modified_gmt":"2025-04-20T16:50:09","slug":"la-chocolateria-25-de-mayo-cafeteria","status":"publish","type":"page","link":"https:\/\/growbrands.net\/neworder\/la-chocolateria-25-de-mayo-cafeteria\/","title":{"rendered":"La Chocolateria &#8211; 25 de Mayo &#8211; Cafeter\u00eda"},"content":{"rendered":"<div class=\"vce-row-container\"><div class=\"vce-row vce-row--col-gap-30 vce-row-columns--top vce-row-content--top\" data-vce-full-width=\"true\" id=\"el-1f096c6d\" data-vce-do-apply=\"all el-1f096c6d\"><div class=\"vce-content-background-container\"><\/div><div class=\"vce-row-content\" data-vce-element-content=\"true\" style=\"padding-left: 45.6px; padding-right: 45.6001px;\"><div class=\"vce-col vce-col--md-auto vce-col--xs-1 vce-col--xs-last vce-col--xs-first vce-col--sm-last vce-col--sm-first vce-col--md-last vce-col--lg-last vce-col--xl-last vce-col--md-first vce-col--lg-first vce-col--xl-first\" id=\"el-999bc871\"><div class=\"vce-col-inner\" data-vce-do-apply=\"border margin background  el-999bc871\"><div class=\"vce-content-background-container\"><\/div><div class=\"vce-col-content\" data-vce-element-content=\"true\" data-vce-do-apply=\"padding el-999bc871\"><div class=\"vce-row-container\"><div class=\"vce-row vce-row--has-col-background vce-row--col-gap-30 vce-row-columns--top vce-row-content--top\" id=\"el-a91e6f6b\" data-vce-do-apply=\"all el-a91e6f6b\"><div class=\"vce-content-background-container\"><\/div><div class=\"vce-row-content\" data-vce-element-content=\"true\"><div class=\"vce-col vce-element--has-background vce-col--md-auto vce-col--xs-1 vce-col--xs-last vce-col--xs-first vce-col--sm-last vce-col--sm-first vce-col--md-last vce-col--lg-last vce-col--xl-last vce-col--md-first vce-col--lg-first vce-col--xl-first\" id=\"el-c96512a2\"><div class=\"vce-col-inner\" data-vce-do-apply=\"border margin background  el-c96512a2\"><div class=\"vce-content-background-container\"><div class=\"vce-asset-background-simple-container vce-visible-all-only vce-asset-background-simple--style-contain vce-asset-background-simple--position-center-center\"><div class=\"vce-asset-background-simple\"><div class=\"vce-asset-background-simple-item\" style=\"background-image: url('https:\/\/growbrands.net\/neworder\/wp-content\/uploads\/2022\/08\/lachocolateria-cafeteriaportada.png');\"><\/div><\/div><\/div><\/div><div class=\"vce-col-content\" data-vce-element-content=\"true\" data-vce-do-apply=\"padding el-c96512a2\"><\/div><\/div><\/div><\/div><\/div><\/div><div class=\"vce-row-container\"><div class=\"vce-row vce-element--has-background vce-row--col-gap-30 vce-row-columns--top vce-row-content--top\" id=\"el-430d0f6a\" data-vce-do-apply=\"all el-430d0f6a\"><div class=\"vce-content-background-container\"><div class=\"vce-asset-parallax-container vce-visible-all-only\" data-vce-assets-parallax=\".vce-asset-parallax\" data-vce-assets-parallax-speed=\"40\" data-vce-assets-parallax-reverse=\"false\"><div class=\"vce-asset-parallax\" style=\"top: -40vh; bottom: -40vh; transform: translateY(2.30619vh);\"><\/div><\/div><\/div><div class=\"vce-row-content\" data-vce-element-content=\"true\"><div class=\"vce-col vce-col--md-auto vce-col--xs-1 vce-col--xs-last vce-col--xs-first vce-col--sm-last vce-col--sm-first vce-col--md-last vce-col--lg-last vce-col--xl-last vce-col--md-first vce-col--lg-first vce-col--xl-first\" id=\"el-a4dcb592\"><div class=\"vce-col-inner\" data-vce-do-apply=\"border margin background  el-a4dcb592\"><div class=\"vce-content-background-container\"><\/div><div class=\"vce-col-content\" data-vce-element-content=\"true\" data-vce-do-apply=\"padding el-a4dcb592\"><div class=\"vce-row-container\"><div class=\"vce-row vce-element--has-background vce-row--col-gap-30 vce-row-columns--top vce-row-content--top\" id=\"el-20995092\" data-vce-do-apply=\"all el-20995092\"><div class=\"vce-content-background-container\"><\/div><div class=\"vce-row-content\" data-vce-element-content=\"true\"><div class=\"vce-col vce-col--md-auto vce-col--xs-1 vce-col--xs-last vce-col--xs-first vce-col--sm-last vce-col--sm-first vce-col--md-last vce-col--lg-last vce-col--xl-last vce-col--md-first vce-col--lg-first vce-col--xl-first\" id=\"el-d5eedda8\"><div class=\"vce-col-inner\" data-vce-do-apply=\"border margin background  el-d5eedda8\"><div class=\"vce-col-content\" data-vce-element-content=\"true\" data-vce-do-apply=\"padding el-d5eedda8\"><div class=\"vce-text-block\"><div class=\"vce-text-block-wrapper vce\" id=\"el-53a0a772\" data-vce-do-apply=\"all el-53a0a772\"><h1 style=\"line-height: 1;\"><strong><span style=\"font-size: 24pt;\"><span style=\"font-family: Lato;\">CL\u00c1SICOS<\/span><\/span><\/strong><\/h1><\/div><\/div><div class=\"vce-text-block\"><div class=\"vce-text-block-wrapper vce\" id=\"el-0d456a3e\" data-vce-do-apply=\"all el-0d456a3e\"><table width=\"100%\">\n<tbody>\n<tr>\n<td width=\"332\"><strong>AMERICANO&nbsp;<\/strong><br>Espresso doble<\/td>\n<td style=\"text-align: right;\" width=\"131\">$3100<\/td>\n<\/tr>\n<tr>\n<td width=\"332\"><strong>JARRITO<\/strong><\/td>\n<td style=\"text-align: right;\">$3000<\/td>\n<\/tr>\n<tr>\n<td width=\"332\"><strong>CORTADO \/CON LECHE \/ L\u00c1GRIMA<\/strong><\/td>\n<td style=\"text-align: right;\">$ 3100<\/td>\n<\/tr>\n<tr>\n<td width=\"332\"><strong>LATTE&nbsp; XL<\/strong><br>Espresso y leche<\/td>\n<td style=\"text-align: right;\">$ 3900<\/td>\n<\/tr>\n<tr>\n<td><strong>FLAT WHITE<\/strong><br>Caf\u00e9 inteso y una delgada capa de leche texturizada.<\/td>\n<td style=\"text-align: right;\">$ 3900<\/td>\n<\/tr>\n<tr>\n<td><strong>T\u00e9 en Saquito<\/strong><\/td>\n<td style=\"text-align: right;\">$ 3100<\/td>\n<\/tr>\n<tr>\n<td><strong>&nbsp;T\u00e9 con Leche<\/strong><\/td>\n<td style=\"text-align: right;\">$3500&nbsp;<\/td>\n<\/tr>\n<\/tbody>\n<\/table><\/div><\/div><\/div><\/div><\/div><\/div><\/div><\/div><div class=\"vce-row-container\"><div class=\"vce-row vce-element--has-background vce-row--col-gap-30 vce-row-columns--top vce-row-content--top\" id=\"el-82452437\" data-vce-do-apply=\"all el-82452437\"><div class=\"vce-content-background-container\"><\/div><div class=\"vce-row-content\" data-vce-element-content=\"true\"><div class=\"vce-col vce-col--md-auto vce-col--xs-1 vce-col--xs-last vce-col--xs-first vce-col--sm-last vce-col--sm-first vce-col--md-last vce-col--lg-last vce-col--xl-last vce-col--md-first vce-col--lg-first vce-col--xl-first\" id=\"el-b394dd54\"><div class=\"vce-col-inner\" data-vce-do-apply=\"border margin background  el-b394dd54\"><div class=\"vce-content-background-container\"><\/div><div class=\"vce-col-content\" data-vce-element-content=\"true\" data-vce-do-apply=\"padding el-b394dd54\"><div class=\"vce-text-block\"><div class=\"vce-text-block-wrapper vce\" id=\"el-de2289a1\" data-vce-do-apply=\"all el-de2289a1\"><h1 style=\"line-height: 1;\"><span style=\"font-size: 24pt; color: #000000;\"><span style=\"font-family: Lato;\">ESPECIALES<\/span><\/span><\/h1><\/div><\/div><div class=\"vce-text-block\"><div class=\"vce-text-block-wrapper vce\" id=\"el-e4314a09\" data-vce-do-apply=\"all el-e4314a09\"><table width=\"100%\">\n<tbody>\n<tr>\n<td width=\"374\"><strong>NUTELLATTE EN TAZ\u00d3N<br><\/strong>Nutella, leche texturizada, caf\u00e9 y cacao.<\/td>\n<td style=\"text-align: right;\" width=\"131\">$4800<\/td>\n<\/tr>\n<tr>\n<td><strong>&nbsp;CHOCOLATE CALIENTE<\/strong><\/td>\n<td style=\"text-align: right;\">$4600&nbsp;<\/td>\n<\/tr>\n<tr>\n<td><strong>&nbsp;CHOCOLATE CALIENTE CON CREMA CHANTILLY<\/strong><\/td>\n<td style=\"text-align: right;\">$4800&nbsp;<\/td>\n<\/tr>\n<tr>\n<td><strong>&nbsp;MOKA<\/strong><br style=\"background-color: #eedbb9;\">Espresso, leche texturizada,&nbsp; chocolate de barra y polvo de cacao.<\/td>\n<td style=\"text-align: right;\">$4600&nbsp;<\/td>\n<\/tr>\n<tr>\n<td><strong>SUBMARINO<br><\/strong>Leche, chocolate en barra y syrup de chocolate.<strong><br><\/strong><\/td>\n<td style=\"text-align: right;\">$4200<\/td>\n<\/tr>\n<tr>\n<td><strong>CAPUCHINO<\/strong>&nbsp;<strong>&nbsp;BARBIE \/ CAPUCHINO CL\u00c1SICO<br><\/strong>Leche rosa texturizada, caf\u00e9 expresso y cacao en polvo.<\/td>\n<td style=\"text-align: right;\">$4200<\/td>\n<\/tr>\n<tr>\n<td><strong>CAF\u00c9 CARAMEL<br><\/strong>Caf\u00e9 espresso, leche texturixada y salsa de caramelo.<\/td>\n<td style=\"text-align: right;\">$4400<\/td>\n<\/tr>\n<tr>\n<td><strong>LATTE VEGAN<br><\/strong>Caf\u00e9 con leche de almendras.<\/td>\n<td style=\"text-align: right;\">$4600<\/td>\n<\/tr>\n<tr>\n<td><span style=\"font-size: 18pt;\"><strong>CAFETER\u00cdA FR\u00cdA<\/strong><\/span><\/td>\n<td style=\"text-align: right;\">&nbsp;<\/td>\n<\/tr>\n<tr>\n<td><strong>ICED TEA TROPICAL<br><\/strong>T\u00e9 de Durazno y Mango, zumo de limon y hielo.<\/td>\n<td style=\"text-align: right;\">$3800<\/td>\n<\/tr>\n<tr>\n<td><strong>ICED LATTE&nbsp;<\/strong><br>Espresso con leche, hielo, endulzado con almibar.<\/td>\n<td style=\"text-align: right;\">$4200<\/td>\n<\/tr>\n<tr>\n<td><strong>FRAPPUCCINO MOKA<br><\/strong>Espresso, dulce de leche, leche, hielo y salsa de chocolate.<\/td>\n<td style=\"text-align: right;\">$4800<\/td>\n<\/tr>\n<tr>\n<td width=\"374\"><strong>ICED CARAMEL MACCHIATO<br><\/strong>Caramelo, leche, caf\u00e9 espresso, leche texturizada y hielo.<\/td>\n<td style=\"text-align: right;\"><span style=\"text-align: start;\">$4600<\/span><\/td>\n<\/tr>\n<\/tbody>\n<\/table><\/div><\/div><\/div><\/div><\/div><\/div><\/div><\/div><div class=\"vce-row-container\"><div class=\"vce-row vce-element--has-background vce-row--col-gap-30 vce-row-columns--top vce-row-content--top\" id=\"el-1517db59\" data-vce-do-apply=\"all el-1517db59\"><div class=\"vce-content-background-container\"><\/div><div class=\"vce-row-content\" data-vce-element-content=\"true\"><div class=\"vce-col vce-col--md-auto vce-col--xs-1 vce-col--xs-last vce-col--xs-first vce-col--sm-last vce-col--sm-first vce-col--md-last vce-col--lg-last vce-col--xl-last vce-col--md-first vce-col--lg-first vce-col--xl-first\" id=\"el-13bd00e4\"><div class=\"vce-col-inner\" data-vce-do-apply=\"border margin background  el-13bd00e4\"><div class=\"vce-col-content\" data-vce-element-content=\"true\" data-vce-do-apply=\"padding el-13bd00e4\"><div class=\"vce-text-block\"><div class=\"vce-text-block-wrapper vce\" id=\"el-b636a817\" data-vce-do-apply=\"all el-b636a817\"><h1 style=\"line-height: 1;\"><span style=\"font-size: 24pt; color: #ffffff;\"><span style=\"font-family: Lato;\">BEBIDAS<\/span><\/span><\/h1><\/div><\/div><div class=\"vce-text-block\"><div class=\"vce-text-block-wrapper vce\" id=\"el-bfa83d39\" data-vce-do-apply=\"all el-bfa83d39\"><table width=\"100%\">\n<tbody>\n<tr style=\"height: 23px;\">\n<td style=\"height: 23px;\" width=\"332\">&nbsp;<strong>GASEOSAS: COCA \/ COCA ZERO \/ SPRITE&nbsp; \/ FANTA<\/strong><\/td>\n<td style=\"text-align: right; height: 23px;\" width=\"131\">$ 2700<\/td>\n<\/tr>\n<tr style=\"height: 23px;\">\n<td style=\"height: 23px;\" width=\"332\"><strong>CERVEZA: ANDES\/ STELLA<\/strong><\/td>\n<td style=\"text-align: right; height: 23px;\">$3200<\/td>\n<\/tr>\n<tr style=\"height: 23px;\">\n<td style=\"height: 23px;\" width=\"332\"><strong>AGUA&nbsp;<\/strong><\/td>\n<td style=\"text-align: right; height: 23px;\">$ 2300<\/td>\n<\/tr>\n<tr style=\"height: 47px;\">\n<td style=\"height: 47px;\" width=\"332\"><strong>JUGO DE NARANJA EXPRIMIDO<\/strong><\/td>\n<td style=\"text-align: right; height: 47px;\">$ 4100<\/td>\n<\/tr>\n<tr style=\"height: 47px;\">\n<td style=\"height: 47px;\"><strong>LIMONADA CON MENTA Y JENGIBRE<\/strong><\/td>\n<td style=\"text-align: right; height: 47px;\">$ 3900<\/td>\n<\/tr>\n<tr style=\"height: 23px;\">\n<td style=\"height: 23px;\"><strong>PINK LIMONADE<\/strong><\/td>\n<td style=\"text-align: right; height: 23px;\">$ 3900<\/td>\n<\/tr>\n<tr style=\"height: 47px;\">\n<td style=\"height: 47px;\"><strong>LICUADOS<br><\/strong>&nbsp;Banana\/durazno\/frutilla\/multifruta.<\/td>\n<td style=\"text-align: right; height: 47px;\">$ 4500<\/td>\n<\/tr>\n<\/tbody>\n<\/table><\/div><\/div><\/div><\/div><\/div><\/div><\/div><\/div><div class=\"vce-row-container\"><div class=\"vce-row vce-row--col-gap-30 vce-row-columns--top vce-row-content--top\" id=\"el-13d82fe9\" data-vce-do-apply=\"all el-13d82fe9\"><div class=\"vce-row-content\" data-vce-element-content=\"true\"><div class=\"vce-col vce-col--md-auto vce-col--xs-1 vce-col--xs-last vce-col--xs-first vce-col--sm-last vce-col--sm-first vce-col--md-last vce-col--lg-last vce-col--xl-last vce-col--md-first vce-col--lg-first vce-col--xl-first\" id=\"el-235405a6\"><div class=\"vce-col-inner\" data-vce-do-apply=\"border margin background  el-235405a6\"><div class=\"vce-content-background-container\"><\/div><div class=\"vce-col-content\" data-vce-element-content=\"true\" data-vce-do-apply=\"padding el-235405a6\"><div class=\"vce-button--style-outline-container vce-button--style-outline-container--align-center\"><span class=\"vce-button--style-outline-wrapper vce\" id=\"el-9b6a315a\" data-vce-do-apply=\"margin el-9b6a315a\"><a class=\"vce-button--style-outline vce-button--style-outline--border-round vce-button--style-outline--size-medium vce-button--style-outline--color-b-33-33-33--b-232-218-185--3d3d3d vce-button--style-outline--border-color-b-232-218-185--3d3d3d vce-button--style-outline--background-color-b-232-218-185\" href=\"https:\/\/growbrands.net\/neworder\/la-chocolateria-25-de-mayo-inicio\/\" title=\"\" data-vce-do-apply=\"padding border background  el-9b6a315a\"><span class=\"vce-button--style-outline-text\">VOLVER<\/span><\/a><\/span><\/div><\/div><\/div><\/div><\/div><\/div><\/div><\/div><\/div><\/div><\/div><\/div><\/div><\/div><\/div><\/div><\/div><\/div><\/div><div class=\"vce-row-container\"><div class=\"vce-row vce-row--col-gap-30 vce-row-columns--top vce-row-content--top\" id=\"el-034f0b1b\" data-vce-do-apply=\"all el-034f0b1b\"><div class=\"vce-row-content\" data-vce-element-content=\"true\"><div class=\"vce-col vce-col--md-auto vce-col--xs-1 vce-col--xs-last vce-col--xs-first vce-col--sm-last vce-col--sm-first vce-col--md-last vce-col--lg-last vce-col--xl-last vce-col--md-first vce-col--lg-first vce-col--xl-first\" id=\"el-79c96dd8\"><div class=\"vce-col-inner\" data-vce-do-apply=\"border margin background  el-79c96dd8\"><div class=\"vce-col-content\" data-vce-element-content=\"true\" data-vce-do-apply=\"padding el-79c96dd8\"><div class=\"vce-widgets-container\"><div class=\"vce vce-widgets-wrapper\" id=\"el-45f7dd9e\" data-vce-do-apply=\"all el-45f7dd9e\"><div class=\"textwidget custom-html-widget\"><div style=\"text-align; background-color:#000;\">\n<p style=\"text-align: center;\"><a href=\"http:\/\/www.neworder.menu\" target=\"_blank\" style=\"text-decoration:none;\"><span style=\"color:#ffffff;\">New Order: QR Digital Menu <br By Grow Brands<\/span><\/a><\/p>\n\t<\/div><\/div><\/div><\/div><\/div><\/div><\/div><\/div><\/div><\/div>\n","protected":false},"excerpt":{"rendered":"<p>CL\u00c1SICOS AMERICANO&nbsp;Espresso doble $3100 JARRITO $3000 CORTADO \/CON LECHE \/ L\u00c1GRIMA $ 3100 LATTE&nbsp; XLEspresso y leche $ 3900 FLAT WHITECaf\u00e9 inteso y una delgada capa de leche texturizada. $ 3900 T\u00e9 en Saquito $ 3100 &nbsp;T\u00e9 con Leche $3500&nbsp; ESPECIALES NUTELLATTE EN TAZ\u00d3NNutella, leche &hellip; <\/p>\n","protected":false},"author":51,"featured_media":0,"parent":0,"menu_order":0,"comment_status":"closed","ping_status":"closed","template":"","meta":{"_monsterinsights_skip_tracking":false,"_monsterinsights_sitenote_active":false,"_monsterinsights_sitenote_note":"","_monsterinsights_sitenote_category":0,"footnotes":""},"coauthors":[103,104],"class_list":["post-55836","page","type-page","status-publish","hentry"],"_links":{"self":[{"href":"https:\/\/growbrands.net\/neworder\/wp-json\/wp\/v2\/pages\/55836","targetHints":{"allow":["GET"]}}],"collection":[{"href":"https:\/\/growbrands.net\/neworder\/wp-json\/wp\/v2\/pages"}],"about":[{"href":"https:\/\/growbrands.net\/neworder\/wp-json\/wp\/v2\/types\/page"}],"author":[{"embeddable":true,"href":"https:\/\/growbrands.net\/neworder\/wp-json\/wp\/v2\/users\/51"}],"replies":[{"embeddable":true,"href":"https:\/\/growbrands.net\/neworder\/wp-json\/wp\/v2\/comments?post=55836"}],"version-history":[{"count":167,"href":"https:\/\/growbrands.net\/neworder\/wp-json\/wp\/v2\/pages\/55836\/revisions"}],"predecessor-version":[{"id":84471,"href":"https:\/\/growbrands.net\/neworder\/wp-json\/wp\/v2\/pages\/55836\/revisions\/84471"}],"wp:attachment":[{"href":"https:\/\/growbrands.net\/neworder\/wp-json\/wp\/v2\/media?parent=55836"}],"wp:term":[{"taxonomy":"author","embeddable":true,"href":"https:\/\/growbrands.net\/neworder\/wp-json\/wp\/v2\/coauthors?post=55836"}],"curies":[{"name":"wp","href":"https:\/\/api.w.org\/{rel}","templated":true}]}}