{"id":53787,"date":"2022-06-28T13:53:45","date_gmt":"2022-06-28T16:53:45","guid":{"rendered":"https:\/\/growbrands.net\/neworder\/?page_id=53787"},"modified":"2024-04-17T13:13:51","modified_gmt":"2024-04-17T16:13:51","slug":"cruz-espacio-cocteleria-resto","status":"publish","type":"page","link":"https:\/\/growbrands.net\/neworder\/cruz-espacio-cocteleria-resto\/","title":{"rendered":"Cruz Espacio- Cocteler\u00eda Rest\u00f3"},"content":{"rendered":"<div class=\"vce-row-container\"><div class=\"vce-row vce-element--has-background vce-row--col-gap-30 vce-row-columns--top vce-row-content--top\" id=\"el-1f096c6d\" data-vce-do-apply=\"all el-1f096c6d\"><div class=\"vce-content-background-container\"><div class=\"vce-asset-parallax-container vce-visible-all-only\" data-vce-assets-parallax=\".vce-asset-parallax\" data-vce-assets-parallax-speed=\"40\" data-vce-assets-parallax-reverse=\"false\"><div class=\"vce-asset-parallax\" style=\"top: -40vh; bottom: -40vh; transform: translateY(17.2247vh);\"><div class=\"vce-asset-background-simple-container vce-visible-all-only vce-asset-background-simple--style-full-width vce-asset-background-simple--position-center-top\"><div class=\"vce-asset-background-simple\"><div class=\"vce-asset-background-simple-item\" style=\"background-image: url('https:\/\/growbrands.net\/neworder\/wp-content\/uploads\/2022\/03\/cruz-fondo.jpg');\"><\/div><\/div><\/div><\/div><\/div><\/div><div class=\"vce-row-content\" data-vce-element-content=\"true\"><div class=\"vce-col vce-col--md-auto vce-col--xs-1 vce-col--xs-last vce-col--xs-first vce-col--sm-last vce-col--sm-first vce-col--md-last vce-col--lg-last vce-col--xl-last vce-col--md-first vce-col--lg-first vce-col--xl-first\" id=\"el-999bc871\"><div class=\"vce-col-inner\" data-vce-do-apply=\"border margin background  el-999bc871\"><div class=\"vce-col-content\" data-vce-element-content=\"true\" data-vce-do-apply=\"padding el-999bc871\"><div class=\"vce-single-image-container vce-single-image--align-center\"><div class=\"vce vce-single-image-wrapper\" id=\"el-02688b8d\" data-vce-do-apply=\"all el-02688b8d\"><figure><div class=\"vce-single-image-inner vce-single-image--absolute\" style=\"padding-bottom: 100%; width: 170px;\"><img class=\"vce-single-image\" width=\"170\" height=\"170\"src=\"https:\/\/growbrands.net\/neworder\/wp-content\/uploads\/2024\/04\/cruz-logohome-170x170.png\" srcset=\"https:\/\/growbrands.net\/neworder\/wp-content\/uploads\/2024\/04\/cruz-logohome-170x170.png 170w\" data-img-src=\"https:\/\/growbrands.net\/neworder\/wp-content\/uploads\/2022\/03\/cruz-logohome.png\" alt=\"\" title=\"cruz-logohome\" \/><\/div><figcaption hidden=\"\"><\/figcaption><\/figure><\/div><\/div><div class=\"vce-row-container\"><div class=\"vce-row vce-row--col-gap-30 vce-row-columns--top vce-row-content--top\" id=\"el-bbd98eac\" data-vce-do-apply=\"all el-bbd98eac\"><div class=\"vce-content-background-container\"><div class=\"vce-asset-parallax-container vce-visible-all-only\" data-vce-assets-parallax=\".vce-asset-parallax\" data-vce-assets-parallax-reverse=\"false\"><div class=\"vce-asset-parallax\" style=\"top: -30vh; bottom: -30vh; transform: translateY(16.9565vh);\"><\/div><\/div><\/div><div class=\"vce-row-content\" data-vce-element-content=\"true\"><div class=\"vce-col vce-col--md-auto vce-col--xs-1 vce-col--xs-last vce-col--xs-first vce-col--sm-last vce-col--sm-first vce-col--md-last vce-col--lg-last vce-col--xl-last vce-col--md-first vce-col--lg-first vce-col--xl-first\" id=\"el-6e39d68a\"><div class=\"vce-col-inner\" data-vce-do-apply=\"border margin background  el-6e39d68a\"><div class=\"vce-col-content\" data-vce-element-content=\"true\" data-vce-do-apply=\"padding el-6e39d68a\"><div class=\"vce-text-block\"><div class=\"vce-text-block-wrapper vce\" id=\"el-c348088c\" data-vce-do-apply=\"all el-c348088c\"><p style=\"text-align: center;\"><span style=\"font-size: 12pt; color: #808080;\"><span style=\"color: #ffffff;\">Seguinos <\/span><img class=\"alignnone wp-image-1580\" src=\"..\/wp-content\/uploads\/2020\/07\/iconfacebookblanco.png\" alt=\"\" width=\"30\" height=\"30\"> <img class=\"alignnone wp-image-40917\" src=\"..\/wp-content\/uploads\/2021\/07\/vittorio-btn-instagram.png\" alt=\"\" width=\"30\" height=\"30\"> <span style=\"color: #ffffff;\"><a style=\"color: #ffffff;\" href=\"https:\/\/www.instagram.com\/cruzespacio\" target=\"_blank\" rel=\"noopener\">@cruzespacio<\/a><\/span><\/span><\/p><\/div><\/div><div class=\"vce vce-separator-container vce-separator--align-center vce-separator--style-solid\" id=\"el-c041a9c7\" data-vce-do-apply=\"margin el-c041a9c7\"><div class=\"vce-separator vce-separator--color-bfc0c1 vce-separator--width-60 vce-separator--thickness-1\" data-vce-do-apply=\"border padding background  el-c041a9c7\"><\/div><\/div><div class=\"vce-row-container\"><div class=\"vce-row vce-row--col-gap-30 vce-row-columns--top vce-row-content--top\" id=\"el-986a2ee0\" data-vce-do-apply=\"all el-986a2ee0\"><div class=\"vce-row-content\" data-vce-element-content=\"true\"><div class=\"vce-col vce-col--md-auto vce-col--xs-1 vce-col--xs-last vce-col--xs-first vce-col--sm-last vce-col--sm-first vce-col--md-last vce-col--lg-last vce-col--xl-last vce-col--md-first vce-col--lg-first vce-col--xl-first\" id=\"el-dd770565\"><div class=\"vce-col-inner\" data-vce-do-apply=\"border margin background  el-dd770565\"><div class=\"vce-col-content\" data-vce-element-content=\"true\" data-vce-do-apply=\"padding el-dd770565\"><div class=\"vce-text-block\"><div class=\"vce-text-block-wrapper vce\" id=\"el-f6afa5da\" data-vce-do-apply=\"all el-f6afa5da\"><h2 style=\"text-align: center;\"><span style=\"font-size: 18pt; color: #ffffff; font-family: 'book antiqua', palatino, serif; letter-spacing: 15px;\">COCTELER\u00cdA CARTOF<\/span><\/h2><\/div><\/div><div class=\"vce vce-separator-container vce-separator--align-center vce-separator--style-solid\" id=\"el-23fc0c8f\" data-vce-do-apply=\"margin el-23fc0c8f\"><div class=\"vce-separator vce-separator--color-bfc0c1 vce-separator--width-60 vce-separator--thickness-1\" data-vce-do-apply=\"border padding background  el-23fc0c8f\"><\/div><\/div><div class=\"vce-text-block\"><div class=\"vce-text-block-wrapper vce\" id=\"el-29289b6f\" data-vce-do-apply=\"all el-29289b6f\"><h2 style=\"text-align: center;\"><span style=\"font-size: 18pt; color: #ffffff; font-family: 'book antiqua', palatino, serif; letter-spacing: 15px;\">COCKTAILS<\/span><\/h2><\/div><\/div><\/div><\/div><\/div><\/div><\/div><\/div><div class=\"vce-text-block\"><div class=\"vce-text-block-wrapper vce\" id=\"el-e396a4de\" data-vce-do-apply=\"all el-e396a4de\"><table style=\"width: 100%; height: 366px;\" width=\"100%\" cellspacing=\"0\" cellpadding=\"0\"><tbody><tr style=\"height: 10px;\"><td style=\"color: #ffffff; width: 70.2532%; height: 10px;\"><p style=\"line-height: 0.5;\"><span style=\"font-size: 12pt; letter-spacing: inherit;\">CARPANO ORANGE<\/span><\/p><p style=\"line-height: 0.5;\"><span style=\"font-size: 10pt; letter-spacing: inherit;\">(Vermuouth carpano rosso-rodaja naranja-soda)<\/span><\/p><\/td><td style=\"text-align: right; width: 14.8102%; height: 10px;\" width=\"83\"><p><span style=\"font-size: 12pt;\"><strong><span style=\"color: #cb9d57;\">$ 4.300<\/span><\/strong><\/span><\/p><\/td><\/tr><tr style=\"height: 24px;\"><td style=\"color: #ffffff; width: 70.2532%; height: 24px;\" width=\"281\"><p style=\"line-height: 0.5;\"><span style=\"font-size: 12pt;\">NEGRONI<\/span><\/p><p style=\"line-height: 0.5;\"><span style=\"font-size: 10pt;\">(Gin-campari-vermouth rosso-rodaja naranja)<\/span><\/p><\/td><td style=\"text-align: right; width: 14.8102%; height: 24px;\" width=\"83\"><p><span style=\"font-size: 12pt;\"><strong><span style=\"color: #cb9d57;\">$6.800<\/span><\/strong><\/span><\/p><\/td><\/tr><tr style=\"height: 10px;\"><td style=\"color: #ffffff; width: 70.2532%; height: 10px;\" width=\"281\"><p style=\"line-height: 0.5;\"><span style=\"font-size: 12pt;\">APEROL SPRITZ<\/span><\/p><p style=\"line-height: 0.5;\"><span style=\"font-size: 10pt;\">(Aperol-espumante-rodaja de naranja-soda)<\/span><\/p><\/td><td style=\"text-align: right; width: 14.8102%; height: 10px;\" width=\"83\"><p><span style=\"font-size: 12pt;\"><strong><span style=\"color: #cb9d57;\">$5.300<\/span><\/strong><\/span><\/p><\/td><\/tr><tr style=\"height: 24px;\"><td style=\"color: #ffffff; width: 70.2532%; height: 24px;\" width=\"281\"><p style=\"line-height: 0.5;\"><span style=\"font-size: 12pt;\">CAMPARI ORANGE<\/span><\/p><p style=\"line-height: 0.5;\"><span style=\"font-size: 10pt;\">(Campari- jugo de naranja- rodaja de naranja)<\/span><\/p><\/td><td style=\"text-align: right; width: 14.8102%; height: 24px;\" width=\"83\"><span style=\"font-size: 12pt;\"><strong><span style=\"color: #cb9d57;\">$ 5.300<\/span><\/strong><\/span><\/td><\/tr><tr style=\"height: 10px;\"><td style=\"width: 70.2532%; height: 10px;\"><p style=\"line-height: 0.5;\"><span style=\"color: #ffffff; font-size: 12pt;\">MOJITO HAVANA<\/span><\/p><p style=\"line-height: 0.5;\"><span style=\"color: #ffffff;\">(Ron havana-lima-menta-az\u00facar)<\/span><\/p><\/td><td style=\"text-align: right; width: 14.8102%; height: 10px;\"><span style=\"font-size: 12pt;\"><strong><span style=\"color: #cb9d57;\">$ 6.000<\/span><\/strong><\/span><\/td><\/tr><tr style=\"height: 24px;\"><td style=\"width: 70.2532%; height: 24px;\"><p style=\"line-height: 0.5;\"><span style=\"color: #ffffff; font-size: 12pt;\">MOJITO MALIBU<\/span><\/p><p style=\"line-height: 0.5;\"><span style=\"color: #ffffff;\">(Ron malibu-lima-menta-az\u00facar)<\/span><\/p><\/td><td style=\"text-align: right; width: 14.8102%; height: 24px;\"><span style=\"font-size: 12pt;\"><strong><span style=\"color: #cb9d57;\">$ 6.300<\/span><\/strong><\/span><\/td><\/tr><tr style=\"height: 24px;\"><td style=\"width: 70.2532%; height: 24px;\"><p style=\"line-height: 0.5;\"><span style=\"color: #ffffff; font-size: 12pt;\">CAIPIRINHA<\/span><\/p><p style=\"line-height: 0.5;\"><span style=\"color: #ffffff;\">(Cachaca-lima-az\u00facar)<\/span><\/p><\/td><td style=\"text-align: right; width: 14.8102%; height: 24px;\"><span style=\"font-size: 12pt;\"><strong><span style=\"color: #cb9d57;\">$ 6.000<\/span><\/strong><\/span><\/td><\/tr><tr style=\"height: 24px;\"><td style=\"width: 70.2532%; height: 24px;\"><p style=\"line-height: 0.5;\"><span style=\"color: #ffffff; font-size: 12pt;\">CAIPIROSKA<\/span><\/p><p style=\"line-height: 0.5;\"><span style=\"color: #ffffff;\">(Vodka-lima-az\u00facar)<\/span><\/p><\/td><td style=\"text-align: right; width: 14.8102%; height: 24px;\"><span style=\"font-size: 12pt;\"><strong><span style=\"color: #cb9d57;\">$ 6.000<\/span><\/strong><\/span><\/td><\/tr><tr style=\"height: 24px;\"><td style=\"width: 70.2532%; height: 24px;\"><span style=\"color: #ffffff; font-size: 12pt;\">FERNET BRANCA<\/span><\/td><td style=\"text-align: right; width: 14.8102%; height: 24px;\"><span style=\"font-size: 12pt;\"><strong><span style=\"color: #cb9d57;\">$ 6.000<\/span><\/strong><\/span><\/td><\/tr><tr style=\"height: 24px;\"><td style=\"width: 70.2532%; height: 24px;\" width=\"281\"><p style=\"line-height: 0.5;\"><span style=\"font-size: 12pt; color: #ffffff;\">GIN RESTINGA ARTESANAL<\/span><\/p><p style=\"line-height: 0.5;\"><span style=\"color: #ffffff;\">(Gin restinga-t\u00f3nica-lim\u00f3n)<\/span><\/p><\/td><td style=\"text-align: right; width: 14.8102%; height: 24px;\" width=\"80\"><strong><span style=\"font-size: 12pt; color: #cb9d57;\">$ 6.000<\/span><\/strong><\/td><\/tr><tr style=\"height: 24px;\"><td style=\"color: #ffffff; width: 70.2532%; height: 24px;\"><p style=\"line-height: 0.5;\"><span style=\"font-size: 12pt;\">GIN BEEFEATER<\/span><\/p><p style=\"line-height: 0.5;\">(Gin beefeater- t\u00f3nica- lim\u00f3n)<\/p><\/td><td style=\"text-align: right; width: 14.8102%; height: 24px;\" width=\"83\"><span style=\"font-size: 12pt;\"><strong><span style=\"color: #cb9d57;\">$ 7.000<\/span><\/strong><\/span><\/td><\/tr><tr style=\"height: 24px;\"><td style=\"color: #ffffff; width: 70.2532%; height: 24px;\"><p style=\"line-height: 0.5;\"><span style=\"font-size: 12pt;\">GIN BEEAFEATER PINK STRAWBERRY<\/span><\/p><p style=\"line-height: 0.5;\">(Gin beefeater pink- t\u00f3nica- frutos rojos)<\/p><\/td><td style=\"text-align: right; width: 14.8102%; height: 24px;\" width=\"83\"><span style=\"font-size: 12pt;\"><strong><span style=\"color: #cb9d57;\">$ 7.500<\/span><\/strong><\/span><\/td><\/tr><tr style=\"height: 24px;\"><td style=\"color: #ffffff; width: 70.2532%; height: 24px;\"><p style=\"line-height: 0.5;\"><span style=\"font-size: 12pt;\">GIN MONKEY 47<\/span><\/p><p style=\"line-height: 0.5;\">(Gin monkey 47- t\u00f3nica- lim\u00f3n)<\/p><\/td><td style=\"text-align: right; width: 14.8102%; height: 24px;\" width=\"83\"><span style=\"font-size: 12pt;\"><strong><span style=\"color: #cb9d57;\">$ 15.000<\/span><\/strong><\/span><\/td><\/tr><tr style=\"height: 24px;\"><td style=\"color: #ffffff; width: 70.2532%; height: 24px;\"><p style=\"line-height: 0.5;\"><span style=\"font-size: 12pt;\">GIN HENDRICK'S<\/span><\/p><p style=\"line-height: 0.5;\">(Gin hendrick's- t\u00f3nica- lim\u00f3n)<\/p><\/td><td style=\"text-align: right; width: 14.8102%; height: 24px;\" width=\"83\"><span style=\"font-size: 12pt;\"><strong><span style=\"color: #cb9d57;\">$ 15.000<\/span><\/strong><\/span><\/td><\/tr><tr style=\"height: 24px;\"><td style=\"color: #ffffff; width: 70.2532%; height: 24px;\"><p style=\"line-height: 0.5;\"><span style=\"font-size: 12pt;\">VODKA ABSOLUT TONIC<\/span><\/p><p style=\"line-height: 0.5;\">(Vodka absolut- t\u00f3nica- lim\u00f3n)<\/p><\/td><td style=\"text-align: right; width: 14.8102%; height: 24px;\" width=\"83\"><span style=\"font-size: 12pt;\"><strong><span style=\"color: #cb9d57;\">$ 7.000<\/span><\/strong><\/span><\/td><\/tr><tr style=\"height: 24px;\"><td style=\"color: #ffffff; width: 70.2532%; height: 24px;\"><span style=\"font-size: 16px;\">WHISKY J. WALKER BLACK LABEL<\/span><\/td><td style=\"text-align: right; width: 14.8102%; height: 24px;\" width=\"83\"><span style=\"font-size: 12pt;\"><strong><span style=\"color: #cb9d57;\">$ 12.000<\/span><\/strong><\/span><\/td><\/tr><tr style=\"height: 24px;\"><td style=\"color: #ffffff; width: 70.2532%; height: 24px;\"><span style=\"font-size: 16px;\">WHISKY CHIVAS REGAL 12 A\u00d1OS<\/span><\/td><td style=\"text-align: right; width: 14.8102%; height: 24px;\" width=\"83\"><span style=\"font-size: 12pt;\"><strong><span style=\"color: #cb9d57;\">$ 12.000<\/span><\/strong><\/span><\/td><\/tr><\/tbody><\/table><\/div><\/div><div class=\"vce-row-container\"><div class=\"vce-row vce-row--col-gap-30 vce-row-columns--top vce-row-content--top\" id=\"el-fb617b2c\" data-vce-do-apply=\"all el-fb617b2c\"><div class=\"vce-content-background-container\"><\/div><div class=\"vce-row-content\" data-vce-element-content=\"true\"><div class=\"vce-col vce-col--md-auto vce-col--xs-1 vce-col--xs-last vce-col--xs-first vce-col--sm-last vce-col--sm-first vce-col--md-last vce-col--lg-last vce-col--xl-last vce-col--md-first vce-col--lg-first vce-col--xl-first\" id=\"el-448cf690\"><div class=\"vce-col-inner\" data-vce-do-apply=\"border margin background  el-448cf690\"><div class=\"vce-col-content\" data-vce-element-content=\"true\" data-vce-do-apply=\"padding el-448cf690\"><\/div><\/div><\/div><\/div><\/div><\/div><\/div><\/div><\/div><\/div><\/div><\/div><div class=\"vce-row-container\"><div class=\"vce-row vce-row--col-gap-30 vce-row-columns--top vce-row-content--top\" id=\"el-126f13a0\" data-vce-do-apply=\"all el-126f13a0\"><div class=\"vce-row-content\" data-vce-element-content=\"true\"><div class=\"vce-col vce-col--md-auto vce-col--xs-1 vce-col--xs-last vce-col--xs-first vce-col--sm-last vce-col--sm-first vce-col--md-last vce-col--lg-last vce-col--xl-last vce-col--md-first vce-col--lg-first vce-col--xl-first\" id=\"el-42f8c3ea\"><div class=\"vce-col-inner\" data-vce-do-apply=\"border margin background  el-42f8c3ea\"><div class=\"vce-col-content\" data-vce-element-content=\"true\" data-vce-do-apply=\"padding el-42f8c3ea\"><div class=\"vce-button--style-outline-container vce-button--style-outline-container--align-center\"><span class=\"vce-button--style-outline-wrapper vce\" id=\"el-de347d9e\" data-vce-do-apply=\"margin el-de347d9e\"><a class=\"vce-button--style-outline-animated vce-button--style-outline--border-round vce-button--style-outline--size-medium vce-button--style-outline-animated--color-e3e3e3--fff--3d3d3d vce-button--style-outline-animated--border-color-b-203-157-87--3d3d3d vce-button--style-outline-animated--background-color-b-203-157-87\" href=\"https:\/\/growbrands.net\/neworder\/cruz-espacio-inicio\/\" title=\"\" data-vce-do-apply=\"padding border background  el-de347d9e\"><span class=\"vce-button--style-outline-text\">VOLVER<\/span><\/a><\/span><\/div><\/div><\/div><\/div><\/div><\/div><\/div><\/div><\/div><\/div><\/div><\/div><\/div><div class=\"vce-row-container\"><div class=\"vce-row vce-row--col-gap-30 vce-row-columns--top vce-row-content--top\" id=\"el-034f0b1b\" data-vce-do-apply=\"all el-034f0b1b\"><div class=\"vce-row-content\" data-vce-element-content=\"true\"><div class=\"vce-col vce-col--md-auto vce-col--xs-1 vce-col--xs-last vce-col--xs-first vce-col--sm-last vce-col--sm-first vce-col--md-last vce-col--lg-last vce-col--xl-last vce-col--md-first vce-col--lg-first vce-col--xl-first\" id=\"el-79c96dd8\"><div class=\"vce-col-inner\" data-vce-do-apply=\"border margin background  el-79c96dd8\"><div class=\"vce-col-content\" data-vce-element-content=\"true\" data-vce-do-apply=\"padding el-79c96dd8\"><div class=\"vce-widgets-container\"><div class=\"vce vce-widgets-wrapper\" id=\"el-45f7dd9e\" data-vce-do-apply=\"all el-45f7dd9e\"><div class=\"textwidget custom-html-widget\"><div style=\"text-align; background-color:#000;\">\n<p style=\"text-align: center;\"><a href=\"http:\/\/www.neworder.menu\" target=\"_blank\" style=\"text-decoration:none;\"><span style=\"color:#ffffff;\">New Order: QR Digital Menu <br By Grow Brands<\/span><\/a><\/p>\n\t<\/div><\/div><\/div><\/div><\/div><\/div><\/div><\/div><\/div><\/div>\n","protected":false},"excerpt":{"rendered":"<p>Seguinos @cruzespacioCOCTELER\u00cdA CARTOFCOCKTAILSCARPANO ORANGE(Vermuouth carpano rosso-rodaja naranja-soda)$ 4.300NEGRONI(Gin-campari-vermouth rosso-rodaja naranja)$6.800APEROL SPRITZ(Aperol-espumante-rodaja de naranja-soda)$5.300CAMPARI ORANGE(Campari- jugo de naranja- rodaja de naranja)$ 5.300MOJITO HAVANA(Ron havana-lima-menta-az\u00facar)$ 6.000MOJITO MALIBU(Ron malibu-lima-menta-az\u00facar)$ 6.300CAIPIRINHA(Cachaca-lima-az\u00facar)$ 6.000CAIPIROSKA(Vodka-lima-az\u00facar)$ 6.000FERNET BRANCA$ 6.000GIN RESTINGA ARTESANAL(Gin restinga-t\u00f3nica-lim\u00f3n)$ 6.000GIN BEEFEATER(Gin beefeater- t\u00f3nica- lim\u00f3n)$ 7.000GIN BEEAFEATER PINK STRAWBERRY(Gin beefeater pink- &hellip; <\/p>\n","protected":false},"author":12,"featured_media":0,"parent":0,"menu_order":0,"comment_status":"closed","ping_status":"closed","template":"","meta":{"_monsterinsights_skip_tracking":false,"_monsterinsights_sitenote_active":false,"_monsterinsights_sitenote_note":"","_monsterinsights_sitenote_category":0,"footnotes":""},"coauthors":[71,87,104],"class_list":["post-53787","page","type-page","status-publish","hentry"],"_links":{"self":[{"href":"https:\/\/growbrands.net\/neworder\/wp-json\/wp\/v2\/pages\/53787","targetHints":{"allow":["GET"]}}],"collection":[{"href":"https:\/\/growbrands.net\/neworder\/wp-json\/wp\/v2\/pages"}],"about":[{"href":"https:\/\/growbrands.net\/neworder\/wp-json\/wp\/v2\/types\/page"}],"author":[{"embeddable":true,"href":"https:\/\/growbrands.net\/neworder\/wp-json\/wp\/v2\/users\/12"}],"replies":[{"embeddable":true,"href":"https:\/\/growbrands.net\/neworder\/wp-json\/wp\/v2\/comments?post=53787"}],"version-history":[{"count":43,"href":"https:\/\/growbrands.net\/neworder\/wp-json\/wp\/v2\/pages\/53787\/revisions"}],"predecessor-version":[{"id":74654,"href":"https:\/\/growbrands.net\/neworder\/wp-json\/wp\/v2\/pages\/53787\/revisions\/74654"}],"wp:attachment":[{"href":"https:\/\/growbrands.net\/neworder\/wp-json\/wp\/v2\/media?parent=53787"}],"wp:term":[{"taxonomy":"author","embeddable":true,"href":"https:\/\/growbrands.net\/neworder\/wp-json\/wp\/v2\/coauthors?post=53787"}],"curies":[{"name":"wp","href":"https:\/\/api.w.org\/{rel}","templated":true}]}}