{"id":52324,"date":"2022-05-06T17:04:57","date_gmt":"2022-05-06T20:04:57","guid":{"rendered":"https:\/\/growbrands.net\/neworder\/?page_id=52324"},"modified":"2024-03-17T12:45:07","modified_gmt":"2024-03-17T15:45:07","slug":"pepecito-menu-delivery-postres","status":"publish","type":"page","link":"https:\/\/growbrands.net\/neworder\/pepecito-menu-delivery-postres\/","title":{"rendered":"Pepecito &#8211; Men\u00fa Delivery &#8211; Postres"},"content":{"rendered":"<div class=\"vce-row-container\"><div class=\"vce-row vce-element--has-background vce-row--col-gap-30 vce-row-columns--top vce-row-content--top\" id=\"el-1f096c6d\" data-vce-do-apply=\"all el-1f096c6d\"><div class=\"vce-content-background-container\"><div class=\"vce-asset-parallax-container vce-visible-all-only\" data-vce-assets-parallax=\".vce-asset-parallax\" data-vce-assets-parallax-speed=\"30\" data-vce-assets-parallax-reverse=\"false\"><div class=\"vce-asset-parallax\" style=\"top: -30vh; bottom: -30vh; transform: translateY(-13.5721vh);\"><div class=\"vce-asset-background-simple-container vce-visible-all-only vce-asset-background-simple--style-full-width vce-asset-background-simple--position-center-top\"><div class=\"vce-asset-background-simple\"><div class=\"vce-asset-background-simple-item\" style=\"background-image: url('https:\/\/growbrands.net\/neworder\/wp-content\/uploads\/2022\/04\/pepecito-internafondo-scaled.jpg');\"><\/div><\/div><\/div><\/div><\/div><\/div><div class=\"vce-row-content\" data-vce-element-content=\"true\"><div class=\"vce-col vce-col--md-auto vce-col--xs-1 vce-col--xs-last vce-col--xs-first vce-col--sm-last vce-col--sm-first vce-col--md-last vce-col--lg-last vce-col--xl-last vce-col--md-first vce-col--lg-first vce-col--xl-first\" id=\"el-999bc871\"><div class=\"vce-col-inner\" data-vce-do-apply=\"border margin background  el-999bc871\"><div class=\"vce-col-content\" data-vce-element-content=\"true\" data-vce-do-apply=\"padding el-999bc871\"><div class=\"vce-single-image-container vce-single-image--align-center\"><div class=\"vce vce-single-image-wrapper\" id=\"el-db0cfdd1\" data-vce-do-apply=\"all el-db0cfdd1\"><figure><div class=\"vce-single-image-inner vce-single-image--absolute vce-single-image--border-rounded\" style=\"padding-bottom: 179.335%; width: 571px;\"><img class=\"vce-single-image\" width=\"571\" height=\"1024\"src=\"https:\/\/growbrands.net\/neworder\/wp-content\/uploads\/2024\/03\/pepecito-delivery-portadapostres-571x1024.jpg\" srcset=\"https:\/\/growbrands.net\/neworder\/wp-content\/uploads\/2024\/03\/pepecito-delivery-portadapostres-320x574.jpg 320w,https:\/\/growbrands.net\/neworder\/wp-content\/uploads\/2024\/03\/pepecito-delivery-portadapostres-480x861.jpg 480w,https:\/\/growbrands.net\/neworder\/wp-content\/uploads\/2024\/03\/pepecito-delivery-portadapostres-571x1024.jpg 571w\" data-img-src=\"https:\/\/growbrands.net\/neworder\/wp-content\/uploads\/2022\/05\/pepecito-delivery-portadapostres.jpg\" alt=\"\" title=\"pepecito-delivery-portadapostres\" \/><\/div><figcaption hidden=\"\"><\/figcaption><\/figure><\/div><\/div><div class=\"vce-row-container\"><div class=\"vce-row vce-row--col-gap-30 vce-row-columns--top vce-row-content--top\" id=\"el-6400e0b2\" data-vce-do-apply=\"all el-6400e0b2\"><div class=\"vce-content-background-container\"><\/div><div class=\"vce-row-content\" data-vce-element-content=\"true\"><div class=\"vce-col vce-col--md-auto vce-col--xs-1 vce-col--xs-last vce-col--xs-first vce-col--sm-last vce-col--sm-first vce-col--md-last vce-col--lg-last vce-col--xl-last vce-col--md-first vce-col--lg-first vce-col--xl-first\" id=\"el-a3aa24cc\"><div class=\"vce-col-inner\" data-vce-do-apply=\"border margin background  el-a3aa24cc\"><div class=\"vce-col-content\" data-vce-element-content=\"true\" data-vce-do-apply=\"padding el-a3aa24cc\"><div class=\"vce-text-block\"><div class=\"vce-text-block-wrapper vce\" id=\"el-e8323230\" data-vce-do-apply=\"all el-e8323230\"><p><img class=\"alignnone wp-image-52171\" src=\"https:\/\/growbrands.net\/neworder\/wp-content\/uploads\/2022\/05\/pepecito-salon-titulo-postres.png\" alt=\"\" width=\"166\" height=\"56\"><\/p><\/div><\/div><div class=\"vce-text-block\"><div class=\"vce-text-block-wrapper vce\" id=\"el-e96c1ba7\" data-vce-do-apply=\"all el-e96c1ba7\"><table width=\"944\">\n<tbody>\n<tr>\n<td width=\"849\"><strong style=\"color: #333333;\">Cheescake:&nbsp;<span style=\"font-weight: 400; font-style: normal;\">Base de galletas sabor vainillas, crema de queso, ralladura de lim\u00f3n, salsa de frutos rojos.<\/span><\/strong><\/td>\n<td style=\"text-align: right;\" width=\"95\"><span style=\"color: #333333;\">&nbsp;$3500<\/span><\/td>\n<\/tr>\n<tr>\n<td><span style=\"color: #333333;\"><strong>Flan casero:<\/strong> flan casero de huevo con caramelo. Adicionales: Dulce de leche <\/span><span style=\"color: #333333;\">(+$400)<\/span><span style=\"color: #333333;\"> , Crema chantilly (+$400) o Mixto (+800).<br><\/span><\/td>\n<td style=\"text-align: right;\"><span style=\"color: #333333;\">&nbsp;$2500<\/span><\/td>\n<\/tr>\n<tr>\n<td><strong style=\"color: #333333;\">Tiramis\u00fa:<\/strong><span style=\"color: #333333;\">&nbsp;Vainillas humedecidas en caf\u00e9 con licor, queso crema, crema de yemas y cacao amargo.<\/span><\/td>\n<td style=\"text-align: right;\"><span style=\"color: #333333;\">&nbsp;$3500<\/span><\/td>\n<\/tr>\n<tr>\n<td><strong><span style=\"color: #333333;\">Mousse de Chocolate:<span style=\"font-weight: 400; font-style: normal;\">&nbsp;Mousse de chocolate negro y crema chantilly.<\/span>&nbsp;<\/span><\/strong><\/td>\n<td style=\"text-align: right;\"><span style=\"color: #333333;\">&nbsp;$3500<\/span><\/td>\n<\/tr>\n<tr>\n<td><strong style=\"color: #333333;\">Chocotorta:<\/strong><span style=\"color: #333333;\">&nbsp;Galletas chocolinas humedecidas en caf\u00e9, crema y dulce de leche<\/span><\/td>\n<td style=\"text-align: right;\"><span style=\"color: #333333;\">&nbsp;$3500<\/span><\/td>\n<\/tr>\n<tr>\n<td><span style=\"color: #333333;\"><strong style=\"color: #eec29d;\"><span style=\"color: #333333;\">Cheese Oreo:&nbsp;<\/span><\/strong>Galletas oreo molidas, dulce de leche, queso crema y crema chantilly.<br><\/span><\/td>\n<td style=\"text-align: right;\"><span style=\"color: #333333;\">&nbsp;$3500<\/span><\/td>\n<\/tr>\n<tr>\n<td><strong><span style=\"color: #333333;\">Frutillas con Crema:&nbsp;<span style=\"font-weight: 400; font-style: normal;\">Frutillas, crema chantilly y merengue.&nbsp;<strong>Nota: Su disponibilidad depender\u00e1 de la estaci\u00f3n del a\u00f1o<\/strong>.<\/span><\/span><\/strong><span style=\"color: #333333;\"><strong style=\"color: #eec29d;\"><span style=\"color: #333333;\"><br><\/span><\/strong><\/span><\/td>\n<td style=\"text-align: right;\"><span style=\"color: #333333;\">$4000&nbsp;<\/span><\/td>\n<\/tr>\n<tr>\n<td><strong><span style=\"color: #333333;\">&nbsp;Queso y Dulce:&nbsp;<span style=\"font-weight: 400; font-style: normal;\">Dulce de batata o membrillo y queso cremoso.<\/span><\/span><\/strong><\/td>\n<td style=\"text-align: right;\"><span style=\"color: #333333;\">$2500&nbsp;<\/span><\/td>\n<\/tr>\n<\/tbody>\n<\/table>\n<p>&nbsp;<\/p><\/div><\/div><div class=\"vce-single-image-container vce-single-image--align-center\"><div class=\"vce vce-single-image-wrapper\" id=\"el-7c133617\" data-vce-do-apply=\"all el-7c133617\"><figure><div class=\"vce-single-image-inner vce-single-image--absolute\" style=\"padding-bottom: 65.4846%; width: 423px;\"><img class=\"vce-single-image\" width=\"423\" height=\"277\"src=\"https:\/\/growbrands.net\/neworder\/wp-content\/uploads\/2024\/03\/pepecito-fotopostres-423x277.png\" srcset=\"https:\/\/growbrands.net\/neworder\/wp-content\/uploads\/2024\/03\/pepecito-fotopostres-320x210.png 320w,https:\/\/growbrands.net\/neworder\/wp-content\/uploads\/2024\/03\/pepecito-fotopostres-423x277.png 423w\" data-img-src=\"https:\/\/growbrands.net\/neworder\/wp-content\/uploads\/2022\/05\/pepecito-fotopostres.png\" alt=\"\" title=\"pepecito-fotopostres\" \/><\/div><figcaption hidden=\"\"><\/figcaption><\/figure><\/div><\/div><\/div><\/div><\/div><\/div><\/div><\/div><\/div><\/div><\/div><\/div><\/div><\/div><div class=\"vce-row-container\"><div class=\"vce-row vce-element--has-background vce-row--col-gap-30 vce-row-columns--top vce-row-content--top\" id=\"el-b2a79c7d\" data-vce-do-apply=\"all el-b2a79c7d\"><div class=\"vce-content-background-container\"><\/div><div class=\"vce-row-content\" data-vce-element-content=\"true\"><div class=\"vce-col vce-col--md-auto vce-col--xs-1 vce-col--xs-last vce-col--xs-first vce-col--sm-last vce-col--sm-first vce-col--md-last vce-col--lg-last vce-col--xl-last vce-col--md-first vce-col--lg-first vce-col--xl-first\" id=\"el-52c4c11d\"><div class=\"vce-col-inner\" data-vce-do-apply=\"border margin background  el-52c4c11d\"><div class=\"vce-col-content\" data-vce-element-content=\"true\" data-vce-do-apply=\"padding el-52c4c11d\"><div class=\"vce-row-container\"><div class=\"vce-row vce-row--col-gap-30 vce-row-columns--top vce-row-content--top\" id=\"el-ab9a361d\" data-vce-do-apply=\"all el-ab9a361d\"><div class=\"vce-row-content\" data-vce-element-content=\"true\"><div class=\"vce-col vce-col--md-auto vce-col--xs-1 vce-col--xs-last vce-col--xs-first vce-col--sm-last vce-col--sm-first vce-col--md-last vce-col--lg-last vce-col--xl-last vce-col--md-first vce-col--lg-first vce-col--xl-first\" id=\"el-e9473c3c\"><div class=\"vce-col-inner\" data-vce-do-apply=\"border margin background  el-e9473c3c\"><div class=\"vce-col-content\" data-vce-element-content=\"true\" data-vce-do-apply=\"padding el-e9473c3c\"><div class=\"vce-button--style-outline-container vce-button--style-outline-container--align-center\"><span class=\"vce-button--style-outline-wrapper vce\" id=\"el-add26993\" data-vce-do-apply=\"margin el-add26993\"><a class=\"vce-button--style-outline-animated vce-button--style-outline--border-round vce-button--style-outline--size-medium vce-button--style-outline-animated--color-b-126-202-182--fff--3d3d3d vce-button--style-outline-animated--border-color-b-126-202-182--3d3d3d vce-button--style-outline-animated--background-color-3d3d3d\" href=\"https:\/\/growbrands.net\/neworder\/pepecito-menu-delivery\/\" title=\"\" data-vce-do-apply=\"padding border background  el-add26993\"><span class=\"vce-button--style-outline-text\">Volver<\/span><\/a><\/span><\/div><\/div><\/div><\/div><\/div><\/div><\/div><\/div><\/div><\/div><\/div><\/div><\/div><div class=\"vce-row-container\"><div class=\"vce-row vce-row--col-gap-30 vce-row-columns--top vce-row-content--top\" id=\"el-80178152\" data-vce-do-apply=\"all el-80178152\"><div class=\"vce-row-content\" data-vce-element-content=\"true\"><div class=\"vce-col vce-col--md-auto vce-col--xs-1 vce-col--xs-last vce-col--xs-first vce-col--sm-last vce-col--sm-first vce-col--md-last vce-col--lg-last vce-col--xl-last vce-col--md-first vce-col--lg-first vce-col--xl-first\" id=\"el-d470094f\"><div class=\"vce-col-inner\" data-vce-do-apply=\"border margin background  el-d470094f\"><div class=\"vce-col-content\" data-vce-element-content=\"true\" data-vce-do-apply=\"padding el-d470094f\"><div class=\"vce-widgets-container\"><div class=\"vce vce-widgets-wrapper\" id=\"el-aa277eda\" data-vce-do-apply=\"all el-aa277eda\"><div class=\"textwidget custom-html-widget\"><div style=\"text-align; background-color:#000;\">\n<p style=\"text-align: center;\"><a href=\"http:\/\/www.neworder.menu\" target=\"_blank\" style=\"text-decoration:none;\"><span style=\"color:#ffffff;\">New Order: QR Digital Menu <br By Grow Brands<\/span><\/a><\/p>\n\t<\/div><\/div><\/div><\/div><\/div><\/div><\/div><\/div><\/div><\/div>\n","protected":false},"excerpt":{"rendered":"<p>Cheescake:&nbsp;Base de galletas sabor vainillas, crema de queso, ralladura de lim\u00f3n, salsa de frutos rojos. &nbsp;$3500 Flan casero: flan casero de huevo con caramelo. Adicionales: Dulce de leche (+$400) , Crema chantilly (+$400) o Mixto (+800). &nbsp;$2500 Tiramis\u00fa:&nbsp;Vainillas humedecidas en caf\u00e9 con licor, queso crema, &hellip; <\/p>\n","protected":false},"author":47,"featured_media":0,"parent":0,"menu_order":0,"comment_status":"closed","ping_status":"closed","template":"","meta":{"_monsterinsights_skip_tracking":false,"_monsterinsights_sitenote_active":false,"_monsterinsights_sitenote_note":"","_monsterinsights_sitenote_category":0,"footnotes":""},"coauthors":[94],"class_list":["post-52324","page","type-page","status-publish","hentry"],"_links":{"self":[{"href":"https:\/\/growbrands.net\/neworder\/wp-json\/wp\/v2\/pages\/52324","targetHints":{"allow":["GET"]}}],"collection":[{"href":"https:\/\/growbrands.net\/neworder\/wp-json\/wp\/v2\/pages"}],"about":[{"href":"https:\/\/growbrands.net\/neworder\/wp-json\/wp\/v2\/types\/page"}],"author":[{"embeddable":true,"href":"https:\/\/growbrands.net\/neworder\/wp-json\/wp\/v2\/users\/47"}],"replies":[{"embeddable":true,"href":"https:\/\/growbrands.net\/neworder\/wp-json\/wp\/v2\/comments?post=52324"}],"version-history":[{"count":27,"href":"https:\/\/growbrands.net\/neworder\/wp-json\/wp\/v2\/pages\/52324\/revisions"}],"predecessor-version":[{"id":73553,"href":"https:\/\/growbrands.net\/neworder\/wp-json\/wp\/v2\/pages\/52324\/revisions\/73553"}],"wp:attachment":[{"href":"https:\/\/growbrands.net\/neworder\/wp-json\/wp\/v2\/media?parent=52324"}],"wp:term":[{"taxonomy":"author","embeddable":true,"href":"https:\/\/growbrands.net\/neworder\/wp-json\/wp\/v2\/coauthors?post=52324"}],"curies":[{"name":"wp","href":"https:\/\/api.w.org\/{rel}","templated":true}]}}