{"id":52314,"date":"2022-05-06T16:39:20","date_gmt":"2022-05-06T19:39:20","guid":{"rendered":"https:\/\/growbrands.net\/neworder\/?page_id=52314"},"modified":"2024-04-07T13:37:03","modified_gmt":"2024-04-07T16:37:03","slug":"pepecito-menu-delivery-milas","status":"publish","type":"page","link":"https:\/\/growbrands.net\/neworder\/pepecito-menu-delivery-milas\/","title":{"rendered":"Pepecito &#8211; Men\u00fa Delivery &#8211; Milas"},"content":{"rendered":"<div class=\"vce-row-container\"><div class=\"vce-row vce-element--has-background vce-row--col-gap-30 vce-row-columns--top vce-row-content--top\" id=\"el-1f096c6d\" data-vce-do-apply=\"all el-1f096c6d\"><div class=\"vce-content-background-container\"><div class=\"vce-asset-parallax-container vce-visible-all-only\" data-vce-assets-parallax=\".vce-asset-parallax\" data-vce-assets-parallax-speed=\"30\" data-vce-assets-parallax-reverse=\"false\"><div class=\"vce-asset-parallax\" style=\"top: -30vh; bottom: -30vh; transform: translateY(-4.58576vh);\"><div class=\"vce-asset-background-simple-container vce-visible-all-only vce-asset-background-simple--style-full-width vce-asset-background-simple--position-center-top\"><div class=\"vce-asset-background-simple\"><div class=\"vce-asset-background-simple-item\" style=\"background-image: url('https:\/\/growbrands.net\/neworder\/wp-content\/uploads\/2022\/04\/pepecito-internafondo-scaled.jpg');\"><\/div><\/div><\/div><\/div><\/div><\/div><div class=\"vce-row-content\" data-vce-element-content=\"true\"><div class=\"vce-col vce-col--md-auto vce-col--xs-1 vce-col--xs-last vce-col--xs-first vce-col--sm-last vce-col--sm-first vce-col--md-last vce-col--lg-last vce-col--xl-last vce-col--md-first vce-col--lg-first vce-col--xl-first\" id=\"el-999bc871\"><div class=\"vce-col-inner\" data-vce-do-apply=\"border margin background  el-999bc871\"><div class=\"vce-col-content\" data-vce-element-content=\"true\" data-vce-do-apply=\"padding el-999bc871\"><div class=\"vce-single-image-container vce-single-image--align-center\"><div class=\"vce vce-single-image-wrapper\" id=\"el-db0cfdd1\" data-vce-do-apply=\"all el-db0cfdd1\"><figure><div class=\"vce-single-image-inner vce-single-image--absolute vce-single-image--border-rounded\" style=\"padding-bottom: 179.335%; width: 571px;\"><img class=\"vce-single-image\" width=\"571\" height=\"1024\"src=\"https:\/\/growbrands.net\/neworder\/wp-content\/uploads\/2024\/04\/pepecito-delivery-portadamilas-571x1024.png\" srcset=\"https:\/\/growbrands.net\/neworder\/wp-content\/uploads\/2024\/04\/pepecito-delivery-portadamilas-320x574.png 320w,https:\/\/growbrands.net\/neworder\/wp-content\/uploads\/2024\/04\/pepecito-delivery-portadamilas-480x861.png 480w,https:\/\/growbrands.net\/neworder\/wp-content\/uploads\/2024\/04\/pepecito-delivery-portadamilas-571x1024.png 571w\" data-img-src=\"https:\/\/growbrands.net\/neworder\/wp-content\/uploads\/2022\/04\/pepecito-delivery-portadamilas.png\" alt=\"\" title=\"pepecito-delivery-portadamilas\" \/><\/div><figcaption hidden=\"\"><\/figcaption><\/figure><\/div><\/div><div class=\"vce-row-container\"><div class=\"vce-row vce-row--col-gap-30 vce-row-columns--top vce-row-content--top\" id=\"el-6400e0b2\" data-vce-do-apply=\"all el-6400e0b2\"><div class=\"vce-content-background-container\"><\/div><div class=\"vce-row-content\" data-vce-element-content=\"true\"><div class=\"vce-col vce-col--md-auto vce-col--xs-1 vce-col--xs-last vce-col--xs-first vce-col--sm-last vce-col--sm-first vce-col--md-last vce-col--lg-last vce-col--xl-last vce-col--md-first vce-col--lg-first vce-col--xl-first\" id=\"el-a3aa24cc\"><div class=\"vce-col-inner\" data-vce-do-apply=\"border margin background  el-a3aa24cc\"><div class=\"vce-col-content\" data-vce-element-content=\"true\" data-vce-do-apply=\"padding el-a3aa24cc\"><div class=\"vce-text-block\"><div class=\"vce-text-block-wrapper vce\" id=\"el-e8323230\" data-vce-do-apply=\"all el-e8323230\"><p><img class=\"alignnone wp-image-52158\" src=\"https:\/\/growbrands.net\/neworder\/wp-content\/uploads\/2022\/05\/pepecito-salon-titulo-milanesas.png\" alt=\"\" width=\"192\" height=\"51\"><\/p><\/div><\/div><div class=\"vce-text-block\"><div class=\"vce-text-block-wrapper vce\" id=\"el-e96c1ba7\" data-vce-do-apply=\"all el-e96c1ba7\"><p><span style=\"font-size: 14pt;\"><strong>De ternera o pollo<\/strong><\/span><\/p>\n<table width=\"944\">\n<tbody>\n<tr>\n<td style=\"text-align: left;\" width=\"849\"><span style=\"color: #333333;\"><strong>Cl\u00e1sica<\/strong><\/span><\/td>\n<td style=\"text-align: right;\" width=\"95\"><span style=\"color: #333333;\">&nbsp;$6800<\/span><\/td>\n<\/tr>\n<tr>\n<td><strong style=\"color: #333333;\">Caballo:<\/strong><span style=\"color: #333333;\">&nbsp;Dos huevos fritos y or\u00e9gano<\/span><\/td>\n<td style=\"text-align: right;\"><span style=\"color: #333333;\">&nbsp;$7500<br><\/span><\/td>\n<\/tr>\n<tr>\n<td><strong style=\"color: #333333;\">Napolitana:<\/strong><span style=\"color: #333333;\">&nbsp;Salsa de tomate, jam\u00f3n cocido, queso muzzarella y or\u00e9gano.<\/span><\/td>\n<td style=\"text-align: right;\"><span style=\"color: #333333;\">&nbsp;$9000<\/span><\/td>\n<\/tr>\n<tr>\n<td style=\"text-align: left;\"><strong style=\"color: #333333;\">Suiza:&nbsp;<span style=\"font-weight: 400; font-style: normal;\">Queso muzzarella y or\u00e9gano.<\/span><\/strong><\/td>\n<td style=\"text-align: right;\"><span style=\"color: #333333;\">&nbsp;$8500<\/span><\/td>\n<\/tr>\n<tr>\n<td><span style=\"color: #333333;\"><strong>Fugazzeta:&nbsp;<\/strong>Queso muzzarella, cebolla, aceite de oliva y or\u00e9gano.&nbsp;<\/span><strong><span style=\"color: #333333;\">Nota:la cebolla se cocina en el horno.<\/span><\/strong><\/td>\n<td style=\"text-align: right;\"><span style=\"color: #333333;\">&nbsp;$8500<\/span><\/td>\n<\/tr>\n<tr>\n<td><span style=\"color: #333333;\"><strong>&nbsp;<\/strong><\/span><strong style=\"color: #333333;\">Guacamole:&nbsp;<\/strong><span style=\"color: #333333;\">Queso crema, guacamole, salsa criolla, perejil y mix de semillas.<\/span><\/td>\n<td style=\"text-align: right;\"><span style=\"color: #333333;\">$9000<\/span><\/td>\n<\/tr>\n<tr>\n<td><span style=\"color: #333333;\"><strong>&nbsp;<\/strong><\/span><strong style=\"color: #333333;\">Cheddar:&nbsp;<span style=\"font-weight: 400; font-style: normal;\">Queso cheddar fundido, crocante de panceta ahumada, cebolla de verdeo.<\/span><\/strong><\/td>\n<td style=\"text-align: right;\"><span style=\"color: #333333;\">$9000<\/span><\/td>\n<\/tr>\n<tr>\n<td><span style=\"color: #333333;\"><strong>&nbsp;<\/strong><\/span><strong style=\"color: #333333;\">Vegetales:&nbsp;<span style=\"font-weight: 400; font-style: normal;\">Pimientos, berenjena, zucchini y cebola asados con queso provolone.<\/span><\/strong><\/td>\n<td style=\"text-align: right;\"><span style=\"color: #333333;\">$9000<\/span><\/td>\n<\/tr>\n<\/tbody>\n<\/table>\n<p><span style=\"font-size: 10pt; color: #333333;\"><strong>Guarniciones Incluidas:<\/strong>&nbsp;Ensalada mixta, Papas Fritas o Pur\u00e9 de Papas.<br><\/span><\/p>\n<p><strong><span style=\"font-size: 10pt; color: #333333;\">Cambi\u00e1 tu Guarnici\u00f3n:&nbsp;&nbsp;<span style=\"font-weight: 400;\">P<\/span><\/span><\/strong><span style=\"font-size: 10pt; color: #333333;\">apas con cheddar&nbsp; (+$2000), Papas con huevo revuelto (+$2000) o Ensalada de r\u00facula y queso parmesano <\/span><span style=\"font-size: 10pt; color: #333333;\">(+$1500)&nbsp;<\/span><\/p><\/div><\/div><\/div><\/div><\/div><\/div><\/div><\/div><div class=\"vce-row-container\"><div class=\"vce-row vce-row--col-gap-30 vce-row-columns--top vce-row-content--top\" id=\"el-778c3576\" data-vce-do-apply=\"all el-778c3576\"><div class=\"vce-content-background-container\"><\/div><div class=\"vce-row-content\" data-vce-element-content=\"true\"><div class=\"vce-col vce-col--md-auto vce-col--xs-1 vce-col--xs-last vce-col--xs-first vce-col--sm-last vce-col--sm-first vce-col--md-last vce-col--lg-last vce-col--xl-last vce-col--md-first vce-col--lg-first vce-col--xl-first\" id=\"el-96dc42f9\"><div class=\"vce-col-inner\" data-vce-do-apply=\"border margin background  el-96dc42f9\"><div class=\"vce-col-content\" data-vce-element-content=\"true\" data-vce-do-apply=\"padding el-96dc42f9\"><div class=\"vce-text-block\"><div class=\"vce-text-block-wrapper vce\" id=\"el-44f3b760\" data-vce-do-apply=\"all el-44f3b760\"><p><img class=\"alignnone wp-image-52240\" src=\"https:\/\/growbrands.net\/neworder\/wp-content\/uploads\/2022\/05\/pepecito-salon-titulo-ensaladas.png\" alt=\"\" width=\"192\" height=\"50\"><\/p><\/div><\/div><div class=\"vce-text-block\"><div class=\"vce-text-block-wrapper vce\" id=\"el-b0a90cdb\" data-vce-do-apply=\"all el-b0a90cdb\"><table width=\"944\">\n<tbody>\n<tr>\n<td width=\"849\"><strong style=\"color: #333333;\">Caesar:<\/strong><span style=\"color: #333333;\">&nbsp;Lechuga, pollo, queso parmesano, crutones y aderezo caesar.<\/span><\/td>\n<td style=\"text-align: right;\" width=\"95\"><span style=\"color: #333333;\">&nbsp;$7400<\/span><\/td>\n<\/tr>\n<tr>\n<td><strong style=\"color: #333333;\">House:&nbsp;<span style=\"font-weight: 400;\">Lechuga, pollo, tomatitos cherrys, panceta ahumada crocante, cebolla y palta.<\/span><\/strong><\/td>\n<td style=\"text-align: right;\"><span style=\"color: #333333;\">&nbsp;$8600<br><\/span><\/td>\n<\/tr>\n<tr>\n<td>\n<p><strong style=\"color: #333333;\">Ave:<\/strong><span style=\"color: #333333;\">&nbsp;Lechuga, pollo, olivas negras, huevo duro, tomatitos cherrys y panceta ahumada crocante.<\/span><\/p>\n<\/td>\n<td style=\"text-align: right;\"><span style=\"color: #333333;\">$7400<br><\/span><\/td>\n<\/tr>\n<tr>\n<td><strong style=\"color: #333333;\">R\u00facula y Crudo:&nbsp;<span style=\"font-weight: 400;\">R\u00facula, queso parmesano, tomatitos cherrys, olivas negras, crutones y jam\u00f3n crudo.<\/span><\/strong><\/td>\n<td style=\"text-align: right;\"><span style=\"color: #333333;\">&nbsp;$9400<br><\/span><\/td>\n<\/tr>\n<tr>\n<td><strong style=\"color: #333333;\">Langostinos:<\/strong><span style=\"color: #333333;\"> lechuga, langostinos rebozados fritos, tomatitos cherry, queso fymbo y palta.<\/span><\/td>\n<td style=\"text-align: right;\"><span style=\"color: #333333;\">&nbsp;$10400<\/span><\/td>\n<\/tr>\n<tr>\n<td><strong style=\"color: #333333;\">R\u00facula y Peras:&nbsp;<span style=\"font-weight: 400;\">R\u00facula, peras, nueces y queso azul.<\/span><\/strong><\/td>\n<td style=\"text-align: right;\"><span style=\"color: #333333;\">&nbsp;$8600<\/span><\/td>\n<\/tr>\n<\/tbody>\n<\/table><\/div><\/div><div class=\"vce-single-image-container vce-single-image--align-center\"><div class=\"vce vce-single-image-wrapper\" id=\"el-baae96a0\" data-vce-do-apply=\"all el-baae96a0\"><figure><div class=\"vce-single-image-inner vce-single-image--absolute\" style=\"padding-bottom: 65.4846%; width: 423px;\"><img class=\"vce-single-image\" width=\"423\" height=\"277\"src=\"https:\/\/growbrands.net\/neworder\/wp-content\/uploads\/2024\/04\/pepecito-fotoensalada-423x277.jpg\" srcset=\"https:\/\/growbrands.net\/neworder\/wp-content\/uploads\/2024\/04\/pepecito-fotoensalada-320x210.jpg 320w,https:\/\/growbrands.net\/neworder\/wp-content\/uploads\/2024\/04\/pepecito-fotoensalada-423x277.jpg 423w\" data-img-src=\"https:\/\/growbrands.net\/neworder\/wp-content\/uploads\/2022\/05\/pepecito-fotoensalada.jpg\" alt=\"\" title=\"pepecito-fotoensalada\" \/><\/div><figcaption hidden=\"\"><\/figcaption><\/figure><\/div><\/div><\/div><\/div><\/div><\/div><\/div><\/div><div class=\"vce-row-container\"><div class=\"vce-row vce-row--col-gap-30 vce-row-columns--top vce-row-content--top\" id=\"el-d7d497b8\" data-vce-do-apply=\"all el-d7d497b8\"><div class=\"vce-content-background-container\"><\/div><div class=\"vce-row-content\" data-vce-element-content=\"true\"><div class=\"vce-col vce-col--md-auto vce-col--xs-1 vce-col--xs-last vce-col--xs-first vce-col--sm-last vce-col--sm-first vce-col--md-last vce-col--lg-last vce-col--xl-last vce-col--md-first vce-col--lg-first vce-col--xl-first\" id=\"el-6199cda7\"><div class=\"vce-col-inner\" data-vce-do-apply=\"border margin background  el-6199cda7\"><div class=\"vce-col-content\" data-vce-element-content=\"true\" data-vce-do-apply=\"padding el-6199cda7\"><div class=\"vce-text-block\"><div class=\"vce-text-block-wrapper vce\" id=\"el-24f8587f\" data-vce-do-apply=\"all el-24f8587f\"><p><img class=\"alignnone wp-image-52245\" src=\"https:\/\/growbrands.net\/neworder\/wp-content\/uploads\/2022\/05\/pepecito-salon-titulo-tartas.png\" alt=\"\" width=\"117\" height=\"49\"><\/p><\/div><\/div><div class=\"vce-text-block\"><div class=\"vce-text-block-wrapper vce\" id=\"el-f4470e5d\" data-vce-do-apply=\"all el-f4470e5d\"><table width=\"952\">\n<tbody>\n<tr>\n<td width=\"849\"><span style=\"color: #333333;\">Calabaza, espinaca y choclo<\/span><\/td>\n<td style=\"text-align: right;\" width=\"103\"><span style=\"color: #333333;\">&nbsp;$7600<\/span><\/td>\n<\/tr>\n<tr>\n<td><span style=\"color: #333333;\">Pollo<\/span><\/td>\n<td style=\"text-align: right;\"><span style=\"color: #333333;\">&nbsp;$8800<\/span><\/td>\n<\/tr>\n<tr>\n<td><span style=\"color: #333333;\">Salm\u00f3n<\/span><\/td>\n<td style=\"text-align: right;\"><span style=\"color: #333333;\">&nbsp;$9500<\/span><\/td>\n<\/tr>\n<tr>\n<td><span style=\"color: #333333;\">Puerro y crocantes de jam\u00f3n crudo<\/span><\/td>\n<td style=\"text-align: right;\"><span style=\"color: #333333;\">&nbsp;$7600<\/span><\/td>\n<\/tr>\n<\/tbody>\n<\/table>\n<p><span style=\"font-size: 10pt; color: #333333;\"><strong>Guarniciones Incluidas:<\/strong>&nbsp;Ensalada mixta, Papas Fritas o Pur\u00e9 de Papas.<br><\/span><\/p>\n<p class=\"p1\"><strong><span style=\"font-size: 10pt; color: #333333;\">Cambi\u00e1 tu Guarnici\u00f3n:&nbsp;&nbsp;<span style=\"font-weight: 400;\">P<\/span><\/span><\/strong><span style=\"font-size: 10pt; color: #333333;\">apas con cheddar&nbsp; (+$2000), Papas con huevo revuelto (+$2000) o Ensalada de r\u00facula y queso parmesano <\/span><span style=\"font-size: 10pt; color: #333333;\">(+$1500) <\/span><span style=\"font-size: 10pt; color: #333333;\"><br><\/span><\/p><\/div><\/div><div class=\"vce-single-image-container vce-single-image--align-center\"><div class=\"vce vce-single-image-wrapper\" id=\"el-60c9df4a\" data-vce-do-apply=\"all el-60c9df4a\"><figure><div class=\"vce-single-image-inner vce-single-image--absolute\" style=\"padding-bottom: 65.4846%; width: 423px;\"><img class=\"vce-single-image\" width=\"423\" height=\"277\"src=\"https:\/\/growbrands.net\/neworder\/wp-content\/uploads\/2024\/04\/pepecito-fototarta-423x277.jpg\" srcset=\"https:\/\/growbrands.net\/neworder\/wp-content\/uploads\/2024\/04\/pepecito-fototarta-320x210.jpg 320w,https:\/\/growbrands.net\/neworder\/wp-content\/uploads\/2024\/04\/pepecito-fototarta-423x277.jpg 423w\" data-img-src=\"https:\/\/growbrands.net\/neworder\/wp-content\/uploads\/2022\/05\/pepecito-fototarta.jpg\" alt=\"\" title=\"pepecito-fototarta\" \/><\/div><figcaption hidden=\"\"><\/figcaption><\/figure><\/div><\/div><\/div><\/div><\/div><\/div><\/div><\/div><div class=\"vce-row-container\"><div class=\"vce-row vce-row--col-gap-30 vce-row-columns--top vce-row-content--top\" id=\"el-4dc6b8bc\" data-vce-do-apply=\"all el-4dc6b8bc\"><div class=\"vce-content-background-container\"><\/div><div class=\"vce-row-content\" data-vce-element-content=\"true\"><div class=\"vce-col vce-col--md-auto vce-col--xs-1 vce-col--xs-last vce-col--xs-first vce-col--sm-last vce-col--sm-first vce-col--md-last vce-col--lg-last vce-col--xl-last vce-col--md-first vce-col--lg-first vce-col--xl-first\" id=\"el-7e484cdc\"><div class=\"vce-col-inner\" data-vce-do-apply=\"border margin background  el-7e484cdc\"><div class=\"vce-col-content\" data-vce-element-content=\"true\" data-vce-do-apply=\"padding el-7e484cdc\"><div class=\"vce-text-block\"><div class=\"vce-text-block-wrapper vce\" id=\"el-2974557e\" data-vce-do-apply=\"all el-2974557e\"><p><img class=\"alignnone wp-image-52249\" src=\"https:\/\/growbrands.net\/neworder\/wp-content\/uploads\/2022\/05\/pepecito-salon-titulo-menuinfantil-300x72.png\" alt=\"\" width=\"250\" height=\"60\"><\/p><\/div><\/div><div class=\"vce-text-block\"><div class=\"vce-text-block-wrapper vce\" id=\"el-67859553\" data-vce-do-apply=\"all el-67859553\"><table style=\"height: 72px;\" width=\"944\">\n<tbody>\n<tr style=\"height: 24px;\">\n<td style=\"height: 24px; width: 833.859px;\"><strong style=\"color: #333333;\">Milanesita con Papas Fritas<\/strong><\/td>\n<td style=\"text-align: right; height: 24px; width: 94.1406px;\"><span style=\"color: #333333;\">&nbsp;$6500<\/span><\/td>\n<\/tr>\n<tr style=\"height: 24px;\">\n<td style=\"height: 24px; width: 833.859px;\"><strong style=\"color: #333333;\">Lomito con Papas Fritas.<\/strong><\/td>\n<td style=\"text-align: right; height: 24px; width: 94.1406px;\"><span style=\"color: #333333;\">&nbsp;$6500<\/span><\/td>\n<\/tr>\n<tr style=\"height: 24px;\">\n<td style=\"height: 24px; width: 833.859px;\"><strong style=\"color: #333333;\">Sanguchito de Milanesa con Papas Fritas.<\/strong><\/td>\n<td style=\"text-align: right; height: 24px; width: 94.1406px;\"><span style=\"color: #333333;\">&nbsp;$6500<\/span><\/td>\n<\/tr>\n<tr>\n<td style=\"width: 833.859px;\"><span style=\"font-weight: 400; font-style: normal;\"><strong style=\"color: #333333;\">&nbsp;<span style=\"font-weight: 400; font-style: normal;\">Todos los infantiles incluyen bebida individual y postrecito (Valido para ni\u00f1os menores a 12 a\u00f1os)<\/span><\/strong><\/span><strong style=\"color: #333333;\"><br><\/strong><\/td>\n<td style=\"text-align: right; width: 94.1406px;\"><span style=\"color: #333333;\">&nbsp;<\/span><\/td>\n<\/tr>\n<\/tbody>\n<\/table>\n<p>&nbsp;<\/p><\/div><\/div><\/div><\/div><\/div><\/div><\/div><\/div><\/div><\/div><\/div><\/div><\/div><\/div><div class=\"vce-row-container\"><div class=\"vce-row vce-element--has-background vce-row--col-gap-30 vce-row-columns--top vce-row-content--top\" id=\"el-b2a79c7d\" data-vce-do-apply=\"all el-b2a79c7d\"><div class=\"vce-content-background-container\"><\/div><div class=\"vce-row-content\" data-vce-element-content=\"true\"><div class=\"vce-col vce-col--md-auto vce-col--xs-1 vce-col--xs-last vce-col--xs-first vce-col--sm-last vce-col--sm-first vce-col--md-last vce-col--lg-last vce-col--xl-last vce-col--md-first vce-col--lg-first vce-col--xl-first\" id=\"el-52c4c11d\"><div class=\"vce-col-inner\" data-vce-do-apply=\"border margin background  el-52c4c11d\"><div class=\"vce-col-content\" data-vce-element-content=\"true\" data-vce-do-apply=\"padding el-52c4c11d\"><div class=\"vce-row-container\"><div class=\"vce-row vce-row--col-gap-30 vce-row-columns--top vce-row-content--top\" id=\"el-ab9a361d\" data-vce-do-apply=\"all el-ab9a361d\"><div class=\"vce-row-content\" data-vce-element-content=\"true\"><div class=\"vce-col vce-col--md-auto vce-col--xs-1 vce-col--xs-last vce-col--xs-first vce-col--sm-last vce-col--sm-first vce-col--md-last vce-col--lg-last vce-col--xl-last vce-col--md-first vce-col--lg-first vce-col--xl-first\" id=\"el-e9473c3c\"><div class=\"vce-col-inner\" data-vce-do-apply=\"border margin background  el-e9473c3c\"><div class=\"vce-col-content\" data-vce-element-content=\"true\" data-vce-do-apply=\"padding el-e9473c3c\"><div class=\"vce-button--style-outline-container vce-button--style-outline-container--align-center\"><span class=\"vce-button--style-outline-wrapper vce\" id=\"el-b69f1420\" data-vce-do-apply=\"margin el-b69f1420\"><a class=\"vce-button--style-outline-animated vce-button--style-outline--border-round vce-button--style-outline--size-medium vce-button--style-outline-animated--color-b-126-202-182--fff--3d3d3d vce-button--style-outline-animated--border-color-b-126-202-182--3d3d3d vce-button--style-outline-animated--background-color-3d3d3d\" href=\"https:\/\/growbrands.net\/neworder\/pepecito-menu-delivery\/\" title=\"\" data-vce-do-apply=\"padding border background  el-b69f1420\"><span class=\"vce-button--style-outline-text\">Volver<\/span><\/a><\/span><\/div><\/div><\/div><\/div><\/div><\/div><\/div><\/div><\/div><\/div><\/div><\/div><\/div><div class=\"vce-row-container\"><div class=\"vce-row vce-row--col-gap-30 vce-row-columns--top vce-row-content--top\" id=\"el-80178152\" data-vce-do-apply=\"all el-80178152\"><div class=\"vce-row-content\" data-vce-element-content=\"true\"><div class=\"vce-col vce-col--md-auto vce-col--xs-1 vce-col--xs-last vce-col--xs-first vce-col--sm-last vce-col--sm-first vce-col--md-last vce-col--lg-last vce-col--xl-last vce-col--md-first vce-col--lg-first vce-col--xl-first\" id=\"el-d470094f\"><div class=\"vce-col-inner\" data-vce-do-apply=\"border margin background  el-d470094f\"><div class=\"vce-col-content\" data-vce-element-content=\"true\" data-vce-do-apply=\"padding el-d470094f\"><div class=\"vce-widgets-container\"><div class=\"vce vce-widgets-wrapper\" id=\"el-aa277eda\" data-vce-do-apply=\"all el-aa277eda\"><div class=\"textwidget custom-html-widget\"><div style=\"text-align; background-color:#000;\">\n<p style=\"text-align: center;\"><a href=\"http:\/\/www.neworder.menu\" target=\"_blank\" style=\"text-decoration:none;\"><span style=\"color:#ffffff;\">New Order: QR Digital Menu <br By Grow Brands<\/span><\/a><\/p>\n\t<\/div><\/div><\/div><\/div><\/div><\/div><\/div><\/div><\/div><\/div>\n","protected":false},"excerpt":{"rendered":"<p>De ternera o pollo Cl\u00e1sica &nbsp;$6800 Caballo:&nbsp;Dos huevos fritos y or\u00e9gano &nbsp;$7500 Napolitana:&nbsp;Salsa de tomate, jam\u00f3n cocido, queso muzzarella y or\u00e9gano. &nbsp;$9000 Suiza:&nbsp;Queso muzzarella y or\u00e9gano. &nbsp;$8500 Fugazzeta:&nbsp;Queso muzzarella, cebolla, aceite de oliva y or\u00e9gano.&nbsp;Nota:la cebolla se cocina en el horno. &nbsp;$8500 &nbsp;Guacamole:&nbsp;Queso crema, guacamole, &hellip; <\/p>\n","protected":false},"author":47,"featured_media":0,"parent":0,"menu_order":0,"comment_status":"closed","ping_status":"closed","template":"","meta":{"_monsterinsights_skip_tracking":false,"_monsterinsights_sitenote_active":false,"_monsterinsights_sitenote_note":"","_monsterinsights_sitenote_category":0,"footnotes":""},"coauthors":[94],"class_list":["post-52314","page","type-page","status-publish","hentry"],"_links":{"self":[{"href":"https:\/\/growbrands.net\/neworder\/wp-json\/wp\/v2\/pages\/52314","targetHints":{"allow":["GET"]}}],"collection":[{"href":"https:\/\/growbrands.net\/neworder\/wp-json\/wp\/v2\/pages"}],"about":[{"href":"https:\/\/growbrands.net\/neworder\/wp-json\/wp\/v2\/types\/page"}],"author":[{"embeddable":true,"href":"https:\/\/growbrands.net\/neworder\/wp-json\/wp\/v2\/users\/47"}],"replies":[{"embeddable":true,"href":"https:\/\/growbrands.net\/neworder\/wp-json\/wp\/v2\/comments?post=52314"}],"version-history":[{"count":42,"href":"https:\/\/growbrands.net\/neworder\/wp-json\/wp\/v2\/pages\/52314\/revisions"}],"predecessor-version":[{"id":74349,"href":"https:\/\/growbrands.net\/neworder\/wp-json\/wp\/v2\/pages\/52314\/revisions\/74349"}],"wp:attachment":[{"href":"https:\/\/growbrands.net\/neworder\/wp-json\/wp\/v2\/media?parent=52314"}],"wp:term":[{"taxonomy":"author","embeddable":true,"href":"https:\/\/growbrands.net\/neworder\/wp-json\/wp\/v2\/coauthors?post=52314"}],"curies":[{"name":"wp","href":"https:\/\/api.w.org\/{rel}","templated":true}]}}