{"id":52306,"date":"2022-05-06T16:20:47","date_gmt":"2022-05-06T19:20:47","guid":{"rendered":"https:\/\/growbrands.net\/neworder\/?page_id=52306"},"modified":"2024-04-07T13:38:37","modified_gmt":"2024-04-07T16:38:37","slug":"pepecito-menu-delivery-pizzas","status":"publish","type":"page","link":"https:\/\/growbrands.net\/neworder\/pepecito-menu-delivery-pizzas\/","title":{"rendered":"Pepecito &#8211; Men\u00fa Delivery &#8211; Pizzas"},"content":{"rendered":"<div class=\"vce-row-container\"><div class=\"vce-row vce-element--has-background vce-row--col-gap-30 vce-row-columns--top vce-row-content--top\" id=\"el-1f096c6d\" data-vce-do-apply=\"all el-1f096c6d\"><div class=\"vce-content-background-container\"><div class=\"vce-asset-parallax-container vce-visible-all-only\" data-vce-assets-parallax=\".vce-asset-parallax\" data-vce-assets-parallax-speed=\"30\" data-vce-assets-parallax-reverse=\"false\"><div class=\"vce-asset-parallax\" style=\"top: -30vh; bottom: -30vh; transform: translateY(1.90779vh);\"><div class=\"vce-asset-background-simple-container vce-visible-all-only vce-asset-background-simple--style-full-width vce-asset-background-simple--position-center-top\"><div class=\"vce-asset-background-simple\"><div class=\"vce-asset-background-simple-item\" style=\"background-image: url('https:\/\/growbrands.net\/neworder\/wp-content\/uploads\/2022\/04\/pepecito-internafondo-scaled.jpg');\"><\/div><\/div><\/div><\/div><\/div><\/div><div class=\"vce-row-content\" data-vce-element-content=\"true\"><div class=\"vce-col vce-col--md-auto vce-col--xs-1 vce-col--xs-last vce-col--xs-first vce-col--sm-last vce-col--sm-first vce-col--md-last vce-col--lg-last vce-col--xl-last vce-col--md-first vce-col--lg-first vce-col--xl-first\" id=\"el-999bc871\"><div class=\"vce-col-inner\" data-vce-do-apply=\"border margin background  el-999bc871\"><div class=\"vce-col-content\" data-vce-element-content=\"true\" data-vce-do-apply=\"padding el-999bc871\"><div class=\"vce-single-image-container vce-single-image--align-center\"><div class=\"vce vce-single-image-wrapper\" id=\"el-db0cfdd1\" data-vce-do-apply=\"all el-db0cfdd1\"><figure><div class=\"vce-single-image-inner vce-single-image--absolute vce-single-image--border-rounded\" style=\"padding-bottom: 179.335%; width: 571px;\"><img class=\"vce-single-image\" width=\"571\" height=\"1024\"src=\"https:\/\/growbrands.net\/neworder\/wp-content\/uploads\/2024\/04\/pepecito-delivery-portadapizzas-571x1024.png\" srcset=\"https:\/\/growbrands.net\/neworder\/wp-content\/uploads\/2024\/04\/pepecito-delivery-portadapizzas-320x574.png 320w,https:\/\/growbrands.net\/neworder\/wp-content\/uploads\/2024\/04\/pepecito-delivery-portadapizzas-480x861.png 480w,https:\/\/growbrands.net\/neworder\/wp-content\/uploads\/2024\/04\/pepecito-delivery-portadapizzas-571x1024.png 571w\" data-img-src=\"https:\/\/growbrands.net\/neworder\/wp-content\/uploads\/2022\/05\/pepecito-delivery-portadapizzas.png\" alt=\"\" title=\"pepecito-delivery-portadapizzas\" \/><\/div><figcaption hidden=\"\"><\/figcaption><\/figure><\/div><\/div><div class=\"vce-row-container\"><div class=\"vce-row vce-row--col-gap-30 vce-row-columns--top vce-row-content--top\" id=\"el-6400e0b2\" data-vce-do-apply=\"all el-6400e0b2\"><div class=\"vce-content-background-container\"><\/div><div class=\"vce-row-content\" data-vce-element-content=\"true\"><div class=\"vce-col vce-col--md-auto vce-col--xs-1 vce-col--xs-last vce-col--xs-first vce-col--sm-last vce-col--sm-first vce-col--md-last vce-col--lg-last vce-col--xl-last vce-col--md-first vce-col--lg-first vce-col--xl-first\" id=\"el-a3aa24cc\"><div class=\"vce-col-inner\" data-vce-do-apply=\"border margin background  el-a3aa24cc\"><div class=\"vce-col-content\" data-vce-element-content=\"true\" data-vce-do-apply=\"padding el-a3aa24cc\"><div class=\"vce-text-block\"><div class=\"vce-text-block-wrapper vce\" id=\"el-e96c1ba7\" data-vce-do-apply=\"all el-e96c1ba7\"><p class=\"p1\"><span class=\"s1\" style=\"color: #333333;\">Media masa al molde \/ 8 porciones \/ 4 porciones <\/span><\/p>\n<table width=\"944\">\n<tbody>\n<tr>\n<td style=\"width: 833.922px;\"><strong style=\"color: #333333;\">Pizza degustaci\u00f3n:&nbsp;<span style=\"font-weight: 400;\">1\/4 de panceta y cebolla - 1\/4 r\u00facula, palta y brie - 1\/4 napolitana - 1\/4 vegetales asados.<\/span><\/strong><\/td>\n<td style=\"text-align: right; width: 94.0781px;\"><span style=\"color: #333333;\">&nbsp;$10600<\/span><\/td>\n<\/tr>\n<tr>\n<td style=\"width: 833.922px;\"><span style=\"color: #333333;\"><strong>Pollo y Cheddar:&nbsp;<span style=\"font-weight: 400;\">Salsa de tomate, queso muzzarella, pollo, cebolla, crocante de panceta, queso cheddar, cebolla de verdeo, barbacoa y aceitunas negras.<\/span><\/strong><\/span><\/td>\n<td style=\"text-align: right; width: 94.0781px;\"><span style=\"color: #333333;\">&nbsp;$11600<br><\/span><\/td>\n<\/tr>\n<tr>\n<td style=\"width: 833.922px;\"><span style=\"color: #333333;\"><strong>Hongos y Verduras:&nbsp;<span style=\"font-weight: 400;\">Salsa de tomate, queso muzzarella, champignon fresco, pimientos, cebolla, tomates cherrys, aceite de oliva y aceitunas negras.&nbsp;<\/span><\/strong><\/span><\/td>\n<td style=\"text-align: right; width: 94.0781px;\"><span style=\"color: #333333;\">&nbsp;$10600<br><\/span><\/td>\n<\/tr>\n<tr>\n<td style=\"width: 833.922px;\"><span style=\"color: #333333;\"><strong>Pepperoni:<\/strong>&nbsp;Salsa de tomate, queso muzzarella, pepperoni, aceitunas verdes y or\u00e9gano.<\/span><\/td>\n<td style=\"text-align: right; width: 94.0781px;\"><span style=\"color: #333333;\">&nbsp;$11000<br><\/span><\/td>\n<\/tr>\n<tr>\n<td style=\"width: 833.922px;\">&nbsp;<strong style=\"color: #333333;\">Panceta y Cebolla:&nbsp;<span style=\"font-weight: 400;\">Salsa de tomate, queso muzzarella, panceta ahumanda y cebolla salteada, aceitunas negras y or\u00e9gano.<\/span><\/strong><\/td>\n<td style=\"text-align: right; width: 94.0781px;\"><span style=\"color: #333333;\">&nbsp;$10600<br><\/span><\/td>\n<\/tr>\n<tr>\n<td style=\"width: 833.922px;\"><strong style=\"color: #333333;\">Vegetales Asados:&nbsp;<span style=\"font-weight: 400;\">Salsa de tomate, queso muzzarella, pimientos, berenjena, zucchini, cebolla y aceitunas negras.<\/span><\/strong><\/td>\n<td style=\"text-align: right; width: 94.0781px;\"><span style=\"color: #333333;\">&nbsp;$10600<br><\/span><\/td>\n<\/tr>\n<tr>\n<td style=\"width: 833.922px;\"><strong style=\"color: #333333;\">R\u00facula, Palta y Brie:&nbsp;<span style=\"font-weight: 400;\">Salsa de tomate, queso muzzarella, r\u00facula, palta, queso brie, tomates cherrys y aceite de oliva.<\/span><\/strong><\/td>\n<td style=\"text-align: right; width: 94.0781px;\"><span style=\"color: #333333;\">&nbsp;$13000<br><\/span><\/td>\n<\/tr>\n<tr>\n<td style=\"width: 833.922px;\"><strong style=\"color: #333333;\">R\u00facula con Jam\u00f3n Crudo:&nbsp;<span style=\"font-weight: 400;\">Salsa de tomate, queso muzzarella, r\u00facula, jam\u00f3n crudo, queso parmesano, aceite de oliva y aceitunas negras.<\/span><\/strong><\/td>\n<td style=\"text-align: right; width: 94.0781px;\"><span style=\"color: #333333;\">&nbsp;$16000<\/span><\/td>\n<\/tr>\n<tr>\n<td style=\"width: 833.922px;\"><strong style=\"color: #333333;\">Papas y Cheddar:&nbsp;<span style=\"font-weight: 400;\">Salsa de tomate, queso muzzarella, papas fritas y queso cheddar.&nbsp;<\/span><\/strong><\/td>\n<td style=\"text-align: right; width: 94.0781px;\"><span style=\"color: #333333;\">&nbsp;$9800<br><\/span><\/td>\n<\/tr>\n<tr>\n<td style=\"width: 833.922px;\"><strong style=\"color: #333333;\">Guacamole:<\/strong><span style=\"color: #333333;\">&nbsp;Queso crema,<\/span><span style=\"color: #333333;\">&nbsp;guacamole, tomates cherrys, salsa criolla, perejil y&nbsp; mix de semillas.<\/span><\/td>\n<td style=\"text-align: right; width: 94.0781px;\"><span style=\"color: #333333;\">&nbsp;$10600<\/span><\/td>\n<\/tr>\n<tr>\n<td style=\"width: 833.922px;\"><strong style=\"color: #333333;\">Fugazzeta:<\/strong><span style=\"color: #333333;\">&nbsp;Salsa de tomate, queso muzzarella, cebolla, aceite de oliva, aceitunas verdes y or\u00e9gano.&nbsp;<\/span><strong><span style=\"color: #333333;\">Nota: la cebolla se cocina en el horno.<\/span><\/strong><\/td>\n<td style=\"text-align: right; width: 94.0781px;\"><span style=\"color: #333333;\">&nbsp;$9200<\/span><\/td>\n<\/tr>\n<tr>\n<td style=\"width: 833.922px;\">&nbsp;<strong style=\"color: #333333;\">Fuga y Huevo:<\/strong><span style=\"color: #333333;\"> Salsa de tomate, queso muzzarella, cebolla, huevo, aceitunas verdes y or\u00e9gano. <\/span><strong><span style=\"color: #333333;\">Nota: la cebolla y el huevo se cocinan en el horno.<\/span><\/strong><\/td>\n<td style=\"text-align: right; width: 94.0781px;\"><span style=\"color: #333333;\">$10200<\/span><\/td>\n<\/tr>\n<tr>\n<td style=\"width: 833.922px;\"><span style=\"color: #333333;\"><strong>Fuga y Roquefort:<\/strong> Salsa de tomate, queso muzzarella, cebolla, queso azul y aceitunas negras. <\/span><strong><span style=\"color: #333333;\">Nota: la cebolla se cocina en el horno.<\/span><\/strong><\/td>\n<td style=\"text-align: right; width: 94.0781px;\"><span style=\"color: #333333;\">&nbsp;$10200<\/span><\/td>\n<\/tr>\n<tr>\n<td style=\"width: 833.922px;\"><strong style=\"color: #333333;\">Napolitana:<\/strong><span style=\"color: #333333;\">&nbsp;S<\/span><span style=\"color: #333333;\">alsa de tomate, queso muzzarella, rojadas de tomate, provenzal disecado, aceitunas verdes<\/span><span style=\"color: #333333;\">&nbsp;y or\u00e9gano.<\/span><\/td>\n<td style=\"text-align: right; width: 94.0781px;\"><span style=\"color: #333333;\">&nbsp;$9200<br><\/span><\/td>\n<\/tr>\n<tr>\n<td style=\"width: 833.922px;\"><strong style=\"color: #333333;\">Napo y Albahaca:<\/strong><span style=\"color: #333333;\">&nbsp;S<\/span><span style=\"color: #333333;\">alsa de tomate, queso muzzarella, rojadas de tomate, albahaca fresca, aceite de oliva y aceitunas verdes.&nbsp;<\/span><strong><span style=\"color: #333333;\">Nota: producto estacional.<\/span><\/strong><\/td>\n<td style=\"text-align: right; width: 94.0781px;\"><span style=\"color: #333333;\">&nbsp;$10200<br><\/span><\/td>\n<\/tr>\n<tr>\n<td style=\"width: 833.922px;\"><strong style=\"color: #333333;\">Napo con huevo:<\/strong><span style=\"color: #333333;\">&nbsp;Salsa de tomate, queso muzzarella, rodajas de tomate,provenzal disecado, huevo duro rallado, aceitunas verdes y or\u00e9gano.<\/span><\/td>\n<td style=\"text-align: right; width: 94.0781px;\"><span style=\"color: #333333;\">&nbsp;$10200<br><\/span><\/td>\n<\/tr>\n<tr>\n<td style=\"width: 833.922px;\"><strong style=\"color: #333333;\">Muzzarella:<\/strong><span style=\"color: #333333;\">&nbsp;Salsa de tomate, queso muzzarella, morrones, aceitunas verdes&nbsp; y or\u00e9gano.<\/span><\/td>\n<td style=\"text-align: right; width: 94.0781px;\"><span style=\"color: #333333;\">&nbsp;$8200<br><\/span><\/td>\n<\/tr>\n<tr>\n<td style=\"width: 833.922px;\"><strong style=\"color: #333333;\">Muzzarella Doble:<\/strong><span style=\"color: #333333;\"> Salsa de tomate, 450 grs de muzzarella, morrones, aceitunas verdes&nbsp; y or\u00e9gano.<\/span><\/td>\n<td style=\"text-align: right; width: 94.0781px;\"><span style=\"color: #333333;\">&nbsp;$11000<br><\/span><\/td>\n<\/tr>\n<tr>\n<td style=\"width: 833.922px;\"><strong style=\"color: #333333;\">Muzza con Huevo:<\/strong><span style=\"color: #333333;\"> Salsa de tomate, queso muzzarella, huevo duro rallado, morrones, aceitunas verdes&nbsp; y or\u00e9gano.<\/span><\/td>\n<td style=\"text-align: right; width: 94.0781px;\"><span style=\"color: #333333;\">&nbsp;$9200<br><\/span><\/td>\n<\/tr>\n<tr>\n<td style=\"width: 833.922px;\">&nbsp;<strong style=\"color: #333333;\">Muzza y Albahaca:<\/strong><span style=\"color: #333333;\">&nbsp;Salsa de tomate, queso muzzarella, hojas de albahaca fresca, aceite de oliva y aceitunas verdes.&nbsp;<\/span>&nbsp;<strong><span style=\"color: #333333;\">Nota: producto estacional.<\/span><\/strong><\/td>\n<td style=\"text-align: right; width: 94.0781px;\"><span style=\"color: #333333;\">&nbsp;$9200<br><\/span><\/td>\n<\/tr>\n<tr>\n<td style=\"width: 833.922px;\"><strong style=\"color: #333333;\">Peras y Nueces:&nbsp;<span style=\"font-weight: 400;\">Salsa de tomate, queso muzzarella, l\u00e1minas de peras, az\u00facar negro, nueces y aceitunas negras.<\/span><\/strong><\/td>\n<td style=\"text-align: right; width: 94.0781px;\"><span style=\"color: #333333;\">&nbsp;$11000<br><\/span><\/td>\n<\/tr>\n<tr>\n<td style=\"width: 833.922px;\"><strong style=\"color: #333333;\">Hawaiana:&nbsp;<span style=\"font-weight: 400;\">Salsa de tomate, jam\u00f3n cocido, queso muzzarella, anan\u00e1, az\u00facar negro y aceitunas negras.<\/span><\/strong><\/td>\n<td style=\"text-align: right; width: 94.0781px;\"><span style=\"color: #333333;\">&nbsp;$16000<br><\/span><\/td>\n<\/tr>\n<tr>\n<td style=\"width: 833.922px;\"><strong style=\"color: #333333;\">Champignon:&nbsp;<span style=\"font-weight: 400;\">Salsa de tomate, jam\u00f3n cocido, queso muzzarella, champignon fresco, provenzal fresco y aceitunas negras.<\/span><\/strong><\/td>\n<td style=\"text-align: right; width: 94.0781px;\">\n<p><span style=\"color: #333333;\">&nbsp;$12600<\/span><\/p>\n<\/td>\n<\/tr>\n<tr>\n<td style=\"width: 833.922px;\"><span style=\"color: #333333;\"><strong>Palmito:<span style=\"font-weight: 400;\">&nbsp;<\/span><\/strong><\/span><strong style=\"color: #333333;\"><span style=\"font-weight: 400;\">Salsa de tomate, jam\u00f3n cocido, queso muzzarella, palmitos, morrones, aceitunas negras y salsa golf<\/span><\/strong><\/td>\n<td style=\"text-align: right; width: 94.0781px;\"><span style=\"color: #333333;\">&nbsp;$20000<br><\/span><\/td>\n<\/tr>\n<tr>\n<td style=\"width: 833.922px;\"><span style=\"color: #333333;\"><strong>&nbsp;<\/strong><\/span><strong style=\"color: #333333;\">Provolone:&nbsp;<span style=\"font-weight: 400;\">Salsa de tomate, queso muzzarella, queso provolone, aj\u00ed molido, aceite de oliva, morrones, or\u00e9gano y aceitunas negras.&nbsp;<\/span><\/strong><\/td>\n<td style=\"text-align: right; width: 94.0781px;\"><span style=\"color: #333333;\">$11600&nbsp;<\/span><\/td>\n<\/tr>\n<tr>\n<td style=\"width: 833.922px;\"><span style=\"color: #333333;\"><strong>&nbsp;<\/strong><\/span><strong style=\"color: #333333;\">Roquefort:&nbsp;<span style=\"font-weight: 400;\">Salsa de tomate, queso muzzarella, queso azul, morrones, aceitunas negras.<\/span><\/strong><\/td>\n<td style=\"text-align: right; width: 94.0781px;\"><span style=\"color: #333333;\">$10600&nbsp;<\/span><\/td>\n<\/tr>\n<tr>\n<td style=\"width: 833.922px;\"><span style=\"color: #333333;\"><strong>&nbsp;Tres Quesos: <\/strong><\/span><strong style=\"color: #333333;\"><span style=\"font-weight: 400;\">Salsa de tomate, queso muzzarella, queso provolone, queso azul, morrones, aceitunas negras.<\/span><\/strong><\/td>\n<td style=\"text-align: right; width: 94.0781px;\"><span style=\"color: #333333;\">$12600&nbsp;<\/span><\/td>\n<\/tr>\n<tr>\n<td style=\"width: 833.922px;\"><span style=\"color: #333333;\"><strong>&nbsp;<\/strong><\/span><strong style=\"color: #333333;\">Provenzal:&nbsp;<span style=\"font-weight: 400;\">Salsa de tomate, queso muzzarella, provenzal fresco y aceitunas negras.&nbsp;<\/span><\/strong><\/td>\n<td style=\"text-align: right; width: 94.0781px;\"><span style=\"color: #333333;\">$9200&nbsp;<\/span><\/td>\n<\/tr>\n<tr>\n<td style=\"width: 833.922px;\"><span style=\"color: #333333;\"><strong>&nbsp;<\/strong><\/span><strong style=\"color: #333333;\">Especial:&nbsp;<span style=\"font-weight: 400;\">Salsa de tomate, jam\u00f3n cocido, queso muzzarella, morrones, aceitunas verdes y or\u00e9gano.<\/span><\/strong><\/td>\n<td style=\"text-align: right; width: 94.0781px;\"><span style=\"color: #333333;\">$9600&nbsp;<\/span><\/td>\n<\/tr>\n<tr>\n<td style=\"width: 833.922px;\"><span style=\"color: #333333;\"><strong>&nbsp;<\/strong><\/span><strong style=\"color: #333333;\">Especial con Huevo:&nbsp;<span style=\"font-weight: 400;\">Salsa de tomate, jam\u00f3n cocido, queso muzzarella, huevo duro rallado,&nbsp; morrones, aceitunas verdes y or\u00e9gano.<\/span><\/strong><\/td>\n<td style=\"text-align: right; width: 94.0781px;\"><span style=\"color: #333333;\">$10600&nbsp;<\/span><\/td>\n<\/tr>\n<\/tbody>\n<\/table>\n<p>&nbsp;<\/p><\/div><\/div><div class=\"vce-single-image-container vce-single-image--align-center\"><div class=\"vce vce-single-image-wrapper\" id=\"el-4bbb64f7\" data-vce-do-apply=\"all el-4bbb64f7\"><figure><div class=\"vce-single-image-inner vce-single-image--absolute\" style=\"padding-bottom: 65.4846%; width: 423px;\"><img class=\"vce-single-image\" width=\"423\" height=\"277\"src=\"https:\/\/growbrands.net\/neworder\/wp-content\/uploads\/2024\/04\/pepecito-fotopizzas-423x277.jpg\" srcset=\"https:\/\/growbrands.net\/neworder\/wp-content\/uploads\/2024\/04\/pepecito-fotopizzas-320x210.jpg 320w,https:\/\/growbrands.net\/neworder\/wp-content\/uploads\/2024\/04\/pepecito-fotopizzas-423x277.jpg 423w\" data-img-src=\"https:\/\/growbrands.net\/neworder\/wp-content\/uploads\/2022\/05\/pepecito-fotopizzas.jpg\" alt=\"\" title=\"pepecito-fotopizzas\" \/><\/div><figcaption hidden=\"\"><\/figcaption><\/figure><\/div><\/div><\/div><\/div><\/div><\/div><\/div><\/div><\/div><\/div><\/div><\/div><\/div><\/div><div class=\"vce-row-container\"><div class=\"vce-row vce-element--has-background vce-row--col-gap-30 vce-row-columns--top vce-row-content--top\" id=\"el-b2a79c7d\" data-vce-do-apply=\"all el-b2a79c7d\"><div class=\"vce-content-background-container\"><\/div><div class=\"vce-row-content\" data-vce-element-content=\"true\"><div class=\"vce-col vce-col--md-auto vce-col--xs-1 vce-col--xs-last vce-col--xs-first vce-col--sm-last vce-col--sm-first vce-col--md-last vce-col--lg-last vce-col--xl-last vce-col--md-first vce-col--lg-first vce-col--xl-first\" id=\"el-52c4c11d\"><div class=\"vce-col-inner\" data-vce-do-apply=\"border margin background  el-52c4c11d\"><div class=\"vce-col-content\" data-vce-element-content=\"true\" data-vce-do-apply=\"padding el-52c4c11d\"><div class=\"vce-row-container\"><div class=\"vce-row vce-row--col-gap-30 vce-row-columns--top vce-row-content--top\" id=\"el-ab9a361d\" data-vce-do-apply=\"all el-ab9a361d\"><div class=\"vce-row-content\" data-vce-element-content=\"true\"><div class=\"vce-col vce-col--md-auto vce-col--xs-1 vce-col--xs-last vce-col--xs-first vce-col--sm-last vce-col--sm-first vce-col--md-last vce-col--lg-last vce-col--xl-last vce-col--md-first vce-col--lg-first vce-col--xl-first\" id=\"el-e9473c3c\"><div class=\"vce-col-inner\" data-vce-do-apply=\"border margin background  el-e9473c3c\"><div class=\"vce-col-content\" data-vce-element-content=\"true\" data-vce-do-apply=\"padding el-e9473c3c\"><div class=\"vce-button--style-outline-container vce-button--style-outline-container--align-center\"><span class=\"vce-button--style-outline-wrapper vce\" id=\"el-e5f38b11\" data-vce-do-apply=\"margin el-e5f38b11\"><a class=\"vce-button--style-outline-animated vce-button--style-outline--border-round vce-button--style-outline--size-medium vce-button--style-outline-animated--color-b-126-202-182--fff--3d3d3d vce-button--style-outline-animated--border-color-b-126-202-182--3d3d3d vce-button--style-outline-animated--background-color-3d3d3d\" href=\"https:\/\/growbrands.net\/neworder\/pepecito-menu-delivery\/\" title=\"\" data-vce-do-apply=\"padding border background  el-e5f38b11\"><span class=\"vce-button--style-outline-text\">Volver<\/span><\/a><\/span><\/div><\/div><\/div><\/div><\/div><\/div><\/div><\/div><\/div><\/div><\/div><\/div><\/div><div class=\"vce-row-container\"><div class=\"vce-row vce-row--col-gap-30 vce-row-columns--top vce-row-content--top\" id=\"el-80178152\" data-vce-do-apply=\"all el-80178152\"><div class=\"vce-row-content\" data-vce-element-content=\"true\"><div class=\"vce-col vce-col--md-auto vce-col--xs-1 vce-col--xs-last vce-col--xs-first vce-col--sm-last vce-col--sm-first vce-col--md-last vce-col--lg-last vce-col--xl-last vce-col--md-first vce-col--lg-first vce-col--xl-first\" id=\"el-d470094f\"><div class=\"vce-col-inner\" data-vce-do-apply=\"border margin background  el-d470094f\"><div class=\"vce-col-content\" data-vce-element-content=\"true\" data-vce-do-apply=\"padding el-d470094f\"><div class=\"vce-widgets-container\"><div class=\"vce vce-widgets-wrapper\" id=\"el-aa277eda\" data-vce-do-apply=\"all el-aa277eda\"><div class=\"textwidget custom-html-widget\"><div style=\"text-align; background-color:#000;\">\n<p style=\"text-align: center;\"><a href=\"http:\/\/www.neworder.menu\" target=\"_blank\" style=\"text-decoration:none;\"><span style=\"color:#ffffff;\">New Order: QR Digital Menu <br By Grow Brands<\/span><\/a><\/p>\n\t<\/div><\/div><\/div><\/div><\/div><\/div><\/div><\/div><\/div><\/div>\n","protected":false},"excerpt":{"rendered":"<p>Media masa al molde \/ 8 porciones \/ 4 porciones Pizza degustaci\u00f3n:&nbsp;1\/4 de panceta y cebolla &#8211; 1\/4 r\u00facula, palta y brie &#8211; 1\/4 napolitana &#8211; 1\/4 vegetales asados. &nbsp;$10600 Pollo y Cheddar:&nbsp;Salsa de tomate, queso muzzarella, pollo, cebolla, crocante de panceta, queso cheddar, cebolla &hellip; <\/p>\n","protected":false},"author":47,"featured_media":0,"parent":0,"menu_order":0,"comment_status":"closed","ping_status":"closed","template":"","meta":{"_monsterinsights_skip_tracking":false,"_monsterinsights_sitenote_active":false,"_monsterinsights_sitenote_note":"","_monsterinsights_sitenote_category":0,"footnotes":""},"coauthors":[94],"class_list":["post-52306","page","type-page","status-publish","hentry"],"_links":{"self":[{"href":"https:\/\/growbrands.net\/neworder\/wp-json\/wp\/v2\/pages\/52306","targetHints":{"allow":["GET"]}}],"collection":[{"href":"https:\/\/growbrands.net\/neworder\/wp-json\/wp\/v2\/pages"}],"about":[{"href":"https:\/\/growbrands.net\/neworder\/wp-json\/wp\/v2\/types\/page"}],"author":[{"embeddable":true,"href":"https:\/\/growbrands.net\/neworder\/wp-json\/wp\/v2\/users\/47"}],"replies":[{"embeddable":true,"href":"https:\/\/growbrands.net\/neworder\/wp-json\/wp\/v2\/comments?post=52306"}],"version-history":[{"count":35,"href":"https:\/\/growbrands.net\/neworder\/wp-json\/wp\/v2\/pages\/52306\/revisions"}],"predecessor-version":[{"id":74350,"href":"https:\/\/growbrands.net\/neworder\/wp-json\/wp\/v2\/pages\/52306\/revisions\/74350"}],"wp:attachment":[{"href":"https:\/\/growbrands.net\/neworder\/wp-json\/wp\/v2\/media?parent=52306"}],"wp:term":[{"taxonomy":"author","embeddable":true,"href":"https:\/\/growbrands.net\/neworder\/wp-json\/wp\/v2\/coauthors?post=52306"}],"curies":[{"name":"wp","href":"https:\/\/api.w.org\/{rel}","templated":true}]}}