{"id":52182,"date":"2022-05-05T11:40:33","date_gmt":"2022-05-05T14:40:33","guid":{"rendered":"https:\/\/growbrands.net\/neworder\/?page_id=52182"},"modified":"2024-03-17T12:23:43","modified_gmt":"2024-03-17T15:23:43","slug":"pepecito-menu-salon-tragos","status":"publish","type":"page","link":"https:\/\/growbrands.net\/neworder\/pepecito-menu-salon-tragos\/","title":{"rendered":"Pepecito &#8211; Men\u00fa Sal\u00f3n &#8211; Tragos"},"content":{"rendered":"<div class=\"vce-row-container\"><div class=\"vce-row vce-element--has-background vce-row--col-gap-30 vce-row-columns--top vce-row-content--top\" id=\"el-1f096c6d\" data-vce-do-apply=\"all el-1f096c6d\"><div class=\"vce-content-background-container\"><div class=\"vce-asset-parallax-container vce-visible-all-only\" data-vce-assets-parallax=\".vce-asset-parallax\" data-vce-assets-parallax-speed=\"30\" data-vce-assets-parallax-reverse=\"false\"><div class=\"vce-asset-parallax\" style=\"top: -30vh; bottom: -30vh; transform: translateY(-9.07228vh);\"><div class=\"vce-asset-background-simple-container vce-visible-all-only vce-asset-background-simple--style-full-width vce-asset-background-simple--position-center-top\"><div class=\"vce-asset-background-simple\"><div class=\"vce-asset-background-simple-item\" style=\"background-image: url('https:\/\/growbrands.net\/neworder\/wp-content\/uploads\/2022\/04\/pepecito-internafondo-scaled.jpg');\"><\/div><\/div><\/div><\/div><\/div><\/div><div class=\"vce-row-content\" data-vce-element-content=\"true\"><div class=\"vce-col vce-col--md-auto vce-col--xs-1 vce-col--xs-last vce-col--xs-first vce-col--sm-last vce-col--sm-first vce-col--md-last vce-col--lg-last vce-col--xl-last vce-col--md-first vce-col--lg-first vce-col--xl-first\" id=\"el-999bc871\"><div class=\"vce-col-inner\" data-vce-do-apply=\"border margin background  el-999bc871\"><div class=\"vce-col-content\" data-vce-element-content=\"true\" data-vce-do-apply=\"padding el-999bc871\"><div class=\"vce-single-image-container vce-single-image--align-center\"><div class=\"vce vce-single-image-wrapper\" id=\"el-db0cfdd1\" data-vce-do-apply=\"all el-db0cfdd1\"><figure><div class=\"vce-single-image-inner vce-single-image--absolute vce-single-image--border-rounded\" style=\"padding-bottom: 179.335%; width: 571px;\"><img class=\"vce-single-image\" width=\"571\" height=\"1024\"src=\"https:\/\/growbrands.net\/neworder\/wp-content\/uploads\/2024\/03\/pepecito-salon-portadatragos-571x1024.png\" srcset=\"https:\/\/growbrands.net\/neworder\/wp-content\/uploads\/2024\/03\/pepecito-salon-portadatragos-320x574.png 320w,https:\/\/growbrands.net\/neworder\/wp-content\/uploads\/2024\/03\/pepecito-salon-portadatragos-480x861.png 480w,https:\/\/growbrands.net\/neworder\/wp-content\/uploads\/2024\/03\/pepecito-salon-portadatragos-571x1024.png 571w\" data-img-src=\"https:\/\/growbrands.net\/neworder\/wp-content\/uploads\/2022\/05\/pepecito-salon-portadatragos.png\" alt=\"\" title=\"pepecito-salon-portadatragos\" \/><\/div><figcaption hidden=\"\"><\/figcaption><\/figure><\/div><\/div><div class=\"vce-row-container\"><div class=\"vce-row vce-row--col-gap-30 vce-row-columns--top vce-row-content--top\" id=\"el-6400e0b2\" data-vce-do-apply=\"all el-6400e0b2\"><div class=\"vce-content-background-container\"><\/div><div class=\"vce-row-content\" data-vce-element-content=\"true\"><div class=\"vce-col vce-col--md-auto vce-col--xs-1 vce-col--xs-last vce-col--xs-first vce-col--sm-last vce-col--sm-first vce-col--md-last vce-col--lg-last vce-col--xl-last vce-col--md-first vce-col--lg-first vce-col--xl-first\" id=\"el-a3aa24cc\"><div class=\"vce-col-inner\" data-vce-do-apply=\"border margin background  el-a3aa24cc\"><div class=\"vce-col-content\" data-vce-element-content=\"true\" data-vce-do-apply=\"padding el-a3aa24cc\"><div class=\"vce-text-block\"><div class=\"vce-text-block-wrapper vce\" id=\"el-e96c1ba7\" data-vce-do-apply=\"all el-e96c1ba7\"><table width=\"944\">\n<tbody>\n<tr>\n<td width=\"849\"><strong style=\"color: #333333;\">Fernet con coca:<\/strong><span style=\"color: #333333;\">&nbsp;Fernet Branca con Coca Cola<\/span><\/td>\n<td style=\"text-align: right;\" width=\"95\"><span style=\"color: #333333;\">&nbsp;$3500<\/span><\/td>\n<\/tr>\n<tr>\n<td><span style=\"color: #333333;\"><strong>Minti Tonic:&nbsp;<span style=\"font-weight: 400; font-style: normal;\">Brancamenta Ricetta Italiana y t\u00f3nica.<\/span><\/strong><\/span><\/td>\n<td style=\"text-align: right;\">\n<p><span style=\"color: #333333;\">&nbsp;$3500<\/span><\/p>\n<\/td>\n<\/tr>\n<tr>\n<td><strong style=\"color: #333333;\">Carpano Originale: <span style=\"font-weight: 400; font-style: normal;\">Carpano Rosso, soda y aceituna.<\/span><\/strong><\/td>\n<td style=\"text-align: right;\"><span style=\"color: #333333;\">&nbsp;$3500<\/span><\/td>\n<\/tr>\n<tr>\n<td>&nbsp;<strong style=\"color: #333333;\">Carpano Orange:&nbsp;<span style=\"font-weight: 400;\">Carpano Rosso, soda y rodaja de naranja.<\/span><\/strong><\/td>\n<td style=\"text-align: right;\"><span style=\"color: #333333;\">&nbsp;$3500<\/span><\/td>\n<\/tr>\n<tr>\n<td>\n<p><strong style=\"color: #333333;\">&nbsp;Bianco Tonic:<span style=\"font-weight: 400; font-style: normal;\"> Carpano Bianco y t\u00f3nica.<\/span><\/strong><\/p>\n<\/td>\n<td style=\"text-align: right;\">\n<p><span style=\"color: #333333;\">&nbsp;$35<\/span><span style=\"color: #333333;\">00<\/span><\/p>\n<\/td>\n<\/tr>\n<tr>\n<td><strong style=\"color: #333333;\">Perfect Server Apost\u00f3les:&nbsp;<span style=\"font-weight: 400; font-style: normal;\">Gin pr\u00edncipe los ap\u00f3stoles, t\u00f3nica, romero y rodaja de pomelo rosado.<\/span><\/strong><\/td>\n<td style=\"text-align: right;\"><span style=\"color: #333333;\">&nbsp;$4000<\/span><\/td>\n<\/tr>\n<tr>\n<td><strong style=\"color: #333333;\">Apost\u00f3les Mule: <\/strong><strong style=\"color: #333333;\"><span style=\"font-weight: 400; font-style: normal;\">Gin pr\u00edncipe los ap\u00f3stoles, ginger ale, rodaja y jugo de lim\u00f3n, menta.<\/span><\/strong><\/td>\n<td style=\"text-align: right;\"><span style=\"color: #333333;\">&nbsp;$4000<\/span><\/td>\n<\/tr>\n<tr>\n<td>&nbsp;<strong style=\"color: #333333;\">Gancia Batido:&nbsp;<span style=\"font-weight: 400; font-style: normal;\">Gancia, jugo de lim\u00f3n y az\u00facar.<\/span><\/strong><\/td>\n<td style=\"text-align: right;\"><span style=\"color: #333333;\">&nbsp;$3500<\/span><\/td>\n<\/tr>\n<tr>\n<td><span style=\"color: #333333;\"><strong>Bailey\u00b4s Cookies:&nbsp;&nbsp;<span style=\"font-weight: 400; font-style: normal;\">Bailey\u00b4s, galletas Oreo, helado de crema y leche .<\/span><\/strong><\/span><\/td>\n<td style=\"text-align: right;\"><span style=\"color: #333333;\">&nbsp;$4500<\/span><\/td>\n<\/tr>\n<\/tbody>\n<\/table>\n<p>&nbsp;<\/p><\/div><\/div><div class=\"vce-text-block\"><div class=\"vce-text-block-wrapper vce\" id=\"el-d6668e82\" data-vce-do-apply=\"all el-d6668e82\"><table width=\"944\">\n<tbody>\n<tr>\n<td width=\"849\"><span style=\"color: #333333;\"><strong>Mojito<\/strong>: Ron, jugo de lim\u00f3n, menta, soda y az\u00facar.<\/span><\/td>\n<td style=\"text-align: right;\" width=\"95\"><span style=\"color: #333333;\">&nbsp;$4000<\/span><\/td>\n<\/tr>\n<tr>\n<td><span style=\"color: #333333;\"><strong>Mojito Malib\u00fa<\/strong>: Ron, Malib\u00fa,&nbsp; jugo de lim\u00f3n, menta, soda y az\u00facar.<strong><br><\/strong><\/span><\/td>\n<td style=\"text-align: right;\"><span style=\"color: #333333;\">&nbsp;$4500<\/span><\/td>\n<\/tr>\n<tr>\n<td><span style=\"color: #333333;\"><strong>Campari Tonic:<\/strong> Campari, agua t\u00f3nica y rodaja de lim\u00f3n.<strong><br><\/strong><\/span><\/td>\n<td style=\"text-align: right;\"><span style=\"color: #333333;\">&nbsp;$3500<\/span><\/td>\n<\/tr>\n<tr>\n<td><span style=\"color: #333333;\"><strong>Aperol Spritz: <span style=\"font-weight: 400; font-style: normal;\">Aperol, cinzano Pro Spritz, soda y rodaja de pomelo.<\/span><\/strong><\/span><\/td>\n<td style=\"text-align: right;\"><span style=\"color: #333333;\">&nbsp;$3500<\/span><\/td>\n<\/tr>\n<tr>\n<td><span style=\"color: #333333; text-align: right;\">&nbsp;<\/span><strong style=\"color: #333333;\">Cynar Pomelo:&nbsp;<span style=\"font-weight: 400; font-style: normal;\">Cinzano Rosso, gaseosa de pomelo y rodaja de pomelo.<\/span><\/strong><\/td>\n<td style=\"text-align: right;\"><span style=\"color: #333333;\">&nbsp;$4000<\/span><\/td>\n<\/tr>\n<tr>\n<td><strong style=\"color: #333333;\">Cinzano:&nbsp;<span style=\"font-weight: 400; font-style: normal;\">Cinzano Rosso, soda y rodaja de lim\u00f3n.&nbsp;<\/span><\/strong><\/td>\n<td style=\"text-align: right;\"><span style=\"color: #333333;\">$3500<\/span><\/td>\n<\/tr>\n<tr>\n<td><strong style=\"color: #333333;\">Caipiroska:&nbsp;<span style=\"font-weight: 400; font-style: normal;\">Vodka Sernova, limas maceradas y az\u00facar.<\/span><\/strong><\/td>\n<td style=\"text-align: right;\"><span style=\"color: #333333;\">$3500<\/span>&nbsp;<\/td>\n<\/tr>\n<tr>\n<td><strong style=\"color: #333333;\">&nbsp;Negroni:&nbsp;<span style=\"font-weight: 400; font-style: normal;\">Campari, gin, Cinzano Rosso y rodaja de naranja.<\/span><\/strong><\/td>\n<td style=\"text-align: right;\">\n<p><strong style=\"text-align: start; color: #333333;\"><span style=\"font-weight: 400;\">&nbsp;$4500<\/span><\/strong><span style=\"color: #333333;\">&nbsp;<\/span><\/p>\n<\/td>\n<\/tr>\n<tr>\n<td><strong style=\"color: #333333;\">Johnnie Walker Red Label<\/strong><\/td>\n<td style=\"text-align: right;\">\n<p><span style=\"color: #333333;\">&nbsp;$60<\/span><span style=\"color: #333333;\">00<\/span><\/p>\n<\/td>\n<\/tr>\n<tr>\n<td><strong style=\"color: #333333;\">Johnnie Walker Black Label<\/strong><\/td>\n<td style=\"text-align: right;\"><span style=\"color: #333333;\">&nbsp;$9000&nbsp;<\/span><\/td>\n<\/tr>\n<\/tbody>\n<\/table><\/div><\/div><div class=\"vce-row-container\"><div class=\"vce-row vce-row--col-gap-30 vce-row-columns--top vce-row-content--top\" data-vce-full-width=\"true\" data-vce-stretch-content=\"true\" id=\"el-f0bfce06\" data-vce-do-apply=\"all el-f0bfce06\"><div class=\"vce-row-content\" data-vce-element-content=\"true\"><div class=\"vce-col vce-col--md-auto vce-col--xs-1 vce-col--xs-last vce-col--xs-first vce-col--sm-last vce-col--sm-first vce-col--md-last vce-col--lg-last vce-col--xl-last vce-col--md-first vce-col--lg-first vce-col--xl-first\" id=\"el-7bba38d6\"><div class=\"vce-col-inner\" data-vce-do-apply=\"border margin background  el-7bba38d6\"><div class=\"vce-col-content\" data-vce-element-content=\"true\" data-vce-do-apply=\"padding el-7bba38d6\"><div class=\"vce-text-block\"><div class=\"vce-text-block-wrapper vce\" id=\"el-d96626f0\" data-vce-do-apply=\"all el-d96626f0\"><\/div><\/div><\/div><\/div><\/div><\/div><\/div><\/div><\/div><\/div><\/div><\/div><\/div><\/div><\/div><\/div><\/div><\/div><\/div><\/div><div class=\"vce-row-container\"><div class=\"vce-row vce-element--has-background vce-row--col-gap-30 vce-row-columns--top vce-row-content--top\" id=\"el-b2a79c7d\" data-vce-do-apply=\"all el-b2a79c7d\"><div class=\"vce-content-background-container\"><\/div><div class=\"vce-row-content\" data-vce-element-content=\"true\"><div class=\"vce-col vce-col--md-auto vce-col--xs-1 vce-col--xs-last vce-col--xs-first vce-col--sm-last vce-col--sm-first vce-col--md-last vce-col--lg-last vce-col--xl-last vce-col--md-first vce-col--lg-first vce-col--xl-first\" id=\"el-52c4c11d\"><div class=\"vce-col-inner\" data-vce-do-apply=\"border margin background  el-52c4c11d\"><div class=\"vce-col-content\" data-vce-element-content=\"true\" data-vce-do-apply=\"padding el-52c4c11d\"><div class=\"vce-row-container\"><div class=\"vce-row vce-row--col-gap-30 vce-row-columns--top vce-row-content--top\" id=\"el-ab9a361d\" data-vce-do-apply=\"all el-ab9a361d\"><div class=\"vce-row-content\" data-vce-element-content=\"true\"><div class=\"vce-col vce-col--md-auto vce-col--xs-1 vce-col--xs-last vce-col--xs-first vce-col--sm-last vce-col--sm-first vce-col--md-last vce-col--lg-last vce-col--xl-last vce-col--md-first vce-col--lg-first vce-col--xl-first\" id=\"el-e9473c3c\"><div class=\"vce-col-inner\" data-vce-do-apply=\"border margin background  el-e9473c3c\"><div class=\"vce-col-content\" data-vce-element-content=\"true\" data-vce-do-apply=\"padding el-e9473c3c\"><div class=\"vce-button--style-outline-container vce-button--style-outline-container--align-center\"><span class=\"vce-button--style-outline-wrapper vce\" id=\"el-c7336305\" data-vce-do-apply=\"margin el-c7336305\"><a class=\"vce-button--style-outline-animated vce-button--style-outline--border-round vce-button--style-outline--size-medium vce-button--style-outline-animated--color-b-126-202-182--fff--3d3d3d vce-button--style-outline-animated--border-color-b-126-202-182--3d3d3d vce-button--style-outline-animated--background-color-3d3d3d\" href=\"https:\/\/growbrands.net\/neworder\/pepecito-menu-salon\/\" title=\"\" data-vce-do-apply=\"padding border background  el-c7336305\"><span class=\"vce-button--style-outline-text\">Volver<\/span><\/a><\/span><\/div><\/div><\/div><\/div><\/div><\/div><\/div><\/div><\/div><\/div><\/div><\/div><\/div><div class=\"vce-row-container\"><div class=\"vce-row vce-row--col-gap-30 vce-row-columns--top vce-row-content--top\" id=\"el-80178152\" data-vce-do-apply=\"all el-80178152\"><div class=\"vce-row-content\" data-vce-element-content=\"true\"><div class=\"vce-col vce-col--md-auto vce-col--xs-1 vce-col--xs-last vce-col--xs-first vce-col--sm-last vce-col--sm-first vce-col--md-last vce-col--lg-last vce-col--xl-last vce-col--md-first vce-col--lg-first vce-col--xl-first\" id=\"el-d470094f\"><div class=\"vce-col-inner\" data-vce-do-apply=\"border margin background  el-d470094f\"><div class=\"vce-col-content\" data-vce-element-content=\"true\" data-vce-do-apply=\"padding el-d470094f\"><div class=\"vce-widgets-container\"><div class=\"vce vce-widgets-wrapper\" id=\"el-aa277eda\" data-vce-do-apply=\"all el-aa277eda\"><div class=\"textwidget custom-html-widget\"><div style=\"text-align; background-color:#000;\">\n<p style=\"text-align: center;\"><a href=\"http:\/\/www.neworder.menu\" target=\"_blank\" style=\"text-decoration:none;\"><span style=\"color:#ffffff;\">New Order: QR Digital Menu <br By Grow Brands<\/span><\/a><\/p>\n\t<\/div><\/div><\/div><\/div><\/div><\/div><\/div><\/div><\/div><\/div><div class=\"vce-row-container\"><div class=\"vce-row vce-row--col-gap-30 vce-row-columns--top vce-row-content--top\" id=\"el-772d8cbc\" data-vce-do-apply=\"all el-772d8cbc\"><div class=\"vce-row-content\" data-vce-element-content=\"true\"><div class=\"vce-col vce-col--md-auto vce-col--xs-1 vce-col--xs-last vce-col--xs-first vce-col--sm-last vce-col--sm-first vce-col--md-last vce-col--lg-last vce-col--xl-last vce-col--md-first vce-col--lg-first vce-col--xl-first\" id=\"el-20d34282\"><div class=\"vce-col-inner\" data-vce-do-apply=\"border margin background  el-20d34282\"><div class=\"vce-col-content\" data-vce-element-content=\"true\" data-vce-do-apply=\"padding el-20d34282\"><div class=\"vce vce-separator-container vce-separator--align-center vce-separator--style-solid\" id=\"el-973b332c\" data-vce-do-apply=\"margin el-973b332c\"><div class=\"vce-separator vce-separator--color-bfc0c1 vce-separator--width-60 vce-separator--thickness-1\" data-vce-do-apply=\"border padding background  el-973b332c\"><\/div><\/div><\/div><\/div><\/div><\/div><\/div><\/div>\n","protected":false},"excerpt":{"rendered":"<p>Fernet con coca:&nbsp;Fernet Branca con Coca Cola &nbsp;$3500 Minti Tonic:&nbsp;Brancamenta Ricetta Italiana y t\u00f3nica. &nbsp;$3500 Carpano Originale: Carpano Rosso, soda y aceituna. &nbsp;$3500 &nbsp;Carpano Orange:&nbsp;Carpano Rosso, soda y rodaja de naranja. &nbsp;$3500 &nbsp;Bianco Tonic: Carpano Bianco y t\u00f3nica. &nbsp;$3500 Perfect Server Apost\u00f3les:&nbsp;Gin pr\u00edncipe los ap\u00f3stoles, &hellip; <\/p>\n","protected":false},"author":47,"featured_media":0,"parent":0,"menu_order":0,"comment_status":"closed","ping_status":"closed","template":"","meta":{"_monsterinsights_skip_tracking":false,"_monsterinsights_sitenote_active":false,"_monsterinsights_sitenote_note":"","_monsterinsights_sitenote_category":0,"footnotes":""},"coauthors":[94],"class_list":["post-52182","page","type-page","status-publish","hentry"],"_links":{"self":[{"href":"https:\/\/growbrands.net\/neworder\/wp-json\/wp\/v2\/pages\/52182","targetHints":{"allow":["GET"]}}],"collection":[{"href":"https:\/\/growbrands.net\/neworder\/wp-json\/wp\/v2\/pages"}],"about":[{"href":"https:\/\/growbrands.net\/neworder\/wp-json\/wp\/v2\/types\/page"}],"author":[{"embeddable":true,"href":"https:\/\/growbrands.net\/neworder\/wp-json\/wp\/v2\/users\/47"}],"replies":[{"embeddable":true,"href":"https:\/\/growbrands.net\/neworder\/wp-json\/wp\/v2\/comments?post=52182"}],"version-history":[{"count":34,"href":"https:\/\/growbrands.net\/neworder\/wp-json\/wp\/v2\/pages\/52182\/revisions"}],"predecessor-version":[{"id":73547,"href":"https:\/\/growbrands.net\/neworder\/wp-json\/wp\/v2\/pages\/52182\/revisions\/73547"}],"wp:attachment":[{"href":"https:\/\/growbrands.net\/neworder\/wp-json\/wp\/v2\/media?parent=52182"}],"wp:term":[{"taxonomy":"author","embeddable":true,"href":"https:\/\/growbrands.net\/neworder\/wp-json\/wp\/v2\/coauthors?post=52182"}],"curies":[{"name":"wp","href":"https:\/\/api.w.org\/{rel}","templated":true}]}}