{"id":52168,"date":"2022-05-05T11:21:56","date_gmt":"2022-05-05T14:21:56","guid":{"rendered":"https:\/\/growbrands.net\/neworder\/?page_id=52168"},"modified":"2024-04-07T13:30:55","modified_gmt":"2024-04-07T16:30:55","slug":"pepecito-menu-salon-postres-cafe","status":"publish","type":"page","link":"https:\/\/growbrands.net\/neworder\/pepecito-menu-salon-postres-cafe\/","title":{"rendered":"Pepecito &#8211; Men\u00fa Sal\u00f3n &#8211; Postres y Caf\u00e9"},"content":{"rendered":"<div class=\"vce-row-container\"><div class=\"vce-row vce-element--has-background vce-row--col-gap-30 vce-row-columns--top vce-row-content--top\" id=\"el-1f096c6d\" data-vce-do-apply=\"all el-1f096c6d\"><div class=\"vce-content-background-container\"><div class=\"vce-asset-parallax-container vce-visible-all-only\" data-vce-assets-parallax=\".vce-asset-parallax\" data-vce-assets-parallax-speed=\"30\" data-vce-assets-parallax-reverse=\"false\"><div class=\"vce-asset-parallax\" style=\"top: -30vh; bottom: -30vh; transform: translateY(-10.1608vh);\"><div class=\"vce-asset-background-simple-container vce-visible-all-only vce-asset-background-simple--style-full-width vce-asset-background-simple--position-center-top\"><div class=\"vce-asset-background-simple\"><div class=\"vce-asset-background-simple-item\" style=\"background-image: url('https:\/\/growbrands.net\/neworder\/wp-content\/uploads\/2022\/04\/pepecito-internafondo-scaled.jpg');\"><\/div><\/div><\/div><\/div><\/div><\/div><div class=\"vce-row-content\" data-vce-element-content=\"true\"><div class=\"vce-col vce-col--md-auto vce-col--xs-1 vce-col--xs-last vce-col--xs-first vce-col--sm-last vce-col--sm-first vce-col--md-last vce-col--lg-last vce-col--xl-last vce-col--md-first vce-col--lg-first vce-col--xl-first\" id=\"el-999bc871\"><div class=\"vce-col-inner\" data-vce-do-apply=\"border margin background  el-999bc871\"><div class=\"vce-col-content\" data-vce-element-content=\"true\" data-vce-do-apply=\"padding el-999bc871\"><div class=\"vce-single-image-container vce-single-image--align-center\"><div class=\"vce vce-single-image-wrapper\" id=\"el-db0cfdd1\" data-vce-do-apply=\"all el-db0cfdd1\"><figure><div class=\"vce-single-image-inner vce-single-image--absolute vce-single-image--border-rounded\" style=\"padding-bottom: 179.335%; width: 571px;\"><img class=\"vce-single-image\" width=\"571\" height=\"1024\"src=\"https:\/\/growbrands.net\/neworder\/wp-content\/uploads\/2024\/04\/pepecito-salon-portadapostres-571x1024.png\" srcset=\"https:\/\/growbrands.net\/neworder\/wp-content\/uploads\/2024\/04\/pepecito-salon-portadapostres-320x574.png 320w,https:\/\/growbrands.net\/neworder\/wp-content\/uploads\/2024\/04\/pepecito-salon-portadapostres-480x861.png 480w,https:\/\/growbrands.net\/neworder\/wp-content\/uploads\/2024\/04\/pepecito-salon-portadapostres-571x1024.png 571w\" data-img-src=\"https:\/\/growbrands.net\/neworder\/wp-content\/uploads\/2022\/05\/pepecito-salon-portadapostres.png\" alt=\"\" title=\"pepecito-salon-portadapostres\" \/><\/div><figcaption hidden=\"\"><\/figcaption><\/figure><\/div><\/div><div class=\"vce-row-container\"><div class=\"vce-row vce-row--col-gap-30 vce-row-columns--top vce-row-content--top\" id=\"el-6400e0b2\" data-vce-do-apply=\"all el-6400e0b2\"><div class=\"vce-content-background-container\"><\/div><div class=\"vce-row-content\" data-vce-element-content=\"true\"><div class=\"vce-col vce-col--md-auto vce-col--xs-1 vce-col--xs-last vce-col--xs-first vce-col--sm-last vce-col--sm-first vce-col--md-last vce-col--lg-last vce-col--xl-last vce-col--md-first vce-col--lg-first vce-col--xl-first\" id=\"el-a3aa24cc\"><div class=\"vce-col-inner\" data-vce-do-apply=\"border margin background  el-a3aa24cc\"><div class=\"vce-col-content\" data-vce-element-content=\"true\" data-vce-do-apply=\"padding el-a3aa24cc\"><div class=\"vce-text-block\"><div class=\"vce-text-block-wrapper vce\" id=\"el-e8323230\" data-vce-do-apply=\"all el-e8323230\"><p><a href=\"https:\/\/growbrands.net\/neworder\/wp-content\/uploads\/2022\/05\/pepecito-salon-titulo-postres.png\"><img class=\"alignnone wp-image-52171\" src=\"https:\/\/growbrands.net\/neworder\/wp-content\/uploads\/2022\/05\/pepecito-salon-titulo-postres.png\" alt=\"\" width=\"151\" height=\"51\"><\/a><\/p><\/div><\/div><div class=\"vce-text-block\"><div class=\"vce-text-block-wrapper vce\" id=\"el-e96c1ba7\" data-vce-do-apply=\"all el-e96c1ba7\"><table style=\"height: 248px;\" width=\"944\">\n<tbody>\n<tr style=\"height: 24px;\">\n<td style=\"height: 24px; width: 833.938px;\"><strong style=\"color: #333333;\">Flan casero:<\/strong><span style=\"color: #333333;\"> Flan casero de huevo con caramelo.<\/span><\/td>\n<td style=\"text-align: right; height: 24px; width: 94.0625px;\"><span style=\"color: #333333;\">&nbsp;$3000<\/span><\/td>\n<\/tr>\n<tr style=\"height: 24px;\">\n<td style=\"height: 24px; width: 833.938px;\"><span style=\"color: #333333;\"><strong>Chocotorta:<\/strong> Galletas chocolinas humedecidas en caf\u00e9, crema y dulce de leche<br><\/span><\/td>\n<td style=\"text-align: right; height: 24px; width: 94.0625px;\"><span style=\"color: #333333;\">&nbsp;$4000<\/span><\/td>\n<\/tr>\n<tr style=\"height: 24px;\">\n<td style=\"height: 24px; width: 833.938px;\"><span style=\"color: #333333;\"><strong>Tiramis\u00fa:<\/strong> Vainillas humedecidas en caf\u00e9 con licor, queso crema, crema de yemas y cacao amargo.<br><\/span><\/td>\n<td style=\"text-align: right; height: 24px; width: 94.0625px;\"><span style=\"color: #333333;\">&nbsp;$4000<\/span><\/td>\n<\/tr>\n<tr style=\"height: 56px;\">\n<td style=\"height: 56px; width: 833.938px;\">\n<p><strong><span style=\"color: #333333;\">Brownie con Helado:<\/span><\/strong><span style=\"color: #333333;\"> B<\/span><span style=\"color: #333333;\">rownie casero de chocolate tibio, crema chantilly y<\/span><span style=\"color: #333333;\">&nbsp; bocha de helado de crema.<\/span><\/p>\n<\/td>\n<td style=\"text-align: right; height: 56px; width: 94.0625px;\"><span style=\"color: #333333;\">&nbsp;$4500<\/span><\/td>\n<\/tr>\n<tr style=\"height: 24px;\">\n<td style=\"height: 24px; width: 833.938px;\"><span style=\"color: #333333;\"><strong>Cheescake:&nbsp;<span style=\"font-weight: 400; font-style: normal;\">Base de galletas sabor vainillas, crema de queso, ralladura de lim\u00f3n, salsa de frutos rojos.<\/span><\/strong><\/span><\/td>\n<td style=\"text-align: right; height: 24px; width: 94.0625px;\"><span style=\"color: #333333;\">&nbsp;$4000<\/span><\/td>\n<\/tr>\n<tr style=\"height: 24px;\">\n<td style=\"height: 24px; width: 833.938px;\"><strong><span style=\"color: #333333;\">Cheese Oreo: <\/span><\/strong><span style=\"color: #333333;\">G<\/span><span style=\"color: #333333;\">alletas oreo molidas, dulce de leche, queso crema y crema chantilly.<\/span><\/td>\n<td style=\"text-align: right; height: 24px; width: 94.0625px;\"><span style=\"color: #333333;\">&nbsp;$4000<\/span><\/td>\n<\/tr>\n<tr style=\"height: 24px;\">\n<td style=\"height: 24px; width: 833.938px;\"><strong><span style=\"color: #333333;\">Mousse de Chocolate:<span style=\"font-weight: 400; font-style: normal;\"> Mousse de chocolate negro y crema chantilly.<\/span>&nbsp;<\/span><\/strong><span style=\"color: #333333;\"><br><\/span><\/td>\n<td style=\"text-align: right; height: 24px; width: 94.0625px;\">\n<p><span style=\"color: #333333;\">&nbsp;$4000<\/span><\/p>\n<\/td>\n<\/tr>\n<tr style=\"height: 48px;\">\n<td style=\"height: 48px; width: 833.938px;\"><strong><span style=\"color: #333333;\">Frutillas con Crema: <span style=\"font-weight: 400; font-style: normal;\">Frutillas, crema chantilly y merengue. <strong>Nota: Su disponibilidad depender\u00e1 de la estaci\u00f3n del a\u00f1o.<\/strong><\/span><\/span><\/strong><span style=\"color: #333333;\"><br><\/span><\/td>\n<td style=\"text-align: right; height: 48px; width: 94.0625px;\"><span style=\"color: #333333;\">&nbsp;$4500<\/span><\/td>\n<\/tr>\n<tr>\n<td style=\"width: 833.938px;\"><strong><span style=\"color: #333333;\">&nbsp;Queso y Dulce: <\/span><\/strong><span style=\"color: #333333;\">Dulce de batata o membrillo y queso cremoso.<\/span><\/td>\n<td style=\"text-align: right; width: 94.0625px;\"><span style=\"color: #333333;\">$3000<\/span><\/td>\n<\/tr>\n<tr>\n<td style=\"width: 833.938px;\"><strong><span style=\"color: #333333;\">&nbsp;Bocha de Helado <span style=\"font-weight: 400; font-style: normal;\">(Crema, frutilla, dulce de leche, chocolate y lim\u00f3n).<\/span><\/span><\/strong><\/td>\n<td style=\"text-align: right; width: 94.0625px;\"><span style=\"color: #333333;\">$2000&nbsp;<\/span><\/td>\n<\/tr>\n<tr>\n<td style=\"width: 833.938px;\"><strong><span style=\"color: #333333;\">&nbsp;Palito Helado<\/span><\/strong><\/td>\n<td style=\"text-align: right; width: 94.0625px;\"><span style=\"color: #333333;\">$2000&nbsp;<\/span><\/td>\n<\/tr>\n<\/tbody>\n<\/table><\/div><\/div><div class=\"vce-single-image-container vce-single-image--align-center\"><div class=\"vce vce-single-image-wrapper\" id=\"el-7c133617\" data-vce-do-apply=\"all el-7c133617\"><figure><div class=\"vce-single-image-inner vce-single-image--absolute\" style=\"padding-bottom: 65.4846%; width: 423px;\"><img class=\"vce-single-image\" width=\"423\" height=\"277\"src=\"https:\/\/growbrands.net\/neworder\/wp-content\/uploads\/2024\/04\/pepecito-fotopostres-1-423x277.png\" srcset=\"https:\/\/growbrands.net\/neworder\/wp-content\/uploads\/2024\/04\/pepecito-fotopostres-1-320x210.png 320w,https:\/\/growbrands.net\/neworder\/wp-content\/uploads\/2024\/04\/pepecito-fotopostres-1-423x277.png 423w\" data-img-src=\"https:\/\/growbrands.net\/neworder\/wp-content\/uploads\/2022\/05\/pepecito-fotopostres-1.png\" alt=\"\" title=\"pepecito-fotopostres\" \/><\/div><figcaption hidden=\"\"><\/figcaption><\/figure><\/div><\/div><\/div><\/div><\/div><\/div><\/div><\/div><div class=\"vce-row-container\"><div class=\"vce-row vce-row--col-gap-30 vce-row-columns--top vce-row-content--top\" id=\"el-19007c52\" data-vce-do-apply=\"all el-19007c52\"><div class=\"vce-content-background-container\"><\/div><div class=\"vce-row-content\" data-vce-element-content=\"true\"><div class=\"vce-col vce-col--md-auto vce-col--xs-1 vce-col--xs-last vce-col--xs-first vce-col--sm-last vce-col--sm-first vce-col--md-last vce-col--lg-last vce-col--xl-last vce-col--md-first vce-col--lg-first vce-col--xl-first\" id=\"el-c0ff9b2d\"><div class=\"vce-col-inner\" data-vce-do-apply=\"border margin background  el-c0ff9b2d\"><div class=\"vce-col-content\" data-vce-element-content=\"true\" data-vce-do-apply=\"padding el-c0ff9b2d\"><div class=\"vce-text-block\"><div class=\"vce-text-block-wrapper vce\" id=\"el-ec0998d1\" data-vce-do-apply=\"all el-ec0998d1\"><p><a href=\"https:\/\/growbrands.net\/neworder\/wp-content\/uploads\/2022\/05\/pepecito-salon-titulo-cafeteria.png\"><img class=\"alignnone wp-image-52173\" src=\"https:\/\/growbrands.net\/neworder\/wp-content\/uploads\/2022\/05\/pepecito-salon-titulo-cafeteria.png\" alt=\"\" width=\"183\" height=\"61\"><\/a><\/p><\/div><\/div><div class=\"vce-text-block\"><div class=\"vce-text-block-wrapper vce\" id=\"el-81a3ea76\" data-vce-do-apply=\"all el-81a3ea76\"><table width=\"944\">\n<tbody>\n<tr>\n<td width=\"849\"><strong><span style=\"color: #333333;\">Espresso<\/span><\/strong><span style=\"color: #333333;\"> (1\/2 Pocillo)<\/span><\/td>\n<td style=\"text-align: right;\" width=\"95\"><span style=\"color: #333333;\">&nbsp;$1800<\/span><\/td>\n<\/tr>\n<tr>\n<td><strong><span style=\"color: #333333;\">Lungo<\/span><\/strong><span style=\"color: #333333;\"> (Jarrito)<\/span><\/td>\n<td style=\"text-align: right;\"><span style=\"color: #333333;\">&nbsp;$1800<\/span><\/td>\n<\/tr>\n<tr>\n<td><strong><span style=\"color: #333333;\">Latte Macchiato<\/span><\/strong><\/td>\n<td style=\"text-align: right;\"><span style=\"color: #333333;\">&nbsp;$2400<\/span><\/td>\n<\/tr>\n<tr>\n<td><strong><span style=\"color: #333333;\">Cortado<\/span><\/strong><\/td>\n<td style=\"text-align: right;\"><span style=\"color: #333333;\">&nbsp;$1800<\/span><\/td>\n<\/tr>\n<tr>\n<td><strong><span style=\"color: #333333;\">T\u00e9 a Elecci\u00f3n<\/span><\/strong><\/td>\n<td style=\"text-align: right;\"><span style=\"color: #333333;\">&nbsp;$1800<\/span><\/td>\n<\/tr>\n<\/tbody>\n<\/table><\/div><\/div><\/div><\/div><\/div><\/div><\/div><\/div><\/div><\/div><\/div><\/div><\/div><\/div><div class=\"vce-row-container\"><div class=\"vce-row vce-element--has-background vce-row--col-gap-30 vce-row-columns--top vce-row-content--top\" id=\"el-b2a79c7d\" data-vce-do-apply=\"all el-b2a79c7d\"><div class=\"vce-content-background-container\"><\/div><div class=\"vce-row-content\" data-vce-element-content=\"true\"><div class=\"vce-col vce-col--md-auto vce-col--xs-1 vce-col--xs-last vce-col--xs-first vce-col--sm-last vce-col--sm-first vce-col--md-last vce-col--lg-last vce-col--xl-last vce-col--md-first vce-col--lg-first vce-col--xl-first\" id=\"el-52c4c11d\"><div class=\"vce-col-inner\" data-vce-do-apply=\"border margin background  el-52c4c11d\"><div class=\"vce-col-content\" data-vce-element-content=\"true\" data-vce-do-apply=\"padding el-52c4c11d\"><div class=\"vce-row-container\"><div class=\"vce-row vce-row--col-gap-30 vce-row-columns--top vce-row-content--top\" id=\"el-ab9a361d\" data-vce-do-apply=\"all el-ab9a361d\"><div class=\"vce-row-content\" data-vce-element-content=\"true\"><div class=\"vce-col vce-col--md-auto vce-col--xs-1 vce-col--xs-last vce-col--xs-first vce-col--sm-last vce-col--sm-first vce-col--md-last vce-col--lg-last vce-col--xl-last vce-col--md-first vce-col--lg-first vce-col--xl-first\" id=\"el-e9473c3c\"><div class=\"vce-col-inner\" data-vce-do-apply=\"border margin background  el-e9473c3c\"><div class=\"vce-col-content\" data-vce-element-content=\"true\" data-vce-do-apply=\"padding el-e9473c3c\"><div class=\"vce-button--style-outline-container vce-button--style-outline-container--align-center\"><span class=\"vce-button--style-outline-wrapper vce\" id=\"el-5a5ea346\" data-vce-do-apply=\"margin el-5a5ea346\"><a class=\"vce-button--style-outline-animated vce-button--style-outline--border-round vce-button--style-outline--size-medium vce-button--style-outline-animated--color-b-126-202-182--fff--3d3d3d vce-button--style-outline-animated--border-color-b-126-202-182--3d3d3d vce-button--style-outline-animated--background-color-3d3d3d\" href=\"https:\/\/growbrands.net\/neworder\/pepecito-menu-salon\/\" title=\"\" data-vce-do-apply=\"padding border background  el-5a5ea346\"><span class=\"vce-button--style-outline-text\">Volver<\/span><\/a><\/span><\/div><\/div><\/div><\/div><\/div><\/div><\/div><\/div><\/div><\/div><\/div><\/div><\/div><div class=\"vce-row-container\"><div class=\"vce-row vce-row--col-gap-30 vce-row-columns--top vce-row-content--top\" id=\"el-80178152\" data-vce-do-apply=\"all el-80178152\"><div class=\"vce-row-content\" data-vce-element-content=\"true\"><div class=\"vce-col vce-col--md-auto vce-col--xs-1 vce-col--xs-last vce-col--xs-first vce-col--sm-last vce-col--sm-first vce-col--md-last vce-col--lg-last vce-col--xl-last vce-col--md-first vce-col--lg-first vce-col--xl-first\" id=\"el-d470094f\"><div class=\"vce-col-inner\" data-vce-do-apply=\"border margin background  el-d470094f\"><div class=\"vce-col-content\" data-vce-element-content=\"true\" data-vce-do-apply=\"padding el-d470094f\"><div class=\"vce-widgets-container\"><div class=\"vce vce-widgets-wrapper\" id=\"el-aa277eda\" data-vce-do-apply=\"all el-aa277eda\"><div class=\"textwidget custom-html-widget\"><div style=\"text-align; background-color:#000;\">\n<p style=\"text-align: center;\"><a href=\"http:\/\/www.neworder.menu\" target=\"_blank\" style=\"text-decoration:none;\"><span style=\"color:#ffffff;\">New Order: QR Digital Menu <br By Grow Brands<\/span><\/a><\/p>\n\t<\/div><\/div><\/div><\/div><\/div><\/div><\/div><\/div><\/div><\/div>\n","protected":false},"excerpt":{"rendered":"<p>Flan casero: Flan casero de huevo con caramelo. &nbsp;$3000 Chocotorta: Galletas chocolinas humedecidas en caf\u00e9, crema y dulce de leche &nbsp;$4000 Tiramis\u00fa: Vainillas humedecidas en caf\u00e9 con licor, queso crema, crema de yemas y cacao amargo. &nbsp;$4000 Brownie con Helado: Brownie casero de chocolate tibio, &hellip; <\/p>\n","protected":false},"author":47,"featured_media":0,"parent":0,"menu_order":0,"comment_status":"closed","ping_status":"closed","template":"","meta":{"_monsterinsights_skip_tracking":false,"_monsterinsights_sitenote_active":false,"_monsterinsights_sitenote_note":"","_monsterinsights_sitenote_category":0,"footnotes":""},"coauthors":[94],"class_list":["post-52168","page","type-page","status-publish","hentry"],"_links":{"self":[{"href":"https:\/\/growbrands.net\/neworder\/wp-json\/wp\/v2\/pages\/52168","targetHints":{"allow":["GET"]}}],"collection":[{"href":"https:\/\/growbrands.net\/neworder\/wp-json\/wp\/v2\/pages"}],"about":[{"href":"https:\/\/growbrands.net\/neworder\/wp-json\/wp\/v2\/types\/page"}],"author":[{"embeddable":true,"href":"https:\/\/growbrands.net\/neworder\/wp-json\/wp\/v2\/users\/47"}],"replies":[{"embeddable":true,"href":"https:\/\/growbrands.net\/neworder\/wp-json\/wp\/v2\/comments?post=52168"}],"version-history":[{"count":39,"href":"https:\/\/growbrands.net\/neworder\/wp-json\/wp\/v2\/pages\/52168\/revisions"}],"predecessor-version":[{"id":74346,"href":"https:\/\/growbrands.net\/neworder\/wp-json\/wp\/v2\/pages\/52168\/revisions\/74346"}],"wp:attachment":[{"href":"https:\/\/growbrands.net\/neworder\/wp-json\/wp\/v2\/media?parent=52168"}],"wp:term":[{"taxonomy":"author","embeddable":true,"href":"https:\/\/growbrands.net\/neworder\/wp-json\/wp\/v2\/coauthors?post=52168"}],"curies":[{"name":"wp","href":"https:\/\/api.w.org\/{rel}","templated":true}]}}