{"id":52162,"date":"2022-05-05T11:12:46","date_gmt":"2022-05-05T14:12:46","guid":{"rendered":"https:\/\/growbrands.net\/neworder\/?page_id=52162"},"modified":"2024-04-07T13:24:49","modified_gmt":"2024-04-07T16:24:49","slug":"pepecito-menu-salon-lomos","status":"publish","type":"page","link":"https:\/\/growbrands.net\/neworder\/pepecito-menu-salon-lomos\/","title":{"rendered":"Pepecito &#8211; Men\u00fa Sal\u00f3n &#8211; Lomos"},"content":{"rendered":"<div class=\"vce-row-container\"><div class=\"vce-row vce-element--has-background vce-row--col-gap-30 vce-row-columns--top vce-row-content--top\" id=\"el-1f096c6d\" data-vce-do-apply=\"all el-1f096c6d\"><div class=\"vce-content-background-container\"><div class=\"vce-asset-parallax-container vce-visible-all-only\" data-vce-assets-parallax=\".vce-asset-parallax\" data-vce-assets-parallax-speed=\"30\" data-vce-assets-parallax-reverse=\"false\"><div class=\"vce-asset-parallax\" style=\"top: -30vh; bottom: -30vh; transform: translateY(-9.37349vh);\"><div class=\"vce-asset-background-simple-container vce-visible-all-only vce-asset-background-simple--style-full-width vce-asset-background-simple--position-center-top\"><div class=\"vce-asset-background-simple\"><div class=\"vce-asset-background-simple-item\" style=\"background-image: url('https:\/\/growbrands.net\/neworder\/wp-content\/uploads\/2022\/04\/pepecito-internafondo-scaled.jpg');\"><\/div><\/div><\/div><\/div><\/div><\/div><div class=\"vce-row-content\" data-vce-element-content=\"true\"><div class=\"vce-col vce-col--md-auto vce-col--xs-1 vce-col--xs-last vce-col--xs-first vce-col--sm-last vce-col--sm-first vce-col--md-last vce-col--lg-last vce-col--xl-last vce-col--md-first vce-col--lg-first vce-col--xl-first\" id=\"el-999bc871\"><div class=\"vce-col-inner\" data-vce-do-apply=\"border margin background  el-999bc871\"><div class=\"vce-col-content\" data-vce-element-content=\"true\" data-vce-do-apply=\"padding el-999bc871\"><div class=\"vce-single-image-container vce-single-image--align-center\"><div class=\"vce vce-single-image-wrapper\" id=\"el-db0cfdd1\" data-vce-do-apply=\"all el-db0cfdd1\"><figure><div class=\"vce-single-image-inner vce-single-image--absolute vce-single-image--border-rounded\" style=\"padding-bottom: 179.335%; width: 571px;\"><img class=\"vce-single-image\" width=\"571\" height=\"1024\"src=\"https:\/\/growbrands.net\/neworder\/wp-content\/uploads\/2024\/04\/pepecito-salon-portadalomo-571x1024.png\" srcset=\"https:\/\/growbrands.net\/neworder\/wp-content\/uploads\/2024\/04\/pepecito-salon-portadalomo-320x574.png 320w,https:\/\/growbrands.net\/neworder\/wp-content\/uploads\/2024\/04\/pepecito-salon-portadalomo-480x861.png 480w,https:\/\/growbrands.net\/neworder\/wp-content\/uploads\/2024\/04\/pepecito-salon-portadalomo-571x1024.png 571w\" data-img-src=\"https:\/\/growbrands.net\/neworder\/wp-content\/uploads\/2022\/05\/pepecito-salon-portadalomo.png\" alt=\"\" title=\"pepecito-salon-portadalomo\" \/><\/div><figcaption hidden=\"\"><\/figcaption><\/figure><\/div><\/div><div class=\"vce-text-block\"><div class=\"vce-text-block-wrapper vce\" id=\"el-e8323230\" data-vce-do-apply=\"all el-e8323230\"><p><a href=\"https:\/\/growbrands.net\/neworder\/wp-content\/uploads\/2022\/05\/pepecito-salon-titulo-lomos.png\"><img class=\"alignnone  wp-image-52165\" src=\"https:\/\/growbrands.net\/neworder\/wp-content\/uploads\/2022\/05\/pepecito-salon-titulo-lomos.png\" alt=\"\" width=\"134\" height=\"57\"><\/a><\/p><\/div><\/div><div class=\"vce-text-block\"><div class=\"vce-text-block-wrapper vce\" id=\"el-e96c1ba7\" data-vce-do-apply=\"all el-e96c1ba7\"><p><span style=\"color: #ff6600;\"><strong>De ternera o pollo.<\/strong><\/span><\/p>\n<table style=\"height: 344px;\" width=\"1105\">\n<tbody>\n<tr>\n<td width=\"849\"><span style=\"color: #333333;\"><strong>Completo:<\/strong> Huevo, jam\u00f3n cocido, queso tybo, lechuga, tomate y mayonesa.<\/span><\/td>\n<td style=\"text-align: right;\" width=\"95\"><span style=\"color: #333333;\">&nbsp;$11000<\/span><\/td>\n<\/tr>\n<tr>\n<td><span style=\"color: #333333;\"><strong>Chimi: <\/strong>Huevo, jam\u00f3n cocido, queso tybo, lechuga, tomate, chimichurri casero y mayonesa.<\/span><\/td>\n<td style=\"text-align: right;\"><span style=\"color: #333333;\">&nbsp;$12000<\/span><\/td>\n<\/tr>\n<tr>\n<td><span style=\"color: #333333;\"><strong>Cheddar y Panceta: <\/strong>Queso cheddar, crocante de panceta, lechuga, cebolla, huevo, barbacoa y mayonesa.<\/span><\/td>\n<td style=\"text-align: right;\"><span style=\"color: #333333;\">&nbsp;$13200<\/span><\/td>\n<\/tr>\n<tr>\n<td><span style=\"color: #333333;\"><strong>Aj\u00ed y Morr\u00f3n:<\/strong> Huevo, jam\u00f3n cocido, queso tybo, aj\u00ed amarillo, morr\u00f3n, lechuga, tomate y mayonesa.<\/span><\/td>\n<td style=\"text-align: right;\"><span style=\"color: #333333;\">&nbsp;$13200<\/span><\/td>\n<\/tr>\n<tr>\n<td><span style=\"color: #333333;\"><strong>&nbsp;<\/strong><\/span><strong style=\"color: #333333;\">Guacamole:&nbsp;<\/strong><span style=\"color: #333333;\">Queso crema, guacamole, salsa criolla, huevo y mayonesa.<\/span><\/td>\n<td style=\"text-align: right;\">\n<p><span style=\"color: #333333;\">$132<\/span><span style=\"color: #333333;\">00&nbsp;<\/span><\/p>\n<\/td>\n<\/tr>\n<tr>\n<td><strong style=\"color: #333333;\">Al plato:<\/strong><span style=\"color: #333333;\"> Doble bife, huevo, jam\u00f3n cocido, queso tybo y guarnici\u00f3n a elecci\u00f3n-<\/span><\/td>\n<td style=\"text-align: right;\">\n<p><span style=\"color: #333333;\">&nbsp;$132<\/span><span style=\"color: #333333;\">00<\/span><\/p>\n<\/td>\n<\/tr>\n<tr>\n<td><span style=\"color: #333333;\"><strong>Vegetariano: <span style=\"font-weight: 400; font-style: normal;\">Berenjena, huevo, lechuga, tomate, queso tybo y mayonesa.<\/span><\/strong><\/span><\/td>\n<td style=\"text-align: right;\">\n<p>&nbsp;<span style=\"color: #333333;\">$85<\/span><span style=\"color: #333333;\">00<\/span><\/p>\n<\/td>\n<\/tr>\n<\/tbody>\n<\/table>\n<p><strong style=\"color: #333333; font-size: 10pt;\">Pan tipo:<\/strong><span style=\"color: #333333; font-size: 10pt;\">&nbsp;<\/span><span style=\"color: #333333; font-size: 10pt;\">Franc\u00e9s o Baguette - Incluye Papas Fritas.<\/span><\/p>\n<p><span style=\"color: #333333; font-size: 10pt;\"><strong>Opci\u00f3n adicional:<\/strong>&nbsp;Papas con Cheddar o Huevo Revuelto&nbsp;<\/span><span style=\"font-size: 10pt; color: #333333;\">(+$2000)<\/span><\/p><\/div><\/div><div class=\"vce-row-container\"><div class=\"vce-row vce-row--col-gap-30 vce-row-columns--top vce-row-content--top\" id=\"el-6400e0b2\" data-vce-do-apply=\"all el-6400e0b2\"><div class=\"vce-content-background-container\"><\/div><div class=\"vce-row-content\" data-vce-element-content=\"true\"><div class=\"vce-col vce-col--md-auto vce-col--xs-1 vce-col--xs-last vce-col--xs-first vce-col--sm-last vce-col--sm-first vce-col--md-last vce-col--lg-last vce-col--xl-last vce-col--md-first vce-col--lg-first vce-col--xl-first\" id=\"el-a3aa24cc\"><div class=\"vce-col-inner\" data-vce-do-apply=\"border margin background  el-a3aa24cc\"><div class=\"vce-col-content\" data-vce-element-content=\"true\" data-vce-do-apply=\"padding el-a3aa24cc\"><div class=\"vce-single-image-container vce-single-image--align-center\"><div class=\"vce vce-single-image-wrapper\" id=\"el-721b7227\" data-vce-do-apply=\"all el-721b7227\"><figure><div class=\"vce-single-image-inner vce-single-image--absolute\" style=\"padding-bottom: 65.4846%; width: 423px;\"><img class=\"vce-single-image\" width=\"423\" height=\"277\"src=\"https:\/\/growbrands.net\/neworder\/wp-content\/uploads\/2024\/04\/pepecito-fotolomo-423x277.jpg\" srcset=\"https:\/\/growbrands.net\/neworder\/wp-content\/uploads\/2024\/04\/pepecito-fotolomo-320x210.jpg 320w,https:\/\/growbrands.net\/neworder\/wp-content\/uploads\/2024\/04\/pepecito-fotolomo-423x277.jpg 423w\" data-img-src=\"https:\/\/growbrands.net\/neworder\/wp-content\/uploads\/2022\/05\/pepecito-fotolomo.jpg\" alt=\"\" title=\"pepecito-fotolomo\" \/><\/div><figcaption hidden=\"\"><\/figcaption><\/figure><\/div><\/div><\/div><\/div><\/div><\/div><\/div><\/div><div class=\"vce-row-container\"><div class=\"vce-row vce-row--col-gap-30 vce-row-columns--top vce-row-content--top\" id=\"el-c2b5c9b3\" data-vce-do-apply=\"all el-c2b5c9b3\"><div class=\"vce-content-background-container\"><\/div><div class=\"vce-row-content\" data-vce-element-content=\"true\"><div class=\"vce-col vce-col--md-auto vce-col--xs-1 vce-col--xs-last vce-col--xs-first vce-col--sm-last vce-col--sm-first vce-col--md-last vce-col--lg-last vce-col--xl-last vce-col--md-first vce-col--lg-first vce-col--xl-first\" id=\"el-f94ede44\"><div class=\"vce-col-inner\" data-vce-do-apply=\"border margin background  el-f94ede44\"><div class=\"vce-col-content\" data-vce-element-content=\"true\" data-vce-do-apply=\"padding el-f94ede44\"><div class=\"vce-text-block\"><div class=\"vce-text-block-wrapper vce\" id=\"el-9d437f59\" data-vce-do-apply=\"all el-9d437f59\"><p><a href=\"https:\/\/growbrands.net\/neworder\/wp-content\/uploads\/2022\/05\/pepecito-salon-titulo-sandwiches.png\"><img class=\"alignnone  wp-image-52253\" src=\"https:\/\/growbrands.net\/neworder\/wp-content\/uploads\/2022\/05\/pepecito-salon-titulo-sandwiches-300x69.png\" alt=\"\" width=\"239\" height=\"55\"><\/a><\/p><\/div><\/div><div class=\"vce-text-block\"><div class=\"vce-text-block-wrapper vce\" id=\"el-95fdd63e\" data-vce-do-apply=\"all el-95fdd63e\"><table style=\"height: 312px;\" width=\"1096\">\n<tbody>\n<tr style=\"height: 24px;\">\n<td style=\"height: 24px; width: 970.844px;\"><strong style=\"color: #333333;\">Milanesa:&nbsp;<\/strong><span style=\"color: #333333;\">Milanesa (de ternera o pollo) huevo, jam\u00f3n cocido, queso tybo, lechuga, tomate y mayonesa.<\/span><\/td>\n<td style=\"text-align: right; height: 24px; width: 109.156px;\"><span style=\"color: #333333;\">&nbsp;$11000<\/span><\/td>\n<\/tr>\n<tr style=\"height: 24px;\">\n<td style=\"height: 24px; width: 970.844px;\"><strong style=\"color: #333333;\">Vegetales Asados:<\/strong><span style=\"color: #333333;\">&nbsp;Pimientos, berenjena, zucchini, cebolla, mayonesa, queso tybo y r\u00facula.<\/span><\/td>\n<td style=\"text-align: right; height: 24px; width: 109.156px;\"><span style=\"color: #333333;\">&nbsp;$8000<br><\/span><\/td>\n<\/tr>\n<tr style=\"height: 56px;\">\n<td style=\"height: 56px; width: 970.844px;\">\n<p><strong style=\"color: #333333;\">R\u00facula y Crudo:<\/strong><span style=\"color: #333333;\"> R\u00facula, jam\u00f3n crudo, queso parmesano, olivas negras, aceite de oliva y mayonesa.<\/span><\/p>\n<\/td>\n<td style=\"text-align: right; height: 56px; width: 109.156px;\"><span style=\"color: #333333;\">$10500<br><\/span><\/td>\n<\/tr>\n<tr style=\"height: 56px;\">\n<td style=\"height: 56px; width: 970.844px;\">\n<p><span style=\"color: #333333;\"><strong>&nbsp;<\/strong><\/span><strong style=\"color: #333333;\">R\u00facula, Palta y Brie:<\/strong><span style=\"color: #333333;\"> R\u00facula, queso brie, palta, tomates cherrys, aceite de oliva y&nbsp; mayonesa.<\/span><\/p>\n<\/td>\n<td style=\"text-align: right; height: 56px; width: 109.156px;\"><span style=\"color: #333333;\">$8800<\/span><\/td>\n<\/tr>\n<tr style=\"height: 96px;\">\n<td style=\"height: 96px; width: 970.844px;\">\n<p><span style=\"color: #333333;\"><strong>&nbsp;<\/strong><\/span><strong style=\"color: #333333;\">Napolitano (De Pachi):&nbsp;&nbsp;<span style=\"font-weight: 400;\">Jam\u00f3n cocido, queso tybo, tomate y mayonesa.<\/span><\/strong><\/p>\n<p><strong style=\"color: #333333;\">Nota: Pero a Pachi le gusta la mayonesa con ajo.<\/strong><\/p>\n<\/td>\n<td style=\"text-align: right; height: 96px; width: 109.156px;\"><span style=\"color: #333333;\">$8000&nbsp;<\/span><\/td>\n<\/tr>\n<\/tbody>\n<\/table>\n<p><span style=\"color: #333333; font-size: 10pt;\"><strong>Pan tipo: F<\/strong>ranc\u00e9s o Baguette - incluyen papas fritas.<\/span><\/p>\n<p><span style=\"color: #333333; font-size: 10pt;\"><strong>Opci\u00f3n adicional<\/strong>: Papas con cheddar o&nbsp; huevo revuelto.<\/span><span style=\"font-size: 10pt; color: #333333;\">(+$2000)<\/span><\/p><\/div><\/div><div class=\"vce-single-image-container vce-single-image--align-center\"><div class=\"vce vce-single-image-wrapper\" id=\"el-8594bd0a\" data-vce-do-apply=\"all el-8594bd0a\"><figure><div class=\"vce-single-image-inner vce-single-image--absolute\" style=\"padding-bottom: 65.4846%; width: 423px;\"><img class=\"vce-single-image\" width=\"423\" height=\"277\"src=\"https:\/\/growbrands.net\/neworder\/wp-content\/uploads\/2024\/04\/pepecito-fotosandwiches-423x277.jpg\" srcset=\"https:\/\/growbrands.net\/neworder\/wp-content\/uploads\/2024\/04\/pepecito-fotosandwiches-320x210.jpg 320w,https:\/\/growbrands.net\/neworder\/wp-content\/uploads\/2024\/04\/pepecito-fotosandwiches-423x277.jpg 423w\" data-img-src=\"https:\/\/growbrands.net\/neworder\/wp-content\/uploads\/2022\/05\/pepecito-fotosandwiches.jpg\" alt=\"\" title=\"pepecito-fotosandwiches\" \/><\/div><figcaption hidden=\"\"><\/figcaption><\/figure><\/div><\/div><\/div><\/div><\/div><\/div><\/div><\/div><\/div><\/div><\/div><\/div><\/div><\/div><div class=\"vce-row-container\"><div class=\"vce-row vce-element--has-background vce-row--col-gap-30 vce-row-columns--top vce-row-content--top\" id=\"el-b2a79c7d\" data-vce-do-apply=\"all el-b2a79c7d\"><div class=\"vce-content-background-container\"><\/div><div class=\"vce-row-content\" data-vce-element-content=\"true\"><div class=\"vce-col vce-col--md-auto vce-col--xs-1 vce-col--xs-last vce-col--xs-first vce-col--sm-last vce-col--sm-first vce-col--md-last vce-col--lg-last vce-col--xl-last vce-col--md-first vce-col--lg-first vce-col--xl-first\" id=\"el-52c4c11d\"><div class=\"vce-col-inner\" data-vce-do-apply=\"border margin background  el-52c4c11d\"><div class=\"vce-col-content\" data-vce-element-content=\"true\" data-vce-do-apply=\"padding el-52c4c11d\"><div class=\"vce-row-container\"><div class=\"vce-row vce-row--col-gap-30 vce-row-columns--top vce-row-content--top\" id=\"el-ab9a361d\" data-vce-do-apply=\"all el-ab9a361d\"><div class=\"vce-row-content\" data-vce-element-content=\"true\"><div class=\"vce-col vce-col--md-auto vce-col--xs-1 vce-col--xs-last vce-col--xs-first vce-col--sm-last vce-col--sm-first vce-col--md-last vce-col--lg-last vce-col--xl-last vce-col--md-first vce-col--lg-first vce-col--xl-first\" id=\"el-e9473c3c\"><div class=\"vce-col-inner\" data-vce-do-apply=\"border margin background  el-e9473c3c\"><div class=\"vce-col-content\" data-vce-element-content=\"true\" data-vce-do-apply=\"padding el-e9473c3c\"><div class=\"vce-button--style-outline-container vce-button--style-outline-container--align-center\"><span class=\"vce-button--style-outline-wrapper vce\" id=\"el-e146f42b\" data-vce-do-apply=\"margin el-e146f42b\"><a class=\"vce-button--style-outline-animated vce-button--style-outline--border-round vce-button--style-outline--size-medium vce-button--style-outline-animated--color-b-126-202-182--fff--3d3d3d vce-button--style-outline-animated--border-color-b-126-202-182--3d3d3d vce-button--style-outline-animated--background-color-3d3d3d\" href=\"https:\/\/growbrands.net\/neworder\/pepecito-menu-salon\/\" title=\"\" data-vce-do-apply=\"padding border background  el-e146f42b\"><span class=\"vce-button--style-outline-text\">Volver<\/span><\/a><\/span><\/div><\/div><\/div><\/div><\/div><\/div><\/div><\/div><\/div><\/div><\/div><\/div><\/div><div class=\"vce-row-container\"><div class=\"vce-row vce-row--col-gap-30 vce-row-columns--top vce-row-content--top\" id=\"el-80178152\" data-vce-do-apply=\"all el-80178152\"><div class=\"vce-row-content\" data-vce-element-content=\"true\"><div class=\"vce-col vce-col--md-auto vce-col--xs-1 vce-col--xs-last vce-col--xs-first vce-col--sm-last vce-col--sm-first vce-col--md-last vce-col--lg-last vce-col--xl-last vce-col--md-first vce-col--lg-first vce-col--xl-first\" id=\"el-d470094f\"><div class=\"vce-col-inner\" data-vce-do-apply=\"border margin background  el-d470094f\"><div class=\"vce-col-content\" data-vce-element-content=\"true\" data-vce-do-apply=\"padding el-d470094f\"><div class=\"vce-widgets-container\"><div class=\"vce vce-widgets-wrapper\" id=\"el-aa277eda\" data-vce-do-apply=\"all el-aa277eda\"><div class=\"textwidget custom-html-widget\"><div style=\"text-align; background-color:#000;\">\n<p style=\"text-align: center;\"><a href=\"http:\/\/www.neworder.menu\" target=\"_blank\" style=\"text-decoration:none;\"><span style=\"color:#ffffff;\">New Order: QR Digital Menu <br By Grow Brands<\/span><\/a><\/p>\n\t<\/div><\/div><\/div><\/div><\/div><\/div><\/div><\/div><\/div><\/div>\n","protected":false},"excerpt":{"rendered":"<p>De ternera o pollo. Completo: Huevo, jam\u00f3n cocido, queso tybo, lechuga, tomate y mayonesa. &nbsp;$11000 Chimi: Huevo, jam\u00f3n cocido, queso tybo, lechuga, tomate, chimichurri casero y mayonesa. &nbsp;$12000 Cheddar y Panceta: Queso cheddar, crocante de panceta, lechuga, cebolla, huevo, barbacoa y mayonesa. &nbsp;$13200 Aj\u00ed y &hellip; <\/p>\n","protected":false},"author":47,"featured_media":0,"parent":0,"menu_order":0,"comment_status":"closed","ping_status":"closed","template":"","meta":{"_monsterinsights_skip_tracking":false,"_monsterinsights_sitenote_active":false,"_monsterinsights_sitenote_note":"","_monsterinsights_sitenote_category":0,"footnotes":""},"coauthors":[94],"class_list":["post-52162","page","type-page","status-publish","hentry"],"_links":{"self":[{"href":"https:\/\/growbrands.net\/neworder\/wp-json\/wp\/v2\/pages\/52162","targetHints":{"allow":["GET"]}}],"collection":[{"href":"https:\/\/growbrands.net\/neworder\/wp-json\/wp\/v2\/pages"}],"about":[{"href":"https:\/\/growbrands.net\/neworder\/wp-json\/wp\/v2\/types\/page"}],"author":[{"embeddable":true,"href":"https:\/\/growbrands.net\/neworder\/wp-json\/wp\/v2\/users\/47"}],"replies":[{"embeddable":true,"href":"https:\/\/growbrands.net\/neworder\/wp-json\/wp\/v2\/comments?post=52162"}],"version-history":[{"count":52,"href":"https:\/\/growbrands.net\/neworder\/wp-json\/wp\/v2\/pages\/52162\/revisions"}],"predecessor-version":[{"id":74342,"href":"https:\/\/growbrands.net\/neworder\/wp-json\/wp\/v2\/pages\/52162\/revisions\/74342"}],"wp:attachment":[{"href":"https:\/\/growbrands.net\/neworder\/wp-json\/wp\/v2\/media?parent=52162"}],"wp:term":[{"taxonomy":"author","embeddable":true,"href":"https:\/\/growbrands.net\/neworder\/wp-json\/wp\/v2\/coauthors?post=52162"}],"curies":[{"name":"wp","href":"https:\/\/api.w.org\/{rel}","templated":true}]}}