{"id":52155,"date":"2022-05-05T10:55:32","date_gmt":"2022-05-05T13:55:32","guid":{"rendered":"https:\/\/growbrands.net\/neworder\/?page_id=52155"},"modified":"2024-04-07T13:28:14","modified_gmt":"2024-04-07T16:28:14","slug":"pepecito-menu-salon-milas","status":"publish","type":"page","link":"https:\/\/growbrands.net\/neworder\/pepecito-menu-salon-milas\/","title":{"rendered":"Pepecito &#8211; Men\u00fa Sal\u00f3n &#8211; Milas"},"content":{"rendered":"<div class=\"vce-row-container\"><div class=\"vce-row vce-element--has-background vce-row--col-gap-30 vce-row-columns--top vce-row-content--top\" id=\"el-1f096c6d\" data-vce-do-apply=\"all el-1f096c6d\"><div class=\"vce-content-background-container\"><div class=\"vce-asset-parallax-container vce-visible-all-only\" data-vce-assets-parallax=\".vce-asset-parallax\" data-vce-assets-parallax-speed=\"30\" data-vce-assets-parallax-reverse=\"false\"><div class=\"vce-asset-parallax\" style=\"top: -30vh; bottom: -30vh; transform: translateY(-2.43862vh);\"><div class=\"vce-asset-background-simple-container vce-visible-all-only vce-asset-background-simple--style-full-width vce-asset-background-simple--position-center-top\"><div class=\"vce-asset-background-simple\"><div class=\"vce-asset-background-simple-item\" style=\"background-image: url('https:\/\/growbrands.net\/neworder\/wp-content\/uploads\/2022\/04\/pepecito-internafondo-scaled.jpg');\"><\/div><\/div><\/div><\/div><\/div><\/div><div class=\"vce-row-content\" data-vce-element-content=\"true\"><div class=\"vce-col vce-col--md-auto vce-col--xs-1 vce-col--xs-last vce-col--xs-first vce-col--sm-last vce-col--sm-first vce-col--md-last vce-col--lg-last vce-col--xl-last vce-col--md-first vce-col--lg-first vce-col--xl-first\" id=\"el-999bc871\"><div class=\"vce-col-inner\" data-vce-do-apply=\"border margin background  el-999bc871\"><div class=\"vce-col-content\" data-vce-element-content=\"true\" data-vce-do-apply=\"padding el-999bc871\"><div class=\"vce-single-image-container vce-single-image--align-center\"><div class=\"vce vce-single-image-wrapper\" id=\"el-db0cfdd1\" data-vce-do-apply=\"all el-db0cfdd1\"><figure><div class=\"vce-single-image-inner vce-single-image--absolute vce-single-image--border-rounded\" style=\"padding-bottom: 179.335%; width: 571px;\"><img class=\"vce-single-image\" width=\"571\" height=\"1024\"src=\"https:\/\/growbrands.net\/neworder\/wp-content\/uploads\/2024\/04\/pepecito-salon-portadamilas-571x1024.png\" srcset=\"https:\/\/growbrands.net\/neworder\/wp-content\/uploads\/2024\/04\/pepecito-salon-portadamilas-320x574.png 320w,https:\/\/growbrands.net\/neworder\/wp-content\/uploads\/2024\/04\/pepecito-salon-portadamilas-480x861.png 480w,https:\/\/growbrands.net\/neworder\/wp-content\/uploads\/2024\/04\/pepecito-salon-portadamilas-571x1024.png 571w\" data-img-src=\"https:\/\/growbrands.net\/neworder\/wp-content\/uploads\/2022\/05\/pepecito-salon-portadamilas.png\" alt=\"\" title=\"pepecito-salon-portadamilas\" \/><\/div><figcaption hidden=\"\"><\/figcaption><\/figure><\/div><\/div><div class=\"vce-row-container\"><div class=\"vce-row vce-row--col-gap-30 vce-row-columns--top vce-row-content--top\" id=\"el-6400e0b2\" data-vce-do-apply=\"all el-6400e0b2\"><div class=\"vce-content-background-container\"><\/div><div class=\"vce-row-content\" data-vce-element-content=\"true\"><div class=\"vce-col vce-col--md-auto vce-col--xs-1 vce-col--xs-last vce-col--xs-first vce-col--sm-last vce-col--sm-first vce-col--md-last vce-col--lg-last vce-col--xl-last vce-col--md-first vce-col--lg-first vce-col--xl-first\" id=\"el-a3aa24cc\"><div class=\"vce-col-inner\" data-vce-do-apply=\"border margin background  el-a3aa24cc\"><div class=\"vce-col-content\" data-vce-element-content=\"true\" data-vce-do-apply=\"padding el-a3aa24cc\"><div class=\"vce-text-block\"><div class=\"vce-text-block-wrapper vce\" id=\"el-e8323230\" data-vce-do-apply=\"all el-e8323230\"><p><a href=\"https:\/\/growbrands.net\/neworder\/wp-content\/uploads\/2022\/05\/pepecito-salon-titulo-milanesas.png\"><img class=\"alignnone wp-image-52158\" src=\"https:\/\/growbrands.net\/neworder\/wp-content\/uploads\/2022\/05\/pepecito-salon-titulo-milanesas.png\" alt=\"\" width=\"192\" height=\"51\"><\/a><\/p><\/div><\/div><div class=\"vce-text-block\"><div class=\"vce-text-block-wrapper vce\" id=\"el-e96c1ba7\" data-vce-do-apply=\"all el-e96c1ba7\"><p><span style=\"font-size: 14pt;\"><strong>De ternera o pollo<\/strong><\/span><\/p>\n<table width=\"944\">\n<tbody>\n<tr>\n<td width=\"849\"><span style=\"color: #333333;\"><strong>Cl\u00e1sica<\/strong><\/span><\/td>\n<td style=\"text-align: right;\" width=\"95\"><span style=\"color: #333333;\">&nbsp;$7600<\/span><\/td>\n<\/tr>\n<tr>\n<td><span style=\"color: #333333;\"><strong>A Caballo:<\/strong> Dos huevos fritos y or\u00e9gano<\/span><\/td>\n<td style=\"text-align: right;\"><span style=\"color: #333333;\">&nbsp;$8400<\/span><\/td>\n<\/tr>\n<tr>\n<td><strong style=\"color: #333333;\">Napolitana:<\/strong><span style=\"color: #333333;\"> Salsa de tomate, jam\u00f3n cocido, queso muzzarella y or\u00e9gano.<\/span><\/td>\n<td style=\"text-align: right;\"><span style=\"color: #333333;\">&nbsp;$10000<\/span><\/td>\n<\/tr>\n<tr>\n<td><span style=\"color: #333333;\"><strong>Suiza:&nbsp;<\/strong><span style=\"font-weight: 400; font-style: normal;\">Queso muzzarella y or\u00e9gano.<\/span><\/span><\/td>\n<td style=\"text-align: right;\">\n<p><span style=\"color: #333333;\">&nbsp;$95<\/span><span style=\"color: #333333;\">00<\/span><\/p>\n<\/td>\n<\/tr>\n<tr>\n<td>\n<p><span style=\"color: #333333;\"><strong>Fugazzeta:&nbsp;<\/strong><span style=\"font-style: normal;\">Queso muzzarella, cebolla, aceite de oliva y or\u00e9gano. <\/span><\/span><strong><span style=\"color: #333333;\"><span style=\"font-style: normal;\">Nota:la cebolla se cocina en el horno.<\/span><\/span><\/strong><\/p>\n<\/td>\n<td style=\"text-align: right;\">\n<p><span style=\"color: #333333;\">&nbsp;$95<\/span><span style=\"color: #333333;\">00<\/span><\/p>\n<\/td>\n<\/tr>\n<tr>\n<td>\n<p><span style=\"color: #333333;\"><strong>&nbsp;Guacamole:&nbsp;<\/strong>Queso crema, guacamole, salsa criolla, perejil y mix de semillas.<\/span><\/p>\n<\/td>\n<td style=\"text-align: right;\"><span style=\"color: #333333;\">$10000&nbsp;<\/span><\/td>\n<\/tr>\n<tr>\n<td>\n<p><span style=\"color: #333333;\"><strong>&nbsp;Cheddar:&nbsp;<span style=\"font-weight: 400; font-style: normal;\">Queso cheddar fundido, crocante de panceta ahumada, cebolla de verdeo.<\/span><\/strong><\/span><\/p>\n<\/td>\n<td style=\"text-align: right;\"><span style=\"color: #333333;\">$10000&nbsp;<\/span><\/td>\n<\/tr>\n<tr>\n<td>\n<p><span style=\"color: #333333;\"><strong>&nbsp;Vegetales:&nbsp;<span style=\"font-weight: 400; font-style: normal;\">Pimientos, berenjena, zucchini y cebolla asados con queso provolone.<\/span><\/strong><\/span><\/p>\n<\/td>\n<td style=\"text-align: right;\"><span style=\"color: #333333;\">$10000&nbsp;<\/span><\/td>\n<\/tr>\n<tr>\n<td>\n<p><span style=\"color: #333333;\"><strong>&nbsp;Mix de Milanesas:&nbsp;<span style=\"font-weight: 400; font-style: normal;\">A caballo, napolitana, fugazzeta y cheddar. Acompa\u00f1adas de papas fritas.<\/span><\/strong><\/span><\/p>\n<\/td>\n<td style=\"text-align: right;\">\n<p><span style=\"color: #333333;\">$180<\/span><span style=\"color: #333333;\">00&nbsp;<\/span><\/p>\n<\/td>\n<\/tr>\n<\/tbody>\n<\/table>\n<p><span style=\"font-size: 10pt; color: #333333;\"><strong>Guarniciones Incluidas:<\/strong> Ensalada mixta, Papas Fritas o Pur\u00e9 de Papas.<br><\/span><strong><span style=\"font-size: 10pt; color: #333333;\">Cambi\u00e1 tu Guarnici\u00f3n:&nbsp; <span style=\"font-weight: 400; font-style: normal;\">P<\/span><\/span><\/strong><span style=\"font-size: 10pt; color: #333333;\">apas con cheddar&nbsp; (+$2000), Papas con huevo revuelto (+$2000) o Ensalada de r\u00facula y queso parmesano <\/span><span style=\"font-size: 10pt; color: #333333;\">(+$1500) <\/span><span style=\"font-size: 10pt; color: #333333;\">.<\/span><\/p><\/div><\/div><\/div><\/div><\/div><\/div><\/div><\/div><div class=\"vce-row-container\"><div class=\"vce-row vce-row--col-gap-30 vce-row-columns--top vce-row-content--top\" id=\"el-9021ab0f\" data-vce-do-apply=\"all el-9021ab0f\"><div class=\"vce-content-background-container\"><\/div><div class=\"vce-row-content\" data-vce-element-content=\"true\"><div class=\"vce-col vce-col--md-auto vce-col--xs-1 vce-col--xs-last vce-col--xs-first vce-col--sm-last vce-col--sm-first vce-col--md-last vce-col--lg-last vce-col--xl-last vce-col--md-first vce-col--lg-first vce-col--xl-first\" id=\"el-3898482d\"><div class=\"vce-col-inner\" data-vce-do-apply=\"border margin background  el-3898482d\"><div class=\"vce-col-content\" data-vce-element-content=\"true\" data-vce-do-apply=\"padding el-3898482d\"><div class=\"vce-text-block\"><div class=\"vce-text-block-wrapper vce\" id=\"el-f02ab9b5\" data-vce-do-apply=\"all el-f02ab9b5\"><p><a href=\"https:\/\/growbrands.net\/neworder\/wp-content\/uploads\/2022\/05\/pepecito-salon-titulo-ensaladas.png\"><img class=\"alignnone  wp-image-52240\" src=\"https:\/\/growbrands.net\/neworder\/wp-content\/uploads\/2022\/05\/pepecito-salon-titulo-ensaladas.png\" alt=\"\" width=\"192\" height=\"50\"><\/a><\/p><\/div><\/div><div class=\"vce-text-block\"><div class=\"vce-text-block-wrapper vce\" id=\"el-388c6b73\" data-vce-do-apply=\"all el-388c6b73\"><table width=\"944\">\n<tbody>\n<tr>\n<td width=\"849\"><strong style=\"color: #333333;\">Caesar:<\/strong><span style=\"color: #333333;\"> Lechuga, pollo, queso parmesano, crutones y aderezo caesar.<\/span><\/td>\n<td style=\"text-align: right;\" width=\"95\">\n<p><span style=\"color: #333333;\">&nbsp;$8200<\/span><\/p>\n<\/td>\n<\/tr>\n<tr>\n<td><span style=\"color: #333333;\"><strong>House:&nbsp;<span style=\"font-weight: 400; font-style: normal;\">Lechuga, pollo, tomatitos cherrys, panceta ahumada crocante, cebolla y palta.<\/span><\/strong><\/span><\/td>\n<td style=\"text-align: right;\"><span style=\"color: #333333;\">&nbsp;$9600<br><\/span><\/td>\n<\/tr>\n<tr>\n<td><strong style=\"color: #333333;\">Ave:<\/strong><span style=\"color: #333333;\"> Lechuga, pollo, olivas negras, huevo duro, tomatitos cherrys y panceta ahumada crocante.<\/span><\/td>\n<td style=\"text-align: right;\"><span style=\"color: #333333;\">&nbsp;$8200<br><\/span><\/td>\n<\/tr>\n<tr>\n<td><strong style=\"color: #333333;\">R\u00facula y Crudo: <span style=\"font-weight: 400; font-style: normal;\">R\u00facula, queso parmesano, tomatitos cherrys, olivas negras, crutones y jam\u00f3n crudo.<\/span><\/strong><\/td>\n<td style=\"text-align: right;\"><span style=\"color: #333333;\">&nbsp;$10400<br><\/span><\/td>\n<\/tr>\n<tr>\n<td><strong style=\"color: #333333;\">Langostinos:<\/strong><span style=\"color: #333333;\">&nbsp;lechuga, langostinos rebozados fritos, tomatitos cherry, queso fymbo y palta.<\/span><\/td>\n<td style=\"text-align: right;\"><span style=\"color: #333333;\">&nbsp;$11500<br><\/span><\/td>\n<\/tr>\n<tr>\n<td><span style=\"color: #333333;\"><strong>R\u00facula y Peras: <span style=\"font-weight: 400; font-style: normal;\">R\u00facula, peras, nueces y queso azul.<\/span><\/strong><\/span><\/td>\n<td style=\"text-align: right;\">\n<p><span style=\"color: #333333;\">&nbsp;$960<\/span><span style=\"color: #333333;\">0<br><\/span><\/p>\n<\/td>\n<\/tr>\n<\/tbody>\n<\/table><\/div><\/div><div class=\"vce-single-image-container vce-single-image--align-center\"><div class=\"vce vce-single-image-wrapper\" id=\"el-5b8a3a7e\" data-vce-do-apply=\"all el-5b8a3a7e\"><figure><div class=\"vce-single-image-inner vce-single-image--absolute\" style=\"padding-bottom: 65.4846%; width: 423px;\"><img class=\"vce-single-image\" width=\"423\" height=\"277\"src=\"https:\/\/growbrands.net\/neworder\/wp-content\/uploads\/2024\/04\/pepecito-fotoensalada-423x277.jpg\" srcset=\"https:\/\/growbrands.net\/neworder\/wp-content\/uploads\/2024\/04\/pepecito-fotoensalada-320x210.jpg 320w,https:\/\/growbrands.net\/neworder\/wp-content\/uploads\/2024\/04\/pepecito-fotoensalada-423x277.jpg 423w\" data-img-src=\"https:\/\/growbrands.net\/neworder\/wp-content\/uploads\/2022\/05\/pepecito-fotoensalada.jpg\" alt=\"\" title=\"pepecito-fotoensalada\" \/><\/div><figcaption hidden=\"\"><\/figcaption><\/figure><\/div><\/div><\/div><\/div><\/div><\/div><\/div><\/div><div class=\"vce-row-container\"><div class=\"vce-row vce-row--col-gap-30 vce-row-columns--top vce-row-content--top\" id=\"el-d7ff26f5\" data-vce-do-apply=\"all el-d7ff26f5\"><div class=\"vce-content-background-container\"><\/div><div class=\"vce-row-content\" data-vce-element-content=\"true\"><div class=\"vce-col vce-col--md-auto vce-col--xs-1 vce-col--xs-last vce-col--xs-first vce-col--sm-last vce-col--sm-first vce-col--md-last vce-col--lg-last vce-col--xl-last vce-col--md-first vce-col--lg-first vce-col--xl-first\" id=\"el-ad17b477\"><div class=\"vce-col-inner\" data-vce-do-apply=\"border margin background  el-ad17b477\"><div class=\"vce-col-content\" data-vce-element-content=\"true\" data-vce-do-apply=\"padding el-ad17b477\"><div class=\"vce-text-block\"><div class=\"vce-text-block-wrapper vce\" id=\"el-8e762c78\" data-vce-do-apply=\"all el-8e762c78\"><p><a href=\"https:\/\/growbrands.net\/neworder\/wp-content\/uploads\/2022\/05\/pepecito-salon-titulo-tartas.png\"><img class=\"alignnone wp-image-52245\" src=\"https:\/\/growbrands.net\/neworder\/wp-content\/uploads\/2022\/05\/pepecito-salon-titulo-tartas.png\" alt=\"\" width=\"117\" height=\"49\"><\/a><\/p><\/div><\/div><div class=\"vce-text-block\"><div class=\"vce-text-block-wrapper vce\" id=\"el-f7f7f04d\" data-vce-do-apply=\"all el-f7f7f04d\"><p>&nbsp;<\/p>\n<table width=\"952\">\n<tbody>\n<tr>\n<td width=\"849\"><span style=\"color: #333333;\">Calabaza, espinaca y choclo<\/span><\/td>\n<td style=\"text-align: right;\" width=\"103\"><span style=\"color: #333333;\">&nbsp;$8500<\/span><\/td>\n<\/tr>\n<tr>\n<td><span style=\"color: #333333;\">Pollo<\/span><\/td>\n<td style=\"text-align: right;\"><span style=\"color: #333333;\">&nbsp;$9800<\/span><\/td>\n<\/tr>\n<tr>\n<td><span style=\"color: #333333;\">Salm\u00f3n <\/span><\/td>\n<td style=\"text-align: right;\"><span style=\"color: #333333;\">&nbsp;$10600<\/span><\/td>\n<\/tr>\n<tr>\n<td><span style=\"color: #333333;\">Puerro y crocantes de jam\u00f3n crudo<\/span><\/td>\n<td style=\"text-align: right;\"><span style=\"color: #333333;\">&nbsp;$8500<\/span><\/td>\n<\/tr>\n<\/tbody>\n<\/table>\n<p class=\"p1\"><span style=\"font-size: 10pt; color: #333333;\"><strong>Guarniciones Incluidas:<\/strong>&nbsp;Ensalada mixta, Papas Fritas o Pur\u00e9 de Papas.<br><\/span><strong><span style=\"font-size: 10pt; color: #333333;\">Cambi\u00e1 tu Guarnici\u00f3n:&nbsp;&nbsp;<span style=\"font-weight: 400;\">P<\/span><\/span><\/strong><span style=\"font-size: 10pt; color: #333333;\">apas con cheddar&nbsp; (+$2000), Papas con huevo revuelto (+$2000) o Ensalada de r\u00facula y queso parmesano <\/span><span style=\"font-size: 10pt; color: #333333;\">(+$1500) <\/span><span style=\"font-size: 10pt; color: #333333;\">.<\/span><\/p><\/div><\/div><div class=\"vce-single-image-container vce-single-image--align-center\"><div class=\"vce vce-single-image-wrapper\" id=\"el-0f35bdee\" data-vce-do-apply=\"all el-0f35bdee\"><figure><div class=\"vce-single-image-inner vce-single-image--absolute\" style=\"padding-bottom: 65.4846%; width: 423px;\"><img class=\"vce-single-image\" width=\"423\" height=\"277\"src=\"https:\/\/growbrands.net\/neworder\/wp-content\/uploads\/2024\/04\/pepecito-fototarta-423x277.jpg\" srcset=\"https:\/\/growbrands.net\/neworder\/wp-content\/uploads\/2024\/04\/pepecito-fototarta-320x210.jpg 320w,https:\/\/growbrands.net\/neworder\/wp-content\/uploads\/2024\/04\/pepecito-fototarta-423x277.jpg 423w\" data-img-src=\"https:\/\/growbrands.net\/neworder\/wp-content\/uploads\/2022\/05\/pepecito-fototarta.jpg\" alt=\"\" title=\"pepecito-fototarta\" \/><\/div><figcaption hidden=\"\"><\/figcaption><\/figure><\/div><\/div><\/div><\/div><\/div><\/div><\/div><\/div><div class=\"vce-row-container\"><div class=\"vce-row vce-row--col-gap-30 vce-row-columns--top vce-row-content--top\" id=\"el-2f7247d1\" data-vce-do-apply=\"all el-2f7247d1\"><div class=\"vce-content-background-container\"><\/div><div class=\"vce-row-content\" data-vce-element-content=\"true\"><div class=\"vce-col vce-col--md-auto vce-col--xs-1 vce-col--xs-last vce-col--xs-first vce-col--sm-last vce-col--sm-first vce-col--md-last vce-col--lg-last vce-col--xl-last vce-col--md-first vce-col--lg-first vce-col--xl-first\" id=\"el-f43219e8\"><div class=\"vce-col-inner\" data-vce-do-apply=\"border margin background  el-f43219e8\"><div class=\"vce-col-content\" data-vce-element-content=\"true\" data-vce-do-apply=\"padding el-f43219e8\"><div class=\"vce-text-block\"><div class=\"vce-text-block-wrapper vce\" id=\"el-dfcff48d\" data-vce-do-apply=\"all el-dfcff48d\"><p><a href=\"https:\/\/growbrands.net\/neworder\/wp-content\/uploads\/2022\/05\/pepecito-salon-titulo-menuinfantil.png\"><img class=\"alignnone  wp-image-52249\" src=\"https:\/\/growbrands.net\/neworder\/wp-content\/uploads\/2022\/05\/pepecito-salon-titulo-menuinfantil-300x72.png\" alt=\"\" width=\"250\" height=\"60\"><\/a><\/p><\/div><\/div><div class=\"vce-text-block\"><div class=\"vce-text-block-wrapper vce\" id=\"el-5dc48c7a\" data-vce-do-apply=\"all el-5dc48c7a\"><table style=\"height: 96px;\" width=\"944\">\n<tbody>\n<tr style=\"height: 24px;\">\n<td style=\"height: 24px; width: 834.109px;\"><span style=\"color: #333333;\"><strong>Milanesita con Papas Fritas<\/strong><\/span><\/td>\n<td style=\"text-align: right; height: 24px; width: 93.8906px;\"><span style=\"color: #333333;\">$7200<\/span><\/td>\n<\/tr>\n<tr style=\"height: 24px;\">\n<td style=\"height: 24px; width: 834.109px;\"><span style=\"color: #333333;\"><strong>Lomito con Papas Fritas.<\/strong><\/span><\/td>\n<td style=\"text-align: right; height: 24px; width: 93.8906px;\"><span style=\"color: #333333;\">&nbsp;$7200<\/span><\/td>\n<\/tr>\n<tr style=\"height: 48px;\">\n<td style=\"height: 48px; width: 834.109px;\"><span style=\"color: #333333;\"><strong>Sanguchito de Milanesa con Papas Fritas.<\/strong><\/span><\/td>\n<td style=\"text-align: right; height: 48px; width: 93.8906px;\"><span style=\"color: #333333;\">&nbsp;$7200<\/span><\/td>\n<\/tr>\n<tr>\n<td style=\"width: 834.109px;\"><span style=\"color: #333333;\">&nbsp;Todos los infantiles incluyen bebida individual y postrecito (Valido para ni\u00f1os menores a 12 a\u00f1os).<\/span><\/td>\n<td style=\"text-align: right; width: 93.8906px;\"><span style=\"color: #333333;\">&nbsp;<\/span><\/td>\n<\/tr>\n<\/tbody>\n<\/table><\/div><\/div><\/div><\/div><\/div><\/div><\/div><\/div><\/div><\/div><\/div><\/div><\/div><\/div><div class=\"vce-row-container\"><div class=\"vce-row vce-element--has-background vce-row--col-gap-30 vce-row-columns--top vce-row-content--top\" id=\"el-b2a79c7d\" data-vce-do-apply=\"all el-b2a79c7d\"><div class=\"vce-content-background-container\"><\/div><div class=\"vce-row-content\" data-vce-element-content=\"true\"><div class=\"vce-col vce-col--md-auto vce-col--xs-1 vce-col--xs-last vce-col--xs-first vce-col--sm-last vce-col--sm-first vce-col--md-last vce-col--lg-last vce-col--xl-last vce-col--md-first vce-col--lg-first vce-col--xl-first\" id=\"el-52c4c11d\"><div class=\"vce-col-inner\" data-vce-do-apply=\"border margin background  el-52c4c11d\"><div class=\"vce-col-content\" data-vce-element-content=\"true\" data-vce-do-apply=\"padding el-52c4c11d\"><div class=\"vce-row-container\"><div class=\"vce-row vce-row--col-gap-30 vce-row-columns--top vce-row-content--top\" id=\"el-ab9a361d\" data-vce-do-apply=\"all el-ab9a361d\"><div class=\"vce-row-content\" data-vce-element-content=\"true\"><div class=\"vce-col vce-col--md-auto vce-col--xs-1 vce-col--xs-last vce-col--xs-first vce-col--sm-last vce-col--sm-first vce-col--md-last vce-col--lg-last vce-col--xl-last vce-col--md-first vce-col--lg-first vce-col--xl-first\" id=\"el-e9473c3c\"><div class=\"vce-col-inner\" data-vce-do-apply=\"border margin background  el-e9473c3c\"><div class=\"vce-col-content\" data-vce-element-content=\"true\" data-vce-do-apply=\"padding el-e9473c3c\"><div class=\"vce-button--style-outline-container vce-button--style-outline-container--align-center\"><span class=\"vce-button--style-outline-wrapper vce\" id=\"el-5020ec57\" data-vce-do-apply=\"margin el-5020ec57\"><a class=\"vce-button--style-outline-animated vce-button--style-outline--border-round vce-button--style-outline--size-medium vce-button--style-outline-animated--color-b-126-202-182--fff--3d3d3d vce-button--style-outline-animated--border-color-b-126-202-182--3d3d3d vce-button--style-outline-animated--background-color-3d3d3d\" href=\"https:\/\/growbrands.net\/neworder\/pepecito-menu-salon\/\" title=\"\" data-vce-do-apply=\"padding border background  el-5020ec57\"><span class=\"vce-button--style-outline-text\">Volver<\/span><\/a><\/span><\/div><\/div><\/div><\/div><\/div><\/div><\/div><\/div><\/div><\/div><\/div><\/div><\/div><div class=\"vce-row-container\"><div class=\"vce-row vce-row--col-gap-30 vce-row-columns--top vce-row-content--top\" id=\"el-80178152\" data-vce-do-apply=\"all el-80178152\"><div class=\"vce-row-content\" data-vce-element-content=\"true\"><div class=\"vce-col vce-col--md-auto vce-col--xs-1 vce-col--xs-last vce-col--xs-first vce-col--sm-last vce-col--sm-first vce-col--md-last vce-col--lg-last vce-col--xl-last vce-col--md-first vce-col--lg-first vce-col--xl-first\" id=\"el-d470094f\"><div class=\"vce-col-inner\" data-vce-do-apply=\"border margin background  el-d470094f\"><div class=\"vce-col-content\" data-vce-element-content=\"true\" data-vce-do-apply=\"padding el-d470094f\"><div class=\"vce-widgets-container\"><div class=\"vce vce-widgets-wrapper\" id=\"el-aa277eda\" data-vce-do-apply=\"all el-aa277eda\"><div class=\"textwidget custom-html-widget\"><div style=\"text-align; background-color:#000;\">\n<p style=\"text-align: center;\"><a href=\"http:\/\/www.neworder.menu\" target=\"_blank\" style=\"text-decoration:none;\"><span style=\"color:#ffffff;\">New Order: QR Digital Menu <br By Grow Brands<\/span><\/a><\/p>\n\t<\/div><\/div><\/div><\/div><\/div><\/div><\/div><\/div><\/div><\/div>\n","protected":false},"excerpt":{"rendered":"<p>De ternera o pollo Cl\u00e1sica &nbsp;$7600 A Caballo: Dos huevos fritos y or\u00e9gano &nbsp;$8400 Napolitana: Salsa de tomate, jam\u00f3n cocido, queso muzzarella y or\u00e9gano. &nbsp;$10000 Suiza:&nbsp;Queso muzzarella y or\u00e9gano. &nbsp;$9500 Fugazzeta:&nbsp;Queso muzzarella, cebolla, aceite de oliva y or\u00e9gano. Nota:la cebolla se cocina en el horno. &hellip; <\/p>\n","protected":false},"author":47,"featured_media":0,"parent":0,"menu_order":0,"comment_status":"closed","ping_status":"closed","template":"","meta":{"_monsterinsights_skip_tracking":false,"_monsterinsights_sitenote_active":false,"_monsterinsights_sitenote_note":"","_monsterinsights_sitenote_category":0,"footnotes":""},"coauthors":[94],"class_list":["post-52155","page","type-page","status-publish","hentry"],"_links":{"self":[{"href":"https:\/\/growbrands.net\/neworder\/wp-json\/wp\/v2\/pages\/52155","targetHints":{"allow":["GET"]}}],"collection":[{"href":"https:\/\/growbrands.net\/neworder\/wp-json\/wp\/v2\/pages"}],"about":[{"href":"https:\/\/growbrands.net\/neworder\/wp-json\/wp\/v2\/types\/page"}],"author":[{"embeddable":true,"href":"https:\/\/growbrands.net\/neworder\/wp-json\/wp\/v2\/users\/47"}],"replies":[{"embeddable":true,"href":"https:\/\/growbrands.net\/neworder\/wp-json\/wp\/v2\/comments?post=52155"}],"version-history":[{"count":59,"href":"https:\/\/growbrands.net\/neworder\/wp-json\/wp\/v2\/pages\/52155\/revisions"}],"predecessor-version":[{"id":74344,"href":"https:\/\/growbrands.net\/neworder\/wp-json\/wp\/v2\/pages\/52155\/revisions\/74344"}],"wp:attachment":[{"href":"https:\/\/growbrands.net\/neworder\/wp-json\/wp\/v2\/media?parent=52155"}],"wp:term":[{"taxonomy":"author","embeddable":true,"href":"https:\/\/growbrands.net\/neworder\/wp-json\/wp\/v2\/coauthors?post=52155"}],"curies":[{"name":"wp","href":"https:\/\/api.w.org\/{rel}","templated":true}]}}