{"id":52150,"date":"2022-05-05T10:47:54","date_gmt":"2022-05-05T13:47:54","guid":{"rendered":"https:\/\/growbrands.net\/neworder\/?page_id=52150"},"modified":"2024-04-07T13:26:20","modified_gmt":"2024-04-07T16:26:20","slug":"pepecito-menu-salon-pizzas","status":"publish","type":"page","link":"https:\/\/growbrands.net\/neworder\/pepecito-menu-salon-pizzas\/","title":{"rendered":"Pepecito &#8211; Men\u00fa Sal\u00f3n &#8211; Pizzas"},"content":{"rendered":"<div class=\"vce-row-container\"><div class=\"vce-row vce-element--has-background vce-row--col-gap-30 vce-row-columns--top vce-row-content--top\" id=\"el-1f096c6d\" data-vce-do-apply=\"all el-1f096c6d\"><div class=\"vce-content-background-container\"><div class=\"vce-asset-parallax-container vce-visible-all-only\" data-vce-assets-parallax=\".vce-asset-parallax\" data-vce-assets-parallax-speed=\"30\" data-vce-assets-parallax-reverse=\"false\"><div class=\"vce-asset-parallax\" style=\"top: -30vh; bottom: -30vh; transform: translateY(1.0167vh);\"><div class=\"vce-asset-background-simple-container vce-visible-all-only vce-asset-background-simple--style-full-width vce-asset-background-simple--position-center-top\"><div class=\"vce-asset-background-simple\"><div class=\"vce-asset-background-simple-item\" style=\"background-image: url('https:\/\/growbrands.net\/neworder\/wp-content\/uploads\/2022\/04\/pepecito-internafondo-scaled.jpg');\"><\/div><\/div><\/div><\/div><\/div><\/div><div class=\"vce-row-content\" data-vce-element-content=\"true\"><div class=\"vce-col vce-col--md-auto vce-col--xs-1 vce-col--xs-last vce-col--xs-first vce-col--sm-last vce-col--sm-first vce-col--md-last vce-col--lg-last vce-col--xl-last vce-col--md-first vce-col--lg-first vce-col--xl-first\" id=\"el-999bc871\"><div class=\"vce-col-inner\" data-vce-do-apply=\"border margin background  el-999bc871\"><div class=\"vce-col-content\" data-vce-element-content=\"true\" data-vce-do-apply=\"padding el-999bc871\"><div class=\"vce-single-image-container vce-single-image--align-center\"><div class=\"vce vce-single-image-wrapper\" id=\"el-db0cfdd1\" data-vce-do-apply=\"all el-db0cfdd1\"><figure><div class=\"vce-single-image-inner vce-single-image--absolute vce-single-image--border-rounded\" style=\"padding-bottom: 179.335%; width: 571px;\"><img class=\"vce-single-image\" width=\"571\" height=\"1024\"src=\"https:\/\/growbrands.net\/neworder\/wp-content\/uploads\/2024\/04\/pepecito-salon-portadapizzas-571x1024.png\" srcset=\"https:\/\/growbrands.net\/neworder\/wp-content\/uploads\/2024\/04\/pepecito-salon-portadapizzas-320x574.png 320w,https:\/\/growbrands.net\/neworder\/wp-content\/uploads\/2024\/04\/pepecito-salon-portadapizzas-480x861.png 480w,https:\/\/growbrands.net\/neworder\/wp-content\/uploads\/2024\/04\/pepecito-salon-portadapizzas-571x1024.png 571w\" data-img-src=\"https:\/\/growbrands.net\/neworder\/wp-content\/uploads\/2022\/05\/pepecito-salon-portadapizzas.png\" alt=\"\" title=\"pepecito-salon-portadapizzas\" \/><\/div><figcaption hidden=\"\"><\/figcaption><\/figure><\/div><\/div><div class=\"vce-row-container\"><div class=\"vce-row vce-row--col-gap-30 vce-row-columns--top vce-row-content--top\" id=\"el-6400e0b2\" data-vce-do-apply=\"all el-6400e0b2\"><div class=\"vce-content-background-container\"><\/div><div class=\"vce-row-content\" data-vce-element-content=\"true\"><div class=\"vce-col vce-col--md-auto vce-col--xs-1 vce-col--xs-last vce-col--xs-first vce-col--sm-last vce-col--sm-first vce-col--md-last vce-col--lg-last vce-col--xl-last vce-col--md-first vce-col--lg-first vce-col--xl-first\" id=\"el-a3aa24cc\"><div class=\"vce-col-inner\" data-vce-do-apply=\"border margin background  el-a3aa24cc\"><div class=\"vce-col-content\" data-vce-element-content=\"true\" data-vce-do-apply=\"padding el-a3aa24cc\"><div class=\"vce-text-block\"><div class=\"vce-text-block-wrapper vce\" id=\"el-e96c1ba7\" data-vce-do-apply=\"all el-e96c1ba7\"><p class=\"p1\"><span class=\"s1\"><span style=\"color: #333333;\">Media masa&nbsp; al horno \/ 8 porciones \/ 4 porciones<\/span> <\/span><\/p>\n<table style=\"height: 1733px;\" width=\"1100\">\n<tbody>\n<tr>\n<td width=\"849\"><span style=\"color: #333333;\"><strong>Pizza degustaci\u00f3n:&nbsp;<span style=\"font-weight: 400; font-style: normal;\">1\/4 de panceta y cebolla - 1\/4 r\u00facula, palta y brie - 1\/4 napolitana - 1\/4 vegetales asados.<\/span><\/strong><\/span><\/td>\n<td style=\"text-align: right;\" width=\"95\"><span style=\"color: #333333;\">&nbsp;$11800<\/span><\/td>\n<td style=\"text-align: right;\" width=\"88\">\n<p><span style=\"color: #333333;\">$6500<\/span><\/p>\n<\/td>\n<\/tr>\n<tr>\n<td><span style=\"color: #333333;\"><strong>Pollo y Cheddar:&nbsp;<span style=\"font-weight: 400; font-style: normal;\">Salsa de tomate, queso muzzarella, pollo, cebolla, crocante de panceta, queso cheddar, cebolla de verdeo, barbacoa y aceitunas negras.<\/span><\/strong><\/span><\/td>\n<td style=\"text-align: right;\"><span style=\"color: #333333;\">&nbsp;$13000<\/span><\/td>\n<td style=\"text-align: right;\"><span style=\"color: #333333;\">&nbsp;$7100<\/span><\/td>\n<\/tr>\n<tr>\n<td><span style=\"color: #333333;\"><strong>Hongos y Verduras:&nbsp;<span style=\"font-weight: 400; font-style: normal;\">Salsa de tomate, queso muzzarella, champignon fresco, pimientos, cebolla, tomates cherrys, aceite de oliva y aceitunas negras.&nbsp;<\/span><\/strong><\/span><\/td>\n<td style=\"text-align: right;\"><span style=\"color: #333333;\">$11800<\/span><\/td>\n<td style=\"text-align: right;\"><span style=\"color: #333333;\">&nbsp;$6500<\/span><\/td>\n<\/tr>\n<tr>\n<td><strong style=\"color: #333333;\">Pepperoni:<\/strong><span style=\"color: #333333;\"> Salsa de tomate, queso muzzarella, pepperoni, aceitunas verdes y or\u00e9gano.<\/span><\/td>\n<td style=\"text-align: right;\"><span style=\"color: #333333;\">&nbsp;$12400<br><\/span><\/td>\n<td style=\"text-align: right;\"><span style=\"color: #333333;\">&nbsp;$6800<\/span><\/td>\n<\/tr>\n<tr>\n<td><span style=\"color: #333333;\"><strong>Panceta y Cebolla: <span style=\"font-weight: 400; font-style: normal;\">Salsa de tomate, queso muzzarella, panceta ahumanda y cebolla salteada, aceitunas negras y or\u00e9gano.<\/span><\/strong><\/span><\/td>\n<td style=\"text-align: right;\"><span style=\"color: #333333;\">&nbsp;$11800<\/span><\/td>\n<td style=\"text-align: right;\"><span style=\"color: #333333;\">&nbsp;$6500<\/span><\/td>\n<\/tr>\n<tr>\n<td><span style=\"color: #333333;\"><strong>Vegetales Asados: <span style=\"font-weight: 400; font-style: normal;\">Salsa de tomate, queso muzzarella, pimientos, berenjena, zucchini, cebolla y aceitunas negras.<\/span><\/strong><\/span><\/td>\n<td style=\"text-align: right;\"><span style=\"color: #333333;\">&nbsp;$11800<\/span><\/td>\n<td style=\"text-align: right;\"><span style=\"color: #333333;\">&nbsp;$6500<\/span><\/td>\n<\/tr>\n<tr>\n<td><span style=\"color: #333333;\"><strong>R\u00facula, Palta y Brie:&nbsp;<span style=\"font-weight: 400; font-style: normal;\">Salsa de tomate, queso muzzarella, r\u00facula, palta, queso brie, tomates cherrys y aceite de oliva.<\/span><\/strong><\/span><\/td>\n<td style=\"text-align: right;\"><span style=\"color: #333333;\">&nbsp;$14600<\/span><\/td>\n<td style=\"text-align: right;\"><span style=\"color: #333333;\">$8000<\/span><\/td>\n<\/tr>\n<tr>\n<td><span style=\"color: #333333;\"><strong>R\u00facula con Jam\u00f3n Crudo: <span style=\"font-weight: 400; font-style: normal;\">Salsa de tomate, queso muzzarella, r\u00facula, jam\u00f3n crudo, queso parmesano, aceite de oliva y aceitunas negras.<\/span><\/strong><\/span><\/td>\n<td style=\"text-align: right;\"><span style=\"color: #333333;\">&nbsp;$18000<br><\/span><\/td>\n<td style=\"text-align: right;\"><span style=\"color: #333333;\">&nbsp;$9900<\/span><\/td>\n<\/tr>\n<tr>\n<td><span style=\"color: #333333;\"><strong>Papas y Cheddar:&nbsp;<span style=\"font-weight: 400; font-style: normal;\">Salsa de tomate, queso muzzarella, papas fritas y queso cheddar.&nbsp;<\/span><\/strong><\/span><\/td>\n<td style=\"text-align: right;\"><span style=\"color: #333333;\">&nbsp;$11000<br><\/span><\/td>\n<td style=\"text-align: right;\"><span style=\"color: #333333;\">&nbsp;$6000<\/span><\/td>\n<\/tr>\n<tr>\n<td><strong style=\"color: #333333;\">Guacamole:<\/strong><span style=\"color: #333333;\"> Queso crema,<\/span><span style=\"color: #333333;\"> guacamole, tomates cherrys, salsa criolla, perejil y&nbsp; mix de semillas.<\/span><\/td>\n<td style=\"text-align: right;\"><span style=\"color: #333333;\">&nbsp;$12000<br><\/span><\/td>\n<td style=\"text-align: right;\"><span style=\"color: #333333;\">&nbsp;$6600<\/span><\/td>\n<\/tr>\n<tr>\n<td>\n<p><strong style=\"color: #333333;\">Fugazzeta:<\/strong><span style=\"color: #333333;\"> Salsa de tomate, queso muzzarella, cebolla, aceite de oliva, aceitunas verdes y or\u00e9gano. <\/span><strong><span style=\"color: #333333;\">Nota: la cebolla se cocina en el horno.<\/span><\/strong><\/p>\n<\/td>\n<td style=\"text-align: right;\"><span style=\"color: #333333;\">$10200<br><\/span><\/td>\n<td style=\"text-align: right;\"><span style=\"color: #333333;\">&nbsp;$5600<\/span><\/td>\n<\/tr>\n<tr>\n<td>\n<p>&nbsp;<strong style=\"color: #333333;\">Fuga y Huevo:<\/strong><span style=\"color: #333333;\"> Salsa de tomate, queso muzzarella, cebolla, huevo, aceitunas verdes y or\u00e9gano. <\/span><strong><span style=\"color: #333333;\">Nota: la cebolla y el huevo se cocinan en el horno.<\/span><\/strong><\/p>\n<\/td>\n<td style=\"text-align: right;\"><span style=\"color: #333333;\">$11200<br><\/span><\/td>\n<td style=\"text-align: right;\"><span style=\"color: #333333;\">$6100<\/span><\/td>\n<\/tr>\n<tr>\n<td>\n<p><span style=\"color: #333333;\"><strong>Fuga y Roquefort:<\/strong> Salsa de tomate, queso muzzarella, cebolla, queso azul y aceitunas negras. <\/span><strong><span style=\"color: #333333;\">Nota: la cebolla se cocina en el horno.<\/span><\/strong><\/p>\n<\/td>\n<td style=\"text-align: right;\"><span style=\"color: #333333;\">&nbsp;$11200<\/span><\/td>\n<td style=\"text-align: right;\"><span style=\"color: #333333;\">&nbsp;$6100<\/span><\/td>\n<\/tr>\n<tr>\n<td>\n<p><strong style=\"color: #333333;\">Napolitana:<\/strong><span style=\"color: #333333;\"> S<\/span><span style=\"color: #333333;\">alsa de tomate, queso muzzarella, rojadas de tomate, provenzal disecado, aceitunas verdes<\/span><span style=\"color: #333333;\"> y or\u00e9gano.<\/span><\/p>\n<\/td>\n<td style=\"text-align: right;\"><span style=\"color: #333333;\">&nbsp;$10200<\/span><\/td>\n<td style=\"text-align: right;\"><span style=\"color: #333333;\">&nbsp;$5600<\/span><\/td>\n<\/tr>\n<tr>\n<td>\n<p><strong style=\"color: #333333;\">Napo y Albahaca:<\/strong><span style=\"color: #333333;\">&nbsp;S<\/span><span style=\"color: #333333;\">alsa de tomate, queso muzzarella, rojadas de tomate, albahaca fresca, aceite de oliva y aceitunas verdes. <\/span><strong><span style=\"color: #333333;\">Nota: producto estacional.<\/span><\/strong><\/p>\n<\/td>\n<td style=\"text-align: right;\"><span style=\"color: #333333;\">&nbsp;$11200<\/span><\/td>\n<td style=\"text-align: right;\"><span style=\"color: #333333;\">&nbsp;$6100<\/span><\/td>\n<\/tr>\n<tr>\n<td><span style=\"color: #333333;\"><strong>Napo con huevo:<\/strong> Salsa de tomate, queso muzzarella, rodajas de tomate,provenzal disecado, huevo duro rallado, aceitunas verdes y or\u00e9gano.<\/span><\/td>\n<td style=\"text-align: right;\"><span style=\"color: #333333;\">&nbsp;$11200<br><\/span><\/td>\n<td style=\"text-align: right;\"><span style=\"color: #333333;\">&nbsp;$6100<\/span><\/td>\n<\/tr>\n<tr>\n<td><span style=\"color: #333333;\"><strong>Muzzarella:<\/strong> Salsa de tomate, queso muzzarella, morrones, aceitunas verdes&nbsp; y or\u00e9gano.<\/span><\/td>\n<td style=\"text-align: right;\"><span style=\"color: #333333;\">&nbsp;$9200<br><\/span><\/td>\n<td style=\"text-align: right;\"><span style=\"color: #333333;\">&nbsp;$5000<\/span><\/td>\n<\/tr>\n<tr>\n<td><strong style=\"color: #333333;\">Muzzarella Doble:<\/strong><span style=\"color: #333333;\">&nbsp;Salsa de tomate, 450 grs de muzzarella, morrones, aceitunas verdes&nbsp; y or\u00e9gano.<\/span><\/td>\n<td style=\"text-align: right;\"><span style=\"color: #333333;\">&nbsp;$12400<br><\/span><\/td>\n<td style=\"text-align: right;\"><span style=\"color: #333333;\">&nbsp;$6800<\/span><\/td>\n<\/tr>\n<tr>\n<td><strong style=\"color: #333333;\">Muzza con Huevo:<\/strong><span style=\"color: #333333;\">&nbsp;Salsa de tomate, queso muzzarella, huevo duro rallado, morrones, aceitunas verdes&nbsp; y or\u00e9gano.<\/span><\/td>\n<td style=\"text-align: right;\"><span style=\"color: #333333;\">&nbsp;$10200<br><\/span><\/td>\n<td style=\"text-align: right;\"><span style=\"color: #333333;\">&nbsp;$5600<\/span><\/td>\n<\/tr>\n<tr>\n<td><strong style=\"color: #333333;\">Muzza y Albahaca:<\/strong><span style=\"color: #333333;\"> Salsa de tomate, queso muzzarella, hojas de albahaca fresca, aceite de oliva y aceitunas verdes.&nbsp;<\/span>&nbsp;<strong><span style=\"color: #333333;\">Nota: producto estacional.<\/span><\/strong><\/td>\n<td style=\"text-align: right;\"><span style=\"color: #333333;\">&nbsp;$10200<br><\/span><\/td>\n<td style=\"text-align: right;\"><span style=\"color: #333333;\">&nbsp;$5600<\/span><\/td>\n<\/tr>\n<tr>\n<td><span style=\"color: #333333;\"><strong>Peras y Nueces: <span style=\"font-weight: 400; font-style: normal;\">Salsa de tomate, queso muzzarella, l\u00e1minas de peras, az\u00facar negro, nueces y aceitunas negras.<\/span><\/strong><\/span><\/td>\n<td style=\"text-align: right;\"><span style=\"color: #333333;\">&nbsp;$12400<br><\/span><\/td>\n<td style=\"text-align: right;\"><span style=\"color: #333333;\">&nbsp;$6800<\/span><\/td>\n<\/tr>\n<tr>\n<td><span style=\"color: #333333;\"><strong>Hawaiana: <span style=\"font-weight: 400; font-style: normal;\">Salsa de tomate, jam\u00f3n cocido, queso muzzarella, anan\u00e1, az\u00facar negro y aceitunas negras.<\/span><\/strong><\/span><\/td>\n<td style=\"text-align: right;\"><span style=\"color: #333333;\">&nbsp;$18400<br><\/span><\/td>\n<td style=\"text-align: right;\"><span style=\"color: #333333;\">&nbsp;$10000<\/span><\/td>\n<\/tr>\n<tr>\n<td><strong style=\"color: #333333;\">Champignon:&nbsp;<span style=\"font-weight: 400; font-style: normal;\">Salsa de tomate, jam\u00f3n cocido, queso muzzarella, champignon fresco, provenzal fresco y aceitunas negras.<\/span><\/strong><\/td>\n<td style=\"text-align: right;\"><span style=\"color: #333333;\">$14200&nbsp;<\/span><\/td>\n<td style=\"text-align: right;\"><span style=\"color: #333333;\">$7800&nbsp;<\/span><\/td>\n<\/tr>\n<tr>\n<td><span style=\"color: #333333;\"><strong>&nbsp;Palmito:<span style=\"font-weight: 400; font-style: normal;\">&nbsp;<\/span><\/strong><\/span><strong style=\"color: #333333;\"><span style=\"font-weight: 400; font-style: normal;\">Salsa de tomate, jam\u00f3n cocido, queso muzzarella, palmitos, morrones, aceitunas negras y salsa golf<\/span><\/strong><\/td>\n<td style=\"text-align: right;\"><span style=\"color: #333333;\">$22400&nbsp;<\/span><\/td>\n<td style=\"text-align: right;\"><span style=\"color: #333333;\">$12300&nbsp;<\/span><\/td>\n<\/tr>\n<tr>\n<td><span style=\"color: #333333;\"><strong>&nbsp;Provolone:&nbsp;<span style=\"font-weight: 400; font-style: normal;\">Salsa de tomate, queso muzzarella, queso provolone, aj\u00ed molido, aceite de oliva, morrones, or\u00e9gano y aceitunas negras.&nbsp;<\/span><\/strong><\/span><\/td>\n<td style=\"text-align: right;\"><span style=\"color: #333333;\">$13000&nbsp;<\/span><\/td>\n<td style=\"text-align: right;\"><span style=\"color: #333333;\">$7100&nbsp;<\/span><\/td>\n<\/tr>\n<tr>\n<td><span style=\"color: #333333;\"><strong>&nbsp;Roquefort:&nbsp;<span style=\"font-weight: 400; font-style: normal;\">Salsa de tomate, queso muzzarella, queso azul, morrones, aceitunas negras.<\/span><\/strong><\/span><\/td>\n<td style=\"text-align: right;\"><span style=\"color: #333333;\">$12000&nbsp;<\/span><\/td>\n<td style=\"text-align: right;\">\n<p><span style=\"color: #333333;\">$66<\/span><span style=\"color: #333333;\">00&nbsp;<\/span><\/p>\n<\/td>\n<\/tr>\n<tr>\n<td><span style=\"color: #333333;\"><strong>&nbsp;Tres Quesos: <\/strong><\/span><strong style=\"color: #333333;\"><span style=\"font-weight: 400; font-style: normal;\">Salsa de tomate, queso muzzarella, queso provolone, queso azul, morrones, aceitunas negras.<\/span><\/strong><\/td>\n<td style=\"text-align: right;\"><span style=\"color: #333333;\">$14000&nbsp;<\/span><\/td>\n<td style=\"text-align: right;\"><span style=\"color: #333333;\">$7700&nbsp;<\/span><\/td>\n<\/tr>\n<tr>\n<td><span style=\"color: #333333;\"><strong>&nbsp;Provenzal:&nbsp;<span style=\"font-weight: 400; font-style: normal;\">Salsa de tomate, queso muzzarella, provenzal fresco y aceitunas negras.&nbsp;<\/span><\/strong><\/span><\/td>\n<td style=\"text-align: right;\"><span style=\"color: #333333;\">$10200&nbsp;<\/span><\/td>\n<td style=\"text-align: right;\"><span style=\"color: #333333;\">$5600&nbsp;<\/span><\/td>\n<\/tr>\n<tr>\n<td><span style=\"color: #333333;\"><strong>&nbsp;Especial:&nbsp;<span style=\"font-weight: 400; font-style: normal;\">Salsa de tomate, jam\u00f3n cocido, queso muzzarella, morrones, aceitunas verdes y or\u00e9gano.<\/span><\/strong><\/span><\/td>\n<td style=\"text-align: right;\"><span style=\"color: #333333;\">$10600&nbsp;<\/span><\/td>\n<td style=\"text-align: right;\">\n<p><span style=\"color: #333333;\">$58<\/span><span style=\"color: #333333;\">00&nbsp;<\/span><\/p>\n<\/td>\n<\/tr>\n<tr>\n<td><span style=\"color: #333333;\"><strong>&nbsp;<\/strong><\/span><strong style=\"color: #333333;\">Especial con Huevo: <span style=\"font-weight: 400; font-style: normal;\">Salsa de tomate, jam\u00f3n cocido, queso muzzarella, huevo duro rallado,&nbsp; morrones, aceitunas verdes y or\u00e9gano.<\/span><\/strong><\/td>\n<td style=\"text-align: right;\"><span style=\"color: #333333;\">$11800&nbsp;<\/span><\/td>\n<td style=\"text-align: right;\"><span style=\"color: #333333;\">$6500&nbsp;<\/span><\/td>\n<\/tr>\n<\/tbody>\n<\/table>\n<p>&nbsp;<\/p><\/div><\/div><div class=\"vce-single-image-container vce-single-image--align-center\"><div class=\"vce vce-single-image-wrapper\" id=\"el-4bbb64f7\" data-vce-do-apply=\"all el-4bbb64f7\"><figure><div class=\"vce-single-image-inner vce-single-image--absolute\" style=\"padding-bottom: 65.4846%; width: 423px;\"><img class=\"vce-single-image\" width=\"423\" height=\"277\"src=\"https:\/\/growbrands.net\/neworder\/wp-content\/uploads\/2024\/04\/pepecito-fotopizzas-423x277.jpg\" srcset=\"https:\/\/growbrands.net\/neworder\/wp-content\/uploads\/2024\/04\/pepecito-fotopizzas-320x210.jpg 320w,https:\/\/growbrands.net\/neworder\/wp-content\/uploads\/2024\/04\/pepecito-fotopizzas-423x277.jpg 423w\" data-img-src=\"https:\/\/growbrands.net\/neworder\/wp-content\/uploads\/2022\/05\/pepecito-fotopizzas.jpg\" alt=\"\" title=\"pepecito-fotopizzas\" \/><\/div><figcaption hidden=\"\"><\/figcaption><\/figure><\/div><\/div><\/div><\/div><\/div><\/div><\/div><\/div><\/div><\/div><\/div><\/div><\/div><\/div><div class=\"vce-row-container\"><div class=\"vce-row vce-element--has-background vce-row--col-gap-30 vce-row-columns--top vce-row-content--top\" id=\"el-b2a79c7d\" data-vce-do-apply=\"all el-b2a79c7d\"><div class=\"vce-content-background-container\"><\/div><div class=\"vce-row-content\" data-vce-element-content=\"true\"><div class=\"vce-col vce-col--md-auto vce-col--xs-1 vce-col--xs-last vce-col--xs-first vce-col--sm-last vce-col--sm-first vce-col--md-last vce-col--lg-last vce-col--xl-last vce-col--md-first vce-col--lg-first vce-col--xl-first\" id=\"el-52c4c11d\"><div class=\"vce-col-inner\" data-vce-do-apply=\"border margin background  el-52c4c11d\"><div class=\"vce-col-content\" data-vce-element-content=\"true\" data-vce-do-apply=\"padding el-52c4c11d\"><div class=\"vce-row-container\"><div class=\"vce-row vce-row--col-gap-30 vce-row-columns--top vce-row-content--top\" id=\"el-ab9a361d\" data-vce-do-apply=\"all el-ab9a361d\"><div class=\"vce-row-content\" data-vce-element-content=\"true\"><div class=\"vce-col vce-col--md-auto vce-col--xs-1 vce-col--xs-last vce-col--xs-first vce-col--sm-last vce-col--sm-first vce-col--md-last vce-col--lg-last vce-col--xl-last vce-col--md-first vce-col--lg-first vce-col--xl-first\" id=\"el-e9473c3c\"><div class=\"vce-col-inner\" data-vce-do-apply=\"border margin background  el-e9473c3c\"><div class=\"vce-col-content\" data-vce-element-content=\"true\" data-vce-do-apply=\"padding el-e9473c3c\"><div class=\"vce-button--style-outline-container vce-button--style-outline-container--align-center\"><span class=\"vce-button--style-outline-wrapper vce\" id=\"el-fd9c52ee\" data-vce-do-apply=\"margin el-fd9c52ee\"><a class=\"vce-button--style-outline-animated vce-button--style-outline--border-round vce-button--style-outline--size-medium vce-button--style-outline-animated--color-b-126-202-182--fff--3d3d3d vce-button--style-outline-animated--border-color-b-126-202-182--3d3d3d vce-button--style-outline-animated--background-color-3d3d3d\" href=\"https:\/\/growbrands.net\/neworder\/pepecito-menu-salon\/\" title=\"\" data-vce-do-apply=\"padding border background  el-fd9c52ee\"><span class=\"vce-button--style-outline-text\">Volver<\/span><\/a><\/span><\/div><\/div><\/div><\/div><\/div><\/div><\/div><\/div><\/div><\/div><\/div><\/div><\/div><div class=\"vce-row-container\"><div class=\"vce-row vce-row--col-gap-30 vce-row-columns--top vce-row-content--top\" id=\"el-80178152\" data-vce-do-apply=\"all el-80178152\"><div class=\"vce-row-content\" data-vce-element-content=\"true\"><div class=\"vce-col vce-col--md-auto vce-col--xs-1 vce-col--xs-last vce-col--xs-first vce-col--sm-last vce-col--sm-first vce-col--md-last vce-col--lg-last vce-col--xl-last vce-col--md-first vce-col--lg-first vce-col--xl-first\" id=\"el-d470094f\"><div class=\"vce-col-inner\" data-vce-do-apply=\"border margin background  el-d470094f\"><div class=\"vce-col-content\" data-vce-element-content=\"true\" data-vce-do-apply=\"padding el-d470094f\"><div class=\"vce-widgets-container\"><div class=\"vce vce-widgets-wrapper\" id=\"el-aa277eda\" data-vce-do-apply=\"all el-aa277eda\"><div class=\"textwidget custom-html-widget\"><div style=\"text-align; background-color:#000;\">\n<p style=\"text-align: center;\"><a href=\"http:\/\/www.neworder.menu\" target=\"_blank\" style=\"text-decoration:none;\"><span style=\"color:#ffffff;\">New Order: QR Digital Menu <br By Grow Brands<\/span><\/a><\/p>\n\t<\/div><\/div><\/div><\/div><\/div><\/div><\/div><\/div><\/div><\/div>\n","protected":false},"excerpt":{"rendered":"<p>Media masa&nbsp; al horno \/ 8 porciones \/ 4 porciones Pizza degustaci\u00f3n:&nbsp;1\/4 de panceta y cebolla &#8211; 1\/4 r\u00facula, palta y brie &#8211; 1\/4 napolitana &#8211; 1\/4 vegetales asados. &nbsp;$11800 $6500 Pollo y Cheddar:&nbsp;Salsa de tomate, queso muzzarella, pollo, cebolla, crocante de panceta, queso cheddar, &hellip; <\/p>\n","protected":false},"author":47,"featured_media":0,"parent":0,"menu_order":0,"comment_status":"closed","ping_status":"closed","template":"","meta":{"_monsterinsights_skip_tracking":false,"_monsterinsights_sitenote_active":false,"_monsterinsights_sitenote_note":"","_monsterinsights_sitenote_category":0,"footnotes":""},"coauthors":[94],"class_list":["post-52150","page","type-page","status-publish","hentry"],"_links":{"self":[{"href":"https:\/\/growbrands.net\/neworder\/wp-json\/wp\/v2\/pages\/52150","targetHints":{"allow":["GET"]}}],"collection":[{"href":"https:\/\/growbrands.net\/neworder\/wp-json\/wp\/v2\/pages"}],"about":[{"href":"https:\/\/growbrands.net\/neworder\/wp-json\/wp\/v2\/types\/page"}],"author":[{"embeddable":true,"href":"https:\/\/growbrands.net\/neworder\/wp-json\/wp\/v2\/users\/47"}],"replies":[{"embeddable":true,"href":"https:\/\/growbrands.net\/neworder\/wp-json\/wp\/v2\/comments?post=52150"}],"version-history":[{"count":42,"href":"https:\/\/growbrands.net\/neworder\/wp-json\/wp\/v2\/pages\/52150\/revisions"}],"predecessor-version":[{"id":74343,"href":"https:\/\/growbrands.net\/neworder\/wp-json\/wp\/v2\/pages\/52150\/revisions\/74343"}],"wp:attachment":[{"href":"https:\/\/growbrands.net\/neworder\/wp-json\/wp\/v2\/media?parent=52150"}],"wp:term":[{"taxonomy":"author","embeddable":true,"href":"https:\/\/growbrands.net\/neworder\/wp-json\/wp\/v2\/coauthors?post=52150"}],"curies":[{"name":"wp","href":"https:\/\/api.w.org\/{rel}","templated":true}]}}