{"id":43914,"date":"2021-09-05T20:13:52","date_gmt":"2021-09-05T23:13:52","guid":{"rendered":"https:\/\/growbrands.net\/neworder\/?page_id=43914"},"modified":"2026-02-19T17:40:10","modified_gmt":"2026-02-19T20:40:10","slug":"centenario-casa-de-comidas-pastas","status":"publish","type":"page","link":"https:\/\/growbrands.net\/neworder\/centenario-casa-de-comidas-pastas\/","title":{"rendered":"Centenario Casa de Comidas &#8211; Pastas"},"content":{"rendered":"<div class=\"vce-row-container\"><div class=\"vce-row vce-element--has-background vce-row--col-gap-30 vce-row-columns--top vce-row-content--top\" id=\"el-1f096c6d\" data-vce-do-apply=\"all el-1f096c6d\"><div class=\"vce-content-background-container\"><div class=\"vce-asset-background-simple-container vce-visible-all-only vce-asset-background-simple--style-full-width vce-asset-background-simple--position-center-top\"><div class=\"vce-asset-background-simple\"><div class=\"vce-asset-background-simple-item\" style=\"background-image: url('https:\/\/growbrands.net\/neworder\/wp-content\/uploads\/2020\/07\/centenariofondo2b.jpg');\"><\/div><\/div><\/div><\/div><div class=\"vce-row-content\" data-vce-element-content=\"true\"><div class=\"vce-col vce-col--md-auto vce-col--xs-1 vce-col--xs-last vce-col--xs-first vce-col--sm-last vce-col--sm-first vce-col--md-last vce-col--lg-last vce-col--xl-last vce-col--md-first vce-col--lg-first vce-col--xl-first\" id=\"el-999bc871\"><div class=\"vce-col-inner\" data-vce-do-apply=\"border margin background  el-999bc871\"><div class=\"vce-col-content\" data-vce-element-content=\"true\" data-vce-do-apply=\"padding el-999bc871\"><div class=\"vce-single-image-container vce-single-image--align-center\"><div class=\"vce vce-single-image-wrapper\" id=\"el-db0cfdd1\" data-vce-do-apply=\"all el-db0cfdd1\"><figure><div class=\"vce-single-image-inner vce-single-image--absolute vce-single-image--border-rounded\" style=\"padding-bottom: 52.7778%; width: 720px;\"><img class=\"vce-single-image\" width=\"720\" height=\"380\"src=\"https:\/\/growbrands.net\/neworder\/wp-content\/uploads\/2026\/02\/centenario-portada-pastas-720x380.png\" srcset=\"https:\/\/growbrands.net\/neworder\/wp-content\/uploads\/2026\/02\/centenario-portada-pastas-320x169.png 320w,https:\/\/growbrands.net\/neworder\/wp-content\/uploads\/2026\/02\/centenario-portada-pastas-480x253.png 480w,https:\/\/growbrands.net\/neworder\/wp-content\/uploads\/2026\/02\/centenario-portada-pastas-720x380.png 720w\" data-img-src=\"https:\/\/growbrands.net\/neworder\/wp-content\/uploads\/2021\/09\/centenario-portada-pastas.png\" alt=\"\" title=\"centenario-portada-pastas\" \/><\/div><figcaption hidden=\"\"><\/figcaption><\/figure><\/div><\/div><div class=\"vce-row-container\"><div class=\"vce-row vce-element--has-background vce-row--col-gap-30 vce-row-columns--top vce-row-content--top\" id=\"el-bbd98eac\" data-vce-do-apply=\"all el-bbd98eac\"><div class=\"vce-content-background-container\"><div class=\"vce-asset-background-simple-container vce-visible-all-only vce-asset-background-simple--style-contain vce-asset-background-simple--position-center-top\"><div class=\"vce-asset-background-simple\"><div class=\"vce-asset-background-simple-item\" style=\"background-image: url('https:\/\/growbrands.net\/neworder\/wp-content\/uploads\/2020\/07\/centenariofondotop.jpg');\"><\/div><\/div><\/div><\/div><div class=\"vce-row-content\" data-vce-element-content=\"true\"><div class=\"vce-col vce-col--md-auto vce-col--xs-1 vce-col--xs-last vce-col--xs-first vce-col--sm-last vce-col--sm-first vce-col--md-last vce-col--lg-last vce-col--xl-last vce-col--md-first vce-col--lg-first vce-col--xl-first\" id=\"el-6e39d68a\"><div class=\"vce-col-inner\" data-vce-do-apply=\"border margin background  el-6e39d68a\"><div class=\"vce-col-content\" data-vce-element-content=\"true\" data-vce-do-apply=\"padding el-6e39d68a\"><div class=\"vce-text-block\"><div class=\"vce-text-block-wrapper vce\" id=\"el-c348088c\" data-vce-do-apply=\"all el-c348088c\"><p><span style=\"color: #ffffff;\"><strong><br>Horario:<\/strong> <br><\/span><span style=\"color: #ffffff;\">Lunes a domingo <\/span><span style=\"color: #ffffff;\">de&nbsp; 12 hs. a 24hs.<br><\/span><span style=\"color: #ffffff;\">24 de noviembre 16 <\/span><span style=\"color: #ffffff;\">(casi esquina avda Rivadavia)<br><\/span><span style=\"color: #ffffff;\">Tel\u00e9fonos: <\/span><span style=\"color: #ffffff;\">48660288 - <\/span><span style=\"color: #ffffff;\">48629172<\/span><\/p><\/div><\/div><\/div><\/div><\/div><\/div><\/div><\/div><div class=\"vce-row-container\"><div class=\"vce-row vce-row--col-gap-30 vce-row-columns--top vce-row-content--top\" id=\"el-ebdbaddc\" data-vce-do-apply=\"all el-ebdbaddc\"><div class=\"vce-content-background-container\"><\/div><div class=\"vce-row-content\" data-vce-element-content=\"true\"><div class=\"vce-col vce-col--md-auto vce-col--xs-1 vce-col--xs-last vce-col--xs-first vce-col--sm-last vce-col--sm-first vce-col--md-last vce-col--lg-last vce-col--xl-last vce-col--md-first vce-col--lg-first vce-col--xl-first\" id=\"el-bda4175b\"><div class=\"vce-col-inner\" data-vce-do-apply=\"border margin background  el-bda4175b\"><div class=\"vce-col-content\" data-vce-element-content=\"true\" data-vce-do-apply=\"padding el-bda4175b\"><div class=\"vce-text-block\"><div class=\"vce-text-block-wrapper vce\" id=\"el-67c1cd1f\" data-vce-do-apply=\"all el-67c1cd1f\"><h2><a name=\"6\"><\/a><br><span style=\"font-family: 'Averia Serif Libre'; color: #ffffff;\">PASTAS<\/span><\/h2><\/div><\/div><div class=\"vce-single-image-container vce-single-image--align-center\"><div class=\"vce vce-single-image-wrapper\" id=\"el-b39e81cc\" data-vce-do-apply=\"all el-b39e81cc\"><figure><div class=\"vce-single-image-inner vce-single-image--absolute\" style=\"padding-bottom: 86.7868%; width: 666px;\"><img class=\"vce-single-image\" width=\"666\" height=\"578\"src=\"https:\/\/growbrands.net\/neworder\/wp-content\/uploads\/2026\/02\/centenariofotopastas-666x578.jpg\" srcset=\"https:\/\/growbrands.net\/neworder\/wp-content\/uploads\/2026\/02\/centenariofotopastas-320x278.jpg 320w,https:\/\/growbrands.net\/neworder\/wp-content\/uploads\/2026\/02\/centenariofotopastas-480x417.jpg 480w,https:\/\/growbrands.net\/neworder\/wp-content\/uploads\/2026\/02\/centenariofotopastas-666x578.jpg 666w\" data-img-src=\"https:\/\/growbrands.net\/neworder\/wp-content\/uploads\/2020\/07\/centenariofotopastas.jpg\" alt=\"\" title=\"centenariofotopastas\" \/><\/div><figcaption hidden=\"\"><\/figcaption><\/figure><\/div><\/div><div class=\"vce-text-block\"><div class=\"vce-text-block-wrapper vce\" id=\"el-369ff9a0\" data-vce-do-apply=\"all el-369ff9a0\"><table border=\"0\" width=\"100%\" cellspacing=\"0\" cellpadding=\"0\"><colgroup> <col width=\"292\"> <col width=\"80\"> <\/colgroup>\n<tbody>\n<tr style=\"border-bottom-style: none; border-bottom-width: 0px;\">\n<td style=\"text-align: center;\" width=\"292\" height=\"40\"><span style=\"color: #ffffff;\">ELABORADAS POR NUESTROS MAESTROS <span style=\"font-size: 10pt;\">(CON SALSA A ELECCI\u00d3N)<\/span><\/span><\/td>\n<td width=\"80\">&nbsp;<\/td>\n<\/tr>\n<tr>\n<td height=\"20\"><span style=\"color: #ffffff;\">\u00d1OQUIS<\/span><\/td>\n<td align=\"right\"><span style=\"color: #ffffff;\">$ 13000<\/span><\/td>\n<\/tr>\n<tr>\n<td height=\"20\"><span style=\"color: #ffffff;\">TALLARINES<\/span><\/td>\n<td align=\"right\"><span style=\"color: #ffffff;\">$ 13000<\/span><\/td>\n<\/tr>\n<tr>\n<td height=\"20\"><span style=\"color: #ffffff;\">RAVIOLES<br>Verdura, pollo - ricota<\/span><\/td>\n<td align=\"right\"><span style=\"color: #ffffff;\">$ 13000<\/span><\/td>\n<\/tr>\n<tr>\n<td height=\"20\"><span style=\"color: #ffffff;\">SORRENTINOS<br>Jam\u00f3n y muzzarella<\/span><\/td>\n<td align=\"right\"><span style=\"color: #ffffff;\">$ 13000<\/span><\/td>\n<\/tr>\n<tr>\n<td height=\"20\"><span style=\"color: #ffffff;\">AGNOLOTIS<br>Jam\u00f3n y ricota<\/span><\/td>\n<td align=\"right\"><span style=\"color: #ffffff;\">$ 13000<\/span><\/td>\n<\/tr>\n<tr>\n<td height=\"20\"><span style=\"color: #ffffff;\">CANELONES<br>Verdura y pollo - Verdura y jam\u00f3n - Ricota<\/span><\/td>\n<td align=\"right\"><span style=\"color: #ffffff;\">$ 13000<\/span><\/td>\n<\/tr>\n<tr>\n<td height=\"20\"><span style=\"color: #ffffff;\">LASAGNA<\/span><\/td>\n<td align=\"right\"><span style=\"color: #ffffff;\">$ 13000<\/span><\/td>\n<\/tr>\n<tr style=\"border-bottom-style: none; border-bottom-width: 0px;\">\n<td height=\"20\">&nbsp;<\/td>\n<td>&nbsp;<\/td>\n<\/tr>\n<tr>\n<td height=\"20\"><span style=\"font-size: 16pt; color: #ffffff;\"><strong>SALSAS<\/strong><\/span><\/td>\n<td>&nbsp;<\/td>\n<\/tr>\n<tr>\n<td height=\"20\"><span style=\"color: #ffffff;\">TUCO<\/span><\/td>\n<td>&nbsp;<\/td>\n<\/tr>\n<tr>\n<td height=\"20\"><span style=\"color: #ffffff;\">MANTECA<\/span><\/td>\n<td>&nbsp;<\/td>\n<\/tr>\n<tr>\n<td height=\"20\"><span style=\"color: #ffffff;\">\u00d3LEO<\/span><\/td>\n<td>&nbsp;<\/td>\n<\/tr>\n<tr>\n<td height=\"20\"><span style=\"color: #ffffff;\">CREMA<\/span><\/td>\n<td>&nbsp;<\/td>\n<\/tr>\n<tr>\n<td height=\"20\"><span style=\"color: #ffffff;\">PESTO<\/span><\/td>\n<td>&nbsp;<\/td>\n<\/tr>\n<tr>\n<td height=\"20\"><span style=\"color: #ffffff;\">ROSA<\/span><\/td>\n<td>&nbsp;<\/td>\n<\/tr>\n<tr>\n<td height=\"20\"><span style=\"color: #ffffff;\">MIXTA<\/span><\/td>\n<td>&nbsp;<\/td>\n<\/tr>\n<tr>\n<td height=\"20\"><span style=\"color: #ffffff;\">BOLOGNESA<br><\/span><\/td>\n<td>&nbsp;<\/td>\n<\/tr>\n<tr>\n<td height=\"20\"><span style=\"color: #ffffff;\">ROSSINI<\/span><\/td>\n<td>&nbsp;<\/td>\n<\/tr>\n<tr>\n<td height=\"20\"><span style=\"color: #ffffff;\">SALSA BLANCA <\/span><\/td>\n<td>&nbsp;<\/td>\n<\/tr>\n<tr>\n<td height=\"20\"><span style=\"color: #ffffff;\">PR\u00cdNCIPE DE N\u00c1POLES<br>Jam\u00f3n, ave, champignones, salsa blanca y yema de huevo<\/span><\/td>\n<td>&nbsp;<\/td>\n<\/tr>\n<tr>\n<td height=\"20\"><span style=\"color: #ffffff;\">ROQUEFORT<br>Roquefort, crema y salsa blanca<\/span><\/td>\n<td>&nbsp;<\/td>\n<\/tr>\n<tr>\n<td height=\"20\"><span style=\"color: #ffffff;\">PARISSIEN<br>Jam\u00f3n, ave, champignones y salsa blanca<\/span><span style=\"color: #ffffff;\"><br><\/span><\/td>\n<td>&nbsp;<\/td>\n<\/tr>\n<tr>\n<td height=\"20\"><span style=\"color: #ffffff;\">CENTENARIO<br>Fondo de verdeo, champignones, tomates en dados salteados con vino blanco, crema, pizca de albahaca y gruyere<\/span><\/td>\n<td>&nbsp;<\/td>\n<\/tr>\n<tr>\n<td height=\"20\"><span style=\"color: #ffffff;\">CUATRO QUESOS<br>Roquefort, parmesano, muzzarella, gruyere y crema<\/span><\/td>\n<td>&nbsp;<\/td>\n<\/tr>\n<tr>\n<td height=\"20\"><span style=\"color: #ffffff;\">SCARPARO<br>Salsa de tomates, crema, jam\u00f3n, alcahaca, cebolla de verdeo, hiervas<\/span><\/td>\n<td>&nbsp;<\/td>\n<\/tr>\n<tr>\n<td height=\"20\"><span style=\"color: #ffffff;\">RAN CARUSSO<br>Ave, jam\u00f3n, salsa blanca, filleto, chamignones y nuez<\/span><\/td>\n<td>&nbsp;<\/td>\n<\/tr>\n<tr>\n<td height=\"20\"><span style=\"color: #ffffff;\">&nbsp;<\/span><\/td>\n<td>&nbsp;<\/td>\n<\/tr>\n<tr>\n<td height=\"20\"><span style=\"color: #ffffff;\">PASTAS CON ESTOFADO DE POLLO O CARNE<\/span><\/td>\n<td align=\"right\"><span style=\"color: #ffffff;\">$ 16000<\/span><\/td>\n<\/tr>\n<\/tbody>\n<\/table><\/div><\/div><div class=\"vce-single-image-container vce-single-image--align-center\"><div class=\"vce vce-single-image-wrapper\" id=\"el-f9affaad\" data-vce-do-apply=\"all el-f9affaad\"><figure><div class=\"vce-single-image-inner vce-single-image--absolute\" style=\"padding-bottom: 5.63584%; width: 692px;\"><img class=\"vce-single-image\" width=\"692\" height=\"39\"src=\"https:\/\/growbrands.net\/neworder\/wp-content\/uploads\/2026\/02\/centenarioseparador1-692x39.png\" srcset=\"https:\/\/growbrands.net\/neworder\/wp-content\/uploads\/2026\/02\/centenarioseparador1-320x18.png 320w,https:\/\/growbrands.net\/neworder\/wp-content\/uploads\/2026\/02\/centenarioseparador1-480x27.png 480w,https:\/\/growbrands.net\/neworder\/wp-content\/uploads\/2026\/02\/centenarioseparador1-692x39.png 692w\" data-img-src=\"https:\/\/growbrands.net\/neworder\/wp-content\/uploads\/2020\/07\/centenarioseparador1.png\" alt=\"\" title=\"centenarioseparador1\" \/><\/div><figcaption hidden=\"\"><\/figcaption><\/figure><\/div><\/div><\/div><\/div><\/div><\/div><\/div><\/div><div class=\"vce-row-container\"><div class=\"vce-row vce-row--col-gap-30 vce-row-columns--top vce-row-content--top\" id=\"el-3930a365\" data-vce-do-apply=\"all el-3930a365\"><div class=\"vce-content-background-container\"><\/div><div class=\"vce-row-content\" data-vce-element-content=\"true\"><div class=\"vce-col vce-col--md-auto vce-col--xs-1 vce-col--xs-last vce-col--xs-first vce-col--sm-last vce-col--sm-first vce-col--md-last vce-col--lg-last vce-col--xl-last vce-col--md-first vce-col--lg-first vce-col--xl-first\" id=\"el-f3de238d\"><div class=\"vce-col-inner\" data-vce-do-apply=\"border margin background  el-f3de238d\"><div class=\"vce-col-content\" data-vce-element-content=\"true\" data-vce-do-apply=\"padding el-f3de238d\"><div class=\"vce-text-block\"><div class=\"vce-text-block-wrapper vce\" id=\"el-1610dfd0\" data-vce-do-apply=\"all el-1610dfd0\"><h2 style=\"text-align: center;\"><span style=\"color: #ffffff;\"><a style=\"color: #ffffff;\" href=\"https:\/\/growbrands.net\/neworder\/centenario-casa-de-comidas-inicio\/\">VOLVER<\/a><\/span><\/h2><\/div><\/div><\/div><\/div><\/div><\/div><\/div><\/div><\/div><\/div><\/div><\/div><\/div><\/div><div class=\"vce-row-container\"><div class=\"vce-row vce-row--col-gap-30 vce-row-columns--top vce-row-content--top\" id=\"el-034f0b1b\" data-vce-do-apply=\"all el-034f0b1b\"><div class=\"vce-row-content\" data-vce-element-content=\"true\"><div class=\"vce-col vce-col--md-auto vce-col--xs-1 vce-col--xs-last vce-col--xs-first vce-col--sm-last vce-col--sm-first vce-col--md-last vce-col--lg-last vce-col--xl-last vce-col--md-first vce-col--lg-first vce-col--xl-first\" id=\"el-79c96dd8\"><div class=\"vce-col-inner\" data-vce-do-apply=\"border margin background  el-79c96dd8\"><div class=\"vce-col-content\" data-vce-element-content=\"true\" data-vce-do-apply=\"padding el-79c96dd8\"><div class=\"vce-widgets-container\"><div class=\"vce vce-widgets-wrapper\" id=\"el-45f7dd9e\" data-vce-do-apply=\"all el-45f7dd9e\"><div class=\"textwidget custom-html-widget\"><div style=\"text-align; background-color:#000;\">\n<p style=\"text-align: center;\"><a href=\"http:\/\/www.neworder.menu\" target=\"_blank\" style=\"text-decoration:none;\"><span style=\"color:#ffffff;\">New Order: QR Digital Menu <br By Grow Brands<\/span><\/a><\/p>\n\t<\/div><\/div><\/div><\/div><\/div><\/div><\/div><\/div><\/div><\/div><div class=\"vce-row-container\"><div class=\"vce-row vce-row--col-gap-0 vce-row-columns--top vce-row-content--top\" id=\"el-6c0a1915\" data-vce-do-apply=\"all el-6c0a1915\"><div class=\"vce-content-background-container\"><\/div><div class=\"vce-row-content\" data-vce-element-content=\"true\"><div class=\"vce-col vce-col--md-auto vce-col--xs-1 vce-col--xs-last vce-col--xs-first vce-col--sm-last vce-col--sm-first vce-col--md-last vce-col--lg-last vce-col--xl-last vce-col--md-first vce-col--lg-first vce-col--xl-first\" id=\"el-7f8bffcd\"><div class=\"vce-col-inner\" data-vce-do-apply=\"border margin background  el-7f8bffcd\"><div class=\"vce-content-background-container\"><\/div><div class=\"vce-col-content\" data-vce-element-content=\"true\" data-vce-do-apply=\"padding el-7f8bffcd\"><div class=\"vce-widgets-container\"><div class=\"vce vce-widgets-wrapper\" id=\"el-c79d987e\" data-vce-do-apply=\"all el-c79d987e\"><div class=\"textwidget custom-html-widget\"><link rel=\"stylesheet\" href=\"https:\/\/growbrands.net\/la\/whatsapp\/style.css\">\n\n\n<link rel=\"stylesheet\" href=\"https:\/\/growbrands.net\/la\/whatsapp\/font-awesome\/css\/font-awesome.min.css\">\n<a href=\"https:\/\/api.whatsapp.com\/send?phone=5491135078030&text=Hola%21%20Quisiera%20hacer%20un%20pedido%20.\" class=\"float\" target=\"_blank\">\n\t<i class=\"fa fa-whatsapp my-float\"><\/i><\/a><\/div><\/div><\/div><\/div><\/div><\/div><\/div><\/div><\/div>\n","protected":false},"excerpt":{"rendered":"<p>Horario: Lunes a domingo de&nbsp; 12 hs. a 24hs.24 de noviembre 16 (casi esquina avda Rivadavia)Tel\u00e9fonos: 48660288 &#8211; 48629172PASTAS ELABORADAS POR NUESTROS MAESTROS (CON SALSA A ELECCI\u00d3N) &nbsp; \u00d1OQUIS $ 13000 TALLARINES $ 13000 RAVIOLESVerdura, pollo &#8211; ricota $ 13000 SORRENTINOSJam\u00f3n y muzzarella $ 13000 &hellip; <\/p>\n","protected":false},"author":17,"featured_media":0,"parent":0,"menu_order":0,"comment_status":"closed","ping_status":"closed","template":"","meta":{"_monsterinsights_skip_tracking":false,"_monsterinsights_sitenote_active":false,"_monsterinsights_sitenote_note":"","_monsterinsights_sitenote_category":0,"footnotes":""},"coauthors":[74],"class_list":["post-43914","page","type-page","status-publish","hentry"],"_links":{"self":[{"href":"https:\/\/growbrands.net\/neworder\/wp-json\/wp\/v2\/pages\/43914","targetHints":{"allow":["GET"]}}],"collection":[{"href":"https:\/\/growbrands.net\/neworder\/wp-json\/wp\/v2\/pages"}],"about":[{"href":"https:\/\/growbrands.net\/neworder\/wp-json\/wp\/v2\/types\/page"}],"author":[{"embeddable":true,"href":"https:\/\/growbrands.net\/neworder\/wp-json\/wp\/v2\/users\/17"}],"replies":[{"embeddable":true,"href":"https:\/\/growbrands.net\/neworder\/wp-json\/wp\/v2\/comments?post=43914"}],"version-history":[{"count":40,"href":"https:\/\/growbrands.net\/neworder\/wp-json\/wp\/v2\/pages\/43914\/revisions"}],"predecessor-version":[{"id":90213,"href":"https:\/\/growbrands.net\/neworder\/wp-json\/wp\/v2\/pages\/43914\/revisions\/90213"}],"wp:attachment":[{"href":"https:\/\/growbrands.net\/neworder\/wp-json\/wp\/v2\/media?parent=43914"}],"wp:term":[{"taxonomy":"author","embeddable":true,"href":"https:\/\/growbrands.net\/neworder\/wp-json\/wp\/v2\/coauthors?post=43914"}],"curies":[{"name":"wp","href":"https:\/\/api.w.org\/{rel}","templated":true}]}}