{"id":43903,"date":"2021-09-05T20:11:06","date_gmt":"2021-09-05T23:11:06","guid":{"rendered":"https:\/\/growbrands.net\/neworder\/?page_id=43903"},"modified":"2026-02-19T18:29:45","modified_gmt":"2026-02-19T21:29:45","slug":"centenario-casa-de-comidas-promos-y-combos","status":"publish","type":"page","link":"https:\/\/growbrands.net\/neworder\/centenario-casa-de-comidas-promos-y-combos\/","title":{"rendered":"Centenario Casa de Comidas -Promos y combos"},"content":{"rendered":"<div class=\"vce-row-container\"><div class=\"vce-row vce-element--has-background vce-row--col-gap-30 vce-row-columns--top vce-row-content--top\" id=\"el-1f096c6d\" data-vce-do-apply=\"all el-1f096c6d\"><div class=\"vce-content-background-container\"><div class=\"vce-asset-background-simple-container vce-visible-all-only vce-asset-background-simple--style-full-width vce-asset-background-simple--position-center-top\"><div class=\"vce-asset-background-simple\"><div class=\"vce-asset-background-simple-item\" style=\"background-image: url('https:\/\/growbrands.net\/neworder\/wp-content\/uploads\/2020\/07\/centenariofondo2b.jpg');\"><\/div><\/div><\/div><\/div><div class=\"vce-row-content\" data-vce-element-content=\"true\"><div class=\"vce-col vce-col--md-auto vce-col--xs-1 vce-col--xs-last vce-col--xs-first vce-col--sm-last vce-col--sm-first vce-col--md-last vce-col--lg-last vce-col--xl-last vce-col--md-first vce-col--lg-first vce-col--xl-first\" id=\"el-999bc871\"><div class=\"vce-col-inner\" data-vce-do-apply=\"border margin background  el-999bc871\"><div class=\"vce-col-content\" data-vce-element-content=\"true\" data-vce-do-apply=\"padding el-999bc871\"><div class=\"vce-single-image-container vce-single-image--align-center\"><div class=\"vce vce-single-image-wrapper\" id=\"el-db0cfdd1\" data-vce-do-apply=\"all el-db0cfdd1\"><figure><div class=\"vce-single-image-inner vce-single-image--absolute vce-single-image--border-rounded\" style=\"padding-bottom: 52.7778%; width: 720px;\"><img class=\"vce-single-image\" width=\"720\" height=\"380\"src=\"https:\/\/growbrands.net\/neworder\/wp-content\/uploads\/2026\/02\/centenario-portada-promos-720x380.png\" srcset=\"https:\/\/growbrands.net\/neworder\/wp-content\/uploads\/2026\/02\/centenario-portada-promos-320x169.png 320w,https:\/\/growbrands.net\/neworder\/wp-content\/uploads\/2026\/02\/centenario-portada-promos-480x253.png 480w,https:\/\/growbrands.net\/neworder\/wp-content\/uploads\/2026\/02\/centenario-portada-promos-720x380.png 720w\" data-img-src=\"https:\/\/growbrands.net\/neworder\/wp-content\/uploads\/2021\/09\/centenario-portada-promos.png\" alt=\"\" title=\"centenario-portada-promos\" \/><\/div><figcaption hidden=\"\"><\/figcaption><\/figure><\/div><\/div><div class=\"vce-row-container\"><div class=\"vce-row vce-element--has-background vce-row--col-gap-30 vce-row-columns--top vce-row-content--top\" id=\"el-bbd98eac\" data-vce-do-apply=\"all el-bbd98eac\"><div class=\"vce-content-background-container\"><div class=\"vce-asset-background-simple-container vce-visible-all-only vce-asset-background-simple--style-contain vce-asset-background-simple--position-center-top\"><div class=\"vce-asset-background-simple\"><div class=\"vce-asset-background-simple-item\" style=\"background-image: url('https:\/\/growbrands.net\/neworder\/wp-content\/uploads\/2020\/07\/centenariofondotop.jpg');\"><\/div><\/div><\/div><\/div><div class=\"vce-row-content\" data-vce-element-content=\"true\"><div class=\"vce-col vce-col--md-auto vce-col--xs-1 vce-col--xs-last vce-col--xs-first vce-col--sm-last vce-col--sm-first vce-col--md-last vce-col--lg-last vce-col--xl-last vce-col--md-first vce-col--lg-first vce-col--xl-first\" id=\"el-6e39d68a\"><div class=\"vce-col-inner\" data-vce-do-apply=\"border margin background  el-6e39d68a\"><div class=\"vce-col-content\" data-vce-element-content=\"true\" data-vce-do-apply=\"padding el-6e39d68a\"><div class=\"vce-text-block\"><div class=\"vce-text-block-wrapper vce\" id=\"el-c348088c\" data-vce-do-apply=\"all el-c348088c\"><p><span style=\"color: #ffffff;\"><strong><br>Horario:<\/strong> <br><\/span><span style=\"color: #ffffff;\">Lunes a domingo <\/span><span style=\"color: #ffffff;\">de&nbsp; 12 hs. a 24hs.<br><\/span><span style=\"color: #ffffff;\">24 de noviembre 16 <\/span><span style=\"color: #ffffff;\">(casi esquina avda Rivadavia)<br><\/span><span style=\"color: #ffffff;\">Tel\u00e9fonos: <\/span><span style=\"color: #ffffff;\">48660288 - <\/span><span style=\"color: #ffffff;\">48629172<\/span><\/p><\/div><\/div><\/div><\/div><\/div><\/div><\/div><\/div><div class=\"vce-row-container\"><div class=\"vce-row vce-row--col-gap-30 vce-row-columns--top vce-row-content--top\" id=\"el-0e5d3df9\" data-vce-do-apply=\"all el-0e5d3df9\"><div class=\"vce-content-background-container\"><\/div><div class=\"vce-row-content\" data-vce-element-content=\"true\"><div class=\"vce-col vce-col--md-auto vce-col--xs-1 vce-col--xs-last vce-col--xs-first vce-col--sm-last vce-col--sm-first vce-col--md-last vce-col--lg-last vce-col--xl-last vce-col--md-first vce-col--lg-first vce-col--xl-first\" id=\"el-be18025a\"><div class=\"vce-col-inner\" data-vce-do-apply=\"border margin background  el-be18025a\"><div class=\"vce-col-content\" data-vce-element-content=\"true\" data-vce-do-apply=\"padding el-be18025a\"><div class=\"vce-text-block\"><div class=\"vce-text-block-wrapper vce\" id=\"el-19ce1edf\" data-vce-do-apply=\"all el-19ce1edf\"><h2><a name=\"1\"><\/a><br><span style=\"font-family: 'Averia Serif Libre'; color: #ffffff;\">PROMO PARA CUATRO<\/span><\/h2><\/div><\/div><div class=\"vce-single-image-container vce-single-image--align-center\"><div class=\"vce vce-single-image-wrapper\" id=\"el-b1d4c5aa\" data-vce-do-apply=\"all el-b1d4c5aa\"><figure><div class=\"vce-single-image-inner vce-single-image--absolute\" style=\"padding-bottom: 5.63584%; width: 692px;\"><img class=\"vce-single-image\" width=\"692\" height=\"39\"src=\"https:\/\/growbrands.net\/neworder\/wp-content\/uploads\/2026\/02\/centenarioseparador1-692x39.png\" srcset=\"https:\/\/growbrands.net\/neworder\/wp-content\/uploads\/2026\/02\/centenarioseparador1-320x18.png 320w,https:\/\/growbrands.net\/neworder\/wp-content\/uploads\/2026\/02\/centenarioseparador1-480x27.png 480w,https:\/\/growbrands.net\/neworder\/wp-content\/uploads\/2026\/02\/centenarioseparador1-692x39.png 692w\" data-img-src=\"https:\/\/growbrands.net\/neworder\/wp-content\/uploads\/2020\/07\/centenarioseparador1.png\" alt=\"\" title=\"centenarioseparador1\" \/><\/div><figcaption hidden=\"\"><\/figcaption><\/figure><\/div><\/div><div class=\"vce-text-block\"><div class=\"vce-text-block-wrapper vce\" id=\"el-5c6ffec2\" data-vce-do-apply=\"all el-5c6ffec2\"><table border=\"0\" width=\"100%\" cellspacing=\"0\" cellpadding=\"0\"><colgroup> <col width=\"323\"> <col width=\"80\"> <\/colgroup>\n<tbody>\n<tr>\n<td width=\"323\"><span style=\"color: #ffffff;\">4 FILET DE MERLUZA <\/span><br><span style=\"color: #ffffff;\">Con porci\u00f3n de fritas o ensalada + gaseosa<\/span><\/td>\n<td align=\"right\" width=\"80\"><span style=\"color: #ffffff;\">$ 44000<\/span><\/td>\n<\/tr>\n<tr>\n<td width=\"323\"><span style=\"color: #ffffff;\">4 MILANESAS DE TERNERA <\/span><br><span style=\"color: #ffffff;\">Con porci\u00f3n de fritas o ensalada<\/span><\/td>\n<td align=\"right\"><span style=\"color: #ffffff;\">$ 44000<\/span><\/td>\n<\/tr>\n<tr>\n<td width=\"323\"><span style=\"color: #ffffff;\">4 SUPREMAS DE POLLO<br><\/span><span style=\"color: #ffffff;\">Con una porci\u00f3n de fritas o ensalada+una gaseosa de 1 \u00bd lt o cerveza de 1 litro&nbsp;<\/span><\/td>\n<td align=\"right\"><span style=\"color: #ffffff;\">$ 50000<\/span><\/td>\n<\/tr>\n<tr>\n<td width=\"323\"><span style=\"color: #ffffff;\">4 PORCIONES DE ASADO<br><\/span><span style=\"color: #ffffff;\">Con una porci\u00f3n de fritas o ensalada+una gaseosa de 1 \u00bd Lt o cerveza de 1 litro<\/span><\/td>\n<td align=\"right\"><span style=\"color: #ffffff;\">$ 64000<\/span><\/td>\n<\/tr>\n<\/tbody>\n<\/table>\n<p>&nbsp;<\/p><\/div><\/div><\/div><\/div><\/div><\/div><\/div><\/div><div class=\"vce-row-container\"><div class=\"vce-row vce-row--col-gap-30 vce-row-columns--top vce-row-content--top\" id=\"el-b0b324fc\" data-vce-do-apply=\"all el-b0b324fc\"><div class=\"vce-content-background-container\"><\/div><div class=\"vce-row-content\" data-vce-element-content=\"true\"><div class=\"vce-col vce-col--md-auto vce-col--xs-1 vce-col--xs-last vce-col--xs-first vce-col--sm-last vce-col--sm-first vce-col--md-last vce-col--lg-last vce-col--xl-last vce-col--md-first vce-col--lg-first vce-col--xl-first\" id=\"el-2ff210df\"><div class=\"vce-col-inner\" data-vce-do-apply=\"border margin background  el-2ff210df\"><div class=\"vce-col-content\" data-vce-element-content=\"true\" data-vce-do-apply=\"padding el-2ff210df\"><div class=\"vce-text-block\"><div class=\"vce-text-block-wrapper vce\" id=\"el-73d974a4\" data-vce-do-apply=\"all el-73d974a4\"><h2><a name=\"13\"><\/a><br><span style=\"font-family: 'Averia Serif Libre'; color: #ffffff;\">PROMOS<\/span><\/h2><\/div><\/div><\/div><\/div><\/div><\/div><\/div><\/div><div class=\"vce-single-image-container vce-single-image--align-center\"><div class=\"vce vce-single-image-wrapper\" id=\"el-f1c493db\" data-vce-do-apply=\"all el-f1c493db\"><figure><div class=\"vce-single-image-inner vce-single-image--absolute\" style=\"padding-bottom: 5.63584%; width: 692px;\"><img class=\"vce-single-image\" width=\"692\" height=\"39\"src=\"https:\/\/growbrands.net\/neworder\/wp-content\/uploads\/2026\/02\/centenarioseparador1-692x39.png\" srcset=\"https:\/\/growbrands.net\/neworder\/wp-content\/uploads\/2026\/02\/centenarioseparador1-320x18.png 320w,https:\/\/growbrands.net\/neworder\/wp-content\/uploads\/2026\/02\/centenarioseparador1-480x27.png 480w,https:\/\/growbrands.net\/neworder\/wp-content\/uploads\/2026\/02\/centenarioseparador1-692x39.png 692w\" data-img-src=\"https:\/\/growbrands.net\/neworder\/wp-content\/uploads\/2020\/07\/centenarioseparador1.png\" alt=\"\" title=\"centenarioseparador1\" \/><\/div><figcaption hidden=\"\"><\/figcaption><\/figure><\/div><\/div><div class=\"vce-text-block\"><div class=\"vce-text-block-wrapper vce\" id=\"el-08955cfa\" data-vce-do-apply=\"all el-08955cfa\"><table border=\"0\" width=\"100%\" cellspacing=\"0\" cellpadding=\"0\"><colgroup> <col width=\"273\"> <col width=\"80\"> <\/colgroup>\n<tbody>\n<tr>\n<td width=\"273\" height=\"40\"><span style=\"color: #ffffff;\">GRANDE DE MUZZARELLA + 6 FAINA O EMPANADAS<\/span><\/td>\n<td align=\"right\" width=\"80\">\n<p><span style=\"color: #ffffff;\">$ 20400<\/span><\/p>\n<\/td>\n<\/tr>\n<tr>\n<td width=\"273\" height=\"40\"><span style=\"color: #ffffff;\">GRANDE NAPOLITANA +&nbsp; GASEOSA DE 1 \u00bd LITRO<\/span><\/td>\n<td align=\"right\"><span style=\"color: #ffffff;\">$ 18600<\/span><\/td>\n<\/tr>\n<tr>\n<td width=\"273\" height=\"40\"><span style=\"color: #ffffff;\">GRANDE NAPOLITANA + 4 FAINA O EMPANADAS<\/span><\/td>\n<td align=\"right\"><span style=\"color: #ffffff;\">$ 21200<\/span><\/td>\n<\/tr>\n<tr>\n<td width=\"273\" height=\"40\"><span style=\"color: #ffffff;\">GRANDE DE MUZZARELLA + CHICA DE FUGAZZA CON QUESO<\/span><\/td>\n<td align=\"right\"><span style=\"color: #ffffff;\">$ 21900<\/span><\/td>\n<\/tr>\n<tr>\n<td width=\"273\" height=\"40\"><span style=\"color: #ffffff;\">1 GRANDE DE MUZZARELLA + 1 GRANDE DE FUGAZZA CON QUESO<\/span><\/td>\n<td align=\"right\"><span style=\"color: #ffffff;\">$ 26600<\/span><\/td>\n<\/tr>\n<tr>\n<td width=\"273\" height=\"20\"><span style=\"color: #ffffff;\">2 GRANDES DE MUZZARELLA + 2 FAIN\u00c1<\/span><\/td>\n<td align=\"right\"><span style=\"color: #ffffff;\">$ 25000<\/span><\/td>\n<\/tr>\n<tr>\n<td width=\"273\" height=\"20\"><span style=\"color: #ffffff;\">UNA DOCENA DE EMPANADAS<\/span><\/td>\n<td align=\"right\"><span style=\"color: #ffffff;\">$ 21600<\/span><\/td>\n<\/tr>\n<\/tbody>\n<\/table><\/div><\/div><div class=\"vce-row-container\"><div class=\"vce-row vce-row--col-gap-30 vce-row-columns--top vce-row-content--top\" id=\"el-cb13eaa4\" data-vce-do-apply=\"all el-cb13eaa4\"><div class=\"vce-content-background-container\"><\/div><div class=\"vce-row-content\" data-vce-element-content=\"true\"><div class=\"vce-col vce-col--md-auto vce-col--xs-1 vce-col--xs-last vce-col--xs-first vce-col--sm-last vce-col--sm-first vce-col--md-last vce-col--lg-last vce-col--xl-last vce-col--md-first vce-col--lg-first vce-col--xl-first\" id=\"el-e32ffd8f\"><div class=\"vce-col-inner\" data-vce-do-apply=\"border margin background  el-e32ffd8f\"><div class=\"vce-col-content\" data-vce-element-content=\"true\" data-vce-do-apply=\"padding el-e32ffd8f\"><div class=\"vce-text-block\"><div class=\"vce-text-block-wrapper vce\" id=\"el-0fcdf614\" data-vce-do-apply=\"all el-0fcdf614\"><h2 style=\"text-align: center;\"><span style=\"color: #ffffff;\"><a style=\"color: #ffffff;\" href=\"https:\/\/growbrands.net\/neworder\/centenario-casa-de-comidas-inicio\/\">VOLVER<\/a><\/span><\/h2><\/div><\/div><\/div><\/div><\/div><\/div><\/div><\/div><\/div><\/div><\/div><\/div><\/div><\/div><div class=\"vce-row-container\"><div class=\"vce-row vce-row--col-gap-30 vce-row-columns--top vce-row-content--top\" id=\"el-034f0b1b\" data-vce-do-apply=\"all el-034f0b1b\"><div class=\"vce-row-content\" data-vce-element-content=\"true\"><div class=\"vce-col vce-col--md-auto vce-col--xs-1 vce-col--xs-last vce-col--xs-first vce-col--sm-last vce-col--sm-first vce-col--md-last vce-col--lg-last vce-col--xl-last vce-col--md-first vce-col--lg-first vce-col--xl-first\" id=\"el-79c96dd8\"><div class=\"vce-col-inner\" data-vce-do-apply=\"border margin background  el-79c96dd8\"><div class=\"vce-col-content\" data-vce-element-content=\"true\" data-vce-do-apply=\"padding el-79c96dd8\"><div class=\"vce-widgets-container\"><div class=\"vce vce-widgets-wrapper\" id=\"el-45f7dd9e\" data-vce-do-apply=\"all el-45f7dd9e\"><div class=\"textwidget custom-html-widget\"><div style=\"text-align; background-color:#000;\">\n<p style=\"text-align: center;\"><a href=\"http:\/\/www.neworder.menu\" target=\"_blank\" style=\"text-decoration:none;\"><span style=\"color:#ffffff;\">New Order: QR Digital Menu <br By Grow Brands<\/span><\/a><\/p>\n\t<\/div><\/div><\/div><\/div><\/div><\/div><\/div><\/div><\/div><\/div><div class=\"vce-row-container\"><div class=\"vce-row vce-row--col-gap-30 vce-row-columns--top vce-row-content--top\" id=\"el-16cecf78\" data-vce-do-apply=\"all el-16cecf78\"><div class=\"vce-row-content\" data-vce-element-content=\"true\"><div class=\"vce-col vce-col--md-auto vce-col--xs-1 vce-col--xs-last vce-col--xs-first vce-col--sm-last vce-col--sm-first vce-col--md-last vce-col--lg-last vce-col--xl-last vce-col--md-first vce-col--lg-first vce-col--xl-first\" id=\"el-2eacbf40\"><div class=\"vce-col-inner\" data-vce-do-apply=\"border margin background  el-2eacbf40\"><div class=\"vce-col-content\" data-vce-element-content=\"true\" data-vce-do-apply=\"padding el-2eacbf40\"><div class=\"vce-widgets-container\"><div class=\"vce vce-widgets-wrapper\" id=\"el-69f66a33\" data-vce-do-apply=\"all el-69f66a33\"><div class=\"textwidget custom-html-widget\"><link rel=\"stylesheet\" href=\"https:\/\/growbrands.net\/la\/whatsapp\/style.css\">\n\n\n<link rel=\"stylesheet\" href=\"https:\/\/growbrands.net\/la\/whatsapp\/font-awesome\/css\/font-awesome.min.css\">\n<a href=\"https:\/\/api.whatsapp.com\/send?phone=5491135078030&text=Hola%21%20Quisiera%20hacer%20un%20pedido%20.\" class=\"float\" target=\"_blank\">\n\t<i class=\"fa fa-whatsapp my-float\"><\/i><\/a><\/div><\/div><\/div><\/div><\/div><\/div><\/div><\/div><\/div>\n","protected":false},"excerpt":{"rendered":"<p>Horario: Lunes a domingo de&nbsp; 12 hs. a 24hs.24 de noviembre 16 (casi esquina avda Rivadavia)Tel\u00e9fonos: 48660288 &#8211; 48629172PROMO PARA CUATRO 4 FILET DE MERLUZA Con porci\u00f3n de fritas o ensalada + gaseosa $ 44000 4 MILANESAS DE TERNERA Con porci\u00f3n de fritas o ensalada &hellip; <\/p>\n","protected":false},"author":17,"featured_media":0,"parent":0,"menu_order":0,"comment_status":"closed","ping_status":"closed","template":"","meta":{"_monsterinsights_skip_tracking":false,"_monsterinsights_sitenote_active":false,"_monsterinsights_sitenote_note":"","_monsterinsights_sitenote_category":0,"footnotes":""},"coauthors":[74],"class_list":["post-43903","page","type-page","status-publish","hentry"],"_links":{"self":[{"href":"https:\/\/growbrands.net\/neworder\/wp-json\/wp\/v2\/pages\/43903","targetHints":{"allow":["GET"]}}],"collection":[{"href":"https:\/\/growbrands.net\/neworder\/wp-json\/wp\/v2\/pages"}],"about":[{"href":"https:\/\/growbrands.net\/neworder\/wp-json\/wp\/v2\/types\/page"}],"author":[{"embeddable":true,"href":"https:\/\/growbrands.net\/neworder\/wp-json\/wp\/v2\/users\/17"}],"replies":[{"embeddable":true,"href":"https:\/\/growbrands.net\/neworder\/wp-json\/wp\/v2\/comments?post=43903"}],"version-history":[{"count":52,"href":"https:\/\/growbrands.net\/neworder\/wp-json\/wp\/v2\/pages\/43903\/revisions"}],"predecessor-version":[{"id":90219,"href":"https:\/\/growbrands.net\/neworder\/wp-json\/wp\/v2\/pages\/43903\/revisions\/90219"}],"wp:attachment":[{"href":"https:\/\/growbrands.net\/neworder\/wp-json\/wp\/v2\/media?parent=43903"}],"wp:term":[{"taxonomy":"author","embeddable":true,"href":"https:\/\/growbrands.net\/neworder\/wp-json\/wp\/v2\/coauthors?post=43903"}],"curies":[{"name":"wp","href":"https:\/\/api.w.org\/{rel}","templated":true}]}}