{"id":42977,"date":"2021-08-25T21:40:11","date_gmt":"2021-08-26T00:40:11","guid":{"rendered":"https:\/\/growbrands.net\/neworder\/?page_id=42977"},"modified":"2021-08-31T15:08:12","modified_gmt":"2021-08-31T18:08:12","slug":"villa-golf-eventos-desayunos-merienda","status":"publish","type":"page","link":"https:\/\/growbrands.net\/neworder\/villa-golf-eventos-desayunos-merienda\/","title":{"rendered":"Villa Golf Eventos &#8211; Desayunos y meriendas"},"content":{"rendered":"<div class=\"vce-row-container\"><div class=\"vce-row vce-element--has-background vce-row--col-gap-30 vce-row-columns--top vce-row-content--top\" id=\"el-1f096c6d\" data-vce-do-apply=\"all el-1f096c6d\"><div class=\"vce-content-background-container\"><div class=\"vce-asset-background-simple-container vce-visible-all-only vce-asset-background-simple--style-full-width vce-asset-background-simple--position-center-top\"><div class=\"vce-asset-background-simple\"><div class=\"vce-asset-background-simple-item\" style=\"background-image: url('https:\/\/growbrands.net\/neworder\/wp-content\/uploads\/2021\/08\/villagolf-fondo.png');\"><\/div><\/div><\/div><\/div><div class=\"vce-row-content\" data-vce-element-content=\"true\"><div class=\"vce-col vce-col--md-auto vce-col--xs-1 vce-col--xs-last vce-col--xs-first vce-col--sm-last vce-col--sm-first vce-col--md-last vce-col--lg-last vce-col--xl-last vce-col--md-first vce-col--lg-first vce-col--xl-first\" id=\"el-999bc871\"><div class=\"vce-col-inner\" data-vce-do-apply=\"border margin background  el-999bc871\"><div class=\"vce-col-content\" data-vce-element-content=\"true\" data-vce-do-apply=\"padding el-999bc871\"><div class=\"vce-single-image-container vce-single-image--align-center\"><div class=\"vce vce-single-image-wrapper\" id=\"el-8d3fa125\" data-vce-do-apply=\"all el-8d3fa125\"><figure><div class=\"vce-single-image-inner vce-single-image--absolute vce-single-image--border-rounded\" style=\"padding-bottom: 177.778%; width: 720px;\"><img class=\"vce-single-image\" src=\"https:\/\/growbrands.net\/neworder\/wp-content\/uploads\/2021\/08\/villagolf-home-desayunos.png\" data-img-src=\"https:\/\/growbrands.net\/neworder\/wp-content\/uploads\/2021\/08\/villagolf-home-desayunos.png\" alt=\"\" title=\"villagolf-home-desayunos\"><\/div><figcaption hidden=\"\"><\/figcaption><\/figure><\/div><\/div><div class=\"vce-text-block\"><div class=\"vce-text-block-wrapper vce\" id=\"el-c348088c\" data-vce-do-apply=\"all el-c348088c\"><p style=\"text-align: center;\">&nbsp;<\/p>\n<hr>\n<p><a name=\"1\"><\/a><\/p><\/div><\/div><div class=\"vce-row-container\"><div class=\"vce-row vce-row--col-gap-30 vce-row-columns--top vce-row-content--top\" id=\"el-bbd98eac\" data-vce-do-apply=\"all el-bbd98eac\"><div class=\"vce-row-content\" data-vce-element-content=\"true\"><div class=\"vce-col vce-col--md-auto vce-col--xs-1 vce-col--xs-last vce-col--xs-first vce-col--sm-last vce-col--sm-first vce-col--md-last vce-col--lg-last vce-col--xl-last vce-col--md-first vce-col--lg-first vce-col--xl-first\" id=\"el-6e39d68a\"><div class=\"vce-col-inner\" data-vce-do-apply=\"border margin background  el-6e39d68a\"><div class=\"vce-col-content\" data-vce-element-content=\"true\" data-vce-do-apply=\"padding el-6e39d68a\"><div class=\"vce-text-block\"><div class=\"vce-text-block-wrapper vce\" id=\"el-b8ea8def\" data-vce-do-apply=\"all el-b8ea8def\"><p><a name=\"0\"><\/a><\/p>\n<h2 style=\"text-align: center;\"><span style=\"text-decoration: underline;\">CAFETER\u00cdA<\/span><\/h2><\/div><\/div><div class=\"vce-text-block\"><div class=\"vce-text-block-wrapper vce\" id=\"el-c8674a5d\" data-vce-do-apply=\"all el-c8674a5d\"><table width=\"100%\"><tbody><tr><td width=\"156\">Caf\u00e9 chico<\/td><td style=\"text-align: right;\" width=\"84\">&nbsp;$ 130<\/td><\/tr><tr><td>Caf\u00e9 jarro<\/td><td style=\"text-align: right;\">&nbsp;$ 140<\/td><\/tr><tr><td>Caf\u00e9 doble<\/td><td style=\"text-align: right;\">&nbsp;$ 150<\/td><\/tr><tr><td>Te<\/td><td style=\"text-align: right;\">&nbsp;$ 130<\/td><\/tr><tr><td>Submarino<\/td><td style=\"text-align: right;\">&nbsp;$ 150<\/td><\/tr><tr><td>Capuchino<\/td><td style=\"text-align: right;\">&nbsp;$ 170<\/td><\/tr><tr><td>Medialunas\/criollos<\/td><td style=\"text-align: right;\">&nbsp;$ 40<\/td><\/tr><tr><td>Mafalda<\/td><td style=\"text-align: right;\">&nbsp;$ 95<\/td><\/tr><tr><td>Frola<\/td><td style=\"text-align: right;\">&nbsp;$ 100<\/td><\/tr><\/tbody><\/table><\/div><\/div><div class=\"vce-single-image-container vce-single-image--align-center\"><div class=\"vce vce-single-image-wrapper\" id=\"el-6fabf105\" data-vce-do-apply=\"all el-6fabf105\"><figure><div class=\"vce-single-image-inner vce-single-image--absolute\" style=\"padding-bottom: 60%; width: 200px;\"><img class=\"vce-single-image\" width=\"200\" height=\"120\"src=\"https:\/\/growbrands.net\/neworder\/wp-content\/uploads\/2021\/08\/lg_cabrales_1C_150dpi-200x120.jpg\" srcset=\"https:\/\/growbrands.net\/neworder\/wp-content\/uploads\/2021\/08\/lg_cabrales_1C_150dpi-200x120.jpg 200w\" data-img-src=\"https:\/\/growbrands.net\/neworder\/wp-content\/uploads\/2021\/08\/lg_cabrales_1C_150dpi.jpg\" alt=\"\" title=\"logos cabrales\" \/><\/div><figcaption hidden=\"\"><\/figcaption><\/figure><\/div><\/div><\/div><\/div><\/div><\/div><\/div><\/div><div class=\"vce-row-container\"><div class=\"vce-row vce-row--col-gap-30 vce-row-columns--top vce-row-content--top\" id=\"el-1296127d\" data-vce-do-apply=\"all el-1296127d\"><div class=\"vce-row-content\" data-vce-element-content=\"true\"><div class=\"vce-col vce-col--md-auto vce-col--xs-1 vce-col--xs-last vce-col--xs-first vce-col--sm-last vce-col--sm-first vce-col--md-last vce-col--lg-last vce-col--xl-last vce-col--md-first vce-col--lg-first vce-col--xl-first\" id=\"el-2a0fc48d\"><div class=\"vce-col-inner\" data-vce-do-apply=\"border margin background  el-2a0fc48d\"><div class=\"vce-col-content\" data-vce-element-content=\"true\" data-vce-do-apply=\"padding el-2a0fc48d\"><div class=\"vce-text-block\"><div class=\"vce-text-block-wrapper vce\" id=\"el-d6c19db2\" data-vce-do-apply=\"all el-d6c19db2\"><p><a name=\"0\"><\/a><\/p>\n<h2 style=\"text-align: center;\"><span style=\"text-decoration: underline;\">DESAYUNOS Y MERIENDAS<\/span><\/h2><\/div><\/div><div class=\"vce-text-block\"><div class=\"vce-text-block-wrapper vce\" id=\"el-1dca6ef2\" data-vce-do-apply=\"all el-1dca6ef2\"><table width=\"100%\"><tbody><tr><td width=\"401\"><strong>Tradicional<\/strong><br>Infusi\u00f3n, 2 medialunas o dos criollos.<\/td><td style=\"text-align: right;\" width=\"84\">&nbsp;$ 240<\/td><\/tr><tr><td width=\"401\"><strong>Continental<\/strong><br>Infusi\u00f3n, tostadas de pan de campo, 2 medialunas, mermelada casera, queso untable o manteca.<\/td><td style=\"text-align: right;\">&nbsp;$ 360<\/td><\/tr><tr><td width=\"401\"><strong>De campo<\/strong><br>Infusi\u00f3n, tostadas de pan de campo, 2 medialunas, huevos revueltos, rollitos de jamon y queso, Mermelada casera, queso untable, manteca y jugo de naranja chico<\/td><td style=\"text-align: right;\">&nbsp;$ 420<\/td><\/tr><tr><td width=\"401\"><strong>Light<\/strong><br>Infusion, tostadas de pan lactal integral, queso untable, mermelada casera y jugo de naranja chico.<\/td><td style=\"text-align: right;\">&nbsp;$ 330<\/td><\/tr><\/tbody><\/table><\/div><\/div><\/div><\/div><\/div><\/div><\/div><\/div><div class=\"vce-row-container\"><div class=\"vce-row vce-row--col-gap-30 vce-row-columns--top vce-row-content--top\" id=\"el-e5c06991\" data-vce-do-apply=\"all el-e5c06991\"><div class=\"vce-row-content\" data-vce-element-content=\"true\"><div class=\"vce-col vce-col--md-auto vce-col--xs-1 vce-col--xs-last vce-col--xs-first vce-col--sm-last vce-col--sm-first vce-col--md-last vce-col--lg-last vce-col--xl-last vce-col--md-first vce-col--lg-first vce-col--xl-first\" id=\"el-bddf33e2\"><div class=\"vce-col-inner\" data-vce-do-apply=\"border margin background  el-bddf33e2\"><div class=\"vce-col-content\" data-vce-element-content=\"true\" data-vce-do-apply=\"padding el-bddf33e2\"><div class=\"vce-text-block\"><div class=\"vce-text-block-wrapper vce\" id=\"el-ec8f3605\" data-vce-do-apply=\"all el-ec8f3605\"><p><a name=\"0\"><\/a><\/p>\n<h2 style=\"text-align: center;\"><span style=\"text-decoration: underline;\">SANDWICH<\/span><\/h2><\/div><\/div><div class=\"vce-text-block\"><div class=\"vce-text-block-wrapper vce\" id=\"el-9b72a13a\" data-vce-do-apply=\"all el-9b72a13a\"><table width=\"100%\"><tbody><tr><td width=\"401\"><strong>Baguette<\/strong><br>Pan baguette tostado, jam\u00f3n, queso y manteca\/mayonesa.<\/td><td style=\"text-align: right;\" width=\"84\">&nbsp;$ 270<\/td><\/tr><tr><td width=\"401\"><strong>Campo casero<\/strong><br>Pan de campo casero, Bondiola, queso, manteca\/mayonesa.<\/td><td style=\"text-align: right;\">&nbsp;$ 300<\/td><\/tr><tr><td width=\"401\"><strong>Pan Lactal<\/strong><br>Pan lactal, jam\u00f3n y queso, aderezo, manteca<\/td><td style=\"text-align: right;\">&nbsp;$ 250<\/td><\/tr><tr><td width=\"401\"><strong>Veggie<\/strong><br>Pan de campo casero, mayonesa casera, lechuga, tomate, palta y olivas negras<\/td><td style=\"text-align: right;\">&nbsp;$ 300<\/td><\/tr><\/tbody><\/table><\/div><\/div><\/div><\/div><\/div><\/div><\/div><\/div><div class=\"vce-row-container\"><div class=\"vce-row vce-row--col-gap-30 vce-row-columns--top vce-row-content--top\" id=\"el-bd000862\" data-vce-do-apply=\"all el-bd000862\"><div class=\"vce-row-content\" data-vce-element-content=\"true\"><div class=\"vce-col vce-col--md-auto vce-col--xs-1 vce-col--xs-last vce-col--xs-first vce-col--sm-last vce-col--sm-first vce-col--md-last vce-col--lg-last vce-col--xl-last vce-col--md-first vce-col--lg-first vce-col--xl-first\" id=\"el-b51bc4e9\"><div class=\"vce-col-inner\" data-vce-do-apply=\"border margin background  el-b51bc4e9\"><div class=\"vce-col-content\" data-vce-element-content=\"true\" data-vce-do-apply=\"padding el-b51bc4e9\"><div class=\"vce-single-image-container vce-single-image--align-center\"><div class=\"vce vce-single-image-wrapper\" id=\"el-336bbd1a\" data-vce-do-apply=\"all el-336bbd1a\"><figure><a href=\"https:\/\/growbrands.net\/neworder\/villa-golf-eventos-inicio\/\" title=\"\" class=\"vce-single-image-inner vce-single-image--absolute\" style=\"padding-bottom: 37.8947%; width: 95px;\"><img class=\"vce-single-image\" width=\"95\" height=\"36\"src=\"https:\/\/growbrands.net\/neworder\/wp-content\/uploads\/2021\/08\/republica.volver-95x36.png\" srcset=\"https:\/\/growbrands.net\/neworder\/wp-content\/uploads\/2021\/08\/republica.volver-95x36.png 95w\" data-img-src=\"https:\/\/growbrands.net\/neworder\/wp-content\/uploads\/2021\/01\/republica.volver.png\" alt=\"\" title=\"republica.volver\" \/><\/a><figcaption hidden=\"\"><\/figcaption><\/figure><\/div><\/div><\/div><\/div><\/div><\/div><\/div><\/div><\/div><\/div><\/div><\/div><\/div><\/div><div class=\"vce-row-container\"><div class=\"vce-row vce-row--col-gap-30 vce-row-columns--top vce-row-content--top\" id=\"el-034f0b1b\" data-vce-do-apply=\"all el-034f0b1b\"><div class=\"vce-row-content\" data-vce-element-content=\"true\"><div class=\"vce-col vce-col--md-auto vce-col--xs-1 vce-col--xs-last vce-col--xs-first vce-col--sm-last vce-col--sm-first vce-col--md-last vce-col--lg-last vce-col--xl-last vce-col--md-first vce-col--lg-first vce-col--xl-first\" id=\"el-79c96dd8\"><div class=\"vce-col-inner\" data-vce-do-apply=\"border margin background  el-79c96dd8\"><div class=\"vce-col-content\" data-vce-element-content=\"true\" data-vce-do-apply=\"padding el-79c96dd8\"><div class=\"vce-widgets-container\"><div class=\"vce vce-widgets-wrapper\" id=\"el-45f7dd9e\" data-vce-do-apply=\"all el-45f7dd9e\"><div class=\"textwidget custom-html-widget\"><div style=\"text-align; background-color:#000;\">\n<p style=\"text-align: center;\"><a href=\"http:\/\/www.neworder.menu\" target=\"_blank\" style=\"text-decoration:none;\"><span style=\"color:#ffffff;\">New Order: QR Digital Menu <br By Grow Brands<\/span><\/a><\/p>\n\t<\/div><\/div><\/div><\/div><\/div><\/div><\/div><\/div><\/div><\/div>\n","protected":false},"excerpt":{"rendered":"<p>&nbsp; CAFETER\u00cdACaf\u00e9 chico&nbsp;$ 130Caf\u00e9 jarro&nbsp;$ 140Caf\u00e9 doble&nbsp;$ 150Te&nbsp;$ 130Submarino&nbsp;$ 150Capuchino&nbsp;$ 170Medialunas\/criollos&nbsp;$ 40Mafalda&nbsp;$ 95Frola&nbsp;$ 100 DESAYUNOS Y MERIENDASTradicionalInfusi\u00f3n, 2 medialunas o dos criollos.&nbsp;$ 240ContinentalInfusi\u00f3n, tostadas de pan de campo, 2 medialunas, mermelada casera, queso untable o manteca.&nbsp;$ 360De campoInfusi\u00f3n, tostadas de pan de campo, 2 medialunas, &hellip; <\/p>\n","protected":false},"author":42,"featured_media":0,"parent":0,"menu_order":0,"comment_status":"closed","ping_status":"closed","template":"","meta":{"_monsterinsights_skip_tracking":false,"_monsterinsights_sitenote_active":false,"_monsterinsights_sitenote_note":"","_monsterinsights_sitenote_category":0,"footnotes":""},"coauthors":[],"class_list":["post-42977","page","type-page","status-publish","hentry"],"_links":{"self":[{"href":"https:\/\/growbrands.net\/neworder\/wp-json\/wp\/v2\/pages\/42977","targetHints":{"allow":["GET"]}}],"collection":[{"href":"https:\/\/growbrands.net\/neworder\/wp-json\/wp\/v2\/pages"}],"about":[{"href":"https:\/\/growbrands.net\/neworder\/wp-json\/wp\/v2\/types\/page"}],"author":[{"embeddable":true,"href":"https:\/\/growbrands.net\/neworder\/wp-json\/wp\/v2\/users\/42"}],"replies":[{"embeddable":true,"href":"https:\/\/growbrands.net\/neworder\/wp-json\/wp\/v2\/comments?post=42977"}],"version-history":[{"count":9,"href":"https:\/\/growbrands.net\/neworder\/wp-json\/wp\/v2\/pages\/42977\/revisions"}],"predecessor-version":[{"id":43596,"href":"https:\/\/growbrands.net\/neworder\/wp-json\/wp\/v2\/pages\/42977\/revisions\/43596"}],"wp:attachment":[{"href":"https:\/\/growbrands.net\/neworder\/wp-json\/wp\/v2\/media?parent=42977"}],"wp:term":[{"taxonomy":"author","embeddable":true,"href":"https:\/\/growbrands.net\/neworder\/wp-json\/wp\/v2\/coauthors?post=42977"}],"curies":[{"name":"wp","href":"https:\/\/api.w.org\/{rel}","templated":true}]}}