{"id":37210,"date":"2021-06-13T00:27:28","date_gmt":"2021-06-13T03:27:28","guid":{"rendered":"https:\/\/growbrands.net\/neworder\/?page_id=37210"},"modified":"2025-06-30T14:21:34","modified_gmt":"2025-06-30T17:21:34","slug":"republica","status":"publish","type":"page","link":"https:\/\/growbrands.net\/neworder\/republica\/","title":{"rendered":"Rep\u00fablica Restaurant &#8211; Inicio NEW"},"content":{"rendered":"<div class=\"vce-row-container\"><div class=\"vce-row vce-element--has-background vce-row--col-gap-30 vce-row-columns--top vce-row-content--top\" id=\"el-aca6aa24\" data-vce-do-apply=\"all el-aca6aa24\"><div class=\"vce-content-background-container\"><\/div><div class=\"vce-row-content\" data-vce-element-content=\"true\"><div class=\"vce-col vce-col--md-auto vce-col--xs-1 vce-col--xs-last vce-col--xs-first vce-col--sm-last vce-col--sm-first vce-col--md-last vce-col--lg-last vce-col--xl-last vce-col--md-first vce-col--lg-first vce-col--xl-first\" id=\"el-9c5c32c2\"><div class=\"vce-col-inner\" data-vce-do-apply=\"border margin background  el-9c5c32c2\"><div class=\"vce-content-background-container\"><\/div><div class=\"vce-col-content\" data-vce-element-content=\"true\" data-vce-do-apply=\"padding el-9c5c32c2\"><div class=\"vce-single-image-container vce-single-image--align-center\"><div class=\"vce vce-single-image-wrapper\" id=\"el-29cbaba1\" data-vce-do-apply=\"all el-29cbaba1\"><figure><div class=\"vce-single-image-inner vce-single-image--absolute\" style=\"padding-bottom: 172.101%; width: 595px;\"><img class=\"vce-single-image\" width=\"595\" height=\"1024\"src=\"https:\/\/growbrands.net\/neworder\/wp-content\/uploads\/2025\/06\/NUESTRA-CARTA-1-595x1024.png\" srcset=\"https:\/\/growbrands.net\/neworder\/wp-content\/uploads\/2025\/06\/NUESTRA-CARTA-1-320x551.png 320w,https:\/\/growbrands.net\/neworder\/wp-content\/uploads\/2025\/06\/NUESTRA-CARTA-1-480x826.png 480w,https:\/\/growbrands.net\/neworder\/wp-content\/uploads\/2025\/06\/NUESTRA-CARTA-1-595x1024.png 595w\" data-img-src=\"https:\/\/growbrands.net\/neworder\/wp-content\/uploads\/2022\/06\/NUESTRA-CARTA-1.png\" alt=\"\" title=\"NUESTRA CARTA 1\" \/><\/div><figcaption hidden=\"\"><\/figcaption><\/figure><\/div><\/div><div class=\"vce-row-container\"><div class=\"vce-row vce-row--col-gap-30 vce-row-columns--top vce-row-content--top\" id=\"el-4ee18d5d\" data-vce-do-apply=\"all el-4ee18d5d\"><div class=\"vce-row-content\" data-vce-element-content=\"true\"><div class=\"vce-col vce-col--md-auto vce-col--xs-1 vce-col--xs-last vce-col--xs-first vce-col--sm-last vce-col--sm-first vce-col--md-last vce-col--lg-last vce-col--xl-last vce-col--md-first vce-col--lg-first vce-col--xl-first\" id=\"el-f6d0e46b\"><div class=\"vce-col-inner\" data-vce-do-apply=\"border margin background  el-f6d0e46b\"><div class=\"vce-content-background-container\"><\/div><div class=\"vce-col-content\" data-vce-element-content=\"true\" data-vce-do-apply=\"padding el-f6d0e46b\"><div class=\"vce-button--style-outline-container vce-button--style-outline-container--align-center\"><span class=\"vce-button--style-outline-wrapper vce vce-button--style-outline-wrapper--stretched\" id=\"el-c31da823\" data-vce-do-apply=\"margin el-c31da823\"><a class=\"vce-button--style-outline-animated vce-button--style-outline--border-round vce-button--style-outline--size-medium vce-button--style-outline-animated--color-b-61-61-61--fff--3d3d3d vce-button--style-outline-animated--border-color-b-112-112-112--3d3d3d vce-button--style-outline-animated--background-color-3d3d3d\" href=\"https:\/\/growbrands.net\/neworder\/republica-restaurant-almuerzo-y-cena-new\/\" title=\"\" data-vce-do-apply=\"padding border background  el-c31da823\"><span class=\"vce-button--style-outline-text\">NUESTRA CARTA<\/span><\/a><\/span><\/div><div class=\"vce-button--style-outline-container vce-button--style-outline-container--align-center\"><span class=\"vce-button--style-outline-wrapper vce vce-button--style-outline-wrapper--stretched\" id=\"el-82a283aa\" data-vce-do-apply=\"margin el-82a283aa\"><a class=\"vce-button--style-outline-animated vce-button--style-outline--border-round vce-button--style-outline--size-medium vce-button--style-outline-animated--color-b-61-61-61--fff--3d3d3d vce-button--style-outline-animated--border-color-b-112-112-112--3d3d3d vce-button--style-outline-animated--background-color-3d3d3d\" href=\"https:\/\/growbrands.net\/neworder\/republica-restaurant-brunch-teanner-new\/\" title=\"\" data-vce-do-apply=\"padding border background  el-82a283aa\"><span class=\"vce-button--style-outline-text\">BRUNCH &amp; TEANNER<\/span><\/a><\/span><\/div><div class=\"vce-button--style-outline-container vce-button--style-outline-container--align-center\"><span class=\"vce-button--style-outline-wrapper vce vce-button--style-outline-wrapper--stretched\" id=\"el-ba45936f\" data-vce-do-apply=\"margin el-ba45936f\"><a class=\"vce-button--style-outline-animated vce-button--style-outline--border-round vce-button--style-outline--size-medium vce-button--style-outline-animated--color-b-61-61-61--fff--3d3d3d vce-button--style-outline-animated--border-color-b-112-112-112--3d3d3d vce-button--style-outline-animated--background-color-3d3d3d\" href=\"https:\/\/growbrands.net\/neworder\/republica-restaurant-bebidas-new\/\" title=\"\" data-vce-do-apply=\"padding border background  el-ba45936f\"><span class=\"vce-button--style-outline-text\">BEBIDAS Y CAFETER\u00cdA<\/span><\/a><\/span><\/div><div class=\"vce-button--style-outline-container vce-button--style-outline-container--align-center\"><span class=\"vce-button--style-outline-wrapper vce vce-button--style-outline-wrapper--stretched\" id=\"el-aefc0dd7\" data-vce-do-apply=\"margin el-aefc0dd7\"><a class=\"vce-button--style-outline-animated vce-button--style-outline--border-round vce-button--style-outline--size-medium vce-button--style-outline-animated--color-b-61-61-61--fff--3d3d3d vce-button--style-outline-animated--border-color-b-112-112-112--3d3d3d vce-button--style-outline-animated--background-color-3d3d3d\" href=\"https:\/\/growbrands.net\/neworder\/republica-restaurant-aperitivos-y-cocteles-new\/\" title=\"\" data-vce-do-apply=\"padding border background  el-aefc0dd7\"><span class=\"vce-button--style-outline-text\">CERVEZAS, APERITIVOS &amp; C\u00d3CTELES<\/span><\/a><\/span><\/div><div class=\"vce-button--style-outline-container vce-button--style-outline-container--align-center\"><span class=\"vce-button--style-outline-wrapper vce vce-button--style-outline-wrapper--stretched\" id=\"el-e80307f5\" data-vce-do-apply=\"margin el-e80307f5\"><a class=\"vce-button--style-outline-animated vce-button--style-outline--border-round vce-button--style-outline--size-medium vce-button--style-outline-animated--color-b-61-61-61--fff--3d3d3d vce-button--style-outline-animated--border-color-b-112-112-112--3d3d3d vce-button--style-outline-animated--background-color-3d3d3d\" href=\"https:\/\/growbrands.net\/neworder\/republica-restaurant-nuestra-cava-new\/\" title=\"\" data-vce-do-apply=\"padding border background  el-e80307f5\"><span class=\"vce-button--style-outline-text\">NUESTRA CAVA<\/span><\/a><\/span><\/div><\/div><\/div><\/div><\/div><\/div><\/div><div class=\"vce-text-block\"><div class=\"vce-text-block-wrapper vce\" id=\"el-f2e01385\" data-vce-do-apply=\"all el-f2e01385\"><table style=\"width: 85.2826%;\" border=\"0\" width=\"0\" cellspacing=\"5\" cellpadding=\"10\" align=\"center\"><tbody><tr><td style=\"text-align: center;\"><a href=\"https:\/\/www.instagram.com\/republicarestaurant\/\" target=\"_blank\" rel=\"noopener\">&nbsp;<img class=\"alignnone wp-image-27621\" src=\"https:\/\/growbrands.net\/neworder\/wp-content\/uploads\/2021\/02\/home-iconinsta.png\" alt=\"\" width=\"25\" height=\"25\"><\/a>&nbsp; &nbsp; &nbsp; &nbsp; &nbsp; &nbsp; &nbsp; <a href=\"https:\/\/api.whatsapp.com\/send?phone=5493515468254\" target=\"_blank\" rel=\"noopener\"><img class=\"alignnone wp-image-27623\" src=\"https:\/\/growbrands.net\/neworder\/wp-content\/uploads\/2021\/02\/home-iconwasap.png\" alt=\"\" width=\"25\" height=\"25\"><\/a>&nbsp; &nbsp; &nbsp; &nbsp; &nbsp; &nbsp; &nbsp; <a href=\"https:\/\/mirepublica.mitiendanube.com\/\" target=\"_blank\" rel=\"noopener\"><img class=\"alignnone wp-image-27622\" src=\"https:\/\/growbrands.net\/neworder\/wp-content\/uploads\/2021\/02\/home-icontienda.png\" alt=\"\" width=\"25\" height=\"21\"><\/a>&nbsp; &nbsp; &nbsp; &nbsp; &nbsp; &nbsp;&nbsp;&nbsp; <a href=\"https:\/\/www.google.com\/maps\/reserve\/v\/dine\/c\/0AYl412tm3g?source=pa&amp;hl=es-419&amp;gei=WeM3YI3XH6TA5OUPgtmuqAM&amp;sourceurl=https:\/\/www.google.com\/search?oe%3Dutf-8%26gcc%3Dar%26ctzn%3DAmerica\/Argentina\/Buenos_Aires%26ctf%3D1%26v%3D12.4.9.23.arm%26fheit%3D0%26ntyp%3D1%26ram_mb%3D1781%26action%3Ddevloc%26gs_lp%3DEhNxc2ItYW5kcm9pZC1hc2JsLXBiGgIYACIUIyMjIyMjIyMjIyMjIyMjIyMjIyMqEAgAECMYsAIYJyDZBCgBWgAyEAgAECMYsAIYJyDZBCgBWgAyJQgBEC4YxwEYrwEYDSDYBCgBWgBqDS9nLzExZjU0NjF6cnGQAQYyDQgCEAAYDSCtBCgBWgAyDQgDEAAYDSCsBCgBWgAyJggEEC4YxwEYrwEYDSCrBCgBWgBqDS9nLzExaDg4bHl2Z2iQAa8xMiYIBRAuGMcBGK8BGA0gqgQoAVoAag0vZy8xMWI4dHg0bGt3kAGmNjIiCAYQLhjHARivARgNIKkEKAFaAGoNL2cvMTFqM3djaDI1eTImCAcQLhjHARivARgNIKgEKAFaAGoNL2cvMTFjNXMxbWpjOZABmQwyJggIEC4YxwEYrwEYDSCnBCgBWgBqDS9nLzExaGJuZjR3bnCQAcYnMg0ICRAAGA0gpgQoAVoAQABIm0BQ0gxYpTZgFWgRcAF4AIABAIgBEJABApgBpAWgAa0kqgEMMGoxajExajJqMGoysAEAuAEByAEA-AEBkAIHmAIOoAK1IagCD7ACAcICCxAjGOoCGCcYEygBwgIJEC4Y6gIYJygBwgIJECMY6gIYJygBwgIEEAAoAcICDBAuGMcBGK8BGEMoAcICBxAAGLEDKAHCAgcQLhixAygBwgIPEC4YxwEYrwEYQxiTAigBwgIGECMYJygBwgIGEAAYQygBwgIKEC4YxwEYrwEoAcICBBAuKAHSAgtTU2Fqc0dyVmFEd-ACAOgCAPACAPgCAIADAIgDAJADjwGYA6QBoAMAugMIEgYQABgAIgDAA-MG0APvHuIDBAg1GAGQBACYBBCiBACwBN0BuAScB8IEBjEzajJqMdAEANoEDAgAEAAYACAOKAAwAOIEAIIFBRgBIKwLoAW2D7IFAMgFoJz7xcyF7wLqBQDxBfbENcYw2iGLgAYB%26source%3Dand.gsa.widget.text%26q%3Drepublica%2Brestaurant%26client%3Dms-android-motorola-rvo3%26wf%3Dpp1%26padt%3D200%26padb%3D842%26hl%3Des-US%26cs%3D0%26cds%3D2%26psm%3D0\" target=\"_blank\" rel=\"noopener\"><img class=\"alignnone wp-image-27790\" src=\"https:\/\/growbrands.net\/neworder\/wp-content\/uploads\/2021\/03\/home-iconcalendario.png\" alt=\"\" width=\"25\" height=\"25\"><\/a><\/td><\/tr><\/tbody><\/table><\/div><\/div><div class=\"vce-row-container\"><div class=\"vce-row vce-row--col-gap-30 vce-row-columns--top vce-row-content--top\" id=\"el-51c8e633\" data-vce-do-apply=\"all el-51c8e633\"><div class=\"vce-row-content\" data-vce-element-content=\"true\"><div class=\"vce-col vce-col--md-auto vce-col--xs-1 vce-col--xs-last vce-col--xs-first vce-col--sm-last vce-col--sm-first vce-col--md-last vce-col--lg-last vce-col--xl-last vce-col--md-first vce-col--lg-first vce-col--xl-first\" id=\"el-1bdcd8d3\"><div class=\"vce-col-inner\" data-vce-do-apply=\"border margin background  el-1bdcd8d3\"><div class=\"vce-col-content\" data-vce-element-content=\"true\" data-vce-do-apply=\"padding el-1bdcd8d3\"><div class=\"vce-text-block\"><div class=\"vce-text-block-wrapper vce\" id=\"el-1d84747f\" data-vce-do-apply=\"all el-1d84747f\"><p>Conectarse con la tierra no es dif\u00edcil si sabes respetarla.<br>Trabajamos con productos aut\u00f3ctonos para dar un sabor local que se manifiesta tanto en lo profundo de nuestra tierra como en lo profundo de nuestro ser.<br>Queremos ense\u00f1ar a cada uno de nuestros comensales como conectarse con el sabor local, con la tierra heredada y contarles de los productores que nos siguen mostrando cada d\u00eda la importancia de lo fresco.<br>Hicimos una indagaci\u00f3n profunda en los&nbsp; sabores de todas las regiones de nuestro pa\u00eds, despu\u00e9s de mucha experimentaci\u00f3n logramos unir ingredientes de todos los puntos de Argentina c\u00f3mo si fuesen una constelaci\u00f3n culinaria.<br>El picante que sale de las apunantes tierras calchaqu\u00edes, los grandes surub\u00edes reci\u00e9n salidos de los profundo r\u00edos del noreste argentino, los m\u00e1s ricos vinos tra\u00eddos del Valle del Uco al pie de los Andes y m\u00e1s sabores arraigados a nuestro gran territorio.<br>Todo est\u00e1 conectado de tal forma que los productos de temporada son los sabores justos y necesarios para reinventar las recetas m\u00e1s arraigadas en nuestra cultura con nuevas t\u00e9cnicas culinarias.<\/p><\/div><\/div><div class=\"vce-text-block\"><div class=\"vce-text-block-wrapper vce\" id=\"el-24ac10a0\" data-vce-do-apply=\"all el-24ac10a0\"><h2 style=\"text-align: center;\">En Rep\u00fablica, la tierra <br>es la que manda.<\/h2><p><img class=\"wp-image-37166 size-thumbnail aligncenter\" src=\"https:\/\/growbrands.net\/neworder\/wp-content\/uploads\/2021\/06\/republica.manifiesto.logo_-150x150.jpg\" alt=\"\" width=\"150\" height=\"150\"><\/p><\/div><\/div><\/div><\/div><\/div><\/div><\/div><\/div><\/div><\/div><\/div><\/div><\/div><\/div>\n","protected":false},"excerpt":{"rendered":"<p>NUESTRA CARTABRUNCH &amp; TEANNERBEBIDAS Y CAFETER\u00cdACERVEZAS, APERITIVOS &amp; C\u00d3CTELESNUESTRA CAVA&nbsp;&nbsp; &nbsp; &nbsp; &nbsp; &nbsp; &nbsp; &nbsp; &nbsp; &nbsp; &nbsp; &nbsp; &nbsp; &nbsp; &nbsp; &nbsp; &nbsp; &nbsp; &nbsp; &nbsp; &nbsp;&nbsp;&nbsp; Conectarse con la tierra no es dif\u00edcil si sabes respetarla.Trabajamos con productos aut\u00f3ctonos para dar un &hellip; <\/p>\n","protected":false},"author":12,"featured_media":0,"parent":0,"menu_order":0,"comment_status":"closed","ping_status":"closed","template":"","meta":{"_monsterinsights_skip_tracking":false,"_monsterinsights_sitenote_active":false,"_monsterinsights_sitenote_note":"","_monsterinsights_sitenote_category":0,"footnotes":""},"coauthors":[],"class_list":["post-37210","page","type-page","status-publish","hentry"],"_links":{"self":[{"href":"https:\/\/growbrands.net\/neworder\/wp-json\/wp\/v2\/pages\/37210","targetHints":{"allow":["GET"]}}],"collection":[{"href":"https:\/\/growbrands.net\/neworder\/wp-json\/wp\/v2\/pages"}],"about":[{"href":"https:\/\/growbrands.net\/neworder\/wp-json\/wp\/v2\/types\/page"}],"author":[{"embeddable":true,"href":"https:\/\/growbrands.net\/neworder\/wp-json\/wp\/v2\/users\/12"}],"replies":[{"embeddable":true,"href":"https:\/\/growbrands.net\/neworder\/wp-json\/wp\/v2\/comments?post=37210"}],"version-history":[{"count":32,"href":"https:\/\/growbrands.net\/neworder\/wp-json\/wp\/v2\/pages\/37210\/revisions"}],"predecessor-version":[{"id":85980,"href":"https:\/\/growbrands.net\/neworder\/wp-json\/wp\/v2\/pages\/37210\/revisions\/85980"}],"wp:attachment":[{"href":"https:\/\/growbrands.net\/neworder\/wp-json\/wp\/v2\/media?parent=37210"}],"wp:term":[{"taxonomy":"author","embeddable":true,"href":"https:\/\/growbrands.net\/neworder\/wp-json\/wp\/v2\/coauthors?post=37210"}],"curies":[{"name":"wp","href":"https:\/\/api.w.org\/{rel}","templated":true}]}}