{"id":34771,"date":"2021-05-06T13:15:16","date_gmt":"2021-05-06T16:15:16","guid":{"rendered":"https:\/\/growbrands.net\/neworder\/?page_id=34771"},"modified":"2022-06-10T18:26:15","modified_gmt":"2022-06-10T21:26:15","slug":"sao-sushi-sushi-salads","status":"publish","type":"page","link":"https:\/\/growbrands.net\/neworder\/sao-sushi-sushi-salads\/","title":{"rendered":"S\u00c3O Sushi &#8211; Sushi salads"},"content":{"rendered":"<div class=\"vce-row-container\"><div class=\"vce-row vce-element--has-background vce-row--col-gap-30 vce-row-columns--top vce-row-content--top\" id=\"el-1f096c6d\" data-vce-do-apply=\"all el-1f096c6d\"><div class=\"vce-content-background-container\"><div class=\"vce-asset-parallax-container vce-visible-all-only\" data-vce-assets-parallax=\".vce-asset-parallax\" data-vce-assets-parallax-speed=\"30\" data-vce-assets-parallax-reverse=\"false\"><div class=\"vce-asset-parallax\" style=\"top: -30vh; bottom: -30vh; transform: translateY(-12.7001vh);\"><div class=\"vce-asset-background-simple-container vce-visible-all-only vce-asset-background-simple--style-full-width vce-asset-background-simple--position-center-top\"><div class=\"vce-asset-background-simple\"><div class=\"vce-asset-background-simple-item\" style=\"background-image: url('https:\/\/growbrands.net\/neworder\/wp-content\/uploads\/2021\/05\/sao-homefondo.png');\"><\/div><\/div><\/div><\/div><\/div><\/div><div class=\"vce-row-content\" data-vce-element-content=\"true\"><div class=\"vce-col vce-col--md-auto vce-col--xs-1 vce-col--xs-last vce-col--xs-first vce-col--sm-last vce-col--sm-first vce-col--md-last vce-col--lg-last vce-col--xl-last vce-col--md-first vce-col--lg-first vce-col--xl-first\" id=\"el-999bc871\"><div class=\"vce-col-inner\" data-vce-do-apply=\"border margin background  el-999bc871\"><div class=\"vce-col-content\" data-vce-element-content=\"true\" data-vce-do-apply=\"padding el-999bc871\"><div class=\"vce-single-image-container vce-single-image--align-center\"><div class=\"vce vce-single-image-wrapper\" id=\"el-4eacadcc\" data-vce-do-apply=\"all el-4eacadcc\"><figure><div class=\"vce-single-image-inner vce-single-image--absolute vce-single-image--border-rounded\" style=\"padding-bottom: 177.778%; width: 576px;\"><img class=\"vce-single-image\" width=\"576\" height=\"1024\"src=\"https:\/\/growbrands.net\/neworder\/wp-content\/uploads\/2022\/06\/sao-homesushisalad-576x1024.png\" srcset=\"https:\/\/growbrands.net\/neworder\/wp-content\/uploads\/2022\/06\/sao-homesushisalad-320x569.png 320w,https:\/\/growbrands.net\/neworder\/wp-content\/uploads\/2022\/06\/sao-homesushisalad-480x853.png 480w,https:\/\/growbrands.net\/neworder\/wp-content\/uploads\/2022\/06\/sao-homesushisalad-576x1024.png 576w\" data-img-src=\"https:\/\/growbrands.net\/neworder\/wp-content\/uploads\/2021\/05\/sao-homesushisalad.png\" alt=\"\" title=\"sao-homesushisalad\" \/><\/div><figcaption hidden=\"\"><\/figcaption><\/figure><\/div><\/div><div class=\"vce-row-container\"><div class=\"vce-row vce-row--col-gap-30 vce-row-columns--top vce-row-content--top\" id=\"el-275c6cd6\" data-vce-do-apply=\"all el-275c6cd6\"><div class=\"vce-content-background-container\"><div class=\"vce-asset-parallax-container vce-visible-all-only\" data-vce-assets-parallax=\".vce-asset-parallax\" data-vce-assets-parallax-speed=\"30\" data-vce-assets-parallax-reverse=\"false\"><div class=\"vce-asset-parallax\" style=\"top: -30vh; bottom: -30vh; transform: translateY(2.7163vh);\"><\/div><\/div><\/div><div class=\"vce-row-content\" data-vce-element-content=\"true\"><div class=\"vce-col vce-col--md-auto vce-col--xs-1 vce-col--xs-last vce-col--xs-first vce-col--sm-last vce-col--sm-first vce-col--md-last vce-col--lg-last vce-col--xl-last vce-col--md-first vce-col--lg-first vce-col--xl-first\" id=\"el-eb5479aa\"><div class=\"vce-col-inner\" data-vce-do-apply=\"border margin background  el-eb5479aa\"><div class=\"vce-col-content\" data-vce-element-content=\"true\" data-vce-do-apply=\"padding el-eb5479aa\"><div class=\"vce-row-container\"><div class=\"vce-row vce-row--col-gap-30 vce-row-columns--top vce-row-content--top\" id=\"el-335db691\" data-vce-do-apply=\"all el-335db691\"><div class=\"vce-row-content\" data-vce-element-content=\"true\"><div class=\"vce-col vce-col--md-auto vce-col--xs-1 vce-col--xs-last vce-col--xs-first vce-col--sm-last vce-col--sm-first vce-col--md-last vce-col--lg-last vce-col--xl-last vce-col--md-first vce-col--lg-first vce-col--xl-first\" id=\"el-e58d239d\"><div class=\"vce-col-inner\" data-vce-do-apply=\"border margin background  el-e58d239d\"><div class=\"vce-col-content\" data-vce-element-content=\"true\" data-vce-do-apply=\"padding el-e58d239d\"><div class=\"vce-row-container\"><div class=\"vce-row vce-row--col-gap-30 vce-row-columns--top vce-row-content--top\" id=\"el-9c105936\" data-vce-do-apply=\"all el-9c105936\"><div class=\"vce-content-background-container\"><\/div><div class=\"vce-row-content\" data-vce-element-content=\"true\"><div class=\"vce-col vce-col--md-auto vce-col--xs-1 vce-col--xs-last vce-col--xs-first vce-col--sm-last vce-col--sm-first vce-col--md-last vce-col--lg-last vce-col--xl-last vce-col--md-first vce-col--lg-first vce-col--xl-first\" id=\"el-2d54d5f2\"><div class=\"vce-col-inner\" data-vce-do-apply=\"border margin background  el-2d54d5f2\"><div class=\"vce-content-background-container\"><\/div><div class=\"vce-col-content\" data-vce-element-content=\"true\" data-vce-do-apply=\"padding el-2d54d5f2\"><div class=\"vce-text-block\"><div class=\"vce-text-block-wrapper vce\" id=\"el-4afb4dbf\" data-vce-do-apply=\"all el-4afb4dbf\"><table width=\"100%\" cellspacing=\"0\" cellpadding=\"0\">\n<tbody>\n<tr>\n<td width=\"447\"><strong>S\u00c3O SALAD<\/strong><br>Base de arroz japon\u00e9s, queso philadelphia, palta hass, salm\u00f3n fresco o langostinos salteados o kanikama y semillas de s\u00e9samo<\/td>\n<td style=\"text-align: right;\" width=\"80\">&nbsp;$ 1.450<\/td>\n<\/tr>\n<tr>\n<td width=\"447\"><strong>VEGGIE SALAD<\/strong><br>Base de arroz japon\u00e9s, queso philadelphia, palta hass, palmito y zanahoria<\/td>\n<td style=\"text-align: right;\">&nbsp;$ 1.280<\/td>\n<\/tr>\n<tr>\n<td width=\"447\"><strong>DASHA SALAD<\/strong><br>Base de arroz japon\u00e9s, queso philadelphia, palta hass, salm\u00f3n rebozado o pollo teriyaki o langostinos rebozados y semillas de s\u00e9samo<\/td>\n<td style=\"text-align: right;\">&nbsp;$ 1.650<\/td>\n<\/tr>\n<tr>\n<td width=\"447\"><strong>RIO SALAD<\/strong><br>Base de arroz japon\u00e9s, queso philadelphia, anan\u00e1, palmito, kanikama y semillas de s\u00e9samo<\/td>\n<td style=\"text-align: right;\">&nbsp;$ 1.300<\/td>\n<\/tr>\n<\/tbody>\n<\/table><\/div><\/div><div class=\"vce-text-block\"><div class=\"vce-text-block-wrapper vce\" id=\"el-6b31a2ad\" data-vce-do-apply=\"all el-6b31a2ad\"><p style=\"text-align: center;\"><strong><em><span style=\"color: #ffffff;\">Consulta el costo de nuestras salsas: Soja - Teriyaki - Wasabi - Agridulce - Jengibre<\/span><\/em><\/strong><\/p><\/div><\/div><\/div><\/div><\/div><\/div><\/div><\/div><\/div><\/div><\/div><\/div><\/div><\/div><\/div><\/div><\/div><\/div><\/div><\/div><div class=\"vce-row-container\"><div class=\"vce-row vce-row--col-gap-30 vce-row-columns--top vce-row-content--top\" id=\"el-4bb81bfe\" data-vce-do-apply=\"all el-4bb81bfe\"><div class=\"vce-row-content\" data-vce-element-content=\"true\"><div class=\"vce-col vce-col--md-auto vce-col--xs-1 vce-col--xs-last vce-col--xs-first vce-col--sm-last vce-col--sm-first vce-col--md-last vce-col--lg-last vce-col--xl-last vce-col--md-first vce-col--lg-first vce-col--xl-first\" id=\"el-78642ea0\"><div class=\"vce-col-inner\" data-vce-do-apply=\"border margin background  el-78642ea0\"><div class=\"vce-col-content\" data-vce-element-content=\"true\" data-vce-do-apply=\"padding el-78642ea0\"><div class=\"vce-text-block\"><div class=\"vce-text-block-wrapper vce\" id=\"el-5e331035\" data-vce-do-apply=\"all el-5e331035\"><h2 style=\"text-align: center;\"><span style=\"color: #ffffff;\"><a style=\"color: #ffffff;\" href=\"https:\/\/growbrands.net\/neworder\/saosushi-inicio\/\">VOLVER<\/a><\/span><\/h2><\/div><\/div><\/div><\/div><\/div><\/div><\/div><\/div><\/div><\/div><\/div><\/div><\/div><\/div>\n","protected":false},"excerpt":{"rendered":"<p>S\u00c3O SALADBase de arroz japon\u00e9s, queso philadelphia, palta hass, salm\u00f3n fresco o langostinos salteados o kanikama y semillas de s\u00e9samo &nbsp;$ 1.450 VEGGIE SALADBase de arroz japon\u00e9s, queso philadelphia, palta hass, palmito y zanahoria &nbsp;$ 1.280 DASHA SALADBase de arroz japon\u00e9s, queso philadelphia, palta hass, &hellip; <\/p>\n","protected":false},"author":40,"featured_media":0,"parent":0,"menu_order":0,"comment_status":"closed","ping_status":"closed","template":"","meta":{"_monsterinsights_skip_tracking":false,"_monsterinsights_sitenote_active":false,"_monsterinsights_sitenote_note":"","_monsterinsights_sitenote_category":0,"footnotes":""},"coauthors":[79],"class_list":["post-34771","page","type-page","status-publish","hentry"],"_links":{"self":[{"href":"https:\/\/growbrands.net\/neworder\/wp-json\/wp\/v2\/pages\/34771","targetHints":{"allow":["GET"]}}],"collection":[{"href":"https:\/\/growbrands.net\/neworder\/wp-json\/wp\/v2\/pages"}],"about":[{"href":"https:\/\/growbrands.net\/neworder\/wp-json\/wp\/v2\/types\/page"}],"author":[{"embeddable":true,"href":"https:\/\/growbrands.net\/neworder\/wp-json\/wp\/v2\/users\/40"}],"replies":[{"embeddable":true,"href":"https:\/\/growbrands.net\/neworder\/wp-json\/wp\/v2\/comments?post=34771"}],"version-history":[{"count":19,"href":"https:\/\/growbrands.net\/neworder\/wp-json\/wp\/v2\/pages\/34771\/revisions"}],"predecessor-version":[{"id":53282,"href":"https:\/\/growbrands.net\/neworder\/wp-json\/wp\/v2\/pages\/34771\/revisions\/53282"}],"wp:attachment":[{"href":"https:\/\/growbrands.net\/neworder\/wp-json\/wp\/v2\/media?parent=34771"}],"wp:term":[{"taxonomy":"author","embeddable":true,"href":"https:\/\/growbrands.net\/neworder\/wp-json\/wp\/v2\/coauthors?post=34771"}],"curies":[{"name":"wp","href":"https:\/\/api.w.org\/{rel}","templated":true}]}}