{"id":34670,"date":"2021-05-05T21:22:08","date_gmt":"2021-05-06T00:22:08","guid":{"rendered":"https:\/\/growbrands.net\/neworder\/?page_id=34670"},"modified":"2022-06-11T17:14:42","modified_gmt":"2022-06-11T20:14:42","slug":"saosushi-rolls","status":"publish","type":"page","link":"https:\/\/growbrands.net\/neworder\/saosushi-rolls\/","title":{"rendered":"S\u00c3O Sushi &#8211; Rolls y m\u00e1s"},"content":{"rendered":"<div class=\"vce-row-container\"><div class=\"vce-row vce-element--has-background vce-row--col-gap-30 vce-row-columns--top vce-row-content--top\" id=\"el-1f096c6d\" data-vce-do-apply=\"all el-1f096c6d\"><div class=\"vce-content-background-container\"><div class=\"vce-asset-parallax-container vce-visible-all-only\" data-vce-assets-parallax=\".vce-asset-parallax\" data-vce-assets-parallax-speed=\"30\" data-vce-assets-parallax-reverse=\"false\"><div class=\"vce-asset-parallax\" style=\"top: -30vh; bottom: -30vh; transform: translateY(13.8093vh);\"><div class=\"vce-asset-background-simple-container vce-visible-all-only vce-asset-background-simple--style-full-width vce-asset-background-simple--position-center-top\"><div class=\"vce-asset-background-simple\"><div class=\"vce-asset-background-simple-item\" style=\"background-image: url('https:\/\/growbrands.net\/neworder\/wp-content\/uploads\/2021\/05\/sao-homefondo.png');\"><\/div><\/div><\/div><\/div><\/div><\/div><div class=\"vce-row-content\" data-vce-element-content=\"true\"><div class=\"vce-col vce-col--md-auto vce-col--xs-1 vce-col--xs-last vce-col--xs-first vce-col--sm-last vce-col--sm-first vce-col--md-last vce-col--lg-last vce-col--xl-last vce-col--md-first vce-col--lg-first vce-col--xl-first\" id=\"el-999bc871\"><div class=\"vce-col-inner\" data-vce-do-apply=\"border margin background  el-999bc871\"><div class=\"vce-col-content\" data-vce-element-content=\"true\" data-vce-do-apply=\"padding el-999bc871\"><div class=\"vce-single-image-container vce-single-image--align-center\"><div class=\"vce vce-single-image-wrapper\" id=\"el-4eacadcc\" data-vce-do-apply=\"all el-4eacadcc\"><figure><div class=\"vce-single-image-inner vce-single-image--absolute vce-single-image--border-rounded\" style=\"padding-bottom: 177.778%; width: 576px;\"><img class=\"vce-single-image\" width=\"576\" height=\"1024\"src=\"https:\/\/growbrands.net\/neworder\/wp-content\/uploads\/2022\/06\/sao-homerolls-576x1024.png\" srcset=\"https:\/\/growbrands.net\/neworder\/wp-content\/uploads\/2022\/06\/sao-homerolls-320x569.png 320w,https:\/\/growbrands.net\/neworder\/wp-content\/uploads\/2022\/06\/sao-homerolls-480x853.png 480w,https:\/\/growbrands.net\/neworder\/wp-content\/uploads\/2022\/06\/sao-homerolls-576x1024.png 576w\" data-img-src=\"https:\/\/growbrands.net\/neworder\/wp-content\/uploads\/2021\/05\/sao-homerolls.png\" alt=\"\" title=\"sao-homerolls\" \/><\/div><figcaption hidden=\"\"><\/figcaption><\/figure><\/div><\/div><div class=\"vce-row-container\"><div class=\"vce-row vce-row--col-gap-30 vce-row-columns--top vce-row-content--top\" id=\"el-275c6cd6\" data-vce-do-apply=\"all el-275c6cd6\"><div class=\"vce-content-background-container\"><div class=\"vce-asset-parallax-container vce-visible-all-only\" data-vce-assets-parallax=\".vce-asset-parallax\" data-vce-assets-parallax-speed=\"30\" data-vce-assets-parallax-reverse=\"false\"><div class=\"vce-asset-parallax\" style=\"top: -30vh; bottom: -30vh; transform: translateY(20.8383vh);\"><\/div><\/div><\/div><div class=\"vce-row-content\" data-vce-element-content=\"true\"><div class=\"vce-col vce-col--md-auto vce-col--xs-1 vce-col--xs-last vce-col--xs-first vce-col--sm-last vce-col--sm-first vce-col--md-last vce-col--lg-last vce-col--xl-last vce-col--md-first vce-col--lg-first vce-col--xl-first\" id=\"el-eb5479aa\"><div class=\"vce-col-inner\" data-vce-do-apply=\"border margin background  el-eb5479aa\"><div class=\"vce-col-content\" data-vce-element-content=\"true\" data-vce-do-apply=\"padding el-eb5479aa\"><div class=\"vce-row-container\"><div class=\"vce-row vce-row--col-gap-30 vce-row-columns--top vce-row-content--top\" id=\"el-335db691\" data-vce-do-apply=\"all el-335db691\"><div class=\"vce-row-content\" data-vce-element-content=\"true\"><div class=\"vce-col vce-col--md-auto vce-col--xs-1 vce-col--xs-last vce-col--xs-first vce-col--sm-last vce-col--sm-first vce-col--md-last vce-col--lg-last vce-col--xl-last vce-col--md-first vce-col--lg-first vce-col--xl-first\" id=\"el-e58d239d\"><div class=\"vce-col-inner\" data-vce-do-apply=\"border margin background  el-e58d239d\"><div class=\"vce-col-content\" data-vce-element-content=\"true\" data-vce-do-apply=\"padding el-e58d239d\"><div class=\"vce-row-container\"><div class=\"vce-row vce-row--col-gap-30 vce-row-columns--top vce-row-content--top\" id=\"el-9c105936\" data-vce-do-apply=\"all el-9c105936\"><div class=\"vce-content-background-container\"><\/div><div class=\"vce-row-content\" data-vce-element-content=\"true\"><div class=\"vce-col vce-col--md-auto vce-col--xs-1 vce-col--xs-last vce-col--xs-first vce-col--sm-last vce-col--sm-first vce-col--md-last vce-col--lg-last vce-col--xl-last vce-col--md-first vce-col--lg-first vce-col--xl-first\" id=\"el-2d54d5f2\"><div class=\"vce-col-inner\" data-vce-do-apply=\"border margin background  el-2d54d5f2\"><div class=\"vce-content-background-container\"><\/div><div class=\"vce-col-content\" data-vce-element-content=\"true\" data-vce-do-apply=\"padding el-2d54d5f2\"><div class=\"vce-text-block\"><div class=\"vce-text-block-wrapper vce\" id=\"el-4afb4dbf\" data-vce-do-apply=\"all el-4afb4dbf\"><table width=\"527\">\n<tbody>\n<tr style=\"border-bottom-style: none; border-bottom-width: 0px;\">\n<td style=\"text-align: center;\" colspan=\"2\"><strong><span style=\"font-size: 18pt;\">URAMAKI ROLLS<\/span><br>(12 piezas)<\/strong><br>Alga nori por dentro y arroz por fuera <br>(consultar por 6 piezas)<\/td>\n<\/tr>\n<tr style=\"border-bottom-style: none; border-bottom-width: 0px;\">\n<td width=\"447\"><span class=\"titulosao\">SALM\u00d3N<\/span><\/td>\n<td style=\"text-align: right;\">&nbsp;<\/td>\n<\/tr>\n<tr>\n<td width=\"447\"><strong>PHILADELPHIA<\/strong><br>Salm\u00f3n y queso<\/td>\n<td style=\"text-align: right;\">&nbsp;$ 1.400<\/td>\n<\/tr>\n<tr>\n<td width=\"447\"><strong>NEW YORK<\/strong><br>Salm\u00f3n y palta<\/td>\n<td style=\"text-align: right;\">&nbsp;$ 1.400<\/td>\n<\/tr>\n<tr>\n<td width=\"447\"><strong>SOHO<\/strong><br>Salm\u00f3n, palta y queso<\/td>\n<td style=\"text-align: right;\">&nbsp;$ 1.400<\/td>\n<\/tr>\n<tr>\n<td width=\"447\"><strong>SUNRISE<\/strong><br>Salm\u00f3n, durazno y queso<\/td>\n<td style=\"text-align: right;\">&nbsp;$ 1.400<\/td>\n<\/tr>\n<tr>\n<td width=\"447\"><strong>CHIC<\/strong><br>Palta y queso envuelto en salm\u00f3n ahumado<\/td>\n<td style=\"text-align: right;\">&nbsp;$ 1.400<\/td>\n<\/tr>\n<tr>\n<td width=\"447\"><strong>BALI<\/strong><br>Salm\u00f3n, durazno y queso, con crocante de batatas y salsa de maracuy\u00e1<\/td>\n<td style=\"text-align: right;\">&nbsp;$ 1.400<\/td>\n<\/tr>\n<tr>\n<td width=\"447\"><strong>TIJUANA<\/strong><br>Salm\u00f3n, palta y queso, coronado con guacamole<\/td>\n<td style=\"text-align: right;\">&nbsp;$ 1.400<\/td>\n<\/tr>\n<tr>\n<td width=\"447\"><strong>MURASAKI<\/strong><br>Salm\u00f3n, cebolla morada, pimiento rojo y verde, crema de palta y queso philadelphia<\/td>\n<td style=\"text-align: right;\">&nbsp;$1.400<\/td>\n<\/tr>\n<tr style=\"border-bottom-style: none; border-bottom-width: 0px;\">\n<td width=\"447\"><span class=\"titulosao\">COOKED ROLLS<\/span><\/td>\n<td style=\"text-align: right;\">&nbsp;<\/td>\n<\/tr>\n<tr>\n<td width=\"447\"><strong>SHANGAI<\/strong><br>Salm\u00f3n rebozado, palta y queso<\/td>\n<td style=\"text-align: right;\">&nbsp;$ 1.400<\/td>\n<\/tr>\n<tr>\n<td width=\"447\"><strong>ROS\u00c9<\/strong><br>Salm\u00f3n cocido, recubierto de crocante de batata<\/td>\n<td style=\"text-align: right;\">&nbsp;$ 1.400<\/td>\n<\/tr>\n<tr>\n<td width=\"447\"><strong>CALI<\/strong><br>Salm\u00f3n rebozado y queso coronado con mayonesa de morr\u00f3n con un toque de picante<\/td>\n<td style=\"text-align: right;\">&nbsp;$ 1.400<\/td>\n<\/tr>\n<tr style=\"border-bottom-style: none; border-bottom-width: 0px;\">\n<td width=\"447\"><span class=\"titulosao\">LANGOSTINO<\/span><\/td>\n<td style=\"text-align: right;\">&nbsp;<\/td>\n<\/tr>\n<tr>\n<td width=\"447\"><strong>EBI AVOCADO<\/strong><br>Langostinos, palta y queso<\/td>\n<td style=\"text-align: right;\">&nbsp;$ 1.400<\/td>\n<\/tr>\n<tr>\n<td width=\"447\"><strong>EBI ALMENDRADO<\/strong><br>Langostinos y palta coronada con queso y almendras trituradas<\/td>\n<td style=\"text-align: right;\">&nbsp;$ 1.400<\/td>\n<\/tr>\n<tr>\n<td width=\"447\"><strong>TOKIO<\/strong><br>Salm\u00f3n, langostino y palta, acompa\u00f1ado de crema de palta y lim\u00f3n<\/td>\n<td style=\"text-align: right;\">&nbsp;$ 1.500<\/td>\n<\/tr>\n<tr>\n<td width=\"447\"><strong>ALOHA<\/strong><br>Langostinos rebozados con mostaza, miel y queso envuelto con salm\u00f3n fresco y palta<\/td>\n<td style=\"text-align: right;\">&nbsp;$ 1.400<\/td>\n<\/tr>\n<tr>\n<td width=\"447\"><strong>DUBAI<\/strong><br>Langostinos, palta y queso envueltos con salm\u00f3n ahumado y salsa de maracuy\u00e1<\/td>\n<td style=\"text-align: right;\">&nbsp;$ 1.400<\/td>\n<\/tr>\n<tr>\n<td width=\"447\"><strong>BAMBOO<\/strong><br>Langostinos y queso, envueltos con palta<\/td>\n<td style=\"text-align: right;\">&nbsp;$ 1.400<\/td>\n<\/tr>\n<tr>\n<td width=\"447\"><strong>SINALOHA<\/strong><br>Langostino rebozado y queso coronado con mayonesa de morr\u00f3n con un toque de picante<\/td>\n<td style=\"text-align: right;\">&nbsp;$ 1.400<\/td>\n<\/tr>\n<tr style=\"border-bottom-style: none; border-bottom-width: 0px;\">\n<td width=\"447\"><span class=\"titulosao\">POLLO<\/span><\/td>\n<td style=\"text-align: right;\">&nbsp;<\/td>\n<\/tr>\n<tr>\n<td width=\"447\"><strong>TERI CHICKEN<\/strong><br>Pollo rebozado con salsa teriyaki, pimiento asado y palta<\/td>\n<td style=\"text-align: right;\">&nbsp;$ 1.400<\/td>\n<\/tr>\n<tr style=\"border-bottom-style: none; border-bottom-width: 0px;\">\n<td><span class=\"titulosao\">KANIKAMA<\/span><\/td>\n<td style=\"text-align: right;\">&nbsp;<\/td>\n<\/tr>\n<tr>\n<td width=\"447\"><strong>CALIFORNIA<\/strong><br>Kanikama y palta<\/td>\n<td style=\"text-align: right;\">&nbsp;$1.400<\/td>\n<\/tr>\n<tr>\n<td width=\"447\"><strong>R\u00cdO<\/strong><br>Kanikama, palmito, anan\u00e1 y salsa golf<\/td>\n<td style=\"text-align: right;\">&nbsp;$ 1.400<\/td>\n<\/tr>\n<tr style=\"border-bottom-style: none; border-bottom-width: 0px;\">\n<td width=\"447\"><span class=\"titulosao\">VEGGIE ROLLS<\/span><\/td>\n<td style=\"text-align: right;\">&nbsp;<\/td>\n<\/tr>\n<tr>\n<td width=\"447\"><strong>FUNGI<\/strong><br>Champignon en tempura, pimiento asado y queso<\/td>\n<td style=\"text-align: right;\">&nbsp;$1.400<\/td>\n<\/tr>\n<tr>\n<td width=\"447\"><strong>BETA<\/strong><br>Zanahoria, remolacha, palta y queso<\/td>\n<td style=\"text-align: right;\">&nbsp;$ 1.400<\/td>\n<\/tr>\n<tr style=\"border-bottom-style: none; border-bottom-width: 0px;\">\n<td width=\"447\"><span class=\"titulosao\">TAMAGO<\/span><\/td>\n<td style=\"text-align: right;\">&nbsp;<\/td>\n<\/tr>\n<tr>\n<td width=\"447\">\n<p><strong>DELI<\/strong><\/p>\n<p>Tortilla a base de huevo asado, salm\u00f3n, palta y queso con crocante de batata y salsa de maracuy\u00e1.<\/p>\n<p><strong>PARIS<\/strong><\/p>\n<p>Tortilla a base de huevo asado, langostino rebozado, palta y queso con crocante de batata y salsa de maracuy\u00e1.<\/p>\n<p>&nbsp;<\/p>\n<\/td>\n<td style=\"text-align: right;\">\n<p>$ 1.400<\/p>\n<p>&nbsp;$ 1.400<\/p>\n<\/td>\n<\/tr>\n<tr style=\"border-bottom-style: none; border-bottom-width: 0px;\">\n<td width=\"447\"><span class=\"titulosao\">CRISPY ROLLS<\/span><\/td>\n<td style=\"text-align: right;\">&nbsp;<\/td>\n<\/tr>\n<tr>\n<td width=\"447\"><strong>CRISPY PHILADELPHIA<\/strong><br>Salm\u00f3n y queso<\/td>\n<td style=\"text-align: right;\">&nbsp;$ 1.400<\/td>\n<\/tr>\n<tr>\n<td width=\"447\"><strong>CRISPY NEW YORK<\/strong><br>Salm\u00f3n y palta<\/td>\n<td style=\"text-align: right;\">&nbsp;$ 1.400<\/td>\n<\/tr>\n<tr>\n<td width=\"447\"><strong>CRISPY SOHO<\/strong><br>Salm\u00f3n, palta y queso<\/td>\n<td style=\"text-align: right;\">&nbsp;$1.500<\/td>\n<\/tr>\n<tr>\n<td width=\"447\">\n<p><strong>CRISPY EBI<\/strong><br>Langostino, queso y palta<\/p>\n<p style=\"letter-spacing: 2px;\"><strong>CRISPY CALIFORNIA<\/strong><\/p>\n<p style=\"letter-spacing: 2px;\">Kanikama y palta<\/p>\n<\/td>\n<td style=\"text-align: right;\">\n<p>&nbsp;$ 1.500<\/p>\n<p>$1.400<\/p>\n<\/td>\n<\/tr>\n<tr style=\"border-bottom-style: none; border-bottom-width: 0px;\">\n<td style=\"text-align: center;\" colspan=\"2\"><span class=\"\" style=\"font-size: 18pt;\"><span style=\"font-weight: bold; font-style: normal;\"><br>MAKI ROLLS<\/span><br><span style=\"font-size: 12pt;\">(8 UNIDADES)<\/span><br><span style=\"font-size: 12pt;\">Arroz envuelto en alga nori con ingredientes en el centro<\/span><br><\/span><\/td>\n<\/tr>\n<tr>\n<td width=\"447\"><strong>SAKE MAKI<\/strong><br>Salm\u00f3n<\/td>\n<td style=\"text-align: right;\">&nbsp;$ 1.300<\/td>\n<\/tr>\n<tr>\n<td width=\"447\"><strong>EBI MAKI<\/strong><br>Langostino y queso<\/td>\n<td style=\"text-align: right;\">&nbsp;$ 1.300<\/td>\n<\/tr>\n<tr>\n<td width=\"447\"><strong>ZEN MAKI (VEGGIE)<\/strong><br>Palta, palmito, zanahoria y queso<\/td>\n<td style=\"text-align: right;\">&nbsp;$ 1.300<\/td>\n<\/tr>\n<tr>\n<td width=\"447\"><strong>NEW YORK MAKI<\/strong><br>Salm\u00f3n y palta<\/td>\n<td style=\"text-align: right;\">&nbsp;$ 1.300<\/td>\n<\/tr>\n<tr>\n<td width=\"447\"><strong>PHILADELPHIA MAKI<\/strong><br>Salm\u00f3n y queso<\/td>\n<td style=\"text-align: right;\">$ 1.300<\/td>\n<\/tr>\n<tr style=\"border-bottom-style: none; border-bottom-width: 0px;\">\n<td><span class=\"titulosao\">CRISPY MAKI ROLLS<\/span><\/td>\n<\/tr>\n<tr style=\"border-bottom-style: none; border-bottom-width: 0px;\">\n<td>(8 UNIDADES)<\/td>\n<td style=\"text-align: right;\">&nbsp;<\/td>\n<\/tr>\n<tr>\n<td width=\"447\"><strong>CRISPY SAKE MAKI<\/strong><br>Salm\u00f3n<\/td>\n<td style=\"text-align: right;\">&nbsp;$ 1.400<\/td>\n<\/tr>\n<tr>\n<td width=\"447\"><strong>CRISPY EBI MAKI<\/strong><br>Langostino y queso<\/td>\n<td style=\"text-align: right;\">&nbsp;$ 1.400<\/td>\n<\/tr>\n<tr>\n<td width=\"447\"><strong>CRISPY ZEN MAKI<\/strong><br>Palta, palmito, zanahoria y queso<\/td>\n<td style=\"text-align: right;\">&nbsp;$ 1.400<\/td>\n<\/tr>\n<tr>\n<td width=\"447\"><strong>CRISPY NEW YORK MAKI<\/strong><br>Salm\u00f3n y palta<\/td>\n<td style=\"text-align: right;\">&nbsp;$ 1.400<\/td>\n<\/tr>\n<tr>\n<td width=\"447\"><strong>CRISPY PHILADELPHIA MAKI<\/strong><br>Salm\u00f3n y queso<\/td>\n<td style=\"text-align: right;\">&nbsp;$ 1.400<\/td>\n<\/tr>\n<tr style=\"border-bottom-style: none; border-bottom-width: 0px;\">\n<td style=\"text-align: center;\" colspan=\"2\">\n<p><span class=\"\" style=\"font-weight: bold; font-style: normal; font-size: 18pt;\"><br>GEISHA<\/span><\/p>\n<p><span class=\"\" style=\"font-weight: bold; font-style: normal; font-size: 18pt;\"><br><span style=\"font-weight: 400; font-size: 12pt;\">(1 UNIDAD)<\/span><br><\/span><\/p>\n<\/td>\n<\/tr>\n<tr>\n<td width=\"447\"><strong>SALM\u00d3N<\/strong><br>Salm\u00f3n fresco enrollado con queso y palta<\/td>\n<td style=\"text-align: right;\">&nbsp;$ 200<\/td>\n<\/tr>\n<tr>\n<td width=\"447\">\n<p><strong>SALM\u00d3N AHUMADO<\/strong><br>Salm\u00f3n ahumado enrollado con queso y palta<\/p>\n<p>TAMAGO<\/p>\n<p>Salm\u00f3n fresco enrollado en tamango<\/p>\n<\/td>\n<td style=\"text-align: right;\">\n<p>&nbsp;$ 200<\/p>\n<p>$ 200<\/p>\n<\/td>\n<\/tr>\n<tr style=\"border-bottom-style: none; border-bottom-width: 0px;\">\n<td style=\"text-align: center;\" colspan=\"2\"><span class=\"\" style=\"font-weight: bold; font-style: normal; font-size: 18pt;\"><br>SASHIMI<br><\/span>(1 UNIDAD)<\/td>\n<\/tr>\n<tr>\n<td width=\"447\"><strong>SALM\u00d3N<\/strong><br>Salm\u00f3n fresco<\/td>\n<td style=\"text-align: right;\">&nbsp;$ 250<\/td>\n<\/tr>\n<tr style=\"border-bottom-style: none; border-bottom-width: 0px;\">\n<td style=\"text-align: center;\" colspan=\"2\">\n<p><span class=\"\" style=\"font-weight: 400; font-style: normal; font-size: 18pt;\"><br><strong>NIGIRI<\/strong><\/span><\/p>\n<p><span class=\"\" style=\"font-style: normal; font-size: 18pt; font-weight: bold;\"><span style=\"font-weight: 400;\">Porci\u00f3n de arroz cubierta<\/span><br><\/span>(1 UNIDAD)<\/p>\n<\/td>\n<\/tr>\n<tr>\n<td>SALM\u00d3N<\/td>\n<td style=\"text-align: right;\">&nbsp;$ 200<\/td>\n<\/tr>\n<tr>\n<td>SALM\u00d3N AHUMADO<\/td>\n<td style=\"text-align: right;\">&nbsp;$ 200<\/td>\n<\/tr>\n<tr>\n<td width=\"447\"><strong>REBOZADO<\/strong><br>Base de queso philadelphia, arroz rebozado cubierto de salm\u00f3n fresco<\/td>\n<td style=\"text-align: right;\">&nbsp;$ 200<\/td>\n<\/tr>\n<tr>\n<td width=\"447\"><strong>EBI<\/strong><br>Langostino colita cocido<\/td>\n<td style=\"text-align: right;\">&nbsp;$ 200<\/td>\n<\/tr>\n<tr>\n<td width=\"447\"><strong>VEGGIE<\/strong><br>Cubierto de tamago y alga<\/td>\n<td style=\"text-align: right;\">&nbsp;$ 200<\/td>\n<\/tr>\n<\/tbody>\n<\/table><\/div><\/div><div class=\"vce-text-block\"><div class=\"vce-text-block-wrapper vce\" id=\"el-bfed1733\" data-vce-do-apply=\"all el-bfed1733\"><p style=\"text-align: center;\"><strong><em><span style=\"color: #ffffff;\">Consulta&nbsp; el costo de nuestras salsas: Soja - Teriyaki - Wasabi - Agridulce - Jengibre<\/span><\/em><\/strong><\/p><\/div><\/div><\/div><\/div><\/div><\/div><\/div><\/div><\/div><\/div><\/div><\/div><\/div><\/div><\/div><\/div><\/div><\/div><\/div><\/div><div class=\"vce-row-container\"><div class=\"vce-row vce-row--col-gap-30 vce-row-columns--top vce-row-content--top\" id=\"el-4bb81bfe\" data-vce-do-apply=\"all el-4bb81bfe\"><div class=\"vce-row-content\" data-vce-element-content=\"true\"><div class=\"vce-col vce-col--md-auto vce-col--xs-1 vce-col--xs-last vce-col--xs-first vce-col--sm-last vce-col--sm-first vce-col--md-last vce-col--lg-last vce-col--xl-last vce-col--md-first vce-col--lg-first vce-col--xl-first\" id=\"el-78642ea0\"><div class=\"vce-col-inner\" data-vce-do-apply=\"border margin background  el-78642ea0\"><div class=\"vce-col-content\" data-vce-element-content=\"true\" data-vce-do-apply=\"padding el-78642ea0\"><div class=\"vce-text-block\"><div class=\"vce-text-block-wrapper vce\" id=\"el-a3784aed\" data-vce-do-apply=\"all el-a3784aed\"><h2 style=\"text-align: center;\"><span style=\"color: #ffffff;\"><a style=\"color: #ffffff;\" href=\"https:\/\/growbrands.net\/neworder\/saosushi-inicio\/\">VOLVER<\/a><\/span><\/h2><\/div><\/div><\/div><\/div><\/div><\/div><\/div><\/div><\/div><\/div><\/div><\/div><\/div><\/div>\n","protected":false},"excerpt":{"rendered":"<p>URAMAKI ROLLS(12 piezas)Alga nori por dentro y arroz por fuera (consultar por 6 piezas) SALM\u00d3N &nbsp; PHILADELPHIASalm\u00f3n y queso &nbsp;$ 1.400 NEW YORKSalm\u00f3n y palta &nbsp;$ 1.400 SOHOSalm\u00f3n, palta y queso &nbsp;$ 1.400 SUNRISESalm\u00f3n, durazno y queso &nbsp;$ 1.400 CHICPalta y queso envuelto en salm\u00f3n &hellip; <\/p>\n","protected":false},"author":40,"featured_media":0,"parent":0,"menu_order":0,"comment_status":"closed","ping_status":"closed","template":"","meta":{"_monsterinsights_skip_tracking":false,"_monsterinsights_sitenote_active":false,"_monsterinsights_sitenote_note":"","_monsterinsights_sitenote_category":0,"footnotes":""},"coauthors":[79],"class_list":["post-34670","page","type-page","status-publish","hentry"],"_links":{"self":[{"href":"https:\/\/growbrands.net\/neworder\/wp-json\/wp\/v2\/pages\/34670","targetHints":{"allow":["GET"]}}],"collection":[{"href":"https:\/\/growbrands.net\/neworder\/wp-json\/wp\/v2\/pages"}],"about":[{"href":"https:\/\/growbrands.net\/neworder\/wp-json\/wp\/v2\/types\/page"}],"author":[{"embeddable":true,"href":"https:\/\/growbrands.net\/neworder\/wp-json\/wp\/v2\/users\/40"}],"replies":[{"embeddable":true,"href":"https:\/\/growbrands.net\/neworder\/wp-json\/wp\/v2\/comments?post=34670"}],"version-history":[{"count":41,"href":"https:\/\/growbrands.net\/neworder\/wp-json\/wp\/v2\/pages\/34670\/revisions"}],"predecessor-version":[{"id":53298,"href":"https:\/\/growbrands.net\/neworder\/wp-json\/wp\/v2\/pages\/34670\/revisions\/53298"}],"wp:attachment":[{"href":"https:\/\/growbrands.net\/neworder\/wp-json\/wp\/v2\/media?parent=34670"}],"wp:term":[{"taxonomy":"author","embeddable":true,"href":"https:\/\/growbrands.net\/neworder\/wp-json\/wp\/v2\/coauthors?post=34670"}],"curies":[{"name":"wp","href":"https:\/\/api.w.org\/{rel}","templated":true}]}}