{"id":33205,"date":"2021-04-21T19:36:51","date_gmt":"2021-04-21T22:36:51","guid":{"rendered":"https:\/\/growbrands.net\/neworder\/?page_id=33205"},"modified":"2021-04-23T12:34:56","modified_gmt":"2021-04-23T15:34:56","slug":"balthazar-tragos","status":"publish","type":"page","link":"https:\/\/growbrands.net\/neworder\/balthazar-tragos\/","title":{"rendered":"Balthazar &#8211; Tragos"},"content":{"rendered":"<div class=\"vce-row-container\"><div class=\"vce-row vce-element--has-background vce-row--col-gap-30 vce-row-columns--top vce-row-content--top\" id=\"el-1f096c6d\" data-vce-do-apply=\"all el-1f096c6d\"><div class=\"vce-content-background-container\"><\/div><div class=\"vce-row-content\" data-vce-element-content=\"true\"><div class=\"vce-col vce-col--md-auto vce-col--xs-1 vce-col--xs-last vce-col--xs-first vce-col--sm-last vce-col--sm-first vce-col--md-last vce-col--lg-last vce-col--xl-last vce-col--md-first vce-col--lg-first vce-col--xl-first\" id=\"el-999bc871\"><div class=\"vce-col-inner\" data-vce-do-apply=\"border margin background  el-999bc871\"><div class=\"vce-col-content\" data-vce-element-content=\"true\" data-vce-do-apply=\"padding el-999bc871\"><div class=\"vce-single-image-container vce-single-image--align-center\"><div class=\"vce vce-single-image-wrapper\" id=\"el-db0cfdd1\" data-vce-do-apply=\"all el-db0cfdd1\"><figure><div class=\"vce-single-image-inner vce-single-image--absolute vce-single-image--border-rounded\" style=\"padding-bottom: 141.632%; width: 723px;\"><img class=\"vce-single-image\" width=\"723\" height=\"1024\"src=\"https:\/\/growbrands.net\/neworder\/wp-content\/uploads\/2021\/04\/balthazarportada2-723x1024.png\" srcset=\"https:\/\/growbrands.net\/neworder\/wp-content\/uploads\/2021\/04\/balthazarportada2-320x453.png 320w,https:\/\/growbrands.net\/neworder\/wp-content\/uploads\/2021\/04\/balthazarportada2-480x680.png 480w,https:\/\/growbrands.net\/neworder\/wp-content\/uploads\/2021\/04\/balthazarportada2-723x1024.png 723w\" data-img-src=\"https:\/\/growbrands.net\/neworder\/wp-content\/uploads\/2020\/07\/balthazarportada2.png\" alt=\"\" title=\"balthazarportada2\" \/><\/div><figcaption hidden=\"\"><\/figcaption><\/figure><\/div><\/div><div class=\"vce-row-container\"><div class=\"vce-row vce-row--col-gap-30 vce-row-columns--top vce-row-content--top\" id=\"el-bbd98eac\" data-vce-do-apply=\"all el-bbd98eac\"><div class=\"vce-content-background-container\"><\/div><div class=\"vce-row-content\" data-vce-element-content=\"true\"><div class=\"vce-col vce-col--md-auto vce-col--xs-1 vce-col--xs-last vce-col--xs-first vce-col--sm-last vce-col--sm-first vce-col--md-last vce-col--lg-last vce-col--xl-last vce-col--md-first vce-col--lg-first vce-col--xl-first\" id=\"el-6e39d68a\"><div class=\"vce-col-inner\" data-vce-do-apply=\"border margin background  el-6e39d68a\"><div class=\"vce-col-content\" data-vce-element-content=\"true\" data-vce-do-apply=\"padding el-6e39d68a\"><div class=\"vce-text-block\"><div class=\"vce-text-block-wrapper vce\" id=\"el-c348088c\" data-vce-do-apply=\"all el-c348088c\"><p><span style=\"color: #ffffff;\"><strong><br>Horarios:<\/strong> <br>Lunes de 8hs. a 17hs.<br>Martes a s\u00e1bados de 8hs. a 24hs.<br>Domingo de 18hs. a 24hs.<\/span><\/p><\/div><\/div><\/div><\/div><\/div><\/div><\/div><\/div><div class=\"vce-row-container\"><div class=\"vce-row vce-row--col-gap-30 vce-row-columns--top vce-row-content--top\" id=\"el-96749ecb\" data-vce-do-apply=\"all el-96749ecb\"><div class=\"vce-content-background-container\"><\/div><div class=\"vce-row-content\" data-vce-element-content=\"true\"><div class=\"vce-col vce-col--md-auto vce-col--xs-1 vce-col--xs-last vce-col--xs-first vce-col--sm-last vce-col--sm-first vce-col--md-last vce-col--lg-last vce-col--xl-last vce-col--md-first vce-col--lg-first vce-col--xl-first\" id=\"el-0f3f8e9c\"><div class=\"vce-col-inner\" data-vce-do-apply=\"border margin background  el-0f3f8e9c\"><div class=\"vce-col-content\" data-vce-element-content=\"true\" data-vce-do-apply=\"padding el-0f3f8e9c\"><div class=\"vce-text-block\"><div class=\"vce-text-block-wrapper vce\" id=\"el-df82c1f5\" data-vce-do-apply=\"all el-df82c1f5\"><p><a name=\"12\"><\/a><\/p><\/div><\/div><div class=\"vce-single-image-container vce-single-image--align-left\"><div class=\"vce vce-single-image-wrapper\" id=\"el-0bdf8928\" data-vce-do-apply=\"all el-0bdf8928\"><figure><div class=\"vce-single-image-inner vce-single-image--absolute\" style=\"padding-bottom: 7.05394%; width: 723px;\"><img class=\"vce-single-image\" width=\"723\" height=\"51\"src=\"https:\/\/growbrands.net\/neworder\/wp-content\/uploads\/2021\/04\/titulostragos-723x51.png\" srcset=\"https:\/\/growbrands.net\/neworder\/wp-content\/uploads\/2021\/04\/titulostragos-320x23.png 320w,https:\/\/growbrands.net\/neworder\/wp-content\/uploads\/2021\/04\/titulostragos-480x34.png 480w,https:\/\/growbrands.net\/neworder\/wp-content\/uploads\/2021\/04\/titulostragos-723x51.png 723w\" data-img-src=\"https:\/\/growbrands.net\/neworder\/wp-content\/uploads\/2020\/07\/titulostragos.png\" alt=\"\" title=\"titulostragos\" \/><\/div><figcaption hidden=\"\"><\/figcaption><\/figure><\/div><\/div><div class=\"vce-text-block\"><div class=\"vce-text-block-wrapper vce\" id=\"el-3efb1643\" data-vce-do-apply=\"all el-3efb1643\"><p><span style=\"color: #ffffff;\"><strong>FERNET BRANCA&nbsp;<\/strong><\/span><span style=\"color: #ffffff;\"><strong><br><\/strong>con coca&nbsp;<strong><br><\/strong><\/span><strong style=\"color: #ffffff;\">$290<\/strong><span style=\"color: #ffffff;\"><strong><br><\/strong><\/span><\/p>\n<p><span style=\"color: #ffffff;\"><strong>NEGRONI <br><\/strong>Vermouth carpano rosso + gin&nbsp; m\u00e1s campari<\/span>&nbsp;<strong style=\"color: #ffffff;\"><br>$350<\/strong><\/p>\n<p><span style=\"color: #ffffff;\"><strong>MOJITO <br><\/strong>Ron menta lim\u00f3n az\u00facar agua <strong><br>$30<\/strong><\/span><span style=\"color: #ffffff;\"><strong>0<\/strong><\/span><\/p>\n<p><span style=\"color: #ffffff;\"><strong>CAMPARI <br><\/strong>Naranja o t\u00f3nica <strong><br>$290<\/strong><\/span><\/p>\n<p><span style=\"color: #ffffff;\"><strong>GIN TONIC GORDON'S<br>$290<\/strong><\/span><\/p>\n<p><span style=\"color: #ffffff;\"><strong>GIN BEEFEATER&nbsp; &nbsp; &nbsp; &nbsp; &nbsp; &nbsp; &nbsp; &nbsp; &nbsp; &nbsp; &nbsp; &nbsp; &nbsp; &nbsp; &nbsp; &nbsp; &nbsp; &nbsp; &nbsp; &nbsp; &nbsp; &nbsp; &nbsp; &nbsp; &nbsp; &nbsp; &nbsp; &nbsp; &nbsp; &nbsp; &nbsp; &nbsp; &nbsp; &nbsp; &nbsp; &nbsp; &nbsp; &nbsp; &nbsp; &nbsp; &nbsp; &nbsp; &nbsp; &nbsp; &nbsp; &nbsp; &nbsp; &nbsp; &nbsp; &nbsp; &nbsp; &nbsp; &nbsp; &nbsp; &nbsp; &nbsp; &nbsp; &nbsp; &nbsp; &nbsp; &nbsp; &nbsp; &nbsp; &nbsp; &nbsp; &nbsp; &nbsp; &nbsp; &nbsp; &nbsp; &nbsp; &nbsp; &nbsp; &nbsp; &nbsp; &nbsp; &nbsp; &nbsp; &nbsp; &nbsp; &nbsp; &nbsp; &nbsp; &nbsp; &nbsp; &nbsp; &nbsp; &nbsp; &nbsp; &nbsp; &nbsp; &nbsp; &nbsp; &nbsp; &nbsp; &nbsp; &nbsp; &nbsp; &nbsp; &nbsp; &nbsp; &nbsp; &nbsp; &nbsp; &nbsp; &nbsp; &nbsp; &nbsp; &nbsp; &nbsp; &nbsp; &nbsp; &nbsp; &nbsp; &nbsp; &nbsp; &nbsp; &nbsp; &nbsp; &nbsp; &nbsp; &nbsp; &nbsp; &nbsp; &nbsp; &nbsp; &nbsp; &nbsp; &nbsp; &nbsp; &nbsp; &nbsp; &nbsp; &nbsp; &nbsp; &nbsp; &nbsp; &nbsp; &nbsp; &nbsp; &nbsp; &nbsp; &nbsp; &nbsp; &nbsp; &nbsp; &nbsp; &nbsp; &nbsp; &nbsp; &nbsp; &nbsp; &nbsp; &nbsp; &nbsp; &nbsp; &nbsp; &nbsp; &nbsp; &nbsp;$300<\/strong><\/span><\/p>\n<p><span style=\"color: #ffffff;\"><strong>APEROL SPRITZ <br>$340<\/strong><\/span><\/p>\n<p><span style=\"color: #ffffff;\"><strong>CAIPI <br>$290<\/strong><\/span><\/p>\n<p><span style=\"color: #ffffff;\"><strong>CUBA LIBRE <br>$290<\/strong><\/span><\/p>\n<p><span style=\"color: #ffffff;\"><strong>BRANCA MENTA<br><\/strong><\/span><span style=\"color: #ffffff;\">Branca + gaseosa lim\u00f3n o t\u00f3nica <strong><br>$290<\/strong><\/span><\/p>\n<p><span style=\"color: #ffffff;\"><strong>VERMOUTH CARPANO<br><\/strong><\/span><span style=\"color: #ffffff;\">Carpano rosso + t\u00f3nica \/ + naranja <strong><br>$290<\/strong><\/span><\/p>\n<p><span style=\"color: #ffffff;\"><strong>CARPANO BIANCO<br><\/strong><\/span><span style=\"color: #ffffff;\">Carpano bianco + t\u00f3nica \/ +naranja <strong><br>$290<\/strong><\/span><\/p>\n<p><span style=\"color: #ffffff;\"><strong>BORGHETTI FROZEN&nbsp;<br><\/strong><\/span><span style=\"color: #ffffff;\">Licor de caf\u00e9 Borguetti + <\/span><span style=\"color: #ffffff;\">Hielo y helado de crema americana<strong><br><\/strong><\/span><strong style=\"color: #ffffff;\">$300<\/strong><span style=\"color: #ffffff;\"><strong><br><\/strong><\/span><\/p>\n<p><strong style=\"color: #ffffff;\">&nbsp;VODKA + RED BULL \/ JUGO DE NARANJA&nbsp; &nbsp; &nbsp; &nbsp; &nbsp; &nbsp; &nbsp; &nbsp; &nbsp; &nbsp; &nbsp; &nbsp; &nbsp; &nbsp; &nbsp; &nbsp; &nbsp; &nbsp; &nbsp; &nbsp; &nbsp; &nbsp; &nbsp; &nbsp; &nbsp; &nbsp; &nbsp; &nbsp; &nbsp; &nbsp; &nbsp; &nbsp; &nbsp; &nbsp; &nbsp; &nbsp; &nbsp; &nbsp; &nbsp; &nbsp; &nbsp; &nbsp; &nbsp; &nbsp; &nbsp; &nbsp; &nbsp; &nbsp; &nbsp; &nbsp; &nbsp; &nbsp; &nbsp; &nbsp; &nbsp; &nbsp; &nbsp; &nbsp; &nbsp; &nbsp; &nbsp; &nbsp; &nbsp; &nbsp; &nbsp; &nbsp; &nbsp; &nbsp; &nbsp; &nbsp; &nbsp; &nbsp; &nbsp; &nbsp; &nbsp; &nbsp; &nbsp; &nbsp; &nbsp; &nbsp; &nbsp; &nbsp; &nbsp; &nbsp; &nbsp; &nbsp; &nbsp; &nbsp; &nbsp; &nbsp; &nbsp; &nbsp; &nbsp; &nbsp; &nbsp; &nbsp; &nbsp; &nbsp; &nbsp; &nbsp; &nbsp; &nbsp; &nbsp; &nbsp; &nbsp; &nbsp; &nbsp; &nbsp; &nbsp; &nbsp; &nbsp; &nbsp; &nbsp; &nbsp; &nbsp; &nbsp; &nbsp; &nbsp; &nbsp; &nbsp; &nbsp; &nbsp; &nbsp; &nbsp; &nbsp; &nbsp; &nbsp; &nbsp; &nbsp; &nbsp;$350<\/strong><\/p>\n<p><span style=\"color: #ffffff;\"><strong><span style=\"font-size: 16pt;\">ESPUMANTE<\/span><br><\/strong><\/span><span style=\"color: #ffffff;\"><strong>CHANDON EXTRBRUT <br>$970<\/strong><\/span><\/p>\n<p><span style=\"color: #ffffff;\"><strong><span style=\"font-size: 16pt;\">WHISKY<\/span><br><\/strong><\/span><span style=\"color: #ffffff;\"><strong>JOHNNIE W ETIQUETA ROJA <br>$360<\/strong><\/span><\/p>\n<h3><span style=\"color: #ffffff;\"><strong>&nbsp;VINOS <\/strong><\/span><\/h3>\n<p><span style=\"color: #ffffff;\"><strong>Latitud 33 malbec&nbsp; &nbsp; &nbsp; &nbsp; &nbsp; &nbsp; &nbsp; &nbsp; &nbsp; &nbsp; &nbsp; &nbsp; &nbsp; &nbsp; &nbsp; &nbsp; &nbsp; &nbsp; &nbsp; &nbsp; &nbsp; &nbsp; &nbsp; &nbsp; &nbsp; &nbsp; &nbsp; &nbsp; &nbsp; &nbsp; &nbsp; &nbsp; &nbsp; &nbsp; &nbsp; &nbsp; &nbsp; &nbsp; &nbsp; &nbsp; &nbsp; &nbsp; &nbsp; &nbsp; &nbsp; &nbsp; &nbsp; &nbsp; &nbsp; &nbsp; &nbsp; &nbsp; &nbsp; &nbsp; &nbsp; &nbsp; &nbsp; &nbsp; &nbsp; &nbsp; &nbsp; &nbsp; &nbsp; &nbsp; &nbsp; &nbsp; &nbsp; &nbsp; &nbsp; &nbsp; &nbsp; &nbsp; &nbsp; &nbsp; &nbsp; &nbsp; &nbsp; &nbsp; &nbsp; &nbsp; &nbsp; &nbsp; &nbsp; &nbsp; &nbsp; &nbsp; &nbsp; &nbsp; &nbsp; &nbsp; &nbsp; &nbsp; &nbsp; &nbsp; &nbsp; &nbsp; &nbsp; &nbsp; &nbsp; &nbsp; &nbsp; &nbsp; &nbsp; &nbsp; &nbsp; &nbsp; &nbsp; &nbsp; &nbsp; &nbsp; &nbsp; &nbsp; &nbsp; &nbsp; &nbsp; &nbsp; &nbsp; &nbsp; &nbsp; &nbsp; &nbsp; &nbsp; &nbsp; &nbsp; &nbsp; &nbsp; &nbsp; &nbsp; &nbsp; &nbsp; &nbsp; &nbsp; &nbsp; &nbsp; &nbsp; &nbsp; &nbsp; &nbsp; &nbsp; &nbsp; &nbsp; &nbsp; &nbsp; &nbsp; &nbsp; &nbsp; &nbsp; &nbsp; &nbsp; &nbsp; &nbsp; &nbsp; &nbsp; &nbsp; &nbsp; &nbsp; &nbsp; &nbsp;$590<\/strong><\/span><\/p>\n<p><span style=\"color: #ffffff;\"><strong>Santa Julia chenin dulce&nbsp; &nbsp; &nbsp; &nbsp; &nbsp; &nbsp; &nbsp; &nbsp; &nbsp; &nbsp; &nbsp; &nbsp; &nbsp; &nbsp; &nbsp; &nbsp; &nbsp; &nbsp; &nbsp; &nbsp; &nbsp; &nbsp; &nbsp; &nbsp; &nbsp; &nbsp; &nbsp; &nbsp; &nbsp; &nbsp; &nbsp; &nbsp; &nbsp; &nbsp; &nbsp; &nbsp; &nbsp; &nbsp; &nbsp; &nbsp; &nbsp; &nbsp; &nbsp; &nbsp; &nbsp; &nbsp; &nbsp; &nbsp; &nbsp; &nbsp; &nbsp; &nbsp; &nbsp; &nbsp; &nbsp; &nbsp; &nbsp; &nbsp; &nbsp; &nbsp; &nbsp; &nbsp; &nbsp; &nbsp; &nbsp; &nbsp; &nbsp; &nbsp; &nbsp; &nbsp; &nbsp; &nbsp; &nbsp; &nbsp; &nbsp; &nbsp; &nbsp; &nbsp; &nbsp; &nbsp; &nbsp; &nbsp; &nbsp; &nbsp; &nbsp; &nbsp; &nbsp; &nbsp; &nbsp; &nbsp; &nbsp; &nbsp; &nbsp; &nbsp; &nbsp; &nbsp; &nbsp; &nbsp; &nbsp; &nbsp; &nbsp; &nbsp; &nbsp; &nbsp; &nbsp; &nbsp; &nbsp; &nbsp; &nbsp; &nbsp; &nbsp; &nbsp; &nbsp; &nbsp; &nbsp; &nbsp; &nbsp; &nbsp; &nbsp; &nbsp; &nbsp; &nbsp; &nbsp; &nbsp; &nbsp; &nbsp; &nbsp; &nbsp; &nbsp; &nbsp; &nbsp; &nbsp; &nbsp; &nbsp; &nbsp; &nbsp; &nbsp; &nbsp; &nbsp; &nbsp; &nbsp; &nbsp; &nbsp; &nbsp; &nbsp; &nbsp; &nbsp; &nbsp; &nbsp; &nbsp; &nbsp; $590<\/strong><\/span><\/p>\n<p>&nbsp;<\/p><\/div><\/div><div class=\"vce-single-image-container vce-single-image--align-center\"><div class=\"vce vce-single-image-wrapper\" id=\"el-1f75f115\" data-vce-do-apply=\"all el-1f75f115\"><figure><div class=\"vce-single-image-inner vce-single-image--absolute\" style=\"padding-bottom: 66.6667%; width: 900px;\"><img class=\"vce-single-image\" width=\"900\" height=\"600\"src=\"https:\/\/growbrands.net\/neworder\/wp-content\/uploads\/2021\/04\/btz.tragos-900x600.jpg\" srcset=\"https:\/\/growbrands.net\/neworder\/wp-content\/uploads\/2021\/04\/btz.tragos-320x213.jpg 320w,https:\/\/growbrands.net\/neworder\/wp-content\/uploads\/2021\/04\/btz.tragos-480x320.jpg 480w,https:\/\/growbrands.net\/neworder\/wp-content\/uploads\/2021\/04\/btz.tragos-800x533.jpg 800w,https:\/\/growbrands.net\/neworder\/wp-content\/uploads\/2021\/04\/btz.tragos-900x600.jpg 900w\" data-img-src=\"https:\/\/growbrands.net\/neworder\/wp-content\/uploads\/2020\/07\/btz.tragos.jpg\" alt=\"\" title=\"btz.tragos\" \/><\/div><figcaption hidden=\"\"><\/figcaption><\/figure><\/div><\/div><\/div><\/div><\/div><\/div><\/div><\/div><div class=\"vce-row-container\"><div class=\"vce-row vce-row--col-gap-30 vce-row-columns--top vce-row-content--top\" id=\"el-cb13eaa4\" data-vce-do-apply=\"all el-cb13eaa4\"><div class=\"vce-content-background-container\"><\/div><div class=\"vce-row-content\" data-vce-element-content=\"true\"><div class=\"vce-col vce-col--md-auto vce-col--xs-1 vce-col--xs-last vce-col--xs-first vce-col--sm-last vce-col--sm-first vce-col--md-last vce-col--lg-last vce-col--xl-last vce-col--md-first vce-col--lg-first vce-col--xl-first\" id=\"el-e32ffd8f\"><div class=\"vce-col-inner\" data-vce-do-apply=\"border margin background  el-e32ffd8f\"><div class=\"vce-col-content\" data-vce-element-content=\"true\" data-vce-do-apply=\"padding el-e32ffd8f\"><div class=\"vce-text-block\"><div class=\"vce-text-block-wrapper vce\" id=\"el-8f96b026\" data-vce-do-apply=\"all el-8f96b026\"><h2 style=\"text-align: center;\"><span style=\"color: #ffffff;\"><a style=\"color: #ffffff;\" href=\"https:\/\/growbrands.net\/neworder\/balthazar\">VOLVER<\/a><\/span><\/h2><\/div><\/div><\/div><\/div><\/div><\/div><\/div><\/div><\/div><\/div><\/div><\/div><\/div><\/div><div class=\"vce-row-container\"><div class=\"vce-row vce-row--col-gap-30 vce-row-columns--top vce-row-content--top\" id=\"el-034f0b1b\" data-vce-do-apply=\"all el-034f0b1b\"><div class=\"vce-row-content\" data-vce-element-content=\"true\"><div class=\"vce-col vce-col--md-auto vce-col--xs-1 vce-col--xs-last vce-col--xs-first vce-col--sm-last vce-col--sm-first vce-col--md-last vce-col--lg-last vce-col--xl-last vce-col--md-first vce-col--lg-first vce-col--xl-first\" id=\"el-79c96dd8\"><div class=\"vce-col-inner\" data-vce-do-apply=\"border margin background  el-79c96dd8\"><div class=\"vce-col-content\" data-vce-element-content=\"true\" data-vce-do-apply=\"padding el-79c96dd8\"><div class=\"vce-widgets-container\"><div class=\"vce vce-widgets-wrapper\" id=\"el-45f7dd9e\" data-vce-do-apply=\"all el-45f7dd9e\"><div class=\"textwidget custom-html-widget\"><div style=\"text-align; background-color:#000;\">\n<p style=\"text-align: center;\"><a href=\"http:\/\/www.neworder.menu\" target=\"_blank\" style=\"text-decoration:none;\"><span style=\"color:#ffffff;\">New Order: QR Digital Menu <br By Grow Brands<\/span><\/a><\/p>\n\t<\/div><\/div><\/div><\/div><\/div><\/div><\/div><\/div><\/div><\/div>\n","protected":false},"excerpt":{"rendered":"<p>Horarios: Lunes de 8hs. a 17hs.Martes a s\u00e1bados de 8hs. a 24hs.Domingo de 18hs. a 24hs.FERNET BRANCA&nbsp;con coca&nbsp;$290 NEGRONI Vermouth carpano rosso + gin&nbsp; m\u00e1s campari&nbsp;$350 MOJITO Ron menta lim\u00f3n az\u00facar agua $300 CAMPARI Naranja o t\u00f3nica $290 GIN TONIC GORDON&#8217;S$290 GIN BEEFEATER&nbsp; &nbsp; &nbsp; &hellip; <\/p>\n","protected":false},"author":13,"featured_media":0,"parent":0,"menu_order":0,"comment_status":"closed","ping_status":"closed","template":"","meta":{"_monsterinsights_skip_tracking":false,"_monsterinsights_sitenote_active":false,"_monsterinsights_sitenote_note":"","_monsterinsights_sitenote_category":0,"footnotes":""},"coauthors":[],"class_list":["post-33205","page","type-page","status-publish","hentry"],"_links":{"self":[{"href":"https:\/\/growbrands.net\/neworder\/wp-json\/wp\/v2\/pages\/33205","targetHints":{"allow":["GET"]}}],"collection":[{"href":"https:\/\/growbrands.net\/neworder\/wp-json\/wp\/v2\/pages"}],"about":[{"href":"https:\/\/growbrands.net\/neworder\/wp-json\/wp\/v2\/types\/page"}],"author":[{"embeddable":true,"href":"https:\/\/growbrands.net\/neworder\/wp-json\/wp\/v2\/users\/13"}],"replies":[{"embeddable":true,"href":"https:\/\/growbrands.net\/neworder\/wp-json\/wp\/v2\/comments?post=33205"}],"version-history":[{"count":2,"href":"https:\/\/growbrands.net\/neworder\/wp-json\/wp\/v2\/pages\/33205\/revisions"}],"predecessor-version":[{"id":33222,"href":"https:\/\/growbrands.net\/neworder\/wp-json\/wp\/v2\/pages\/33205\/revisions\/33222"}],"wp:attachment":[{"href":"https:\/\/growbrands.net\/neworder\/wp-json\/wp\/v2\/media?parent=33205"}],"wp:term":[{"taxonomy":"author","embeddable":true,"href":"https:\/\/growbrands.net\/neworder\/wp-json\/wp\/v2\/coauthors?post=33205"}],"curies":[{"name":"wp","href":"https:\/\/api.w.org\/{rel}","templated":true}]}}