{"id":33197,"date":"2021-04-21T19:35:05","date_gmt":"2021-04-21T22:35:05","guid":{"rendered":"https:\/\/growbrands.net\/neworder\/?page_id=33197"},"modified":"2021-04-30T17:06:25","modified_gmt":"2021-04-30T20:06:25","slug":"balthazar-desayunos-meriendas","status":"publish","type":"page","link":"https:\/\/growbrands.net\/neworder\/balthazar-desayunos-meriendas\/","title":{"rendered":"Balthazar &#8211; Desayunos y meriendas"},"content":{"rendered":"<div class=\"vce-row-container\"><div class=\"vce-row vce-element--has-background vce-row--col-gap-30 vce-row-columns--top vce-row-content--top\" id=\"el-1f096c6d\" data-vce-do-apply=\"all el-1f096c6d\"><div class=\"vce-content-background-container\"><\/div><div class=\"vce-row-content\" data-vce-element-content=\"true\"><div class=\"vce-col vce-col--md-auto vce-col--xs-1 vce-col--xs-last vce-col--xs-first vce-col--sm-last vce-col--sm-first vce-col--md-last vce-col--lg-last vce-col--xl-last vce-col--md-first vce-col--lg-first vce-col--xl-first\" id=\"el-999bc871\"><div class=\"vce-col-inner\" data-vce-do-apply=\"border margin background  el-999bc871\"><div class=\"vce-col-content\" data-vce-element-content=\"true\" data-vce-do-apply=\"padding el-999bc871\"><div class=\"vce-single-image-container vce-single-image--align-center\"><div class=\"vce vce-single-image-wrapper\" id=\"el-db0cfdd1\" data-vce-do-apply=\"all el-db0cfdd1\"><figure><div class=\"vce-single-image-inner vce-single-image--absolute vce-single-image--border-rounded\" style=\"padding-bottom: 141.632%; width: 723px;\"><img class=\"vce-single-image\" width=\"723\" height=\"1024\"src=\"https:\/\/growbrands.net\/neworder\/wp-content\/uploads\/2021\/04\/balthazarportada2-723x1024.png\" srcset=\"https:\/\/growbrands.net\/neworder\/wp-content\/uploads\/2021\/04\/balthazarportada2-320x453.png 320w,https:\/\/growbrands.net\/neworder\/wp-content\/uploads\/2021\/04\/balthazarportada2-480x680.png 480w,https:\/\/growbrands.net\/neworder\/wp-content\/uploads\/2021\/04\/balthazarportada2-723x1024.png 723w\" data-img-src=\"https:\/\/growbrands.net\/neworder\/wp-content\/uploads\/2020\/07\/balthazarportada2.png\" alt=\"\" title=\"balthazarportada2\" \/><\/div><figcaption hidden=\"\"><\/figcaption><\/figure><\/div><\/div><div class=\"vce-row-container\"><div class=\"vce-row vce-row--col-gap-30 vce-row-columns--top vce-row-content--top\" id=\"el-bbd98eac\" data-vce-do-apply=\"all el-bbd98eac\"><div class=\"vce-content-background-container\"><\/div><div class=\"vce-row-content\" data-vce-element-content=\"true\"><div class=\"vce-col vce-col--md-auto vce-col--xs-1 vce-col--xs-last vce-col--xs-first vce-col--sm-last vce-col--sm-first vce-col--md-last vce-col--lg-last vce-col--xl-last vce-col--md-first vce-col--lg-first vce-col--xl-first\" id=\"el-6e39d68a\"><div class=\"vce-col-inner\" data-vce-do-apply=\"border margin background  el-6e39d68a\"><div class=\"vce-col-content\" data-vce-element-content=\"true\" data-vce-do-apply=\"padding el-6e39d68a\"><div class=\"vce-text-block\"><div class=\"vce-text-block-wrapper vce\" id=\"el-c348088c\" data-vce-do-apply=\"all el-c348088c\"><p><span style=\"color: #ffffff;\"><strong><br>Horarios:<\/strong> <br>Lunes de 8hs. a 17hs.<br>Martes a s\u00e1bados de 8hs. a 24hs.<br>Domingo de 18hs. a 24hs.<\/span><\/p><\/div><\/div><\/div><\/div><\/div><\/div><\/div><\/div><div class=\"vce-row-container\"><div class=\"vce-row vce-row--col-gap-30 vce-row-columns--top vce-row-content--top\" id=\"el-0e5d3df9\" data-vce-do-apply=\"all el-0e5d3df9\"><div class=\"vce-content-background-container\"><\/div><div class=\"vce-row-content\" data-vce-element-content=\"true\"><div class=\"vce-col vce-col--md-auto vce-col--xs-1 vce-col--xs-last vce-col--xs-first vce-col--sm-last vce-col--sm-first vce-col--md-last vce-col--lg-last vce-col--xl-last vce-col--md-first vce-col--lg-first vce-col--xl-first\" id=\"el-be18025a\"><div class=\"vce-col-inner\" data-vce-do-apply=\"border margin background  el-be18025a\"><div class=\"vce-col-content\" data-vce-element-content=\"true\" data-vce-do-apply=\"padding el-be18025a\"><div class=\"vce-row-container\"><div class=\"vce-row vce-row--col-gap-30 vce-row-columns--top vce-row-content--top\" id=\"el-a95ecabf\" data-vce-do-apply=\"all el-a95ecabf\"><div class=\"vce-row-content\" data-vce-element-content=\"true\"><div class=\"vce-col vce-col--md-auto vce-col--xs-1 vce-col--xs-last vce-col--xs-first vce-col--sm-last vce-col--sm-first vce-col--md-last vce-col--lg-last vce-col--xl-last vce-col--md-first vce-col--lg-first vce-col--xl-first\" id=\"el-73389504\"><div class=\"vce-col-inner\" data-vce-do-apply=\"border margin background  el-73389504\"><div class=\"vce-col-content\" data-vce-element-content=\"true\" data-vce-do-apply=\"padding el-73389504\"><div class=\"vce-text-block\"><div class=\"vce-text-block-wrapper vce\" id=\"el-19ce1edf\" data-vce-do-apply=\"all el-19ce1edf\"><p><a name=\"1\"><\/a><\/p><\/div><\/div><div class=\"vce-single-image-container vce-single-image--align-left\"><div class=\"vce vce-single-image-wrapper\" id=\"el-1faae9b3\" data-vce-do-apply=\"all el-1faae9b3\"><figure><div class=\"vce-single-image-inner vce-single-image--absolute\" style=\"padding-bottom: 7.05394%; width: 723px;\"><img class=\"vce-single-image\" width=\"723\" height=\"51\"src=\"https:\/\/growbrands.net\/neworder\/wp-content\/uploads\/2021\/04\/titulosdesayunos-723x51.png\" srcset=\"https:\/\/growbrands.net\/neworder\/wp-content\/uploads\/2021\/04\/titulosdesayunos-320x23.png 320w,https:\/\/growbrands.net\/neworder\/wp-content\/uploads\/2021\/04\/titulosdesayunos-480x34.png 480w,https:\/\/growbrands.net\/neworder\/wp-content\/uploads\/2021\/04\/titulosdesayunos-723x51.png 723w\" data-img-src=\"https:\/\/growbrands.net\/neworder\/wp-content\/uploads\/2020\/07\/titulosdesayunos.png\" alt=\"\" title=\"titulosdesayunos\" \/><\/div><figcaption hidden=\"\"><\/figcaption><\/figure><\/div><\/div><div class=\"vce-text-block\"><div class=\"vce-text-block-wrapper vce\" id=\"el-5c6ffec2\" data-vce-do-apply=\"all el-5c6ffec2\"><p><span style=\"color: #ffffff;\"><strong><span style=\"font-size: 16pt;\">CAFETERIA<\/span><br>CAF\u00c9.<br>$120<\/strong><\/span><\/p>\n<p><span style=\"color: #ffffff;\"><strong>CAF\u00c9 JARRO<\/strong><\/span><br><span style=\"color: #ffffff;\"><strong>$140<\/strong><\/span><\/p>\n<p><span style=\"color: #ffffff;\"><strong>CAPUCHINO<\/strong><\/span><br><span style=\"color: #ffffff;\"><strong>$220<\/strong><\/span><\/p>\n<p><span style=\"color: #ffffff;\"><strong>CAF\u00c9 CON LECHE<\/strong><\/span><br><span style=\"color: #ffffff;\"><strong>$160<\/strong><\/span><\/p>\n<p><span style=\"color: #ffffff;\"><strong>CAF\u00c9 DOBLE<\/strong><\/span><br><span style=\"color: #ffffff;\"><strong>$160<\/strong><\/span><\/p>\n<p><span style=\"color: #ffffff;\"><strong>SUBMARINO<\/strong><\/span><br><span style=\"color: #ffffff;\"><strong>$220<\/strong><\/span><\/p>\n<p><span style=\"color: #ffffff;\"><strong>T\u00c9<\/strong><\/span><br><span style=\"color: #ffffff;\"><strong>$140<\/strong><\/span><\/p><\/div><\/div><div class=\"vce-single-image-container vce-single-image--align-center\"><div class=\"vce vce-single-image-wrapper\" id=\"el-1524403c\" data-vce-do-apply=\"all el-1524403c\"><figure><div class=\"vce-single-image-inner vce-single-image--absolute\" style=\"padding-bottom: 100%; width: 666px;\"><img class=\"vce-single-image\" width=\"666\" height=\"666\"src=\"https:\/\/growbrands.net\/neworder\/wp-content\/uploads\/2021\/04\/btz-desayunos-666x666.jpg\" srcset=\"https:\/\/growbrands.net\/neworder\/wp-content\/uploads\/2021\/04\/btz-desayunos-320x320.jpg 320w,https:\/\/growbrands.net\/neworder\/wp-content\/uploads\/2021\/04\/btz-desayunos-480x480.jpg 480w,https:\/\/growbrands.net\/neworder\/wp-content\/uploads\/2021\/04\/btz-desayunos-666x666.jpg 666w\" data-img-src=\"https:\/\/growbrands.net\/neworder\/wp-content\/uploads\/2020\/07\/btz-desayunos.jpg\" alt=\"\" title=\"btz-desayunos\" \/><\/div><figcaption hidden=\"\"><\/figcaption><\/figure><\/div><\/div><\/div><\/div><\/div><\/div><\/div><\/div><div class=\"vce-row-container\"><div class=\"vce-row vce-row--col-gap-30 vce-row-columns--top vce-row-content--top\" id=\"el-6546ca89\" data-vce-do-apply=\"all el-6546ca89\"><div class=\"vce-content-background-container\"><\/div><div class=\"vce-row-content\" data-vce-element-content=\"true\"><div class=\"vce-col vce-col--md-auto vce-col--xs-1 vce-col--xs-last vce-col--xs-first vce-col--sm-last vce-col--sm-first vce-col--md-last vce-col--lg-last vce-col--xl-last vce-col--md-first vce-col--lg-first vce-col--xl-first\" id=\"el-77caf049\"><div class=\"vce-col-inner\" data-vce-do-apply=\"border margin background  el-77caf049\"><div class=\"vce-col-content\" data-vce-element-content=\"true\" data-vce-do-apply=\"padding el-77caf049\"><div class=\"vce-text-block\"><div class=\"vce-text-block-wrapper vce\" id=\"el-bc203f5c\" data-vce-do-apply=\"all el-bc203f5c\"><p><span style=\"font-size: 16pt; color: #ffffff;\"><strong>PARA TENTARSE<\/strong><\/span><br><span style=\"color: #ffffff;\"><strong>MEDIALUNA DULCE O SALADA<\/strong><\/span><br><span style=\"color: #ffffff;\"><strong>$60<\/strong><\/span><\/p>\n<p><span style=\"color: #ffffff;\"><strong>CRIOLLOS<\/strong><\/span><br><span style=\"color: #ffffff;\"><strong>$50<\/strong><\/span><\/p>\n<p><span style=\"color: #ffffff;\"><strong>MAFALDA<\/strong><\/span><br><span style=\"color: #ffffff;\"><strong>$120<\/strong><\/span><\/p><\/div><\/div><div class=\"vce-single-image-container vce-single-image--align-center\"><div class=\"vce vce-single-image-wrapper\" id=\"el-3bceaa34\" data-vce-do-apply=\"all el-3bceaa34\"><figure><div class=\"vce-single-image-inner vce-single-image--absolute\" style=\"padding-bottom: 100%; width: 666px;\"><img class=\"vce-single-image\" width=\"666\" height=\"666\"src=\"https:\/\/growbrands.net\/neworder\/wp-content\/uploads\/2021\/04\/btz-para-tentarse-666x666.jpg\" srcset=\"https:\/\/growbrands.net\/neworder\/wp-content\/uploads\/2021\/04\/btz-para-tentarse-320x320.jpg 320w,https:\/\/growbrands.net\/neworder\/wp-content\/uploads\/2021\/04\/btz-para-tentarse-480x480.jpg 480w,https:\/\/growbrands.net\/neworder\/wp-content\/uploads\/2021\/04\/btz-para-tentarse-666x666.jpg 666w\" data-img-src=\"https:\/\/growbrands.net\/neworder\/wp-content\/uploads\/2020\/07\/btz-para-tentarse.jpg\" alt=\"\" title=\"btz-para-tentarse\" \/><\/div><figcaption hidden=\"\"><\/figcaption><\/figure><\/div><\/div><div class=\"vce-text-block\"><div class=\"vce-text-block-wrapper vce\" id=\"el-9d5cb0e1\" data-vce-do-apply=\"all el-9d5cb0e1\"><p><strong style=\"color: #ffffff;\">COMBOS<\/strong><\/p>\n<p><span style=\"color: #ffffff;\"><strong>SIMPLE<\/strong><\/span><br><span style=\"color: #ffffff;\">( Caf\u00e9 con leche o t\u00e9, 2 medialunas o&nbsp; criollos)<strong><br>$230&nbsp;&nbsp;<\/strong><\/span><\/p>\n<p><span style=\"color: #ffffff;\"><strong>COMPLETO<\/strong><\/span><br><span style=\"color: #ffffff;\">(Caf\u00e9 con leche o t\u00e9, 2 medialunas o&nbsp; criollos,&nbsp; jugo de naranja, manteca y mermelada o dulce de leche )<strong><br>$320&nbsp;<\/strong><\/span><\/p>\n<p><span style=\"color: #ffffff;\"><strong>LIGHT (PARA COMPARTIR)<\/strong><\/span><br><span style=\"color: #ffffff;\">(2Caf\u00e9 con leche o t\u00e9, 4 tostadas de pan negro, queso crema, 2 jugo de naranja y ensalada de frutas)<strong><br>&nbsp;$790&nbsp; &nbsp; &nbsp; &nbsp; &nbsp; &nbsp; &nbsp; &nbsp;Unid: <\/strong><\/span><strong style=\"color: #ffffff;\">$420<\/strong><\/p>\n<p><span style=\"color: #ffffff;\"><strong>CAMPESTRE (PARA COMPARTIR)<\/strong><\/span><br><span style=\"color: #ffffff;\">(2 Caf\u00e9 con leche o t\u00e9, jam\u00f3n cocido, queso, queso crema, 4 tostadas de pan de campo y 2 jugo de naranja)<strong><br>&nbsp; $870&nbsp; &nbsp; &nbsp; &nbsp; &nbsp; &nbsp; &nbsp; &nbsp;Unid: <\/strong><\/span><strong style=\"color: #ffffff;\">$460<\/strong><\/p>\n<p><span style=\"color: #ffffff;\"><strong>AMERICANO (PARA COMPARTIR)<\/strong><\/span><br><span style=\"color: #ffffff;\">(2 Caf\u00e9 con leche o t\u00e9, 4 tostadas, 2 huevos revueltos, bacon y 2 jugo de naranja)&nbsp;<strong><br>$950&nbsp; &nbsp; &nbsp; &nbsp; &nbsp; &nbsp; &nbsp; &nbsp;Unid: <\/strong><\/span><strong style=\"color: #ffffff;\">$500<\/strong><\/p>\n<p><strong style=\"color: #ffffff;\">BALTHAZAR (PARA COMPARTIR)&nbsp; &nbsp; &nbsp; &nbsp; &nbsp; &nbsp; &nbsp; &nbsp; &nbsp; &nbsp; &nbsp; &nbsp; &nbsp; &nbsp; &nbsp; &nbsp; &nbsp; &nbsp; &nbsp; &nbsp; &nbsp; &nbsp; &nbsp; &nbsp; &nbsp; &nbsp; &nbsp; &nbsp; &nbsp; &nbsp; &nbsp; &nbsp; &nbsp; &nbsp; &nbsp; &nbsp; &nbsp; &nbsp; &nbsp; &nbsp; &nbsp; &nbsp; &nbsp; &nbsp; &nbsp; &nbsp; &nbsp; &nbsp; &nbsp; &nbsp; &nbsp; &nbsp; &nbsp; &nbsp; &nbsp; &nbsp; &nbsp; &nbsp; &nbsp; &nbsp; &nbsp; &nbsp; &nbsp; &nbsp; &nbsp; &nbsp; &nbsp; &nbsp; &nbsp; &nbsp; &nbsp; &nbsp; &nbsp; &nbsp; &nbsp; &nbsp; &nbsp; &nbsp; &nbsp; &nbsp; &nbsp; &nbsp; &nbsp; &nbsp; &nbsp; &nbsp; &nbsp; &nbsp; &nbsp; &nbsp; &nbsp; &nbsp; &nbsp; &nbsp; &nbsp; &nbsp; &nbsp; &nbsp; &nbsp; &nbsp; &nbsp; &nbsp; &nbsp; &nbsp; &nbsp; &nbsp; &nbsp; &nbsp; &nbsp; &nbsp; &nbsp; &nbsp; &nbsp; &nbsp; &nbsp; &nbsp; &nbsp; &nbsp; &nbsp; &nbsp; &nbsp; &nbsp; &nbsp; &nbsp; &nbsp; &nbsp; &nbsp; &nbsp; &nbsp; &nbsp; &nbsp; &nbsp; &nbsp; &nbsp; &nbsp; &nbsp; &nbsp; &nbsp; &nbsp; (2 <\/strong><span style=\"color: #ffffff;\">Caf\u00e9 con leche o t\u00e9, 4 tostadas con palta, queso crema, huevo a la plancha , soda y 2 jugo de naranja)&nbsp; &nbsp; &nbsp; &nbsp; &nbsp; &nbsp; &nbsp; &nbsp; &nbsp; &nbsp; &nbsp; &nbsp; &nbsp; &nbsp; &nbsp; &nbsp; &nbsp; &nbsp; &nbsp; &nbsp; &nbsp; &nbsp; &nbsp; &nbsp; &nbsp; &nbsp; &nbsp; &nbsp; &nbsp; &nbsp; &nbsp; &nbsp; &nbsp; &nbsp; &nbsp; &nbsp; &nbsp; &nbsp; &nbsp; &nbsp; &nbsp; &nbsp; &nbsp; &nbsp; &nbsp; &nbsp; &nbsp; &nbsp; &nbsp; &nbsp; &nbsp; &nbsp; &nbsp; &nbsp; &nbsp; &nbsp; &nbsp; &nbsp; &nbsp; &nbsp; &nbsp; &nbsp; &nbsp; &nbsp; <\/span><strong style=\"color: #ffffff;\">&nbsp;$1050&nbsp; &nbsp; &nbsp; &nbsp; &nbsp; &nbsp; &nbsp;Unid: $<\/strong><strong style=\"color: #ffffff;\">550<\/strong><\/p>\n<p><span style=\"font-size: 16pt; color: #ffffff;\"><strong>LICUDADOS Y JUGOS<\/strong><\/span><br><span style=\"color: #ffffff;\"><strong>LICUADOS:<\/strong><\/span><br><span style=\"color: #ffffff;\">(FRUTILLA, BANANA, DURAZNO) 400CC.<strong><br>$290<\/strong><\/span><\/p>\n<p><span style=\"color: #ffffff;\"><strong>JUGO DE NARANJA 400CC.<\/strong><\/span><br><span style=\"color: #ffffff;\"><strong>$210<\/strong><\/span><\/p>\n<p><span style=\"color: #ffffff;\"><strong>LIMONADA DE LA CASA INDIVIDUAL 400CC<\/strong><\/span><br><span style=\"color: #ffffff;\"><strong>$180<\/strong><\/span><\/p><\/div><\/div><div class=\"vce-text-block\"><div class=\"vce-text-block-wrapper vce\" id=\"el-2a44d60a\" data-vce-do-apply=\"all el-2a44d60a\"><p><span style=\"font-size: 16pt; color: #ffffff;\"><strong>NUESTROS SANDWICHES<\/strong><\/span><br><span style=\"color: #ffffff;\"><strong>CLASICO:&nbsp;<\/strong><\/span><br><span style=\"color: #ffffff;\">S\u00e1ndwich tostado de jam\u00f3n y queso en pan de la casa.<strong><br>$350&nbsp; &nbsp; &nbsp; &nbsp; &nbsp; &nbsp; &nbsp; &nbsp; &nbsp; &nbsp; &nbsp; &nbsp; &nbsp; &nbsp; &nbsp; &nbsp;&nbsp;<\/strong><\/span><\/p>\n<p><span style=\"color: #ffffff;\"><strong>MEDITERRANEO:<\/strong><\/span><br><span style=\"color: #ffffff;\">S\u00e1ndwich de r\u00facula, jam\u00f3n crudo, queso en pan de la casa.<strong><br>$450<\/strong><\/span><\/p>\n<p><span style=\"color: #ffffff;\"><strong>BTZ:<\/strong><\/span><br><span style=\"color: #ffffff;\">Pechuga de pollo desmenuzada, palta, morrones asados, aderezo de limon en pan de la casa.<strong><br>$450<\/strong><\/span><\/p>\n<p><span style=\"color: #ffffff;\"><strong>VEGETARIANO:<\/strong><\/span><br><span style=\"color: #ffffff;\">S\u00e1ndwich de mix de hojas verdes tomates confitados, olivas, huevos, aderezo de queso crema entre pan negro tostado.<strong><br>$380<\/strong><\/span><\/p><\/div><\/div><\/div><\/div><\/div><\/div><\/div><\/div><\/div><\/div><\/div><\/div><\/div><\/div><div class=\"vce-single-image-container vce-single-image--align-center\"><div class=\"vce vce-single-image-wrapper\" id=\"el-76b37ad3\" data-vce-do-apply=\"all el-76b37ad3\"><figure><div class=\"vce-single-image-inner vce-single-image--absolute\" style=\"padding-bottom: 100%; width: 666px;\"><img class=\"vce-single-image\" width=\"666\" height=\"666\"src=\"https:\/\/growbrands.net\/neworder\/wp-content\/uploads\/2021\/04\/btz-sandwiches-666x666.jpg\" srcset=\"https:\/\/growbrands.net\/neworder\/wp-content\/uploads\/2021\/04\/btz-sandwiches-320x320.jpg 320w,https:\/\/growbrands.net\/neworder\/wp-content\/uploads\/2021\/04\/btz-sandwiches-480x480.jpg 480w,https:\/\/growbrands.net\/neworder\/wp-content\/uploads\/2021\/04\/btz-sandwiches-666x666.jpg 666w\" data-img-src=\"https:\/\/growbrands.net\/neworder\/wp-content\/uploads\/2020\/07\/btz-sandwiches.jpg\" alt=\"\" title=\"btz-sandwiches\" \/><\/div><figcaption hidden=\"\"><\/figcaption><\/figure><\/div><\/div><div class=\"vce-row-container\"><div class=\"vce-row vce-row--col-gap-30 vce-row-columns--top vce-row-content--top\" id=\"el-cb13eaa4\" data-vce-do-apply=\"all el-cb13eaa4\"><div class=\"vce-content-background-container\"><\/div><div class=\"vce-row-content\" data-vce-element-content=\"true\"><div class=\"vce-col vce-col--md-auto vce-col--xs-1 vce-col--xs-last vce-col--xs-first vce-col--sm-last vce-col--sm-first vce-col--md-last vce-col--lg-last vce-col--xl-last vce-col--md-first vce-col--lg-first vce-col--xl-first\" id=\"el-e32ffd8f\"><div class=\"vce-col-inner\" data-vce-do-apply=\"border margin background  el-e32ffd8f\"><div class=\"vce-col-content\" data-vce-element-content=\"true\" data-vce-do-apply=\"padding el-e32ffd8f\"><div class=\"vce-text-block\"><div class=\"vce-text-block-wrapper vce\" id=\"el-8f96b026\" data-vce-do-apply=\"all el-8f96b026\"><p><a name=\"7\"><\/a>&nbsp;<\/p><\/div><\/div><div class=\"vce-text-block\"><div class=\"vce-text-block-wrapper vce\" id=\"el-938c584f\" data-vce-do-apply=\"all el-938c584f\"><h2 style=\"text-align: center;\"><span style=\"color: #ffffff;\"><a style=\"color: #ffffff;\" href=\"https:\/\/growbrands.net\/neworder\/balthazar\">VOLVER<\/a><\/span><\/h2><\/div><\/div><\/div><\/div><\/div><\/div><\/div><\/div><\/div><\/div><\/div><\/div><\/div><\/div><div class=\"vce-row-container\"><div class=\"vce-row vce-row--col-gap-30 vce-row-columns--top vce-row-content--top\" id=\"el-034f0b1b\" data-vce-do-apply=\"all el-034f0b1b\"><div class=\"vce-row-content\" data-vce-element-content=\"true\"><div class=\"vce-col vce-col--md-auto vce-col--xs-1 vce-col--xs-last vce-col--xs-first vce-col--sm-last vce-col--sm-first vce-col--md-last vce-col--lg-last vce-col--xl-last vce-col--md-first vce-col--lg-first vce-col--xl-first\" id=\"el-79c96dd8\"><div class=\"vce-col-inner\" data-vce-do-apply=\"border margin background  el-79c96dd8\"><div class=\"vce-col-content\" data-vce-element-content=\"true\" data-vce-do-apply=\"padding el-79c96dd8\"><div class=\"vce-widgets-container\"><div class=\"vce vce-widgets-wrapper\" id=\"el-45f7dd9e\" data-vce-do-apply=\"all el-45f7dd9e\"><div class=\"textwidget custom-html-widget\"><div style=\"text-align; background-color:#000;\">\n<p style=\"text-align: center;\"><a href=\"http:\/\/www.neworder.menu\" target=\"_blank\" style=\"text-decoration:none;\"><span style=\"color:#ffffff;\">New Order: QR Digital Menu <br By Grow Brands<\/span><\/a><\/p>\n\t<\/div><\/div><\/div><\/div><\/div><\/div><\/div><\/div><\/div><\/div>\n","protected":false},"excerpt":{"rendered":"<p>Horarios: Lunes de 8hs. a 17hs.Martes a s\u00e1bados de 8hs. a 24hs.Domingo de 18hs. a 24hs.CAFETERIACAF\u00c9.$120 CAF\u00c9 JARRO$140 CAPUCHINO$220 CAF\u00c9 CON LECHE$160 CAF\u00c9 DOBLE$160 SUBMARINO$220 T\u00c9$140PARA TENTARSEMEDIALUNA DULCE O SALADA$60 CRIOLLOS$50 MAFALDA$120COMBOS SIMPLE( Caf\u00e9 con leche o t\u00e9, 2 medialunas o&nbsp; criollos)$230&nbsp;&nbsp; COMPLETO(Caf\u00e9 con leche &hellip; <\/p>\n","protected":false},"author":13,"featured_media":0,"parent":0,"menu_order":0,"comment_status":"closed","ping_status":"closed","template":"","meta":{"_monsterinsights_skip_tracking":false,"_monsterinsights_sitenote_active":false,"_monsterinsights_sitenote_note":"","_monsterinsights_sitenote_category":0,"footnotes":""},"coauthors":[],"class_list":["post-33197","page","type-page","status-publish","hentry"],"_links":{"self":[{"href":"https:\/\/growbrands.net\/neworder\/wp-json\/wp\/v2\/pages\/33197","targetHints":{"allow":["GET"]}}],"collection":[{"href":"https:\/\/growbrands.net\/neworder\/wp-json\/wp\/v2\/pages"}],"about":[{"href":"https:\/\/growbrands.net\/neworder\/wp-json\/wp\/v2\/types\/page"}],"author":[{"embeddable":true,"href":"https:\/\/growbrands.net\/neworder\/wp-json\/wp\/v2\/users\/13"}],"replies":[{"embeddable":true,"href":"https:\/\/growbrands.net\/neworder\/wp-json\/wp\/v2\/comments?post=33197"}],"version-history":[{"count":7,"href":"https:\/\/growbrands.net\/neworder\/wp-json\/wp\/v2\/pages\/33197\/revisions"}],"predecessor-version":[{"id":34142,"href":"https:\/\/growbrands.net\/neworder\/wp-json\/wp\/v2\/pages\/33197\/revisions\/34142"}],"wp:attachment":[{"href":"https:\/\/growbrands.net\/neworder\/wp-json\/wp\/v2\/media?parent=33197"}],"wp:term":[{"taxonomy":"author","embeddable":true,"href":"https:\/\/growbrands.net\/neworder\/wp-json\/wp\/v2\/coauthors?post=33197"}],"curies":[{"name":"wp","href":"https:\/\/api.w.org\/{rel}","templated":true}]}}