{"id":31476,"date":"2021-04-08T12:02:48","date_gmt":"2021-04-08T15:02:48","guid":{"rendered":"https:\/\/growbrands.net\/neworder\/?page_id=31476"},"modified":"2021-04-08T12:26:40","modified_gmt":"2021-04-08T15:26:40","slug":"balthazar-ddjj","status":"publish","type":"page","link":"https:\/\/growbrands.net\/neworder\/balthazar-ddjj\/","title":{"rendered":"Balthazar &#8211; DDJJ"},"content":{"rendered":"<div class=\"vce-row-container\"><div class=\"vce-row vce-element--has-background vce-row--col-gap-30 vce-row-columns--top vce-row-content--top\" id=\"el-1f096c6d\" data-vce-do-apply=\"all el-1f096c6d\"><div class=\"vce-content-background-container\"><\/div><div class=\"vce-row-content\" data-vce-element-content=\"true\"><div class=\"vce-col vce-col--md-auto vce-col--xs-1 vce-col--xs-last vce-col--xs-first vce-col--sm-last vce-col--sm-first vce-col--md-last vce-col--lg-last vce-col--xl-last vce-col--md-first vce-col--lg-first vce-col--xl-first\" id=\"el-999bc871\"><div class=\"vce-col-inner\" data-vce-do-apply=\"border margin background  el-999bc871\"><div class=\"vce-col-content\" data-vce-element-content=\"true\" data-vce-do-apply=\"padding el-999bc871\"><div class=\"vce-single-image-container vce-single-image--align-center\"><div class=\"vce vce-single-image-wrapper\" id=\"el-db0cfdd1\" data-vce-do-apply=\"all el-db0cfdd1\"><figure><div class=\"vce-single-image-inner vce-single-image--absolute vce-single-image--border-rounded\" style=\"padding-bottom: 30.4688%; width: 1024px;\"><img class=\"vce-single-image\" width=\"1024\" height=\"312\"src=\"https:\/\/growbrands.net\/neworder\/wp-content\/uploads\/2021\/04\/balthazar.top_-1024x312.jpg\" srcset=\"https:\/\/growbrands.net\/neworder\/wp-content\/uploads\/2021\/04\/balthazar.top_-320x98.jpg 320w,https:\/\/growbrands.net\/neworder\/wp-content\/uploads\/2021\/04\/balthazar.top_-480x146.jpg 480w,https:\/\/growbrands.net\/neworder\/wp-content\/uploads\/2021\/04\/balthazar.top_-800x244.jpg 800w,https:\/\/growbrands.net\/neworder\/wp-content\/uploads\/2021\/04\/balthazar.top_-1024x312.jpg 1024w\" data-img-src=\"https:\/\/growbrands.net\/neworder\/wp-content\/uploads\/2021\/04\/balthazar.top_.jpg\" alt=\"\" title=\"balthazar.top\" \/><\/div><figcaption hidden=\"\"><\/figcaption><\/figure><\/div><\/div><div class=\"vce-row-container\"><div class=\"vce-row vce-element--has-background vce-row--col-gap-30 vce-row-columns--top vce-row-content--top\" id=\"el-c8e5881c\" data-vce-do-apply=\"all el-c8e5881c\"><div class=\"vce-content-background-container\"><\/div><div class=\"vce-row-content\" data-vce-element-content=\"true\"><div class=\"vce-col vce-col--md-auto vce-col--xs-1 vce-col--xs-last vce-col--xs-first vce-col--sm-last vce-col--sm-first vce-col--md-last vce-col--lg-last vce-col--xl-last vce-col--md-first vce-col--lg-first vce-col--xl-first\" id=\"el-bf951ead\"><div class=\"vce-col-inner\" data-vce-do-apply=\"border margin background  el-bf951ead\"><div class=\"vce-col-content\" data-vce-element-content=\"true\" data-vce-do-apply=\"padding el-bf951ead\"><div class=\"vce-row-container\"><div class=\"vce-row vce-row--col-gap-30 vce-row-columns--top vce-row-content--top\" id=\"el-851e1fe8\" data-vce-do-apply=\"all el-851e1fe8\"><div class=\"vce-row-content\" data-vce-element-content=\"true\"><div class=\"vce-col vce-col--md-auto vce-col--xs-1 vce-col--xs-last vce-col--xs-first vce-col--sm-last vce-col--sm-first vce-col--md-last vce-col--lg-last vce-col--xl-last vce-col--md-first vce-col--lg-first vce-col--xl-first\" id=\"el-b328d9e9\"><div class=\"vce-col-inner\" data-vce-do-apply=\"border margin background  el-b328d9e9\"><div class=\"vce-col-content\" data-vce-element-content=\"true\" data-vce-do-apply=\"padding el-b328d9e9\"><div class=\"vce-row-container\"><div class=\"vce-row vce-row--col-gap-30 vce-row-columns--top vce-row-content--top\" id=\"el-03b2f544\" data-vce-do-apply=\"all el-03b2f544\"><div class=\"vce-content-background-container\"><\/div><div class=\"vce-row-content\" data-vce-element-content=\"true\"><div class=\"vce-col vce-col--md-auto vce-col--xs-1 vce-col--xs-last vce-col--xs-first vce-col--sm-last vce-col--sm-first vce-col--md-last vce-col--lg-last vce-col--xl-last vce-col--md-first vce-col--lg-first vce-col--xl-first\" id=\"el-27c55c22\"><div class=\"vce-col-inner\" data-vce-do-apply=\"border margin background  el-27c55c22\"><div class=\"vce-content-background-container\"><\/div><div class=\"vce-col-content\" data-vce-element-content=\"true\" data-vce-do-apply=\"padding el-27c55c22\"><div class=\"vce-text-block\"><div class=\"vce-text-block-wrapper vce\" id=\"el-7aceafed\" data-vce-do-apply=\"all el-7aceafed\"><h1 style=\"text-align: center;\"><span style=\"color: #3d3d3d;\">DECLARACI\u00d3N JURADA<\/span><\/h1><\/div><\/div><div class=\"vce-text-block\"><div class=\"vce-text-block-wrapper vce\" id=\"el-aa5da4c3\" data-vce-do-apply=\"all el-aa5da4c3\"><p>Por protocolo reglamentado por el COE, necesitamos que cada uno de nuestros clientes complete el siguiente formulario con datos reales.&nbsp;<br><strong>Importante<\/strong>: La informaci\u00f3n que solicitamos es obsolutamente confidencial y s\u00f3lo ser\u00e1 utilizada en caso que el Ministerio de Salud nos la solicite.<\/p><\/div><\/div><\/div><\/div><\/div><\/div><\/div><\/div><\/div><\/div><\/div><\/div><\/div><\/div><div class=\"vce-row-container\"><div class=\"vce-row vce-row--col-gap-30 vce-row-columns--top vce-row-content--top\" id=\"el-c5518af2\" data-vce-do-apply=\"all el-c5518af2\"><div class=\"vce-row-content\" data-vce-element-content=\"true\"><div class=\"vce-col vce-col--md-auto vce-col--xs-1 vce-col--xs-last vce-col--xs-first vce-col--sm-last vce-col--sm-first vce-col--md-last vce-col--lg-last vce-col--xl-last vce-col--md-first vce-col--lg-first vce-col--xl-first\" id=\"el-117eea6e\"><div class=\"vce-col-inner\" data-vce-do-apply=\"border margin background  el-117eea6e\"><div class=\"vce-col-content\" data-vce-element-content=\"true\" data-vce-do-apply=\"padding el-117eea6e\"><div class=\"vce-shortcode\"><div class=\"vce-shortcode-wrapper vce\" id=\"el-236bec5b\" data-vce-do-apply=\"all el-236bec5b\">\n<div class=\"wpcf7 no-js\" id=\"wpcf7-f31480-o1\" lang=\"es-AR\" dir=\"ltr\" data-wpcf7-id=\"31480\">\n<div class=\"screen-reader-response\"><p role=\"status\" aria-live=\"polite\" aria-atomic=\"true\"><\/p> <ul><\/ul><\/div>\n<form action=\"\/neworder\/wp-json\/wp\/v2\/pages\/31476#wpcf7-f31480-o1\" method=\"post\" class=\"wpcf7-form init\" aria-label=\"Formulario de contacto\" novalidate=\"novalidate\" data-status=\"init\">\n<fieldset class=\"hidden-fields-container\"><input type=\"hidden\" name=\"_wpcf7\" value=\"31480\" \/><input type=\"hidden\" name=\"_wpcf7_version\" value=\"6.1.4\" \/><input type=\"hidden\" name=\"_wpcf7_locale\" value=\"es_AR\" \/><input type=\"hidden\" name=\"_wpcf7_unit_tag\" value=\"wpcf7-f31480-o1\" \/><input type=\"hidden\" name=\"_wpcf7_container_post\" value=\"0\" \/><input type=\"hidden\" name=\"_wpcf7_posted_data_hash\" value=\"\" \/>\n<\/fieldset>\n<p><label> Nombre y apellido (*)<br \/>\n<span class=\"wpcf7-form-control-wrap\" data-name=\"your-name\"><input size=\"40\" maxlength=\"400\" class=\"wpcf7-form-control wpcf7-text wpcf7-validates-as-required\" aria-required=\"true\" aria-invalid=\"false\" value=\"\" type=\"text\" name=\"your-name\" \/><\/span> <\/label>\n<\/p>\n<p><label> N\u00b0 DNI (*)<br \/>\n<span class=\"wpcf7-form-control-wrap\" data-name=\"dni\"><input size=\"40\" maxlength=\"400\" class=\"wpcf7-form-control wpcf7-text wpcf7-validates-as-required\" aria-required=\"true\" aria-invalid=\"false\" value=\"\" type=\"text\" name=\"dni\" \/><\/span> <\/label>\n<\/p>\n<p><label> Correo electr\u00f3nico<br \/>\n<span class=\"wpcf7-form-control-wrap\" data-name=\"your-email\"><input size=\"40\" maxlength=\"400\" class=\"wpcf7-form-control wpcf7-email wpcf7-text wpcf7-validates-as-email\" aria-invalid=\"false\" value=\"\" type=\"email\" name=\"your-email\" \/><\/span> <\/label>\n<\/p>\n<p><label> Tel\u00e9fono o Whatsapp (*)<br \/>\nSin el 0 del prefijo y sin el 15. Ej: 3516123123<br \/>\n<span class=\"wpcf7-form-control-wrap\" data-name=\"your-telefono\"><input size=\"40\" maxlength=\"400\" class=\"wpcf7-form-control wpcf7-tel wpcf7-validates-as-required wpcf7-text wpcf7-validates-as-tel\" aria-required=\"true\" aria-invalid=\"false\" value=\"\" type=\"tel\" name=\"your-telefono\" \/><\/span> <\/label>\n<\/p>\n<p><label> Domicilio de residencia actual (*)<br \/>\nDonde vives en este momento. Puede ser diferente al domicilio declarado en tu DNI.<br \/>\n<span class=\"wpcf7-form-control-wrap\" data-name=\"your-domicilio\"><input size=\"40\" maxlength=\"400\" class=\"wpcf7-form-control wpcf7-text\" aria-invalid=\"false\" value=\"\" type=\"text\" name=\"your-domicilio\" \/><\/span> <\/label>\n<\/p>\n<p>En los \u00faltimos 5 d\u00edas \u00bfTuviste episodios de fiebre con temperatura mayor a los 37,5\u00ba? (*)<br \/>\n<span class=\"wpcf7-form-control-wrap\" data-name=\"radio-fiebre\"><span class=\"wpcf7-form-control wpcf7-radio\"><span class=\"wpcf7-list-item first\"><label><span class=\"wpcf7-list-item-label\">Si<\/span><input type=\"radio\" name=\"radio-fiebre\" value=\"Si\" \/><\/label><\/span><span class=\"wpcf7-list-item last\"><label><span class=\"wpcf7-list-item-label\">No<\/span><input type=\"radio\" name=\"radio-fiebre\" value=\"No\" \/><\/label><\/span><\/span><\/span>\n<\/p>\n<p>En los \u00faltimos 14 d\u00edas, \u00bfestuviste en contacto con personas sospechosas o confirmadas de COVID\u201319? (*)<br \/>\n<span class=\"wpcf7-form-control-wrap\" data-name=\"radio-covid\"><span class=\"wpcf7-form-control wpcf7-radio\"><span class=\"wpcf7-list-item first\"><label><span class=\"wpcf7-list-item-label\">Si<\/span><input type=\"radio\" name=\"radio-covid\" value=\"Si\" \/><\/label><\/span><span class=\"wpcf7-list-item last\"><label><span class=\"wpcf7-list-item-label\">No<\/span><input type=\"radio\" name=\"radio-covid\" value=\"No\" \/><\/label><\/span><\/span><\/span>\n<\/p>\n<p>En los \u00faltimos 14 d\u00edas, \u00bfha permanecido o visitado alguno de los hospitales COVID\u201319 en la Rep\u00fablica Argentina? (*)<br \/>\n<span class=\"wpcf7-form-control-wrap\" data-name=\"radio-hospital\"><span class=\"wpcf7-form-control wpcf7-radio\"><span class=\"wpcf7-list-item first\"><label><span class=\"wpcf7-list-item-label\">Si<\/span><input type=\"radio\" name=\"radio-hospital\" value=\"Si\" \/><\/label><\/span><span class=\"wpcf7-list-item last\"><label><span class=\"wpcf7-list-item-label\">No<\/span><input type=\"radio\" name=\"radio-hospital\" value=\"No\" \/><\/label><\/span><\/span><\/span>\n<\/p>\n<p>\u00bfHa regresado de viaje de exterior en los \u00faltimos 14 d\u00edas? (*) En \"Otro\" pod\u00e9s completar donde estuviste.<br \/>\n<span class=\"wpcf7-form-control-wrap\" data-name=\"radio-viajeexterior\"><span class=\"wpcf7-form-control wpcf7-radio\"><span class=\"wpcf7-list-item first\"><label><span class=\"wpcf7-list-item-label\">Si<\/span><input type=\"radio\" name=\"radio-viajeexterior\" value=\"Si\" \/><\/label><\/span><span class=\"wpcf7-list-item\"><label><span class=\"wpcf7-list-item-label\">No<\/span><input type=\"radio\" name=\"radio-viajeexterior\" value=\"No\" \/><\/label><\/span><span class=\"wpcf7-list-item last\"><label><span class=\"wpcf7-list-item-label\">Otro<\/span><input type=\"radio\" name=\"radio-viajeexterior\" value=\"Otro\" \/><\/label><\/span><\/span><\/span><br \/>\n<label><span class=\"wpcf7-form-control-wrap\" data-name=\"your-viajeexterior\"><input size=\"40\" maxlength=\"400\" class=\"wpcf7-form-control wpcf7-text\" aria-invalid=\"false\" value=\"\" type=\"text\" name=\"your-viajeexterior\" \/><\/span><\/label>\n<\/p>\n<p>\u00bfHa estado expuesto a grupos humanos numerosos desconocidos sin respetar la distancia social establecida? (*)<br \/>\n<span class=\"wpcf7-form-control-wrap\" data-name=\"radio-distancia\"><span class=\"wpcf7-form-control wpcf7-radio\"><span class=\"wpcf7-list-item first\"><label><span class=\"wpcf7-list-item-label\">Si<\/span><input type=\"radio\" name=\"radio-distancia\" value=\"Si\" \/><\/label><\/span><span class=\"wpcf7-list-item last\"><label><span class=\"wpcf7-list-item-label\">No<\/span><input type=\"radio\" name=\"radio-distancia\" value=\"No\" \/><\/label><\/span><\/span><\/span>\n<\/p>\n<p>\u00bfPermaneci\u00f3 en lugares cerrados con grupos humanos numerosos por m\u00e1s de 30 minutos seguidos, respetando o no la distancia social? (*)<br \/>\n<span class=\"wpcf7-form-control-wrap\" data-name=\"radio-lugarcerrado\"><span class=\"wpcf7-form-control wpcf7-radio\"><span class=\"wpcf7-list-item first\"><label><span class=\"wpcf7-list-item-label\">Si<\/span><input type=\"radio\" name=\"radio-lugarcerrado\" value=\"Si\" \/><\/label><\/span><span class=\"wpcf7-list-item last\"><label><span class=\"wpcf7-list-item-label\">No<\/span><input type=\"radio\" name=\"radio-lugarcerrado\" value=\"No\" \/><\/label><\/span><\/span><\/span>\n<\/p>\n<p>En el d\u00eda de la fecha, \u00bfha utilizado transporte p\u00fablico? (*)<br \/>\n<span class=\"wpcf7-form-control-wrap\" data-name=\"radio-transporte\"><span class=\"wpcf7-form-control wpcf7-radio\"><span class=\"wpcf7-list-item first\"><label><span class=\"wpcf7-list-item-label\">Si<\/span><input type=\"radio\" name=\"radio-transporte\" value=\"Si\" \/><\/label><\/span><span class=\"wpcf7-list-item last\"><label><span class=\"wpcf7-list-item-label\">No<\/span><input type=\"radio\" name=\"radio-transporte\" value=\"No\" \/><\/label><\/span><\/span><\/span>\n<\/p>\n<p><label> D\u00eda de visita (*)<br \/>\n<span class=\"wpcf7-form-control-wrap\" data-name=\"date-fechavisita\"><input class=\"wpcf7-form-control wpcf7-date wpcf7-validates-as-date\" aria-invalid=\"false\" placeholder=\"\" value=\"\" type=\"date\" name=\"date-fechavisita\" \/><\/span><\/label>\n<\/p>\n<p><label> Hora de visita (*)<br \/>\n<span class=\"wpcf7-form-control-wrap\" data-name=\"your-horavisita\"><input size=\"40\" maxlength=\"400\" class=\"wpcf7-form-control wpcf7-text\" aria-invalid=\"false\" value=\"\" type=\"text\" name=\"your-horavisita\" \/><\/span><\/label>\n<\/p>\n<p><label> N\u00famero de mesa (*)<br \/>\n<span class=\"wpcf7-form-control-wrap\" data-name=\"your-mesa\"><input size=\"40\" maxlength=\"400\" class=\"wpcf7-form-control wpcf7-text\" aria-invalid=\"false\" value=\"\" type=\"text\" name=\"your-mesa\" \/><\/span><\/label>\n<\/p>\n<p><span class=\"wpcf7-form-control-wrap\" data-name=\"checkbox-AceptarTerminos\"><span class=\"wpcf7-form-control wpcf7-checkbox wpcf7-validates-as-required\"><span class=\"wpcf7-list-item first last\"><label><span class=\"wpcf7-list-item-label\">Acepto<\/span><input type=\"checkbox\" name=\"checkbox-AceptarTerminos[]\" value=\"Acepto\" \/><\/label><\/span><\/span><\/span>\n<\/p>\n<p><b>IMPORTANTE<\/b><br \/>\nSe proh\u00edbe el ingreso a toda persona que presente fiebre (37.5\u00ba o m\u00e1s), dolor de garganta, tos, dificultad respiratoria, p\u00e9rdida del olfato o p\u00e9rdida del gusto de reciente aparici\u00f3n), que resida o haya transitado en zonas de transmisi\u00f3n local en Argentina. Asimismo, no deben ingresar al establecimiento quienes hayan regresado de un pa\u00eds considerado de riesgo en los \u00faltimos 14 d\u00edas, o hayan estado en contacto con alg\u00fan infectado o con una persona que haya regresado de un pa\u00eds de riesgo en los \u00faltimos 14 d\u00edas, que deban cumplir con el aislamiento obligatorio. No cumplir con el aislamiento est\u00e1 penalizado por el DNU art. 205 y 239, y puede ser sancionado acorde al C\u00f3digo Penal de la Naci\u00f3n.\n<\/p>\n<p>Dadas la situaci\u00f3n de p\u00fablico conocimiento tomamos todas las medidas para que tu estad\u00eda sea segura:<br \/>\n\u2022 Puesto de control y sanitizaci\u00f3n al ingreso<br \/>\n\u2022 Espacios delimitados para respetar el distanciamiento<br \/>\n\u2022 Alcohol en gel y jab\u00f3n a tu disposici\u00f3n<br \/>\n\u2022 Men\u00fa y sistema de pedido digital<br \/>\n\u2022 Opciones de pago a trav\u00e9s de medios digitales\n<\/p>\n<p>Tambi\u00e9n necesitamos de tu colaboraci\u00f3n:<br \/>\n\u2022 No ingresar al establecimiento si cumpl\u00eds los criterios de caso sospechoso vigente, definido por el Ministerio de Salud de la Naci\u00f3n.<br \/>\n\u2022 Se proh\u00edbe el ingreso a quienes no utilicen tapabocas que cubran la nariz, boca y ment\u00f3n (s\u00f3lo se puede quitar para comer o beber, el resto de tu estad\u00eda ten\u00e9s que tenerlo puesto).<br \/>\n\u2022 Respet\u00e1 la se\u00f1al\u00e9tica dentro del local.<br \/>\n\u2022 Al toser o estornudar, usar un pa\u00f1uelo descartable o cubrirse la nariz y la boca con el pliegue interno del codo en caso de no tener colocado el barbijo casero. En ambos casos, higienizarse las manos de inmediato<br \/>\n\u2022 Si est\u00e1s dentro de los grupos de riesgo sugerimos que te quedes en casa.<br \/>\nMuchas gracias<br \/>\n<label><input class=\"wpcf7-form-control wpcf7-submit has-spinner\" type=\"submit\" value=\"Enviar\" \/><\/label>\n<\/p><p style=\"display: none !important;\" class=\"akismet-fields-container\" data-prefix=\"_wpcf7_ak_\"><label>&#916;<textarea name=\"_wpcf7_ak_hp_textarea\" cols=\"45\" rows=\"8\" maxlength=\"100\"><\/textarea><\/label><input type=\"hidden\" id=\"ak_js_1\" name=\"_wpcf7_ak_js\" value=\"53\"\/><script>document.getElementById( \"ak_js_1\" ).setAttribute( \"value\", ( new Date() ).getTime() );<\/script><\/p><div class=\"wpcf7-response-output\" aria-hidden=\"true\"><\/div>\n<\/form>\n<\/div>\n<\/div><\/div><\/div><\/div><\/div><\/div><\/div><\/div><\/div><\/div><\/div><\/div><\/div><\/div><\/div><\/div><\/div><\/div><\/div><\/div>\n","protected":false},"excerpt":{"rendered":"<p>DECLARACI\u00d3N JURADAPor protocolo reglamentado por el COE, necesitamos que cada uno de nuestros clientes complete el siguiente formulario con datos reales.&nbsp;Importante: La informaci\u00f3n que solicitamos es obsolutamente confidencial y s\u00f3lo ser\u00e1 utilizada en caso que el Ministerio de Salud nos la solicite.<\/p>\n","protected":false},"author":12,"featured_media":0,"parent":0,"menu_order":0,"comment_status":"closed","ping_status":"closed","template":"","meta":{"_monsterinsights_skip_tracking":false,"_monsterinsights_sitenote_active":false,"_monsterinsights_sitenote_note":"","_monsterinsights_sitenote_category":0,"footnotes":""},"coauthors":[],"class_list":["post-31476","page","type-page","status-publish","hentry"],"_links":{"self":[{"href":"https:\/\/growbrands.net\/neworder\/wp-json\/wp\/v2\/pages\/31476","targetHints":{"allow":["GET"]}}],"collection":[{"href":"https:\/\/growbrands.net\/neworder\/wp-json\/wp\/v2\/pages"}],"about":[{"href":"https:\/\/growbrands.net\/neworder\/wp-json\/wp\/v2\/types\/page"}],"author":[{"embeddable":true,"href":"https:\/\/growbrands.net\/neworder\/wp-json\/wp\/v2\/users\/12"}],"replies":[{"embeddable":true,"href":"https:\/\/growbrands.net\/neworder\/wp-json\/wp\/v2\/comments?post=31476"}],"version-history":[{"count":3,"href":"https:\/\/growbrands.net\/neworder\/wp-json\/wp\/v2\/pages\/31476\/revisions"}],"predecessor-version":[{"id":31485,"href":"https:\/\/growbrands.net\/neworder\/wp-json\/wp\/v2\/pages\/31476\/revisions\/31485"}],"wp:attachment":[{"href":"https:\/\/growbrands.net\/neworder\/wp-json\/wp\/v2\/media?parent=31476"}],"wp:term":[{"taxonomy":"author","embeddable":true,"href":"https:\/\/growbrands.net\/neworder\/wp-json\/wp\/v2\/coauthors?post=31476"}],"curies":[{"name":"wp","href":"https:\/\/api.w.org\/{rel}","templated":true}]}}