{"id":30219,"date":"2021-03-26T11:43:23","date_gmt":"2021-03-26T14:43:23","guid":{"rendered":"https:\/\/growbrands.net\/neworder\/?page_id=30219"},"modified":"2026-03-19T12:23:15","modified_gmt":"2026-03-19T15:23:15","slug":"inmigrantes-restaurante-tragos","status":"publish","type":"page","link":"https:\/\/growbrands.net\/neworder\/inmigrantes-restaurante-tragos\/","title":{"rendered":"Inmigrantes Restaurante &#8211; Tragos"},"content":{"rendered":"<div class=\"vce-row-container\"><div class=\"vce-row vce-element--has-background vce-row--col-gap-30 vce-row-columns--top vce-row-content--top\" id=\"el-1f096c6d\" data-vce-do-apply=\"all el-1f096c6d\"><div class=\"vce-content-background-container\"><\/div><div class=\"vce-row-content\" data-vce-element-content=\"true\"><div class=\"vce-col vce-col--md-auto vce-col--xs-1 vce-col--xs-last vce-col--xs-first vce-col--sm-last vce-col--sm-first vce-col--md-last vce-col--lg-last vce-col--xl-last vce-col--md-first vce-col--lg-first vce-col--xl-first\" id=\"el-999bc871\"><div class=\"vce-col-inner\" data-vce-do-apply=\"border margin background  el-999bc871\"><div class=\"vce-col-content\" data-vce-element-content=\"true\" data-vce-do-apply=\"padding el-999bc871\"><div class=\"vce-single-image-container vce-single-image--align-center\"><div class=\"vce vce-single-image-wrapper\" id=\"el-db0cfdd1\" data-vce-do-apply=\"all el-db0cfdd1\"><figure><div class=\"vce-single-image-inner vce-single-image--absolute vce-single-image--border-rounded\" style=\"padding-bottom: 141.632%; width: 723px;\"><img class=\"vce-single-image\" width=\"723\" height=\"1024\"src=\"https:\/\/growbrands.net\/neworder\/wp-content\/uploads\/2026\/03\/inmigrantes.carta_-723x1024.jpg\" srcset=\"https:\/\/growbrands.net\/neworder\/wp-content\/uploads\/2026\/03\/inmigrantes.carta_-320x453.jpg 320w,https:\/\/growbrands.net\/neworder\/wp-content\/uploads\/2026\/03\/inmigrantes.carta_-480x680.jpg 480w,https:\/\/growbrands.net\/neworder\/wp-content\/uploads\/2026\/03\/inmigrantes.carta_-723x1024.jpg 723w\" data-img-src=\"https:\/\/growbrands.net\/neworder\/wp-content\/uploads\/2020\/06\/inmigrantes.carta_.jpg\" alt=\"\" title=\"inmigrantes.carta\" \/><\/div><figcaption hidden=\"\"><\/figcaption><\/figure><\/div><\/div><div class=\"vce-row-container\"><div class=\"vce-row vce-row--col-gap-30 vce-row-columns--top vce-row-content--top\" id=\"el-bbd98eac\" data-vce-do-apply=\"all el-bbd98eac\"><div class=\"vce-row-content\" data-vce-element-content=\"true\"><div class=\"vce-col vce-col--md-auto vce-col--xs-1 vce-col--xs-last vce-col--xs-first vce-col--sm-last vce-col--sm-first vce-col--md-last vce-col--lg-last vce-col--xl-last vce-col--md-first vce-col--lg-first vce-col--xl-first\" id=\"el-6e39d68a\"><div class=\"vce-col-inner\" data-vce-do-apply=\"border margin background  el-6e39d68a\"><div class=\"vce-col-content\" data-vce-element-content=\"true\" data-vce-do-apply=\"padding el-6e39d68a\"><div class=\"vce-text-block\"><div class=\"vce-text-block-wrapper vce\" id=\"el-c348088c\" data-vce-do-apply=\"all el-c348088c\"><p>Horarios de verano:<\/p>\n<p>Desayunos &amp; Meriendas&nbsp;<\/p>\n<p>8 a 12&nbsp; &amp; 16:30 a 20&nbsp;<\/p>\n<p>Almuerzo &amp; Cena&nbsp;<\/p>\n<p>12:30 a 15:30&nbsp; &amp; 20:30 a 00&nbsp;<\/p>\n<p>Abierto todos los d\u00edas<\/p>\n<p>Reservas: 3513195615<\/p>\n<p>&nbsp;<\/p>\n<p style=\"text-align: center;\">Seguinos en nuestras redes<br><a href=\"https:\/\/www.instagram.com\/inmigrantes.resto\/\" target=\"_blank\" rel=\"noopener\"><img class=\"alignnone wp-image-1582 size-full\" src=\"..\/wp-content\/uploads\/2020\/07\/iconinstagramnegro.png\" alt=\"\" width=\"39\" height=\"39\"><\/a>&nbsp;<a href=\"https:\/\/www.facebook.com\/InmigrantesResto\/\" target=\"_blank\" rel=\"noopener\"><img class=\"alignnone wp-image-1579 size-full\" src=\"..\/wp-content\/uploads\/2020\/07\/iconfacebook.png\" alt=\"\" width=\"39\" height=\"39\"><\/a><\/p>\n<hr>\n<p><a name=\"1\"><\/a><\/p>\n<h2>&nbsp;<\/h2><\/div><\/div><\/div><\/div><\/div><\/div><\/div><\/div><div class=\"vce-row-container\"><div class=\"vce-row vce-row--col-gap-30 vce-row-columns--top vce-row-content--top\" id=\"el-ab9c90bd\" data-vce-do-apply=\"all el-ab9c90bd\"><div class=\"vce-row-content\" data-vce-element-content=\"true\"><div class=\"vce-col vce-col--md-auto vce-col--xs-1 vce-col--xs-last vce-col--xs-first vce-col--sm-last vce-col--sm-first vce-col--md-last vce-col--lg-last vce-col--xl-last vce-col--md-first vce-col--lg-first vce-col--xl-first\" id=\"el-f633f912\"><div class=\"vce-col-inner\" data-vce-do-apply=\"border margin background  el-f633f912\"><div class=\"vce-col-content\" data-vce-element-content=\"true\" data-vce-do-apply=\"padding el-f633f912\"><div class=\"vce-text-block\"><div class=\"vce-text-block-wrapper vce\" id=\"el-c8eed7d5\" data-vce-do-apply=\"all el-c8eed7d5\"><p><a name=\"11\"><\/a><\/p>\n<h2>&nbsp; &nbsp; <span style=\"text-decoration: underline;\">TRAGOS<\/span><\/h2><\/div><\/div><div class=\"vce-text-block\"><div class=\"vce-text-block-wrapper vce\" id=\"el-c5a50a61\" data-vce-do-apply=\"all el-c5a50a61\"><p>&nbsp;<\/p>\n<p><a name=\"11\"><\/a><\/p>\n<p><span style=\"font-size: 14pt;\"><strong>&nbsp; &nbsp; &nbsp; &nbsp; &nbsp; &nbsp; &nbsp; &nbsp; &nbsp; &nbsp; &nbsp; &nbsp; &nbsp; &nbsp; &nbsp; &nbsp; &nbsp; &nbsp; &nbsp; &nbsp; &nbsp; &nbsp; &nbsp; &nbsp; &nbsp; &nbsp; &nbsp; &nbsp; &nbsp; &nbsp; &nbsp; &nbsp; &nbsp; &nbsp; &nbsp; &nbsp; &nbsp; &nbsp; &nbsp; &nbsp; &nbsp; &nbsp; &nbsp; &nbsp; HAPPY HOURS&nbsp; DE LUNES A&nbsp; VIERNES 12HS A 23HS&nbsp;<\/strong><\/span><\/p>\n<p><span style=\"font-size: 12pt;\"><strong>CYNAR JULEP&nbsp; <span style=\"color: #ff0000;\">2 X $12000<\/span><br><\/strong>(Cynar, Jugo de Pomelo, Jugo de Lim\u00f3n, Menta, Almibar).<strong><br><\/strong>$10000<\/span><\/p>\n<p><span style=\"font-size: 12pt;\"><strong>APEROL SPRITZ&nbsp; <span style=\"color: #ff0000;\">2 X $12000<\/span><br><\/strong><span style=\"font-size: 10pt;\"><span style=\"font-size: 12pt;\">(Aperol, Espumante, Soda y Rodajas de Naranja).<\/span><strong><br><\/strong><\/span>$10000<strong><br><\/strong><\/span><\/p>\n<p><span style=\"font-size: 12pt;\"><strong>FERNET BRANCA MEDIDA&nbsp;&nbsp;<\/strong><\/span><strong><span style=\"color: #ff0000;\">2 X $9000<\/span><\/strong><span style=\"font-size: 12pt;\"><strong><br><\/strong>$8000<br><br><\/span><strong>NEGRONI&nbsp;<\/strong><strong><span style=\"color: #ff0000;\">2 X $9000<\/span><\/strong><strong><br><\/strong>(Gin , Campari ,Cinzanno, rodajas de naranja).<br>$8000<br><br><strong>CAIPIRINHA CLASICA&nbsp;<\/strong><strong><span style=\"color: #ff0000;\">2 X $12000<\/span><\/strong><strong><br><\/strong>( Cachaza ,lima , Jugo de Lim\u00f3n,rodaja de naranja, Almibar).<br>$8000<br><br><strong>MOJITO&nbsp;<\/strong><strong><span style=\"color: #ff0000;\">2 X $12000<\/span><\/strong><strong><br><\/strong>( Ron ,Soda, Jugo de Lim\u00f3n , Menta,&nbsp; Almibar).<br>$10000<br><br><strong>SKYYPIROSKA&nbsp;<\/strong><strong><span style=\"color: #ff0000;\">2 X $9000<\/span><\/strong><strong><br><\/strong>( Sky , azucar , rodajas de fruta de estaci\u00f3n).<br>$6000<br><br><\/p>\n<p><span style=\"font-size: 12pt;\"><strong><br><span style=\"font-size: 14pt;\">GIN&nbsp;&nbsp;<\/span><\/strong><\/span><\/p>\n<p><span style=\"font-size: 12pt;\"><strong><span style=\"font-size: 14pt;\">GIN TONIC&nbsp; <span style=\"color: #ff0000;\">2x 12500<\/span><br><\/span><\/strong><\/span><span style=\"font-size: 14pt;\">( Gin Pr\u00edncipe de los Ap\u00f3stoles + t\u00f3nica + rodaja de pomelo, naranja, pepino o lim\u00f3n<\/span><strong style=\"font-size: 12pt;\"><span style=\"font-size: 14pt;\">)<br><\/span><\/strong>$9000<strong><span style=\"font-size: 12pt;\"><br><br><\/span><\/strong><strong style=\"color: initial; text-decoration-color: initial;\"><span style=\"font-size: 14pt;\">GIN TANQUERAY DE SEVILLA&nbsp;<\/span><\/strong><strong style=\"color: initial; text-decoration-color: initial;\"><span style=\"font-size: 14pt;\"><span style=\"font-size: 16px; font-weight: 400;\">$11000<\/span><\/span><\/strong><\/p>\n<p>&nbsp;<\/p>\n<p><strong style=\"font-size: 14pt;\">VERM\u00da<\/strong><\/p>\n<p><strong style=\"font-size: 18.6667px;\"><span style=\"font-size: 16pt;\">CINZANNO ROSSO O BIANCO&nbsp;<strong style=\"font-size: 16px;\"><span style=\"color: #ff0000;\">2 X $7500<\/span><\/strong><br><span style=\"font-size: 16px; font-weight: 400;\">$5000<\/span><\/span><\/strong><\/p>\n<p>&nbsp;<\/p>\n<p><strong style=\"font-size: 18.6667px;\"><strong style=\"font-size: 24px;\">W<\/strong><\/strong><strong style=\"font-size: 12pt;\"><strong style=\"font-size: 14pt;\">HISKYS<\/strong><\/strong><\/p>\n<p><strong>JOHNNY WALKER&nbsp; BLUE LABEL<br><\/strong>$48000<\/p>\n<p><strong>JOHNNY WALKER 18 A\u00d1OS&nbsp;<br><\/strong>$32000<\/p>\n<p><span style=\"font-size: 12pt;\">&nbsp;<\/span><strong>JOHNNY WALKER DOBLE BLACK<br><\/strong>$12900<\/p>\n<p><strong>CHIVAS REGAL<br><\/strong><span style=\"font-size: 12pt;\">$8600<\/span><\/p>\n<p><strong>JACK DANIELS&nbsp;<br><\/strong>$7300<\/p>\n<p><span style=\"font-size: 12pt;\"><strong>JOHNNY&nbsp; WALKER BLACK LABEL<br><\/strong>$9300<\/span><\/p>\n<p><strong>WILD TURKEY<br><\/strong>$5500<\/p>\n<p><span style=\"font-size: 12pt;\"><strong>JOHNNY WALKER RED LABEL<br><\/strong>$6800<\/span><\/p>\n<p><span style=\"font-size: 12pt;\"><strong>J&amp;B<br><\/strong>$4800<\/span><\/p><\/div><\/div><div class=\"vce-single-image-container vce-single-image--align-center\"><div class=\"vce vce-single-image-wrapper\" id=\"el-4c013ded\" data-vce-do-apply=\"all el-4c013ded\"><figure><a href=\"https:\/\/growbrands.net\/neworder\/inmigrantes\/\" title=\"\" target=\"_blank\" class=\"vce-single-image-inner vce-single-image--absolute\" style=\"padding-bottom: 37.8947%; width: 95px;\"><img class=\"vce-single-image\" width=\"95\" height=\"36\"src=\"https:\/\/growbrands.net\/neworder\/wp-content\/uploads\/2026\/03\/republica.volver-95x36.png\" srcset=\"https:\/\/growbrands.net\/neworder\/wp-content\/uploads\/2026\/03\/republica.volver-95x36.png 95w\" data-img-src=\"https:\/\/growbrands.net\/neworder\/wp-content\/uploads\/2021\/01\/republica.volver.png\" alt=\"\" title=\"republica.volver\" \/><\/a><figcaption hidden=\"\"><\/figcaption><\/figure><\/div><\/div><div class=\"vce-single-image-container vce-single-image--align-center\"><div class=\"vce vce-single-image-wrapper\" id=\"el-dc61da9b\" data-vce-do-apply=\"all el-dc61da9b\"><figure><div class=\"vce-single-image-inner vce-single-image--absolute\" style=\"padding-bottom: 89.2%; width: 500px;\"><img class=\"vce-single-image\" width=\"500\" height=\"446\"src=\"https:\/\/growbrands.net\/neworder\/wp-content\/uploads\/2026\/03\/inmigrantes.imagen3-500x446.jpg\" srcset=\"https:\/\/growbrands.net\/neworder\/wp-content\/uploads\/2026\/03\/inmigrantes.imagen3-320x285.jpg 320w,https:\/\/growbrands.net\/neworder\/wp-content\/uploads\/2026\/03\/inmigrantes.imagen3-480x428.jpg 480w,https:\/\/growbrands.net\/neworder\/wp-content\/uploads\/2026\/03\/inmigrantes.imagen3-500x446.jpg 500w\" data-img-src=\"https:\/\/growbrands.net\/neworder\/wp-content\/uploads\/2020\/06\/inmigrantes.imagen3.jpg\" alt=\"\" title=\"inmigrantes.imagen3\" \/><\/div><figcaption hidden=\"\"><\/figcaption><\/figure><\/div><\/div><\/div><\/div><\/div><\/div><\/div><\/div><\/div><\/div><\/div><\/div><\/div><\/div><div class=\"vce-row-container\"><div class=\"vce-row vce-row--col-gap-30 vce-row-columns--top vce-row-content--top\" id=\"el-034f0b1b\" data-vce-do-apply=\"all el-034f0b1b\"><div class=\"vce-row-content\" data-vce-element-content=\"true\"><div class=\"vce-col vce-col--md-auto vce-col--xs-1 vce-col--xs-last vce-col--xs-first vce-col--sm-last vce-col--sm-first vce-col--md-last vce-col--lg-last vce-col--xl-last vce-col--md-first vce-col--lg-first vce-col--xl-first\" id=\"el-79c96dd8\"><div class=\"vce-col-inner\" data-vce-do-apply=\"border margin background  el-79c96dd8\"><div class=\"vce-col-content\" data-vce-element-content=\"true\" data-vce-do-apply=\"padding el-79c96dd8\"><div class=\"vce-widgets-container\"><div class=\"vce vce-widgets-wrapper\" id=\"el-45f7dd9e\" data-vce-do-apply=\"all el-45f7dd9e\"><div class=\"textwidget custom-html-widget\"><div style=\"text-align; background-color:#000;\">\n<p style=\"text-align: center;\"><a href=\"http:\/\/www.neworder.menu\" target=\"_blank\" style=\"text-decoration:none;\"><span style=\"color:#ffffff;\">New Order: QR Digital Menu <br By Grow Brands<\/span><\/a><\/p>\n\t<\/div><\/div><\/div><\/div><\/div><\/div><\/div><\/div><\/div><\/div>\n","protected":false},"excerpt":{"rendered":"<p>Horarios de verano: Desayunos &amp; Meriendas&nbsp; 8 a 12&nbsp; &amp; 16:30 a 20&nbsp; Almuerzo &amp; Cena&nbsp; 12:30 a 15:30&nbsp; &amp; 20:30 a 00&nbsp; Abierto todos los d\u00edas Reservas: 3513195615 &nbsp; Seguinos en nuestras redes&nbsp; &nbsp; &nbsp; &nbsp; TRAGOS&nbsp; &nbsp; &nbsp; &nbsp; &nbsp; &nbsp; &nbsp; &nbsp; &hellip; <\/p>\n","protected":false},"author":5,"featured_media":0,"parent":0,"menu_order":0,"comment_status":"closed","ping_status":"closed","template":"","meta":{"_monsterinsights_skip_tracking":false,"_monsterinsights_sitenote_active":false,"_monsterinsights_sitenote_note":"","_monsterinsights_sitenote_category":0,"footnotes":""},"coauthors":[61],"class_list":["post-30219","page","type-page","status-publish","hentry"],"_links":{"self":[{"href":"https:\/\/growbrands.net\/neworder\/wp-json\/wp\/v2\/pages\/30219","targetHints":{"allow":["GET"]}}],"collection":[{"href":"https:\/\/growbrands.net\/neworder\/wp-json\/wp\/v2\/pages"}],"about":[{"href":"https:\/\/growbrands.net\/neworder\/wp-json\/wp\/v2\/types\/page"}],"author":[{"embeddable":true,"href":"https:\/\/growbrands.net\/neworder\/wp-json\/wp\/v2\/users\/5"}],"replies":[{"embeddable":true,"href":"https:\/\/growbrands.net\/neworder\/wp-json\/wp\/v2\/comments?post=30219"}],"version-history":[{"count":133,"href":"https:\/\/growbrands.net\/neworder\/wp-json\/wp\/v2\/pages\/30219\/revisions"}],"predecessor-version":[{"id":90611,"href":"https:\/\/growbrands.net\/neworder\/wp-json\/wp\/v2\/pages\/30219\/revisions\/90611"}],"wp:attachment":[{"href":"https:\/\/growbrands.net\/neworder\/wp-json\/wp\/v2\/media?parent=30219"}],"wp:term":[{"taxonomy":"author","embeddable":true,"href":"https:\/\/growbrands.net\/neworder\/wp-json\/wp\/v2\/coauthors?post=30219"}],"curies":[{"name":"wp","href":"https:\/\/api.w.org\/{rel}","templated":true}]}}