{"id":30214,"date":"2021-03-26T11:27:05","date_gmt":"2021-03-26T14:27:05","guid":{"rendered":"https:\/\/growbrands.net\/neworder\/?page_id=30214"},"modified":"2025-10-27T17:23:59","modified_gmt":"2025-10-27T20:23:59","slug":"alma-pueblo-tragos","status":"publish","type":"page","link":"https:\/\/growbrands.net\/neworder\/alma-pueblo-tragos\/","title":{"rendered":"Alma de Pueblo &#8211; Tragos"},"content":{"rendered":"<div class=\"vce-row-container\"><div class=\"vce-row vce-element--has-background vce-row--col-gap-30 vce-row-columns--top vce-row-content--top\" id=\"el-1f096c6d\" data-vce-do-apply=\"all el-1f096c6d\"><div class=\"vce-content-background-container\"><\/div><div class=\"vce-row-content\" data-vce-element-content=\"true\"><div class=\"vce-col vce-col--md-auto vce-col--xs-1 vce-col--xs-last vce-col--xs-first vce-col--sm-last vce-col--sm-first vce-col--md-last vce-col--lg-last vce-col--xl-last vce-col--md-first vce-col--lg-first vce-col--xl-first\" id=\"el-999bc871\"><div class=\"vce-col-inner\" data-vce-do-apply=\"border margin background  el-999bc871\"><div class=\"vce-col-content\" data-vce-element-content=\"true\" data-vce-do-apply=\"padding el-999bc871\"><div class=\"vce-single-image-container vce-single-image--align-center\"><div class=\"vce vce-single-image-wrapper\" id=\"el-db0cfdd1\" data-vce-do-apply=\"all el-db0cfdd1\"><figure><div class=\"vce-single-image-inner vce-single-image--absolute vce-single-image--border-rounded\" style=\"padding-bottom: 39.0625%; width: 1024px;\"><img class=\"vce-single-image\" width=\"1024\" height=\"400\"src=\"https:\/\/growbrands.net\/neworder\/wp-content\/uploads\/2025\/10\/adp.logo_-1024x400.png\" srcset=\"https:\/\/growbrands.net\/neworder\/wp-content\/uploads\/2025\/10\/adp.logo_-320x125.png 320w,https:\/\/growbrands.net\/neworder\/wp-content\/uploads\/2025\/10\/adp.logo_-480x188.png 480w,https:\/\/growbrands.net\/neworder\/wp-content\/uploads\/2025\/10\/adp.logo_-800x313.png 800w,https:\/\/growbrands.net\/neworder\/wp-content\/uploads\/2025\/10\/adp.logo_-1024x400.png 1024w\" data-img-src=\"https:\/\/growbrands.net\/neworder\/wp-content\/uploads\/2020\/06\/adp.logo_.png\" alt=\"\" title=\"adp.logo\" \/><\/div><figcaption hidden=\"\"><\/figcaption><\/figure><\/div><\/div><div class=\"vce-text-block\"><div class=\"vce-text-block-wrapper vce\" id=\"el-f70079fd\" data-vce-do-apply=\"all el-f70079fd\"><p style=\"font-size: 16px; font-weight: 400; text-align: center;\">Almuerzo: 12 hs a 16 hs<br>Cena: 20:00 hs a 00 hs<\/p><p style=\"font-size: 16px; font-weight: 400; text-align: center;\">Seguinos en nuestras redes<br><a style=\"text-align: start;\" href=\"https:\/\/www.instagram.com\/almadepueblo\/\" target=\"_blank\" rel=\"noopener\"><img class=\"alignnone wp-image-1582 size-full\" src=\"https:\/\/growbrands.net\/neworder\/wp-content\/uploads\/2020\/07\/iconinstagramnegro.png\" alt=\"\" width=\"39\" height=\"39\"><\/a><span style=\"text-align: start;\">&nbsp;<\/span><a style=\"text-align: start;\" href=\"https:\/\/www.facebook.com\/AlmadepuebloCba\/\" target=\"_blank\" rel=\"noopener\"><img class=\"alignnone wp-image-1579 size-full\" src=\"https:\/\/growbrands.net\/neworder\/wp-content\/uploads\/2020\/07\/iconfacebook.png\" alt=\"\" width=\"39\" height=\"39\"><\/a><\/p><\/div><\/div><div class=\"vce-row-container\"><div class=\"vce-row vce-row--col-gap-30 vce-row-columns--top vce-row-content--top\" id=\"el-bda7f039\" data-vce-do-apply=\"all el-bda7f039\"><div class=\"vce-row-content\" data-vce-element-content=\"true\"><div class=\"vce-col vce-col--md-auto vce-col--xs-1 vce-col--xs-last vce-col--xs-first vce-col--sm-last vce-col--sm-first vce-col--md-last vce-col--lg-last vce-col--xl-last vce-col--md-first vce-col--lg-first vce-col--xl-first\" id=\"el-b7a05fe2\"><div class=\"vce-col-inner\" data-vce-do-apply=\"border margin background  el-b7a05fe2\"><div class=\"vce-col-content\" data-vce-element-content=\"true\" data-vce-do-apply=\"padding el-b7a05fe2\"><div class=\"vce-row-container\"><div class=\"vce-row vce-row--col-gap-30 vce-row-columns--top vce-row-content--top\" id=\"el-1217ed54\" data-vce-do-apply=\"all el-1217ed54\"><div class=\"vce-row-content\" data-vce-element-content=\"true\"><div class=\"vce-col vce-col--md-auto vce-col--xs-1 vce-col--xs-last vce-col--xs-first vce-col--sm-last vce-col--sm-first vce-col--md-last vce-col--lg-last vce-col--xl-last vce-col--md-first vce-col--lg-first vce-col--xl-first\" id=\"el-0c5fddb8\"><div class=\"vce-col-inner\" data-vce-do-apply=\"border margin background  el-0c5fddb8\"><div class=\"vce-col-content\" data-vce-element-content=\"true\" data-vce-do-apply=\"padding el-0c5fddb8\"><div class=\"vce-row-container\"><div class=\"vce-row vce-element--has-background vce-row--col-gap-30 vce-row-columns--top vce-row-content--top\" id=\"el-4609167a\" data-vce-do-apply=\"all el-4609167a\"><div class=\"vce-content-background-container\"><div class=\"vce-asset-background-simple-container vce-visible-all-only vce-asset-background-simple--style-contain vce-asset-background-simple--position-left-bottom\"><div class=\"vce-asset-background-simple\"><div class=\"vce-asset-background-simple-item\" style=\"background-image: url('https:\/\/growbrands.net\/neworder\/wp-content\/uploads\/2020\/06\/adp.titulos.png');\"><\/div><\/div><\/div><\/div><div class=\"vce-row-content\" data-vce-element-content=\"true\"><div class=\"vce-col vce-col--md-auto vce-col--xs-1 vce-col--xs-last vce-col--xs-first vce-col--sm-last vce-col--sm-first vce-col--md-last vce-col--lg-last vce-col--xl-last vce-col--md-first vce-col--lg-first vce-col--xl-first\" id=\"el-7056cb86\"><div class=\"vce-col-inner\" data-vce-do-apply=\"border margin background  el-7056cb86\"><div class=\"vce-content-background-container\"><\/div><div class=\"vce-col-content\" data-vce-element-content=\"true\" data-vce-do-apply=\"padding el-7056cb86\"><div class=\"vce-text-block\"><div class=\"vce-text-block-wrapper vce\" id=\"el-de520214\" data-vce-do-apply=\"all el-de520214\"><p><a name=\"12\"><\/a><\/p>\n<h2>&nbsp; &nbsp; APERITIVOS&nbsp; &nbsp; &nbsp; &nbsp; &nbsp; &nbsp; &nbsp; &nbsp; &nbsp; &nbsp; &nbsp; &nbsp; &nbsp; &nbsp; &nbsp;HAPPY HOURS 12HS A 23HS lunes a viernes. (valido por persona)<\/h2>\n<h2>&nbsp;<\/h2><\/div><\/div><\/div><\/div><\/div><\/div><\/div><\/div><\/div><\/div><\/div><\/div><\/div><\/div><div class=\"vce-row-container\"><div class=\"vce-row vce-element--has-background vce-row--col-gap-30 vce-row-columns--top vce-row-content--top\" id=\"el-d45b231d\" data-vce-do-apply=\"all el-d45b231d\"><div class=\"vce-content-background-container\"><\/div><div class=\"vce-row-content\" data-vce-element-content=\"true\"><div class=\"vce-col vce-col--md-auto vce-col--xs-1 vce-col--xs-last vce-col--xs-first vce-col--sm-last vce-col--sm-first vce-col--md-last vce-col--lg-last vce-col--xl-last vce-col--md-first vce-col--lg-first vce-col--xl-first\" id=\"el-55b16718\"><div class=\"vce-col-inner\" data-vce-do-apply=\"border margin background  el-55b16718\"><div class=\"vce-col-content\" data-vce-element-content=\"true\" data-vce-do-apply=\"padding el-55b16718\"><div class=\"vce-text-block\"><div class=\"vce-text-block-wrapper vce\" id=\"el-cf4bc8a6\" data-vce-do-apply=\"all el-cf4bc8a6\"><p><strong style=\"font-size: 12pt;\">APERITIVO GANCIA&nbsp; <span style=\"color: #ff0000;\">2 X $3500<\/span><\/strong><\/p>\n<p><strong style=\"font-size: 12pt;\">CAMPARI ORANGE <span style=\"font-size: 12pt;\"><span style=\"color: #ff0000;\">2X$12000<\/span><\/span><br><\/strong>(Campari con Jugo de Naranja).<br><span style=\"font-size: 12pt;\">$10000&nbsp;<\/span><\/p>\n<p><span style=\"font-size: 12pt;\"><strong>NEGRONI <span style=\"color: #ff0000;\">2X$9000<\/span><br><\/strong>(Gin , Rosso, Campari).<strong><br><\/strong>$8000<strong><br><\/strong><\/span><\/p>\n<p><span style=\"font-size: 12pt;\"><strong>CYNAR JULEP <span style=\"color: #ff0000;\">2X$12000<\/span><br><\/strong>(Cynar, Jugo de Pomelo, Jugo de Lim\u00f3n, Menta, Almibar).<strong><br><\/strong>$10000<\/span><\/p>\n<p><span style=\"font-size: 12pt;\"><strong>APEROL SPRITZ <span style=\"color: #ff0000;\">2X$12000<\/span><br><\/strong><span style=\"font-size: 10pt;\"><span style=\"font-size: 12pt;\">(Aperol, Espumante, Soda y Rosajas de Naranja).<\/span><strong><br><\/strong><\/span>$10000<strong><br><\/strong><\/span><\/p>\n<p><span style=\"font-size: 12pt;\"><strong>FERNET BRANCA MEDIDA <span style=\"color: #ff0000;\">2X9000<\/span><br><\/strong>$8000<\/span><\/p>\n<p><strong>MOJITO <span style=\"font-size: 12pt;\"><span style=\"color: #ff0000;\">2X$12000<\/span><\/span><br>(<\/strong>ron havanna a\u00f1ejo,jugo de lim\u00f3n,alm\u00edbar,menta)<br>$10000<\/p><\/div><\/div><\/div><\/div><\/div><\/div><\/div><\/div><\/div><\/div><\/div><\/div><\/div><\/div><div class=\"vce-row-container\"><div class=\"vce-row vce-row--col-gap-30 vce-row-columns--top vce-row-content--top\" id=\"el-36b911a4\" data-vce-do-apply=\"all el-36b911a4\"><div class=\"vce-row-content\" data-vce-element-content=\"true\"><div class=\"vce-col vce-col--md-auto vce-col--xs-1 vce-col--xs-last vce-col--xs-first vce-col--sm-last vce-col--sm-first vce-col--md-last vce-col--lg-last vce-col--xl-last vce-col--md-first vce-col--lg-first vce-col--xl-first\" id=\"el-6466c31b\"><div class=\"vce-col-inner\" data-vce-do-apply=\"border margin background  el-6466c31b\"><div class=\"vce-col-content\" data-vce-element-content=\"true\" data-vce-do-apply=\"padding el-6466c31b\"><div class=\"vce-row-container\"><div class=\"vce-row vce-row--col-gap-30 vce-row-columns--top vce-row-content--top\" id=\"el-3a14ea02\" data-vce-do-apply=\"all el-3a14ea02\"><div class=\"vce-row-content\" data-vce-element-content=\"true\"><div class=\"vce-col vce-col--md-auto vce-col--xs-1 vce-col--xs-last vce-col--xs-first vce-col--sm-last vce-col--sm-first vce-col--md-last vce-col--lg-last vce-col--xl-last vce-col--md-first vce-col--lg-first vce-col--xl-first\" id=\"el-94050c1c\"><div class=\"vce-col-inner\" data-vce-do-apply=\"border margin background  el-94050c1c\"><div class=\"vce-col-content\" data-vce-element-content=\"true\" data-vce-do-apply=\"padding el-94050c1c\"><div class=\"vce-row-container\"><div class=\"vce-row vce-element--has-background vce-row--col-gap-30 vce-row-columns--top vce-row-content--top\" id=\"el-0c446b71\" data-vce-do-apply=\"all el-0c446b71\"><div class=\"vce-content-background-container\"><div class=\"vce-asset-background-simple-container vce-visible-all-only vce-asset-background-simple--style-contain vce-asset-background-simple--position-left-bottom\"><div class=\"vce-asset-background-simple\"><div class=\"vce-asset-background-simple-item\" style=\"background-image: url('https:\/\/growbrands.net\/neworder\/wp-content\/uploads\/2020\/06\/adp.titulos.png');\"><\/div><\/div><\/div><\/div><div class=\"vce-row-content\" data-vce-element-content=\"true\"><div class=\"vce-col vce-col--md-auto vce-col--xs-1 vce-col--xs-last vce-col--xs-first vce-col--sm-last vce-col--sm-first vce-col--md-last vce-col--lg-last vce-col--xl-last vce-col--md-first vce-col--lg-first vce-col--xl-first\" id=\"el-127c5671\"><div class=\"vce-col-inner\" data-vce-do-apply=\"border margin background  el-127c5671\"><div class=\"vce-content-background-container\"><\/div><div class=\"vce-col-content\" data-vce-element-content=\"true\" data-vce-do-apply=\"padding el-127c5671\"><div class=\"vce-text-block\"><div class=\"vce-text-block-wrapper vce\" id=\"el-45d1d132\" data-vce-do-apply=\"all el-45d1d132\"><p><a name=\"13\"><\/a><\/p>\n<h2>&nbsp; &nbsp; GIN del Alma<\/h2><\/div><\/div><\/div><\/div><\/div><\/div><\/div><\/div><\/div><\/div><\/div><\/div><\/div><\/div><div class=\"vce-row-container\"><div class=\"vce-row vce-element--has-background vce-row--col-gap-30 vce-row-columns--top vce-row-content--top\" id=\"el-883f7867\" data-vce-do-apply=\"all el-883f7867\"><div class=\"vce-content-background-container\"><\/div><div class=\"vce-row-content\" data-vce-element-content=\"true\"><div class=\"vce-col vce-col--md-auto vce-col--xs-1 vce-col--xs-last vce-col--xs-first vce-col--sm-last vce-col--sm-first vce-col--md-last vce-col--lg-last vce-col--xl-last vce-col--md-first vce-col--lg-first vce-col--xl-first\" id=\"el-1358f47c\"><div class=\"vce-col-inner\" data-vce-do-apply=\"border margin background  el-1358f47c\"><div class=\"vce-col-content\" data-vce-element-content=\"true\" data-vce-do-apply=\"padding el-1358f47c\"><div class=\"vce-text-block\"><div class=\"vce-text-block-wrapper vce\" id=\"el-bdaad3db\" data-vce-do-apply=\"all el-bdaad3db\"><p><strong>&nbsp;<\/strong><span style=\"font-size: 12pt;\"><strong><span style=\"font-size: 14pt;\">GIN&nbsp;&nbsp;<\/span><\/strong><\/span><\/p>\n<p><span style=\"font-size: 12pt;\"><strong><span style=\"font-size: 14pt;\">TONIC&nbsp; <\/span><\/strong><\/span><strong><span style=\"font-size: 12pt;\"><span style=\"color: #ff0000;\">2X$12500<br><\/span><\/span><\/strong><strong style=\"font-size: 12pt;\"><span style=\"font-size: 14pt;\">( Gin Pr\u00edncipe de los Ap\u00f3stoles + Pulpo blanco t\u00f3nica + rodaja de pomelo, naranja, pepino o lim\u00f3n)<br><\/span><\/strong><strong>$9000<\/strong><\/p>\n<p><span style=\"font-size: 12pt;\"><strong style=\"font-size: 12pt;\"><span style=\"font-size: 16pt;\">AP AP TONIC&nbsp;<\/span><\/strong><\/span><strong><span style=\"font-size: 12pt;\"><span style=\"color: #ff0000;\">2X$12500<\/span><\/span><\/strong><span style=\"font-size: 12pt;\"><strong style=\"font-size: 12pt;\"><br><\/strong><\/span><strong style=\"font-size: 12pt;\"><span style=\"font-size: 14pt;\">( Gin Pr\u00edncipe de los Ap\u00f3stoles + Pulpo blanco t\u00f3nica + Aperol + rodaja de naranja + menta)<br><\/span><\/strong><strong>$9000<\/strong><\/p>\n<p><span style=\"font-size: 14pt;\"><strong><span style=\"font-size: 16pt;\">CYN TONIC&nbsp;<\/span><\/strong><\/span><strong><span style=\"font-size: 12pt;\"><span style=\"color: #ff0000;\">2X$12500<\/span><\/span><\/strong><span style=\"font-size: 14pt;\"><strong><br><\/strong><\/span><strong style=\"font-size: 14pt;\">(Gin Principe de los Ap\u00f3stoles + Cynar + Pulpo blanco t\u00f3nica + rodaja de pomelo + romero fresco)<br><\/strong><span style=\"font-size: 12pt;\"><strong>$7800<\/strong><\/span><\/p>\n<p><strong style=\"font-size: 14pt;\">VERM\u00da<\/strong><\/p>\n<p><strong style=\"font-size: 14pt;\">GIOVANNONI ROSSO O SECO<br><\/strong><strong style=\"font-size: 14pt;\">( Pulpo Blanco T\u00f3nica&nbsp; + Soda + Rodaja de c\u00edtricos&nbsp; )<br><\/strong><span style=\"font-size: 12pt;\"><strong>$5000&nbsp; <span style=\"color: #ff0000;\">2X 7500<\/span><\/strong><\/span><\/p>\n<p><strong style=\"font-size: 18.6667px;\"><span style=\"font-size: 16pt;\">CINZANNO ROSSO O BIANCO&nbsp;<br><\/span><\/strong><strong>$5000 <span style=\"font-size: 12pt;\"><span style=\"color: #ff0000;\">2X 7500<\/span><\/span><\/strong><\/p><\/div><\/div><\/div><\/div><\/div><\/div><\/div><\/div><\/div><\/div><\/div><\/div><\/div><\/div><div class=\"vce-row-container\"><div class=\"vce-row vce-row--col-gap-30 vce-row-columns--top vce-row-content--top\" id=\"el-b55a8093\" data-vce-do-apply=\"all el-b55a8093\"><div class=\"vce-row-content\" data-vce-element-content=\"true\"><div class=\"vce-col vce-col--md-auto vce-col--xs-1 vce-col--xs-last vce-col--xs-first vce-col--sm-last vce-col--sm-first vce-col--md-last vce-col--lg-last vce-col--xl-last vce-col--md-first vce-col--lg-first vce-col--xl-first\" id=\"el-e3039a2b\"><div class=\"vce-col-inner\" data-vce-do-apply=\"border margin background  el-e3039a2b\"><div class=\"vce-col-content\" data-vce-element-content=\"true\" data-vce-do-apply=\"padding el-e3039a2b\"><div class=\"vce-row-container\"><div class=\"vce-row vce-row--col-gap-30 vce-row-columns--top vce-row-content--top\" id=\"el-be5c44de\" data-vce-do-apply=\"all el-be5c44de\"><div class=\"vce-row-content\" data-vce-element-content=\"true\"><div class=\"vce-col vce-col--md-auto vce-col--xs-1 vce-col--xs-last vce-col--xs-first vce-col--sm-last vce-col--sm-first vce-col--md-last vce-col--lg-last vce-col--xl-last vce-col--md-first vce-col--lg-first vce-col--xl-first\" id=\"el-2d94d519\"><div class=\"vce-col-inner\" data-vce-do-apply=\"border margin background  el-2d94d519\"><div class=\"vce-col-content\" data-vce-element-content=\"true\" data-vce-do-apply=\"padding el-2d94d519\"><div class=\"vce-row-container\"><div class=\"vce-row vce-element--has-background vce-row--col-gap-30 vce-row-columns--top vce-row-content--top\" id=\"el-c769571a\" data-vce-do-apply=\"all el-c769571a\"><div class=\"vce-content-background-container\"><div class=\"vce-asset-background-simple-container vce-visible-all-only vce-asset-background-simple--style-contain vce-asset-background-simple--position-left-bottom\"><div class=\"vce-asset-background-simple\"><div class=\"vce-asset-background-simple-item\" style=\"background-image: url('https:\/\/growbrands.net\/neworder\/wp-content\/uploads\/2020\/06\/adp.titulos.png');\"><\/div><\/div><\/div><\/div><div class=\"vce-row-content\" data-vce-element-content=\"true\"><div class=\"vce-col vce-col--md-auto vce-col--xs-1 vce-col--xs-last vce-col--xs-first vce-col--sm-last vce-col--sm-first vce-col--md-last vce-col--lg-last vce-col--xl-last vce-col--md-first vce-col--lg-first vce-col--xl-first\" id=\"el-d5d92e19\"><div class=\"vce-col-inner\" data-vce-do-apply=\"border margin background  el-d5d92e19\"><div class=\"vce-content-background-container\"><\/div><div class=\"vce-col-content\" data-vce-element-content=\"true\" data-vce-do-apply=\"padding el-d5d92e19\"><div class=\"vce-text-block\"><div class=\"vce-text-block-wrapper vce\" id=\"el-f5cd6eff\" data-vce-do-apply=\"all el-f5cd6eff\"><p><a name=\"14\"><\/a><\/p><h2>&nbsp; &nbsp; WHISKEY<\/h2><\/div><\/div><\/div><\/div><\/div><\/div><\/div><\/div><\/div><\/div><\/div><\/div><\/div><\/div><div class=\"vce-row-container\"><div class=\"vce-row vce-element--has-background vce-row--col-gap-30 vce-row-columns--top vce-row-content--top\" id=\"el-3c251655\" data-vce-do-apply=\"all el-3c251655\"><div class=\"vce-content-background-container\"><\/div><div class=\"vce-row-content\" data-vce-element-content=\"true\"><div class=\"vce-col vce-col--md-auto vce-col--xs-1 vce-col--xs-last vce-col--xs-first vce-col--sm-last vce-col--sm-first vce-col--md-last vce-col--lg-last vce-col--xl-last vce-col--md-first vce-col--lg-first vce-col--xl-first\" id=\"el-93dc28f7\"><div class=\"vce-col-inner\" data-vce-do-apply=\"border margin background  el-93dc28f7\"><div class=\"vce-col-content\" data-vce-element-content=\"true\" data-vce-do-apply=\"padding el-93dc28f7\"><div class=\"vce-text-block\"><div class=\"vce-text-block-wrapper vce\" id=\"el-c87113f0\" data-vce-do-apply=\"all el-c87113f0\"><p><span style=\"font-size: 12pt;\"><strong>JOHNNIE NEGRO<br><\/strong>$9000<\/span><\/p>\n<p><span style=\"font-size: 12pt;\"><strong>JOHNNIE ROJO<br><\/strong>$6000<\/span><\/p>\n<p><span style=\"font-size: 12pt;\"><strong>J&amp;B<br><\/strong>$5500<\/span><\/p>\n<p>&nbsp;<\/p><\/div><\/div><div class=\"vce-single-image-container vce-single-image--align-center\"><div class=\"vce vce-single-image-wrapper\" id=\"el-4609cf9f\" data-vce-do-apply=\"all el-4609cf9f\"><figure><a href=\"https:\/\/growbrands.net\/neworder\/almadepueblo\/\" title=\"\" target=\"_blank\" class=\"vce-single-image-inner vce-single-image--absolute\" style=\"padding-bottom: 37.8947%; width: 95px;\" rel=\"noopener\"><img class=\"vce-single-image\" width=\"95\" height=\"36\"src=\"https:\/\/growbrands.net\/neworder\/wp-content\/uploads\/2025\/10\/republica.volver-95x36.png\" srcset=\"https:\/\/growbrands.net\/neworder\/wp-content\/uploads\/2025\/10\/republica.volver-95x36.png 95w\" data-img-src=\"https:\/\/growbrands.net\/neworder\/wp-content\/uploads\/2021\/01\/republica.volver.png\" alt=\"\" title=\"republica.volver\" \/><\/a><figcaption hidden=\"\"><\/figcaption><\/figure><\/div><\/div><\/div><\/div><\/div><\/div><\/div><\/div><\/div><\/div><\/div><\/div><\/div><\/div><\/div><\/div><\/div><\/div><\/div><\/div><div class=\"vce-row-container\"><div class=\"vce-row vce-row--col-gap-30 vce-row-columns--top vce-row-content--top\" id=\"el-034f0b1b\" data-vce-do-apply=\"all el-034f0b1b\"><div class=\"vce-row-content\" data-vce-element-content=\"true\"><div class=\"vce-col vce-col--md-auto vce-col--xs-1 vce-col--xs-last vce-col--xs-first vce-col--sm-last vce-col--sm-first vce-col--md-last vce-col--lg-last vce-col--xl-last vce-col--md-first vce-col--lg-first vce-col--xl-first\" id=\"el-79c96dd8\"><div class=\"vce-col-inner\" data-vce-do-apply=\"border margin background  el-79c96dd8\"><div class=\"vce-col-content\" data-vce-element-content=\"true\" data-vce-do-apply=\"padding el-79c96dd8\"><div class=\"vce-widgets-container\"><div class=\"vce vce-widgets-wrapper\" id=\"el-45f7dd9e\" data-vce-do-apply=\"all el-45f7dd9e\"><div class=\"textwidget custom-html-widget\"><div style=\"text-align; background-color:#000;\">\n<p style=\"text-align: center;\"><a href=\"http:\/\/www.neworder.menu\" target=\"_blank\" style=\"text-decoration:none;\"><span style=\"color:#ffffff;\">New Order: QR Digital Menu <br By Grow Brands<\/span><\/a><\/p>\n\t<\/div><\/div><\/div><\/div><\/div><\/div><\/div><\/div><\/div><\/div>\n","protected":false},"excerpt":{"rendered":"<p>Almuerzo: 12 hs a 16 hsCena: 20:00 hs a 00 hsSeguinos en nuestras redes&nbsp; &nbsp; &nbsp; APERITIVOS&nbsp; &nbsp; &nbsp; &nbsp; &nbsp; &nbsp; &nbsp; &nbsp; &nbsp; &nbsp; &nbsp; &nbsp; &nbsp; &nbsp; &nbsp;HAPPY HOURS 12HS A 23HS lunes a viernes. (valido por persona) &nbsp;APERITIVO GANCIA&nbsp; 2 X &hellip; <\/p>\n","protected":false},"author":5,"featured_media":0,"parent":0,"menu_order":0,"comment_status":"closed","ping_status":"closed","template":"","meta":{"_monsterinsights_skip_tracking":false,"_monsterinsights_sitenote_active":false,"_monsterinsights_sitenote_note":"","_monsterinsights_sitenote_category":0,"footnotes":""},"coauthors":[61],"class_list":["post-30214","page","type-page","status-publish","hentry"],"_links":{"self":[{"href":"https:\/\/growbrands.net\/neworder\/wp-json\/wp\/v2\/pages\/30214","targetHints":{"allow":["GET"]}}],"collection":[{"href":"https:\/\/growbrands.net\/neworder\/wp-json\/wp\/v2\/pages"}],"about":[{"href":"https:\/\/growbrands.net\/neworder\/wp-json\/wp\/v2\/types\/page"}],"author":[{"embeddable":true,"href":"https:\/\/growbrands.net\/neworder\/wp-json\/wp\/v2\/users\/5"}],"replies":[{"embeddable":true,"href":"https:\/\/growbrands.net\/neworder\/wp-json\/wp\/v2\/comments?post=30214"}],"version-history":[{"count":119,"href":"https:\/\/growbrands.net\/neworder\/wp-json\/wp\/v2\/pages\/30214\/revisions"}],"predecessor-version":[{"id":88242,"href":"https:\/\/growbrands.net\/neworder\/wp-json\/wp\/v2\/pages\/30214\/revisions\/88242"}],"wp:attachment":[{"href":"https:\/\/growbrands.net\/neworder\/wp-json\/wp\/v2\/media?parent=30214"}],"wp:term":[{"taxonomy":"author","embeddable":true,"href":"https:\/\/growbrands.net\/neworder\/wp-json\/wp\/v2\/coauthors?post=30214"}],"curies":[{"name":"wp","href":"https:\/\/api.w.org\/{rel}","templated":true}]}}