{"id":26009,"date":"2021-02-17T20:59:31","date_gmt":"2021-02-17T23:59:31","guid":{"rendered":"https:\/\/growbrands.net\/neworder\/?page_id=26009"},"modified":"2023-05-12T14:17:22","modified_gmt":"2023-05-12T17:17:22","slug":"coc-good-company-whisky","status":"publish","type":"page","link":"https:\/\/growbrands.net\/neworder\/coc-good-company-whisky\/","title":{"rendered":"COC Good Company &#8211; Whisky"},"content":{"rendered":"<div class=\"vce-row-container\"><div class=\"vce-row vce-element--has-background vce-row--col-gap-30 vce-row-columns--top vce-row-content--top\" id=\"el-1f096c6d\" data-vce-do-apply=\"all el-1f096c6d\"><div class=\"vce-content-background-container\"><div class=\"vce-asset-parallax-container vce-visible-all-only\" data-vce-assets-parallax=\".vce-asset-parallax\" data-vce-assets-parallax-speed=\"200\" data-vce-assets-parallax-reverse=\"false\"><div class=\"vce-asset-parallax\" style=\"top: -200vh; bottom: -200vh; transform: translateY(25.562vh);\"><\/div><\/div><\/div><div class=\"vce-row-content\" data-vce-element-content=\"true\"><div class=\"vce-col vce-col--md-auto vce-col--xs-1 vce-col--xs-last vce-col--xs-first vce-col--sm-last vce-col--sm-first vce-col--md-last vce-col--lg-last vce-col--xl-last vce-col--md-first vce-col--lg-first vce-col--xl-first\" id=\"el-999bc871\"><div class=\"vce-col-inner\" data-vce-do-apply=\"border margin background  el-999bc871\"><div class=\"vce-col-content\" data-vce-element-content=\"true\" data-vce-do-apply=\"padding el-999bc871\"><div class=\"vce-single-image-container vce-single-image--align-center\"><div class=\"vce vce-single-image-wrapper\" id=\"el-db0cfdd1\" data-vce-do-apply=\"all el-db0cfdd1\"><figure><div class=\"vce-single-image-inner vce-single-image--absolute vce-single-image--border-rounded\" style=\"padding-bottom: 177.778%; width: 576px;\"><img class=\"vce-single-image\" width=\"576\" height=\"1024\"src=\"https:\/\/growbrands.net\/neworder\/wp-content\/uploads\/2023\/05\/home-whiskies-576x1024.png\" srcset=\"https:\/\/growbrands.net\/neworder\/wp-content\/uploads\/2023\/05\/home-whiskies-320x569.png 320w,https:\/\/growbrands.net\/neworder\/wp-content\/uploads\/2023\/05\/home-whiskies-480x853.png 480w,https:\/\/growbrands.net\/neworder\/wp-content\/uploads\/2023\/05\/home-whiskies-576x1024.png 576w\" data-img-src=\"https:\/\/growbrands.net\/neworder\/wp-content\/uploads\/2021\/02\/home-whiskies.png\" alt=\"\" title=\"home-whiskies\" \/><\/div><figcaption hidden=\"\"><\/figcaption><\/figure><\/div><\/div><div class=\"vce-row-container\"><div class=\"vce-row vce-element--has-background vce-row--col-gap-30 vce-row-columns--top vce-row-content--top\" id=\"el-50f0471f\" data-vce-do-apply=\"all el-50f0471f\"><div class=\"vce-content-background-container\"><div class=\"vce-asset-background-simple-container vce-visible-all-only vce-asset-background-simple--style-full-width vce-asset-background-simple--position-center-top\"><div class=\"vce-asset-background-simple\"><div class=\"vce-asset-background-simple-item\" style=\"background-image: url('https:\/\/growbrands.net\/neworder\/wp-content\/uploads\/2021\/02\/coc.fondolargo.png');\"><\/div><\/div><\/div><\/div><div class=\"vce-row-content\" data-vce-element-content=\"true\"><div class=\"vce-col vce-col--md-auto vce-col--xs-1 vce-col--xs-last vce-col--xs-first vce-col--sm-last vce-col--sm-first vce-col--md-last vce-col--lg-last vce-col--xl-last vce-col--md-first vce-col--lg-first vce-col--xl-first\" id=\"el-9bddbd0e\"><div class=\"vce-col-inner\" data-vce-do-apply=\"border margin background  el-9bddbd0e\"><div class=\"vce-col-content\" data-vce-element-content=\"true\" data-vce-do-apply=\"padding el-9bddbd0e\"><div class=\"vce-row-container\"><div class=\"vce-row vce-row--col-gap-30 vce-row-columns--top vce-row-content--top\" id=\"el-74108797\" data-vce-do-apply=\"all el-74108797\"><div class=\"vce-row-content\" data-vce-element-content=\"true\"><div class=\"vce-col vce-col--md-auto vce-col--xs-1 vce-col--xs-last vce-col--xs-first vce-col--sm-last vce-col--sm-first vce-col--md-last vce-col--lg-last vce-col--xl-last vce-col--md-first vce-col--lg-first vce-col--xl-first\" id=\"el-739d933e\"><div class=\"vce-col-inner\" data-vce-do-apply=\"border margin background  el-739d933e\"><div class=\"vce-col-content\" data-vce-element-content=\"true\" data-vce-do-apply=\"padding el-739d933e\"><div class=\"vce-row-container\"><div class=\"vce-row vce-row--col-gap-30 vce-row-columns--top vce-row-content--top\" id=\"el-064d18aa\" data-vce-do-apply=\"all el-064d18aa\"><div class=\"vce-content-background-container\"><\/div><div class=\"vce-row-content\" data-vce-element-content=\"true\"><div class=\"vce-col vce-col--md-auto vce-col--xs-1 vce-col--xs-last vce-col--xs-first vce-col--sm-last vce-col--sm-first vce-col--md-last vce-col--lg-last vce-col--xl-last vce-col--md-first vce-col--lg-first vce-col--xl-first\" id=\"el-933752af\"><div class=\"vce-col-inner\" data-vce-do-apply=\"border margin background  el-933752af\"><div class=\"vce-content-background-container\"><\/div><div class=\"vce-col-content\" data-vce-element-content=\"true\" data-vce-do-apply=\"padding el-933752af\"><div class=\"vce-text-block\"><div class=\"vce-text-block-wrapper vce\" id=\"el-82c03bc1\" data-vce-do-apply=\"all el-82c03bc1\"><p style=\"text-align: center;\"><a name=\"8\"><\/a><span style=\"color: #000000;\"><strong><span style=\"font-family: ABeeZee; font-size: 16pt; letter-spacing: 4px;\">WHISKIES<\/span><\/strong><\/span><\/p><\/div><\/div><div class=\"vce-row-container\"><div class=\"vce-row vce-row--col-gap-30 vce-row-columns--top vce-row-content--top\" id=\"el-e5ebbdb3\" data-vce-do-apply=\"all el-e5ebbdb3\"><div class=\"vce-row-content\" data-vce-element-content=\"true\"><div class=\"vce-col vce-col--md-auto vce-col--xs-1 vce-col--xs-last vce-col--xs-first vce-col--sm-last vce-col--sm-first vce-col--md-last vce-col--lg-last vce-col--xl-last vce-col--md-first vce-col--lg-first vce-col--xl-first\" id=\"el-c6533805\"><div class=\"vce-col-inner\" data-vce-do-apply=\"border margin background  el-c6533805\"><div class=\"vce-col-content\" data-vce-element-content=\"true\" data-vce-do-apply=\"padding el-c6533805\"><div class=\"vce-text-block\"><div class=\"vce-text-block-wrapper vce\" id=\"el-db381a57\" data-vce-do-apply=\"all el-db381a57\"><h2 style=\"text-align: center;\"><span style=\"color: #a56d2e; font-size: 16pt;\"><a style=\"color: #a56d2e;\" href=\"https:\/\/growbrands.net\/neworder\/coc-good-company-bebidas-categorias\/\">VOLVER<\/a><\/span><\/h2><\/div><\/div><\/div><\/div><\/div><\/div><\/div><\/div><div class=\"vce-text-block\"><div class=\"vce-text-block-wrapper vce\" id=\"el-f527f075\" data-vce-do-apply=\"all el-f527f075\"><table width=\"318\">\n<tbody>\n<tr>\n<td width=\"238\"><strong>Scotch single malt<\/strong><\/td>\n<td width=\"80\">&nbsp;<\/td>\n<\/tr>\n<tr>\n<td width=\"238\">Glenmorangie 10a\u00f1os<\/td>\n<td>\n<p>$&nbsp; &nbsp; &nbsp; &nbsp;5.200<\/p>\n<\/td>\n<\/tr>\n<tr>\n<td width=\"238\">The Glenlivet 18 a\u00f1os<\/td>\n<td>$&nbsp; &nbsp; &nbsp; &nbsp;5.000<\/td>\n<\/tr>\n<tr>\n<td width=\"238\">Cardhu12 a\u00f1os<\/td>\n<td>&nbsp;$&nbsp; &nbsp; &nbsp; &nbsp;2.900<\/td>\n<\/tr>\n<tr>\n<td width=\"238\">Macallan 12 a\u00f1os<\/td>\n<td>&nbsp;$&nbsp; &nbsp; &nbsp; &nbsp;5.400<\/td>\n<\/tr>\n<tr>\n<td width=\"238\">&nbsp;<\/td>\n<td>&nbsp;<\/td>\n<\/tr>\n<tr>\n<td width=\"238\">Talisker 10 a\u00f1os<\/td>\n<td>&nbsp;$&nbsp; &nbsp; &nbsp; &nbsp;2.800<\/td>\n<\/tr>\n<tr>\n<td width=\"238\">Clynelish 14 a\u00f1os<\/td>\n<td>&nbsp;$&nbsp; &nbsp; &nbsp; &nbsp;2.700<\/td>\n<\/tr>\n<tr>\n<td width=\"238\">The glenlivet 12 a\u00f1os<\/td>\n<td>&nbsp;$&nbsp; &nbsp; &nbsp; &nbsp;2.400<\/td>\n<\/tr>\n<tr>\n<td width=\"238\">&nbsp;<\/td>\n<td>&nbsp;<\/td>\n<\/tr>\n<tr>\n<td width=\"238\"><strong>Scotch blendd high quality<\/strong><\/td>\n<td>&nbsp;<\/td>\n<\/tr>\n<tr>\n<td width=\"238\">J. Walker blue label<\/td>\n<td>&nbsp;$&nbsp; &nbsp; &nbsp; &nbsp;9.300<\/td>\n<\/tr>\n<tr>\n<td width=\"238\">J. Walker green label 15 a\u00f1os<\/td>\n<td>&nbsp;$&nbsp; &nbsp; &nbsp; &nbsp;3.700<\/td>\n<\/tr>\n<tr>\n<td width=\"238\">J. Walker 18 a\u00f1os<\/td>\n<td>&nbsp;$&nbsp; &nbsp; &nbsp; &nbsp;4.600<\/td>\n<\/tr>\n<tr>\n<td width=\"238\">J. Walker gold label reserve<\/td>\n<td>&nbsp;$&nbsp; &nbsp; &nbsp; &nbsp;2.400<\/td>\n<\/tr>\n<tr>\n<td width=\"238\">Chivas 12 a\u00f1os<\/td>\n<td>&nbsp;$&nbsp; &nbsp; &nbsp; &nbsp;2.200<\/td>\n<\/tr>\n<tr>\n<td width=\"238\">J. Walker double black label<\/td>\n<td>&nbsp;$&nbsp; &nbsp; &nbsp; &nbsp;1.500<\/td>\n<\/tr>\n<tr>\n<td width=\"238\">&nbsp;<\/td>\n<td>&nbsp;<\/td>\n<\/tr>\n<tr>\n<td width=\"238\"><strong>Scotch selection<\/strong><\/td>\n<td>&nbsp;<\/td>\n<\/tr>\n<tr>\n<td width=\"238\">J. Walker white walker<\/td>\n<td>&nbsp;$&nbsp; &nbsp; &nbsp;1.200<\/td>\n<\/tr>\n<tr>\n<td width=\"238\">Grant's&nbsp; (NO DISPONIBLE)<\/td>\n<td>&nbsp;$&nbsp; &nbsp; &nbsp;1.200<\/td>\n<\/tr>\n<tr>\n<td width=\"238\">J. Walker black label<\/td>\n<td>\n<p>&nbsp;$&nbsp; &nbsp; 1.600<\/p>\n<\/td>\n<\/tr>\n<tr>\n<td width=\"238\">Ballantines<\/td>\n<td>&nbsp;$&nbsp; &nbsp; &nbsp; 1.400<\/td>\n<\/tr>\n<tr>\n<td width=\"238\">J Walker red label<\/td>\n<td>&nbsp;$&nbsp; &nbsp; &nbsp; &nbsp;1.200<\/td>\n<\/tr>\n<tr>\n<td width=\"238\">J&amp;B<\/td>\n<td>&nbsp;$&nbsp; &nbsp; &nbsp; &nbsp; &nbsp;950<\/td>\n<\/tr>\n<tr>\n<td width=\"238\">&nbsp;<\/td>\n<td>&nbsp;<\/td>\n<\/tr>\n<tr>\n<td width=\"238\"><strong>Iish Whisky<\/strong><\/td>\n<td>&nbsp;<\/td>\n<\/tr>\n<tr>\n<td width=\"238\">Jameson black barrel<\/td>\n<td>&nbsp;$&nbsp; &nbsp; &nbsp; &nbsp;1.500<\/td>\n<\/tr>\n<tr>\n<td width=\"238\">Jameson<\/td>\n<td>&nbsp;$&nbsp; &nbsp; &nbsp; &nbsp; &nbsp; 950<\/td>\n<\/tr>\n<tr>\n<td width=\"238\">&nbsp;<\/td>\n<td>&nbsp;<\/td>\n<\/tr>\n<tr>\n<td width=\"238\"><strong>American Bourbon<\/strong><\/td>\n<td>&nbsp;<\/td>\n<\/tr>\n<tr>\n<td width=\"238\">Jack Daniel's<\/td>\n<td>&nbsp;$&nbsp; &nbsp; &nbsp; &nbsp;1.800<\/td>\n<\/tr>\n<tr>\n<td width=\"238\">Maker's mark<\/td>\n<td>&nbsp;$&nbsp; &nbsp; &nbsp; &nbsp;1.800<\/td>\n<\/tr>\n<tr>\n<td width=\"238\">Wild turkey 101<\/td>\n<td>&nbsp;$&nbsp; &nbsp; &nbsp; &nbsp;1.500<\/td>\n<\/tr>\n<tr>\n<td width=\"238\">Jim Beam black<\/td>\n<td>&nbsp;$&nbsp; &nbsp; &nbsp; &nbsp;1.500<\/td>\n<\/tr>\n<tr>\n<td width=\"238\">Bulleit<\/td>\n<td>&nbsp;$&nbsp; &nbsp; &nbsp; &nbsp;1.100<\/td>\n<\/tr>\n<tr>\n<td width=\"238\">Wild turkey 81<\/td>\n<td>&nbsp;$&nbsp; &nbsp; &nbsp; &nbsp; &nbsp;1.300<\/td>\n<\/tr>\n<tr>\n<td width=\"238\">&nbsp;<\/td>\n<td>&nbsp;<\/td>\n<\/tr>\n<tr>\n<td width=\"238\">HONEY SELECTION<\/td>\n<td>&nbsp;<\/td>\n<\/tr>\n<tr>\n<td width=\"238\">Wild turkey honey<\/td>\n<td>&nbsp;$&nbsp; &nbsp; &nbsp; &nbsp;1.400<\/td>\n<\/tr>\n<tr>\n<td width=\"238\">Jim Beam honey<\/td>\n<td>&nbsp;$&nbsp; &nbsp; &nbsp; 1.500<\/td>\n<\/tr>\n<\/tbody>\n<\/table>\n<p>&nbsp;<\/p><\/div><\/div><\/div><\/div><\/div><\/div><\/div><\/div><\/div><\/div><\/div><\/div><\/div><\/div><\/div><\/div><\/div><\/div><\/div><\/div><\/div><\/div><\/div><\/div><\/div><\/div><div class=\"vce-row-container\"><div class=\"vce-row vce-row--col-gap-30 vce-row-columns--top vce-row-content--top\" id=\"el-034f0b1b\" data-vce-do-apply=\"all el-034f0b1b\"><div class=\"vce-row-content\" data-vce-element-content=\"true\"><div class=\"vce-col vce-col--md-auto vce-col--xs-1 vce-col--xs-last vce-col--xs-first vce-col--sm-last vce-col--sm-first vce-col--md-last vce-col--lg-last vce-col--xl-last vce-col--md-first vce-col--lg-first vce-col--xl-first\" id=\"el-79c96dd8\"><div class=\"vce-col-inner\" data-vce-do-apply=\"border margin background  el-79c96dd8\"><div class=\"vce-col-content\" data-vce-element-content=\"true\" data-vce-do-apply=\"padding el-79c96dd8\"><div class=\"vce-widgets-container\"><div class=\"vce vce-widgets-wrapper\" id=\"el-45f7dd9e\" data-vce-do-apply=\"all el-45f7dd9e\"><div class=\"textwidget custom-html-widget\"><div style=\"text-align; background-color:#000;\">\n<p style=\"text-align: center;\"><a href=\"http:\/\/www.neworder.menu\" target=\"_blank\" style=\"text-decoration:none;\"><span style=\"color:#ffffff;\">New Order: QR Digital Menu <br By Grow Brands<\/span><\/a><\/p>\n\t<\/div><\/div><\/div><\/div><\/div><\/div><\/div><\/div><\/div><\/div>\n","protected":false},"excerpt":{"rendered":"<p>WHISKIESVOLVER Scotch single malt &nbsp; Glenmorangie 10a\u00f1os $&nbsp; &nbsp; &nbsp; &nbsp;5.200 The Glenlivet 18 a\u00f1os $&nbsp; &nbsp; &nbsp; &nbsp;5.000 Cardhu12 a\u00f1os &nbsp;$&nbsp; &nbsp; &nbsp; &nbsp;2.900 Macallan 12 a\u00f1os &nbsp;$&nbsp; &nbsp; &nbsp; &nbsp;5.400 &nbsp; &nbsp; Talisker 10 a\u00f1os &nbsp;$&nbsp; &nbsp; &nbsp; &nbsp;2.800 Clynelish 14 a\u00f1os &nbsp;$&nbsp; &hellip; <\/p>\n","protected":false},"author":29,"featured_media":0,"parent":0,"menu_order":0,"comment_status":"closed","ping_status":"closed","template":"","meta":{"_monsterinsights_skip_tracking":false,"_monsterinsights_sitenote_active":false,"_monsterinsights_sitenote_note":"","_monsterinsights_sitenote_category":0,"footnotes":""},"coauthors":[62,61,108],"class_list":["post-26009","page","type-page","status-publish","hentry"],"_links":{"self":[{"href":"https:\/\/growbrands.net\/neworder\/wp-json\/wp\/v2\/pages\/26009","targetHints":{"allow":["GET"]}}],"collection":[{"href":"https:\/\/growbrands.net\/neworder\/wp-json\/wp\/v2\/pages"}],"about":[{"href":"https:\/\/growbrands.net\/neworder\/wp-json\/wp\/v2\/types\/page"}],"author":[{"embeddable":true,"href":"https:\/\/growbrands.net\/neworder\/wp-json\/wp\/v2\/users\/29"}],"replies":[{"embeddable":true,"href":"https:\/\/growbrands.net\/neworder\/wp-json\/wp\/v2\/comments?post=26009"}],"version-history":[{"count":49,"href":"https:\/\/growbrands.net\/neworder\/wp-json\/wp\/v2\/pages\/26009\/revisions"}],"predecessor-version":[{"id":62744,"href":"https:\/\/growbrands.net\/neworder\/wp-json\/wp\/v2\/pages\/26009\/revisions\/62744"}],"wp:attachment":[{"href":"https:\/\/growbrands.net\/neworder\/wp-json\/wp\/v2\/media?parent=26009"}],"wp:term":[{"taxonomy":"author","embeddable":true,"href":"https:\/\/growbrands.net\/neworder\/wp-json\/wp\/v2\/coauthors?post=26009"}],"curies":[{"name":"wp","href":"https:\/\/api.w.org\/{rel}","templated":true}]}}