{"id":24158,"date":"2021-02-10T18:44:30","date_gmt":"2021-02-10T21:44:30","guid":{"rendered":"https:\/\/growbrands.net\/neworder\/?page_id=24158"},"modified":"2023-08-01T13:27:32","modified_gmt":"2023-08-01T16:27:32","slug":"coc-good-company-cocteles","status":"publish","type":"page","link":"https:\/\/growbrands.net\/neworder\/coc-good-company-cocteles\/","title":{"rendered":"COC Good Company &#8211; C\u00f3cteles"},"content":{"rendered":"<div class=\"vce-row-container\"><div class=\"vce-row vce-element--has-background vce-row--col-gap-30 vce-row-columns--top vce-row-content--top\" id=\"el-1f096c6d\" data-vce-do-apply=\"all el-1f096c6d\"><div class=\"vce-content-background-container\"><div class=\"vce-asset-parallax-container vce-visible-all-only\" data-vce-assets-parallax=\".vce-asset-parallax\" data-vce-assets-parallax-speed=\"200\" data-vce-assets-parallax-reverse=\"false\"><div class=\"vce-asset-parallax\" style=\"top: -200vh; bottom: -200vh; transform: translateY(140.69vh);\"><\/div><\/div><\/div><div class=\"vce-row-content\" data-vce-element-content=\"true\"><div class=\"vce-col vce-col--md-auto vce-col--xs-1 vce-col--xs-last vce-col--xs-first vce-col--sm-last vce-col--sm-first vce-col--md-last vce-col--lg-last vce-col--xl-last vce-col--md-first vce-col--lg-first vce-col--xl-first\" id=\"el-999bc871\"><div class=\"vce-col-inner\" data-vce-do-apply=\"border margin background  el-999bc871\"><div class=\"vce-col-content\" data-vce-element-content=\"true\" data-vce-do-apply=\"padding el-999bc871\"><div class=\"vce-single-image-container vce-single-image--align-center\"><div class=\"vce vce-single-image-wrapper\" id=\"el-db0cfdd1\" data-vce-do-apply=\"all el-db0cfdd1\"><figure><div class=\"vce-single-image-inner vce-single-image--absolute vce-single-image--border-rounded\" style=\"padding-bottom: 177.778%; width: 576px;\"><img class=\"vce-single-image\" width=\"576\" height=\"1024\"src=\"https:\/\/growbrands.net\/neworder\/wp-content\/uploads\/2023\/08\/coc.home-cocteles-576x1024.png\" srcset=\"https:\/\/growbrands.net\/neworder\/wp-content\/uploads\/2023\/08\/coc.home-cocteles-320x569.png 320w,https:\/\/growbrands.net\/neworder\/wp-content\/uploads\/2023\/08\/coc.home-cocteles-480x853.png 480w,https:\/\/growbrands.net\/neworder\/wp-content\/uploads\/2023\/08\/coc.home-cocteles-576x1024.png 576w\" data-img-src=\"https:\/\/growbrands.net\/neworder\/wp-content\/uploads\/2021\/02\/coc.home-cocteles.png\" alt=\"\" title=\"coc.home-cocteles\" \/><\/div><figcaption hidden=\"\"><\/figcaption><\/figure><\/div><\/div><div class=\"vce-row-container\"><div class=\"vce-row vce-element--has-background vce-row--col-gap-30 vce-row-columns--top vce-row-content--top\" id=\"el-50f0471f\" data-vce-do-apply=\"all el-50f0471f\"><div class=\"vce-content-background-container\"><div class=\"vce-asset-background-simple-container vce-visible-all-only vce-asset-background-simple--style-cover vce-asset-background-simple--position-center-top\"><div class=\"vce-asset-background-simple\"><div class=\"vce-asset-background-simple-item\" style=\"background-image: url('https:\/\/growbrands.net\/neworder\/wp-content\/uploads\/2021\/02\/coc.fondolargo.png');\"><\/div><\/div><\/div><\/div><div class=\"vce-row-content\" data-vce-element-content=\"true\"><div class=\"vce-col vce-col--md-auto vce-col--xs-1 vce-col--xs-last vce-col--xs-first vce-col--sm-last vce-col--sm-first vce-col--md-last vce-col--lg-last vce-col--xl-last vce-col--md-first vce-col--lg-first vce-col--xl-first\" id=\"el-9bddbd0e\"><div class=\"vce-col-inner\" data-vce-do-apply=\"border margin background  el-9bddbd0e\"><div class=\"vce-col-content\" data-vce-element-content=\"true\" data-vce-do-apply=\"padding el-9bddbd0e\"><div class=\"vce-text-block\"><div class=\"vce-text-block-wrapper vce\" id=\"el-82c03bc1\" data-vce-do-apply=\"all el-82c03bc1\"><p style=\"text-align: center;\"><a name=\"8\"><\/a><span style=\"color: #000000;\"><strong><span style=\"font-family: ABeeZee; font-size: 16pt; letter-spacing: 4px;\">COCTELES<\/span><\/strong><\/span><\/p><\/div><\/div><div class=\"vce-single-image-container vce-single-image--align-center\"><div class=\"vce vce-single-image-wrapper\" id=\"el-6ad0df65\" data-vce-do-apply=\"all el-6ad0df65\"><figure><div class=\"vce-single-image-inner vce-single-image--absolute\" style=\"padding-bottom: 66.6992%; width: 1024px;\"><img class=\"vce-single-image\" width=\"1024\" height=\"683\"src=\"https:\/\/growbrands.net\/neworder\/wp-content\/uploads\/2023\/08\/coc.cocktails-12-1024x683.jpg\" srcset=\"https:\/\/growbrands.net\/neworder\/wp-content\/uploads\/2023\/08\/coc.cocktails-12-320x213.jpg 320w,https:\/\/growbrands.net\/neworder\/wp-content\/uploads\/2023\/08\/coc.cocktails-12-480x320.jpg 480w,https:\/\/growbrands.net\/neworder\/wp-content\/uploads\/2023\/08\/coc.cocktails-12-800x534.jpg 800w,https:\/\/growbrands.net\/neworder\/wp-content\/uploads\/2023\/08\/coc.cocktails-12-1024x683.jpg 1024w\" data-img-src=\"https:\/\/growbrands.net\/neworder\/wp-content\/uploads\/2021\/02\/coc.cocktails-12.jpg\" alt=\"\" title=\"coc.cocktails-12\" \/><\/div><figcaption hidden=\"\"><\/figcaption><\/figure><\/div><\/div><\/div><\/div><\/div><\/div><\/div><\/div><div class=\"vce-text-block\"><div class=\"vce-text-block-wrapper vce\" id=\"el-f527f075\" data-vce-do-apply=\"all el-f527f075\"><table width=\"100%\">\n<tbody>\n<tr>\n<td width=\"535\">\n<p><strong>TODAY COCKTAIL&nbsp; &nbsp;-&nbsp; &nbsp;<\/strong><\/p>\n<p><strong>GIN PAFF&nbsp; (Gin, sprite, flynn paff )&nbsp; &nbsp; &nbsp; &nbsp; &nbsp;<\/strong><\/p>\n<\/td>\n<td style=\"text-align: right;\" width=\"137\">\n<p>&nbsp;<strong>$ 1650<\/strong><\/p>\n<\/td>\n<\/tr>\n<tr>\n<td><strong>New York Sour<\/strong><\/td>\n<td style=\"text-align: right;\"><strong>$1650<\/strong><\/td>\n<\/tr>\n<tr>\n<td colspan=\"2\">Bourbon, alm\u00edbar, lim\u00f3n y un dash de vino tinto.<\/td>\n<\/tr>\n<tr>\n<td><strong>Malibu Spritz&nbsp;&nbsp;<\/strong><\/td>\n<td style=\"text-align: right;\"><strong>&nbsp;$ 1850<\/strong><\/td>\n<\/tr>\n<tr>\n<td>Ron malib\u00fa, espumante, soda.<\/td>\n<td>&nbsp;<\/td>\n<\/tr>\n<tr>\n<td><strong>Bitter Sour<\/strong><\/td>\n<td style=\"text-align: right;\"><strong>$1550<\/strong><\/td>\n<\/tr>\n<tr>\n<td>Cynar, Rosso, jugo de naranja y pomelo, gotas de campari, albumina.<\/td>\n<td style=\"text-align: right;\">&nbsp;<\/td>\n<\/tr>\n<tr>\n<td colspan=\"2\">\n<p style=\"text-align: left;\">B<strong>yrit Cooler&nbsp; &nbsp; &nbsp; &nbsp; &nbsp; &nbsp; &nbsp; &nbsp; &nbsp; &nbsp; &nbsp; &nbsp; &nbsp; &nbsp; &nbsp; &nbsp; &nbsp; &nbsp; &nbsp; &nbsp; &nbsp; &nbsp; &nbsp;<\/strong><strong>&nbsp; &nbsp; &nbsp; &nbsp; &nbsp; &nbsp; &nbsp; &nbsp; &nbsp; &nbsp; &nbsp; &nbsp; &nbsp; &nbsp; &nbsp; &nbsp; &nbsp; &nbsp; &nbsp; &nbsp; &nbsp; &nbsp; &nbsp; &nbsp; &nbsp; &nbsp; &nbsp; &nbsp; &nbsp; &nbsp; &nbsp; &nbsp; &nbsp; &nbsp; &nbsp; &nbsp; &nbsp; &nbsp; &nbsp; &nbsp; &nbsp; &nbsp; &nbsp; &nbsp; &nbsp; &nbsp; &nbsp; &nbsp; &nbsp; &nbsp; &nbsp; &nbsp; &nbsp; &nbsp; &nbsp; &nbsp; &nbsp; &nbsp; &nbsp; &nbsp; &nbsp; &nbsp; &nbsp; &nbsp; &nbsp; &nbsp; &nbsp; &nbsp; &nbsp; &nbsp; &nbsp; &nbsp; &nbsp; &nbsp; &nbsp; &nbsp; &nbsp; &nbsp; &nbsp; &nbsp; &nbsp; &nbsp; &nbsp; &nbsp; &nbsp; &nbsp; &nbsp; &nbsp; &nbsp; &nbsp; &nbsp; &nbsp; &nbsp; &nbsp; &nbsp; &nbsp; &nbsp; &nbsp; &nbsp; &nbsp; &nbsp; &nbsp; &nbsp; &nbsp; &nbsp; &nbsp; &nbsp; &nbsp; &nbsp; &nbsp; &nbsp;$1550&nbsp;&nbsp;<\/strong><\/p>\n<\/td>\n<\/tr>\n<tr>\n<td>Gin Apostoles, licor de cassis, jugo de frutos rojos, jugo de pomelo, agua t\u00f3nica.<\/td>\n<td>&nbsp;<\/td>\n<\/tr>\n<tr>\n<td><strong>Delmonico n\u00b01<\/strong><\/td>\n<td style=\"text-align: right;\"><strong>&nbsp;$1550<\/strong><\/td>\n<\/tr>\n<tr>\n<td colspan=\"2\">Gin , rosso, cognac, vermut seco, bitter angostura.<\/td>\n<\/tr>\n<tr>\n<td><strong>Manhattan<\/strong><\/td>\n<td style=\"text-align: right;\"><strong>$1650<\/strong><\/td>\n<\/tr>\n<tr>\n<td>Bourbon, rosso, bitter angostura.<\/td>\n<td style=\"text-align: right;\">&nbsp;<\/td>\n<\/tr>\n<tr>\n<td>\n<p><strong>Pisco Sour Maracuy\u00e1 (NO DISPONIBLE)<\/strong><\/p>\n<p>Refrescante c\u00f3ctel de agradable acidez y perfecto equilibrio frutal-Pisco mistral, limon,almibar,maracuya,albumina.<\/p>\n<\/td>\n<td>\n<p style=\"text-align: right;\"><strong>&nbsp; <\/strong><strong>$1900<\/strong><\/p>\n<p>&nbsp;<\/p>\n<\/td>\n<\/tr>\n<tr>\n<td>\n<p><strong>Pisco Sour&nbsp;<\/strong><\/p>\n<\/td>\n<td style=\"text-align: right;\"><strong>$1650<\/strong><\/td>\n<\/tr>\n<tr>\n<td><strong>Aperol Spritz<\/strong><\/td>\n<td style=\"text-align: right;\"><strong>$1550<\/strong><\/td>\n<\/tr>\n<tr>\n<td>Tambi\u00e9n conocido como Spritz Veneciano, un Cl\u00e1sico italiano.<\/td>\n<td>&nbsp;<\/td>\n<\/tr>\n<tr>\n<td>Aperol, espumante, splash de soda y rodaja de naranja.<\/td>\n<td style=\"text-align: right;\">&nbsp;<\/td>\n<\/tr>\n<tr>\n<td><strong>Russian Spring Punch&nbsp;<\/strong><\/td>\n<td style=\"text-align: right;\"><strong>$1650<\/strong><\/td>\n<\/tr>\n<tr>\n<td>\n<p>Dick Bradsell uno de los padres de la cocteler\u00eda moderna les ofrece este refrescante coctel.<br>Vodka, jugo fresco de limon, almibar, licor de cassis , frutos rojos y espumante.<\/p>\n<\/td>\n<td style=\"text-align: right;\">&nbsp;<\/td>\n<\/tr>\n<tr>\n<td>\n<p>&nbsp;<strong>Kir Royal&nbsp;<br><\/strong>Licor de cassis, Frutos Rojos, espumante.<\/p>\n<\/td>\n<td>\n<p><strong style=\"text-align: right;\">&nbsp; &nbsp; &nbsp; &nbsp; &nbsp; &nbsp; &nbsp; &nbsp; &nbsp; &nbsp; &nbsp; &nbsp; &nbsp; &nbsp; &nbsp; &nbsp; &nbsp; &nbsp; &nbsp; &nbsp; &nbsp; &nbsp; &nbsp;$1550&nbsp; &nbsp; &nbsp; &nbsp;&nbsp;<\/strong><\/p>\n<\/td>\n<\/tr>\n<tr>\n<td style=\"text-align: center;\"><strong>TRAGOS DE AUTOR<\/strong><\/td>\n<td>&nbsp;<\/td>\n<\/tr>\n<tr>\n<td><strong>COOL NIGHT by Rolo&nbsp;&nbsp;<\/strong><\/td>\n<td style=\"text-align: right;\"><strong>$1650<\/strong><\/td>\n<\/tr>\n<tr>\n<td>Ron de coco, vodka de frutos rojos, alm\u00edbar, lim\u00f3n, jugo de granadina, albumina.<\/td>\n<td style=\"text-align: right;\">&nbsp;<\/td>\n<\/tr>\n<tr>\n<td><strong>BARTOLO by Christian&nbsp;<\/strong><\/td>\n<td style=\"text-align: right;\"><strong>$1650<\/strong><\/td>\n<\/tr>\n<tr>\n<td>Aperol, vodka, licor de cassis, maracuy\u00e1, lim\u00f3n, alm\u00edbar, menta.<\/td>\n<td>&nbsp;<\/td>\n<\/tr>\n<tr>\n<td><strong>PONCHO ROJO by Rolo&nbsp;<\/strong><\/td>\n<td style=\"text-align: right;\">&nbsp;<strong>$ 1650<\/strong><\/td>\n<\/tr>\n<tr>\n<td>Vino malbec, triple sec, licor de cassis y jugo de pomelo.<\/td>\n<td>&nbsp;<\/td>\n<\/tr>\n<tr>\n<td>\n<p><strong>MOJITO CORDOBES by Rodri <\/strong><\/p>\n<p>Branca, Rosso, Limn, Almibar, Menta<\/p>\n<\/td>\n<td style=\"text-align: right;\">\n<p><strong>$1650<\/strong><\/p>\n<p>&nbsp;<\/p>\n<\/td>\n<\/tr>\n<tr>\n<td style=\"text-align: center;\"><strong>NUESTRAS CAIPIS<\/strong><\/td>\n<td style=\"text-align: right;\">&nbsp;<\/td>\n<\/tr>\n<tr>\n<td><strong>Caipi Patag\u00f3nica<\/strong><\/td>\n<td style=\"text-align: right;\"><strong>$1800<\/strong><\/td>\n<\/tr>\n<tr>\n<td>Vodka, alm\u00edbar, limas, mix de frutos rojos.<\/td>\n<td>&nbsp;<\/td>\n<\/tr>\n<tr>\n<td><strong>Caipirosca \/ Caipirinha<\/strong><\/td>\n<td style=\"text-align: right;\"><strong>$1650<\/strong><\/td>\n<\/tr>\n<tr>\n<td>Vodka \/ Cachaca , alm\u00edbar, lima y hielo picado.<\/td>\n<td style=\"text-align: right;\">&nbsp;<\/td>\n<\/tr>\n<tr>\n<td><strong>Caipi de Coco<\/strong><\/td>\n<td style=\"text-align: right;\"><strong>&nbsp;$1650<\/strong><\/td>\n<\/tr>\n<tr>\n<td>Ron de Coco, alm\u00edbar, lima y hielo picado.<\/td>\n<td style=\"text-align: right;\">&nbsp;<\/td>\n<\/tr>\n<tr>\n<td>&nbsp;<\/td>\n<td>&nbsp;<\/td>\n<\/tr>\n<tr>\n<td style=\"text-align: center;\"><strong>LOS DE SIEMPRE<\/strong><\/td>\n<td style=\"text-align: right;\">&nbsp;<\/td>\n<\/tr>\n<tr>\n<td><strong>Penicillin<\/strong><\/td>\n<td style=\"text-align: right;\"><strong>$2900<\/strong><\/td>\n<\/tr>\n<tr>\n<td>Otro cl\u00e1sico de la cocteler\u00eda moderna, no podes no probarlo.<\/td>\n<td>&nbsp;<\/td>\n<\/tr>\n<tr>\n<td style=\"text-align: left;\">Johnny Walker Red Label, alm\u00edbar de jengibre, jugo fresco de lim\u00f3n.<\/td>\n<td style=\"text-align: right;\">&nbsp;<\/td>\n<\/tr>\n<tr>\n<td>Perfumado con doble Black Label.<\/td>\n<td style=\"text-align: right;\">&nbsp;<\/td>\n<\/tr>\n<tr>\n<td><strong>La Vie en Rose<\/strong><\/td>\n<td style=\"text-align: right;\"><strong>$1550<\/strong><\/td>\n<\/tr>\n<tr>\n<td>Basado en un Cl\u00e1sico imperdible este c\u00f3ctel es una reversi\u00f3n del Gimlet<\/td>\n<td style=\"text-align: right;\">&nbsp;<\/td>\n<\/tr>\n<tr>\n<td>Gin , frutos rojos, jugo de lim\u00f3n, almibar.<\/td>\n<td>&nbsp;<\/td>\n<\/tr>\n<tr>\n<td><strong>Paloma<\/strong><\/td>\n<td style=\"text-align: right;\"><strong>$1650<\/strong><\/td>\n<\/tr>\n<tr>\n<td>Tradicional copa mexicana, fresca y sencilla.<\/td>\n<td>&nbsp;<\/td>\n<\/tr>\n<tr>\n<td>Tequila Jose Cuervo Silver, jugo de pomelo, sal marina.<\/td>\n<td>&nbsp;<\/td>\n<\/tr>\n<tr>\n<td><strong>Old Fashioned<\/strong><\/td>\n<td style=\"text-align: right;\"><strong>$1650<\/strong><\/td>\n<\/tr>\n<tr>\n<td>Un Cl\u00e1sico sin tiempo, el elegido del bartender.<\/td>\n<td>&nbsp;<\/td>\n<\/tr>\n<tr>\n<td>JIM BAM, bitter angostura, az\u00facar, rodaja de naranja.<\/td>\n<td style=\"text-align: right;\">&nbsp;<\/td>\n<\/tr>\n<tr>\n<td><strong>JAGER JULEP&nbsp;&nbsp;<\/strong><\/td>\n<td style=\"text-align: right;\"><strong>$2900<\/strong><\/td>\n<\/tr>\n<tr>\n<td>Jagermaister, lim\u00f3n, alm\u00edbar y jugo de pomelo.<\/td>\n<td style=\"text-align: right;\">&nbsp;<\/td>\n<\/tr>\n<tr>\n<td><strong>JAGER FRUTOS ROJOS&nbsp;<\/strong><\/td>\n<td style=\"text-align: right;\"><strong>$3080<\/strong><\/td>\n<\/tr>\n<tr>\n<td>Jagermaister, lim\u00f3n, pomelo, alm\u00edbar, licor de cassis y frutos rojos.<\/td>\n<td style=\"text-align: right;\">&nbsp;<\/td>\n<\/tr>\n<tr>\n<td><strong>Cynar Julep<\/strong><\/td>\n<td style=\"text-align: right;\"><strong>$1550<\/strong><\/td>\n<\/tr>\n<tr>\n<td>Un cl\u00e1sico bien argentino.<\/td>\n<td style=\"text-align: right;\">&nbsp;<\/td>\n<\/tr>\n<tr>\n<td>Cynar, limon, azucar, menta, jugo de pomelo.<\/td>\n<td style=\"text-align: right;\">&nbsp;<\/td>\n<\/tr>\n<tr>\n<td><strong>Expresso Cream&nbsp;<\/strong><\/td>\n<td style=\"text-align: right;\"><strong>$1650<\/strong><\/td>\n<\/tr>\n<tr>\n<td>Baileys, licor de cassis, frutos rojos y crema chantilly.<\/td>\n<td style=\"text-align: right;\">&nbsp;<\/td>\n<\/tr>\n<tr>\n<td>&nbsp;<\/td>\n<td style=\"text-align: right;\">&nbsp;<\/td>\n<\/tr>\n<tr>\n<td>&nbsp;<\/td>\n<td style=\"text-align: right;\">&nbsp;<\/td>\n<\/tr>\n<\/tbody>\n<\/table><\/div><\/div><div class=\"vce-row-container\"><div class=\"vce-row vce-element--has-background vce-row--col-gap-30 vce-row-columns--top vce-row-content--top\" id=\"el-e35f5a6c\" data-vce-do-apply=\"all el-e35f5a6c\"><div class=\"vce-content-background-container\"><div class=\"vce-asset-background-simple-container vce-visible-all-only vce-asset-background-simple--style-full-width vce-asset-background-simple--position-center-top\"><div class=\"vce-asset-background-simple\"><div class=\"vce-asset-background-simple-item\" style=\"background-image: url('https:\/\/growbrands.net\/neworder\/wp-content\/uploads\/2020\/09\/cocfondo2.png');\"><\/div><\/div><\/div><\/div><div class=\"vce-row-content\" data-vce-element-content=\"true\"><div class=\"vce-col vce-col--md-auto vce-col--xs-1 vce-col--xs-last vce-col--xs-first vce-col--sm-last vce-col--sm-first vce-col--md-last vce-col--lg-last vce-col--xl-last vce-col--md-first vce-col--lg-first vce-col--xl-first\" id=\"el-2f333b8b\"><div class=\"vce-col-inner\" data-vce-do-apply=\"border margin background  el-2f333b8b\"><div class=\"vce-col-content\" data-vce-element-content=\"true\" data-vce-do-apply=\"padding el-2f333b8b\"><\/div><\/div><\/div><\/div><\/div><\/div><div class=\"vce-text-block\"><div class=\"vce-text-block-wrapper vce\" id=\"el-14ccbaa5\" data-vce-do-apply=\"all el-14ccbaa5\"><p><em><strong>Historia del Negroni<\/strong><\/em> <em>Milano y Torino, Mito, son las ciudades que dan nacimiento a los ingredientes de este primigenio negroni, nace en el Caf\u00e9 Camparino en Mil\u00e1n en el a\u00f1o 1860, este da lugar a un coctel mucho m\u00e1s refrescante que es el Americano, que con el agregado de la soda se transforma su textura y transforma su sabor casi en otro coctel. Hasta que llegamos al famoso coctel del Conde.<\/em><\/p>\n<p style=\"text-align: left;\"><strong>MOJITOS<\/strong><\/p>\n<table border=\"0\" cellspacing=\"0\" cellpadding=\"0\"><colgroup> <col width=\"676\"> <col width=\"87\"><\/colgroup>\n<tbody>\n<tr>\n<td>\n<p><strong>Mojito cl\u00e1sico: <\/strong>Ron, Lima, alm\u00edbar, menta, s5da.<\/p>\n<\/td>\n<td style=\"text-align: right;\"><strong>$1550<\/strong><\/td>\n<\/tr>\n<tr>\n<td><strong>Mojito de Coco: <\/strong>Ron de coco, lima, alm\u00edbar, menta y soda<\/td>\n<td style=\"text-align: right;\"><strong>$1550<\/strong><\/td>\n<\/tr>\n<tr>\n<td><strong>Mojito Frutos Rojos: <\/strong>Ron, lima, frutos rojos , menta y soda.<\/td>\n<td style=\"text-align: right;\"><strong>$1650<\/strong><\/td>\n<\/tr>\n<tr>\n<td><strong>Mojito Maracuy\u00e1: <\/strong>Ron, lima, maracuy\u00e1, menta y soda. (No disponible)<\/td>\n<td style=\"text-align: right;\"><strong>$1900<\/strong><\/td>\n<\/tr>\n<tr>\n<td>&nbsp;<\/td>\n<td style=\"text-align: right;\">&nbsp;<\/td>\n<\/tr>\n<tr>\n<td>&nbsp;<\/td>\n<td style=\"text-align: right;\">&nbsp;<\/td>\n<\/tr>\n<tr>\n<td><strong>LA TRIOLOGIA<\/strong><\/td>\n<td style=\"text-align: right;\">&nbsp;<\/td>\n<\/tr>\n<tr>\n<td><strong>Mito<\/strong> Campari, Cinzano Rosso, rodaja de Naranja<\/td>\n<td style=\"text-align: right;\"><strong>&nbsp;$1550<\/strong><\/td>\n<\/tr>\n<tr>\n<td><strong>Americano<\/strong> Campari, Cinzano Rosso, Soda, rodaja de naranja.<\/td>\n<td style=\"text-align: right;\"><strong>&nbsp;$1550<\/strong><\/td>\n<\/tr>\n<tr>\n<td><strong>Negroni<\/strong> Campari, Cinzano Rosso, Gin, rodaja de naranja.<\/td>\n<td style=\"text-align: right;\"><strong>&nbsp;$1550<\/strong><\/td>\n<\/tr>\n<\/tbody>\n<\/table><\/div><\/div><div class=\"vce-text-block\"><div class=\"vce-text-block-wrapper vce\" id=\"el-5304ced1\" data-vce-do-apply=\"all el-5304ced1\"><p style=\"text-align: center;\"><a name=\"9\"><\/a><span style=\"color: #000000;\"><strong><span style=\"font-family: ABeeZee; font-size: 16pt; letter-spacing: 4px;\">GIN TONIC<\/span><\/strong><\/span><\/p><\/div><\/div><div class=\"vce-text-block\"><div class=\"vce-text-block-wrapper vce\" id=\"el-d75444b0\" data-vce-do-apply=\"all el-d75444b0\"><table style=\"height: 561px;\" width=\"331\">\n<tbody>\n<tr>\n<td width=\"535\">\n<p><strong>Principe de Los Ap\u00f3stoles&nbsp; &nbsp; &nbsp; &nbsp; &nbsp; &nbsp; &nbsp; <em>Sugerido por la casa<\/em><\/strong><\/p>\n<\/td>\n<td style=\"text-align: right;\" width=\"137\">&nbsp;<strong>$1650<\/strong><\/td>\n<\/tr>\n<tr>\n<td><strong>Aconcagua&nbsp; &nbsp; &nbsp; &nbsp; &nbsp; &nbsp; &nbsp;<em>Sugerido de la casa<\/em><\/strong><\/td>\n<td style=\"text-align: right;\">\n<p><strong>$1650<\/strong><\/p>\n<\/td>\n<\/tr>\n<tr>\n<td><strong>Heredero<\/strong><\/td>\n<td style=\"text-align: right;\"><strong>$1650<\/strong><\/td>\n<\/tr>\n<tr>\n<td><strong>Beefeater&nbsp;<\/strong><\/td>\n<td style=\"text-align: right;\"><strong>$2650<\/strong><\/td>\n<\/tr>\n<tr>\n<td><strong>Tanqueray<\/strong><\/td>\n<td style=\"text-align: right;\"><strong>$ 2050<\/strong><\/td>\n<\/tr>\n<tr>\n<td>\n<p><strong>Tanqueray Sevilla<\/strong><\/p>\n<\/td>\n<td style=\"text-align: right;\"><strong>$2400<\/strong><\/td>\n<\/tr>\n<tr>\n<td>\n<p><strong>Bombay&nbsp; &nbsp; <em><span style=\"font-weight: bold;\">-Sugerido<\/span><\/em><\/strong><\/p>\n<\/td>\n<td style=\"text-align: right;\">\n<p><strong>$ 2750<\/strong><\/p>\n<\/td>\n<\/tr>\n<tr>\n<td><strong>Brokers<\/strong><\/td>\n<td style=\"text-align: right;\">\n<p><strong>$3300<\/strong>&nbsp;<\/p>\n<\/td>\n<\/tr>\n<tr>\n<td>&nbsp;<strong>Monkey 47<\/strong><\/td>\n<td style=\"text-align: right;\">\n<p><strong>$4800<\/strong><strong>&nbsp;<\/strong><\/p>\n<\/td>\n<\/tr>\n<tr>\n<td>&nbsp;<\/td>\n<td style=\"text-align: right;\">&nbsp;<\/td>\n<\/tr>\n<tr>\n<td>&nbsp;<strong>COCKTAILS APOSTOLES<\/strong><\/td>\n<td style=\"text-align: right;\">&nbsp;<\/td>\n<\/tr>\n<tr>\n<td><strong>&nbsp;AP AP TONIC<\/strong><br>Pr\u00edncipe de los ap\u00f3stoles , aperol, agua t\u00f3nica, naranja y menta.<\/td>\n<td style=\"text-align: right;\"><strong>$1650<\/strong><\/td>\n<\/tr>\n<tr>\n<td><strong>CYN TONIC<\/strong><br>Pr\u00edncipe de los ap\u00f3steles, cynar, agua t\u00f3nica, pomelo y romero.<\/td>\n<td style=\"text-align: right;\"><strong>$1650<\/strong><\/td>\n<\/tr>\n<\/tbody>\n<\/table><\/div><\/div><\/div><\/div><\/div><\/div><\/div><\/div><div class=\"vce-row-container\"><div class=\"vce-row vce-row--col-gap-30 vce-row-columns--top vce-row-content--top\" id=\"el-034f0b1b\" data-vce-do-apply=\"all el-034f0b1b\"><div class=\"vce-row-content\" data-vce-element-content=\"true\"><div class=\"vce-col vce-col--md-auto vce-col--xs-1 vce-col--xs-last vce-col--xs-first vce-col--sm-last vce-col--sm-first vce-col--md-last vce-col--lg-last vce-col--xl-last vce-col--md-first vce-col--lg-first vce-col--xl-first\" id=\"el-79c96dd8\"><div class=\"vce-col-inner\" data-vce-do-apply=\"border margin background  el-79c96dd8\"><div class=\"vce-col-content\" data-vce-element-content=\"true\" data-vce-do-apply=\"padding el-79c96dd8\"><div class=\"vce-widgets-container\"><div class=\"vce vce-widgets-wrapper\" id=\"el-45f7dd9e\" data-vce-do-apply=\"all el-45f7dd9e\"><div class=\"textwidget custom-html-widget\"><div style=\"text-align; background-color:#000;\">\n<p style=\"text-align: center;\"><a href=\"http:\/\/www.neworder.menu\" target=\"_blank\" style=\"text-decoration:none;\"><span style=\"color:#ffffff;\">New Order: QR Digital Menu <br By Grow Brands<\/span><\/a><\/p>\n\t<\/div><\/div><\/div><\/div><\/div><\/div><\/div><\/div><\/div><\/div>\n","protected":false},"excerpt":{"rendered":"<p>COCTELES TODAY COCKTAIL&nbsp; &nbsp;&#8211;&nbsp; &nbsp; GIN PAFF&nbsp; (Gin, sprite, flynn paff )&nbsp; &nbsp; &nbsp; &nbsp; &nbsp; &nbsp;$ 1650 New York Sour $1650 Bourbon, alm\u00edbar, lim\u00f3n y un dash de vino tinto. Malibu Spritz&nbsp;&nbsp; &nbsp;$ 1850 Ron malib\u00fa, espumante, soda. &nbsp; Bitter Sour $1550 Cynar, Rosso, &hellip; <\/p>\n","protected":false},"author":29,"featured_media":0,"parent":0,"menu_order":0,"comment_status":"closed","ping_status":"closed","template":"","meta":{"_monsterinsights_skip_tracking":false,"_monsterinsights_sitenote_active":false,"_monsterinsights_sitenote_note":"","_monsterinsights_sitenote_category":0,"footnotes":""},"coauthors":[62,61,108],"class_list":["post-24158","page","type-page","status-publish","hentry"],"_links":{"self":[{"href":"https:\/\/growbrands.net\/neworder\/wp-json\/wp\/v2\/pages\/24158","targetHints":{"allow":["GET"]}}],"collection":[{"href":"https:\/\/growbrands.net\/neworder\/wp-json\/wp\/v2\/pages"}],"about":[{"href":"https:\/\/growbrands.net\/neworder\/wp-json\/wp\/v2\/types\/page"}],"author":[{"embeddable":true,"href":"https:\/\/growbrands.net\/neworder\/wp-json\/wp\/v2\/users\/29"}],"replies":[{"embeddable":true,"href":"https:\/\/growbrands.net\/neworder\/wp-json\/wp\/v2\/comments?post=24158"}],"version-history":[{"count":327,"href":"https:\/\/growbrands.net\/neworder\/wp-json\/wp\/v2\/pages\/24158\/revisions"}],"predecessor-version":[{"id":65210,"href":"https:\/\/growbrands.net\/neworder\/wp-json\/wp\/v2\/pages\/24158\/revisions\/65210"}],"wp:attachment":[{"href":"https:\/\/growbrands.net\/neworder\/wp-json\/wp\/v2\/media?parent=24158"}],"wp:term":[{"taxonomy":"author","embeddable":true,"href":"https:\/\/growbrands.net\/neworder\/wp-json\/wp\/v2\/coauthors?post=24158"}],"curies":[{"name":"wp","href":"https:\/\/api.w.org\/{rel}","templated":true}]}}