{"id":24066,"date":"2021-02-10T16:52:14","date_gmt":"2021-02-10T19:52:14","guid":{"rendered":"https:\/\/growbrands.net\/neworder\/?page_id=24066"},"modified":"2023-08-18T16:17:09","modified_gmt":"2023-08-18T19:17:09","slug":"coc-good-company-cafeteria","status":"publish","type":"page","link":"https:\/\/growbrands.net\/neworder\/coc-good-company-cafeteria\/","title":{"rendered":"COC Good Company &#8211; Cafeter\u00eda"},"content":{"rendered":"<div class=\"vce-row-container\"><div class=\"vce-row vce-element--has-background vce-row--col-gap-30 vce-row-columns--top vce-row-content--top\" id=\"el-1f096c6d\" data-vce-do-apply=\"all el-1f096c6d\"><div class=\"vce-content-background-container\"><div class=\"vce-asset-parallax-container vce-visible-all-only\" data-vce-assets-parallax=\".vce-asset-parallax\" data-vce-assets-parallax-speed=\"200\" data-vce-assets-parallax-reverse=\"false\"><div class=\"vce-asset-parallax\" style=\"top: -200vh; bottom: -200vh; transform: translateY(59.0826vh);\"><\/div><\/div><\/div><div class=\"vce-row-content\" data-vce-element-content=\"true\"><div class=\"vce-col vce-col--md-auto vce-col--xs-1 vce-col--xs-last vce-col--xs-first vce-col--sm-last vce-col--sm-first vce-col--md-last vce-col--lg-last vce-col--xl-last vce-col--md-first vce-col--lg-first vce-col--xl-first\" id=\"el-999bc871\"><div class=\"vce-col-inner\" data-vce-do-apply=\"border margin background  el-999bc871\"><div class=\"vce-col-content\" data-vce-element-content=\"true\" data-vce-do-apply=\"padding el-999bc871\"><div class=\"vce-single-image-container vce-single-image--align-center\"><div class=\"vce vce-single-image-wrapper\" id=\"el-db0cfdd1\" data-vce-do-apply=\"all el-db0cfdd1\"><figure><div class=\"vce-single-image-inner vce-single-image--absolute vce-single-image--border-rounded\" style=\"padding-bottom: 177.778%; width: 576px;\"><img class=\"vce-single-image\" width=\"576\" height=\"1024\"src=\"https:\/\/growbrands.net\/neworder\/wp-content\/uploads\/2023\/08\/coc.home-cafeteria-576x1024.png\" srcset=\"https:\/\/growbrands.net\/neworder\/wp-content\/uploads\/2023\/08\/coc.home-cafeteria-320x569.png 320w,https:\/\/growbrands.net\/neworder\/wp-content\/uploads\/2023\/08\/coc.home-cafeteria-480x853.png 480w,https:\/\/growbrands.net\/neworder\/wp-content\/uploads\/2023\/08\/coc.home-cafeteria-576x1024.png 576w\" data-img-src=\"https:\/\/growbrands.net\/neworder\/wp-content\/uploads\/2021\/02\/coc.home-cafeteria.png\" alt=\"\" title=\"coc.home-cafeteria\" \/><\/div><figcaption hidden=\"\"><\/figcaption><\/figure><\/div><\/div><div class=\"vce-row-container\"><div class=\"vce-row vce-element--has-background vce-row--col-gap-30 vce-row-columns--top vce-row-content--top\" id=\"el-5792a9c0\" data-vce-do-apply=\"all el-5792a9c0\"><div class=\"vce-content-background-container\"><div class=\"vce-asset-background-simple-container vce-visible-all-only vce-asset-background-simple--style-full-width vce-asset-background-simple--position-center-top\"><div class=\"vce-asset-background-simple\"><div class=\"vce-asset-background-simple-item\" style=\"background-image: url('https:\/\/growbrands.net\/neworder\/wp-content\/uploads\/2020\/09\/cocfondo5.png');\"><\/div><\/div><\/div><\/div><div class=\"vce-row-content\" data-vce-element-content=\"true\"><div class=\"vce-col vce-col--md-auto vce-col--xs-1 vce-col--xs-last vce-col--xs-first vce-col--sm-last vce-col--sm-first vce-col--md-last vce-col--lg-last vce-col--xl-last vce-col--md-first vce-col--lg-first vce-col--xl-first\" id=\"el-60063654\"><div class=\"vce-col-inner\" data-vce-do-apply=\"border margin background  el-60063654\"><div class=\"vce-col-content\" data-vce-element-content=\"true\" data-vce-do-apply=\"padding el-60063654\"><div class=\"vce-text-block\"><div class=\"vce-text-block-wrapper vce\" id=\"el-c207deb3\" data-vce-do-apply=\"all el-c207deb3\"><p style=\"text-align: center;\"><a name=\"1\"><\/a><strong><span style=\"color: #ffffff; font-family: ABeeZee; font-size: 16pt; letter-spacing: 4px;\"><span style=\"color: #e95223;\">CAFETER\u00cdA<\/span><br><\/span><\/strong><span style=\"color: #ffffff;\">Todos los d\u00edas de 8:00&nbsp; a 13:00&nbsp;&nbsp;<\/span><\/p><\/div><\/div><div class=\"vce-text-block\"><div class=\"vce-text-block-wrapper vce\" id=\"el-9e917de9\" data-vce-do-apply=\"all el-9e917de9\"><p style=\"text-align: center; line-height: 1;\"><span style=\"color: #ffffff;\"><strong>Espresso<\/strong><br><strong>$590<\/strong><\/span><\/p>\n<p style=\"text-align: center; line-height: 1;\"><strong style=\"color: #ffffff;\">Caf\u00e9 en jarro<\/strong><span style=\"color: #ffffff;\">&nbsp;<br><\/span><strong style=\"color: #ffffff;\">$720<\/strong><\/p>\n<p style=\"text-align: center; line-height: 1;\"><span style=\"color: #ffffff;\"><strong>Caf\u00e9 doble&nbsp;<\/strong>&nbsp;<br><strong>$850<\/strong><\/span><\/p>\n<p style=\"text-align: center; line-height: 1;\"><span style=\"color: #ffffff;\"><strong>Caf\u00e9 con leche<\/strong>&nbsp;<br><\/span><span style=\"color: #ffffff;\"><strong>$850<\/strong><\/span><\/p>\n<p style=\"text-align: center; line-height: 1;\"><strong style=\"color: #ffffff;\">Adicional crema<br><\/strong><strong style=\"color: #ffffff;\">$500<\/strong><\/p>\n<p style=\"line-height: 1; text-align: center;\">&nbsp;<\/p>\n<p style=\"line-height: 1; text-align: center;\"><span style=\"color: #ffffff; font-size: 14pt;\"><strong>CAF\u00c9 ESPECIAL<\/strong><\/span><\/p>\n<p style=\"text-align: center; line-height: 1;\"><span style=\"color: #ffffff;\"><strong>Capuccino doble<\/strong><br><\/span><strong style=\"color: #ffffff;\">$960<\/strong><\/p>\n<p style=\"line-height: 1; text-align: center;\"><span style=\"color: #ffffff;\"><strong>Submarino<\/strong><br><strong>$820<\/strong><\/span><\/p>\n<p style=\"line-height: 1; text-align: center;\"><strong style=\"color: #ffffff;\">Ice Cold Coffee Cream<\/strong><br style=\"color: #ffffff;\"><strong style=\"color: #ffffff;\">$1050<\/strong><\/p>\n<p style=\"line-height: 1; text-align: center;\"><span style=\"color: #ffffff;\"><strong>Caf\u00e9 Moka&nbsp;<\/strong><br>(Caf\u00e9, leche y chocolate semiamargo)<br><strong>$1050<br><\/strong><\/span><\/p>\n<p style=\"line-height: 1; text-align: center;\"><span style=\"color: #ffffff;\"><strong>Iced Latte<\/strong><strong><br>$1050<\/strong><\/span><\/p>\n<p style=\"line-height: 1; text-align: center;\"><span style=\"color: #ffffff;\"><strong>Ice Long Black<br>$1100<\/strong><\/span><\/p>\n<p style=\"line-height: 1; text-align: center;\"><span style=\"color: #ffffff;\"><strong>Caf\u00e9 Tonic<br>$1050<\/strong><\/span><\/p>\n<p style=\"line-height: 1; text-align: center;\">&nbsp;<\/p>\n<p style=\"line-height: 1; text-align: center;\">&nbsp;<\/p>\n<p style=\"line-height: 1; text-align: center;\">&nbsp;<\/p>\n<p style=\"line-height: 1; text-align: center;\"><span style=\"color: #ffffff; font-size: 14pt;\"><strong>INFUSIONES ( INTI ZEN ) $550<br><\/strong><\/span><em><span style=\"color: #ffffff;\">(Consulte las variedades disponibles)<\/span><\/em><\/p>\n<p style=\"line-height: 1; text-align: center;\">&nbsp;<\/p>\n<p style=\"line-height: 1; text-align: center;\">&nbsp;<\/p>\n<p style=\"line-height: 1; text-align: center;\"><span style=\"color: #ffffff;\"><strong>ENSALADA DE FRUTAS<br><\/strong><br>$1300<\/span><\/p>\n<p style=\"line-height: 1; text-align: center;\">&nbsp;<\/p>\n<p style=\"text-align: center; line-height: 1;\">&nbsp;<\/p>\n<p style=\"text-align: center; line-height: 1;\"><strong style=\"color: #ffffff; font-size: 21.3333px;\">BEBIDAS<\/strong><\/p>\n<p style=\"text-align: center; line-height: 1;\"><span style=\"color: #ffffff;\">Limonada<br>(Lim\u00f3n, menta y alm\u00edbar de jengibre)<strong><br>$600<\/strong><\/span><\/p>\n<p style=\"text-align: center; line-height: 1;\"><span style=\"color: #ffffff;\"><strong>Limonada de Frutos Rojos<br><\/strong><\/span><strong style=\"color: #ffffff;\">$700<\/strong><\/p>\n<p style=\"text-align: center; line-height: 1;\"><strong style=\"color: #ffffff;\">Malteada de Frutos Rojos&nbsp;<br>$1000<\/strong><\/p>\n<p style=\"text-align: center; line-height: 1;\">&nbsp;<\/p>\n<p style=\"text-align: center; line-height: 1;\"><span style=\"color: #ffffff; font-size: 16pt;\"><strong><br>PANIFICACION<\/strong><\/span><\/p>\n<p style=\"text-align: center; line-height: 1;\"><span style=\"color: #ffffff;\"><strong>Mafalda<br><\/strong><\/span><strong><span style=\"color: #ffffff;\">$850<\/span><\/strong><\/p>\n<p style=\"line-height: 1; text-align: center;\"><span style=\"color: #ffffff;\"><strong>Medialuna Dulce<br><\/strong><\/span><strong style=\"color: #ffffff;\">$250<\/strong><\/p>\n<p style=\"line-height: 1; text-align: center;\"><strong style=\"color: #ffffff;\">Medialuna Salada<br><\/strong><strong style=\"color: #ffffff;\">$250<\/strong><\/p>\n<p style=\"line-height: 1; text-align: center;\"><span style=\"color: #ffffff;\"><strong>Criollo&nbsp;<\/strong><br><strong>$250<\/strong><\/span><\/p>\n<p style=\"line-height: 1; text-align: center;\"><strong style=\"color: #ffffff;\">Porci\u00f3n de tostadas (2 unidades)<br><\/strong><strong style=\"color: #ffffff;\">$580<\/strong><\/p>\n<p style=\"line-height: 1; text-align: center;\"><strong style=\"color: #ffffff;\">Porci\u00f3n de tostadas sin t.a.c.c.(2 unidades)<br>$620<\/strong><\/p>\n<p style=\"line-height: 1; text-align: center;\"><span style=\"font-size: 16pt;\"><strong><span style=\"color: #ffffff;\"><br>COSITAS RICAS<br><\/span><\/strong><\/span><\/p>\n<p style=\"line-height: 1; text-align: center;\">&nbsp;<\/p>\n<p style=\"text-align: center; line-height: 1;\"><span style=\"color: #ffffff;\"><span style=\"color: #ff0000;\"><span style=\"color: #ff0000;\"><span style=\"color: #ff0000;\"><strong><span style=\"color: #ff0000;\"><span style=\"color: #ff0000;\"><span style=\"color: #ffffff;\">Crumble de Manzana<\/span><\/span><\/span><\/strong><span style=\"color: #ff0000;\"><span style=\"color: #ff0000;\"><span style=\"color: #ffffff;\"><br><\/span><\/span><\/span><\/span><\/span><\/span><\/span><span style=\"color: #ffffff;\"><span style=\"color: #ff0000;\"><span style=\"color: #ff0000;\"><span style=\"color: #ff0000;\"><strong style=\"color: #ff0000;\"><strong style=\"color: #ffffff;\">$1200<\/strong><\/strong><\/span><\/span><\/span><\/span><\/p>\n<p style=\"text-align: center; line-height: 1;\"><strong>&nbsp;<span style=\"color: #ffffff;\"><span style=\"color: #ff0000;\"><span style=\"color: #ffffff;\">Marquise de Chocolate<\/span><span style=\"color: #ffffff;\"><br><\/span><\/span><\/span><\/strong><span style=\"color: #ffffff;\"><span style=\"color: #ff0000;\"><strong><strong style=\"color: #ffffff;\">$1050<\/strong><\/strong><\/span><\/span><\/p>\n<p style=\"text-align: center; line-height: 1;\"><span style=\"color: #ffffff;\"><strong>Bud\u00edn de Zanahorias<br>$650<\/strong><\/span><\/p>\n<p style=\"text-align: center; line-height: 1;\"><span style=\"color: #ffffff;\"><strong>Bud\u00edn Marmolado de Naranja y Chocolate<br>$700<\/strong><\/span><\/p>\n<p style=\"text-align: center; line-height: 1;\"><span style=\"color: #ffffff;\"><strong>Alfajor de maicena<\/strong> (s\/tacc)&nbsp;<br><strong>$600<\/strong><\/span><\/p>\n<p style=\"text-align: center; line-height: 1;\"><strong><span style=\"color: #ffffff;\">Cabsha individual<br><\/span><\/strong><strong><span style=\"color: #ffffff;\">$950<\/span><\/strong><\/p>\n<p style=\"text-align: center; line-height: 1;\">&nbsp;<\/p>\n<p style=\"text-align: center; line-height: 1;\"><span style=\"color: #ffffff;\"><strong>Pan integral con huevo, palta y tomates asados<\/strong><\/span><br style=\"color: #ffffff;\"><strong style=\"color: #ffffff;\">$1550<\/strong><\/p>\n<p style=\"text-align: center; line-height: 1;\"><span style=\"color: #ffffff;\"><strong>Tostada francesa <\/strong><br><strong>con frutas de estaci\u00f3n y chantilly de canela<\/strong><br><strong>$1550<\/strong><\/span><\/p>\n<p style=\"text-align: center; line-height: 1;\"><span style=\"color: #ffffff;\"><strong>Bowl Natural<br><\/strong><\/span><strong style=\"color: #ffffff;\">( granola casera + yogurt natural )<br><\/strong><strong style=\"color: #ffffff;\">$1700<\/strong><\/p>\n<p style=\"text-align: center; line-height: 1;\"><span style=\"color: #ffffff;\"><strong style=\"color: #515050; font-size: 21.3333px;\"><span style=\"color: #ffffff;\">SANDWICHES<\/span><\/strong><\/span><\/p>\n<p style=\"text-align: center; line-height: 1;\"><span style=\"color: #ffffff;\">Sandwich Serrano con papas chip<br>(Pan Baguette ,Con lomo de cerdo, queso gruyere, r\u00facula, tomates asados y manteca)<br><strong>$1800<\/strong><\/span><\/p>\n<p style=\"text-align: center; line-height: 1;\"><span style=\"color: #ffffff;\">Baguette de jam\u00f3n y queso con papas chip<br><\/span><strong><span style=\"color: #ffffff;\">$1700<br><\/span><\/strong><em><span style=\"color: #ffffff;\">(opcional con r\u00facula y tomates asados $1900)<\/span><\/em><\/p>\n<p style=\"text-align: center; line-height: 1;\"><span style=\"color: #ffffff;\">Pan de molde con jam\u00f3n y queso (s\/tacc)<\/span><strong style=\"color: #ffffff;\"><br>$1950<br><\/strong><em style=\"color: #ffffff;\">(opcional con R\u00facula y tomates asados $2100)<\/em><\/p>\n<p style=\"text-align: center; line-height: 1;\">&nbsp;<\/p><\/div><\/div><\/div><\/div><\/div><\/div><\/div><\/div><div class=\"vce-row-container\"><div class=\"vce-row vce-element--has-background vce-row--col-gap-30 vce-row-columns--top vce-row-content--top\" id=\"el-50f0471f\" data-vce-do-apply=\"all el-50f0471f\"><div class=\"vce-content-background-container\"><div class=\"vce-asset-background-simple-container vce-visible-all-only vce-asset-background-simple--style-full-width vce-asset-background-simple--position-center-top\"><div class=\"vce-asset-background-simple\"><div class=\"vce-asset-background-simple-item\" style=\"background-image: url('https:\/\/growbrands.net\/neworder\/wp-content\/uploads\/2021\/02\/coc.fondolargo.png');\"><\/div><\/div><\/div><\/div><div class=\"vce-row-content\" data-vce-element-content=\"true\"><div class=\"vce-col vce-col--md-auto vce-col--xs-1 vce-col--xs-last vce-col--xs-first vce-col--sm-last vce-col--sm-first vce-col--md-last vce-col--lg-last vce-col--xl-last vce-col--md-first vce-col--lg-first vce-col--xl-first\" id=\"el-9bddbd0e\"><div class=\"vce-col-inner\" data-vce-do-apply=\"border margin background  el-9bddbd0e\"><div class=\"vce-col-content\" data-vce-element-content=\"true\" data-vce-do-apply=\"padding el-9bddbd0e\"><div class=\"vce-text-block\"><div class=\"vce-text-block-wrapper vce\" id=\"el-d3b4a14c\" data-vce-do-apply=\"all el-d3b4a14c\"><p style=\"text-align: center;\"><a name=\"2\"><\/a><span style=\"color: #000000;\"><strong><span style=\"font-family: ABeeZee; font-size: 16pt; letter-spacing: 4px;\">COMBINADOS<br>CAFETER\u00cdA<\/span><\/strong><\/span><\/p><\/div><\/div><div class=\"vce-text-block\"><div class=\"vce-text-block-wrapper vce\" id=\"el-31c64296\" data-vce-do-apply=\"all el-31c64296\"><p style=\"text-align: center;\">&nbsp;<\/p>\n<p style=\"text-align: center;\"><span style=\"color: #144147;\"><strong>Combinaci\u00f3n criollo<br><\/strong><\/span><em style=\"color: #144147;\">(2 criollos + caf\u00e9 con leche o infusi\u00f3n)<br><\/em><em style=\"color: #144147;\"><strong>$1150<\/strong><\/em><\/p>\n<p style=\"text-align: center;\"><span style=\"color: #144147;\"><strong>Combinaci\u00f3n medialuna<\/strong><strong><br><\/strong><em>( 2 Medialunas saladas o dulces + caf\u00e9 con leche o infusi\u00f3n)<br><strong>$1150<\/strong><\/em><\/span><\/p>\n<p style=\"text-align: center;\"><span style=\"color: #144147;\"><strong>Combinaci\u00f3n proteica<br><\/strong><\/span><span style=\"color: #144147;\"><em>(+ caf\u00e9 con leche o infusi\u00f3n + tostada pan integral, palta, huevo y tomate asado + jugo chico<\/em><\/span><span style=\"color: #144147;\"><em>)<br><\/em><\/span><span style=\"color: #144147;\"><em><strong>$2600<\/strong><\/em><\/span><\/p>\n<p style=\"text-align: center;\"><span style=\"color: #144147;\"><strong>Combinaci\u00f3n tostadas<\/strong><br><em>(2 Tostadas + manteca y mermelada + <\/em><\/span><em><span style=\"color: #144147;\">caf\u00e9 con leche o infusi\u00f3n + jugo chico)<\/span><\/em><br style=\"color: #144147;\"><em><strong style=\"color: #144147;\">$1650<\/strong><\/em><\/p>\n<p style=\"text-align: center;\"><span style=\"color: #144147;\"><strong>Sugerencia COC<br><\/strong><em>(2 Tostadas (pan negro o blanco) + manteca y mermelada <\/em><br><em>+ jam\u00f3n y queso + medialuna dulce o salada + caf\u00e9 con leche o infusi\u00f3n + jugo chico)-consultar opcional sin Tacc<br><\/em><\/span><span style=\"color: #144147;\"><strong><em>$2050<\/em><\/strong><\/span><\/p>\n<p style=\"text-align: center;\"><span style=\"color: #144147;\"><strong><em>Americano<br><\/em><\/strong><em>(2 Huevos, Panceta ahumada, 2 Waffles + Jugo de Naranja)<br><strong>$2150<\/strong><\/em><\/span><\/p>\n<p style=\"text-align: center;\">&nbsp;<\/p><\/div><\/div><\/div><\/div><\/div><\/div><\/div><\/div><div class=\"vce-row-container\"><div class=\"vce-row vce-element--has-background vce-row--col-gap-30 vce-row-columns--top vce-row-content--top\" id=\"el-2be8e4b0\" data-vce-do-apply=\"all el-2be8e4b0\"><div class=\"vce-content-background-container\"><div class=\"vce-asset-background-simple-container vce-visible-all-only vce-asset-background-simple--style-cover vce-asset-background-simple--position-center-center\"><div class=\"vce-asset-background-simple\"><div class=\"vce-asset-background-simple-item\" style=\"background-image: url('https:\/\/growbrands.net\/neworder\/wp-content\/uploads\/2021\/02\/coc.fondolargo.png');\"><\/div><\/div><\/div><\/div><div class=\"vce-row-content\" data-vce-element-content=\"true\"><div class=\"vce-col vce-col--md-auto vce-col--xs-1 vce-col--xs-last vce-col--xs-first vce-col--sm-last vce-col--sm-first vce-col--md-last vce-col--lg-last vce-col--xl-last vce-col--md-first vce-col--lg-first vce-col--xl-first\" id=\"el-6b639f9e\"><div class=\"vce-col-inner\" data-vce-do-apply=\"border margin background  el-6b639f9e\"><div class=\"vce-col-content\" data-vce-element-content=\"true\" data-vce-do-apply=\"padding el-6b639f9e\"><div class=\"vce-text-block\"><div class=\"vce-text-block-wrapper vce\" id=\"el-abdb5977\" data-vce-do-apply=\"all el-abdb5977\"><\/div><\/div><div class=\"vce-text-block\"><div class=\"vce-text-block-wrapper vce\" id=\"el-67bbbe84\" data-vce-do-apply=\"all el-67bbbe84\"><h2 style=\"text-align: center;\"><span style=\"color: #a56d2e; font-size: 16pt;\"><a style=\"color: #a56d2e;\" href=\"https:\/\/growbrands.net\/neworder\/coc\/\">VOLVER<\/a><\/span><\/h2><\/div><\/div><\/div><\/div><\/div><\/div><\/div><\/div><\/div><\/div><\/div><\/div><\/div><\/div><div class=\"vce-row-container\"><div class=\"vce-row vce-row--col-gap-30 vce-row-columns--top vce-row-content--top\" id=\"el-034f0b1b\" data-vce-do-apply=\"all el-034f0b1b\"><div class=\"vce-row-content\" data-vce-element-content=\"true\"><div class=\"vce-col vce-col--md-auto vce-col--xs-1 vce-col--xs-last vce-col--xs-first vce-col--sm-last vce-col--sm-first vce-col--md-last vce-col--lg-last vce-col--xl-last vce-col--md-first vce-col--lg-first vce-col--xl-first\" id=\"el-79c96dd8\"><div class=\"vce-col-inner\" data-vce-do-apply=\"border margin background  el-79c96dd8\"><div class=\"vce-col-content\" data-vce-element-content=\"true\" data-vce-do-apply=\"padding el-79c96dd8\"><div class=\"vce-widgets-container\"><div class=\"vce vce-widgets-wrapper\" id=\"el-45f7dd9e\" data-vce-do-apply=\"all el-45f7dd9e\"><div class=\"textwidget custom-html-widget\"><div style=\"text-align; background-color:#000;\">\n<p style=\"text-align: center;\"><a href=\"http:\/\/www.neworder.menu\" target=\"_blank\" style=\"text-decoration:none;\"><span style=\"color:#ffffff;\">New Order: QR Digital Menu <br By Grow Brands<\/span><\/a><\/p>\n\t<\/div><\/div><\/div><\/div><\/div><\/div><\/div><\/div><\/div><\/div>\n","protected":false},"excerpt":{"rendered":"<p>CAFETER\u00cdATodos los d\u00edas de 8:00&nbsp; a 13:00&nbsp;&nbsp;Espresso$590 Caf\u00e9 en jarro&nbsp;$720 Caf\u00e9 doble&nbsp;&nbsp;$850 Caf\u00e9 con leche&nbsp;$850 Adicional crema$500 &nbsp; CAF\u00c9 ESPECIAL Capuccino doble$960 Submarino$820 Ice Cold Coffee Cream$1050 Caf\u00e9 Moka&nbsp;(Caf\u00e9, leche y chocolate semiamargo)$1050 Iced Latte$1050 Ice Long Black$1100 Caf\u00e9 Tonic$1050 &nbsp; &nbsp; &nbsp; INFUSIONES ( &hellip; <\/p>\n","protected":false},"author":29,"featured_media":0,"parent":0,"menu_order":0,"comment_status":"closed","ping_status":"closed","template":"","meta":{"_monsterinsights_skip_tracking":false,"_monsterinsights_sitenote_active":false,"_monsterinsights_sitenote_note":"","_monsterinsights_sitenote_category":0,"footnotes":""},"coauthors":[62,61,108],"class_list":["post-24066","page","type-page","status-publish","hentry"],"_links":{"self":[{"href":"https:\/\/growbrands.net\/neworder\/wp-json\/wp\/v2\/pages\/24066","targetHints":{"allow":["GET"]}}],"collection":[{"href":"https:\/\/growbrands.net\/neworder\/wp-json\/wp\/v2\/pages"}],"about":[{"href":"https:\/\/growbrands.net\/neworder\/wp-json\/wp\/v2\/types\/page"}],"author":[{"embeddable":true,"href":"https:\/\/growbrands.net\/neworder\/wp-json\/wp\/v2\/users\/29"}],"replies":[{"embeddable":true,"href":"https:\/\/growbrands.net\/neworder\/wp-json\/wp\/v2\/comments?post=24066"}],"version-history":[{"count":537,"href":"https:\/\/growbrands.net\/neworder\/wp-json\/wp\/v2\/pages\/24066\/revisions"}],"predecessor-version":[{"id":65777,"href":"https:\/\/growbrands.net\/neworder\/wp-json\/wp\/v2\/pages\/24066\/revisions\/65777"}],"wp:attachment":[{"href":"https:\/\/growbrands.net\/neworder\/wp-json\/wp\/v2\/media?parent=24066"}],"wp:term":[{"taxonomy":"author","embeddable":true,"href":"https:\/\/growbrands.net\/neworder\/wp-json\/wp\/v2\/coauthors?post=24066"}],"curies":[{"name":"wp","href":"https:\/\/api.w.org\/{rel}","templated":true}]}}