{"id":21240,"date":"2021-01-25T17:51:03","date_gmt":"2021-01-25T20:51:03","guid":{"rendered":"https:\/\/growbrands.net\/neworder\/?page_id=21240"},"modified":"2021-06-20T13:36:54","modified_gmt":"2021-06-20T16:36:54","slug":"republica-restaurant-menu-degustacion","status":"publish","type":"page","link":"https:\/\/growbrands.net\/neworder\/republica-restaurant-menu-degustacion\/","title":{"rendered":"Rep\u00fablica Restaurant &#8211; Men\u00fa Degustaci\u00f3n"},"content":{"rendered":"<div class=\"vce-row-container\"><div class=\"vce-row vce-element--has-background vce-row--col-gap-30 vce-row-columns--top vce-row-content--top\" id=\"el-1f096c6d\" data-vce-do-apply=\"all el-1f096c6d\"><div class=\"vce-content-background-container\"><div class=\"vce-asset-parallax-container vce-visible-all-only\" data-vce-assets-parallax=\".vce-asset-parallax\" data-vce-assets-parallax-speed=\"200\" data-vce-assets-parallax-reverse=\"false\"><div class=\"vce-asset-parallax\" style=\"top: -200vh; bottom: -200vh; transform: translateY(69.1679vh);\"><div class=\"vce-asset-background-simple-container vce-visible-all-only vce-asset-background-simple--style-repeat vce-asset-background-simple--position-center-top\"><div class=\"vce-asset-background-simple\"><div class=\"vce-asset-background-simple-item\" style=\"background-image: url('https:\/\/growbrands.net\/neworder\/wp-content\/uploads\/2021\/01\/republica.background.jpg');\"><\/div><\/div><\/div><\/div><\/div><\/div><div class=\"vce-row-content\" data-vce-element-content=\"true\"><div class=\"vce-col vce-col--md-auto vce-col--xs-1 vce-col--xs-last vce-col--xs-first vce-col--sm-last vce-col--sm-first vce-col--md-last vce-col--lg-last vce-col--xl-last vce-col--md-first vce-col--lg-first vce-col--xl-first\" id=\"el-999bc871\"><div class=\"vce-col-inner\" data-vce-do-apply=\"border margin background  el-999bc871\"><div class=\"vce-col-content\" data-vce-element-content=\"true\" data-vce-do-apply=\"padding el-999bc871\"><div class=\"vce-single-image-container vce-single-image--align-center\"><div class=\"vce vce-single-image-wrapper\" id=\"el-db0cfdd1\" data-vce-do-apply=\"all el-db0cfdd1\"><figure><div class=\"vce-single-image-inner vce-single-image--absolute vce-single-image--border-rounded\" style=\"padding-bottom: 177.778%; width: 576px;\"><img class=\"vce-single-image\" width=\"576\" height=\"1024\"src=\"https:\/\/growbrands.net\/neworder\/wp-content\/uploads\/2021\/05\/Carta-18-2-576x1024.png\" srcset=\"https:\/\/growbrands.net\/neworder\/wp-content\/uploads\/2021\/05\/Carta-18-2-320x569.png 320w,https:\/\/growbrands.net\/neworder\/wp-content\/uploads\/2021\/05\/Carta-18-2-480x853.png 480w,https:\/\/growbrands.net\/neworder\/wp-content\/uploads\/2021\/05\/Carta-18-2-576x1024.png 576w\" data-img-src=\"https:\/\/growbrands.net\/neworder\/wp-content\/uploads\/2021\/02\/Carta-18-2.png\" alt=\"\" title=\"Carta-18 (2)\" \/><\/div><figcaption hidden=\"\"><\/figcaption><\/figure><\/div><\/div><div class=\"vce-single-image-container vce-single-image--align-center\"><div class=\"vce vce-single-image-wrapper\" id=\"el-12c8491e\" data-vce-do-apply=\"all el-12c8491e\"><figure><div class=\"vce-single-image-inner vce-single-image--absolute vce-single-image--border-rounded\" style=\"padding-bottom: 16.6%; width: 500px;\"><img class=\"vce-single-image\" width=\"500\" height=\"83\"src=\"https:\/\/growbrands.net\/neworder\/wp-content\/uploads\/2021\/05\/republica.tit-menudegustacion-500x83.png\" srcset=\"https:\/\/growbrands.net\/neworder\/wp-content\/uploads\/2021\/05\/republica.tit-menudegustacion-320x53.png 320w,https:\/\/growbrands.net\/neworder\/wp-content\/uploads\/2021\/05\/republica.tit-menudegustacion-480x80.png 480w,https:\/\/growbrands.net\/neworder\/wp-content\/uploads\/2021\/05\/republica.tit-menudegustacion-500x83.png 500w\" data-img-src=\"https:\/\/growbrands.net\/neworder\/wp-content\/uploads\/2021\/01\/republica.tit-menudegustacion.png\" alt=\"\" title=\"republica.tit-menudegustacion\" \/><\/div><figcaption hidden=\"\"><\/figcaption><\/figure><\/div><\/div><div class=\"vce-row-container\"><div class=\"vce-row vce-element--has-background vce-row--col-gap-30 vce-row-columns--top vce-row-content--top\" id=\"el-7b023fd9\" data-vce-do-apply=\"all el-7b023fd9\"><div class=\"vce-content-background-container\"><div class=\"vce-asset-parallax-container vce-visible-all-only\" data-vce-assets-parallax=\".vce-asset-parallax\" data-vce-assets-parallax-speed=\"30\" data-vce-assets-parallax-reverse=\"false\"><div class=\"vce-asset-parallax\" style=\"top: -30vh; bottom: -30vh; transform: translateY(30vh);\"><div class=\"vce-asset-background-simple-container vce-visible-all-only vce-asset-background-simple--style-repeat vce-asset-background-simple--position-center-top\"><div class=\"vce-asset-background-simple\"><div class=\"vce-asset-background-simple-item\" style=\"background-image: url('https:\/\/growbrands.net\/neworder\/wp-content\/uploads\/2021\/01\/republica.background.jpg');\"><\/div><\/div><\/div><\/div><\/div><\/div><div class=\"vce-row-content\" data-vce-element-content=\"true\"><div class=\"vce-col vce-col--md-auto vce-col--xs-1 vce-col--xs-last vce-col--xs-first vce-col--sm-last vce-col--sm-first vce-col--md-last vce-col--lg-last vce-col--xl-last vce-col--md-first vce-col--lg-first vce-col--xl-first\" id=\"el-1c6a0778\"><div class=\"vce-col-inner\" data-vce-do-apply=\"border margin background  el-1c6a0778\"><div class=\"vce-col-content\" data-vce-element-content=\"true\" data-vce-do-apply=\"padding el-1c6a0778\"><div class=\"vce-row-container\"><div class=\"vce-row vce-row--col-gap-30 vce-row-columns--top vce-row-content--top\" id=\"el-74108797\" data-vce-do-apply=\"all el-74108797\"><div class=\"vce-row-content\" data-vce-element-content=\"true\"><div class=\"vce-col vce-col--md-auto vce-col--xs-1 vce-col--xs-last vce-col--xs-first vce-col--sm-last vce-col--sm-first vce-col--md-last vce-col--lg-last vce-col--xl-last vce-col--md-first vce-col--lg-first vce-col--xl-first\" id=\"el-739d933e\"><div class=\"vce-col-inner\" data-vce-do-apply=\"border margin background  el-739d933e\"><div class=\"vce-col-content\" data-vce-element-content=\"true\" data-vce-do-apply=\"padding el-739d933e\"><div class=\"vce-row-container\"><div class=\"vce-row vce-row--col-gap-30 vce-row-columns--top vce-row-content--top\" id=\"el-064d18aa\" data-vce-do-apply=\"all el-064d18aa\"><div class=\"vce-content-background-container\"><\/div><div class=\"vce-row-content\" data-vce-element-content=\"true\"><div class=\"vce-col vce-col--md-auto vce-col--xs-1 vce-col--xs-last vce-col--xs-first vce-col--sm-last vce-col--sm-first vce-col--md-last vce-col--lg-last vce-col--xl-last vce-col--md-first vce-col--lg-first vce-col--xl-first\" id=\"el-933752af\"><div class=\"vce-col-inner\" data-vce-do-apply=\"border margin background  el-933752af\"><div class=\"vce-content-background-container\"><\/div><div class=\"vce-col-content\" data-vce-element-content=\"true\" data-vce-do-apply=\"padding el-933752af\"><div class=\"vce-text-block\"><div class=\"vce-text-block-wrapper vce\" id=\"el-82c03bc1\" data-vce-do-apply=\"all el-82c03bc1\"><p style=\"text-align: center;\"><img class=\"alignnone wp-image-20885 size-full\" src=\"https:\/\/growbrands.net\/neworder\/wp-content\/uploads\/2021\/01\/republica.tit-menu-8pasos.png\" alt=\"\" width=\"720\" height=\"83\"><br>(Disponible s\u00f3lo en cenas de mi\u00e9rcoles a s\u00e1bados)<\/p><\/div><\/div><div class=\"vce-row-container\"><div class=\"vce-row vce-row--col-gap-30 vce-row-columns--top vce-row-content--top\" id=\"el-e5ebbdb3\" data-vce-do-apply=\"all el-e5ebbdb3\"><div class=\"vce-row-content\" data-vce-element-content=\"true\"><div class=\"vce-col vce-col--md-auto vce-col--xs-1 vce-col--xs-last vce-col--xs-first vce-col--sm-last vce-col--sm-first vce-col--md-last vce-col--lg-last vce-col--xl-last vce-col--md-first vce-col--lg-first vce-col--xl-first\" id=\"el-c6533805\"><div class=\"vce-col-inner\" data-vce-do-apply=\"border margin background  el-c6533805\"><div class=\"vce-col-content\" data-vce-element-content=\"true\" data-vce-do-apply=\"padding el-c6533805\"><div class=\"vce-text-block\"><div class=\"vce-text-block-wrapper vce\" id=\"el-f527f075\" data-vce-do-apply=\"all el-f527f075\"><table border=\"0\" width=\"100%\" cellspacing=\"10\" cellpadding=\"10\"><colgroup> <col span=\"2\" width=\"80\"> <\/colgroup>\n<tbody>\n<tr>\n<td style=\"text-align: right;\" width=\"80\" height=\"20\"><strong><span style=\"font-size: 14pt;\">1\u00b0 PASO<\/span>&nbsp;&nbsp;<\/strong><\/td>\n<td width=\"480\">Snack.<\/td>\n<\/tr>\n<tr>\n<td style=\"text-align: right;\" height=\"20\"><span style=\"font-size: 14pt;\"><strong>2\u00b0&nbsp;<\/strong><\/span><strong><span style=\"font-size: 14pt;\">PASO&nbsp;<\/span>&nbsp;<\/strong><\/td>\n<td>Conejo en compresi\u00f3n, Cabutia ahumada y crocantes de Mostaza<\/td>\n<\/tr>\n<tr>\n<td style=\"text-align: right;\" height=\"20\"><span style=\"font-size: 14pt;\"><strong>3\u00b0&nbsp;<\/strong><\/span><strong><span style=\"font-size: 14pt;\">PASO&nbsp;<\/span>&nbsp;<\/strong><\/td>\n<td>Calamar frito, Tiradito de Langostinos, emulsi\u00f3n de palta, alioli de ciruelas fermentadas.<\/td>\n<\/tr>\n<tr>\n<td style=\"text-align: right;\" height=\"20\">\n<p>&nbsp;<\/p>\n<p><span style=\"font-size: 14pt;\"><strong>4\u00b0&nbsp;<\/strong><\/span><strong><span style=\"font-size: 14pt;\">PASO<\/span>&nbsp; <\/strong><strong>&nbsp;&nbsp;<\/strong><\/p>\n<\/td>\n<td>Solomillo, coliflor quemado, chimichurri y vegetales.<\/td>\n<\/tr>\n<tr>\n<td style=\"text-align: right;\" height=\"20\"><span style=\"font-size: 14pt;\"><strong>5\u00b0&nbsp;<\/strong><\/span><strong><span style=\"font-size: 14pt;\">PASO&nbsp;<\/span>&nbsp;<\/strong><\/td>\n<td>Cordero braseado, cremoso de zanahorias y azafr\u00e1n, membrillos quemados y pesto de man\u00ed y chauchas.<\/td>\n<\/tr>\n<tr>\n<td style=\"text-align: right;\" height=\"20\"><span style=\"font-size: 14pt;\"><strong>6\u00b0&nbsp;<\/strong><\/span><strong><span style=\"font-size: 14pt;\">PASO&nbsp;<\/span>&nbsp;<\/strong><\/td>\n<td>Pre postre.<\/td>\n<\/tr>\n<tr>\n<td style=\"text-align: right;\" height=\"20\"><span style=\"font-size: 14pt;\"><strong>7\u00b0&nbsp;<\/strong><strong>PASO&nbsp;&nbsp;<\/strong><\/span><\/td>\n<td>Solido de Chocolate blanco, peras y almendras<\/td>\n<\/tr>\n<tr>\n<td style=\"text-align: right;\" height=\"20\"><span style=\"font-size: 14pt;\"><strong>8\u00b0&nbsp;<\/strong><\/span><strong><span style=\"font-size: 14pt;\">PASO<\/span>&nbsp;&nbsp;<\/strong><\/td>\n<td>Mousse de chocolate semi amargo, Bizcocho de chocolate y Merengue de cacao.<\/td>\n<\/tr>\n<\/tbody>\n<\/table>\n<p style=\"text-align: center;\"><span class=\"precio\" style=\"align: center;\">Precio por persona <strong>$2800<\/strong><\/span><\/p><\/div><\/div><\/div><\/div><\/div><\/div><\/div><\/div><\/div><\/div><\/div><\/div><\/div><\/div><\/div><\/div><\/div><\/div><\/div><\/div><\/div><\/div><\/div><\/div><\/div><\/div><div class=\"vce-row-container\"><div class=\"vce-row vce-element--has-background vce-row--col-gap-30 vce-row-columns--top vce-row-content--top\" id=\"el-f532b86e\" data-vce-do-apply=\"all el-f532b86e\"><div class=\"vce-content-background-container\"><div class=\"vce-asset-parallax-container vce-visible-all-only\" data-vce-assets-parallax=\".vce-asset-parallax\" data-vce-assets-parallax-speed=\"30\" data-vce-assets-parallax-reverse=\"false\"><div class=\"vce-asset-parallax\" style=\"top: -30vh; bottom: -30vh; transform: translateY(30vh);\"><div class=\"vce-asset-background-simple-container vce-visible-all-only vce-asset-background-simple--style-repeat vce-asset-background-simple--position-center-top\"><div class=\"vce-asset-background-simple\"><div class=\"vce-asset-background-simple-item\" style=\"background-image: url('https:\/\/growbrands.net\/neworder\/wp-content\/uploads\/2021\/01\/republica.background.jpg');\"><\/div><\/div><\/div><\/div><\/div><\/div><div class=\"vce-row-content\" data-vce-element-content=\"true\"><div class=\"vce-col vce-col--md-auto vce-col--xs-1 vce-col--xs-last vce-col--xs-first vce-col--sm-last vce-col--sm-first vce-col--md-last vce-col--lg-last vce-col--xl-last vce-col--md-first vce-col--lg-first vce-col--xl-first\" id=\"el-921f7200\"><div class=\"vce-col-inner\" data-vce-do-apply=\"border margin background  el-921f7200\"><div class=\"vce-col-content\" data-vce-element-content=\"true\" data-vce-do-apply=\"padding el-921f7200\"><div class=\"vce-row-container\"><div class=\"vce-row vce-row--col-gap-30 vce-row-columns--top vce-row-content--top\" id=\"el-12be212e\" data-vce-do-apply=\"all el-12be212e\"><div class=\"vce-row-content\" data-vce-element-content=\"true\"><div class=\"vce-col vce-col--md-auto vce-col--xs-1 vce-col--xs-last vce-col--xs-first vce-col--sm-last vce-col--sm-first vce-col--md-last vce-col--lg-last vce-col--xl-last vce-col--md-first vce-col--lg-first vce-col--xl-first\" id=\"el-7e79a98e\"><div class=\"vce-col-inner\" data-vce-do-apply=\"border margin background  el-7e79a98e\"><div class=\"vce-col-content\" data-vce-element-content=\"true\" data-vce-do-apply=\"padding el-7e79a98e\"><div class=\"vce-row-container\"><div class=\"vce-row vce-row--col-gap-30 vce-row-columns--top vce-row-content--top\" id=\"el-e363a06d\" data-vce-do-apply=\"all el-e363a06d\"><div class=\"vce-content-background-container\"><\/div><div class=\"vce-row-content\" data-vce-element-content=\"true\"><div class=\"vce-col vce-col--md-auto vce-col--xs-1 vce-col--xs-last vce-col--xs-first vce-col--sm-last vce-col--sm-first vce-col--md-last vce-col--lg-last vce-col--xl-last vce-col--md-first vce-col--lg-first vce-col--xl-first\" id=\"el-9df7117f\"><div class=\"vce-col-inner\" data-vce-do-apply=\"border margin background  el-9df7117f\"><div class=\"vce-content-background-container\"><\/div><div class=\"vce-col-content\" data-vce-element-content=\"true\" data-vce-do-apply=\"padding el-9df7117f\"><div class=\"vce-text-block\"><div class=\"vce-text-block-wrapper vce\" id=\"el-6f0638ff\" data-vce-do-apply=\"all el-6f0638ff\"><p style=\"text-align: center;\"><a name=\"8\"><\/a><img class=\"alignnone wp-image-20886 size-full\" src=\"..\/wp-content\/uploads\/2021\/01\/republica.tit-menu-8pasosmaridaje.png\" alt=\"\" width=\"720\" height=\"83\"><br><strong>Acompa\u00f1a bodega Falasco<\/strong><\/p><\/div><\/div><div class=\"vce-row-container\"><div class=\"vce-row vce-row--col-gap-30 vce-row-columns--top vce-row-content--top\" id=\"el-93e82714\" data-vce-do-apply=\"all el-93e82714\"><div class=\"vce-row-content\" data-vce-element-content=\"true\"><div class=\"vce-col vce-col--md-auto vce-col--xs-1 vce-col--xs-last vce-col--xs-first vce-col--sm-last vce-col--sm-first vce-col--md-last vce-col--lg-last vce-col--xl-last vce-col--md-first vce-col--lg-first vce-col--xl-first\" id=\"el-e12a0bf5\"><div class=\"vce-col-inner\" data-vce-do-apply=\"border margin background  el-e12a0bf5\"><div class=\"vce-col-content\" data-vce-element-content=\"true\" data-vce-do-apply=\"padding el-e12a0bf5\"><div class=\"vce-text-block\"><div class=\"vce-text-block-wrapper vce\" id=\"el-438bd093\" data-vce-do-apply=\"all el-438bd093\"><p style=\"text-align: center;\"><strong>Agua<\/strong> con o sin gas <br><strong>Copa Vino<\/strong> Numina Chardonnay 2019<br><strong>Copa Vino<\/strong> Numina Malbec 2019<br><strong>Copa Espumoso Salentein Brut Nature<\/strong><br><strong>Caf\u00e9 Expresso o T\u00e9<\/strong> (selecci\u00f3n de nuestra caja Inti Zen)&nbsp;<\/p>\n<p style=\"text-align: center;\"><span class=\"precio\" style=\"align: center;\">Precio por persona <strong>$3700<\/strong><\/span><\/p>\n<p style=\"text-align: center;\">*El Servicio de Men\u00fa Degustaci\u00f3n se realiza para todos los comensales de la mesa por los tiempos del servicio, la calidad, la presentaci\u00f3n de platos y la experiencia del cliente.<\/p><\/div><\/div><\/div><\/div><\/div><\/div><\/div><\/div><\/div><\/div><\/div><\/div><\/div><\/div><\/div><\/div><\/div><\/div><\/div><\/div><\/div><\/div><\/div><\/div><\/div><\/div><div class=\"vce-row-container\"><div class=\"vce-row vce-row--col-gap-30 vce-row-columns--top vce-row-content--top\" id=\"el-3cedd02a\" data-vce-do-apply=\"all el-3cedd02a\"><div class=\"vce-row-content\" data-vce-element-content=\"true\"><div class=\"vce-col vce-col--md-auto vce-col--xs-1 vce-col--xs-last vce-col--xs-first vce-col--sm-last vce-col--sm-first vce-col--md-last vce-col--lg-last vce-col--xl-last vce-col--md-first vce-col--lg-first vce-col--xl-first\" id=\"el-19108929\"><div class=\"vce-col-inner\" data-vce-do-apply=\"border margin background  el-19108929\"><div class=\"vce-col-content\" data-vce-element-content=\"true\" data-vce-do-apply=\"padding el-19108929\"><div class=\"vce-single-image-container vce-single-image--align-center\"><div class=\"vce vce-single-image-wrapper\" id=\"el-32523894\" data-vce-do-apply=\"all el-32523894\"><figure><a href=\"https:\/\/growbrands.net\/neworder\/republica\/\" title=\"\" class=\"vce-single-image-inner vce-single-image--absolute\" style=\"padding-bottom: 37.8947%; width: 95px;\"><img class=\"vce-single-image\" width=\"95\" height=\"36\"src=\"https:\/\/growbrands.net\/neworder\/wp-content\/uploads\/2021\/05\/republica.volver-95x36.png\" srcset=\"https:\/\/growbrands.net\/neworder\/wp-content\/uploads\/2021\/05\/republica.volver-95x36.png 95w\" data-img-src=\"https:\/\/growbrands.net\/neworder\/wp-content\/uploads\/2021\/01\/republica.volver.png\" alt=\"\" title=\"republica.volver\" \/><\/a><figcaption hidden=\"\"><\/figcaption><\/figure><\/div><\/div><\/div><\/div><\/div><\/div><\/div><\/div><\/div><\/div><\/div><\/div><\/div><\/div><div class=\"vce-row-container\"><div class=\"vce-row vce-row--col-gap-30 vce-row-columns--top vce-row-content--top\" id=\"el-034f0b1b\" data-vce-do-apply=\"all el-034f0b1b\"><div class=\"vce-row-content\" data-vce-element-content=\"true\"><div class=\"vce-col vce-col--md-auto vce-col--xs-1 vce-col--xs-last vce-col--xs-first vce-col--sm-last vce-col--sm-first vce-col--md-last vce-col--lg-last vce-col--xl-last vce-col--md-first vce-col--lg-first vce-col--xl-first\" id=\"el-79c96dd8\"><div class=\"vce-col-inner\" data-vce-do-apply=\"border margin background  el-79c96dd8\"><div class=\"vce-col-content\" data-vce-element-content=\"true\" data-vce-do-apply=\"padding el-79c96dd8\"><div class=\"vce-widgets-container\"><div class=\"vce vce-widgets-wrapper\" id=\"el-45f7dd9e\" data-vce-do-apply=\"all el-45f7dd9e\"><div class=\"textwidget custom-html-widget\"><div style=\"text-align; background-color:#000;\">\n<p style=\"text-align: center;\"><a href=\"http:\/\/www.neworder.menu\" target=\"_blank\" style=\"text-decoration:none;\"><span style=\"color:#ffffff;\">New Order: QR Digital Menu <br By Grow Brands<\/span><\/a><\/p>\n\t<\/div><\/div><\/div><\/div><\/div><\/div><\/div><\/div><\/div><\/div>\n","protected":false},"excerpt":{"rendered":"<p>(Disponible s\u00f3lo en cenas de mi\u00e9rcoles a s\u00e1bados) 1\u00b0 PASO&nbsp;&nbsp; Snack. 2\u00b0&nbsp;PASO&nbsp;&nbsp; Conejo en compresi\u00f3n, Cabutia ahumada y crocantes de Mostaza 3\u00b0&nbsp;PASO&nbsp;&nbsp; Calamar frito, Tiradito de Langostinos, emulsi\u00f3n de palta, alioli de ciruelas fermentadas. &nbsp; 4\u00b0&nbsp;PASO&nbsp; &nbsp;&nbsp; Solomillo, coliflor quemado, chimichurri y vegetales. 5\u00b0&nbsp;PASO&nbsp;&nbsp; Cordero &hellip; <\/p>\n","protected":false},"author":12,"featured_media":0,"parent":0,"menu_order":0,"comment_status":"closed","ping_status":"closed","template":"","meta":{"_monsterinsights_skip_tracking":false,"_monsterinsights_sitenote_active":false,"_monsterinsights_sitenote_note":"","_monsterinsights_sitenote_category":0,"footnotes":""},"coauthors":[],"class_list":["post-21240","page","type-page","status-publish","hentry"],"_links":{"self":[{"href":"https:\/\/growbrands.net\/neworder\/wp-json\/wp\/v2\/pages\/21240","targetHints":{"allow":["GET"]}}],"collection":[{"href":"https:\/\/growbrands.net\/neworder\/wp-json\/wp\/v2\/pages"}],"about":[{"href":"https:\/\/growbrands.net\/neworder\/wp-json\/wp\/v2\/types\/page"}],"author":[{"embeddable":true,"href":"https:\/\/growbrands.net\/neworder\/wp-json\/wp\/v2\/users\/12"}],"replies":[{"embeddable":true,"href":"https:\/\/growbrands.net\/neworder\/wp-json\/wp\/v2\/comments?post=21240"}],"version-history":[{"count":21,"href":"https:\/\/growbrands.net\/neworder\/wp-json\/wp\/v2\/pages\/21240\/revisions"}],"predecessor-version":[{"id":36309,"href":"https:\/\/growbrands.net\/neworder\/wp-json\/wp\/v2\/pages\/21240\/revisions\/36309"}],"wp:attachment":[{"href":"https:\/\/growbrands.net\/neworder\/wp-json\/wp\/v2\/media?parent=21240"}],"wp:term":[{"taxonomy":"author","embeddable":true,"href":"https:\/\/growbrands.net\/neworder\/wp-json\/wp\/v2\/coauthors?post=21240"}],"curies":[{"name":"wp","href":"https:\/\/api.w.org\/{rel}","templated":true}]}}