{"id":17338,"date":"2021-01-08T21:51:27","date_gmt":"2021-01-09T00:51:27","guid":{"rendered":"https:\/\/growbrands.net\/neworder\/?page_id=17338"},"modified":"2026-01-02T17:32:13","modified_gmt":"2026-01-02T20:32:13","slug":"pueblo-nativo-terapias-de-sala-de-barros","status":"publish","type":"page","link":"https:\/\/growbrands.net\/neworder\/pueblo-nativo-terapias-de-sala-de-barros\/","title":{"rendered":"Pueblo Nativo &#8211; Terapias de sala de barros"},"content":{"rendered":"<div class=\"vce-row-container\"><div class=\"vce-row vce-row--col-gap-30 vce-row-columns--top vce-row-content--top\" id=\"el-1075bb4e\" data-vce-do-apply=\"all el-1075bb4e\"><div class=\"vce-row-content\" data-vce-element-content=\"true\"><div class=\"vce-col vce-col--md-auto vce-col--xs-1 vce-col--xs-last vce-col--xs-first vce-col--sm-last vce-col--sm-first vce-col--md-last vce-col--lg-last vce-col--xl-last vce-col--md-first vce-col--lg-first vce-col--xl-first\" id=\"el-e8a62c0f\"><div class=\"vce-col-inner\" data-vce-do-apply=\"border margin background  el-e8a62c0f\"><div class=\"vce-col-content\" data-vce-element-content=\"true\" data-vce-do-apply=\"padding el-e8a62c0f\"><div class=\"vce-row-container\"><div class=\"vce-row vce-row--col-gap-30 vce-row-columns--top vce-row-content--top\" id=\"el-934aaa71\" data-vce-do-apply=\"all el-934aaa71\"><div class=\"vce-row-content\" data-vce-element-content=\"true\"><div class=\"vce-col vce-col--md-auto vce-col--xs-1 vce-col--xs-last vce-col--xs-first vce-col--sm-last vce-col--sm-first vce-col--md-last vce-col--lg-last vce-col--xl-last vce-col--md-first vce-col--lg-first vce-col--xl-first\" id=\"el-8137a096\"><div class=\"vce-col-inner\" data-vce-do-apply=\"border margin background  el-8137a096\"><div class=\"vce-col-content\" data-vce-element-content=\"true\" data-vce-do-apply=\"padding el-8137a096\"><div class=\"vce-single-image-container vce-single-image--align-center\"><div class=\"vce vce-single-image-wrapper\" id=\"el-98d42cdd\" data-vce-do-apply=\"all el-98d42cdd\"><figure><div class=\"vce-single-image-inner vce-single-image--absolute\" style=\"padding-bottom: 27.7815%; width: 1501px;\"><img class=\"vce-single-image\" src=\"https:\/\/growbrands.net\/neworder\/wp-content\/uploads\/2025\/08\/banner-masajes-26.jpg\" data-img-src=\"https:\/\/growbrands.net\/neworder\/wp-content\/uploads\/2025\/08\/banner-masajes-26.jpg\" alt=\"\" title=\"banner masajes-26\"><\/div><figcaption hidden=\"\"><\/figcaption><\/figure><\/div><\/div><\/div><\/div><\/div><\/div><\/div><\/div><div class=\"vce-row-container\"><div class=\"vce-row vce-row--col-gap-30 vce-row-columns--top vce-row-content--top\" id=\"el-0d6cbe74\" data-vce-do-apply=\"all el-0d6cbe74\"><div class=\"vce-row-content\" data-vce-element-content=\"true\"><div class=\"vce-col vce-col--md-auto vce-col--xs-1 vce-col--xs-last vce-col--xs-first vce-col--sm-last vce-col--sm-first vce-col--md-last vce-col--lg-last vce-col--xl-last vce-col--md-first vce-col--lg-first vce-col--xl-first\" id=\"el-c4c0af0e\"><div class=\"vce-col-inner\" data-vce-do-apply=\"border margin background  el-c4c0af0e\"><div class=\"vce-col-content\" data-vce-element-content=\"true\" data-vce-do-apply=\"padding el-c4c0af0e\"><div class=\"vce-row-container\"><div class=\"vce-row vce-row--col-gap-30 vce-row-columns--top vce-row-content--top\" id=\"el-5e80b5dc\" data-vce-do-apply=\"all el-5e80b5dc\"><div class=\"vce-content-background-container\"><\/div><div class=\"vce-row-content\" data-vce-element-content=\"true\"><div class=\"vce-col vce-col--md-auto vce-col--xs-1 vce-col--xs-last vce-col--xs-first vce-col--sm-last vce-col--sm-first vce-col--md-last vce-col--lg-last vce-col--xl-last vce-col--md-first vce-col--lg-first vce-col--xl-first\" id=\"el-f65ad984\"><div class=\"vce-col-inner\" data-vce-do-apply=\"border margin background  el-f65ad984\"><div class=\"vce-col-content\" data-vce-element-content=\"true\" data-vce-do-apply=\"padding el-f65ad984\"><div class=\"vce-text-block\"><div class=\"vce-text-block-wrapper vce\" id=\"el-eafcca59\" data-vce-do-apply=\"all el-eafcca59\"><div class=\"subtitulo\" style=\"text-align: center;\">Esencia Spa nivel -3&nbsp;<\/div>\n<div class=\"subtitulo\" style=\"text-align: center;\">Se requiere realizar reserva al <strong>9815<\/strong> o v\u00eda WhatsApp al <strong>3516597199<\/strong>, para tratamientos, masajes, circuito h\u00eddrico y gimnasio.&nbsp;<\/div>\n<div class=\"subtitulo\" style=\"text-align: center;\">Horarios Circuito H\u00eddrico y Terapias: Todos los d\u00edas de 10:00 a 19:00 hs<\/div>\n<div class=\"subtitulo\" style=\"text-align: center;\">&nbsp;Horario exclusivo menores de 15 a\u00f1os en vacaciones de invierno:&nbsp; 10:00 a 16:00 hs<\/div><\/div><\/div><\/div><\/div><\/div><\/div><\/div><\/div><div class=\"vce-row-container\"><div class=\"vce-row vce-element--has-background vce-row--col-gap-30 vce-row-columns--top vce-row-content--top\" id=\"el-9b41b34c\" data-vce-do-apply=\"all el-9b41b34c\"><div class=\"vce-content-background-container\"><\/div><div class=\"vce-row-content\" data-vce-element-content=\"true\"><div class=\"vce-col vce-col--md-auto vce-col--xs-1 vce-col--xs-last vce-col--xs-first vce-col--sm-last vce-col--sm-first vce-col--md-last vce-col--lg-last vce-col--xl-last vce-col--md-first vce-col--lg-first vce-col--xl-first\" id=\"el-fab21d7a\"><div class=\"vce-col-inner\" data-vce-do-apply=\"border margin background  el-fab21d7a\"><div class=\"vce-col-content\" data-vce-element-content=\"true\" data-vce-do-apply=\"padding el-fab21d7a\"><div class=\"vce-text-block\"><div class=\"vce-text-block-wrapper vce\" id=\"el-311f06e6\" data-vce-do-apply=\"all el-311f06e6\"><div class=\"subtitulo\" style=\"text-align: left;\"><span style=\"font-size: 26.6667px;\">Tratamiento corporal: Chocoterapia<\/span><\/div><\/div><\/div><div class=\"vce-text-block\"><div class=\"vce-text-block-wrapper vce\" id=\"el-5be3709d\" data-vce-do-apply=\"all el-5be3709d\"><p>Chocoterapia: Exfoliaci\u00f3n y m\u00e1scara de chocolate en todo el cuerpo y nutrici\u00f3n de la piel&nbsp; con aceite de almendras. Ideal para pieles secas.<br><em>Duraci\u00f3n: 50 min<\/em><\/p>\n<p><strong>$80.000<\/strong><\/p><\/div><\/div><\/div><\/div><\/div><\/div><\/div><\/div><div class=\"vce-row-container\"><div class=\"vce-row vce-element--has-background vce-row--col-gap-30 vce-row-columns--top vce-row-content--top\" id=\"el-920bf6e0\" data-vce-do-apply=\"all el-920bf6e0\"><div class=\"vce-content-background-container\"><\/div><div class=\"vce-row-content\" data-vce-element-content=\"true\"><div class=\"vce-col vce-col--md-auto vce-col--xs-1 vce-col--xs-last vce-col--xs-first vce-col--sm-last vce-col--sm-first vce-col--md-last vce-col--lg-last vce-col--xl-last vce-col--md-first vce-col--lg-first vce-col--xl-first\" id=\"el-91cebc40\"><div class=\"vce-col-inner\" data-vce-do-apply=\"border margin background  el-91cebc40\"><div class=\"vce-col-content\" data-vce-element-content=\"true\" data-vce-do-apply=\"padding el-91cebc40\"><div class=\"vce-text-block\"><div class=\"vce-text-block-wrapper vce\" id=\"el-c95b49aa\" data-vce-do-apply=\"all el-c95b49aa\"><div class=\"subtitulo\" style=\"text-align: left;\"><span style=\"font-size: 26.6667px;\">Ducha vichy<\/span><\/div><\/div><\/div><div class=\"vce-text-block\"><div class=\"vce-text-block-wrapper vce\" id=\"el-63857bb6\" data-vce-do-apply=\"all el-63857bb6\"><p>Exclusiva terapia que comienza con una exfoliacion corporal,&nbsp; seguido por un masaje relajante, todo bajo una lluvia horizontal de agua tibia.&nbsp; Reduce el estr\u00e9s, relaja los m\u00fasculos, alivia contracturas y favorece la circulaci\u00f3n sangu\u00ednea.<\/p>\n<p><em>Duraci\u00f3n: 50 min<\/em><\/p>\n<p><strong>$65.000<\/strong><\/p><\/div><\/div><\/div><\/div><\/div><\/div><\/div><\/div><div class=\"vce-row-container\"><div class=\"vce-row vce-row--col-gap-30 vce-row-columns--top vce-row-content--top\" id=\"el-af830436\" data-vce-do-apply=\"all el-af830436\"><div class=\"vce-row-content\" data-vce-element-content=\"true\"><div class=\"vce-col vce-col--md-auto vce-col--xs-1 vce-col--xs-last vce-col--xs-first vce-col--sm-last vce-col--sm-first vce-col--md-last vce-col--lg-last vce-col--xl-last vce-col--md-first vce-col--lg-first vce-col--xl-first\" id=\"el-1561eb09\"><div class=\"vce-col-inner\" data-vce-do-apply=\"border margin background  el-1561eb09\"><div class=\"vce-col-content\" data-vce-element-content=\"true\" data-vce-do-apply=\"padding el-1561eb09\"><div class=\"vce-button--style-outline-container vce-button--style-outline-container--align-center\"><span class=\"vce-button--style-outline-wrapper vce\" id=\"el-745df083\" data-vce-do-apply=\"margin el-745df083\"><a class=\"vce-button--style-outline-animated vce-button--style-outline--border-round vce-button--style-outline--size-medium vce-button--style-outline-animated--color-b-142-123-108--fff--3d3d3d vce-button--style-outline-animated--border-color-b-142-123-108--3d3d3d vce-button--style-outline-animated--background-color-3d3d3d\" href=\"https:\/\/growbrands.net\/neworder\/pueblo-nativo-esencia-spa\/\" title=\"\" data-vce-do-apply=\"padding border background  el-745df083\"><span class=\"vce-button--style-outline-text\">VOLVER<\/span><\/a><\/span><\/div><div class=\"vce-single-image-container vce-single-image--align-center\"><div class=\"vce vce-single-image-wrapper\" id=\"el-bfbb097f\" data-vce-do-apply=\"all el-bfbb097f\"><figure><div class=\"vce-single-image-inner vce-single-image--absolute\" style=\"padding-bottom: 8.63579%; width: 799px;\"><img class=\"vce-single-image\" width=\"799\" height=\"69\"src=\"https:\/\/growbrands.net\/neworder\/wp-content\/uploads\/2026\/01\/separador.button-799x69.jpg\" srcset=\"https:\/\/growbrands.net\/neworder\/wp-content\/uploads\/2026\/01\/separador.button-320x28.jpg 320w,https:\/\/growbrands.net\/neworder\/wp-content\/uploads\/2026\/01\/separador.button-480x41.jpg 480w,https:\/\/growbrands.net\/neworder\/wp-content\/uploads\/2026\/01\/separador.button-799x69.jpg 799w\" data-img-src=\"https:\/\/growbrands.net\/neworder\/wp-content\/uploads\/2020\/12\/separador.button.jpg\" alt=\"\" title=\"separador.button\" \/><\/div><figcaption hidden=\"\"><\/figcaption><\/figure><\/div><\/div><\/div><\/div><\/div><\/div><\/div><\/div><\/div><\/div><\/div><\/div><\/div><\/div><div class=\"vce-row-container\"><div class=\"vce-row vce-row--col-gap-30 vce-row-columns--top vce-row-content--top\" id=\"el-7be4afd4\" data-vce-do-apply=\"all el-7be4afd4\"><div class=\"vce-row-content\" data-vce-element-content=\"true\"><div class=\"vce-col vce-col--md-auto vce-col--xs-1 vce-col--xs-last vce-col--xs-first vce-col--sm-last vce-col--sm-first vce-col--md-last vce-col--lg-last vce-col--xl-last vce-col--md-first vce-col--lg-first vce-col--xl-first\" id=\"el-07809c5e\"><div class=\"vce-col-inner\" data-vce-do-apply=\"border margin background  el-07809c5e\"><div class=\"vce-col-content\" data-vce-element-content=\"true\" data-vce-do-apply=\"padding el-07809c5e\"><div class=\"vce-widgets-container\"><div class=\"vce vce-widgets-wrapper\" id=\"el-21000ce6\" data-vce-do-apply=\"all el-21000ce6\"><div class=\"textwidget custom-html-widget\"><div style=\"text-align; background-color:#000;\">\n<p style=\"text-align: center;\"><a href=\"http:\/\/www.neworder.menu\" target=\"_blank\" style=\"text-decoration:none;\"><span style=\"color:#ffffff;\">New Order: QR Digital Menu <br By Grow Brands<\/span><\/a><\/p>\n\t<\/div><\/div><\/div><\/div><\/div><\/div><\/div><\/div><\/div><\/div><\/div><\/div><\/div><\/div><\/div><\/div>\n","protected":false},"excerpt":{"rendered":"<p>Esencia Spa nivel -3&nbsp; Se requiere realizar reserva al 9815 o v\u00eda WhatsApp al 3516597199, para tratamientos, masajes, circuito h\u00eddrico y gimnasio.&nbsp; Horarios Circuito H\u00eddrico y Terapias: Todos los d\u00edas de 10:00 a 19:00 hs &nbsp;Horario exclusivo menores de 15 a\u00f1os en vacaciones de invierno:&nbsp; &hellip; <\/p>\n","protected":false},"author":34,"featured_media":0,"parent":0,"menu_order":0,"comment_status":"closed","ping_status":"closed","template":"","meta":{"_monsterinsights_skip_tracking":false,"_monsterinsights_sitenote_active":false,"_monsterinsights_sitenote_note":"","_monsterinsights_sitenote_category":0,"footnotes":""},"coauthors":[77,130],"class_list":["post-17338","page","type-page","status-publish","hentry"],"_links":{"self":[{"href":"https:\/\/growbrands.net\/neworder\/wp-json\/wp\/v2\/pages\/17338","targetHints":{"allow":["GET"]}}],"collection":[{"href":"https:\/\/growbrands.net\/neworder\/wp-json\/wp\/v2\/pages"}],"about":[{"href":"https:\/\/growbrands.net\/neworder\/wp-json\/wp\/v2\/types\/page"}],"author":[{"embeddable":true,"href":"https:\/\/growbrands.net\/neworder\/wp-json\/wp\/v2\/users\/34"}],"replies":[{"embeddable":true,"href":"https:\/\/growbrands.net\/neworder\/wp-json\/wp\/v2\/comments?post=17338"}],"version-history":[{"count":34,"href":"https:\/\/growbrands.net\/neworder\/wp-json\/wp\/v2\/pages\/17338\/revisions"}],"predecessor-version":[{"id":89435,"href":"https:\/\/growbrands.net\/neworder\/wp-json\/wp\/v2\/pages\/17338\/revisions\/89435"}],"wp:attachment":[{"href":"https:\/\/growbrands.net\/neworder\/wp-json\/wp\/v2\/media?parent=17338"}],"wp:term":[{"taxonomy":"author","embeddable":true,"href":"https:\/\/growbrands.net\/neworder\/wp-json\/wp\/v2\/coauthors?post=17338"}],"curies":[{"name":"wp","href":"https:\/\/api.w.org\/{rel}","templated":true}]}}