{"id":17300,"date":"2021-01-08T21:23:22","date_gmt":"2021-01-09T00:23:22","guid":{"rendered":"https:\/\/growbrands.net\/neworder\/?page_id=17300"},"modified":"2026-01-02T17:30:45","modified_gmt":"2026-01-02T20:30:45","slug":"pueblo-nativo-masajes-especiales","status":"publish","type":"page","link":"https:\/\/growbrands.net\/neworder\/pueblo-nativo-masajes-especiales\/","title":{"rendered":"Pueblo Nativo &#8211; Masajes especiales"},"content":{"rendered":"<div class=\"vce-row-container\"><div class=\"vce-row vce-row--col-gap-30 vce-row-columns--top vce-row-content--top\" id=\"el-1075bb4e\" data-vce-do-apply=\"all el-1075bb4e\"><div class=\"vce-row-content\" data-vce-element-content=\"true\"><div class=\"vce-col vce-col--md-auto vce-col--xs-1 vce-col--xs-last vce-col--xs-first vce-col--sm-last vce-col--sm-first vce-col--md-last vce-col--lg-last vce-col--xl-last vce-col--md-first vce-col--lg-first vce-col--xl-first\" id=\"el-e8a62c0f\"><div class=\"vce-col-inner\" data-vce-do-apply=\"border margin background  el-e8a62c0f\"><div class=\"vce-col-content\" data-vce-element-content=\"true\" data-vce-do-apply=\"padding el-e8a62c0f\"><div class=\"vce-row-container\"><div class=\"vce-row vce-row--col-gap-30 vce-row-columns--top vce-row-content--top\" id=\"el-934aaa71\" data-vce-do-apply=\"all el-934aaa71\"><div class=\"vce-row-content\" data-vce-element-content=\"true\"><div class=\"vce-col vce-col--md-auto vce-col--xs-1 vce-col--xs-last vce-col--xs-first vce-col--sm-last vce-col--sm-first vce-col--md-last vce-col--lg-last vce-col--xl-last vce-col--md-first vce-col--lg-first vce-col--xl-first\" id=\"el-8137a096\"><div class=\"vce-col-inner\" data-vce-do-apply=\"border margin background  el-8137a096\"><div class=\"vce-col-content\" data-vce-element-content=\"true\" data-vce-do-apply=\"padding el-8137a096\"><div class=\"vce-single-image-container vce-single-image--align-center\"><div class=\"vce vce-single-image-wrapper\" id=\"el-98d42cdd\" data-vce-do-apply=\"all el-98d42cdd\"><figure><div class=\"vce-single-image-inner vce-single-image--absolute\" style=\"padding-bottom: 27.7815%; width: 1501px;\"><img class=\"vce-single-image\" src=\"https:\/\/growbrands.net\/neworder\/wp-content\/uploads\/2025\/08\/banner-masajes-25.jpg\" data-img-src=\"https:\/\/growbrands.net\/neworder\/wp-content\/uploads\/2025\/08\/banner-masajes-25.jpg\" alt=\"\" title=\"banner masajes-25\"><\/div><figcaption hidden=\"\"><\/figcaption><\/figure><\/div><\/div><\/div><\/div><\/div><\/div><\/div><\/div><div class=\"vce-row-container\"><div class=\"vce-row vce-row--col-gap-30 vce-row-columns--top vce-row-content--top\" id=\"el-0d6cbe74\" data-vce-do-apply=\"all el-0d6cbe74\"><div class=\"vce-row-content\" data-vce-element-content=\"true\"><div class=\"vce-col vce-col--md-auto vce-col--xs-1 vce-col--xs-last vce-col--xs-first vce-col--sm-last vce-col--sm-first vce-col--md-last vce-col--lg-last vce-col--xl-last vce-col--md-first vce-col--lg-first vce-col--xl-first\" id=\"el-c4c0af0e\"><div class=\"vce-col-inner\" data-vce-do-apply=\"border margin background  el-c4c0af0e\"><div class=\"vce-col-content\" data-vce-element-content=\"true\" data-vce-do-apply=\"padding el-c4c0af0e\"><div class=\"vce-row-container\"><div class=\"vce-row vce-row--col-gap-30 vce-row-columns--top vce-row-content--top\" id=\"el-e14b5156\" data-vce-do-apply=\"all el-e14b5156\"><div class=\"vce-content-background-container\"><\/div><div class=\"vce-row-content\" data-vce-element-content=\"true\"><div class=\"vce-col vce-col--md-auto vce-col--xs-1 vce-col--xs-last vce-col--xs-first vce-col--sm-last vce-col--sm-first vce-col--md-last vce-col--lg-last vce-col--xl-last vce-col--md-first vce-col--lg-first vce-col--xl-first\" id=\"el-6d221ad7\"><div class=\"vce-col-inner\" data-vce-do-apply=\"border margin background  el-6d221ad7\"><div class=\"vce-col-content\" data-vce-element-content=\"true\" data-vce-do-apply=\"padding el-6d221ad7\"><div class=\"vce-text-block\"><div class=\"vce-text-block-wrapper vce\" id=\"el-7838ab7c\" data-vce-do-apply=\"all el-7838ab7c\"><div class=\"subtitulo\" style=\"text-align: center;\">Esencia Spa nivel -3&nbsp;<\/div>\n<div class=\"subtitulo\" style=\"text-align: center;\">Se requiere realizar reserva al <strong>9815<\/strong> o v\u00eda WhatsApp al <strong>3516597199<\/strong>, para tratamientos, masajes, circuito h\u00eddrico y gimnasio.&nbsp;<\/div>\n<div class=\"subtitulo\" style=\"text-align: center;\">Horarios Circuito H\u00eddrico y Terapias: Todos los d\u00edas de 10:00 a 19:00 hs<\/div>\n<div class=\"subtitulo\" style=\"text-align: center;\">Horario exclusivo menores de 15 a\u00f1os durante las vacaciones de invierno:<\/div>\n<div class=\"subtitulo\" style=\"text-align: center;\">10:00 a 16:00 hs<\/div><\/div><\/div><\/div><\/div><\/div><\/div><\/div><\/div><div class=\"vce-row-container\"><div class=\"vce-row vce-element--has-background vce-row--col-gap-30 vce-row-columns--top vce-row-content--top\" id=\"el-920bf6e0\" data-vce-do-apply=\"all el-920bf6e0\"><div class=\"vce-content-background-container\"><\/div><div class=\"vce-row-content\" data-vce-element-content=\"true\"><div class=\"vce-col vce-col--md-auto vce-col--xs-1 vce-col--xs-last vce-col--xs-first vce-col--sm-last vce-col--sm-first vce-col--md-last vce-col--lg-last vce-col--xl-last vce-col--md-first vce-col--lg-first vce-col--xl-first\" id=\"el-91cebc40\"><div class=\"vce-col-inner\" data-vce-do-apply=\"border margin background  el-91cebc40\"><div class=\"vce-col-content\" data-vce-element-content=\"true\" data-vce-do-apply=\"padding el-91cebc40\"><div class=\"vce-text-block\"><div class=\"vce-text-block-wrapper vce\" id=\"el-c95b49aa\" data-vce-do-apply=\"all el-c95b49aa\"><div class=\"subtitulo\" style=\"text-align: left;\"><span style=\"font-size: 26.6667px;\">Bienestar Nativo<\/span><\/div><\/div><\/div><div class=\"vce-text-block\"><div class=\"vce-text-block-wrapper vce\" id=\"el-3e75e261\" data-vce-do-apply=\"all el-3e75e261\"><p style=\"font-size: 16px; font-weight: 400; text-align: left;\">Nuestro masaje comienza con una delicada terapia facial, continuamos con un masaje relajante de cuerpo completo y finalizamos con una placentera sesi\u00f3n de reflexolog\u00eda podal. Una experiencia sensorial para renovarte por completo.&nbsp;<br><em>Duraci\u00f3n: 50 min<\/em><\/p>\n<p style=\"font-size: 16px; font-weight: 400; text-align: left;\"><strong>$80.000<\/strong><\/p><\/div><\/div><\/div><\/div><\/div><\/div><\/div><\/div><div class=\"vce-row-container\"><div class=\"vce-row vce-element--has-background vce-row--col-gap-30 vce-row-columns--top vce-row-content--top\" id=\"el-9a37d11d\" data-vce-do-apply=\"all el-9a37d11d\"><div class=\"vce-content-background-container\"><\/div><div class=\"vce-row-content\" data-vce-element-content=\"true\"><div class=\"vce-col vce-col--md-auto vce-col--xs-1 vce-col--xs-last vce-col--xs-first vce-col--sm-last vce-col--sm-first vce-col--md-last vce-col--lg-last vce-col--xl-last vce-col--md-first vce-col--lg-first vce-col--xl-first\" id=\"el-b44abc73\"><div class=\"vce-col-inner\" data-vce-do-apply=\"border margin background  el-b44abc73\"><div class=\"vce-col-content\" data-vce-element-content=\"true\" data-vce-do-apply=\"padding el-b44abc73\"><div class=\"vce-text-block\"><div class=\"vce-text-block-wrapper vce\" id=\"el-2150eebe\" data-vce-do-apply=\"all el-2150eebe\"><div class=\"subtitulo\" style=\"text-align: left;\"><span style=\"font-size: 26.6667px;\">Reflexolog\u00eda<\/span><\/div><\/div><\/div><div class=\"vce-text-block\"><div class=\"vce-text-block-wrapper vce\" id=\"el-698beb82\" data-vce-do-apply=\"all el-698beb82\"><p>Podal: produce un efecto relajante que ayuda a eliminar el estr\u00e9s y facilita la relajaci\u00f3n f\u00edscia y mental. Estimula la circulaci\u00f3n sangu\u00ednea y linf\u00e1tica. Potencia el sistema inmunol\u00f3gico y el potencial de autosanaci\u00f3n del cuerpo. Regula el buen funcionamiento de los \u00f3rganos. Facial: produce un efecto relajante que ayuda a eliminar el estr\u00e9s y facilita la relajaci\u00f3n f\u00edscia y mental. Act\u00faa sobre la relajaci\u00f3n del sistema nervioso. <br><em>Duraci\u00f3n: 40 min<\/em><\/p>\n<p><strong>$58.000<\/strong><\/p><\/div><\/div><\/div><\/div><\/div><\/div><\/div><\/div><div class=\"vce-row-container\"><div class=\"vce-row vce-element--has-background vce-row--col-gap-30 vce-row-columns--top vce-row-content--top\" id=\"el-48362db7\" data-vce-do-apply=\"all el-48362db7\"><div class=\"vce-content-background-container\"><\/div><div class=\"vce-row-content\" data-vce-element-content=\"true\"><div class=\"vce-col vce-col--md-auto vce-col--xs-1 vce-col--xs-last vce-col--xs-first vce-col--sm-last vce-col--sm-first vce-col--md-last vce-col--lg-last vce-col--xl-last vce-col--md-first vce-col--lg-first vce-col--xl-first\" id=\"el-8bade09a\"><div class=\"vce-col-inner\" data-vce-do-apply=\"border margin background  el-8bade09a\"><div class=\"vce-col-content\" data-vce-element-content=\"true\" data-vce-do-apply=\"padding el-8bade09a\"><div class=\"vce-text-block\"><div class=\"vce-text-block-wrapper vce\" id=\"el-2c5f8dce\" data-vce-do-apply=\"all el-2c5f8dce\"><div class=\"subtitulo\" style=\"text-align: left;\"><span style=\"font-size: 26.6667px;\">Spa Suite para 2<\/span><\/div><\/div><\/div><div class=\"vce-text-block\"><div class=\"vce-text-block-wrapper vce\" id=\"el-7f63bcee\" data-vce-do-apply=\"all el-7f63bcee\"><h2><span style=\"font-size: 16px; font-weight: normal;\">En nuestro exclusivo SPA SUITE podr\u00e1s disfrutar de una excelente vista a las Sierras mientras te relajas en el hidromasaje.<\/span><\/h2>\n<p>Equipado con sauna seco y ducha&nbsp; escocesa, el gabinete privado ofrece la posibilidad de compartir momentos de relajaci\u00f3n combinado con aromaterapia.&nbsp;<br>Incluye un masaje:&nbsp; Descontracturante \/ relajante (40min.)para la pareja.&nbsp;<\/p>\n<p><em>Duraci\u00f3n: 150 min<\/em><\/p>\n<p><strong>$120.000<\/strong><\/p>\n<p>&nbsp;<\/p><\/div><\/div><\/div><\/div><\/div><\/div><\/div><\/div><div class=\"vce-row-container\"><div class=\"vce-row vce-row--col-gap-30 vce-row-columns--top vce-row-content--top\" id=\"el-36693b55\" data-vce-do-apply=\"all el-36693b55\"><div class=\"vce-row-content\" data-vce-element-content=\"true\"><div class=\"vce-col vce-col--md-auto vce-col--xs-1 vce-col--xs-last vce-col--xs-first vce-col--sm-last vce-col--sm-first vce-col--md-last vce-col--lg-last vce-col--xl-last vce-col--md-first vce-col--lg-first vce-col--xl-first\" id=\"el-199dda5b\"><div class=\"vce-col-inner\" data-vce-do-apply=\"border margin background  el-199dda5b\"><div class=\"vce-col-content\" data-vce-element-content=\"true\" data-vce-do-apply=\"padding el-199dda5b\"><div class=\"vce-button--style-outline-container vce-button--style-outline-container--align-center\"><span class=\"vce-button--style-outline-wrapper vce\" id=\"el-b8f214e2\" data-vce-do-apply=\"margin el-b8f214e2\"><a class=\"vce-button--style-outline-animated vce-button--style-outline--border-round vce-button--style-outline--size-medium vce-button--style-outline-animated--color-b-142-123-108--fff--3d3d3d vce-button--style-outline-animated--border-color-b-142-123-108--3d3d3d vce-button--style-outline-animated--background-color-3d3d3d\" href=\"https:\/\/growbrands.net\/neworder\/pueblo-nativo-esencia-spa\/\" title=\"\" data-vce-do-apply=\"padding border background  el-b8f214e2\"><span class=\"vce-button--style-outline-text\">VOLVER<\/span><\/a><\/span><\/div><div class=\"vce-single-image-container vce-single-image--align-center\"><div class=\"vce vce-single-image-wrapper\" id=\"el-352b37b2\" data-vce-do-apply=\"all el-352b37b2\"><figure><div class=\"vce-single-image-inner vce-single-image--absolute\" style=\"padding-bottom: 8.63579%; width: 799px;\"><img class=\"vce-single-image\" width=\"799\" height=\"69\"src=\"https:\/\/growbrands.net\/neworder\/wp-content\/uploads\/2026\/01\/separador.button-799x69.jpg\" srcset=\"https:\/\/growbrands.net\/neworder\/wp-content\/uploads\/2026\/01\/separador.button-320x28.jpg 320w,https:\/\/growbrands.net\/neworder\/wp-content\/uploads\/2026\/01\/separador.button-480x41.jpg 480w,https:\/\/growbrands.net\/neworder\/wp-content\/uploads\/2026\/01\/separador.button-799x69.jpg 799w\" data-img-src=\"https:\/\/growbrands.net\/neworder\/wp-content\/uploads\/2020\/12\/separador.button.jpg\" alt=\"\" title=\"separador.button\" \/><\/div><figcaption hidden=\"\"><\/figcaption><\/figure><\/div><\/div><\/div><\/div><\/div><\/div><\/div><\/div><\/div><\/div><\/div><\/div><\/div><\/div><div class=\"vce-row-container\"><div class=\"vce-row vce-row--col-gap-30 vce-row-columns--top vce-row-content--top\" id=\"el-7be4afd4\" data-vce-do-apply=\"all el-7be4afd4\"><div class=\"vce-row-content\" data-vce-element-content=\"true\"><div class=\"vce-col vce-col--md-auto vce-col--xs-1 vce-col--xs-last vce-col--xs-first vce-col--sm-last vce-col--sm-first vce-col--md-last vce-col--lg-last vce-col--xl-last vce-col--md-first vce-col--lg-first vce-col--xl-first\" id=\"el-07809c5e\"><div class=\"vce-col-inner\" data-vce-do-apply=\"border margin background  el-07809c5e\"><div class=\"vce-col-content\" data-vce-element-content=\"true\" data-vce-do-apply=\"padding el-07809c5e\"><div class=\"vce-widgets-container\"><div class=\"vce vce-widgets-wrapper\" id=\"el-21000ce6\" data-vce-do-apply=\"all el-21000ce6\"><div class=\"textwidget custom-html-widget\"><div style=\"text-align; background-color:#000;\">\n<p style=\"text-align: center;\"><a href=\"http:\/\/www.neworder.menu\" target=\"_blank\" style=\"text-decoration:none;\"><span style=\"color:#ffffff;\">New Order: QR Digital Menu <br By Grow Brands<\/span><\/a><\/p>\n\t<\/div><\/div><\/div><\/div><\/div><\/div><\/div><\/div><\/div><\/div><\/div><\/div><\/div><\/div><\/div><\/div>\n","protected":false},"excerpt":{"rendered":"<p>Esencia Spa nivel -3&nbsp; Se requiere realizar reserva al 9815 o v\u00eda WhatsApp al 3516597199, para tratamientos, masajes, circuito h\u00eddrico y gimnasio.&nbsp; Horarios Circuito H\u00eddrico y Terapias: Todos los d\u00edas de 10:00 a 19:00 hs Horario exclusivo menores de 15 a\u00f1os durante las vacaciones de &hellip; <\/p>\n","protected":false},"author":34,"featured_media":0,"parent":0,"menu_order":0,"comment_status":"closed","ping_status":"closed","template":"","meta":{"_monsterinsights_skip_tracking":false,"_monsterinsights_sitenote_active":false,"_monsterinsights_sitenote_note":"","_monsterinsights_sitenote_category":0,"footnotes":""},"coauthors":[77,130],"class_list":["post-17300","page","type-page","status-publish","hentry"],"_links":{"self":[{"href":"https:\/\/growbrands.net\/neworder\/wp-json\/wp\/v2\/pages\/17300","targetHints":{"allow":["GET"]}}],"collection":[{"href":"https:\/\/growbrands.net\/neworder\/wp-json\/wp\/v2\/pages"}],"about":[{"href":"https:\/\/growbrands.net\/neworder\/wp-json\/wp\/v2\/types\/page"}],"author":[{"embeddable":true,"href":"https:\/\/growbrands.net\/neworder\/wp-json\/wp\/v2\/users\/34"}],"replies":[{"embeddable":true,"href":"https:\/\/growbrands.net\/neworder\/wp-json\/wp\/v2\/comments?post=17300"}],"version-history":[{"count":89,"href":"https:\/\/growbrands.net\/neworder\/wp-json\/wp\/v2\/pages\/17300\/revisions"}],"predecessor-version":[{"id":89433,"href":"https:\/\/growbrands.net\/neworder\/wp-json\/wp\/v2\/pages\/17300\/revisions\/89433"}],"wp:attachment":[{"href":"https:\/\/growbrands.net\/neworder\/wp-json\/wp\/v2\/media?parent=17300"}],"wp:term":[{"taxonomy":"author","embeddable":true,"href":"https:\/\/growbrands.net\/neworder\/wp-json\/wp\/v2\/coauthors?post=17300"}],"curies":[{"name":"wp","href":"https:\/\/api.w.org\/{rel}","templated":true}]}}