{"id":17160,"date":"2021-01-08T18:04:52","date_gmt":"2021-01-08T21:04:52","guid":{"rendered":"https:\/\/growbrands.net\/neworder\/?page_id=17160"},"modified":"2026-01-02T17:29:51","modified_gmt":"2026-01-02T20:29:51","slug":"pueblo-nativo-esencia-masajes","status":"publish","type":"page","link":"https:\/\/growbrands.net\/neworder\/pueblo-nativo-esencia-masajes\/","title":{"rendered":"Pueblo Nativo &#8211; Esencia masajes"},"content":{"rendered":"<div class=\"vce-row-container\"><div class=\"vce-row vce-row--col-gap-30 vce-row-columns--top vce-row-content--top\" id=\"el-1075bb4e\" data-vce-do-apply=\"all el-1075bb4e\"><div class=\"vce-row-content\" data-vce-element-content=\"true\"><div class=\"vce-col vce-col--md-auto vce-col--xs-1 vce-col--xs-last vce-col--xs-first vce-col--sm-last vce-col--sm-first vce-col--md-last vce-col--lg-last vce-col--xl-last vce-col--md-first vce-col--lg-first vce-col--xl-first\" id=\"el-e8a62c0f\"><div class=\"vce-col-inner\" data-vce-do-apply=\"border margin background  el-e8a62c0f\"><div class=\"vce-col-content\" data-vce-element-content=\"true\" data-vce-do-apply=\"padding el-e8a62c0f\"><div class=\"vce-row-container\"><div class=\"vce-row vce-row--col-gap-30 vce-row-columns--top vce-row-content--top\" id=\"el-934aaa71\" data-vce-do-apply=\"all el-934aaa71\"><div class=\"vce-row-content\" data-vce-element-content=\"true\"><div class=\"vce-col vce-col--md-auto vce-col--xs-1 vce-col--xs-last vce-col--xs-first vce-col--sm-last vce-col--sm-first vce-col--md-last vce-col--lg-last vce-col--xl-last vce-col--md-first vce-col--lg-first vce-col--xl-first\" id=\"el-8137a096\"><div class=\"vce-col-inner\" data-vce-do-apply=\"border margin background  el-8137a096\"><div class=\"vce-col-content\" data-vce-element-content=\"true\" data-vce-do-apply=\"padding el-8137a096\"><div class=\"vce-single-image-container vce-single-image--align-center\"><div class=\"vce vce-single-image-wrapper\" id=\"el-98d42cdd\" data-vce-do-apply=\"all el-98d42cdd\"><figure><div class=\"vce-single-image-inner vce-single-image--absolute\" style=\"padding-bottom: 27.7815%; width: 1501px;\"><img class=\"vce-single-image\" src=\"https:\/\/growbrands.net\/neworder\/wp-content\/uploads\/2025\/08\/banner-masajes-24.jpg\" data-img-src=\"https:\/\/growbrands.net\/neworder\/wp-content\/uploads\/2025\/08\/banner-masajes-24.jpg\" alt=\"\" title=\"banner masajes-24\"><\/div><figcaption hidden=\"\"><\/figcaption><\/figure><\/div><\/div><\/div><\/div><\/div><\/div><\/div><\/div><div class=\"vce-row-container\"><div class=\"vce-row vce-row--col-gap-30 vce-row-columns--top vce-row-content--top\" id=\"el-0d6cbe74\" data-vce-do-apply=\"all el-0d6cbe74\"><div class=\"vce-row-content\" data-vce-element-content=\"true\"><div class=\"vce-col vce-col--md-auto vce-col--xs-1 vce-col--xs-last vce-col--xs-first vce-col--sm-last vce-col--sm-first vce-col--md-last vce-col--lg-last vce-col--xl-last vce-col--md-first vce-col--lg-first vce-col--xl-first\" id=\"el-c4c0af0e\"><div class=\"vce-col-inner\" data-vce-do-apply=\"border margin background  el-c4c0af0e\"><div class=\"vce-col-content\" data-vce-element-content=\"true\" data-vce-do-apply=\"padding el-c4c0af0e\"><div class=\"vce-row-container\"><div class=\"vce-row vce-row--col-gap-30 vce-row-columns--top vce-row-content--top\" id=\"el-29630d44\" data-vce-do-apply=\"all el-29630d44\"><div class=\"vce-content-background-container\"><\/div><div class=\"vce-row-content\" data-vce-element-content=\"true\"><div class=\"vce-col vce-col--md-auto vce-col--xs-1 vce-col--xs-last vce-col--xs-first vce-col--sm-last vce-col--sm-first vce-col--md-last vce-col--lg-last vce-col--xl-last vce-col--md-first vce-col--lg-first vce-col--xl-first\" id=\"el-12a9c4c9\"><div class=\"vce-col-inner\" data-vce-do-apply=\"border margin background  el-12a9c4c9\"><div class=\"vce-col-content\" data-vce-element-content=\"true\" data-vce-do-apply=\"padding el-12a9c4c9\"><div class=\"vce-text-block\"><div class=\"vce-text-block-wrapper vce\" id=\"el-edf1e597\" data-vce-do-apply=\"all el-edf1e597\"><div class=\"subtitulo\" style=\"text-align: center;\">Esencia Spa nivel -3&nbsp;<\/div>\n<div class=\"subtitulo\" style=\"text-align: center;\">Se requiere realizar reserva al <strong>9815<\/strong> o v\u00eda WhatsApp al <span style=\"font-size: 26.6667px;\"><strong>3516 597 199<\/strong><\/span>, para tratamientos, masajes, circuito h\u00eddrico y gimnasio.&nbsp;<\/div>\n<div class=\"subtitulo\" style=\"text-align: center;\">Horarios Circuito H\u00eddrico y Terapias: Todos los d\u00edas de 10:00 a 19:00 hs<\/div>\n<div class=\"subtitulo\" style=\"text-align: center;\">&nbsp;Horario exclusivo menores de 15 a\u00f1os : Todos los d\u00edas de 10:00 a 16:00 hs&nbsp;<\/div><\/div><\/div><\/div><\/div><\/div><\/div><\/div><\/div><div class=\"vce-row-container\"><div class=\"vce-row vce-row--col-gap-30 vce-row-columns--top vce-row-content--top\" id=\"el-4fe3c21a\" data-vce-do-apply=\"all el-4fe3c21a\"><div class=\"vce-row-content\" data-vce-element-content=\"true\"><div class=\"vce-col vce-col--md-auto vce-col--xs-1 vce-col--xs-last vce-col--xs-first vce-col--sm-last vce-col--sm-first vce-col--md-last vce-col--lg-last vce-col--xl-last vce-col--md-first vce-col--lg-first vce-col--xl-first\" id=\"el-9ddd0278\"><div class=\"vce-col-inner\" data-vce-do-apply=\"border margin background  el-9ddd0278\"><div class=\"vce-col-content\" data-vce-element-content=\"true\" data-vce-do-apply=\"padding el-9ddd0278\"><div class=\"vce-text-block\"><div class=\"vce-text-block-wrapper vce\" id=\"el-8d029a93\" data-vce-do-apply=\"all el-8d029a93\"><div class=\"subtitulo\" style=\"text-align: left;\">Descontracturante<\/div><\/div><\/div><div class=\"vce-text-block\"><div class=\"vce-text-block-wrapper vce\" id=\"el-ca0d2620\" data-vce-do-apply=\"all el-ca0d2620\"><p>Genera alivio en todo el cuerpo y zonas espec\u00edficas. Masaje de cuerpo completo, alivia tensi\u00f3n eliminando contracturas.<br><em>Duraci\u00f3n: 50 min.&nbsp;<\/em><\/p>\n<p><strong>$55.000<\/strong><\/p><\/div><\/div><\/div><\/div><\/div><\/div><\/div><\/div><div class=\"vce-row-container\"><div class=\"vce-row vce-row--col-gap-30 vce-row-columns--top vce-row-content--top\" id=\"el-e0ab944e\" data-vce-do-apply=\"all el-e0ab944e\"><div class=\"vce-row-content\" data-vce-element-content=\"true\"><div class=\"vce-col vce-col--md-auto vce-col--xs-1 vce-col--xs-last vce-col--xs-first vce-col--sm-last vce-col--sm-first vce-col--md-last vce-col--lg-last vce-col--xl-last vce-col--md-first vce-col--lg-first vce-col--xl-first\" id=\"el-16be4351\"><div class=\"vce-col-inner\" data-vce-do-apply=\"border margin background  el-16be4351\"><div class=\"vce-col-content\" data-vce-element-content=\"true\" data-vce-do-apply=\"padding el-16be4351\"><div class=\"vce-text-block\"><div class=\"vce-text-block-wrapper vce\" id=\"el-8839d9e1\" data-vce-do-apply=\"all el-8839d9e1\"><div class=\"subtitulo\" style=\"text-align: left;\"><span style=\"font-family: 'EB Garamond';\">Bioenerg\u00e9tico relajante<\/span><\/div><\/div><\/div><div class=\"vce-text-block\"><div class=\"vce-text-block-wrapper vce\" id=\"el-53d45b62\" data-vce-do-apply=\"all el-53d45b62\"><p>Se combinan diferentes t\u00e9cnicas.&nbsp; Masaje relajante de cuerpo completo.<\/p>\n<p>Activaci\u00f3n y circulaci\u00f3n en piernas y activaci\u00f3n en plexo solar y sistema digestivo.<\/p>\n<p><strong>$55.000<\/strong><\/p><\/div><\/div><\/div><\/div><\/div><\/div><\/div><\/div><div class=\"vce-row-container\"><div class=\"vce-row vce-row--col-gap-30 vce-row-columns--top vce-row-content--top\" id=\"el-239a6922\" data-vce-do-apply=\"all el-239a6922\"><div class=\"vce-row-content\" data-vce-element-content=\"true\"><div class=\"vce-col vce-col--md-auto vce-col--xs-1 vce-col--xs-last vce-col--xs-first vce-col--sm-last vce-col--sm-first vce-col--md-last vce-col--lg-last vce-col--xl-last vce-col--md-first vce-col--lg-first vce-col--xl-first\" id=\"el-3c78f5cf\"><div class=\"vce-col-inner\" data-vce-do-apply=\"border margin background  el-3c78f5cf\"><div class=\"vce-col-content\" data-vce-element-content=\"true\" data-vce-do-apply=\"padding el-3c78f5cf\"><div class=\"vce-text-block\"><div class=\"vce-text-block-wrapper vce\" id=\"el-a8263346\" data-vce-do-apply=\"all el-a8263346\"><div class=\"subtitulo\" style=\"text-align: left;\"><span style=\"font-family: 'EB Garamond';\">Bioenerg\u00e9tico con reflexolog\u00eda podal<\/span><\/div><\/div><\/div><div class=\"vce-text-block\"><div class=\"vce-text-block-wrapper vce\" id=\"el-a56202cd\" data-vce-do-apply=\"all el-a56202cd\"><p>Se combinan diferentes t\u00e9cnicas: reflexolog\u00eda podal, activaci\u00f3n y circulaci\u00f3n en piernas, descontracturante en espalda y cuello. Desbloquea cervicales, columna vertebral, sacro y caderas. Activaci\u00f3n en plexo solar, sistema digestivo e intestinal.<br><em>Duraci\u00f3n: 50 min<\/em><\/p>\n<p><strong>$60.000<\/strong><\/p><\/div><\/div><\/div><\/div><\/div><\/div><\/div><\/div><div class=\"vce-row-container\"><div class=\"vce-row vce-element--has-background vce-row--col-gap-30 vce-row-columns--top vce-row-content--top\" id=\"el-6015b897\" data-vce-do-apply=\"all el-6015b897\"><div class=\"vce-content-background-container\"><\/div><div class=\"vce-row-content\" data-vce-element-content=\"true\"><div class=\"vce-col vce-col--md-auto vce-col--xs-1 vce-col--xs-last vce-col--xs-first vce-col--sm-last vce-col--sm-first vce-col--md-last vce-col--lg-last vce-col--xl-last vce-col--md-first vce-col--lg-first vce-col--xl-first\" id=\"el-f309a6bb\"><div class=\"vce-col-inner\" data-vce-do-apply=\"border margin background  el-f309a6bb\"><div class=\"vce-col-content\" data-vce-element-content=\"true\" data-vce-do-apply=\"padding el-f309a6bb\"><div class=\"vce-text-block\"><div class=\"vce-text-block-wrapper vce\" id=\"el-f9a06209\" data-vce-do-apply=\"all el-f9a06209\"><div class=\"subtitulo\" style=\"text-align: left;\"><span style=\"font-family: 'EB Garamond';\">Con piedras calientes<\/span><\/div><\/div><\/div><div class=\"vce-text-block\"><div class=\"vce-text-block-wrapper vce\" id=\"el-189e5338\" data-vce-do-apply=\"all el-189e5338\"><p>Combina masaje terap\u00e9utico tradicional con aplicaci\u00f3n de piedras&nbsp; calientes sobre la piel para facilitar que fluya la energ\u00eda vital y aliviar trastornos f\u00edsicos y emocionales.<br><em>Duraci\u00f3n: 40 min<\/em><\/p>\n<p><strong>$60.000<\/strong><\/p><\/div><\/div><\/div><\/div><\/div><\/div><\/div><\/div><div class=\"vce-row-container\"><div class=\"vce-row vce-element--has-background vce-row--col-gap-30 vce-row-columns--top vce-row-content--top\" id=\"el-0828fd28\" data-vce-do-apply=\"all el-0828fd28\"><div class=\"vce-content-background-container\"><\/div><div class=\"vce-row-content\" data-vce-element-content=\"true\"><div class=\"vce-col vce-col--md-auto vce-col--xs-1 vce-col--xs-last vce-col--xs-first vce-col--sm-last vce-col--sm-first vce-col--md-last vce-col--lg-last vce-col--xl-last vce-col--md-first vce-col--lg-first vce-col--xl-first\" id=\"el-89c1421c\"><div class=\"vce-col-inner\" data-vce-do-apply=\"border margin background  el-89c1421c\"><div class=\"vce-col-content\" data-vce-element-content=\"true\" data-vce-do-apply=\"padding el-89c1421c\"><div class=\"vce-text-block\"><div class=\"vce-text-block-wrapper vce\" id=\"el-4f92fc09\" data-vce-do-apply=\"all el-4f92fc09\"><div class=\"subtitulo\" style=\"text-align: left;\"><span style=\"font-size: 26.6667px;\">Masaje a 4 manos<\/span><\/div><\/div><\/div><div class=\"vce-text-block\"><div class=\"vce-text-block-wrapper vce\" id=\"el-ba86c2af\" data-vce-do-apply=\"all el-ba86c2af\"><p>Espectacular masaje realizado por dos masajistas perfectamente sincronizadas que brindan a la persona que los recibe una relajaci\u00f3n con una sensaci\u00f3n \u00fanica. Cuatro manos expertas trabajando a la vez sobre tus m\u00fasculos con una coordinaci\u00f3n que permite la eliminaci\u00f3n de contracturas y molestias.&nbsp;<br><em>Duraci\u00f3n: 30 min<\/em><\/p>\n<p><strong>$80.000<\/strong><\/p><\/div><\/div><\/div><\/div><\/div><\/div><\/div><\/div><div class=\"vce-row-container\"><div class=\"vce-row vce-element--has-background vce-row--col-gap-30 vce-row-columns--top vce-row-content--top\" id=\"el-cc094e16\" data-vce-do-apply=\"all el-cc094e16\"><div class=\"vce-content-background-container\"><\/div><div class=\"vce-row-content\" data-vce-element-content=\"true\"><div class=\"vce-col vce-col--md-auto vce-col--xs-1 vce-col--xs-last vce-col--xs-first vce-col--sm-last vce-col--sm-first vce-col--md-last vce-col--lg-last vce-col--xl-last vce-col--md-first vce-col--lg-first vce-col--xl-first\" id=\"el-723d42ef\"><div class=\"vce-col-inner\" data-vce-do-apply=\"border margin background  el-723d42ef\"><div class=\"vce-col-content\" data-vce-element-content=\"true\" data-vce-do-apply=\"padding el-723d42ef\"><div class=\"vce-text-block\"><div class=\"vce-text-block-wrapper vce\" id=\"el-e35f7050\" data-vce-do-apply=\"all el-e35f7050\"><\/div><\/div><div class=\"vce-text-block\"><div class=\"vce-text-block-wrapper vce\" id=\"el-15b38c8f\" data-vce-do-apply=\"all el-15b38c8f\"><\/div><\/div><\/div><\/div><\/div><\/div><\/div><\/div><div class=\"vce-row-container\"><div class=\"vce-row vce-row--col-gap-30 vce-row-columns--top vce-row-content--top\" id=\"el-9d23cbef\" data-vce-do-apply=\"all el-9d23cbef\"><div class=\"vce-row-content\" data-vce-element-content=\"true\"><div class=\"vce-col vce-col--md-auto vce-col--xs-1 vce-col--xs-last vce-col--xs-first vce-col--sm-last vce-col--sm-first vce-col--md-last vce-col--lg-last vce-col--xl-last vce-col--md-first vce-col--lg-first vce-col--xl-first\" id=\"el-5ee48036\"><div class=\"vce-col-inner\" data-vce-do-apply=\"border margin background  el-5ee48036\"><div class=\"vce-col-content\" data-vce-element-content=\"true\" data-vce-do-apply=\"padding el-5ee48036\"><div class=\"vce-button--style-outline-container vce-button--style-outline-container--align-center\"><span class=\"vce-button--style-outline-wrapper vce\" id=\"el-93cfd4d2\" data-vce-do-apply=\"margin el-93cfd4d2\"><a class=\"vce-button--style-outline-animated vce-button--style-outline--border-round vce-button--style-outline--size-medium vce-button--style-outline-animated--color-b-142-123-108--fff--3d3d3d vce-button--style-outline-animated--border-color-b-142-123-108--3d3d3d vce-button--style-outline-animated--background-color-3d3d3d\" href=\"https:\/\/growbrands.net\/neworder\/pueblo-nativo-esencia-spa\/\" title=\"\" data-vce-do-apply=\"padding border background  el-93cfd4d2\"><span class=\"vce-button--style-outline-text\">VOLVER<\/span><\/a><\/span><\/div><div class=\"vce-single-image-container vce-single-image--align-center\"><div class=\"vce vce-single-image-wrapper\" id=\"el-8a664e26\" data-vce-do-apply=\"all el-8a664e26\"><figure><div class=\"vce-single-image-inner vce-single-image--absolute\" style=\"padding-bottom: 8.63579%; width: 799px;\"><img class=\"vce-single-image\" width=\"799\" height=\"69\"src=\"https:\/\/growbrands.net\/neworder\/wp-content\/uploads\/2026\/01\/separador.button-799x69.jpg\" srcset=\"https:\/\/growbrands.net\/neworder\/wp-content\/uploads\/2026\/01\/separador.button-320x28.jpg 320w,https:\/\/growbrands.net\/neworder\/wp-content\/uploads\/2026\/01\/separador.button-480x41.jpg 480w,https:\/\/growbrands.net\/neworder\/wp-content\/uploads\/2026\/01\/separador.button-799x69.jpg 799w\" data-img-src=\"https:\/\/growbrands.net\/neworder\/wp-content\/uploads\/2020\/12\/separador.button.jpg\" alt=\"\" title=\"separador.button\" \/><\/div><figcaption hidden=\"\"><\/figcaption><\/figure><\/div><\/div><\/div><\/div><\/div><\/div><\/div><\/div><\/div><\/div><\/div><\/div><\/div><\/div><div class=\"vce-row-container\"><div class=\"vce-row vce-row--col-gap-30 vce-row-columns--top vce-row-content--top\" id=\"el-7be4afd4\" data-vce-do-apply=\"all el-7be4afd4\"><div class=\"vce-row-content\" data-vce-element-content=\"true\"><div class=\"vce-col vce-col--md-auto vce-col--xs-1 vce-col--xs-last vce-col--xs-first vce-col--sm-last vce-col--sm-first vce-col--md-last vce-col--lg-last vce-col--xl-last vce-col--md-first vce-col--lg-first vce-col--xl-first\" id=\"el-07809c5e\"><div class=\"vce-col-inner\" data-vce-do-apply=\"border margin background  el-07809c5e\"><div class=\"vce-col-content\" data-vce-element-content=\"true\" data-vce-do-apply=\"padding el-07809c5e\"><div class=\"vce-widgets-container\"><div class=\"vce vce-widgets-wrapper\" id=\"el-21000ce6\" data-vce-do-apply=\"all el-21000ce6\"><div class=\"textwidget custom-html-widget\"><div style=\"text-align; background-color:#000;\">\n<p style=\"text-align: center;\"><a href=\"http:\/\/www.neworder.menu\" target=\"_blank\" style=\"text-decoration:none;\"><span style=\"color:#ffffff;\">New Order: QR Digital Menu <br By Grow Brands<\/span><\/a><\/p>\n\t<\/div><\/div><\/div><\/div><\/div><\/div><\/div><\/div><\/div><\/div><\/div><\/div><\/div><\/div><\/div><\/div>\n","protected":false},"excerpt":{"rendered":"<p>Esencia Spa nivel -3&nbsp; Se requiere realizar reserva al 9815 o v\u00eda WhatsApp al 3516 597 199, para tratamientos, masajes, circuito h\u00eddrico y gimnasio.&nbsp; Horarios Circuito H\u00eddrico y Terapias: Todos los d\u00edas de 10:00 a 19:00 hs &nbsp;Horario exclusivo menores de 15 a\u00f1os : Todos &hellip; <\/p>\n","protected":false},"author":34,"featured_media":0,"parent":0,"menu_order":0,"comment_status":"closed","ping_status":"closed","template":"","meta":{"_monsterinsights_skip_tracking":false,"_monsterinsights_sitenote_active":false,"_monsterinsights_sitenote_note":"","_monsterinsights_sitenote_category":0,"footnotes":""},"coauthors":[77,130],"class_list":["post-17160","page","type-page","status-publish","hentry"],"_links":{"self":[{"href":"https:\/\/growbrands.net\/neworder\/wp-json\/wp\/v2\/pages\/17160","targetHints":{"allow":["GET"]}}],"collection":[{"href":"https:\/\/growbrands.net\/neworder\/wp-json\/wp\/v2\/pages"}],"about":[{"href":"https:\/\/growbrands.net\/neworder\/wp-json\/wp\/v2\/types\/page"}],"author":[{"embeddable":true,"href":"https:\/\/growbrands.net\/neworder\/wp-json\/wp\/v2\/users\/34"}],"replies":[{"embeddable":true,"href":"https:\/\/growbrands.net\/neworder\/wp-json\/wp\/v2\/comments?post=17160"}],"version-history":[{"count":96,"href":"https:\/\/growbrands.net\/neworder\/wp-json\/wp\/v2\/pages\/17160\/revisions"}],"predecessor-version":[{"id":89432,"href":"https:\/\/growbrands.net\/neworder\/wp-json\/wp\/v2\/pages\/17160\/revisions\/89432"}],"wp:attachment":[{"href":"https:\/\/growbrands.net\/neworder\/wp-json\/wp\/v2\/media?parent=17160"}],"wp:term":[{"taxonomy":"author","embeddable":true,"href":"https:\/\/growbrands.net\/neworder\/wp-json\/wp\/v2\/coauthors?post=17160"}],"curies":[{"name":"wp","href":"https:\/\/api.w.org\/{rel}","templated":true}]}}